{"id":5239,"date":"2022-02-20T22:28:45","date_gmt":"2022-02-20T22:28:45","guid":{"rendered":"https:\/\/medicinasinc.com\/fr\/?post_type=product&#038;p=5239"},"modified":"2022-03-17T12:07:28","modified_gmt":"2022-03-17T12:07:28","slug":"acheter-magnus-mr-morphine-30mg-en-ligne","status":"publish","type":"product","link":"https:\/\/medicinasinc.com\/fr\/product\/acheter-magnus-mr-morphine-30mg-en-ligne\/","title":{"rendered":"Acheter Magnus MR Morphine 30mg en ligne"},"content":{"rendered":"<div id=\"productDescription\" class=\"productGeneral bigText\">\n<p>Magnus MR Morphine 30mg acheter en ligne<br \/> Magnus MR (Morphine Sulfate) 30 mg Capsule Acheter Magnus MR (Morphine Sulfate) 30 mg Capsule en toute s\u00e9curit\u00e9 en ligne<\/p>\n<p>Magnus MR (Sulfate de morphine) 30mg Capsule \u2013 Commande sans ordonnance \u2013 Livraison le lendemain<\/p>\n<p>Magnus MR (Sulfate de morphine) 30mg En vente aux \u00c9tats-Unis d&#8217;Am\u00e9rique \u2013 Pharmacie fiable de la douleur<\/p>\n<p>Magnus MR \u00e0 vendre (sulfate de morphine) 30mg en ligne aux prix les plus bas en EUROPE &amp; AM\u00c9RIQUE<\/p>\n<p>O\u00f9 et comment acheter en toute s\u00e9curit\u00e9 Magnus MR (sulfate de morphine) 30 mg en ligne aujourd&#8217;hui<\/p>\n<p>1. Rhotard Morphine SR 30mg Comprim\u00e9s Morphgesic SR 30mg Comprim\u00e9s \u00e0 vendre<\/p>\n<p>2. Composition en termes qualitatifs et quantitatifs<br \/> Morphgesic SR 30mg Comprim\u00e9s\/Rhotard Morphine SR 30mg Comprim\u00e9s<br \/> Chaque comprim\u00e9 contient 30 mg de sulfate de morphine.<br \/> Excipients \u00e0 effet bien d\u00e9fini :<br \/> Glucose (63.000 mg par comprim\u00e9).<\/p>\n<p>3. Formulation pharmacologique<br \/> Comprim\u00e9s \u00e0 lib\u00e9ration contr\u00f4l\u00e9e<br \/> Chaque comprim\u00e9 de 30 mg est un comprim\u00e9 pellicul\u00e9 rond biconvexe de couleur violette.<\/p>\n<p>4. Sp\u00e9cificit\u00e9s cliniques<br \/> 4.1 Indications d&#8217;utilisation<br \/> Les comprim\u00e9s Rhotard Morphine SR \/ Morphgesic SR sont destin\u00e9s \u00e0 l&#8217;adulte pour le traitement des douleurs intenses sur une dur\u00e9e prolong\u00e9e.<\/p>\n<p>4.2 Posologie et technique d&#8217;administration <br \/> Posologie Population p\u00e9diatrique<br \/> L&#8217;utilisation des pilules Rhotard Morphine SR \/ Morphgesic SR chez l&#8217;enfant est d\u00e9conseill\u00e9e.<\/p>\n<p>Adultes : La posologie est d\u00e9termin\u00e9e en fonction de l&#8217;intensit\u00e9 de la douleur et des ant\u00e9c\u00e9dents du patient d&#8217;utilisation antalgique. En r\u00e8gle g\u00e9n\u00e9rale, les comprim\u00e9s doivent \u00eatre pris deux fois par jour \u00e0 12 heures d&#8217;intervalle. Pour les patients souffrant de douleurs intenses, une dose initiale de un ou deux comprim\u00e9s de 10 mg (10 mg) deux fois par jour est indiqu\u00e9e. Il est recommand\u00e9 d&#8217;augmenter la dose de morphine \u00e0 mesure que l&#8217;intensit\u00e9 de la douleur augmente pour obtenir le soulagement souhait\u00e9. La posologie peut \u00eatre ajust\u00e9e en combinant des comprim\u00e9s de diff\u00e9rents dosages (10, 30, 60 et 100 mg) ou en utilisant seuls des comprim\u00e9s d&#8217;un dosage sup\u00e9rieur.<br \/> Il est sugg\u00e9r\u00e9 que les patients qui ont remplac\u00e9 une autre pr\u00e9paration orale de morphine ayant une biodisponibilit\u00e9 comparable \u00e0 celle de la morphine liquide orale re\u00e7oivent la m\u00eame dose totale de morphine sur une p\u00e9riode de 24 heures. Cette dose enti\u00e8re doit \u00eatre divis\u00e9e en deux et administr\u00e9e le matin et le soir. Une adaptation de la dose et un examen clinique peuvent \u00eatre n\u00e9cessaires.<br \/> Si un patient a re\u00e7u de la morphine par voie parent\u00e9rale avant de passer aux comprim\u00e9s Rhotard Morphine SR\/Morphgesic SR, une dose plus importante de morphine peut \u00eatre n\u00e9cessaire. Des ajustements posologiques individuels seront n\u00e9cessaires pour compenser toute perte d&#8217;efficacit\u00e9 analg\u00e9sique due \u00e0 l&#8217;administration orale.<br \/> Il n&#8217;est pas recommand\u00e9 d&#8217;administrer les pilules Rhotard Morphine SR\/Morphgesic SR dans les 24 premi\u00e8res heures apr\u00e8s la chirurgie pour soulager la douleur postop\u00e9ratoire. Apr\u00e8s cette p\u00e9riode initiale, la posologie doit \u00eatre d\u00e9termin\u00e9e par le m\u00e9decin.<br \/> Une suppl\u00e9mentation en morphine parent\u00e9rale peut \u00eatre n\u00e9cessaire chez certains patients, ce qui est tout \u00e0 fait appropri\u00e9. Cependant, des pr\u00e9cautions doivent \u00eatre prises concernant la dose totale de morphine, ainsi que les effets retard\u00e9s de la morphine dans la formulation de Rhotard Morphine SR\/Morphgesic SR.<br \/> Les comprim\u00e9s de Rhotard Morphine SR\/Morphgesic SR doivent \u00eatre utilis\u00e9s avec prudence apr\u00e8s l&#8217;op\u00e9ration (comme pr\u00e9parations de morphine), mais surtout apr\u00e8s une chirurgie abdominale.<br \/> La motilit\u00e9 de l&#8217;estomac doit avoir repris et doit \u00eatre maintenue.<\/p>\n<p>Technique d&#8217;administration<br \/> Rhotard Morphine SR \/ Morphgesic SR comprim\u00e9s oraux ne doit pas \u00eatre m\u00e2ch\u00e9.<\/p>\n<p>5.1 Propri\u00e9t\u00e9s pharmacodynamiques<br \/> Groupe d&#8217;agents pharmacoth\u00e9rapeutiques : Opio\u00efdes<br \/> N02A est le code ATC.<\/p>\n<p>M\u00e9canisme d&#8217;efficacit\u00e9<br \/> MAGNUS MR SULFATE ER 30 MG agit comme un agoniste des r\u00e9cepteurs opiac\u00e9s du syst\u00e8me nerveux central, principalement les r\u00e9cepteurs Mu et, dans une moindre mesure, les r\u00e9cepteurs Kappa. On suppose que l&#8217;analg\u00e9sie supraspinale, la d\u00e9pression respiratoire et l&#8217;euphorie sont m\u00e9di\u00e9es par les r\u00e9cepteurs Mu, tandis que l&#8217;analg\u00e9sie rachidienne, le myosis et la s\u00e9dation sont suppos\u00e9s \u00eatre m\u00e9di\u00e9s par les r\u00e9cepteurs Kappa.<\/p>\n<p>Syst\u00e8me nerveux central\u00a0: les principaux effets th\u00e9rapeutiques de la morphine sont l&#8217;analg\u00e9sie et la somnolence (c&#8217;est-\u00e0-dire la somnolence et l&#8217;anxiolyse). MAGNUS MR SULFATE ER 30 MG exerce un effet s\u00e9datif sur les centres respiratoires du tronc c\u00e9r\u00e9bral. La morphine agit directement sur le centre de la toux dans la moelle \u00e9pini\u00e8re, supprimant le r\u00e9flexe de la toux. Des effets antitussifs sont possibles \u00e0 des doses inf\u00e9rieures \u00e0 celles requises pour l&#8217;analg\u00e9sie. La morphine induit un myosis dans l&#8217;obscurit\u00e9 totale. Bien que des pupilles ponctuelles indiquent une surdose d&#8217;opio\u00efdes, elles ne sont pas diagnostiques (par exemple, des l\u00e9sions pontiques d&#8217;origine h\u00e9morragique ou isch\u00e9mique peuvent produire des r\u00e9sultats similaires). L&#8217;hypoxie peut se manifester par une mydriase marqu\u00e9e plut\u00f4t que par un myosis dans le cadre d&#8217;un surdosage de morphine.<\/p>\n<p>MAGNUS MR SULFATE ER 30 MG et les analg\u00e9siques similaires peuvent entra\u00eener une d\u00e9pendance physique et psychologique et doivent \u00eatre utilis\u00e9s avec prudence. De plus, une tol\u00e9rance peut se d\u00e9velopper.<\/p>\n<p>Muscles lisses du tractus gastro-intestinal et autres muscles lisses<br \/> MAGNUS MR SULFATE ER 30 MG inhibe la motilit\u00e9 en augmentant le tonus des muscles lisses de l&#8217;estomac et de l&#8217;antre duod\u00e9nal. La digestion des aliments est ralentie dans l&#8217;intestin gr\u00eale et les contractions propulsives sont r\u00e9duites. La constipation est caus\u00e9e par une diminution de la propulsion des ondes p\u00e9ristaltiques dans le c\u00f4lon et une augmentation du tonus jusqu&#8217;au spasme. La morphine, en g\u00e9n\u00e9ral, augmente le tonus des muscles lisses, en particulier dans les sphincters du syst\u00e8me gastro-intestinal et biliaire. La morphine peut provoquer des spasmes dans le sphincter d&#8217;Oddi, augmentant ainsi la pression intrabiliaire.<\/p>\n<p>MAGNUS MR SULFATE ER 30 MG peut provoquer une lib\u00e9ration d&#8217;histamine accompagn\u00e9e ou non d&#8217;une vasodilatation p\u00e9riph\u00e9rique. Le prurit, les bouff\u00e9es de chaleur, les yeux rouges, la transpiration et\/ou l&#8217;hypotension orthostatique sont tous des signes de lib\u00e9ration d&#8217;histamine et\/ou de vasodilatation p\u00e9riph\u00e9rique.<\/p>\n<p>Endocrinologie<br \/> Il a \u00e9t\u00e9 d\u00e9montr\u00e9 que les opio\u00efdes ont un effet sur l&#8217;hypothalamo- axes hypophyso-surr\u00e9nalien ou gonadique. Plusieurs alt\u00e9rations peuvent \u00eatre observ\u00e9es, notamment une augmentation de la prolactine s\u00e9rique et une diminution du cortisol plasmatique et de la testost\u00e9rone en pr\u00e9sence de taux anormalement bas ou normaux d&#8217;ACTH, de LH ou de FSH. Certaines femmes non m\u00e9nopaus\u00e9es peuvent avoir des \u0153strog\u00e8nes insuffisants. Ces alt\u00e9rations hormonales peuvent produire des signes cliniques.<\/p>\n<p>Cons\u00e9quences pharmacologiques suppl\u00e9mentaires<br \/> Des recherches in vitro et animales r\u00e9v\u00e8lent que les opio\u00efdes naturels, tels que la morphine, ont divers effets sur les composants du syst\u00e8me immunitaire\u00a0; cependant, la pertinence clinique de ces r\u00e9sultats est incertaine.<\/p>\n<p>Des modes d&#8217;administration par voie orale, sous-cutan\u00e9e, intramusculaire, intraveineuse, intrarachidienne et rectale sont disponibles. Les doses parent\u00e9rales peuvent \u00eatre administr\u00e9es sous forme d&#8217;injections intermittentes ou de perfusions continues ou intermittentes, selon les besoins analg\u00e9siques du patient.<\/p>\n<p>UTILISATIONS<br \/> Ce m\u00e9dicament est utilis\u00e9 pour aider \u00e0 soulager les douleurs intenses et persistantes (telles que comme due au cancer). La morphine est class\u00e9e comme analg\u00e9sique opio\u00efde (narcotique). Il agit en modifiant la fa\u00e7on dont votre corps per\u00e7oit et r\u00e9agit \u00e0 la douleur dans le cerveau.<\/p>\n<p>Les doses plus \u00e9lev\u00e9es de ce m\u00e9dicament (100 mg ou plus par comprim\u00e9) ne doivent \u00eatre utilis\u00e9es que si vous avez pris des doses mod\u00e9r\u00e9es \u00e0 \u00e9lev\u00e9es. d&#8217;analg\u00e9siques opio\u00efdes sur une base r\u00e9guli\u00e8re. Ces concentrations peuvent entra\u00eener une surdose (et peut-\u00eatre la mort) si elles sont prises par une personne qui n&#8217;utilise pas d&#8217;opio\u00efdes de mani\u00e8re r\u00e9guli\u00e8re.<\/p>\n<p>\u00c9vitez d&#8217;utiliser de la morphine \u00e0 lib\u00e9ration prolong\u00e9e pour traiter une douleur mod\u00e9r\u00e9e ou qui dispara\u00eetra dans un d\u00e9lai d&#8217;un an. quelques jours. Ce m\u00e9dicament n&#8217;est pas destin\u00e9 \u00e0 \u00eatre utilis\u00e9 &#8220;au besoin&#8221;.<\/p>\n<p>MAGNUS MR SULFATE ER 30 MG COMPRIM\u00c9 MODE D&#8217;EMPLOI<\/p>\n<p>Avant de commencer \u00e0 utiliser la morphine, et chaque fois que vous recevez une recharge, lisez le Guide des m\u00e9dicaments d\u00e9livr\u00e9 par votre pharmacien. Consultez votre m\u00e9decin ou votre pharmacien si vous avez des questions.<\/p>\n<p>Prenez ce m\u00e9dicament de fa\u00e7on r\u00e9guli\u00e8re, pas au besoin pour une douleur intense (paroxystique), comme conseill\u00e9 par votre m\u00e9decin. Prenez ce m\u00e9dicament avec ou sans repas, g\u00e9n\u00e9ralement toutes les 8 \u00e0 12 heures, selon les conseils de votre m\u00e9decin. Certaines marques ne doivent \u00eatre prises qu&#8217;une fois toutes les 12 heures. Si vous avez des naus\u00e9es, il peut \u00eatre b\u00e9n\u00e9fique de prendre ce m\u00e9dicament avec les repas. Consultez votre m\u00e9decin ou votre pharmacien pour d&#8217;autres strat\u00e9gies pour soulager les naus\u00e9es (comme s&#8217;allonger pendant 1 \u00e0 2 heures avec le moins de mouvements de t\u00eate possible). Consultez votre m\u00e9decin si les naus\u00e9es persistent.<\/p>\n<p>Consommez les comprim\u00e9s dans leur totalit\u00e9. Le comprim\u00e9 ne doit pas \u00eatre cass\u00e9, \u00e9cras\u00e9, m\u00e2ch\u00e9 ou dissous. Cela peut entra\u00eener la lib\u00e9ration totale du m\u00e9dicament, ce qui augmente le risque de surdosage de morphine.<\/p>\n<p>La posologie est d\u00e9termin\u00e9e par vos ant\u00e9c\u00e9dents m\u00e9dicaux et votre r\u00e9action au traitement. N&#8217;augmentez pas votre dose et ne prenez pas ce m\u00e9dicament plus fr\u00e9quemment ou plus longtemps que sugg\u00e9r\u00e9, car votre risque de ressentir des effets secondaires peut augmenter. Lorsque vous y \u00eates invit\u00e9, arr\u00eatez le m\u00e9dicament correctement.<\/p>\n<p>Si vous arr\u00eatez brusquement d&#8217;utiliser ce m\u00e9dicament, vous pouvez ressentir des sympt\u00f4mes de sevrage (tels qu&#8217;agitation, larmoiement, nez qui coule, naus\u00e9es, transpiration, douleurs musculaires). Pour aider \u00e0 \u00e9viter le sevrage, votre m\u00e9decin peut diminuer progressivement votre dose. Les sympt\u00f4mes de sevrage sont plus susceptibles de se produire si vous avez pris de la morphine pendant une p\u00e9riode prolong\u00e9e ou \u00e0 fortes doses. Informez imm\u00e9diatement votre m\u00e9decin ou votre pharmacien si vous pr\u00e9sentez des sympt\u00f4mes de sevrage.<\/p>\n<p>Lorsque ce m\u00e9dicament est utilis\u00e9 pendant une p\u00e9riode prolong\u00e9e, il peut perdre son efficacit\u00e9. Consultez votre m\u00e9decin si ce m\u00e9dicament cesse d&#8217;agir correctement.<\/p>\n<p>Bien que ce m\u00e9dicament profite \u00e0 un grand nombre de personnes, il peut parfois entra\u00eener une d\u00e9pendance. Ce risque peut \u00eatre accru si vous souffrez d&#8217;un trouble li\u00e9 \u00e0 l&#8217;utilisation de substances (comme une consommation excessive de drogue\/d&#8217;alcool ou une d\u00e9pendance). Pour minimiser le danger de d\u00e9pendance, utilisez ce m\u00e9dicament exactement comme indiqu\u00e9. Consultez votre m\u00e9decin ou votre pharmacien pour plus d&#8217;informations.<\/p>\n<\/p><\/div>\n<div class=\"product-next-previous\">\n<div class=\"product-prev\"><\/div><\/div>\n","protected":false},"excerpt":{"rendered":"<div class=\"woocommerce-product-details__short-description\">\n<p>Magnus MR Morphine 30mg est disponible \u00e0 l&#8217;achat en ligne. La morphine agit comme un analg\u00e9sique opio\u00efde en agissant comme un agoniste des r\u00e9cepteurs opio\u00efdes saturables dans le SNC et d&#8217;autres organes.<\/p>\n<p>Les pilules Magnus MR (sulfate de morphine) 30 mg sont disponibles sans ordonnance en ligne (pas de RX). Morphine 30mg en vente au Royaume-Uni et en Europe<\/p>\n<\/p><\/div>\n","protected":false},"featured_media":5258,"comment_status":"closed","ping_status":"closed","template":"","meta":[],"product_brand":[],"product_cat":[1117],"product_tag":[1514,1519,1515,1516,1517,1518],"class_list":{"0":"post-5239","1":"product","2":"type-product","3":"status-publish","4":"has-post-thumbnail","6":"product_cat-acheter-douleur-sommeil-sexe-pilules","7":"product_tag-acheter-magnus-mr-30mg-sulfate-de-morphine","8":"product_tag-magnus-mr-morphine-30mg","9":"product_tag-magnus-mr-morphine-sulfate-30mg","10":"product_tag-magnus-mr-morphine-sulfate-street-price","11":"product_tag-magnus-mr-morphine-sulfate-street-prix-du-flacon","12":"product_tag-magnus-mr-30-mg-sulfate-de-morphine","14":"first","15":"instock","16":"shipping-taxable","17":"purchasable","18":"product-type-variable"},"yoast_head":"<!-- This site is optimized with the Yoast SEO plugin v27.3 - https:\/\/yoast.com\/product\/yoast-seo-wordpress\/ -->\n<title>Acheter Magnus MR Morphine 30mg - Meilleurs meilleurs m\u00e9dicaments mondiaux<\/title>\n<meta name=\"description\" content=\"Vous pouvez\u00a0acheter des capsules de Magnus MR\u00a0(Morphine\u00a0Sulfate)\u00a030\u00a0mg\u00a0en ligne\u00a0sans ordonnance (pas de RX). Morphine 30 mg \u00e0 vendre au Royaume-Uni, en Europe\" \/>\n<meta name=\"robots\" content=\"index, follow, max-snippet:-1, max-image-preview:large, max-video-preview:-1\" \/>\n<link rel=\"canonical\" href=\"https:\/\/medicinasinc.com\/fr\/product\/acheter-magnus-mr-morphine-30mg-en-ligne\/\" \/>\n<meta property=\"og:locale\" content=\"en_US\" \/>\n<meta property=\"og:type\" content=\"article\" \/>\n<meta property=\"og:title\" content=\"Acheter Magnus MR Morphine 30mg - Meilleurs meilleurs m\u00e9dicaments mondiaux\" \/>\n<meta property=\"og:description\" content=\"Vous pouvez\u00a0acheter des capsules de Magnus MR\u00a0(Morphine\u00a0Sulfate)\u00a030\u00a0mg\u00a0en ligne\u00a0sans ordonnance (pas de RX). Morphine 30 mg \u00e0 vendre au Royaume-Uni, en Europe\" \/>\n<meta property=\"og:url\" content=\"https:\/\/medicinasinc.com\/fr\/product\/acheter-magnus-mr-morphine-30mg-en-ligne\/\" \/>\n<meta property=\"og:site_name\" content=\"Medicinas Inc\" \/>\n<meta property=\"article:modified_time\" content=\"2022-03-17T12:07:28+00:00\" \/>\n<meta property=\"og:image\" content=\"https:\/\/medicinasinc.com\/fr\/wp-content\/uploads\/sites\/5\/2022\/02\/Buy-Magnus-MR-Morphine-30mg.jpg\" \/>\n\t<meta property=\"og:image:width\" content=\"600\" \/>\n\t<meta property=\"og:image:height\" content=\"600\" \/>\n\t<meta property=\"og:image:type\" content=\"image\/jpeg\" \/>\n<meta name=\"twitter:card\" content=\"summary_large_image\" \/>\n<meta name=\"twitter:label1\" content=\"Est. reading time\" \/>\n\t<meta name=\"twitter:data1\" content=\"7 minutes\" \/>\n<script type=\"application\/ld+json\" class=\"yoast-schema-graph\">{\"@context\":\"https:\\\/\\\/schema.org\",\"@graph\":[{\"@type\":\"WebPage\",\"@id\":\"https:\\\/\\\/medicinasinc.com\\\/fr\\\/product\\\/acheter-magnus-mr-morphine-30mg-en-ligne\\\/\",\"url\":\"https:\\\/\\\/medicinasinc.com\\\/fr\\\/product\\\/acheter-magnus-mr-morphine-30mg-en-ligne\\\/\",\"name\":\"Acheter Magnus MR Morphine 30mg - Meilleurs meilleurs m\u00e9dicaments mondiaux\",\"isPartOf\":{\"@id\":\"https:\\\/\\\/medicinasinc.com\\\/fr\\\/#website\"},\"primaryImageOfPage\":{\"@id\":\"https:\\\/\\\/medicinasinc.com\\\/fr\\\/product\\\/acheter-magnus-mr-morphine-30mg-en-ligne\\\/#primaryimage\"},\"image\":{\"@id\":\"https:\\\/\\\/medicinasinc.com\\\/fr\\\/product\\\/acheter-magnus-mr-morphine-30mg-en-ligne\\\/#primaryimage\"},\"thumbnailUrl\":\"https:\\\/\\\/medicinasinc.com\\\/fr\\\/wp-content\\\/uploads\\\/sites\\\/5\\\/2022\\\/02\\\/Buy-Magnus-MR-Morphine-30mg.jpg\",\"datePublished\":\"2022-02-20T22:28:45+00:00\",\"dateModified\":\"2022-03-17T12:07:28+00:00\",\"description\":\"Vous pouvez\u00a0acheter des capsules de Magnus MR\u00a0(Morphine\u00a0Sulfate)\u00a030\u00a0mg\u00a0en ligne\u00a0sans ordonnance (pas de RX). Morphine 30 mg \u00e0 vendre au Royaume-Uni, en Europe\",\"breadcrumb\":{\"@id\":\"https:\\\/\\\/medicinasinc.com\\\/fr\\\/product\\\/acheter-magnus-mr-morphine-30mg-en-ligne\\\/#breadcrumb\"},\"inLanguage\":\"en-US\",\"potentialAction\":[{\"@type\":\"ReadAction\",\"target\":[\"https:\\\/\\\/medicinasinc.com\\\/fr\\\/product\\\/acheter-magnus-mr-morphine-30mg-en-ligne\\\/\"]}]},{\"@type\":\"ImageObject\",\"inLanguage\":\"en-US\",\"@id\":\"https:\\\/\\\/medicinasinc.com\\\/fr\\\/product\\\/acheter-magnus-mr-morphine-30mg-en-ligne\\\/#primaryimage\",\"url\":\"https:\\\/\\\/medicinasinc.com\\\/fr\\\/wp-content\\\/uploads\\\/sites\\\/5\\\/2022\\\/02\\\/Buy-Magnus-MR-Morphine-30mg.jpg\",\"contentUrl\":\"https:\\\/\\\/medicinasinc.com\\\/fr\\\/wp-content\\\/uploads\\\/sites\\\/5\\\/2022\\\/02\\\/Buy-Magnus-MR-Morphine-30mg.jpg\",\"width\":600,\"height\":600},{\"@type\":\"BreadcrumbList\",\"@id\":\"https:\\\/\\\/medicinasinc.com\\\/fr\\\/product\\\/acheter-magnus-mr-morphine-30mg-en-ligne\\\/#breadcrumb\",\"itemListElement\":[{\"@type\":\"ListItem\",\"position\":1,\"name\":\"Boutique\",\"item\":\"https:\\\/\\\/medicinasinc.com\\\/fr\\\/boutique\\\/\"},{\"@type\":\"ListItem\",\"position\":2,\"name\":\"Acheter Magnus MR Morphine 30mg en ligne\"}]},{\"@type\":\"WebSite\",\"@id\":\"https:\\\/\\\/medicinasinc.com\\\/fr\\\/#website\",\"url\":\"https:\\\/\\\/medicinasinc.com\\\/fr\\\/\",\"name\":\"Medicinas Inc\",\"description\":\"Health Medical Clinic\",\"potentialAction\":[{\"@type\":\"SearchAction\",\"target\":{\"@type\":\"EntryPoint\",\"urlTemplate\":\"https:\\\/\\\/medicinasinc.com\\\/fr\\\/?s={search_term_string}\"},\"query-input\":{\"@type\":\"PropertyValueSpecification\",\"valueRequired\":true,\"valueName\":\"search_term_string\"}}],\"inLanguage\":\"en-US\"}]}<\/script>\n<!-- \/ Yoast SEO plugin. -->","yoast_head_json":{"title":"Acheter Magnus MR Morphine 30mg - Meilleurs meilleurs m\u00e9dicaments mondiaux","description":"Vous pouvez\u00a0acheter des capsules de Magnus MR\u00a0(Morphine\u00a0Sulfate)\u00a030\u00a0mg\u00a0en ligne\u00a0sans ordonnance (pas de RX). Morphine 30 mg \u00e0 vendre au Royaume-Uni, en Europe","robots":{"index":"index","follow":"follow","max-snippet":"max-snippet:-1","max-image-preview":"max-image-preview:large","max-video-preview":"max-video-preview:-1"},"canonical":"https:\/\/medicinasinc.com\/fr\/product\/acheter-magnus-mr-morphine-30mg-en-ligne\/","og_locale":"en_US","og_type":"article","og_title":"Acheter Magnus MR Morphine 30mg - Meilleurs meilleurs m\u00e9dicaments mondiaux","og_description":"Vous pouvez\u00a0acheter des capsules de Magnus MR\u00a0(Morphine\u00a0Sulfate)\u00a030\u00a0mg\u00a0en ligne\u00a0sans ordonnance (pas de RX). Morphine 30 mg \u00e0 vendre au Royaume-Uni, en Europe","og_url":"https:\/\/medicinasinc.com\/fr\/product\/acheter-magnus-mr-morphine-30mg-en-ligne\/","og_site_name":"Medicinas Inc","article_modified_time":"2022-03-17T12:07:28+00:00","og_image":[{"width":600,"height":600,"url":"https:\/\/medicinasinc.com\/fr\/wp-content\/uploads\/sites\/5\/2022\/02\/Buy-Magnus-MR-Morphine-30mg.jpg","type":"image\/jpeg"}],"twitter_card":"summary_large_image","twitter_misc":{"Est. reading time":"7 minutes"},"schema":{"@context":"https:\/\/schema.org","@graph":[{"@type":"WebPage","@id":"https:\/\/medicinasinc.com\/fr\/product\/acheter-magnus-mr-morphine-30mg-en-ligne\/","url":"https:\/\/medicinasinc.com\/fr\/product\/acheter-magnus-mr-morphine-30mg-en-ligne\/","name":"Acheter Magnus MR Morphine 30mg - Meilleurs meilleurs m\u00e9dicaments mondiaux","isPartOf":{"@id":"https:\/\/medicinasinc.com\/fr\/#website"},"primaryImageOfPage":{"@id":"https:\/\/medicinasinc.com\/fr\/product\/acheter-magnus-mr-morphine-30mg-en-ligne\/#primaryimage"},"image":{"@id":"https:\/\/medicinasinc.com\/fr\/product\/acheter-magnus-mr-morphine-30mg-en-ligne\/#primaryimage"},"thumbnailUrl":"https:\/\/medicinasinc.com\/fr\/wp-content\/uploads\/sites\/5\/2022\/02\/Buy-Magnus-MR-Morphine-30mg.jpg","datePublished":"2022-02-20T22:28:45+00:00","dateModified":"2022-03-17T12:07:28+00:00","description":"Vous pouvez\u00a0acheter des capsules de Magnus MR\u00a0(Morphine\u00a0Sulfate)\u00a030\u00a0mg\u00a0en ligne\u00a0sans ordonnance (pas de RX). Morphine 30 mg \u00e0 vendre au Royaume-Uni, en Europe","breadcrumb":{"@id":"https:\/\/medicinasinc.com\/fr\/product\/acheter-magnus-mr-morphine-30mg-en-ligne\/#breadcrumb"},"inLanguage":"en-US","potentialAction":[{"@type":"ReadAction","target":["https:\/\/medicinasinc.com\/fr\/product\/acheter-magnus-mr-morphine-30mg-en-ligne\/"]}]},{"@type":"ImageObject","inLanguage":"en-US","@id":"https:\/\/medicinasinc.com\/fr\/product\/acheter-magnus-mr-morphine-30mg-en-ligne\/#primaryimage","url":"https:\/\/medicinasinc.com\/fr\/wp-content\/uploads\/sites\/5\/2022\/02\/Buy-Magnus-MR-Morphine-30mg.jpg","contentUrl":"https:\/\/medicinasinc.com\/fr\/wp-content\/uploads\/sites\/5\/2022\/02\/Buy-Magnus-MR-Morphine-30mg.jpg","width":600,"height":600},{"@type":"BreadcrumbList","@id":"https:\/\/medicinasinc.com\/fr\/product\/acheter-magnus-mr-morphine-30mg-en-ligne\/#breadcrumb","itemListElement":[{"@type":"ListItem","position":1,"name":"Boutique","item":"https:\/\/medicinasinc.com\/fr\/boutique\/"},{"@type":"ListItem","position":2,"name":"Acheter Magnus MR Morphine 30mg en ligne"}]},{"@type":"WebSite","@id":"https:\/\/medicinasinc.com\/fr\/#website","url":"https:\/\/medicinasinc.com\/fr\/","name":"Medicinas Inc","description":"Health Medical Clinic","potentialAction":[{"@type":"SearchAction","target":{"@type":"EntryPoint","urlTemplate":"https:\/\/medicinasinc.com\/fr\/?s={search_term_string}"},"query-input":{"@type":"PropertyValueSpecification","valueRequired":true,"valueName":"search_term_string"}}],"inLanguage":"en-US"}]}},"_links":{"self":[{"href":"https:\/\/medicinasinc.com\/fr\/wp-json\/wp\/v2\/product\/5239","targetHints":{"allow":["GET"]}}],"collection":[{"href":"https:\/\/medicinasinc.com\/fr\/wp-json\/wp\/v2\/product"}],"about":[{"href":"https:\/\/medicinasinc.com\/fr\/wp-json\/wp\/v2\/types\/product"}],"replies":[{"embeddable":true,"href":"https:\/\/medicinasinc.com\/fr\/wp-json\/wp\/v2\/comments?post=5239"}],"wp:featuredmedia":[{"embeddable":true,"href":"https:\/\/medicinasinc.com\/fr\/wp-json\/wp\/v2\/media\/5258"}],"wp:attachment":[{"href":"https:\/\/medicinasinc.com\/fr\/wp-json\/wp\/v2\/media?parent=5239"}],"wp:term":[{"taxonomy":"product_brand","embeddable":true,"href":"https:\/\/medicinasinc.com\/fr\/wp-json\/wp\/v2\/product_brand?post=5239"},{"taxonomy":"product_cat","embeddable":true,"href":"https:\/\/medicinasinc.com\/fr\/wp-json\/wp\/v2\/product_cat?post=5239"},{"taxonomy":"product_tag","embeddable":true,"href":"https:\/\/medicinasinc.com\/fr\/wp-json\/wp\/v2\/product_tag?post=5239"}],"curies":[{"name":"wp","href":"https:\/\/api.w.org\/{rel}","templated":true}]}}