{"id":5238,"date":"2022-02-20T22:26:29","date_gmt":"2022-02-20T22:26:29","guid":{"rendered":"https:\/\/medicinasinc.com\/fr\/?post_type=product&#038;p=5238"},"modified":"2022-03-17T12:07:41","modified_gmt":"2022-03-17T12:07:41","slug":"acheter-lortab-10-325mg","status":"publish","type":"product","link":"https:\/\/medicinasinc.com\/fr\/product\/acheter-lortab-10-325mg\/","title":{"rendered":"Acheter Lortab 10\/325mg"},"content":{"rendered":"<p>Les pilules Lortab 10\/325mg peuvent \u00eatre achet\u00e9es en ligne.<br \/> Lortab &#8211; Qu&#8217;est-ce que c&#8217;est\u00a0?<br \/> Les risques de Lortab<\/p>\n<p>Ce m\u00e9dicament combin\u00e9 est utilis\u00e9 pour traiter la douleur allant de l\u00e9g\u00e8re \u00e0 s\u00e9v\u00e8re. Il comprend un antalgique opio\u00efde (hydrocodone) ainsi qu&#8217;un antalgique non opio\u00efde (ac\u00e9taminoph\u00e8ne). L&#8217;hydrocodone modifie la fa\u00e7on dont votre corps per\u00e7oit et r\u00e9agit \u00e0 la douleur en agissant sur le cerveau. L&#8217;ac\u00e9taminoph\u00e8ne peut \u00e9galement aider \u00e0 r\u00e9duire la fi\u00e8vre.<\/p>\n<p>Ce produit n&#8217;est pas recommand\u00e9 pour les enfants de moins de six ans en raison d&#8217;un risque accru d&#8217;effets ind\u00e9sirables graves (tels qu&#8217;une respiration superficielle\/lente).<\/p>\n","protected":false},"excerpt":{"rendered":"<div class=\"woocommerce-product-details__short-description\">\n<p>Acheter les pilules Lortab 10\/325mg peuvent \u00eatre achet\u00e9es en ligne. achat en ligne d&#8217;analg\u00e9siques, achat en ligne d&#8217;analg\u00e9siques, achat en ligne d&#8217;analg\u00e9siques s\u00e9v\u00e8res<\/p>\n<p>Pilules de Lortab 10\/325mg en vente au Royaume-Uni et en Europe. acheter des analg\u00e9siques en ligne, acheter des analg\u00e9siques en ligne, sans ordonnance, de l&#8217;oxycodone en ligne, des analg\u00e9siques, des analg\u00e9siques, des pilules ADD\/ADHD, des pilules de st\u00e9ro\u00efdes, des pilules anti-anxi\u00e9t\u00e9, des pilules anti-d\u00e9pression, des pilules de perte de poids.<\/p>\n<p>Acheter lortab comprim\u00e9s d&#8217;ac\u00e9taminoph\u00e8ne 5 mg 7,5 mg 10 mg avec empreinte m367 l\u00e9galement d&#8217;une pharmacie en ligne r\u00e9put\u00e9e qui propose une livraison le lendemain.<\/p>\n<\/p><\/div>\n","protected":false},"featured_media":5256,"comment_status":"open","ping_status":"closed","template":"","meta":[],"product_brand":[],"product_cat":[1117],"product_tag":[1470,1487,1488,1473,1474,1486,1471,1500,1472,1475,1320,1476,1477,1478,1479,1480,1481,1482,1485,1483,1484,1503,1504,1505,1499,1493,1494,1513,1495,1496,1501,1502,1507,1491,1492,1509,1508,1490,1497,1498,1489,1511,1510,1506,1512],"class_list":{"0":"post-5238","1":"product","2":"type-product","3":"status-publish","4":"has-post-thumbnail","6":"product_cat-acheter-douleur-sommeil-sexe-pilules","7":"product_tag-achat-lortab-en-ligne","8":"product_tag-lortab-addition","9":"product_tag-lortab-classification","10":"product_tag-combien-de-temps-lortab-reste-dans-votre-systme","11":"product_tag-combien-de-temps-lortab-reste-dans-votre-urine","12":"product_tag-lortab-addictions","13":"product_tag-difference-between-lortab-and-percocet","14":"product_tag-effets-secondaires-de-lortab","15":"product_tag-generic-lortab","16":"product_tag-hydrocodone-lortab","17":"product_tag-lortab","18":"product_tag-lortab-10","19":"product_tag-lortab-10-325-street-value","20":"product_tag-lortab-10-mg","21":"product_tag-lortab-10-photos","22":"product_tag-lortab-5","23":"product_tag-lortab-5-mg","24":"product_tag-lortab-5-325","25":"product_tag-lortab-7-5-mg","26":"product_tag-lortab-7-5","27":"product_tag-lortab-7-5-325","28":"product_tag-lortab-vs-norco","29":"product_tag-lortab-vs-oxycodone","30":"product_tag-lortab-vs-vicodin","31":"product_tag-lortab-photos","32":"product_tag-lortab-ingredient","33":"product_tag-lortab-ingredients","34":"product_tag-jaune-lortab-10","35":"product_tag-lortab-m367","36":"product_tag-lortab-on-line","37":"product_tag-lortab-strength","38":"product_tag-lortab-ten","39":"product_tag-m366-lortab","40":"product_tag-lortab-nom-gnrique","41":"product_tag-lortab-noms-gnriques","42":"product_tag-norco-vs-lortab","43":"product_tag-norco-lortab","44":"product_tag-ottenab-c3lixir","45":"product_tag-photo-lortab","46":"product_tag-lortab-image","47":"product_tag-dosage-de-lortab","48":"product_tag-quest-ce-quun-lortab","49":"product_tag-quest-ce-que-lortab","50":"product_tag-lortab-retrait","51":"product_tag-what-is-lortab","53":"first","54":"instock","55":"shipping-taxable","56":"purchasable","57":"product-type-variable","58":"has-default-attributes"},"yoast_head":"<!-- This site is optimized with the Yoast SEO plugin v27.3 - https:\/\/yoast.com\/product\/yoast-seo-wordpress\/ -->\n<title>Acheter Lortab 10\/325mg - Meilleurs meilleurs m\u00e9dicaments mondiaux<\/title>\n<meta name=\"description\" content=\"Acheter des pilules Lortab 10\/325mg \u00e0 vendre au Royaume-Uni, en Europe. acheter des analg\u00e9siques en ligne, acheter des analg\u00e9siques en ligne, liste d&#039;analg\u00e9siques forts, sans ordonnance, oxycodone en ligne, analg\u00e9siques, analg\u00e9siques, pilules ADD \/ ADHD, pilules st\u00e9ro\u00efdes, pilules anti-anxi\u00e9t\u00e9, pilules anti-d\u00e9pression, pilules de perte de poids.\" \/>\n<meta name=\"robots\" content=\"index, follow, max-snippet:-1, max-image-preview:large, max-video-preview:-1\" \/>\n<link rel=\"canonical\" href=\"https:\/\/medicinasinc.com\/fr\/product\/acheter-lortab-10-325mg\/\" \/>\n<meta property=\"og:locale\" content=\"en_US\" \/>\n<meta property=\"og:type\" content=\"article\" \/>\n<meta property=\"og:title\" content=\"Acheter Lortab 10\/325mg - Meilleurs meilleurs m\u00e9dicaments mondiaux\" \/>\n<meta property=\"og:description\" content=\"Acheter des pilules Lortab 10\/325mg \u00e0 vendre au Royaume-Uni, en Europe. acheter des analg\u00e9siques en ligne, acheter des analg\u00e9siques en ligne, liste d&#039;analg\u00e9siques forts, sans ordonnance, oxycodone en ligne, analg\u00e9siques, analg\u00e9siques, pilules ADD \/ ADHD, pilules st\u00e9ro\u00efdes, pilules anti-anxi\u00e9t\u00e9, pilules anti-d\u00e9pression, pilules de perte de poids.\" \/>\n<meta property=\"og:url\" content=\"https:\/\/medicinasinc.com\/fr\/product\/acheter-lortab-10-325mg\/\" \/>\n<meta property=\"og:site_name\" content=\"Medicinas Inc\" \/>\n<meta property=\"article:modified_time\" content=\"2022-03-17T12:07:41+00:00\" \/>\n<meta property=\"og:image\" content=\"https:\/\/medicinasinc.com\/fr\/wp-content\/uploads\/sites\/5\/2022\/02\/buy-lortab-10-325mg-pills-online.jpg\" \/>\n\t<meta property=\"og:image:width\" content=\"600\" \/>\n\t<meta property=\"og:image:height\" content=\"600\" \/>\n\t<meta property=\"og:image:type\" content=\"image\/jpeg\" \/>\n<meta name=\"twitter:card\" content=\"summary_large_image\" \/>\n<meta name=\"twitter:label1\" content=\"Est. reading time\" \/>\n\t<meta name=\"twitter:data1\" content=\"1 minute\" \/>\n<script type=\"application\/ld+json\" class=\"yoast-schema-graph\">{\"@context\":\"https:\\\/\\\/schema.org\",\"@graph\":[{\"@type\":\"WebPage\",\"@id\":\"https:\\\/\\\/medicinasinc.com\\\/fr\\\/product\\\/acheter-lortab-10-325mg\\\/\",\"url\":\"https:\\\/\\\/medicinasinc.com\\\/fr\\\/product\\\/acheter-lortab-10-325mg\\\/\",\"name\":\"Acheter Lortab 10\\\/325mg - Meilleurs meilleurs m\u00e9dicaments mondiaux\",\"isPartOf\":{\"@id\":\"https:\\\/\\\/medicinasinc.com\\\/fr\\\/#website\"},\"primaryImageOfPage\":{\"@id\":\"https:\\\/\\\/medicinasinc.com\\\/fr\\\/product\\\/acheter-lortab-10-325mg\\\/#primaryimage\"},\"image\":{\"@id\":\"https:\\\/\\\/medicinasinc.com\\\/fr\\\/product\\\/acheter-lortab-10-325mg\\\/#primaryimage\"},\"thumbnailUrl\":\"https:\\\/\\\/medicinasinc.com\\\/fr\\\/wp-content\\\/uploads\\\/sites\\\/5\\\/2022\\\/02\\\/buy-lortab-10-325mg-pills-online.jpg\",\"datePublished\":\"2022-02-20T22:26:29+00:00\",\"dateModified\":\"2022-03-17T12:07:41+00:00\",\"description\":\"Acheter des pilules Lortab 10\\\/325mg \u00e0 vendre au Royaume-Uni, en Europe. acheter des analg\u00e9siques en ligne, acheter des analg\u00e9siques en ligne, liste d'analg\u00e9siques forts, sans ordonnance, oxycodone en ligne, analg\u00e9siques, analg\u00e9siques, pilules ADD \\\/ ADHD, pilules st\u00e9ro\u00efdes, pilules anti-anxi\u00e9t\u00e9, pilules anti-d\u00e9pression, pilules de perte de poids.\",\"breadcrumb\":{\"@id\":\"https:\\\/\\\/medicinasinc.com\\\/fr\\\/product\\\/acheter-lortab-10-325mg\\\/#breadcrumb\"},\"inLanguage\":\"en-US\",\"potentialAction\":[{\"@type\":\"ReadAction\",\"target\":[\"https:\\\/\\\/medicinasinc.com\\\/fr\\\/product\\\/acheter-lortab-10-325mg\\\/\"]}]},{\"@type\":\"ImageObject\",\"inLanguage\":\"en-US\",\"@id\":\"https:\\\/\\\/medicinasinc.com\\\/fr\\\/product\\\/acheter-lortab-10-325mg\\\/#primaryimage\",\"url\":\"https:\\\/\\\/medicinasinc.com\\\/fr\\\/wp-content\\\/uploads\\\/sites\\\/5\\\/2022\\\/02\\\/buy-lortab-10-325mg-pills-online.jpg\",\"contentUrl\":\"https:\\\/\\\/medicinasinc.com\\\/fr\\\/wp-content\\\/uploads\\\/sites\\\/5\\\/2022\\\/02\\\/buy-lortab-10-325mg-pills-online.jpg\",\"width\":600,\"height\":600},{\"@type\":\"BreadcrumbList\",\"@id\":\"https:\\\/\\\/medicinasinc.com\\\/fr\\\/product\\\/acheter-lortab-10-325mg\\\/#breadcrumb\",\"itemListElement\":[{\"@type\":\"ListItem\",\"position\":1,\"name\":\"Boutique\",\"item\":\"https:\\\/\\\/medicinasinc.com\\\/fr\\\/boutique\\\/\"},{\"@type\":\"ListItem\",\"position\":2,\"name\":\"Acheter Lortab 10\\\/325mg\"}]},{\"@type\":\"WebSite\",\"@id\":\"https:\\\/\\\/medicinasinc.com\\\/fr\\\/#website\",\"url\":\"https:\\\/\\\/medicinasinc.com\\\/fr\\\/\",\"name\":\"Medicinas Inc\",\"description\":\"Health Medical Clinic\",\"potentialAction\":[{\"@type\":\"SearchAction\",\"target\":{\"@type\":\"EntryPoint\",\"urlTemplate\":\"https:\\\/\\\/medicinasinc.com\\\/fr\\\/?s={search_term_string}\"},\"query-input\":{\"@type\":\"PropertyValueSpecification\",\"valueRequired\":true,\"valueName\":\"search_term_string\"}}],\"inLanguage\":\"en-US\"}]}<\/script>\n<!-- \/ Yoast SEO plugin. -->","yoast_head_json":{"title":"Acheter Lortab 10\/325mg - Meilleurs meilleurs m\u00e9dicaments mondiaux","description":"Acheter des pilules Lortab 10\/325mg \u00e0 vendre au Royaume-Uni, en Europe. acheter des analg\u00e9siques en ligne, acheter des analg\u00e9siques en ligne, liste d'analg\u00e9siques forts, sans ordonnance, oxycodone en ligne, analg\u00e9siques, analg\u00e9siques, pilules ADD \/ ADHD, pilules st\u00e9ro\u00efdes, pilules anti-anxi\u00e9t\u00e9, pilules anti-d\u00e9pression, pilules de perte de poids.","robots":{"index":"index","follow":"follow","max-snippet":"max-snippet:-1","max-image-preview":"max-image-preview:large","max-video-preview":"max-video-preview:-1"},"canonical":"https:\/\/medicinasinc.com\/fr\/product\/acheter-lortab-10-325mg\/","og_locale":"en_US","og_type":"article","og_title":"Acheter Lortab 10\/325mg - Meilleurs meilleurs m\u00e9dicaments mondiaux","og_description":"Acheter des pilules Lortab 10\/325mg \u00e0 vendre au Royaume-Uni, en Europe. acheter des analg\u00e9siques en ligne, acheter des analg\u00e9siques en ligne, liste d'analg\u00e9siques forts, sans ordonnance, oxycodone en ligne, analg\u00e9siques, analg\u00e9siques, pilules ADD \/ ADHD, pilules st\u00e9ro\u00efdes, pilules anti-anxi\u00e9t\u00e9, pilules anti-d\u00e9pression, pilules de perte de poids.","og_url":"https:\/\/medicinasinc.com\/fr\/product\/acheter-lortab-10-325mg\/","og_site_name":"Medicinas Inc","article_modified_time":"2022-03-17T12:07:41+00:00","og_image":[{"width":600,"height":600,"url":"https:\/\/medicinasinc.com\/fr\/wp-content\/uploads\/sites\/5\/2022\/02\/buy-lortab-10-325mg-pills-online.jpg","type":"image\/jpeg"}],"twitter_card":"summary_large_image","twitter_misc":{"Est. reading time":"1 minute"},"schema":{"@context":"https:\/\/schema.org","@graph":[{"@type":"WebPage","@id":"https:\/\/medicinasinc.com\/fr\/product\/acheter-lortab-10-325mg\/","url":"https:\/\/medicinasinc.com\/fr\/product\/acheter-lortab-10-325mg\/","name":"Acheter Lortab 10\/325mg - Meilleurs meilleurs m\u00e9dicaments mondiaux","isPartOf":{"@id":"https:\/\/medicinasinc.com\/fr\/#website"},"primaryImageOfPage":{"@id":"https:\/\/medicinasinc.com\/fr\/product\/acheter-lortab-10-325mg\/#primaryimage"},"image":{"@id":"https:\/\/medicinasinc.com\/fr\/product\/acheter-lortab-10-325mg\/#primaryimage"},"thumbnailUrl":"https:\/\/medicinasinc.com\/fr\/wp-content\/uploads\/sites\/5\/2022\/02\/buy-lortab-10-325mg-pills-online.jpg","datePublished":"2022-02-20T22:26:29+00:00","dateModified":"2022-03-17T12:07:41+00:00","description":"Acheter des pilules Lortab 10\/325mg \u00e0 vendre au Royaume-Uni, en Europe. acheter des analg\u00e9siques en ligne, acheter des analg\u00e9siques en ligne, liste d'analg\u00e9siques forts, sans ordonnance, oxycodone en ligne, analg\u00e9siques, analg\u00e9siques, pilules ADD \/ ADHD, pilules st\u00e9ro\u00efdes, pilules anti-anxi\u00e9t\u00e9, pilules anti-d\u00e9pression, pilules de perte de poids.","breadcrumb":{"@id":"https:\/\/medicinasinc.com\/fr\/product\/acheter-lortab-10-325mg\/#breadcrumb"},"inLanguage":"en-US","potentialAction":[{"@type":"ReadAction","target":["https:\/\/medicinasinc.com\/fr\/product\/acheter-lortab-10-325mg\/"]}]},{"@type":"ImageObject","inLanguage":"en-US","@id":"https:\/\/medicinasinc.com\/fr\/product\/acheter-lortab-10-325mg\/#primaryimage","url":"https:\/\/medicinasinc.com\/fr\/wp-content\/uploads\/sites\/5\/2022\/02\/buy-lortab-10-325mg-pills-online.jpg","contentUrl":"https:\/\/medicinasinc.com\/fr\/wp-content\/uploads\/sites\/5\/2022\/02\/buy-lortab-10-325mg-pills-online.jpg","width":600,"height":600},{"@type":"BreadcrumbList","@id":"https:\/\/medicinasinc.com\/fr\/product\/acheter-lortab-10-325mg\/#breadcrumb","itemListElement":[{"@type":"ListItem","position":1,"name":"Boutique","item":"https:\/\/medicinasinc.com\/fr\/boutique\/"},{"@type":"ListItem","position":2,"name":"Acheter Lortab 10\/325mg"}]},{"@type":"WebSite","@id":"https:\/\/medicinasinc.com\/fr\/#website","url":"https:\/\/medicinasinc.com\/fr\/","name":"Medicinas Inc","description":"Health Medical Clinic","potentialAction":[{"@type":"SearchAction","target":{"@type":"EntryPoint","urlTemplate":"https:\/\/medicinasinc.com\/fr\/?s={search_term_string}"},"query-input":{"@type":"PropertyValueSpecification","valueRequired":true,"valueName":"search_term_string"}}],"inLanguage":"en-US"}]}},"_links":{"self":[{"href":"https:\/\/medicinasinc.com\/fr\/wp-json\/wp\/v2\/product\/5238","targetHints":{"allow":["GET"]}}],"collection":[{"href":"https:\/\/medicinasinc.com\/fr\/wp-json\/wp\/v2\/product"}],"about":[{"href":"https:\/\/medicinasinc.com\/fr\/wp-json\/wp\/v2\/types\/product"}],"replies":[{"embeddable":true,"href":"https:\/\/medicinasinc.com\/fr\/wp-json\/wp\/v2\/comments?post=5238"}],"wp:featuredmedia":[{"embeddable":true,"href":"https:\/\/medicinasinc.com\/fr\/wp-json\/wp\/v2\/media\/5256"}],"wp:attachment":[{"href":"https:\/\/medicinasinc.com\/fr\/wp-json\/wp\/v2\/media?parent=5238"}],"wp:term":[{"taxonomy":"product_brand","embeddable":true,"href":"https:\/\/medicinasinc.com\/fr\/wp-json\/wp\/v2\/product_brand?post=5238"},{"taxonomy":"product_cat","embeddable":true,"href":"https:\/\/medicinasinc.com\/fr\/wp-json\/wp\/v2\/product_cat?post=5238"},{"taxonomy":"product_tag","embeddable":true,"href":"https:\/\/medicinasinc.com\/fr\/wp-json\/wp\/v2\/product_tag?post=5238"}],"curies":[{"name":"wp","href":"https:\/\/api.w.org\/{rel}","templated":true}]}}