{"id":5237,"date":"2022-02-20T22:24:46","date_gmt":"2022-02-20T22:24:46","guid":{"rendered":"https:\/\/medicinasinc.com\/fr\/?post_type=product&#038;p=5237"},"modified":"2022-03-17T12:07:52","modified_gmt":"2022-03-17T12:07:52","slug":"acheter-lioresal-baclofene-comprimes-25mg","status":"publish","type":"product","link":"https:\/\/medicinasinc.com\/fr\/product\/acheter-lioresal-baclofene-comprimes-25mg\/","title":{"rendered":"Acheter des pilules Lioresal Baclof\u00e8ne 25mg"},"content":{"rendered":"<p>Les comprim\u00e9s de Lioresal Baclof\u00e8ne 25 mg peuvent \u00eatre achet\u00e9s en ligne.<\/p>\n<p>INDICATIONS<\/p>\n<p>Lioresal (Baclofen) est un antispasmodique et un relaxant musculaire.<\/p>\n<p>Le baclof\u00e8ne est utilis\u00e9 pour traiter spasmes musculaires, inconfort et raideur associ\u00e9s \u00e0 la scl\u00e9rose en plaques.<\/p>\n<p>Le baclof\u00e8ne peut \u00eatre utilis\u00e9 pour des conditions suppl\u00e9mentaires non incluses dans ce guide de m\u00e9dicament.<\/p>\n<p>INSTRUCTIONS<\/p>\n<p>Prendre exactement selon les directives de votre m\u00e9decin. Ne consommez pas plus ou moins que la quantit\u00e9 sugg\u00e9r\u00e9e ou plus longtemps que recommand\u00e9. Respectez les instructions indiqu\u00e9es sur l&#8217;\u00e9tiquette de votre m\u00e9dicament.<\/p>\n<p>Votre m\u00e9decin peut occasionnellement ajuster votre dose pour s&#8217;assurer que vous recevez les meilleurs r\u00e9sultats possibles.<br \/> Consultez votre m\u00e9decin si vos probl\u00e8mes musculaires persistent apr\u00e8s deux semaines de traitement avec ce m\u00e9dicament. N&#8217;arr\u00eatez pas ce m\u00e9dicament sans consulter au pr\u00e9alable votre m\u00e9decin. Lorsque vous arr\u00eatez de prendre du baclof\u00e8ne apr\u00e8s une p\u00e9riode d&#8217;utilisation prolong\u00e9e, vous pouvez pr\u00e9senter des sympt\u00f4mes de sevrage tels que des convulsions ou des hallucinations. Vous devrez peut-\u00eatre utiliser le m\u00e9dicament de moins en moins jusqu&#8217;\u00e0 ce que vous l&#8217;arr\u00eatiez compl\u00e8tement.<\/p>\n<p>POSOLOGIE<\/p>\n<p>Prendre le m\u00e9dicament exactement comme prescrit par votre m\u00e9decin.<\/p>\n<p>Patients adultes avec spasticit\u00e9 de la moelle \u00e9pini\u00e8re\u00a0: apr\u00e8s les premi\u00e8res 24\u00a0heures, la posologie quotidienne pour les patients adultes doit \u00eatre augment\u00e9e progressivement par paliers de 10 \u00e0 30\u00a0% et une seule fois toutes les 24\u00a0heures, jusqu&#8217;\u00e0 l&#8217;obtention de l&#8217;impact th\u00e9rapeutique souhait\u00e9.<\/p>\n<p>Adultes avec spasticit\u00e9 c\u00e9r\u00e9brale\u00a0: apr\u00e8s les premi\u00e8res 24\u00a0heures, la dose quotidienne doit \u00eatre augment\u00e9e progressivement de 5 \u00e0 15\u00a0% toutes les 24\u00a0heures, jusqu&#8217;\u00e0 l&#8217;obtention de l&#8217;impact th\u00e9rapeutique souhait\u00e9.<\/p>\n<p>Apr\u00e8s les premi\u00e8res 24\u00a0heures, la dose quotidienne doit \u00eatre augment\u00e9 progressivement de 5 \u00e0 15 % toutes les 24 heures, jusqu&#8217;\u00e0 l&#8217;obtention de l&#8217;effet th\u00e9rapeutique souhait\u00e9. Si une augmentation de la dose quotidienne ne produit pas de r\u00e9ponse clinique significative, v\u00e9rifier le bon fonctionnement de la pompe et la perm\u00e9abilit\u00e9 du cath\u00e9ter. Au cours de la phase de d\u00e9pistage et de la p\u00e9riode de titration de la dose imm\u00e9diatement apr\u00e8s l&#8217;implantation, les patients doivent \u00eatre r\u00e9guli\u00e8rement surveill\u00e9s dans un environnement bien \u00e9quip\u00e9 et dot\u00e9 de personnel. L&#8217;\u00e9quipement de r\u00e9animation doit \u00eatre facilement disponible en cas d&#8217;effets ind\u00e9sirables potentiellement mortels ou inacceptables.<\/p>\n<p>STOCKAGE<\/p>\n<p>La r\u00e9frig\u00e9ration n&#8217;est pas n\u00e9cessaire.<\/p>\n<p>Conserver en dessous de 86\u00a0\u00b0F ( 30\u00a0\u00b0C).<\/p>\n<p>\u00c9viter la cong\u00e9lation.<\/p>\n<p>\u00c9viter la st\u00e9rilisation \u00e0 la chaleur.<\/p>\n<p>INFORMATIONS COMPL\u00c9MENTAIRES\u00a0:<\/p>\n<p>Le baclof\u00e8ne est le composant actif.<\/p>\n<p>Lioresal est un analg\u00e9sique. Il diminue consid\u00e9rablement la fr\u00e9quence et l&#8217;intensit\u00e9 des spasmes musculaires caus\u00e9s par des maladies neurologiques telles que la scl\u00e9rose en plaques.<\/p>\n<p>INFORMATIONS DE S\u00c9CURIT\u00c9 IMPORTANTES<\/p>\n<p>Si vous \u00eates allergique au baclof\u00e8ne, vous devez \u00e9viter de l&#8217;utiliser.<\/p>\n<p>Informez votre m\u00e9decin si vous avez l&#8217;une des conditions suppl\u00e9mentaires suivantes pour vous assurer que vous pouvez prendre du baclof\u00e8ne en toute s\u00e9curit\u00e9\u00a0:<\/p>\n<p>maladie des reins<\/p>\n<p>une maladie \u00e9pileptique telle que \u00e9pilepsie; ou<\/p>\n<p>un ant\u00e9c\u00e9dent personnel ou familial d&#8217;accident vasculaire c\u00e9r\u00e9bral ou de caillots sanguins.<\/p>\n<p>L&#8217;utilisation du baclof\u00e8ne peut augmenter le risque de d\u00e9velopper un kyste ovarien. Consultez votre m\u00e9decin concernant votre risque sp\u00e9cifique. Classification de grossesse C de la FDA. On ne sait pas si le baclof\u00e8ne est toxique pour un enfant \u00e0 na\u00eetre. Informez votre m\u00e9decin si vous \u00eates enceinte ou souhaitez le devenir pendant que vous prenez ce m\u00e9dicament. On ne sait pas si le baclof\u00e8ne passe dans le lait maternel ou s&#8217;il est nocif pour les nourrissons allait\u00e9s. L&#8217;allaitement doit \u00eatre \u00e9vit\u00e9 lors de la prise de baclof\u00e8ne. Ne jamais administrer ce m\u00e9dicament \u00e0 un jeune de moins de 12 ans. Les personnes \u00e2g\u00e9es peuvent \u00eatre plus sensibles aux effets de ce m\u00e9dicament.<\/p>\n<p>Informations de s\u00e9curit\u00e9 essentielles<\/p>\n<p>Ce m\u00e9dicament peut affecter votre fa\u00e7on de penser et vos r\u00e9actions. Soyez prudent si vous conduisez ou faites toute autre chose qui n\u00e9cessite de la vigilance. La consommation d&#8217;alcool peut exacerber certains effets ind\u00e9sirables du baclof\u00e8ne. \u00c9vitez d&#8217;utiliser le baclof\u00e8ne pendant les p\u00e9riodes o\u00f9 le tonus musculaire est n\u00e9cessaire pour un bon \u00e9quilibre et une bonne mobilit\u00e9 lors d&#8217;activit\u00e9s sp\u00e9cifiques. Dans certaines circonstances, \u00eatre dans un \u00e9tat de faible tonus musculaire peut compromettre votre s\u00e9curit\u00e9 physique.<\/p>\n<div class=\"product-next-previous\">\n<div class=\"product-prev\">\n<p><strong>EFFETS SECONDAIRES<\/strong><\/p>\n<p>Obtenez une aide m\u00e9dicale d&#8217;urgence si vous pr\u00e9sentez l&#8217;un de ces signes de r\u00e9action allergique\u00a0: urticaire\u00a0; respiration difficile; gonflement du visage, des l\u00e8vres, de la langue ou de la gorge. Appelez imm\u00e9diatement votre m\u00e9decin si vous ressentez un effet secondaire grave tel que\u00a0:<\/p>\n<p>convulsions (convulsions)\u00a0;<\/p>\n<p>confusion, hallucinations\u00a0; ou<\/p>\n<p>un rythme cardiaque irr\u00e9gulier.<\/p>\n<p>Les effets secondaires moins graves peuvent inclure\u00a0:<\/p>\n<p>somnolence, \u00e9tourdissements, faiblesse, sensation de fatigue\u00a0;<\/p>\n<p>maux de t\u00eate ;<\/p>\n<p>troubles du sommeil (insomnie)\u00a0;<\/p>\n<p>naus\u00e9es, constipation\u00a0; ou<\/p>\n<p>uriner plus souvent que d&#8217;habitude.<\/p>\n<p>Ceci n&#8217;est pas une liste compl\u00e8te des effets secondaires et d&#8217;autres peuvent survenir.<\/p>\n<p>Appelez votre m\u00e9decin pour un avis m\u00e9dical sur les effets secondaires. effets.<\/p>\n<\/p><\/div><\/div>\n<div class=\"product-next-previous\">\n<div class=\"product-prev\"><\/div><\/div>\n","protected":false},"excerpt":{"rendered":"<p>Acheter des pilules Lioresal Baclofen 25mg \u00e0 vendre en Europe et au Royaume-Uni en ligne. Baclof\u00e8ne formule tridimensionnelle Les comprim\u00e9s de Lioresal doivent \u00eatre aval\u00e9s entiers, avec de la nourriture. La dose initiale est de 5 mg trois fois par jour.<\/p>\n<p>Lioresal 25 mg Tablet (10 Tab) peut \u00eatre achet\u00e9 en ligne. BACLOFEN 25MG est le nom g\u00e9n\u00e9rique. Lior\u00e9sal\u00a0&#8230; Le baclof\u00e8ne 25 mg est contenu dans chaque comprim\u00e9 de Lioresal 25 mg non enrob\u00e9.<\/p>\n<p>Utilisation du baclof\u00e8ne au Royaume-Uni. medicamento lioresal 25 mg baclof\u00e8ne lioresal 10 mg comprim\u00e9<\/p>\n<p>10 mg baclof\u00e8ne comprim\u00e9<\/p>\n","protected":false},"featured_media":5254,"comment_status":"open","ping_status":"closed","template":"","meta":[],"product_brand":[],"product_cat":[1117],"product_tag":[1466,1441,1442,1447,1448,1449,1450,1455,1445,1440,1443,1446,1451,1453,1452,1454,1456,1457,1459,1461,1462,1463,1464,1465,1468,1458,1467,1444,1469,1439,1460],"class_list":{"0":"post-5237","1":"product","2":"type-product","3":"status-publish","4":"has-post-thumbnail","6":"product_cat-acheter-douleur-sommeil-sexe-pilules","7":"product_tag-lioresal-baclofne-prospectus","8":"product_tag-baclofen-lioresal-20mg","9":"product_tag-baclofen-lioresal-1-to-2-months","10":"product_tag-baclofen-gablofen-lioresal","11":"product_tag-baclofen-lioresal-10-mg","12":"product_tag-baclofen-lioresal-buy-mexico","13":"product_tag-baclofen-lioresal-drug-class","14":"product_tag-baclofen","15":"product_tag-baclofne-liorsal-effets-secondaires","16":"product_tag-baclofne-liorsal","17":"product_tag-baclofne-lioresal-10-mg-oral-ta","18":"product_tag-baclofne-10-mg-gnrique-pour-lioresal-devez-vous-manger-avant","19":"product_tag-baclofne-liorsal-oral-intrathcal","20":"product_tag-baclofne-liorsal-pourquoi-suis-je-si-fatigu","21":"product_tag-baclofne-lioresal-tizanidine-zanaflex","22":"product_tag-baclofne-vs-liorsal","23":"product_tag-dantrolne-dantrium","24":"product_tag-lioresal-10-mg-baclofen","25":"product_tag-lioresal-10-mg-effets-secondaires","26":"product_tag-lioresal-25-mg-baclofne","27":"product_tag-lioresal-25-side-effects","28":"product_tag-lioresal-baclofen","29":"product_tag-lioresal-baclofne-10-mg","30":"product_tag-lioresal-baclofne-25-mg","31":"product_tag-lioresal-side-effects","32":"product_tag-posologie-de-liorsal-10-mg","33":"product_tag-posologie-du-liorsal","34":"product_tag-baclofne-lioresal-stimulant","35":"product_tag-tizanidine","36":"product_tag-une-utilisation-sans-tiquette-du-baclofne-lioresal-est-pour-le-traitement","37":"product_tag-lioresal-10-mg-comprim-utilisations","39":"first","40":"instock","41":"shipping-taxable","42":"purchasable","43":"product-type-variable","44":"has-default-attributes"},"yoast_head":"<!-- This site is optimized with the Yoast SEO plugin v27.3 - https:\/\/yoast.com\/product\/yoast-seo-wordpress\/ -->\n<title>Acheter des pilules Lioresal Baclof\u00e8ne 25mg - Best Global Meds<\/title>\n<meta name=\"description\" content=\"Acheter des pilules de Lioresal Baclofen 25mg \u00e0 vendre en Europe, au Royaume-Uni en ligne. Les comprim\u00e9s de Baclof\u00e8ne 3d formule Lioresal doivent \u00eatre pris par voie orale, avec de la nourriture. La posologie initiale est de 5 mg 3 fois par jour.\" \/>\n<meta name=\"robots\" content=\"index, follow, max-snippet:-1, max-image-preview:large, max-video-preview:-1\" \/>\n<link rel=\"canonical\" href=\"https:\/\/medicinasinc.com\/fr\/product\/acheter-lioresal-baclofene-comprimes-25mg\/\" \/>\n<meta property=\"og:locale\" content=\"en_US\" \/>\n<meta property=\"og:type\" content=\"article\" \/>\n<meta property=\"og:title\" content=\"Acheter des pilules Lioresal Baclof\u00e8ne 25mg - Best Global Meds\" \/>\n<meta property=\"og:description\" content=\"Acheter des pilules de Lioresal Baclofen 25mg \u00e0 vendre en Europe, au Royaume-Uni en ligne. Les comprim\u00e9s de Baclof\u00e8ne 3d formule Lioresal doivent \u00eatre pris par voie orale, avec de la nourriture. La posologie initiale est de 5 mg 3 fois par jour.\" \/>\n<meta property=\"og:url\" content=\"https:\/\/medicinasinc.com\/fr\/product\/acheter-lioresal-baclofene-comprimes-25mg\/\" \/>\n<meta property=\"og:site_name\" content=\"Medicinas Inc\" \/>\n<meta property=\"article:modified_time\" content=\"2022-03-17T12:07:52+00:00\" \/>\n<meta property=\"og:image\" content=\"https:\/\/medicinasinc.com\/fr\/wp-content\/uploads\/sites\/5\/2022\/02\/Buy-Lioresal-Baclofen-25mg.jpg\" \/>\n\t<meta property=\"og:image:width\" content=\"1280\" \/>\n\t<meta property=\"og:image:height\" content=\"720\" \/>\n\t<meta property=\"og:image:type\" content=\"image\/jpeg\" \/>\n<meta name=\"twitter:card\" content=\"summary_large_image\" \/>\n<meta name=\"twitter:label1\" content=\"Est. reading time\" \/>\n\t<meta name=\"twitter:data1\" content=\"3 minutes\" \/>\n<script type=\"application\/ld+json\" class=\"yoast-schema-graph\">{\"@context\":\"https:\\\/\\\/schema.org\",\"@graph\":[{\"@type\":\"WebPage\",\"@id\":\"https:\\\/\\\/medicinasinc.com\\\/fr\\\/product\\\/acheter-lioresal-baclofene-comprimes-25mg\\\/\",\"url\":\"https:\\\/\\\/medicinasinc.com\\\/fr\\\/product\\\/acheter-lioresal-baclofene-comprimes-25mg\\\/\",\"name\":\"Acheter des pilules Lioresal Baclof\u00e8ne 25mg - Best Global Meds\",\"isPartOf\":{\"@id\":\"https:\\\/\\\/medicinasinc.com\\\/fr\\\/#website\"},\"primaryImageOfPage\":{\"@id\":\"https:\\\/\\\/medicinasinc.com\\\/fr\\\/product\\\/acheter-lioresal-baclofene-comprimes-25mg\\\/#primaryimage\"},\"image\":{\"@id\":\"https:\\\/\\\/medicinasinc.com\\\/fr\\\/product\\\/acheter-lioresal-baclofene-comprimes-25mg\\\/#primaryimage\"},\"thumbnailUrl\":\"https:\\\/\\\/medicinasinc.com\\\/fr\\\/wp-content\\\/uploads\\\/sites\\\/5\\\/2022\\\/02\\\/Buy-Lioresal-Baclofen-25mg.jpg\",\"datePublished\":\"2022-02-20T22:24:46+00:00\",\"dateModified\":\"2022-03-17T12:07:52+00:00\",\"description\":\"Acheter des pilules de Lioresal Baclofen 25mg \u00e0 vendre en Europe, au Royaume-Uni en ligne. Les comprim\u00e9s de Baclof\u00e8ne 3d formule Lioresal doivent \u00eatre pris par voie orale, avec de la nourriture. La posologie initiale est de 5 mg 3 fois par jour.\",\"breadcrumb\":{\"@id\":\"https:\\\/\\\/medicinasinc.com\\\/fr\\\/product\\\/acheter-lioresal-baclofene-comprimes-25mg\\\/#breadcrumb\"},\"inLanguage\":\"en-US\",\"potentialAction\":[{\"@type\":\"ReadAction\",\"target\":[\"https:\\\/\\\/medicinasinc.com\\\/fr\\\/product\\\/acheter-lioresal-baclofene-comprimes-25mg\\\/\"]}]},{\"@type\":\"ImageObject\",\"inLanguage\":\"en-US\",\"@id\":\"https:\\\/\\\/medicinasinc.com\\\/fr\\\/product\\\/acheter-lioresal-baclofene-comprimes-25mg\\\/#primaryimage\",\"url\":\"https:\\\/\\\/medicinasinc.com\\\/fr\\\/wp-content\\\/uploads\\\/sites\\\/5\\\/2022\\\/02\\\/Buy-Lioresal-Baclofen-25mg.jpg\",\"contentUrl\":\"https:\\\/\\\/medicinasinc.com\\\/fr\\\/wp-content\\\/uploads\\\/sites\\\/5\\\/2022\\\/02\\\/Buy-Lioresal-Baclofen-25mg.jpg\",\"width\":1280,\"height\":720},{\"@type\":\"BreadcrumbList\",\"@id\":\"https:\\\/\\\/medicinasinc.com\\\/fr\\\/product\\\/acheter-lioresal-baclofene-comprimes-25mg\\\/#breadcrumb\",\"itemListElement\":[{\"@type\":\"ListItem\",\"position\":1,\"name\":\"Boutique\",\"item\":\"https:\\\/\\\/medicinasinc.com\\\/fr\\\/boutique\\\/\"},{\"@type\":\"ListItem\",\"position\":2,\"name\":\"Acheter des pilules Lioresal Baclof\u00e8ne 25mg\"}]},{\"@type\":\"WebSite\",\"@id\":\"https:\\\/\\\/medicinasinc.com\\\/fr\\\/#website\",\"url\":\"https:\\\/\\\/medicinasinc.com\\\/fr\\\/\",\"name\":\"Medicinas Inc\",\"description\":\"Health Medical Clinic\",\"potentialAction\":[{\"@type\":\"SearchAction\",\"target\":{\"@type\":\"EntryPoint\",\"urlTemplate\":\"https:\\\/\\\/medicinasinc.com\\\/fr\\\/?s={search_term_string}\"},\"query-input\":{\"@type\":\"PropertyValueSpecification\",\"valueRequired\":true,\"valueName\":\"search_term_string\"}}],\"inLanguage\":\"en-US\"}]}<\/script>\n<!-- \/ Yoast SEO plugin. -->","yoast_head_json":{"title":"Acheter des pilules Lioresal Baclof\u00e8ne 25mg - Best Global Meds","description":"Acheter des pilules de Lioresal Baclofen 25mg \u00e0 vendre en Europe, au Royaume-Uni en ligne. Les comprim\u00e9s de Baclof\u00e8ne 3d formule Lioresal doivent \u00eatre pris par voie orale, avec de la nourriture. La posologie initiale est de 5 mg 3 fois par jour.","robots":{"index":"index","follow":"follow","max-snippet":"max-snippet:-1","max-image-preview":"max-image-preview:large","max-video-preview":"max-video-preview:-1"},"canonical":"https:\/\/medicinasinc.com\/fr\/product\/acheter-lioresal-baclofene-comprimes-25mg\/","og_locale":"en_US","og_type":"article","og_title":"Acheter des pilules Lioresal Baclof\u00e8ne 25mg - Best Global Meds","og_description":"Acheter des pilules de Lioresal Baclofen 25mg \u00e0 vendre en Europe, au Royaume-Uni en ligne. Les comprim\u00e9s de Baclof\u00e8ne 3d formule Lioresal doivent \u00eatre pris par voie orale, avec de la nourriture. La posologie initiale est de 5 mg 3 fois par jour.","og_url":"https:\/\/medicinasinc.com\/fr\/product\/acheter-lioresal-baclofene-comprimes-25mg\/","og_site_name":"Medicinas Inc","article_modified_time":"2022-03-17T12:07:52+00:00","og_image":[{"width":1280,"height":720,"url":"https:\/\/medicinasinc.com\/fr\/wp-content\/uploads\/sites\/5\/2022\/02\/Buy-Lioresal-Baclofen-25mg.jpg","type":"image\/jpeg"}],"twitter_card":"summary_large_image","twitter_misc":{"Est. reading time":"3 minutes"},"schema":{"@context":"https:\/\/schema.org","@graph":[{"@type":"WebPage","@id":"https:\/\/medicinasinc.com\/fr\/product\/acheter-lioresal-baclofene-comprimes-25mg\/","url":"https:\/\/medicinasinc.com\/fr\/product\/acheter-lioresal-baclofene-comprimes-25mg\/","name":"Acheter des pilules Lioresal Baclof\u00e8ne 25mg - Best Global Meds","isPartOf":{"@id":"https:\/\/medicinasinc.com\/fr\/#website"},"primaryImageOfPage":{"@id":"https:\/\/medicinasinc.com\/fr\/product\/acheter-lioresal-baclofene-comprimes-25mg\/#primaryimage"},"image":{"@id":"https:\/\/medicinasinc.com\/fr\/product\/acheter-lioresal-baclofene-comprimes-25mg\/#primaryimage"},"thumbnailUrl":"https:\/\/medicinasinc.com\/fr\/wp-content\/uploads\/sites\/5\/2022\/02\/Buy-Lioresal-Baclofen-25mg.jpg","datePublished":"2022-02-20T22:24:46+00:00","dateModified":"2022-03-17T12:07:52+00:00","description":"Acheter des pilules de Lioresal Baclofen 25mg \u00e0 vendre en Europe, au Royaume-Uni en ligne. Les comprim\u00e9s de Baclof\u00e8ne 3d formule Lioresal doivent \u00eatre pris par voie orale, avec de la nourriture. La posologie initiale est de 5 mg 3 fois par jour.","breadcrumb":{"@id":"https:\/\/medicinasinc.com\/fr\/product\/acheter-lioresal-baclofene-comprimes-25mg\/#breadcrumb"},"inLanguage":"en-US","potentialAction":[{"@type":"ReadAction","target":["https:\/\/medicinasinc.com\/fr\/product\/acheter-lioresal-baclofene-comprimes-25mg\/"]}]},{"@type":"ImageObject","inLanguage":"en-US","@id":"https:\/\/medicinasinc.com\/fr\/product\/acheter-lioresal-baclofene-comprimes-25mg\/#primaryimage","url":"https:\/\/medicinasinc.com\/fr\/wp-content\/uploads\/sites\/5\/2022\/02\/Buy-Lioresal-Baclofen-25mg.jpg","contentUrl":"https:\/\/medicinasinc.com\/fr\/wp-content\/uploads\/sites\/5\/2022\/02\/Buy-Lioresal-Baclofen-25mg.jpg","width":1280,"height":720},{"@type":"BreadcrumbList","@id":"https:\/\/medicinasinc.com\/fr\/product\/acheter-lioresal-baclofene-comprimes-25mg\/#breadcrumb","itemListElement":[{"@type":"ListItem","position":1,"name":"Boutique","item":"https:\/\/medicinasinc.com\/fr\/boutique\/"},{"@type":"ListItem","position":2,"name":"Acheter des pilules Lioresal Baclof\u00e8ne 25mg"}]},{"@type":"WebSite","@id":"https:\/\/medicinasinc.com\/fr\/#website","url":"https:\/\/medicinasinc.com\/fr\/","name":"Medicinas Inc","description":"Health Medical Clinic","potentialAction":[{"@type":"SearchAction","target":{"@type":"EntryPoint","urlTemplate":"https:\/\/medicinasinc.com\/fr\/?s={search_term_string}"},"query-input":{"@type":"PropertyValueSpecification","valueRequired":true,"valueName":"search_term_string"}}],"inLanguage":"en-US"}]}},"_links":{"self":[{"href":"https:\/\/medicinasinc.com\/fr\/wp-json\/wp\/v2\/product\/5237","targetHints":{"allow":["GET"]}}],"collection":[{"href":"https:\/\/medicinasinc.com\/fr\/wp-json\/wp\/v2\/product"}],"about":[{"href":"https:\/\/medicinasinc.com\/fr\/wp-json\/wp\/v2\/types\/product"}],"replies":[{"embeddable":true,"href":"https:\/\/medicinasinc.com\/fr\/wp-json\/wp\/v2\/comments?post=5237"}],"wp:featuredmedia":[{"embeddable":true,"href":"https:\/\/medicinasinc.com\/fr\/wp-json\/wp\/v2\/media\/5254"}],"wp:attachment":[{"href":"https:\/\/medicinasinc.com\/fr\/wp-json\/wp\/v2\/media?parent=5237"}],"wp:term":[{"taxonomy":"product_brand","embeddable":true,"href":"https:\/\/medicinasinc.com\/fr\/wp-json\/wp\/v2\/product_brand?post=5237"},{"taxonomy":"product_cat","embeddable":true,"href":"https:\/\/medicinasinc.com\/fr\/wp-json\/wp\/v2\/product_cat?post=5237"},{"taxonomy":"product_tag","embeddable":true,"href":"https:\/\/medicinasinc.com\/fr\/wp-json\/wp\/v2\/product_tag?post=5237"}],"curies":[{"name":"wp","href":"https:\/\/api.w.org\/{rel}","templated":true}]}}