{"id":5236,"date":"2022-02-20T22:23:28","date_gmt":"2022-02-20T22:23:28","guid":{"rendered":"https:\/\/medicinasinc.com\/fr\/?post_type=product&#038;p=5236"},"modified":"2022-03-17T12:08:06","modified_gmt":"2022-03-17T12:08:06","slug":"acheter-lexotanil-bromazepam-pilules-3mg-en-ligne","status":"publish","type":"product","link":"https:\/\/medicinasinc.com\/fr\/product\/acheter-lexotanil-bromazepam-pilules-3mg-en-ligne\/","title":{"rendered":"Acheter des pilules de Lexotanil Bromazepam 3mg en ligne"},"content":{"rendered":"<p>Comprim\u00e9s de Lexotanil Bromazepam 3mg \u00e0 acheter en ligne<br \/> Comprim\u00e9s de Lexotanil Bromazepam 3mg en ligne | lexotanil bromaz\u00e9pam<br \/> \u00c0 quoi sert le bromaz\u00e9pam lexotanil 3 mg ?<br \/> Le bromaz\u00e9pam (nom de marque Lexotan\u00ae) est une benzodiaz\u00e9pine. Il est principalement utilis\u00e9 pour aider au traitement des sympt\u00f4mes d&#8217;anxi\u00e9t\u00e9. De plus, il peut \u00eatre utilis\u00e9 pour soulager les sympt\u00f4mes de panique et d&#8217;anxi\u00e9t\u00e9 sociale. Il est fabriqu\u00e9 sous forme de comprim\u00e9s.<\/p>\n<p>Quelle est la dose typique de bromaz\u00e9pam\u00a0?<\/p>\n<p>Le bromaz\u00e9pam est g\u00e9n\u00e9ralement prescrit chez les adultes pour l&#8217;anxi\u00e9t\u00e9 \u00e0 une dose de 3 \u00e0 18\u00a0mg par jour, g\u00e9n\u00e9ralement r\u00e9partie sur le jour. Chez les personnes \u00e2g\u00e9es, la dose doit \u00eatre r\u00e9duite de moiti\u00e9, c&#8217;est-\u00e0-dire la moiti\u00e9 de la dose adulte.<\/p>\n<p>Comment et quand prendre Lexotan lexotanil 3 mg\u00a0?<\/p>\n<p>En position assise ou debout, avaler les pilules avec au moins un demi-verre d&#8217;eau. Cela garantit qu&#8217;il atteint l&#8217;estomac et ne se loge pas dans la gorge. Le bromaz\u00e9pam peut \u00eatre pris sans danger avant, pendant ou apr\u00e8s un repas.<\/p>\n<p>Combien de temps le bromaz\u00e9pam prendra-t-il pour faire effet\u00a0?<br \/> Le bromaz\u00e9pam commence souvent \u00e0 agir apr\u00e8s environ une heure. L&#8217;effet peut ensuite s&#8217;intensifier au cours de plusieurs jours ou semaines.<br \/> Combien de temps dois-je continuer \u00e0 prendre le lexotanil 3 mg ?<br \/> Cela variera en fonction de l&#8217;objectif pour lequel vous le prenez. LEXOTANIL, souvent orthographi\u00e9 Lexotan<\/p>\n<p>Puis-je arr\u00eater brusquement de prendre du bromaz\u00e9pam\u00a0?<\/p>\n<p>Si vous prenez du bromaz\u00e9pam quotidiennement pendant plus de 4 \u00e0 6\u00a0semaines environ, vous pouvez d\u00e9velopper une d\u00e9pendance \u00e0 celui-ci , mais ce n&#8217;est pas un probl\u00e8me si vous le prenez pour l&#8217;\u00e9pilepsie. Si vous en prenez r\u00e9guli\u00e8rement, il peut \u00eatre prudent de diminuer progressivement la dose sur quelques jours ou semaines. Vous devriez en discuter en d\u00e9tail avec votre m\u00e9decin prescripteur, votre m\u00e9decin, votre infirmi\u00e8re ou votre pharmacien. Si vous le prenez &#8220;au besoin&#8221; tous les quelques jours, vous devriez pouvoir arr\u00eater lorsque vous n&#8217;en avez plus besoin. 3 lexotanil<\/p>\n<p>Que dois-je faire si j&#8217;oublie une dose de LEXOTAN\u00a0?<br \/> Prenez la dose manquante d\u00e8s que vous vous souvenez, \u00e0 moins qu&#8217;il ne soit moins de 4\u00a0heures avant votre prochaine dose.<br \/> Si vous vous souvenez d&#8217;avoir suivi ceci, prenez simplement votre prochaine dose comme d&#8217;habitude. N&#8217;essayez pas de vous rattraper en prenant deux doses en m\u00eame temps, car cela pourrait entra\u00eener une augmentation des effets ind\u00e9sirables.<br \/> Puis-je consommer de l&#8217;alcool lorsque je prends du bromaz\u00e9pam\u00a0? Achetez BROMAZEPAM LEXOTANIL, \u00e9galement connu sous le nom de Lexotan 3 MG.<br \/> Si vous buvez de l&#8217;alcool pendant que vous prenez LEXOTANIL, vous pouvez ressentir une somnolence accrue. Ceci est particuli\u00e8rement important si vous conduisez ou utilisez des machines, et vous devriez obtenir des conseils \u00e0 ce sujet.<\/p>\n<p>Quel type d&#8217;effets ind\u00e9sirables suis-je susceptible de ressentir si je prends du bromaz\u00e9pam\u00a0? Achetez BROMAZEPAM LEXOTANIL, \u00e9galement connu sous le nom de Lexotan 3 MG.<\/p>\n<p>De nombreuses personnes obtiennent\u00a0: Seules quelques personnes obtiennent\u00a0: Seules quelques personnes s\u00e9lectionn\u00e9es obtiennent\u00a0:<br \/> \u00c9tourdissements<br \/> Somnolence<br \/> Le le lendemain, vous pourriez vous sentir instable sur vos pieds.<br \/> Maux de t\u00eate<br \/> Confusion<br \/> Insomnie (oublier des choses)<br \/> Ne vous inqui\u00e9tez pas de la liste d&#8217;effets ind\u00e9sirables suivante. Certaines personnes ne ressentent aucun effet ind\u00e9sirable, tandis que d&#8217;autres peuvent en ressentir certains qui ne sont pas inclus ici. Si vous pensez ressentir un effet secondaire de vos m\u00e9dicaments, consultez votre m\u00e9decin, votre infirmi\u00e8re ou votre pharmacien.<\/p>\n<p>Puis-je conduire ou faire du v\u00e9lo en toute s\u00e9curit\u00e9 pendant que je prends LEXOTANIL\u00a0?<\/p>\n<p> Le bromaz\u00e9pam peut alt\u00e9rer votre capacit\u00e9 de conduire et provoquer de l\u00e9gers \u00e9tourdissements et des \u00e9tourdissements.<\/p>\n<p>Faites attention lorsque vous conduisez ou utilisez des machines jusqu&#8217;\u00e0 ce que vous sachiez comment le bromaz\u00e9pam vous affecte. Vous devez faire preuve de prudence car cela peut ralentir votre temps de r\u00e9action.<\/p>\n","protected":false},"excerpt":{"rendered":"<p>Les comprim\u00e9s de Lexotanil Bromazepam 3mg peuvent \u00eatre achet\u00e9s en ligne. Le bromaz\u00e9pam (Lexotanil) fait partie de la classe de m\u00e9dicaments des benzodiaz\u00e9pines, qui comprend les antid\u00e9presseurs, les agents anti-panique et les relaxants musculaires.<\/p>\n<p>Le bromaz\u00e9pam est une benzodiaz\u00e9pine \u00e0 action br\u00e8ve \u00e0 action lente qui est fr\u00e9quemment utilis\u00e9e. 8230\u00a0; Comprim\u00e9, 3 mg, oral, comprim\u00e9s d&#8217;alti-bromaz\u00e9pam 3 mg, meilleurs m\u00e9dicaments mondiaux<\/p>\n<p>Acheter du bromaz\u00e9pam en ligne sans ordonnance | Achetez Lexotan 6mg en ligne sans ordonnance<\/p>\n<p>Le bromaz\u00e9pam (Lexotanil) est une benzodiaz\u00e9pine.<\/p>\n","protected":false},"featured_media":5252,"comment_status":"open","ping_status":"closed","template":"","meta":[],"product_brand":[],"product_cat":[1117],"product_tag":[1421,1419,1420,1426,1427,1422,1436,1423,1424,1425,1429,1431,1432,1433,1434,1435,1437,1430,1438,1428],"class_list":{"0":"post-5236","1":"product","2":"type-product","3":"status-publish","4":"has-post-thumbnail","6":"product_cat-acheter-douleur-sommeil-sexe-pilules","7":"product_tag-3mg-klonopin","8":"product_tag-3-mgs","9":"product_tag-3mg","10":"product_tag-acheter-lexotanil-bromazepam","11":"product_tag-acheter-lexotanil-bromazepam-du-canada","12":"product_tag-bromazpam","13":"product_tag-lexotanil-bromazpam","14":"product_tag-bromazpam-lexotanil","15":"product_tag-bromazepam-lexotanil-6mg-for-sale","16":"product_tag-bromazpam-lexotanil--vendre","17":"product_tag-is-lexapro-a-benzodiazpines","18":"product_tag-lexatine","19":"product_tag-lexomil","20":"product_tag-lexotan","21":"product_tag-lexotan-3mg","22":"product_tag-lexotanil","23":"product_tag-lexotanil-bromazpam-3mg","24":"product_tag-lexapro-nom-gnrique","25":"product_tag-onglets-pilules-drogues","26":"product_tag-pouvez-vous-surdoser-sur-lexapro","28":"first","29":"instock","30":"shipping-taxable","31":"purchasable","32":"product-type-variable","33":"has-default-attributes"},"yoast_head":"<!-- This site is optimized with the Yoast SEO plugin v27.3 - https:\/\/yoast.com\/product\/yoast-seo-wordpress\/ -->\n<title>Acheter des pilules de Lexotanil Bromazepam 3mg en ligne - Best Best Global Meds<\/title>\n<meta name=\"description\" content=\"Acheter des pilules de Lexotanil Bromazepam 3mg en vente en ligne au Royaume-Uni, en Europe. Le bromaz\u00e9pam (Lexotanil) appartient au groupe de m\u00e9dicaments appel\u00e9s benzodiaz\u00e9pines, une classe d&#039;antid\u00e9presseurs, d&#039;agents anti-panique et de relaxants musculaires.\" \/>\n<meta name=\"robots\" content=\"index, follow, max-snippet:-1, max-image-preview:large, max-video-preview:-1\" \/>\n<link rel=\"canonical\" href=\"https:\/\/medicinasinc.com\/fr\/product\/acheter-lexotanil-bromazepam-pilules-3mg-en-ligne\/\" \/>\n<meta property=\"og:locale\" content=\"en_US\" \/>\n<meta property=\"og:type\" content=\"article\" \/>\n<meta property=\"og:title\" content=\"Acheter des pilules de Lexotanil Bromazepam 3mg en ligne - Best Best Global Meds\" \/>\n<meta property=\"og:description\" content=\"Acheter des pilules de Lexotanil Bromazepam 3mg en vente en ligne au Royaume-Uni, en Europe. Le bromaz\u00e9pam (Lexotanil) appartient au groupe de m\u00e9dicaments appel\u00e9s benzodiaz\u00e9pines, une classe d&#039;antid\u00e9presseurs, d&#039;agents anti-panique et de relaxants musculaires.\" \/>\n<meta property=\"og:url\" content=\"https:\/\/medicinasinc.com\/fr\/product\/acheter-lexotanil-bromazepam-pilules-3mg-en-ligne\/\" \/>\n<meta property=\"og:site_name\" content=\"Medicinas Inc\" \/>\n<meta property=\"article:modified_time\" content=\"2022-03-17T12:08:06+00:00\" \/>\n<meta property=\"og:image\" content=\"https:\/\/medicinasinc.com\/fr\/wp-content\/uploads\/sites\/5\/2022\/02\/Buy-Lexotan-Bromazepam-3mg.jpg\" \/>\n\t<meta property=\"og:image:width\" content=\"600\" \/>\n\t<meta property=\"og:image:height\" content=\"600\" \/>\n\t<meta property=\"og:image:type\" content=\"image\/jpeg\" \/>\n<meta name=\"twitter:card\" content=\"summary_large_image\" \/>\n<meta name=\"twitter:label1\" content=\"Est. reading time\" \/>\n\t<meta name=\"twitter:data1\" content=\"3 minutes\" \/>\n<script type=\"application\/ld+json\" class=\"yoast-schema-graph\">{\"@context\":\"https:\\\/\\\/schema.org\",\"@graph\":[{\"@type\":\"WebPage\",\"@id\":\"https:\\\/\\\/medicinasinc.com\\\/fr\\\/product\\\/acheter-lexotanil-bromazepam-pilules-3mg-en-ligne\\\/\",\"url\":\"https:\\\/\\\/medicinasinc.com\\\/fr\\\/product\\\/acheter-lexotanil-bromazepam-pilules-3mg-en-ligne\\\/\",\"name\":\"Acheter des pilules de Lexotanil Bromazepam 3mg en ligne - Best Best Global Meds\",\"isPartOf\":{\"@id\":\"https:\\\/\\\/medicinasinc.com\\\/fr\\\/#website\"},\"primaryImageOfPage\":{\"@id\":\"https:\\\/\\\/medicinasinc.com\\\/fr\\\/product\\\/acheter-lexotanil-bromazepam-pilules-3mg-en-ligne\\\/#primaryimage\"},\"image\":{\"@id\":\"https:\\\/\\\/medicinasinc.com\\\/fr\\\/product\\\/acheter-lexotanil-bromazepam-pilules-3mg-en-ligne\\\/#primaryimage\"},\"thumbnailUrl\":\"https:\\\/\\\/medicinasinc.com\\\/fr\\\/wp-content\\\/uploads\\\/sites\\\/5\\\/2022\\\/02\\\/Buy-Lexotan-Bromazepam-3mg.jpg\",\"datePublished\":\"2022-02-20T22:23:28+00:00\",\"dateModified\":\"2022-03-17T12:08:06+00:00\",\"description\":\"Acheter des pilules de Lexotanil Bromazepam 3mg en vente en ligne au Royaume-Uni, en Europe. Le bromaz\u00e9pam (Lexotanil) appartient au groupe de m\u00e9dicaments appel\u00e9s benzodiaz\u00e9pines, une classe d'antid\u00e9presseurs, d'agents anti-panique et de relaxants musculaires.\",\"breadcrumb\":{\"@id\":\"https:\\\/\\\/medicinasinc.com\\\/fr\\\/product\\\/acheter-lexotanil-bromazepam-pilules-3mg-en-ligne\\\/#breadcrumb\"},\"inLanguage\":\"en-US\",\"potentialAction\":[{\"@type\":\"ReadAction\",\"target\":[\"https:\\\/\\\/medicinasinc.com\\\/fr\\\/product\\\/acheter-lexotanil-bromazepam-pilules-3mg-en-ligne\\\/\"]}]},{\"@type\":\"ImageObject\",\"inLanguage\":\"en-US\",\"@id\":\"https:\\\/\\\/medicinasinc.com\\\/fr\\\/product\\\/acheter-lexotanil-bromazepam-pilules-3mg-en-ligne\\\/#primaryimage\",\"url\":\"https:\\\/\\\/medicinasinc.com\\\/fr\\\/wp-content\\\/uploads\\\/sites\\\/5\\\/2022\\\/02\\\/Buy-Lexotan-Bromazepam-3mg.jpg\",\"contentUrl\":\"https:\\\/\\\/medicinasinc.com\\\/fr\\\/wp-content\\\/uploads\\\/sites\\\/5\\\/2022\\\/02\\\/Buy-Lexotan-Bromazepam-3mg.jpg\",\"width\":600,\"height\":600},{\"@type\":\"BreadcrumbList\",\"@id\":\"https:\\\/\\\/medicinasinc.com\\\/fr\\\/product\\\/acheter-lexotanil-bromazepam-pilules-3mg-en-ligne\\\/#breadcrumb\",\"itemListElement\":[{\"@type\":\"ListItem\",\"position\":1,\"name\":\"Boutique\",\"item\":\"https:\\\/\\\/medicinasinc.com\\\/fr\\\/boutique\\\/\"},{\"@type\":\"ListItem\",\"position\":2,\"name\":\"Acheter des pilules de Lexotanil Bromazepam 3mg en ligne\"}]},{\"@type\":\"WebSite\",\"@id\":\"https:\\\/\\\/medicinasinc.com\\\/fr\\\/#website\",\"url\":\"https:\\\/\\\/medicinasinc.com\\\/fr\\\/\",\"name\":\"Medicinas Inc\",\"description\":\"Health Medical Clinic\",\"potentialAction\":[{\"@type\":\"SearchAction\",\"target\":{\"@type\":\"EntryPoint\",\"urlTemplate\":\"https:\\\/\\\/medicinasinc.com\\\/fr\\\/?s={search_term_string}\"},\"query-input\":{\"@type\":\"PropertyValueSpecification\",\"valueRequired\":true,\"valueName\":\"search_term_string\"}}],\"inLanguage\":\"en-US\"}]}<\/script>\n<!-- \/ Yoast SEO plugin. -->","yoast_head_json":{"title":"Acheter des pilules de Lexotanil Bromazepam 3mg en ligne - Best Best Global Meds","description":"Acheter des pilules de Lexotanil Bromazepam 3mg en vente en ligne au Royaume-Uni, en Europe. Le bromaz\u00e9pam (Lexotanil) appartient au groupe de m\u00e9dicaments appel\u00e9s benzodiaz\u00e9pines, une classe d'antid\u00e9presseurs, d'agents anti-panique et de relaxants musculaires.","robots":{"index":"index","follow":"follow","max-snippet":"max-snippet:-1","max-image-preview":"max-image-preview:large","max-video-preview":"max-video-preview:-1"},"canonical":"https:\/\/medicinasinc.com\/fr\/product\/acheter-lexotanil-bromazepam-pilules-3mg-en-ligne\/","og_locale":"en_US","og_type":"article","og_title":"Acheter des pilules de Lexotanil Bromazepam 3mg en ligne - Best Best Global Meds","og_description":"Acheter des pilules de Lexotanil Bromazepam 3mg en vente en ligne au Royaume-Uni, en Europe. Le bromaz\u00e9pam (Lexotanil) appartient au groupe de m\u00e9dicaments appel\u00e9s benzodiaz\u00e9pines, une classe d'antid\u00e9presseurs, d'agents anti-panique et de relaxants musculaires.","og_url":"https:\/\/medicinasinc.com\/fr\/product\/acheter-lexotanil-bromazepam-pilules-3mg-en-ligne\/","og_site_name":"Medicinas Inc","article_modified_time":"2022-03-17T12:08:06+00:00","og_image":[{"width":600,"height":600,"url":"https:\/\/medicinasinc.com\/fr\/wp-content\/uploads\/sites\/5\/2022\/02\/Buy-Lexotan-Bromazepam-3mg.jpg","type":"image\/jpeg"}],"twitter_card":"summary_large_image","twitter_misc":{"Est. reading time":"3 minutes"},"schema":{"@context":"https:\/\/schema.org","@graph":[{"@type":"WebPage","@id":"https:\/\/medicinasinc.com\/fr\/product\/acheter-lexotanil-bromazepam-pilules-3mg-en-ligne\/","url":"https:\/\/medicinasinc.com\/fr\/product\/acheter-lexotanil-bromazepam-pilules-3mg-en-ligne\/","name":"Acheter des pilules de Lexotanil Bromazepam 3mg en ligne - Best Best Global Meds","isPartOf":{"@id":"https:\/\/medicinasinc.com\/fr\/#website"},"primaryImageOfPage":{"@id":"https:\/\/medicinasinc.com\/fr\/product\/acheter-lexotanil-bromazepam-pilules-3mg-en-ligne\/#primaryimage"},"image":{"@id":"https:\/\/medicinasinc.com\/fr\/product\/acheter-lexotanil-bromazepam-pilules-3mg-en-ligne\/#primaryimage"},"thumbnailUrl":"https:\/\/medicinasinc.com\/fr\/wp-content\/uploads\/sites\/5\/2022\/02\/Buy-Lexotan-Bromazepam-3mg.jpg","datePublished":"2022-02-20T22:23:28+00:00","dateModified":"2022-03-17T12:08:06+00:00","description":"Acheter des pilules de Lexotanil Bromazepam 3mg en vente en ligne au Royaume-Uni, en Europe. Le bromaz\u00e9pam (Lexotanil) appartient au groupe de m\u00e9dicaments appel\u00e9s benzodiaz\u00e9pines, une classe d'antid\u00e9presseurs, d'agents anti-panique et de relaxants musculaires.","breadcrumb":{"@id":"https:\/\/medicinasinc.com\/fr\/product\/acheter-lexotanil-bromazepam-pilules-3mg-en-ligne\/#breadcrumb"},"inLanguage":"en-US","potentialAction":[{"@type":"ReadAction","target":["https:\/\/medicinasinc.com\/fr\/product\/acheter-lexotanil-bromazepam-pilules-3mg-en-ligne\/"]}]},{"@type":"ImageObject","inLanguage":"en-US","@id":"https:\/\/medicinasinc.com\/fr\/product\/acheter-lexotanil-bromazepam-pilules-3mg-en-ligne\/#primaryimage","url":"https:\/\/medicinasinc.com\/fr\/wp-content\/uploads\/sites\/5\/2022\/02\/Buy-Lexotan-Bromazepam-3mg.jpg","contentUrl":"https:\/\/medicinasinc.com\/fr\/wp-content\/uploads\/sites\/5\/2022\/02\/Buy-Lexotan-Bromazepam-3mg.jpg","width":600,"height":600},{"@type":"BreadcrumbList","@id":"https:\/\/medicinasinc.com\/fr\/product\/acheter-lexotanil-bromazepam-pilules-3mg-en-ligne\/#breadcrumb","itemListElement":[{"@type":"ListItem","position":1,"name":"Boutique","item":"https:\/\/medicinasinc.com\/fr\/boutique\/"},{"@type":"ListItem","position":2,"name":"Acheter des pilules de Lexotanil Bromazepam 3mg en ligne"}]},{"@type":"WebSite","@id":"https:\/\/medicinasinc.com\/fr\/#website","url":"https:\/\/medicinasinc.com\/fr\/","name":"Medicinas Inc","description":"Health Medical Clinic","potentialAction":[{"@type":"SearchAction","target":{"@type":"EntryPoint","urlTemplate":"https:\/\/medicinasinc.com\/fr\/?s={search_term_string}"},"query-input":{"@type":"PropertyValueSpecification","valueRequired":true,"valueName":"search_term_string"}}],"inLanguage":"en-US"}]}},"_links":{"self":[{"href":"https:\/\/medicinasinc.com\/fr\/wp-json\/wp\/v2\/product\/5236","targetHints":{"allow":["GET"]}}],"collection":[{"href":"https:\/\/medicinasinc.com\/fr\/wp-json\/wp\/v2\/product"}],"about":[{"href":"https:\/\/medicinasinc.com\/fr\/wp-json\/wp\/v2\/types\/product"}],"replies":[{"embeddable":true,"href":"https:\/\/medicinasinc.com\/fr\/wp-json\/wp\/v2\/comments?post=5236"}],"wp:featuredmedia":[{"embeddable":true,"href":"https:\/\/medicinasinc.com\/fr\/wp-json\/wp\/v2\/media\/5252"}],"wp:attachment":[{"href":"https:\/\/medicinasinc.com\/fr\/wp-json\/wp\/v2\/media?parent=5236"}],"wp:term":[{"taxonomy":"product_brand","embeddable":true,"href":"https:\/\/medicinasinc.com\/fr\/wp-json\/wp\/v2\/product_brand?post=5236"},{"taxonomy":"product_cat","embeddable":true,"href":"https:\/\/medicinasinc.com\/fr\/wp-json\/wp\/v2\/product_cat?post=5236"},{"taxonomy":"product_tag","embeddable":true,"href":"https:\/\/medicinasinc.com\/fr\/wp-json\/wp\/v2\/product_tag?post=5236"}],"curies":[{"name":"wp","href":"https:\/\/api.w.org\/{rel}","templated":true}]}}