{"id":5209,"date":"2022-02-20T21:59:55","date_gmt":"2022-02-20T21:59:55","guid":{"rendered":"https:\/\/medicinasinc.com\/fr\/?post_type=product&#038;p=5209"},"modified":"2022-03-17T12:08:18","modified_gmt":"2022-03-17T12:08:18","slug":"acheter-klonopin-2-mg","status":"publish","type":"product","link":"https:\/\/medicinasinc.com\/fr\/product\/acheter-klonopin-2-mg\/","title":{"rendered":"Acheter Klonopin 2 mg"},"content":{"rendered":"<p>En ligne, vous pouvez acheter des comprim\u00e9s de Klonopin 2 mg \u00e0 vendre \u00e0 bas prix.<\/p>\n<p>Klonopin est un v\u00e9ritable \u00e9lixir qui vous aidera \u00e0 faire face \u00e0 vos probl\u00e8mes. Cela vous aidera \u00e9galement \u00e0 vous sentir mieux.<\/p>\n<p>Klonopin est une benzodiaz\u00e9pine s\u00e9dative et anticonvulsivante, et il peut aider les gens \u00e0 se d\u00e9tendre et \u00e0 arr\u00eater d&#8217;avoir des crises. Il est principalement utilis\u00e9 pour traiter les troubles anxieux, comme le trouble panique.<\/p>\n<p>Regardez de plus pr\u00e8s le Klonopin maintenant.<\/p>\n<p>Klonopin est la seule benzodiaz\u00e9pine approuv\u00e9e par la FDA pour traiter le trouble panique. . De nombreuses personnes utilisent Klonopin pour traiter l&#8217;anxi\u00e9t\u00e9, l&#8217;agitation, la manie aigu\u00eb (en association avec d&#8217;autres m\u00e9dicaments) et pour arr\u00eater rapidement les crises. Utilisation\u00a0: Il est utilis\u00e9 comme m\u00e9dicament anticonvulsivant \u00e0 long terme, comme un somnif\u00e8re, pour traiter les douleurs nerveuses.<\/p>\n<p>Ils peuvent \u00eatre calmes, peut-\u00eatre d\u00e9fonc\u00e9s et un peu fatigu\u00e9s apr\u00e8s avoir pris Klonopin. Les effets secondaires varient d&#8217;une personne \u00e0 l&#8217;autre et d\u00e9pendent de la quantit\u00e9 que vous prenez. Dans la plupart des cas, Klonopin est administr\u00e9 deux fois par jour, pour environ 0,25 mg \u00e0 2 mg. Les personnes atteintes d&#8217;\u00e9pilepsie peuvent prendre jusqu&#8217;\u00e0 20 mg par jour.<\/p>\n<p>Voici comment Klonopin agit\u00a0: il affecte le neurotransmetteur GABA, qui est un antidote. Parce que Klonopin fait tant de choses \u00e0 la fois, il ralentit le cerveau en r\u00e9duisant la capacit\u00e9 des nerfs \u00e0 envoyer des impulsions. En raison d&#8217;une activit\u00e9 moindre, les gens deviennent moins anxieux et le risque d&#8217;avoir une crise diminue \u00e9galement.<\/p>\n<p>En m\u00e9decine, Klonopin est utilis\u00e9 pour traiter les crises d&#8217;\u00e9pilepsie et les attaques de panique. Il peut \u00e9galement \u00eatre utilis\u00e9 comme hypnotique pour traiter les troubles anxieux, le trouble panique et la douleur. La prise de benzodiaz\u00e9pine aidera \u00e0 arr\u00eater la crise et \u00e0 ramener l&#8217;activit\u00e9 c\u00e9r\u00e9brale \u00e0 la normale. Cela peut \u00e9galement aider \u00e0 soulager la douleur, en particulier la douleur neuropathique, car il est difficile pour les neurones d&#8217;envoyer des signaux de douleur, ce qui les rend moins sensibles.<\/p>\n<p>Points \u00e0 discuter avec le m\u00e9decin avant de prendre Klonopin<\/p>\n<p>Vous devez informer votre m\u00e9decin si vous\u00a0:<\/p>\n<p>Au moins une de ces affections\u00a0:<\/p>\n<p>\u2022 probl\u00e8mes de foie<\/p>\n<p>\u2022 abus d&#8217;alcool ou de drogues, actuels ou pass\u00e9s\u00a0;<\/p>\n<p>Les personnes souffrant d&#8217;asthme, de bronchite, d&#8217;emphys\u00e8me ou d&#8217;autres maladies respiratoires\u00a0;<\/p>\n<p>\u2022 la tristesse ou les pens\u00e9es suicidaires.<\/p>\n<p>A beaucoup de personnes atteintes des maladies ci-dessus ne peuvent pas prendre Klonopin, ou elles devront prendre une dose plus faible du m\u00e9dicament et se faire examiner par leur m\u00e9decin.<\/p>\n<p>Si vous avez plus de 60 ans, les risques de ayant des effets secondaires du m\u00e9dicament sont tr\u00e8s \u00e9lev\u00e9s. Pour cette raison, votre dose de Klonopin doit \u00eatre modifi\u00e9e en fonction de votre \u00e9tat de sant\u00e9.<\/p>\n<p>Utilisation\u00a0:<\/p>\n<p>Klonopin ne doit \u00eatre pris que de la mani\u00e8re indiqu\u00e9e par un m\u00e9decin. Contactez votre m\u00e9decin ou votre pharmacien pour obtenir des conseils sur la fa\u00e7on de l&#8217;utiliser. Lorsque vous prenez la pilule, vous devez tout boire. Ne prenez pas plus que ce que votre m\u00e9decin vous a prescrit. Avant de finir de prendre le produit, parlez-en \u00e0 votre m\u00e9decin.<\/p>\n<p>Regardez ce qui se passe lorsque vous prenez trop de m\u00e9dicament.<\/p>\n<p>En cas de surdosage, appelez imm\u00e9diatement un m\u00e9decin loin.<\/p>\n<p>Signes d&#8217;un surdosage\u00a0:<\/p>\n<p>la somnolence, les \u00e9tourdissements, la confusion, un rythme cardiaque lent, des sympt\u00f4mes semblables \u00e0 ceux de l&#8217;alcool et la perte de conscience sont tous des signes d&#8217;alcoolisme.<\/p>\n<p>Si quelqu&#8217;un prend trop de m\u00e9dicament, un lavage gastrique et un traitement des effets secondaires sont effectu\u00e9s.<\/p>\n<p>Lorsque vous conduisez, utilisez des machines ou effectuez d&#8217;autres travaux qui pourraient \u00eatre dangereux, soyez prudent.<\/p>\n<p>En cas de somnolence ou de vertiges, vous ne devez pas faire ce genre de choses.<\/p>\n<p>L&#8217;alcool ne doit pas \u00eatre m\u00e9lang\u00e9 avec Klonopin. L&#8217;alcool rend Klonopin plus susceptible de provoquer des effets secondaires graves. En cons\u00e9quence, il y a \u00e9galement un plus grand risque d&#8217;avoir des convulsions.<\/p>\n<p>Klonopin a quoi\u00a0?<\/p>\n<p>allergie\u00a0: essoufflement, gonflement des l\u00e8vres, du visage, de la langue ou \u00e9ruption cutan\u00e9e <\/p>\n<p>Il est \u00e9galement possible que d&#8217;autres effets secondaires moins graves se manifestent.<\/p>\n<p>Continuez \u00e0 prendre le m\u00e9dicament et informez votre m\u00e9decin si vous avez\u00a0:<\/p>\n<p>Somnolence ; \u00e9tourdissements ou mouvement maladroit; d\u00e9pression; \u00e9tourdissements, naus\u00e9es, diarrh\u00e9e ou constipation; difficult\u00e9 \u00e0 uriner, cauchemars, maux de t\u00eate, bouche s\u00e8che, baisse du d\u00e9sir sexuel et changements de comportement sont tous des signes de d\u00e9pression.<\/p>\n<p>Dosage et mode d&#8217;emploi<\/p>\n<p>Le traitement par Klonopin commence par de petites doses et les augmente progressivement pour obtenir les meilleurs r\u00e9sultats. \u00c9tant donn\u00e9 que chaque personne a une condition et une r\u00e9action corporelle diff\u00e9rentes \u00e0 la prise d&#8217;un m\u00e9dicament, la posologie est adapt\u00e9e \u00e0 ses besoins. La dose la plus courante de Klonopin est de 0,5 mg trois fois par jour. Si l&#8217;effet th\u00e9rapeutique n&#8217;est pas atteint, la dose peut \u00eatre augment\u00e9e tous les trois jours du traitement jusqu&#8217;\u00e0 ce qu&#8217;il soit atteint.<\/p>\n<p>Lorsque le m\u00e9dicament est pris \u00e0 fortes doses, en particulier sur une longue p\u00e9riode, il peut provoquer probl\u00e8mes d&#8217;articulation, diplopie, nystagmus, r\u00e9actions paradoxales (comme une excitation soudaine) et amn\u00e9sie ant\u00e9rograde. Quelques fois, une personne a une r\u00e9action d&#8217;hypersensibilit\u00e9, une faiblesse musculaire ou une d\u00e9pression. Les personnes atteintes de certains types d&#8217;\u00e9pilepsie peuvent avoir plus de crises si elles suivent un traitement de longue dur\u00e9e.<\/p>\n","protected":false},"excerpt":{"rendered":"<p>Achetez des comprim\u00e9s de Klonopin 2 mg en vente au Royaume-Uni, en Europe et dans le reste du monde. Klonopin (clonaz\u00e9pam) peut aider les personnes souffrant de convulsions, de trouble panique et d&#8217;anxi\u00e9t\u00e9. Les benzodiaz\u00e9pines sont des m\u00e9dicaments qui vous apaisent.<\/p>\n<p>Clonazepam klonopin 2mg peut \u00eatre achet\u00e9 en ligne au meilleur prix au meilleur endroit. Best Global Meds est une pharmacie en ligne bien connue qui ne vend que des m\u00e9dicaments l\u00e9gaux. Lorsque vous commandez en ligne, vous pouvez \u00e9conomiser du temps et de l&#8217;argent.<\/p>\n<p>Royaume-Uni, Europe\u00a0: je veux vendre Klonopin. Il existe des endroits en Europe o\u00f9 vous pouvez acheter du clonaz\u00e9pam en ligne et acheter des comprim\u00e9s de klonopin 2mg.<\/p>\n","protected":false},"featured_media":5228,"comment_status":"open","ping_status":"closed","template":"","meta":[],"product_brand":[],"product_cat":[1117],"product_tag":[1370,1414,1417,1371,1374,1375,1389,1383,1379,1378,1382,1380,1381,1399,1392,1395,1413,1384,1377,1385,1388,1390,1391,1372,1373,1407,1408,1409,1387,1393,1396,1398,1376,1400,1397,1404,1405,1406,1411,1386,1401,1410,1403,1394,1415,1416,1402,1412,1418],"class_list":{"0":"post-5209","1":"product","2":"type-product","3":"status-publish","4":"has-post-thumbnail","6":"product_cat-acheter-douleur-sommeil-sexe-pilules","7":"product_tag-1mg-klonopin","8":"product_tag--quoi-ressemble-klonopin","9":"product_tag--quoi-est-utilis-klonopin","10":"product_tag-ativan-vs-klonopin","11":"product_tag-can-you-take-klonopin-for-life","12":"product_tag-clonazepam-klonopin-orange-pilule-1-2","13":"product_tag-klonopin-10-mg","14":"product_tag-combien-dheures-entre-les-doses-de-klonopin","15":"product_tag-combien-de-temps-dure-klonopin","16":"product_tag-combien-de-temps-faut-il-pour-que-klonopin-se-dclenche","17":"product_tag-combien-de-temps-klonopin-met-il-au-travail","18":"product_tag-combien-de-temps-klonopin-reste-dans-votre-systme","19":"product_tag-combien-de-temps-klonopin-reste-dans-votre-urine","20":"product_tag-klonopin-demi-vie","21":"product_tag-klonopin-dpendance","22":"product_tag-klonopin-doses","23":"product_tag-effets-secondaires-du-klonopin","24":"product_tag-est-1mg-de-klonopin-a-faible-dose","25":"product_tag-half-life-of-klonopin","26":"product_tag-is-klonopin-a-benzo","27":"product_tag-klonopin","28":"product_tag-klonopin-1mg","29":"product_tag-klonopin-2mg","30":"product_tag-bleu-klonopin","31":"product_tag-bleu-klonopin-2mg","32":"product_tag-klonopin-vs-valium","33":"product_tag-klonopin-vs-xanax","34":"product_tag-klonopin-vs-xanax-reddit","35":"product_tag-est-klonopin-un-stupfiant","36":"product_tag-klonopin-et-alcool","37":"product_tag-klonopin-for-anxiety","38":"product_tag-klonopin-gnrique","39":"product_tag-gnrique-klonopin","40":"product_tag-klonopin-high","41":"product_tag-klonopin-pour-sommeil","42":"product_tag-klonopin-side-effects","43":"product_tag-klonopin-uses","44":"product_tag-klonopin-vs-ativan","45":"product_tag-klonopin-withdrawal","46":"product_tag-est-klonopin-une-substance-contrle","47":"product_tag-klonopin-mdicament","48":"product_tag-klonopin-perte-de-poids","49":"product_tag-pilules-de-clonopine","50":"product_tag-klonopin-dosage","51":"product_tag-quest-ce-quune-forte-dose-de-klonopin","52":"product_tag-quest-ce-que-klonopin","53":"product_tag-surdosage-de-klonopin","54":"product_tag-klonopin-symptmes-de-sevrage","55":"product_tag-xanax-vs-klonopin","57":"first","58":"instock","59":"shipping-taxable","60":"purchasable","61":"product-type-variable","62":"has-default-attributes"},"yoast_head":"<!-- This site is optimized with the Yoast SEO plugin v27.3 - https:\/\/yoast.com\/product\/yoast-seo-wordpress\/ -->\n<title>Acheter Klonopin 2 mg - Vente en ligne Klonopin - Best Best Global Meds<\/title>\n<meta name=\"description\" content=\"Acheter des pilules Klonopin 2 mg \u00e0 vendre au Royaume-Uni et en Europe en ligne. Klonopin (clonaz\u00e9pam) traite les convulsions, le trouble panique et l&#039;anxi\u00e9t\u00e9. Ce m\u00e9dicament est une benzodiaz\u00e9pine.\" \/>\n<meta name=\"robots\" content=\"index, follow, max-snippet:-1, max-image-preview:large, max-video-preview:-1\" \/>\n<link rel=\"canonical\" href=\"https:\/\/medicinasinc.com\/fr\/product\/acheter-klonopin-2-mg\/\" \/>\n<meta property=\"og:locale\" content=\"en_US\" \/>\n<meta property=\"og:type\" content=\"article\" \/>\n<meta property=\"og:title\" content=\"Acheter Klonopin 2 mg - Vente en ligne Klonopin - Best Best Global Meds\" \/>\n<meta property=\"og:description\" content=\"Acheter des pilules Klonopin 2 mg \u00e0 vendre au Royaume-Uni et en Europe en ligne. Klonopin (clonaz\u00e9pam) traite les convulsions, le trouble panique et l&#039;anxi\u00e9t\u00e9. Ce m\u00e9dicament est une benzodiaz\u00e9pine.\" \/>\n<meta property=\"og:url\" content=\"https:\/\/medicinasinc.com\/fr\/product\/acheter-klonopin-2-mg\/\" \/>\n<meta property=\"og:site_name\" content=\"Medicinas Inc\" \/>\n<meta property=\"article:modified_time\" content=\"2022-03-17T12:08:18+00:00\" \/>\n<meta property=\"og:image\" content=\"https:\/\/medicinasinc.com\/fr\/wp-content\/uploads\/sites\/5\/2022\/02\/Buy-Klonopin-2-mg.jpeg\" \/>\n\t<meta property=\"og:image:width\" content=\"236\" \/>\n\t<meta property=\"og:image:height\" content=\"296\" \/>\n\t<meta property=\"og:image:type\" content=\"image\/jpeg\" \/>\n<meta name=\"twitter:card\" content=\"summary_large_image\" \/>\n<meta name=\"twitter:label1\" content=\"Est. reading time\" \/>\n\t<meta name=\"twitter:data1\" content=\"4 minutes\" \/>\n<script type=\"application\/ld+json\" class=\"yoast-schema-graph\">{\"@context\":\"https:\\\/\\\/schema.org\",\"@graph\":[{\"@type\":\"WebPage\",\"@id\":\"https:\\\/\\\/medicinasinc.com\\\/fr\\\/product\\\/acheter-klonopin-2-mg\\\/\",\"url\":\"https:\\\/\\\/medicinasinc.com\\\/fr\\\/product\\\/acheter-klonopin-2-mg\\\/\",\"name\":\"Acheter Klonopin 2 mg - Vente en ligne Klonopin - Best Best Global Meds\",\"isPartOf\":{\"@id\":\"https:\\\/\\\/medicinasinc.com\\\/fr\\\/#website\"},\"primaryImageOfPage\":{\"@id\":\"https:\\\/\\\/medicinasinc.com\\\/fr\\\/product\\\/acheter-klonopin-2-mg\\\/#primaryimage\"},\"image\":{\"@id\":\"https:\\\/\\\/medicinasinc.com\\\/fr\\\/product\\\/acheter-klonopin-2-mg\\\/#primaryimage\"},\"thumbnailUrl\":\"https:\\\/\\\/medicinasinc.com\\\/fr\\\/wp-content\\\/uploads\\\/sites\\\/5\\\/2022\\\/02\\\/Buy-Klonopin-2-mg.jpeg\",\"datePublished\":\"2022-02-20T21:59:55+00:00\",\"dateModified\":\"2022-03-17T12:08:18+00:00\",\"description\":\"Acheter des pilules Klonopin 2 mg \u00e0 vendre au Royaume-Uni et en Europe en ligne. Klonopin (clonaz\u00e9pam) traite les convulsions, le trouble panique et l'anxi\u00e9t\u00e9. Ce m\u00e9dicament est une benzodiaz\u00e9pine.\",\"breadcrumb\":{\"@id\":\"https:\\\/\\\/medicinasinc.com\\\/fr\\\/product\\\/acheter-klonopin-2-mg\\\/#breadcrumb\"},\"inLanguage\":\"en-US\",\"potentialAction\":[{\"@type\":\"ReadAction\",\"target\":[\"https:\\\/\\\/medicinasinc.com\\\/fr\\\/product\\\/acheter-klonopin-2-mg\\\/\"]}]},{\"@type\":\"ImageObject\",\"inLanguage\":\"en-US\",\"@id\":\"https:\\\/\\\/medicinasinc.com\\\/fr\\\/product\\\/acheter-klonopin-2-mg\\\/#primaryimage\",\"url\":\"https:\\\/\\\/medicinasinc.com\\\/fr\\\/wp-content\\\/uploads\\\/sites\\\/5\\\/2022\\\/02\\\/Buy-Klonopin-2-mg.jpeg\",\"contentUrl\":\"https:\\\/\\\/medicinasinc.com\\\/fr\\\/wp-content\\\/uploads\\\/sites\\\/5\\\/2022\\\/02\\\/Buy-Klonopin-2-mg.jpeg\",\"width\":236,\"height\":296},{\"@type\":\"BreadcrumbList\",\"@id\":\"https:\\\/\\\/medicinasinc.com\\\/fr\\\/product\\\/acheter-klonopin-2-mg\\\/#breadcrumb\",\"itemListElement\":[{\"@type\":\"ListItem\",\"position\":1,\"name\":\"Boutique\",\"item\":\"https:\\\/\\\/medicinasinc.com\\\/fr\\\/boutique\\\/\"},{\"@type\":\"ListItem\",\"position\":2,\"name\":\"Acheter Klonopin 2 mg\"}]},{\"@type\":\"WebSite\",\"@id\":\"https:\\\/\\\/medicinasinc.com\\\/fr\\\/#website\",\"url\":\"https:\\\/\\\/medicinasinc.com\\\/fr\\\/\",\"name\":\"Medicinas Inc\",\"description\":\"Health Medical Clinic\",\"potentialAction\":[{\"@type\":\"SearchAction\",\"target\":{\"@type\":\"EntryPoint\",\"urlTemplate\":\"https:\\\/\\\/medicinasinc.com\\\/fr\\\/?s={search_term_string}\"},\"query-input\":{\"@type\":\"PropertyValueSpecification\",\"valueRequired\":true,\"valueName\":\"search_term_string\"}}],\"inLanguage\":\"en-US\"}]}<\/script>\n<!-- \/ Yoast SEO plugin. -->","yoast_head_json":{"title":"Acheter Klonopin 2 mg - Vente en ligne Klonopin - Best Best Global Meds","description":"Acheter des pilules Klonopin 2 mg \u00e0 vendre au Royaume-Uni et en Europe en ligne. Klonopin (clonaz\u00e9pam) traite les convulsions, le trouble panique et l'anxi\u00e9t\u00e9. Ce m\u00e9dicament est une benzodiaz\u00e9pine.","robots":{"index":"index","follow":"follow","max-snippet":"max-snippet:-1","max-image-preview":"max-image-preview:large","max-video-preview":"max-video-preview:-1"},"canonical":"https:\/\/medicinasinc.com\/fr\/product\/acheter-klonopin-2-mg\/","og_locale":"en_US","og_type":"article","og_title":"Acheter Klonopin 2 mg - Vente en ligne Klonopin - Best Best Global Meds","og_description":"Acheter des pilules Klonopin 2 mg \u00e0 vendre au Royaume-Uni et en Europe en ligne. Klonopin (clonaz\u00e9pam) traite les convulsions, le trouble panique et l'anxi\u00e9t\u00e9. Ce m\u00e9dicament est une benzodiaz\u00e9pine.","og_url":"https:\/\/medicinasinc.com\/fr\/product\/acheter-klonopin-2-mg\/","og_site_name":"Medicinas Inc","article_modified_time":"2022-03-17T12:08:18+00:00","og_image":[{"width":236,"height":296,"url":"https:\/\/medicinasinc.com\/fr\/wp-content\/uploads\/sites\/5\/2022\/02\/Buy-Klonopin-2-mg.jpeg","type":"image\/jpeg"}],"twitter_card":"summary_large_image","twitter_misc":{"Est. reading time":"4 minutes"},"schema":{"@context":"https:\/\/schema.org","@graph":[{"@type":"WebPage","@id":"https:\/\/medicinasinc.com\/fr\/product\/acheter-klonopin-2-mg\/","url":"https:\/\/medicinasinc.com\/fr\/product\/acheter-klonopin-2-mg\/","name":"Acheter Klonopin 2 mg - Vente en ligne Klonopin - Best Best Global Meds","isPartOf":{"@id":"https:\/\/medicinasinc.com\/fr\/#website"},"primaryImageOfPage":{"@id":"https:\/\/medicinasinc.com\/fr\/product\/acheter-klonopin-2-mg\/#primaryimage"},"image":{"@id":"https:\/\/medicinasinc.com\/fr\/product\/acheter-klonopin-2-mg\/#primaryimage"},"thumbnailUrl":"https:\/\/medicinasinc.com\/fr\/wp-content\/uploads\/sites\/5\/2022\/02\/Buy-Klonopin-2-mg.jpeg","datePublished":"2022-02-20T21:59:55+00:00","dateModified":"2022-03-17T12:08:18+00:00","description":"Acheter des pilules Klonopin 2 mg \u00e0 vendre au Royaume-Uni et en Europe en ligne. Klonopin (clonaz\u00e9pam) traite les convulsions, le trouble panique et l'anxi\u00e9t\u00e9. Ce m\u00e9dicament est une benzodiaz\u00e9pine.","breadcrumb":{"@id":"https:\/\/medicinasinc.com\/fr\/product\/acheter-klonopin-2-mg\/#breadcrumb"},"inLanguage":"en-US","potentialAction":[{"@type":"ReadAction","target":["https:\/\/medicinasinc.com\/fr\/product\/acheter-klonopin-2-mg\/"]}]},{"@type":"ImageObject","inLanguage":"en-US","@id":"https:\/\/medicinasinc.com\/fr\/product\/acheter-klonopin-2-mg\/#primaryimage","url":"https:\/\/medicinasinc.com\/fr\/wp-content\/uploads\/sites\/5\/2022\/02\/Buy-Klonopin-2-mg.jpeg","contentUrl":"https:\/\/medicinasinc.com\/fr\/wp-content\/uploads\/sites\/5\/2022\/02\/Buy-Klonopin-2-mg.jpeg","width":236,"height":296},{"@type":"BreadcrumbList","@id":"https:\/\/medicinasinc.com\/fr\/product\/acheter-klonopin-2-mg\/#breadcrumb","itemListElement":[{"@type":"ListItem","position":1,"name":"Boutique","item":"https:\/\/medicinasinc.com\/fr\/boutique\/"},{"@type":"ListItem","position":2,"name":"Acheter Klonopin 2 mg"}]},{"@type":"WebSite","@id":"https:\/\/medicinasinc.com\/fr\/#website","url":"https:\/\/medicinasinc.com\/fr\/","name":"Medicinas Inc","description":"Health Medical Clinic","potentialAction":[{"@type":"SearchAction","target":{"@type":"EntryPoint","urlTemplate":"https:\/\/medicinasinc.com\/fr\/?s={search_term_string}"},"query-input":{"@type":"PropertyValueSpecification","valueRequired":true,"valueName":"search_term_string"}}],"inLanguage":"en-US"}]}},"_links":{"self":[{"href":"https:\/\/medicinasinc.com\/fr\/wp-json\/wp\/v2\/product\/5209","targetHints":{"allow":["GET"]}}],"collection":[{"href":"https:\/\/medicinasinc.com\/fr\/wp-json\/wp\/v2\/product"}],"about":[{"href":"https:\/\/medicinasinc.com\/fr\/wp-json\/wp\/v2\/types\/product"}],"replies":[{"embeddable":true,"href":"https:\/\/medicinasinc.com\/fr\/wp-json\/wp\/v2\/comments?post=5209"}],"wp:featuredmedia":[{"embeddable":true,"href":"https:\/\/medicinasinc.com\/fr\/wp-json\/wp\/v2\/media\/5228"}],"wp:attachment":[{"href":"https:\/\/medicinasinc.com\/fr\/wp-json\/wp\/v2\/media?parent=5209"}],"wp:term":[{"taxonomy":"product_brand","embeddable":true,"href":"https:\/\/medicinasinc.com\/fr\/wp-json\/wp\/v2\/product_brand?post=5209"},{"taxonomy":"product_cat","embeddable":true,"href":"https:\/\/medicinasinc.com\/fr\/wp-json\/wp\/v2\/product_cat?post=5209"},{"taxonomy":"product_tag","embeddable":true,"href":"https:\/\/medicinasinc.com\/fr\/wp-json\/wp\/v2\/product_tag?post=5209"}],"curies":[{"name":"wp","href":"https:\/\/api.w.org\/{rel}","templated":true}]}}