{"id":5208,"date":"2022-02-20T21:58:44","date_gmt":"2022-02-20T21:58:44","guid":{"rendered":"https:\/\/medicinasinc.com\/fr\/?post_type=product&#038;p=5208"},"modified":"2022-08-05T10:48:45","modified_gmt":"2022-08-05T10:48:45","slug":"acheter-imovane-zopiclone-7-5-mg","status":"publish","type":"product","link":"https:\/\/medicinasinc.com\/fr\/product\/acheter-imovane-zopiclone-7-5-mg\/","title":{"rendered":"Acheter Imovane Zopiclone 7,5 mg"},"content":{"rendered":"<p>Les comprim\u00e9s d&#8217;Imovane Zopiclone peuvent \u00eatre achet\u00e9s en ligne.<\/p>\n<p>Les comprim\u00e9s d&#8217;Imovane Zopiclone peuvent \u00eatre achet\u00e9s en ligne.<\/p>\n<p>Imovane\u00a0: la zopiclone appartient \u00e0 la classe des m\u00e9dicaments s\u00e9datifs-hypnotiques. Il est prescrit pour le soulagement symptomatique des troubles du sommeil \u00e0 court terme.<\/p>\n","protected":false},"excerpt":{"rendered":"<div class=\"woocommerce-product-details__short-description\">\n<p>Acheter des comprim\u00e9s de zopiclone 7,5\u00a0mg en ligne, zopiclone 7,5\u00a0mg uk, zopiclone en ligne, zopiclone eu, zopiclone singapour, zopiclone uk, zopiclone amazon, zopiclone 7,5\u00a0mg comprim\u00e9s le jour suivant livraison<\/p>\n<p>Les comprim\u00e9s Imovane Zopiclone peuvent \u00eatre achet\u00e9s en ligne.<\/p>\n<p>Imovane\u00a0: Zopiclone est un m\u00e9dicament s\u00e9datif-hypnotique. Il est utilis\u00e9 pour traiter les probl\u00e8mes de sommeil \u00e0 court terme et comme traitement symptomatique.<\/p>\n<p>Imovane (Zopiclone) peut \u00eatre achet\u00e9 en ligne avec une ordonnance australienne valide. medicinasinc.com offre la livraison gratuite sur tous les articles sur ordonnance vers l&#8217;Australie.<\/p>\n<p>Imovane (Zopiclone) est un m\u00e9dicament s\u00e9datif-hypnotique. Il est utilis\u00e9 pour traiter les troubles du sommeil \u00e0 court terme et comme traitement symptomatique.<\/p>\n<\/div>\n","protected":false},"featured_media":5226,"comment_status":"open","ping_status":"closed","template":"","meta":[],"product_brand":[],"product_cat":[1117],"product_tag":[4176,4177,1366,4175,1364,1365,1368,1367,1369],"class_list":{"0":"post-5208","1":"product","2":"type-product","3":"status-publish","4":"has-post-thumbnail","6":"product_cat-acheter-douleur-sommeil-sexe-pilules","7":"product_tag-5-mg-en-ligne","8":"product_tag-5-mg-livraison-le-lendemain","9":"product_tag-acheter-zopiclone-en-ligne","10":"product_tag-acheter-des-comprimes-de-zopiclone-7","11":"product_tag-acheter-zopiclone-7-5mg-fr","12":"product_tag-acheter-zopiclone-eu","13":"product_tag-acheter-zopiclone-france","14":"product_tag-acheter-zopiclone-singapour","15":"product_tag-zopiclone-amazone","17":"first","18":"instock","19":"shipping-taxable","20":"purchasable","21":"product-type-variable","22":"has-default-attributes"},"yoast_head":"<!-- This site is optimized with the Yoast SEO plugin v27.3 - https:\/\/yoast.com\/product\/yoast-seo-wordpress\/ -->\n<title>Acheter Imovane Zopiclone 7.5mg - Meilleurs meilleurs m\u00e9dicaments mondiaux<\/title>\n<meta name=\"description\" content=\"acheter zopiclone 7.5mg comprim\u00e9s en ligne, acheter zopiclone 7.5mg uk, acheter zopiclone en ligne, acheter zopiclone eu, acheter zopiclone singapour, acheter zopiclone uk, zopiclone amazon, acheter zopiclone 7.5mg comprim\u00e9s livraison le jour suivant,\" \/>\n<meta name=\"robots\" content=\"index, follow, max-snippet:-1, max-image-preview:large, max-video-preview:-1\" \/>\n<link rel=\"canonical\" href=\"https:\/\/medicinasinc.com\/fr\/product\/acheter-imovane-zopiclone-7-5-mg\/\" \/>\n<meta property=\"og:locale\" content=\"en_US\" \/>\n<meta property=\"og:type\" content=\"article\" \/>\n<meta property=\"og:title\" content=\"Acheter Imovane Zopiclone 7.5mg - Meilleurs meilleurs m\u00e9dicaments mondiaux\" \/>\n<meta property=\"og:description\" content=\"acheter zopiclone 7.5mg comprim\u00e9s en ligne, acheter zopiclone 7.5mg uk, acheter zopiclone en ligne, acheter zopiclone eu, acheter zopiclone singapour, acheter zopiclone uk, zopiclone amazon, acheter zopiclone 7.5mg comprim\u00e9s livraison le jour suivant,\" \/>\n<meta property=\"og:url\" content=\"https:\/\/medicinasinc.com\/fr\/product\/acheter-imovane-zopiclone-7-5-mg\/\" \/>\n<meta property=\"og:site_name\" content=\"Medicinas Inc\" \/>\n<meta property=\"article:modified_time\" content=\"2022-08-05T10:48:45+00:00\" \/>\n<meta property=\"og:image\" content=\"https:\/\/medicinasinc.com\/fr\/wp-content\/uploads\/sites\/5\/2022\/02\/Buy-Imovane-Zopiclone-7.5-mg.jpg\" \/>\n\t<meta property=\"og:image:width\" content=\"570\" \/>\n\t<meta property=\"og:image:height\" content=\"340\" \/>\n\t<meta property=\"og:image:type\" content=\"image\/jpeg\" \/>\n<meta name=\"twitter:card\" content=\"summary_large_image\" \/>\n<meta name=\"twitter:label1\" content=\"Est. reading time\" \/>\n\t<meta name=\"twitter:data1\" content=\"1 minute\" \/>\n<script type=\"application\/ld+json\" class=\"yoast-schema-graph\">{\"@context\":\"https:\\\/\\\/schema.org\",\"@graph\":[{\"@type\":\"WebPage\",\"@id\":\"https:\\\/\\\/medicinasinc.com\\\/fr\\\/product\\\/acheter-imovane-zopiclone-7-5-mg\\\/\",\"url\":\"https:\\\/\\\/medicinasinc.com\\\/fr\\\/product\\\/acheter-imovane-zopiclone-7-5-mg\\\/\",\"name\":\"Acheter Imovane Zopiclone 7.5mg - Meilleurs meilleurs m\u00e9dicaments mondiaux\",\"isPartOf\":{\"@id\":\"https:\\\/\\\/medicinasinc.com\\\/fr\\\/#website\"},\"primaryImageOfPage\":{\"@id\":\"https:\\\/\\\/medicinasinc.com\\\/fr\\\/product\\\/acheter-imovane-zopiclone-7-5-mg\\\/#primaryimage\"},\"image\":{\"@id\":\"https:\\\/\\\/medicinasinc.com\\\/fr\\\/product\\\/acheter-imovane-zopiclone-7-5-mg\\\/#primaryimage\"},\"thumbnailUrl\":\"https:\\\/\\\/medicinasinc.com\\\/fr\\\/wp-content\\\/uploads\\\/sites\\\/5\\\/2022\\\/02\\\/Buy-Imovane-Zopiclone-7.5-mg.jpg\",\"datePublished\":\"2022-02-20T21:58:44+00:00\",\"dateModified\":\"2022-08-05T10:48:45+00:00\",\"description\":\"acheter zopiclone 7.5mg comprim\u00e9s en ligne, acheter zopiclone 7.5mg uk, acheter zopiclone en ligne, acheter zopiclone eu, acheter zopiclone singapour, acheter zopiclone uk, zopiclone amazon, acheter zopiclone 7.5mg comprim\u00e9s livraison le jour suivant,\",\"breadcrumb\":{\"@id\":\"https:\\\/\\\/medicinasinc.com\\\/fr\\\/product\\\/acheter-imovane-zopiclone-7-5-mg\\\/#breadcrumb\"},\"inLanguage\":\"en-US\",\"potentialAction\":[{\"@type\":\"ReadAction\",\"target\":[\"https:\\\/\\\/medicinasinc.com\\\/fr\\\/product\\\/acheter-imovane-zopiclone-7-5-mg\\\/\"]}]},{\"@type\":\"ImageObject\",\"inLanguage\":\"en-US\",\"@id\":\"https:\\\/\\\/medicinasinc.com\\\/fr\\\/product\\\/acheter-imovane-zopiclone-7-5-mg\\\/#primaryimage\",\"url\":\"https:\\\/\\\/medicinasinc.com\\\/fr\\\/wp-content\\\/uploads\\\/sites\\\/5\\\/2022\\\/02\\\/Buy-Imovane-Zopiclone-7.5-mg.jpg\",\"contentUrl\":\"https:\\\/\\\/medicinasinc.com\\\/fr\\\/wp-content\\\/uploads\\\/sites\\\/5\\\/2022\\\/02\\\/Buy-Imovane-Zopiclone-7.5-mg.jpg\",\"width\":570,\"height\":340},{\"@type\":\"BreadcrumbList\",\"@id\":\"https:\\\/\\\/medicinasinc.com\\\/fr\\\/product\\\/acheter-imovane-zopiclone-7-5-mg\\\/#breadcrumb\",\"itemListElement\":[{\"@type\":\"ListItem\",\"position\":1,\"name\":\"Boutique\",\"item\":\"https:\\\/\\\/medicinasinc.com\\\/fr\\\/boutique\\\/\"},{\"@type\":\"ListItem\",\"position\":2,\"name\":\"Acheter Imovane Zopiclone 7,5 mg\"}]},{\"@type\":\"WebSite\",\"@id\":\"https:\\\/\\\/medicinasinc.com\\\/fr\\\/#website\",\"url\":\"https:\\\/\\\/medicinasinc.com\\\/fr\\\/\",\"name\":\"Medicinas Inc\",\"description\":\"Health Medical Clinic\",\"potentialAction\":[{\"@type\":\"SearchAction\",\"target\":{\"@type\":\"EntryPoint\",\"urlTemplate\":\"https:\\\/\\\/medicinasinc.com\\\/fr\\\/?s={search_term_string}\"},\"query-input\":{\"@type\":\"PropertyValueSpecification\",\"valueRequired\":true,\"valueName\":\"search_term_string\"}}],\"inLanguage\":\"en-US\"}]}<\/script>\n<!-- \/ Yoast SEO plugin. -->","yoast_head_json":{"title":"Acheter Imovane Zopiclone 7.5mg - Meilleurs meilleurs m\u00e9dicaments mondiaux","description":"acheter zopiclone 7.5mg comprim\u00e9s en ligne, acheter zopiclone 7.5mg uk, acheter zopiclone en ligne, acheter zopiclone eu, acheter zopiclone singapour, acheter zopiclone uk, zopiclone amazon, acheter zopiclone 7.5mg comprim\u00e9s livraison le jour suivant,","robots":{"index":"index","follow":"follow","max-snippet":"max-snippet:-1","max-image-preview":"max-image-preview:large","max-video-preview":"max-video-preview:-1"},"canonical":"https:\/\/medicinasinc.com\/fr\/product\/acheter-imovane-zopiclone-7-5-mg\/","og_locale":"en_US","og_type":"article","og_title":"Acheter Imovane Zopiclone 7.5mg - Meilleurs meilleurs m\u00e9dicaments mondiaux","og_description":"acheter zopiclone 7.5mg comprim\u00e9s en ligne, acheter zopiclone 7.5mg uk, acheter zopiclone en ligne, acheter zopiclone eu, acheter zopiclone singapour, acheter zopiclone uk, zopiclone amazon, acheter zopiclone 7.5mg comprim\u00e9s livraison le jour suivant,","og_url":"https:\/\/medicinasinc.com\/fr\/product\/acheter-imovane-zopiclone-7-5-mg\/","og_site_name":"Medicinas Inc","article_modified_time":"2022-08-05T10:48:45+00:00","og_image":[{"width":570,"height":340,"url":"https:\/\/medicinasinc.com\/fr\/wp-content\/uploads\/sites\/5\/2022\/02\/Buy-Imovane-Zopiclone-7.5-mg.jpg","type":"image\/jpeg"}],"twitter_card":"summary_large_image","twitter_misc":{"Est. reading time":"1 minute"},"schema":{"@context":"https:\/\/schema.org","@graph":[{"@type":"WebPage","@id":"https:\/\/medicinasinc.com\/fr\/product\/acheter-imovane-zopiclone-7-5-mg\/","url":"https:\/\/medicinasinc.com\/fr\/product\/acheter-imovane-zopiclone-7-5-mg\/","name":"Acheter Imovane Zopiclone 7.5mg - Meilleurs meilleurs m\u00e9dicaments mondiaux","isPartOf":{"@id":"https:\/\/medicinasinc.com\/fr\/#website"},"primaryImageOfPage":{"@id":"https:\/\/medicinasinc.com\/fr\/product\/acheter-imovane-zopiclone-7-5-mg\/#primaryimage"},"image":{"@id":"https:\/\/medicinasinc.com\/fr\/product\/acheter-imovane-zopiclone-7-5-mg\/#primaryimage"},"thumbnailUrl":"https:\/\/medicinasinc.com\/fr\/wp-content\/uploads\/sites\/5\/2022\/02\/Buy-Imovane-Zopiclone-7.5-mg.jpg","datePublished":"2022-02-20T21:58:44+00:00","dateModified":"2022-08-05T10:48:45+00:00","description":"acheter zopiclone 7.5mg comprim\u00e9s en ligne, acheter zopiclone 7.5mg uk, acheter zopiclone en ligne, acheter zopiclone eu, acheter zopiclone singapour, acheter zopiclone uk, zopiclone amazon, acheter zopiclone 7.5mg comprim\u00e9s livraison le jour suivant,","breadcrumb":{"@id":"https:\/\/medicinasinc.com\/fr\/product\/acheter-imovane-zopiclone-7-5-mg\/#breadcrumb"},"inLanguage":"en-US","potentialAction":[{"@type":"ReadAction","target":["https:\/\/medicinasinc.com\/fr\/product\/acheter-imovane-zopiclone-7-5-mg\/"]}]},{"@type":"ImageObject","inLanguage":"en-US","@id":"https:\/\/medicinasinc.com\/fr\/product\/acheter-imovane-zopiclone-7-5-mg\/#primaryimage","url":"https:\/\/medicinasinc.com\/fr\/wp-content\/uploads\/sites\/5\/2022\/02\/Buy-Imovane-Zopiclone-7.5-mg.jpg","contentUrl":"https:\/\/medicinasinc.com\/fr\/wp-content\/uploads\/sites\/5\/2022\/02\/Buy-Imovane-Zopiclone-7.5-mg.jpg","width":570,"height":340},{"@type":"BreadcrumbList","@id":"https:\/\/medicinasinc.com\/fr\/product\/acheter-imovane-zopiclone-7-5-mg\/#breadcrumb","itemListElement":[{"@type":"ListItem","position":1,"name":"Boutique","item":"https:\/\/medicinasinc.com\/fr\/boutique\/"},{"@type":"ListItem","position":2,"name":"Acheter Imovane Zopiclone 7,5 mg"}]},{"@type":"WebSite","@id":"https:\/\/medicinasinc.com\/fr\/#website","url":"https:\/\/medicinasinc.com\/fr\/","name":"Medicinas Inc","description":"Health Medical Clinic","potentialAction":[{"@type":"SearchAction","target":{"@type":"EntryPoint","urlTemplate":"https:\/\/medicinasinc.com\/fr\/?s={search_term_string}"},"query-input":{"@type":"PropertyValueSpecification","valueRequired":true,"valueName":"search_term_string"}}],"inLanguage":"en-US"}]}},"_links":{"self":[{"href":"https:\/\/medicinasinc.com\/fr\/wp-json\/wp\/v2\/product\/5208","targetHints":{"allow":["GET"]}}],"collection":[{"href":"https:\/\/medicinasinc.com\/fr\/wp-json\/wp\/v2\/product"}],"about":[{"href":"https:\/\/medicinasinc.com\/fr\/wp-json\/wp\/v2\/types\/product"}],"replies":[{"embeddable":true,"href":"https:\/\/medicinasinc.com\/fr\/wp-json\/wp\/v2\/comments?post=5208"}],"wp:featuredmedia":[{"embeddable":true,"href":"https:\/\/medicinasinc.com\/fr\/wp-json\/wp\/v2\/media\/5226"}],"wp:attachment":[{"href":"https:\/\/medicinasinc.com\/fr\/wp-json\/wp\/v2\/media?parent=5208"}],"wp:term":[{"taxonomy":"product_brand","embeddable":true,"href":"https:\/\/medicinasinc.com\/fr\/wp-json\/wp\/v2\/product_brand?post=5208"},{"taxonomy":"product_cat","embeddable":true,"href":"https:\/\/medicinasinc.com\/fr\/wp-json\/wp\/v2\/product_cat?post=5208"},{"taxonomy":"product_tag","embeddable":true,"href":"https:\/\/medicinasinc.com\/fr\/wp-json\/wp\/v2\/product_tag?post=5208"}],"curies":[{"name":"wp","href":"https:\/\/api.w.org\/{rel}","templated":true}]}}