{"id":5207,"date":"2022-02-20T21:57:05","date_gmt":"2022-02-20T21:57:05","guid":{"rendered":"https:\/\/medicinasinc.com\/fr\/?post_type=product&#038;p=5207"},"modified":"2022-03-17T12:08:45","modified_gmt":"2022-03-17T12:08:45","slug":"acheter-imitrex-sumatriptan-100-mg","status":"publish","type":"product","link":"https:\/\/medicinasinc.com\/fr\/product\/acheter-imitrex-sumatriptan-100-mg\/","title":{"rendered":"Acheter imitrex Sumatriptan 100 mg"},"content":{"rendered":"<div class=\"product-next-previous\">\n<div class=\"product-prev\">\n<p>Acheter Imitrex 100mg comprim\u00e9s en ligne Imitrex Information (Brand and Generic)<\/p>\n<p>Bestglobalmeds.com\u00a0vend actuellement le marque Imitrex, commun\u00e9ment appel\u00e9e Imigran, fabriqu\u00e9e par GSK en Turquie et Aspen en Australie. De plus, nous proposons la marque GSK Imitrex du Canada. Le sumatriptan est disponible sous forme g\u00e9n\u00e9rique aupr\u00e8s de Pharma Science au Canada, Sun Pharma en Inde (Suminat) et Dexcel Pharma et Accord Pharma au Royaume-Uni.<\/p>\n<p>Dosage<\/p>\n<p>Imitrex est disponible dans une vari\u00e9t\u00e9 de formulations et niveaux de dosage. L&#8217;imitrex et le sumatriptan sont tous deux disponibles sous forme de comprim\u00e9s de 50 mg et de 100 mg. De plus, nous fournissons des comprim\u00e9s g\u00e9n\u00e9riques Imitrex 25 mg. De plus, la marque Imitrex est disponible sous forme de packs de pulv\u00e9risation nasale de 20 mg, de flacons injectables de 6 mg\/0,5 ml, de kits de d\u00e9marrage \u00e0 dose fixe et de cartouches \u00e0 dose fixe.<\/p>\n<p>Utilisation<\/p>\n<p>Imitrex (Sumatriptan) est un m\u00e9dicament utilis\u00e9 pour traiter les migraines. Imitrex ne pr\u00e9vient pas les migraines et ne diminue pas leur fr\u00e9quence. Il n&#8217;est utilis\u00e9 que pour traiter les sympt\u00f4mes de la migraine qui ont d\u00e9j\u00e0 commenc\u00e9. Il aide \u00e0 soulager les maux de t\u00eate, l&#8217;inconfort et d&#8217;autres sympt\u00f4mes de la migraine tels que les naus\u00e9es, les vomissements et la sensibilit\u00e9 \u00e0 la lumi\u00e8re ou au son. Le sumatriptan fait partie de la classe des triptans. Ce m\u00e9dicament agit en interf\u00e9rant avec une substance chimique naturelle (s\u00e9rotonine) qui provoque la constriction des art\u00e8res sanguines du cerveau. De plus, il soulagera la douleur en influen\u00e7ant des nerfs sp\u00e9cifiques dans le cerveau.<\/p>\n<p>Cons\u00e9quences<\/p>\n<p>Consultez imm\u00e9diatement votre m\u00e9decin si vous ressentez l&#8217;un des effets secondaires graves suivants\u00a0: poitrine, m\u00e2choire ou gauche Douleur au bras; diarrh\u00e9e sanglante; \u00e9vanouissement; battements cardiaques rapides, irr\u00e9guliers et battants\u00a0; probl\u00e8mes mentaux\/d&#8217;humeur; douleur intense \u00e0 l&#8217;estomac\/abdominale\u00a0; douleur thoracique intense; convulsions; troubles de l&#8217;\u00e9locution; changements visuels. Voici quelques-uns des effets ind\u00e9sirables les plus fr\u00e9quents : \u2022 \u00c9tourdissements et somnolence ; \u2022 Picotements\/engourdissements\/picotements\/sensations de chaleur ; \u2022 Bouff\u00e9es vasomotrices.<br \/> \u2022 Tension art\u00e9rielle \u00e9lev\u00e9e \u2014 V\u00e9rifiez r\u00e9guli\u00e8rement votre tension art\u00e9rielle pour assurer votre s\u00e9curit\u00e9\u00a0;<br \/> \u2022 \u00c9puisement\u00a0; \u2022 Faiblesse<\/p>\n<p>Contre-indications et interactions<\/p>\n<p>Imitrex ne doit pas \u00eatre utilis\u00e9 pour traiter une c\u00e9phal\u00e9e de tension courante ou qui entra\u00eene une perte de mouvement d&#8217;un c\u00f4t\u00e9 du corps. Imitrex ne doit pas \u00eatre utilis\u00e9 si vous \u00eates allergique au sumatriptan ou si vous souffrez des conditions suivantes : \u2022 Ant\u00e9c\u00e9dents de crise cardiaque ou d&#8217;accident vasculaire c\u00e9r\u00e9bral ; \u2022 Certains troubles du rythme cardiaque ; \u2022 Probl\u00e8mes de circulation entra\u00eenant un manque d&#8217;approvisionnement en sang du corps ; \u2022 Probl\u00e8mes cardiaques; \u2022 Maladie du foie ou des reins ; \u2022 Hypertension art\u00e9rielle non contr\u00f4l\u00e9e\u00a0;<\/p>\n<p>Imitrex ne doit pas \u00eatre pris dans les 24\u00a0heures suivant l&#8217;utilisation d&#8217;un autre traitement contre la migraine. Informez votre m\u00e9decin de tous les m\u00e9dicaments que vous prenez actuellement, y compris les m\u00e9dicaments sur ordonnance, en vente libre et \u00e0 base de plantes, y compris les IMAO, les inhibiteurs s\u00e9lectifs du recaptage de la s\u00e9rotonine et les inhibiteurs du recaptage de la noradr\u00e9naline. Le sumatriptan peut provoquer des \u00e9tourdissements ou de la somnolence. L&#8217;alcool ou la marijuana peuvent augmenter vos \u00e9tourdissements ou votre somnolence. \u00c9vitez de conduire, d&#8217;utiliser des machines ou d&#8217;effectuer toute autre activit\u00e9 n\u00e9cessitant de la vigilance. Consommez des boissons alcoolis\u00e9es avec mod\u00e9ration. Imitrex n&#8217;est pas connu pour nuire \u00e0 un enfant \u00e0 na\u00eetre. Si vous \u00eates enceinte, consultez votre m\u00e9decin. Le sumatriptan est excr\u00e9t\u00e9 dans le lait maternel et peut causer des dommages au nourrisson. L&#8217;allaitement doit \u00eatre \u00e9vit\u00e9 pendant 12 heures apr\u00e8s l&#8217;utilisation d&#8217;Imitrex. Imitrex n&#8217;est pas recommand\u00e9 aux personnes de moins de 18 ans.<\/p>\n<p>Questions et r\u00e9ponses<br \/> Pourquoi Imitrex est-il moins cher au Canada qu&#8217;aux \u00c9tats-Unis\u00a0?<\/p>\n<p>En g\u00e9n\u00e9ral , tous les prix des m\u00e9dicaments, pas seulement Imitrex, sont plus raisonnables lorsqu&#8217;ils sont achet\u00e9s au Canada, car le gouvernement r\u00e9glemente le prix des m\u00e9dicaments de marque et des m\u00e9dicaments g\u00e9n\u00e9riques. De plus, depuis notre cr\u00e9ation en 2006, notre objectif a \u00e9t\u00e9 de fournir des m\u00e9dicaments s\u00fbrs et peu co\u00fbteux \u00e0 la population des \u00c9tats-Unis.<\/p>\n<p>L&#8217;achat d&#8217;Imitrex dans votre pharmacie est-il s\u00fbr\u00a0?<\/p>\n<p>Nos produits proviennent exclusivement d&#8217;installations certifi\u00e9es par autorit\u00e9s des pays d&#8217;o\u00f9 ils sont import\u00e9s. CanadaPharmacyOnline.com utilise une proc\u00e9dure de s\u00e9lection rigoureuse pour nos partenaires afin de s&#8217;assurer que vous, notre client, recevez les m\u00e9dicaments les plus s\u00fbrs possibles. De plus, nous sommes une pharmacie canadienne certifi\u00e9e qui respecte toutes les lois provinciales.<\/p>\n<p>Combien co\u00fbte Imitrex 100 mg g\u00e9n\u00e9rique dans votre pharmacie\u00a0?<\/p>\n<p>Imitrex 100 mg g\u00e9n\u00e9rique est disponible pour aussi peu \u00e0 28,99\u00a0$ pour 12\u00a0comprim\u00e9s, tandis que la dose de 50\u00a0mg est disponible pour seulement 57,99\u00a0$ pour 18\u00a0comprim\u00e9s.<\/p>\n<p>Combien co\u00fbte un comprim\u00e9\u00a0?<\/p>\n<p>Imitrex 100\u00a0mg est disponible en version g\u00e9n\u00e9rique sous forme de marque pour 2,27\u00a0$ par comprim\u00e9 et sous forme de marque pour 8,67\u00a0$ par comprim\u00e9 \u00e0 notre pharmacie.<\/p>\n<p>Combien co\u00fbte l&#8217;exp\u00e9dition\u00a0?<\/p>\n<p>Notre prix de livraison forfaitaire est de 10,00\u00a0$ par commande. Notre pharmacie s&#8217;engage \u00e0 vous offrir les prix les plus bas possibles sur des articles de haute qualit\u00e9.<\/p>\n<p>Comment puis-je passer une commande aupr\u00e8s de votre pharmacie\u00a0?<\/p>\n<p>Il est vraiment facile de commander Imitrex chez nous . Vous pouvez passer votre commande en ligne ou par t\u00e9l\u00e9phone aupr\u00e8s du Service Client. Visitez notre page Comment commander pour plus d&#8217;informations ou pour commencer le processus de commande.<\/p>\n<p>Le prix d&#8217;Imitrex est-il comp\u00e9titif\u00a0?<\/p>\n<p>Oui, nous sommes fiers de proposer certains des prix les plus bas disponibles dans les pharmacies canadiennes. Dans de rares cas, nous pouvons \u00eatre en mesure d&#8217;\u00e9galer ou de battre les prix de nos concurrents. Veuillez contacter notre service client courtois au 1866.920.3784.<\/p>\n<p>Puis-je vous acheter Imitrex au comptoir\u00a0?<\/p>\n<p>Non, Imitrex n&#8217;est disponible qu&#8217;avec une ordonnance valide de votre m\u00e9decin. Sans ordonnance valide, nous ne vendons pas ce produit.<\/p>\n<p>Imitrex 50 mg vs Imitrex 100 mg : Quelle est la diff\u00e9rence ?<\/p>\n<p>La diff\u00e9rence de dose refl\u00e8te la quantit\u00e9 de principe(s) actif(s) ) inclus dans le m\u00e9dicament.<\/p>\n<p>M\u00e9canisme d&#8217;action d&#8217;Imitrex<\/p>\n<\/p><\/div><\/div>\n<div class=\"product-next-previous\">\n<div class=\"product-prev\"><\/div><\/div>\n","protected":false},"excerpt":{"rendered":"<div class=\"woocommerce-product-details__short-description\">\n<p>Les pilules Imitrex Sumatriptan 100mg peuvent \u00eatre achet\u00e9es en ligne. IMITREX est un agoniste des r\u00e9cepteurs de la s\u00e9rotonine 5-HT1B\/1D (triptan) approuv\u00e9 pour le traitement imm\u00e9diat des migraines chez les adultes avec ou sans aura.<\/p>\n<p>Le sumatriptan peut \u00eatre achet\u00e9 en ligne via notre pharmacie en ligne enregistr\u00e9e au Royaume-Uni.<\/p>\n<p>Le sumatriptan est un m\u00e9dicament contre la migraine avec un d\u00e9but d&#8217;action rapide. Prix \u200b\u200ble plus bas garanti au Royaume-Uni.<\/p>\n<p>Les comprim\u00e9s de soulagement de la migraine Sumatriptan peuvent \u00eatre achet\u00e9s en ligne en toute s\u00e9curit\u00e9 dans une pharmacie britannique.<\/p>\n<p>Le sumatriptan est une forme g\u00e9n\u00e9rique d&#8217;Imigran qui est moins ch\u00e8re. <\/p>\n<p>Achetez Imitrex (Sumatriptan) \u00e0 prix r\u00e9duit dans une pharmacie agr\u00e9\u00e9e Best global meds. 50mg100mg<\/p>\n<p>Achetez Imitrex en ligne d\u00e8s aujourd&#8217;hui dans notre pharmacie canadienne\u00a0!<\/p>\n<\/p><\/div>\n","protected":false},"featured_media":5224,"comment_status":"open","ping_status":"closed","template":"","meta":[],"product_brand":[],"product_cat":[1117],"product_tag":[1359,1339,1340,1356,1342,1343,1341,1344,1345,1346,1347,1361,1353,1360,1357,1348,1349,1350,1351,1358,1355,1352,1354,1338],"class_list":{"0":"post-5207","1":"product","2":"type-product","3":"status-publish","4":"has-post-thumbnail","6":"product_cat-acheter-douleur-sommeil-sexe-pilules","7":"product_tag--quoi-est-utilis-le-sumatriptan-100-mg","8":"product_tag-acheter-sumatriptan-en-ligne-usa","9":"product_tag-does-imitrex-generic-sumatriptan","10":"product_tag-effets-secondaires-du-sumatriptan","11":"product_tag-imitrex-sumatriptan","12":"product_tag-imitrex-sumatriptan-succinate","13":"product_tag-imitrex-spray-nasal-sumatriptan","14":"product_tag-imitrex-vs-sumatriptan","15":"product_tag-injection-sumatriptan-imitrex","16":"product_tag-is-sumatriptan-imitrex","17":"product_tag-est-le-sumatriptan-identique--l-imitrex","18":"product_tag-o-acheter-du-sumatriptan-en-vente-libre","19":"product_tag-timbre-sumatriptan-imitrex","20":"product_tag-quand-devrait-on-viter-le-sumatriptan-imitrex","21":"product_tag-sumatriptan-succinate-imitrex","22":"product_tag-sumatriptan-imitrex-50-mg-comprim-prix","23":"product_tag-sumatriptan-100-mg-en-ligne","24":"product_tag-sumatriptan-50-mg-over-the-counter","25":"product_tag-sumatriptan-50mg","26":"product_tag-sumatriptan-vs-imitrex","27":"product_tag-sumatriptan-over-the-counter-etats-unis","28":"product_tag-sumatriptan-imitrex","29":"product_tag-sumatriptan-imitrex-treximet","30":"product_tag-un-patient-souffre-d-une-migraine-de-tete-quel-est-l-action-du-sumatriptan-imitrex","32":"first","33":"instock","34":"shipping-taxable","35":"purchasable","36":"product-type-variable","37":"has-default-attributes"},"yoast_head":"<!-- This site is optimized with the Yoast SEO plugin v27.3 - https:\/\/yoast.com\/product\/yoast-seo-wordpress\/ -->\n<title>Acheter imitrex Sumatriptan 100 mg - Best Global Meds<\/title>\n<meta name=\"description\" content=\"Achetez des comprim\u00e9s de soulagement de la migraine imitrex Sumatriptan100\u00a0mg en toute s\u00e9curit\u00e9 dans une pharmacie en ligne au Royaume-Uni. Le sumatriptan\u00a0est une version g\u00e9n\u00e9rique et moins ch\u00e8re d&#039;Imigran.\" \/>\n<meta name=\"robots\" content=\"index, follow, max-snippet:-1, max-image-preview:large, max-video-preview:-1\" \/>\n<link rel=\"canonical\" href=\"https:\/\/medicinasinc.com\/fr\/product\/acheter-imitrex-sumatriptan-100-mg\/\" \/>\n<meta property=\"og:locale\" content=\"en_US\" \/>\n<meta property=\"og:type\" content=\"article\" \/>\n<meta property=\"og:title\" content=\"Acheter imitrex Sumatriptan 100 mg - Best Global Meds\" \/>\n<meta property=\"og:description\" content=\"Achetez des comprim\u00e9s de soulagement de la migraine imitrex Sumatriptan100\u00a0mg en toute s\u00e9curit\u00e9 dans une pharmacie en ligne au Royaume-Uni. Le sumatriptan\u00a0est une version g\u00e9n\u00e9rique et moins ch\u00e8re d&#039;Imigran.\" \/>\n<meta property=\"og:url\" content=\"https:\/\/medicinasinc.com\/fr\/product\/acheter-imitrex-sumatriptan-100-mg\/\" \/>\n<meta property=\"og:site_name\" content=\"Medicinas Inc\" \/>\n<meta property=\"article:modified_time\" content=\"2022-03-17T12:08:45+00:00\" \/>\n<meta property=\"og:image\" content=\"https:\/\/medicinasinc.com\/fr\/wp-content\/uploads\/sites\/5\/2022\/02\/Buy-imitrex-Sumatriptan-100-mg.jpg\" \/>\n\t<meta property=\"og:image:width\" content=\"846\" \/>\n\t<meta property=\"og:image:height\" content=\"600\" \/>\n\t<meta property=\"og:image:type\" content=\"image\/jpeg\" \/>\n<meta name=\"twitter:card\" content=\"summary_large_image\" \/>\n<meta name=\"twitter:label1\" content=\"Est. reading time\" \/>\n\t<meta name=\"twitter:data1\" content=\"4 minutes\" \/>\n<script type=\"application\/ld+json\" class=\"yoast-schema-graph\">{\"@context\":\"https:\\\/\\\/schema.org\",\"@graph\":[{\"@type\":\"WebPage\",\"@id\":\"https:\\\/\\\/medicinasinc.com\\\/fr\\\/product\\\/acheter-imitrex-sumatriptan-100-mg\\\/\",\"url\":\"https:\\\/\\\/medicinasinc.com\\\/fr\\\/product\\\/acheter-imitrex-sumatriptan-100-mg\\\/\",\"name\":\"Acheter imitrex Sumatriptan 100 mg - Best Global Meds\",\"isPartOf\":{\"@id\":\"https:\\\/\\\/medicinasinc.com\\\/fr\\\/#website\"},\"primaryImageOfPage\":{\"@id\":\"https:\\\/\\\/medicinasinc.com\\\/fr\\\/product\\\/acheter-imitrex-sumatriptan-100-mg\\\/#primaryimage\"},\"image\":{\"@id\":\"https:\\\/\\\/medicinasinc.com\\\/fr\\\/product\\\/acheter-imitrex-sumatriptan-100-mg\\\/#primaryimage\"},\"thumbnailUrl\":\"https:\\\/\\\/medicinasinc.com\\\/fr\\\/wp-content\\\/uploads\\\/sites\\\/5\\\/2022\\\/02\\\/Buy-imitrex-Sumatriptan-100-mg.jpg\",\"datePublished\":\"2022-02-20T21:57:05+00:00\",\"dateModified\":\"2022-03-17T12:08:45+00:00\",\"description\":\"Achetez des comprim\u00e9s de soulagement de la migraine imitrex Sumatriptan100\u00a0mg en toute s\u00e9curit\u00e9 dans une pharmacie en ligne au Royaume-Uni. Le sumatriptan\u00a0est une version g\u00e9n\u00e9rique et moins ch\u00e8re d'Imigran.\",\"breadcrumb\":{\"@id\":\"https:\\\/\\\/medicinasinc.com\\\/fr\\\/product\\\/acheter-imitrex-sumatriptan-100-mg\\\/#breadcrumb\"},\"inLanguage\":\"en-US\",\"potentialAction\":[{\"@type\":\"ReadAction\",\"target\":[\"https:\\\/\\\/medicinasinc.com\\\/fr\\\/product\\\/acheter-imitrex-sumatriptan-100-mg\\\/\"]}]},{\"@type\":\"ImageObject\",\"inLanguage\":\"en-US\",\"@id\":\"https:\\\/\\\/medicinasinc.com\\\/fr\\\/product\\\/acheter-imitrex-sumatriptan-100-mg\\\/#primaryimage\",\"url\":\"https:\\\/\\\/medicinasinc.com\\\/fr\\\/wp-content\\\/uploads\\\/sites\\\/5\\\/2022\\\/02\\\/Buy-imitrex-Sumatriptan-100-mg.jpg\",\"contentUrl\":\"https:\\\/\\\/medicinasinc.com\\\/fr\\\/wp-content\\\/uploads\\\/sites\\\/5\\\/2022\\\/02\\\/Buy-imitrex-Sumatriptan-100-mg.jpg\",\"width\":846,\"height\":600},{\"@type\":\"BreadcrumbList\",\"@id\":\"https:\\\/\\\/medicinasinc.com\\\/fr\\\/product\\\/acheter-imitrex-sumatriptan-100-mg\\\/#breadcrumb\",\"itemListElement\":[{\"@type\":\"ListItem\",\"position\":1,\"name\":\"Boutique\",\"item\":\"https:\\\/\\\/medicinasinc.com\\\/fr\\\/boutique\\\/\"},{\"@type\":\"ListItem\",\"position\":2,\"name\":\"Acheter imitrex Sumatriptan 100 mg\"}]},{\"@type\":\"WebSite\",\"@id\":\"https:\\\/\\\/medicinasinc.com\\\/fr\\\/#website\",\"url\":\"https:\\\/\\\/medicinasinc.com\\\/fr\\\/\",\"name\":\"Medicinas Inc\",\"description\":\"Health Medical Clinic\",\"potentialAction\":[{\"@type\":\"SearchAction\",\"target\":{\"@type\":\"EntryPoint\",\"urlTemplate\":\"https:\\\/\\\/medicinasinc.com\\\/fr\\\/?s={search_term_string}\"},\"query-input\":{\"@type\":\"PropertyValueSpecification\",\"valueRequired\":true,\"valueName\":\"search_term_string\"}}],\"inLanguage\":\"en-US\"}]}<\/script>\n<!-- \/ Yoast SEO plugin. -->","yoast_head_json":{"title":"Acheter imitrex Sumatriptan 100 mg - Best Global Meds","description":"Achetez des comprim\u00e9s de soulagement de la migraine imitrex Sumatriptan100\u00a0mg en toute s\u00e9curit\u00e9 dans une pharmacie en ligne au Royaume-Uni. Le sumatriptan\u00a0est une version g\u00e9n\u00e9rique et moins ch\u00e8re d'Imigran.","robots":{"index":"index","follow":"follow","max-snippet":"max-snippet:-1","max-image-preview":"max-image-preview:large","max-video-preview":"max-video-preview:-1"},"canonical":"https:\/\/medicinasinc.com\/fr\/product\/acheter-imitrex-sumatriptan-100-mg\/","og_locale":"en_US","og_type":"article","og_title":"Acheter imitrex Sumatriptan 100 mg - Best Global Meds","og_description":"Achetez des comprim\u00e9s de soulagement de la migraine imitrex Sumatriptan100\u00a0mg en toute s\u00e9curit\u00e9 dans une pharmacie en ligne au Royaume-Uni. Le sumatriptan\u00a0est une version g\u00e9n\u00e9rique et moins ch\u00e8re d'Imigran.","og_url":"https:\/\/medicinasinc.com\/fr\/product\/acheter-imitrex-sumatriptan-100-mg\/","og_site_name":"Medicinas Inc","article_modified_time":"2022-03-17T12:08:45+00:00","og_image":[{"width":846,"height":600,"url":"https:\/\/medicinasinc.com\/fr\/wp-content\/uploads\/sites\/5\/2022\/02\/Buy-imitrex-Sumatriptan-100-mg.jpg","type":"image\/jpeg"}],"twitter_card":"summary_large_image","twitter_misc":{"Est. reading time":"4 minutes"},"schema":{"@context":"https:\/\/schema.org","@graph":[{"@type":"WebPage","@id":"https:\/\/medicinasinc.com\/fr\/product\/acheter-imitrex-sumatriptan-100-mg\/","url":"https:\/\/medicinasinc.com\/fr\/product\/acheter-imitrex-sumatriptan-100-mg\/","name":"Acheter imitrex Sumatriptan 100 mg - Best Global Meds","isPartOf":{"@id":"https:\/\/medicinasinc.com\/fr\/#website"},"primaryImageOfPage":{"@id":"https:\/\/medicinasinc.com\/fr\/product\/acheter-imitrex-sumatriptan-100-mg\/#primaryimage"},"image":{"@id":"https:\/\/medicinasinc.com\/fr\/product\/acheter-imitrex-sumatriptan-100-mg\/#primaryimage"},"thumbnailUrl":"https:\/\/medicinasinc.com\/fr\/wp-content\/uploads\/sites\/5\/2022\/02\/Buy-imitrex-Sumatriptan-100-mg.jpg","datePublished":"2022-02-20T21:57:05+00:00","dateModified":"2022-03-17T12:08:45+00:00","description":"Achetez des comprim\u00e9s de soulagement de la migraine imitrex Sumatriptan100\u00a0mg en toute s\u00e9curit\u00e9 dans une pharmacie en ligne au Royaume-Uni. Le sumatriptan\u00a0est une version g\u00e9n\u00e9rique et moins ch\u00e8re d'Imigran.","breadcrumb":{"@id":"https:\/\/medicinasinc.com\/fr\/product\/acheter-imitrex-sumatriptan-100-mg\/#breadcrumb"},"inLanguage":"en-US","potentialAction":[{"@type":"ReadAction","target":["https:\/\/medicinasinc.com\/fr\/product\/acheter-imitrex-sumatriptan-100-mg\/"]}]},{"@type":"ImageObject","inLanguage":"en-US","@id":"https:\/\/medicinasinc.com\/fr\/product\/acheter-imitrex-sumatriptan-100-mg\/#primaryimage","url":"https:\/\/medicinasinc.com\/fr\/wp-content\/uploads\/sites\/5\/2022\/02\/Buy-imitrex-Sumatriptan-100-mg.jpg","contentUrl":"https:\/\/medicinasinc.com\/fr\/wp-content\/uploads\/sites\/5\/2022\/02\/Buy-imitrex-Sumatriptan-100-mg.jpg","width":846,"height":600},{"@type":"BreadcrumbList","@id":"https:\/\/medicinasinc.com\/fr\/product\/acheter-imitrex-sumatriptan-100-mg\/#breadcrumb","itemListElement":[{"@type":"ListItem","position":1,"name":"Boutique","item":"https:\/\/medicinasinc.com\/fr\/boutique\/"},{"@type":"ListItem","position":2,"name":"Acheter imitrex Sumatriptan 100 mg"}]},{"@type":"WebSite","@id":"https:\/\/medicinasinc.com\/fr\/#website","url":"https:\/\/medicinasinc.com\/fr\/","name":"Medicinas Inc","description":"Health Medical Clinic","potentialAction":[{"@type":"SearchAction","target":{"@type":"EntryPoint","urlTemplate":"https:\/\/medicinasinc.com\/fr\/?s={search_term_string}"},"query-input":{"@type":"PropertyValueSpecification","valueRequired":true,"valueName":"search_term_string"}}],"inLanguage":"en-US"}]}},"_links":{"self":[{"href":"https:\/\/medicinasinc.com\/fr\/wp-json\/wp\/v2\/product\/5207","targetHints":{"allow":["GET"]}}],"collection":[{"href":"https:\/\/medicinasinc.com\/fr\/wp-json\/wp\/v2\/product"}],"about":[{"href":"https:\/\/medicinasinc.com\/fr\/wp-json\/wp\/v2\/types\/product"}],"replies":[{"embeddable":true,"href":"https:\/\/medicinasinc.com\/fr\/wp-json\/wp\/v2\/comments?post=5207"}],"wp:featuredmedia":[{"embeddable":true,"href":"https:\/\/medicinasinc.com\/fr\/wp-json\/wp\/v2\/media\/5224"}],"wp:attachment":[{"href":"https:\/\/medicinasinc.com\/fr\/wp-json\/wp\/v2\/media?parent=5207"}],"wp:term":[{"taxonomy":"product_brand","embeddable":true,"href":"https:\/\/medicinasinc.com\/fr\/wp-json\/wp\/v2\/product_brand?post=5207"},{"taxonomy":"product_cat","embeddable":true,"href":"https:\/\/medicinasinc.com\/fr\/wp-json\/wp\/v2\/product_cat?post=5207"},{"taxonomy":"product_tag","embeddable":true,"href":"https:\/\/medicinasinc.com\/fr\/wp-json\/wp\/v2\/product_tag?post=5207"}],"curies":[{"name":"wp","href":"https:\/\/api.w.org\/{rel}","templated":true}]}}