{"id":5184,"date":"2022-02-20T21:36:32","date_gmt":"2022-02-20T21:36:32","guid":{"rendered":"https:\/\/medicinasinc.com\/fr\/?post_type=product&#038;p=5184"},"modified":"2022-03-17T12:09:09","modified_gmt":"2022-03-17T12:09:09","slug":"acheter-hydrocodone-10-325mg","status":"publish","type":"product","link":"https:\/\/medicinasinc.com\/fr\/product\/acheter-hydrocodone-10-325mg\/","title":{"rendered":"Acheter Hydrocodone 10\/325mg"},"content":{"rendered":"<p>O\u00f9 acheter de l&#8217;hydrocodone\u00a010\/325\u00a0mg\u00a0?<\/p>\n<p>Parce que l&#8217;hydrocodone est un puissant analg\u00e9sique, vous pouvez l&#8217;obtenir en ligne sans ordonnance. Le pavot \u00e0 opium produit de la cod\u00e9ine, qui est utilis\u00e9e pour fabriquer cette drogue. Lorsque l&#8217;hydrocodone est produite \u00e0 partir de la cod\u00e9ine, les effets analg\u00e9siques sont plus forts et durent plus longtemps. En cons\u00e9quence, les m\u00e9decins prescrivent souvent de l&#8217;hydrocodone \u00e0 la place de la cod\u00e9ine pour traiter les douleurs intenses.<\/p>\n<p>Dans le cerveau, l&#8217;hydrocodone modifie l&#8217;\u00e9quilibre chimique, bloquant l&#8217;action des r\u00e9cepteurs de la douleur et soulageant ainsi l&#8217;utilisateur de toute perception de la douleur. <\/p>\n<p>En raison de la nature aigu\u00eb et chronique de la douleur due aux fractures, l&#8217;hydrocodone est l&#8217;une des meilleures options pour la traiter. Lorsque les personnes sont incapables de dormir la nuit \u00e0 cause de la douleur, l&#8217;hydrocodone peut les aider \u00e0 se d\u00e9tendre et leur permettre de se reposer pendant quelques heures.<\/p>\n<p>L&#8217;hydrocodone ne doit \u00eatre prise que par ceux qui ressentent de la douleur comme r\u00e9sultat de fractures osseuses, selon avis m\u00e9dical. Ceux qui souffrent d&#8217;autres types de douleur, tels que des spasmes, des plaies ou des points de suture suite \u00e0 une intervention chirurgicale, peuvent toujours le prendre. L&#8217;hydrocodone est l&#8217;un des analg\u00e9siques les plus efficaces dans toutes ces situations.<\/p>\n<p>Les doses d&#8217;hydrocodone doivent \u00eatre soigneusement surveill\u00e9es. Ce m\u00e9dicament peut avoir des effets secondaires graves s&#8217;il est utilis\u00e9 dans la mauvaise quantit\u00e9. La d\u00e9pendance \u00e0 ce m\u00e9dicament est un effet secondaire courant de l&#8217;administration de doses incorrectes. En raison de son grand potentiel d&#8217;abus et de d\u00e9pendance, l&#8217;hydrocodone doit \u00eatre utilis\u00e9e avec parcimonie et rarement. L&#8217;hydrocodone ne doit pas \u00eatre prise plus de 20 mg par jour par ceux qui souffrent de douleur chronique. Toute dose sup\u00e9rieure \u00e0 celle-ci est susceptible d&#8217;entra\u00eener une d\u00e9pendance et \u00e9ventuellement une d\u00e9pendance.<\/p>\n<p>Les pr\u00e9cautions \u00e0 prendre avec l&#8217;hydrocodone consistent \u00e0 s&#8217;assurer que la bonne dose est prise \u00e0 tout moment. Ce m\u00e9dicament peut avoir de graves effets n\u00e9gatifs s&#8217;il est pris dans de mauvaises quantit\u00e9s. L&#8217;hydrocodone ne doit pas \u00eatre achet\u00e9e par les personnes souffrant d&#8217;asthme ou de difficult\u00e9s respiratoires car elle favorise une respiration superficielle, ce qui pourrait \u00eatre un probl\u00e8me majeur pour elles. Commencez par de petites doses si vous achetez de l&#8217;hydrocodone en ligne sans ordonnance afin de savoir de combien votre corps a besoin.<\/p>\n<p>L&#8217;hydrocodone est connue pour provoquer divers effets secondaires d\u00e9sagr\u00e9ables, notamment la somnolence, les \u00e9tourdissements et les naus\u00e9es. Lorsque vous achetez de l&#8217;hydrocodone en ligne sans ordonnance et que vous en prenez, assurez-vous d&#8217;avoir une alimentation \u00e9quilibr\u00e9e pour \u00e9viter les probl\u00e8mes digestifs et intestinaux.<\/p>\n","protected":false},"excerpt":{"rendered":"<div class=\"woocommerce-product-details__short-description\">\n<p>Meilleur endroit pour acheter Hydrocodone 10 325mg en ligne. Les m\u00e9dicaments l\u00e9gaux peuvent \u00eatre trouv\u00e9s chez Best Global Meds, une pharmacie en ligne r\u00e9put\u00e9e. Vous pouvez gagner du temps et de l&#8217;argent en passant votre commande en ligne.<\/p>\n<p>O\u00f9 acheter Hydrocodone 10\/325mg en ligne\u00a0?<\/p>\n<p>Les femmes enceintes doivent consulter leur m\u00e9decin avant de prendre ce m\u00e9dicament car il est Classe de grossesse B de la FDA, ce qui signifie qu&#8217;il n&#8217;y a aucun moyen de d\u00e9terminer comment cela affectera un enfant \u00e0 na\u00eetre ou un nouveau-n\u00e9.<\/p>\n<p>\u00c0 vendre : Percocet 10\/325mg &#8211; Acheter sans ordonnance&#8230;<\/p>\n<p>Pharmacies en ligne recommand\u00e9es pour acheter Vicodin.<\/p>\n<\/p><\/div>\n","protected":false},"featured_media":5203,"comment_status":"open","ping_status":"closed","template":"","meta":[],"product_brand":[],"product_cat":[1117],"product_tag":[1325,1315,1321,1297,1322,1323,1324,1313,1308,1299,1300,1317,1316,1319,1320,1336,1302,1312,1318,1311,1298,1337,1326,1327,1328,1329,1330,1331,1332,1333,1334,1309,1310,1335],"class_list":{"0":"post-5184","1":"product","2":"type-product","3":"status-publish","4":"has-post-thumbnail","6":"product_cat-acheter-douleur-sommeil-sexe-pilules","7":"product_tag-acheter-hydrocodone","8":"product_tag-acheter-hydrocodone-en-ligne-bitcoins","9":"product_tag-achat-en-ligne-watson-540-500-mg","10":"product_tag-acheter-watson-en-ligne","11":"product_tag-commander-hydrocodone","12":"product_tag-commander-hydrocodone-en-ligne","13":"product_tag-commander-en-ligne-watson-540-500-mg","14":"product_tag-watson-tablette-de-soulagement-de-la-douleur","15":"product_tag-dosage-watson","16":"product_tag-generic-watson","17":"product_tag-generic-watson-pills-for-sale-in-usa","18":"product_tag-hydrocodone","19":"product_tag-hydrocodone-bon-marche","20":"product_tag-hydrocodone-watson","21":"product_tag-lortab","22":"product_tag-mdecine-watson","23":"product_tag-mdicaments-sans-ordonnance","24":"product_tag-watson-mdicaments","25":"product_tag-pilules-dhydrocodone","26":"product_tag-watson-hydrocodone-douleur-perte-pilules","27":"product_tag-pilules-gnriques--vendre-aux-etats-unis","28":"product_tag-watson-pilules-sans-prescription-partager","29":"product_tag-watson","30":"product_tag-watson-325-mg","31":"product_tag-watson-325mg","32":"product_tag-watson-540","33":"product_tag-watson-540-500-mg-acheter-en-ligne","34":"product_tag-watson-853-hydrocodone-10-325-mg","35":"product_tag-watson-853-hydrocodone-10-325-mg-est-un-comprim-blanc-en-forme-de-capsule-conu-pour-le-traitement-de-la-douleur","36":"product_tag-watson-853-hydrocodone-en-ligne","37":"product_tag-watson-853-pilule-blanche","38":"product_tag-watson-a-vendre-au-royaume-uni","39":"product_tag-watson--vendre-aux-etats-unis","40":"product_tag-watson-lortab","42":"first","43":"instock","44":"shipping-taxable","45":"purchasable","46":"product-type-variable","47":"has-default-attributes"},"yoast_head":"<!-- This site is optimized with the Yoast SEO plugin v27.3 - https:\/\/yoast.com\/product\/yoast-seo-wordpress\/ -->\n<title>Acheter Hydrocodone 10\/325mg - Meilleurs meilleurs m\u00e9dicaments mondiaux<\/title>\n<meta name=\"description\" content=\"Acheter Hydrocodone 10 325mg \u00e0 vendre au Royaume-Uni, en Europe en ligne au meilleur prix. Best Global Meds est une pharmacie en ligne de confiance proposant des m\u00e9dicaments l\u00e9gaux. Commandez en ligne et s\u00e9curisez votre temps et votre argent.\" \/>\n<meta name=\"robots\" content=\"index, follow, max-snippet:-1, max-image-preview:large, max-video-preview:-1\" \/>\n<link rel=\"canonical\" href=\"https:\/\/medicinasinc.com\/fr\/product\/acheter-hydrocodone-10-325mg\/\" \/>\n<meta property=\"og:locale\" content=\"en_US\" \/>\n<meta property=\"og:type\" content=\"article\" \/>\n<meta property=\"og:title\" content=\"Acheter Hydrocodone 10\/325mg - Meilleurs meilleurs m\u00e9dicaments mondiaux\" \/>\n<meta property=\"og:description\" content=\"Acheter Hydrocodone 10 325mg \u00e0 vendre au Royaume-Uni, en Europe en ligne au meilleur prix. Best Global Meds est une pharmacie en ligne de confiance proposant des m\u00e9dicaments l\u00e9gaux. Commandez en ligne et s\u00e9curisez votre temps et votre argent.\" \/>\n<meta property=\"og:url\" content=\"https:\/\/medicinasinc.com\/fr\/product\/acheter-hydrocodone-10-325mg\/\" \/>\n<meta property=\"og:site_name\" content=\"Medicinas Inc\" \/>\n<meta property=\"article:modified_time\" content=\"2022-03-17T12:09:09+00:00\" \/>\n<meta property=\"og:image\" content=\"https:\/\/medicinasinc.com\/fr\/wp-content\/uploads\/sites\/5\/2022\/02\/buy-hydrocodone-10-325mg-online.jpg\" \/>\n\t<meta property=\"og:image:width\" content=\"600\" \/>\n\t<meta property=\"og:image:height\" content=\"600\" \/>\n\t<meta property=\"og:image:type\" content=\"image\/jpeg\" \/>\n<meta name=\"twitter:card\" content=\"summary_large_image\" \/>\n<meta name=\"twitter:label1\" content=\"Est. reading time\" \/>\n\t<meta name=\"twitter:data1\" content=\"2 minutes\" \/>\n<script type=\"application\/ld+json\" class=\"yoast-schema-graph\">{\"@context\":\"https:\\\/\\\/schema.org\",\"@graph\":[{\"@type\":\"WebPage\",\"@id\":\"https:\\\/\\\/medicinasinc.com\\\/fr\\\/product\\\/acheter-hydrocodone-10-325mg\\\/\",\"url\":\"https:\\\/\\\/medicinasinc.com\\\/fr\\\/product\\\/acheter-hydrocodone-10-325mg\\\/\",\"name\":\"Acheter Hydrocodone 10\\\/325mg - Meilleurs meilleurs m\u00e9dicaments mondiaux\",\"isPartOf\":{\"@id\":\"https:\\\/\\\/medicinasinc.com\\\/fr\\\/#website\"},\"primaryImageOfPage\":{\"@id\":\"https:\\\/\\\/medicinasinc.com\\\/fr\\\/product\\\/acheter-hydrocodone-10-325mg\\\/#primaryimage\"},\"image\":{\"@id\":\"https:\\\/\\\/medicinasinc.com\\\/fr\\\/product\\\/acheter-hydrocodone-10-325mg\\\/#primaryimage\"},\"thumbnailUrl\":\"https:\\\/\\\/medicinasinc.com\\\/fr\\\/wp-content\\\/uploads\\\/sites\\\/5\\\/2022\\\/02\\\/buy-hydrocodone-10-325mg-online.jpg\",\"datePublished\":\"2022-02-20T21:36:32+00:00\",\"dateModified\":\"2022-03-17T12:09:09+00:00\",\"description\":\"Acheter Hydrocodone 10 325mg \u00e0 vendre au Royaume-Uni, en Europe en ligne au meilleur prix. Best Global Meds est une pharmacie en ligne de confiance proposant des m\u00e9dicaments l\u00e9gaux. Commandez en ligne et s\u00e9curisez votre temps et votre argent.\",\"breadcrumb\":{\"@id\":\"https:\\\/\\\/medicinasinc.com\\\/fr\\\/product\\\/acheter-hydrocodone-10-325mg\\\/#breadcrumb\"},\"inLanguage\":\"en-US\",\"potentialAction\":[{\"@type\":\"ReadAction\",\"target\":[\"https:\\\/\\\/medicinasinc.com\\\/fr\\\/product\\\/acheter-hydrocodone-10-325mg\\\/\"]}]},{\"@type\":\"ImageObject\",\"inLanguage\":\"en-US\",\"@id\":\"https:\\\/\\\/medicinasinc.com\\\/fr\\\/product\\\/acheter-hydrocodone-10-325mg\\\/#primaryimage\",\"url\":\"https:\\\/\\\/medicinasinc.com\\\/fr\\\/wp-content\\\/uploads\\\/sites\\\/5\\\/2022\\\/02\\\/buy-hydrocodone-10-325mg-online.jpg\",\"contentUrl\":\"https:\\\/\\\/medicinasinc.com\\\/fr\\\/wp-content\\\/uploads\\\/sites\\\/5\\\/2022\\\/02\\\/buy-hydrocodone-10-325mg-online.jpg\",\"width\":600,\"height\":600},{\"@type\":\"BreadcrumbList\",\"@id\":\"https:\\\/\\\/medicinasinc.com\\\/fr\\\/product\\\/acheter-hydrocodone-10-325mg\\\/#breadcrumb\",\"itemListElement\":[{\"@type\":\"ListItem\",\"position\":1,\"name\":\"Boutique\",\"item\":\"https:\\\/\\\/medicinasinc.com\\\/fr\\\/boutique\\\/\"},{\"@type\":\"ListItem\",\"position\":2,\"name\":\"Acheter Hydrocodone 10\\\/325mg\"}]},{\"@type\":\"WebSite\",\"@id\":\"https:\\\/\\\/medicinasinc.com\\\/fr\\\/#website\",\"url\":\"https:\\\/\\\/medicinasinc.com\\\/fr\\\/\",\"name\":\"Medicinas Inc\",\"description\":\"Health Medical Clinic\",\"potentialAction\":[{\"@type\":\"SearchAction\",\"target\":{\"@type\":\"EntryPoint\",\"urlTemplate\":\"https:\\\/\\\/medicinasinc.com\\\/fr\\\/?s={search_term_string}\"},\"query-input\":{\"@type\":\"PropertyValueSpecification\",\"valueRequired\":true,\"valueName\":\"search_term_string\"}}],\"inLanguage\":\"en-US\"}]}<\/script>\n<!-- \/ Yoast SEO plugin. -->","yoast_head_json":{"title":"Acheter Hydrocodone 10\/325mg - Meilleurs meilleurs m\u00e9dicaments mondiaux","description":"Acheter Hydrocodone 10 325mg \u00e0 vendre au Royaume-Uni, en Europe en ligne au meilleur prix. Best Global Meds est une pharmacie en ligne de confiance proposant des m\u00e9dicaments l\u00e9gaux. Commandez en ligne et s\u00e9curisez votre temps et votre argent.","robots":{"index":"index","follow":"follow","max-snippet":"max-snippet:-1","max-image-preview":"max-image-preview:large","max-video-preview":"max-video-preview:-1"},"canonical":"https:\/\/medicinasinc.com\/fr\/product\/acheter-hydrocodone-10-325mg\/","og_locale":"en_US","og_type":"article","og_title":"Acheter Hydrocodone 10\/325mg - Meilleurs meilleurs m\u00e9dicaments mondiaux","og_description":"Acheter Hydrocodone 10 325mg \u00e0 vendre au Royaume-Uni, en Europe en ligne au meilleur prix. Best Global Meds est une pharmacie en ligne de confiance proposant des m\u00e9dicaments l\u00e9gaux. Commandez en ligne et s\u00e9curisez votre temps et votre argent.","og_url":"https:\/\/medicinasinc.com\/fr\/product\/acheter-hydrocodone-10-325mg\/","og_site_name":"Medicinas Inc","article_modified_time":"2022-03-17T12:09:09+00:00","og_image":[{"width":600,"height":600,"url":"https:\/\/medicinasinc.com\/fr\/wp-content\/uploads\/sites\/5\/2022\/02\/buy-hydrocodone-10-325mg-online.jpg","type":"image\/jpeg"}],"twitter_card":"summary_large_image","twitter_misc":{"Est. reading time":"2 minutes"},"schema":{"@context":"https:\/\/schema.org","@graph":[{"@type":"WebPage","@id":"https:\/\/medicinasinc.com\/fr\/product\/acheter-hydrocodone-10-325mg\/","url":"https:\/\/medicinasinc.com\/fr\/product\/acheter-hydrocodone-10-325mg\/","name":"Acheter Hydrocodone 10\/325mg - Meilleurs meilleurs m\u00e9dicaments mondiaux","isPartOf":{"@id":"https:\/\/medicinasinc.com\/fr\/#website"},"primaryImageOfPage":{"@id":"https:\/\/medicinasinc.com\/fr\/product\/acheter-hydrocodone-10-325mg\/#primaryimage"},"image":{"@id":"https:\/\/medicinasinc.com\/fr\/product\/acheter-hydrocodone-10-325mg\/#primaryimage"},"thumbnailUrl":"https:\/\/medicinasinc.com\/fr\/wp-content\/uploads\/sites\/5\/2022\/02\/buy-hydrocodone-10-325mg-online.jpg","datePublished":"2022-02-20T21:36:32+00:00","dateModified":"2022-03-17T12:09:09+00:00","description":"Acheter Hydrocodone 10 325mg \u00e0 vendre au Royaume-Uni, en Europe en ligne au meilleur prix. Best Global Meds est une pharmacie en ligne de confiance proposant des m\u00e9dicaments l\u00e9gaux. Commandez en ligne et s\u00e9curisez votre temps et votre argent.","breadcrumb":{"@id":"https:\/\/medicinasinc.com\/fr\/product\/acheter-hydrocodone-10-325mg\/#breadcrumb"},"inLanguage":"en-US","potentialAction":[{"@type":"ReadAction","target":["https:\/\/medicinasinc.com\/fr\/product\/acheter-hydrocodone-10-325mg\/"]}]},{"@type":"ImageObject","inLanguage":"en-US","@id":"https:\/\/medicinasinc.com\/fr\/product\/acheter-hydrocodone-10-325mg\/#primaryimage","url":"https:\/\/medicinasinc.com\/fr\/wp-content\/uploads\/sites\/5\/2022\/02\/buy-hydrocodone-10-325mg-online.jpg","contentUrl":"https:\/\/medicinasinc.com\/fr\/wp-content\/uploads\/sites\/5\/2022\/02\/buy-hydrocodone-10-325mg-online.jpg","width":600,"height":600},{"@type":"BreadcrumbList","@id":"https:\/\/medicinasinc.com\/fr\/product\/acheter-hydrocodone-10-325mg\/#breadcrumb","itemListElement":[{"@type":"ListItem","position":1,"name":"Boutique","item":"https:\/\/medicinasinc.com\/fr\/boutique\/"},{"@type":"ListItem","position":2,"name":"Acheter Hydrocodone 10\/325mg"}]},{"@type":"WebSite","@id":"https:\/\/medicinasinc.com\/fr\/#website","url":"https:\/\/medicinasinc.com\/fr\/","name":"Medicinas Inc","description":"Health Medical Clinic","potentialAction":[{"@type":"SearchAction","target":{"@type":"EntryPoint","urlTemplate":"https:\/\/medicinasinc.com\/fr\/?s={search_term_string}"},"query-input":{"@type":"PropertyValueSpecification","valueRequired":true,"valueName":"search_term_string"}}],"inLanguage":"en-US"}]}},"_links":{"self":[{"href":"https:\/\/medicinasinc.com\/fr\/wp-json\/wp\/v2\/product\/5184","targetHints":{"allow":["GET"]}}],"collection":[{"href":"https:\/\/medicinasinc.com\/fr\/wp-json\/wp\/v2\/product"}],"about":[{"href":"https:\/\/medicinasinc.com\/fr\/wp-json\/wp\/v2\/types\/product"}],"replies":[{"embeddable":true,"href":"https:\/\/medicinasinc.com\/fr\/wp-json\/wp\/v2\/comments?post=5184"}],"wp:featuredmedia":[{"embeddable":true,"href":"https:\/\/medicinasinc.com\/fr\/wp-json\/wp\/v2\/media\/5203"}],"wp:attachment":[{"href":"https:\/\/medicinasinc.com\/fr\/wp-json\/wp\/v2\/media?parent=5184"}],"wp:term":[{"taxonomy":"product_brand","embeddable":true,"href":"https:\/\/medicinasinc.com\/fr\/wp-json\/wp\/v2\/product_brand?post=5184"},{"taxonomy":"product_cat","embeddable":true,"href":"https:\/\/medicinasinc.com\/fr\/wp-json\/wp\/v2\/product_cat?post=5184"},{"taxonomy":"product_tag","embeddable":true,"href":"https:\/\/medicinasinc.com\/fr\/wp-json\/wp\/v2\/product_tag?post=5184"}],"curies":[{"name":"wp","href":"https:\/\/api.w.org\/{rel}","templated":true}]}}