{"id":5183,"date":"2022-02-20T21:35:10","date_gmt":"2022-02-20T21:35:10","guid":{"rendered":"https:\/\/medicinasinc.com\/fr\/?post_type=product&#038;p=5183"},"modified":"2022-03-17T12:09:24","modified_gmt":"2022-03-17T12:09:24","slug":"hydrocodone-10-500mg","status":"publish","type":"product","link":"https:\/\/medicinasinc.com\/fr\/product\/hydrocodone-10-500mg\/","title":{"rendered":"Hydrocodone 10\/500mg"},"content":{"rendered":"<div class=\"product-next-previous\">\n<div class=\"product-prev\">\n<p>Les comprim\u00e9s d&#8217;hydrocodone 10\/500mg sont actuellement disponibles \u00e0 l&#8217;achat en ligne.<\/p>\n<p>Combinaison de haute qualit\u00e9 m\u00e9dicament pour la gestion de la douleur mod\u00e9r\u00e9e \u00e0 s\u00e9v\u00e8re, Watson 540 (Hydrocodone) 500 mg est Watson 540 (Hydrocodone). L&#8217;ac\u00e9taminoph\u00e8ne et l&#8217;hydrocodone sont utilis\u00e9s dans la formulation de l&#8217;hydrocodone \u00e0 vendre. L&#8217;ac\u00e9taminoph\u00e8ne non opio\u00efde et l&#8217;hydrocodone opio\u00efde sont tous deux des analg\u00e9siques.<\/p>\n<p>Dans le cerveau, ce m\u00e9dicament modifie la fa\u00e7on dont le corps r\u00e9agit et ressent la douleur. La temp\u00e9rature d&#8217;un individu peut \u00e9galement \u00eatre r\u00e9duite avec l&#8217;utilisation de ce m\u00e9dicament.<\/p>\n<p>En raison des effets ind\u00e9sirables importants d&#8217;une respiration superficielle\/lente qui peuvent survenir lorsque vous achetez de l&#8217;hydrocodone en ligne, il n&#8217;est pas sugg\u00e9r\u00e9 pour les enfants de moins de 6 ans ans.<\/p>\n<p>Avant de commencer ce m\u00e9dicament, assurez-vous de lire la notice d&#8217;information du patient qui vous a \u00e9t\u00e9 fournie par votre m\u00e9decin.<\/p>\n<p>Acheter de l&#8217;hydrocodone peut \u00eatre pris par voie orale, avec ou sans repas , selon les pr\u00e9f\u00e9rences de l&#8217;utilisateur. Consultez votre m\u00e9decin ou votre fournisseur de soins de sant\u00e9 avant de prendre le m\u00e9dicament si vous avez des naus\u00e9es.<\/p>\n<p>Que contient chaque comprim\u00e9 Watson 540\u00a0?<\/p>\n<p>St\u00e9arate de sodium de magn\u00e9sium<br \/> Cellulose microcristalline<br \/> CrospovidonesCroscarmellose Il est compos\u00e9 de st\u00e9arate de sodium<br \/> AmidonsPovidone<br \/> Oxyde de poly\u00e9thyl\u00e8ne t\u00e9r\u00e9phtalate<br \/> Contient de la POUDRE DE COULEUR N\u00b0 10 D&amp;C Jaune<\/p>\n<p>&nbsp;<\/p>\n<p>Selon la r\u00e9ponse g\u00e9n\u00e9rale du patient et son \u00e9tat de sant\u00e9, la posologie de ce m\u00e9dicament peut varier. N&#8217;essayez jamais d&#8217;augmenter la dose du m\u00e9dicament et n&#8217;arr\u00eatez de le prendre que si votre m\u00e9decin vous le demande.<\/p>\n<p>L&#8217;arr\u00eat brutal du m\u00e9dicament peut entra\u00eener un sevrage. Pour \u00e9viter les sympt\u00f4mes de sevrage, suivez les instructions de votre m\u00e9decin pour r\u00e9duire progressivement la dose de vos m\u00e9dicaments.<\/p>\n<p>Les achats en ligne d&#8217;hydrocodone peuvent parfois entra\u00eener une d\u00e9pendance. Il est recommand\u00e9 de ne pas d\u00e9passer la dose sp\u00e9cifi\u00e9e du m\u00e9dicament afin de pr\u00e9venir la toxicomanie.<\/p>\n<p>Allergie\u00a0:<\/p>\n<p>Demandez \u00e0 votre m\u00e9decin ou \u00e0 votre fournisseur de soins de sant\u00e9 si vous pouvez utiliser ce m\u00e9dicament car vous \u00eates allergique aux ingr\u00e9dients ac\u00e9taminoph\u00e8ne et hydrocodone. La r\u00e9action d&#8217;un individu \u00e0 ce produit pourrait \u00eatre affect\u00e9e par la pr\u00e9sence de substances actives dans sa formulation.<\/p>\n<p>Somnolence\u00a0:<\/p>\n<p>Une somnolence ou des \u00e9tourdissements peuvent survenir en tant qu&#8217;effet secondaire de ce m\u00e9dicament. Il faut \u00e9viter de conduire, d&#8217;utiliser des machines ou toute autre activit\u00e9 n\u00e9cessitant une attention ou une vigilance totale. Veuillez vous abstenir de participer \u00e0 l&#8217;une de ces activit\u00e9s jusqu&#8217;\u00e0 ce que vous soyez s\u00fbr de pouvoir le faire sans rencontrer de difficult\u00e9s.<\/p>\n<p>Grossesse\u00a0:<\/p>\n<p>Il est conseill\u00e9 aux femmes enceintes de ne pas prendre ce m\u00e9dicament. N&#8217;utilisez ce m\u00e9dicament qu&#8217;en cas d&#8217;absolue n\u00e9cessit\u00e9. Consultez votre m\u00e9decin ou votre pharmacien pour conna\u00eetre les avantages et les inconv\u00e9nients de la prise de ce m\u00e9dicament pendant la grossesse.<\/p>\n<p>Allaitement<\/p>\n<p>La prise de ce m\u00e9dicament pendant l&#8217;allaitement peut avoir des effets n\u00e9fastes sur la sant\u00e9 du b\u00e9b\u00e9. Les m\u00e9decins doivent \u00eatre consult\u00e9s rapidement si votre b\u00e9b\u00e9 pr\u00e9sente des sympt\u00f4mes \u00e9tranges tels que des difficult\u00e9s respiratoires ou de la l\u00e9thargie, ainsi que des probl\u00e8mes d&#8217;alimentation.<\/p>\n<p>Des vomissements, des \u00e9tourdissements, de la somnolence et de la constipation peuvent survenir \u00e0 la suite de l&#8217;utilisation d&#8217;hydrocodone. Au fur et \u00e0 mesure que le m\u00e9dicament se poursuit, certains de ces effets ind\u00e9sirables peuvent s&#8217;att\u00e9nuer avec le temps. Si l&#8217;un de ces sympt\u00f4mes s&#8217;aggrave, vous devez consulter un m\u00e9decin d&#8217;urgence pour trouver une solution.<\/p>\n<p>Vous devez consommer beaucoup de fibres et boire beaucoup d&#8217;eau pour \u00e9viter la constipation. Prenez un laxatif pour soulager les sympt\u00f4mes de la constipation si vous en avez besoin. Vous devez demander l&#8217;avis de votre m\u00e9decin avant de prendre un laxatif.<\/p>\n<p>Vous devez vous lever lentement d&#8217;une position allong\u00e9e ou assise si vous souhaitez minimiser les sympt\u00f4mes d&#8217;\u00e9tourdissements et de vertiges.<\/p>\n<\/p><\/div><\/div>\n","protected":false},"excerpt":{"rendered":"<div class=\"woocommerce-product-details__short-description\">\n<p>Acheter des comprim\u00e9s d&#8217;hydrocodone 10\/500mg en vente au Royaume-Uni, dans l&#8217;UE et en Europe peut \u00eatre achet\u00e9 en ligne sur notre site Web. La dihydrocod\u00e9inone (hydrocodone) est un opio\u00efde semi-manufactur\u00e9 d\u00e9riv\u00e9 de la cod\u00e9ine et de la th\u00e9ba\u00efne, deux s\u00e9datifs courants.<\/p>\n<p>Pour les douleurs mod\u00e9r\u00e9es \u00e0 s\u00e9v\u00e8res, l&#8217;ingr\u00e9dient actif de Watson 540 (hydrocodone) est de 500 mg d&#8217;hydrocodone. L&#8217;ac\u00e9taminoph\u00e8ne et l&#8217;hydrocodone sont utilis\u00e9s dans la formulation de l&#8217;hydrocodone \u00e0 vendre. L&#8217;hydroxycodone est un analg\u00e9sique opio\u00efde, tandis que l&#8217;ac\u00e9taminoph\u00e8ne n&#8217;est pas un opio\u00efde.<\/p>\n<\/p><\/div>\n","protected":false},"featured_media":5201,"comment_status":"open","ping_status":"closed","template":"","meta":[],"product_brand":[],"product_cat":[1117],"product_tag":[1297,1313,1308,1299,1300,1301,1307,1302,1312,1311,1298,1314,1303,1304,1305,1306,1309,1310],"class_list":{"0":"post-5183","1":"product","2":"type-product","3":"status-publish","4":"has-post-thumbnail","6":"product_cat-acheter-douleur-sommeil-sexe-pilules","7":"product_tag-acheter-watson-en-ligne","8":"product_tag-watson-tablette-de-soulagement-de-la-douleur","9":"product_tag-dosage-watson","10":"product_tag-generic-watson","11":"product_tag-generic-watson-pills-for-sale-in-usa","12":"product_tag-hydrocodone--vendre","13":"product_tag-watson-540-mdecine","14":"product_tag-mdicaments-sans-ordonnance","15":"product_tag-watson-mdicaments","16":"product_tag-watson-hydrocodone-douleur-perte-pilules","17":"product_tag-pilules-gnriques--vendre-aux-etats-unis","18":"product_tag-watson-pilules-sans-ordonnance","19":"product_tag-watson-500-mg","20":"product_tag-watson-500mg","21":"product_tag-watson-540-hydrocodone-500-mg","22":"product_tag-watson-540-hydrocodone-en-ligne","23":"product_tag-watson-a-vendre-au-royaume-uni","24":"product_tag-watson--vendre-aux-etats-unis","26":"first","27":"instock","28":"shipping-taxable","29":"purchasable","30":"product-type-variable","31":"has-default-attributes"},"yoast_head":"<!-- This site is optimized with the Yoast SEO plugin v27.3 - https:\/\/yoast.com\/product\/yoast-seo-wordpress\/ -->\n<title>Acheter Hydrocodone 10\/500mg - Meilleurs meilleurs m\u00e9dicaments mondiaux<\/title>\n<meta name=\"description\" content=\"Acheter des pilules d&#039;hydrocodone 10\/500mg \u00e0 vendre en ligne au Royaume-Uni, dans l&#039;UE et en Europe. L&#039;hydrocodone ou la dihydrocod\u00e9inone est un opio\u00efde semi-manufactur\u00e9 d\u00e9duit de deux des s\u00e9datifs courants, la cod\u00e9ine et la th\u00e9ba\u00efne.\" \/>\n<meta name=\"robots\" content=\"index, follow, max-snippet:-1, max-image-preview:large, max-video-preview:-1\" \/>\n<link rel=\"canonical\" href=\"https:\/\/medicinasinc.com\/fr\/product\/hydrocodone-10-500mg\/\" \/>\n<meta property=\"og:locale\" content=\"en_US\" \/>\n<meta property=\"og:type\" content=\"article\" \/>\n<meta property=\"og:title\" content=\"Acheter Hydrocodone 10\/500mg - Meilleurs meilleurs m\u00e9dicaments mondiaux\" \/>\n<meta property=\"og:description\" content=\"Acheter des pilules d&#039;hydrocodone 10\/500mg \u00e0 vendre en ligne au Royaume-Uni, dans l&#039;UE et en Europe. L&#039;hydrocodone ou la dihydrocod\u00e9inone est un opio\u00efde semi-manufactur\u00e9 d\u00e9duit de deux des s\u00e9datifs courants, la cod\u00e9ine et la th\u00e9ba\u00efne.\" \/>\n<meta property=\"og:url\" content=\"https:\/\/medicinasinc.com\/fr\/product\/hydrocodone-10-500mg\/\" \/>\n<meta property=\"og:site_name\" content=\"Medicinas Inc\" \/>\n<meta property=\"article:modified_time\" content=\"2022-03-17T12:09:24+00:00\" \/>\n<meta property=\"og:image\" content=\"https:\/\/medicinasinc.com\/fr\/wp-content\/uploads\/sites\/5\/2022\/02\/buy-hydrocodone-10-500mg-pills-online.jpg\" \/>\n\t<meta property=\"og:image:width\" content=\"600\" \/>\n\t<meta property=\"og:image:height\" content=\"600\" \/>\n\t<meta property=\"og:image:type\" content=\"image\/jpeg\" \/>\n<meta name=\"twitter:card\" content=\"summary_large_image\" \/>\n<meta name=\"twitter:label1\" content=\"Est. reading time\" \/>\n\t<meta name=\"twitter:data1\" content=\"3 minutes\" \/>\n<script type=\"application\/ld+json\" class=\"yoast-schema-graph\">{\"@context\":\"https:\\\/\\\/schema.org\",\"@graph\":[{\"@type\":\"WebPage\",\"@id\":\"https:\\\/\\\/medicinasinc.com\\\/fr\\\/product\\\/hydrocodone-10-500mg\\\/\",\"url\":\"https:\\\/\\\/medicinasinc.com\\\/fr\\\/product\\\/hydrocodone-10-500mg\\\/\",\"name\":\"Acheter Hydrocodone 10\\\/500mg - Meilleurs meilleurs m\u00e9dicaments mondiaux\",\"isPartOf\":{\"@id\":\"https:\\\/\\\/medicinasinc.com\\\/fr\\\/#website\"},\"primaryImageOfPage\":{\"@id\":\"https:\\\/\\\/medicinasinc.com\\\/fr\\\/product\\\/hydrocodone-10-500mg\\\/#primaryimage\"},\"image\":{\"@id\":\"https:\\\/\\\/medicinasinc.com\\\/fr\\\/product\\\/hydrocodone-10-500mg\\\/#primaryimage\"},\"thumbnailUrl\":\"https:\\\/\\\/medicinasinc.com\\\/fr\\\/wp-content\\\/uploads\\\/sites\\\/5\\\/2022\\\/02\\\/buy-hydrocodone-10-500mg-pills-online.jpg\",\"datePublished\":\"2022-02-20T21:35:10+00:00\",\"dateModified\":\"2022-03-17T12:09:24+00:00\",\"description\":\"Acheter des pilules d'hydrocodone 10\\\/500mg \u00e0 vendre en ligne au Royaume-Uni, dans l'UE et en Europe. L'hydrocodone ou la dihydrocod\u00e9inone est un opio\u00efde semi-manufactur\u00e9 d\u00e9duit de deux des s\u00e9datifs courants, la cod\u00e9ine et la th\u00e9ba\u00efne.\",\"breadcrumb\":{\"@id\":\"https:\\\/\\\/medicinasinc.com\\\/fr\\\/product\\\/hydrocodone-10-500mg\\\/#breadcrumb\"},\"inLanguage\":\"en-US\",\"potentialAction\":[{\"@type\":\"ReadAction\",\"target\":[\"https:\\\/\\\/medicinasinc.com\\\/fr\\\/product\\\/hydrocodone-10-500mg\\\/\"]}]},{\"@type\":\"ImageObject\",\"inLanguage\":\"en-US\",\"@id\":\"https:\\\/\\\/medicinasinc.com\\\/fr\\\/product\\\/hydrocodone-10-500mg\\\/#primaryimage\",\"url\":\"https:\\\/\\\/medicinasinc.com\\\/fr\\\/wp-content\\\/uploads\\\/sites\\\/5\\\/2022\\\/02\\\/buy-hydrocodone-10-500mg-pills-online.jpg\",\"contentUrl\":\"https:\\\/\\\/medicinasinc.com\\\/fr\\\/wp-content\\\/uploads\\\/sites\\\/5\\\/2022\\\/02\\\/buy-hydrocodone-10-500mg-pills-online.jpg\",\"width\":600,\"height\":600},{\"@type\":\"BreadcrumbList\",\"@id\":\"https:\\\/\\\/medicinasinc.com\\\/fr\\\/product\\\/hydrocodone-10-500mg\\\/#breadcrumb\",\"itemListElement\":[{\"@type\":\"ListItem\",\"position\":1,\"name\":\"Boutique\",\"item\":\"https:\\\/\\\/medicinasinc.com\\\/fr\\\/boutique\\\/\"},{\"@type\":\"ListItem\",\"position\":2,\"name\":\"Hydrocodone 10\\\/500mg\"}]},{\"@type\":\"WebSite\",\"@id\":\"https:\\\/\\\/medicinasinc.com\\\/fr\\\/#website\",\"url\":\"https:\\\/\\\/medicinasinc.com\\\/fr\\\/\",\"name\":\"Medicinas Inc\",\"description\":\"Health Medical Clinic\",\"potentialAction\":[{\"@type\":\"SearchAction\",\"target\":{\"@type\":\"EntryPoint\",\"urlTemplate\":\"https:\\\/\\\/medicinasinc.com\\\/fr\\\/?s={search_term_string}\"},\"query-input\":{\"@type\":\"PropertyValueSpecification\",\"valueRequired\":true,\"valueName\":\"search_term_string\"}}],\"inLanguage\":\"en-US\"}]}<\/script>\n<!-- \/ Yoast SEO plugin. -->","yoast_head_json":{"title":"Acheter Hydrocodone 10\/500mg - Meilleurs meilleurs m\u00e9dicaments mondiaux","description":"Acheter des pilules d'hydrocodone 10\/500mg \u00e0 vendre en ligne au Royaume-Uni, dans l'UE et en Europe. L'hydrocodone ou la dihydrocod\u00e9inone est un opio\u00efde semi-manufactur\u00e9 d\u00e9duit de deux des s\u00e9datifs courants, la cod\u00e9ine et la th\u00e9ba\u00efne.","robots":{"index":"index","follow":"follow","max-snippet":"max-snippet:-1","max-image-preview":"max-image-preview:large","max-video-preview":"max-video-preview:-1"},"canonical":"https:\/\/medicinasinc.com\/fr\/product\/hydrocodone-10-500mg\/","og_locale":"en_US","og_type":"article","og_title":"Acheter Hydrocodone 10\/500mg - Meilleurs meilleurs m\u00e9dicaments mondiaux","og_description":"Acheter des pilules d'hydrocodone 10\/500mg \u00e0 vendre en ligne au Royaume-Uni, dans l'UE et en Europe. L'hydrocodone ou la dihydrocod\u00e9inone est un opio\u00efde semi-manufactur\u00e9 d\u00e9duit de deux des s\u00e9datifs courants, la cod\u00e9ine et la th\u00e9ba\u00efne.","og_url":"https:\/\/medicinasinc.com\/fr\/product\/hydrocodone-10-500mg\/","og_site_name":"Medicinas Inc","article_modified_time":"2022-03-17T12:09:24+00:00","og_image":[{"width":600,"height":600,"url":"https:\/\/medicinasinc.com\/fr\/wp-content\/uploads\/sites\/5\/2022\/02\/buy-hydrocodone-10-500mg-pills-online.jpg","type":"image\/jpeg"}],"twitter_card":"summary_large_image","twitter_misc":{"Est. reading time":"3 minutes"},"schema":{"@context":"https:\/\/schema.org","@graph":[{"@type":"WebPage","@id":"https:\/\/medicinasinc.com\/fr\/product\/hydrocodone-10-500mg\/","url":"https:\/\/medicinasinc.com\/fr\/product\/hydrocodone-10-500mg\/","name":"Acheter Hydrocodone 10\/500mg - Meilleurs meilleurs m\u00e9dicaments mondiaux","isPartOf":{"@id":"https:\/\/medicinasinc.com\/fr\/#website"},"primaryImageOfPage":{"@id":"https:\/\/medicinasinc.com\/fr\/product\/hydrocodone-10-500mg\/#primaryimage"},"image":{"@id":"https:\/\/medicinasinc.com\/fr\/product\/hydrocodone-10-500mg\/#primaryimage"},"thumbnailUrl":"https:\/\/medicinasinc.com\/fr\/wp-content\/uploads\/sites\/5\/2022\/02\/buy-hydrocodone-10-500mg-pills-online.jpg","datePublished":"2022-02-20T21:35:10+00:00","dateModified":"2022-03-17T12:09:24+00:00","description":"Acheter des pilules d'hydrocodone 10\/500mg \u00e0 vendre en ligne au Royaume-Uni, dans l'UE et en Europe. L'hydrocodone ou la dihydrocod\u00e9inone est un opio\u00efde semi-manufactur\u00e9 d\u00e9duit de deux des s\u00e9datifs courants, la cod\u00e9ine et la th\u00e9ba\u00efne.","breadcrumb":{"@id":"https:\/\/medicinasinc.com\/fr\/product\/hydrocodone-10-500mg\/#breadcrumb"},"inLanguage":"en-US","potentialAction":[{"@type":"ReadAction","target":["https:\/\/medicinasinc.com\/fr\/product\/hydrocodone-10-500mg\/"]}]},{"@type":"ImageObject","inLanguage":"en-US","@id":"https:\/\/medicinasinc.com\/fr\/product\/hydrocodone-10-500mg\/#primaryimage","url":"https:\/\/medicinasinc.com\/fr\/wp-content\/uploads\/sites\/5\/2022\/02\/buy-hydrocodone-10-500mg-pills-online.jpg","contentUrl":"https:\/\/medicinasinc.com\/fr\/wp-content\/uploads\/sites\/5\/2022\/02\/buy-hydrocodone-10-500mg-pills-online.jpg","width":600,"height":600},{"@type":"BreadcrumbList","@id":"https:\/\/medicinasinc.com\/fr\/product\/hydrocodone-10-500mg\/#breadcrumb","itemListElement":[{"@type":"ListItem","position":1,"name":"Boutique","item":"https:\/\/medicinasinc.com\/fr\/boutique\/"},{"@type":"ListItem","position":2,"name":"Hydrocodone 10\/500mg"}]},{"@type":"WebSite","@id":"https:\/\/medicinasinc.com\/fr\/#website","url":"https:\/\/medicinasinc.com\/fr\/","name":"Medicinas Inc","description":"Health Medical Clinic","potentialAction":[{"@type":"SearchAction","target":{"@type":"EntryPoint","urlTemplate":"https:\/\/medicinasinc.com\/fr\/?s={search_term_string}"},"query-input":{"@type":"PropertyValueSpecification","valueRequired":true,"valueName":"search_term_string"}}],"inLanguage":"en-US"}]}},"_links":{"self":[{"href":"https:\/\/medicinasinc.com\/fr\/wp-json\/wp\/v2\/product\/5183","targetHints":{"allow":["GET"]}}],"collection":[{"href":"https:\/\/medicinasinc.com\/fr\/wp-json\/wp\/v2\/product"}],"about":[{"href":"https:\/\/medicinasinc.com\/fr\/wp-json\/wp\/v2\/types\/product"}],"replies":[{"embeddable":true,"href":"https:\/\/medicinasinc.com\/fr\/wp-json\/wp\/v2\/comments?post=5183"}],"wp:featuredmedia":[{"embeddable":true,"href":"https:\/\/medicinasinc.com\/fr\/wp-json\/wp\/v2\/media\/5201"}],"wp:attachment":[{"href":"https:\/\/medicinasinc.com\/fr\/wp-json\/wp\/v2\/media?parent=5183"}],"wp:term":[{"taxonomy":"product_brand","embeddable":true,"href":"https:\/\/medicinasinc.com\/fr\/wp-json\/wp\/v2\/product_brand?post=5183"},{"taxonomy":"product_cat","embeddable":true,"href":"https:\/\/medicinasinc.com\/fr\/wp-json\/wp\/v2\/product_cat?post=5183"},{"taxonomy":"product_tag","embeddable":true,"href":"https:\/\/medicinasinc.com\/fr\/wp-json\/wp\/v2\/product_tag?post=5183"}],"curies":[{"name":"wp","href":"https:\/\/api.w.org\/{rel}","templated":true}]}}