{"id":5182,"date":"2022-02-20T21:32:53","date_gmt":"2022-02-20T21:32:53","guid":{"rendered":"https:\/\/medicinasinc.com\/fr\/?post_type=product&#038;p=5182"},"modified":"2022-03-17T12:09:35","modified_gmt":"2022-03-17T12:09:35","slug":"acheter-fentanyl-systeme-transdermique-patch","status":"publish","type":"product","link":"https:\/\/medicinasinc.com\/fr\/product\/acheter-fentanyl-systeme-transdermique-patch\/","title":{"rendered":"Acheter le patch pour syst\u00e8me transdermique de fentanyl"},"content":{"rendered":"<div class=\"product-next-previous\">\n<div class=\"product-prev\">\n<p>Des patchs transdermiques de Fentanyl sont disponibles \u00e0 l&#8217;achat<br \/> Co Fentanyl c&#8217;est quoi\u00a0?<\/p>\n<p>Des opio\u00efdes sont une classe de m\u00e9dicaments qui comprend le fentanyl. Si vous souffrez de douleurs intenses chroniques (\u00e0 long terme) et que vous prenez d\u00e9j\u00e0 un m\u00e9dicament opio\u00efde (narcotique), vous pouvez b\u00e9n\u00e9ficier de l&#8217;utilisation du fentanyl.<\/p>\n<p>Quel est le prix du co-fentanyl\u00a0?<\/p>\n<p>PocketPills offre Co Fentanyl gratuitement. Si votre assurance couvre le co\u00fbt de Co Fentanyl, vous pourrez peut-\u00eatre l&#8217;obtenir \u00e0 un prix r\u00e9duit. Les frais de distribution et de livraison doivent \u00eatre pris en compte dans le co\u00fbt final de votre achat de Co Fentanyl.<\/p>\n<p>Combien co\u00fbtent les frais de distribution de Co Fentanyl\u00a0?<\/p>\n<p>Commande de Co Fentanyl chez nous, des frais de distribution de seulement 0 $. Si vous recherchez le prix Co-Fentanyl le moins cher au Canada, Pocketpills est l\u00e0 pour vous aider.<br \/> Assurez-vous de profiter de notre offre de livraison gratuite au Canada.<\/p>\n<p>Nom du m\u00e9dicament\u00a0: Co-Fentanyl <\/p>\n<p>Toxicit\u00e9s<\/p>\n<p>Une vari\u00e9t\u00e9 de m\u00e9dicaments peut induire des cons\u00e9quences ind\u00e9sirables.<\/p>\n<p>Lorsqu&#8217;un m\u00e9dicament est utilis\u00e9 conform\u00e9ment \u00e0 la prescription, des effets secondaires inattendus peuvent survenir . Il est possible que les effets secondaires soient l\u00e9gers ou graves, de longue dur\u00e9e ou de courte dur\u00e9e.<\/p>\n<p>Toutes les personnes qui prennent Co Fentanyl ne ressentent pas les effets secondaires suivants (Fentanyl-transdermique).<\/p>\n<p>Parlez \u00e0 votre m\u00e9decin si vous \u00eates pr\u00e9occup\u00e9 par les effets secondaires de Co Fentanyl (Fentanyl-transdermique).<\/p>\n<p>Au moins 1\u00a0% des utilisateurs de Co Fentanyl ont eu les effets ind\u00e9sirables suivants (Fentanyl-transdermique) . Il est possible que certains de ces effets ind\u00e9sirables disparaissent d&#8217;eux-m\u00eames avec le temps.<\/p>\n<p>Si vous remarquez l&#8217;un de ces effets ind\u00e9sirables et qu&#8217;il est g\u00eanant ou grave, contactez votre m\u00e9decin. Si vous avez des probl\u00e8mes avec les effets secondaires, demandez de l&#8217;aide \u00e0 votre pharmacien.<\/p>\n<p>confusion<br \/> Constipation<br \/> constipation difficult\u00e9 \u00e0 se concentrer somnolence et \u00e9tourdissements le soir<br \/> sensation d&#8217;anxi\u00e9t\u00e9, rougissement , et avoir mal \u00e0 la t\u00eate sont tous des sympt\u00f4mes de s\u00e9cheresse de la bouche.<br \/> manque de m\u00e9moire<br \/> inconfort ou d\u00e9mangeaisons au lieu d&#8217;application<\/p>\n<p>Foire aux questions sur Co Fentanyl<br \/> Pour acheter Co Fentanyl en ligne, vous devez savoir comment.<\/p>\n<p>Si vous avez une ordonnance valide de votre m\u00e9decin, vous pouvez acheter Co Fentanyl en ligne sur PocketPills. Vous pouvez commencer par t\u00e9l\u00e9charger votre ordonnance, acheter une recharge ou discuter avec l&#8217;un de nos m\u00e9decins canadiens pour recevoir une ordonnance en ligne en transf\u00e9rant toute ordonnance existante \u00e0 notre pharmacie. Une ordonnance pour Co Fentanyl\u00a0: o\u00f9 dois-je aller\u00a0?<\/p>\n<p>Sur pocketpills.com, vous pouvez parler \u00e0 un m\u00e9decin canadien sur Internet. Lors de votre rendez-vous, nos m\u00e9decins peuvent vous d\u00e9livrer des ordonnances de m\u00e9dicaments par internet. Sans frais suppl\u00e9mentaires, vous pouvez faire livrer votre ordonnance \u00e0 votre domicile discr\u00e8tement et dans son emballage d&#8217;origine apr\u00e8s l&#8217;avoir re\u00e7ue.<\/p>\n<p>Dans combien de temps puis-je attendre mon colis\u00a0?<\/p>\n<p>Oui\u00a0! Dans certains endroits, nous sommes en mesure d&#8217;offrir une livraison le jour m\u00eame. En plus de la livraison le lendemain, nous proposons \u00e9galement une exp\u00e9dition le lendemain.<br \/> Combien co\u00fbte l&#8217;exp\u00e9dition de Co Fentanyl au Canada\u00a0?<br \/> Les frais d&#8217;exp\u00e9dition de Co Fentanyl au Canada sont enti\u00e8rement gratuits. Les frais de pr\u00e9paration r\u00e9duits et la livraison gratuite offerts par Pocketpills permettent aux Canadiens de recevoir plus facilement les m\u00e9dicaments dont ils ont besoin.<br \/> Livraison de Co Fentanyl chez moi\u00a0?<br \/> Si vous nous avez command\u00e9 des m\u00e9dicaments sur ordonnance au Canada avec un prescription, nous pourrions envoyer Co Fentanyl \u00e0 votre porte. Contactez-nous si vous ne savez pas si nous livrons dans votre r\u00e9gion.<br \/> O\u00f9 puis-je obtenir du Co Fentanyl gratuit au Canada\u00a0?<br \/> Si vous avez un r\u00e9gime d&#8217;assurance maladie qui couvre le Co Fentanyl, vous pouvez l&#8217;obtenir gratuitement au Canada. D\u00e9couvrez si vous \u00eates \u00e9ligible au Co Fentanyl gratuit en contactant votre fournisseur ou avec nous.<br \/> O\u00f9 puis-je trouver un m\u00e9decin pour obtenir du Co Fentanyl\u00a0?<br \/> Oui. Pour savoir si vous \u00eates admissible \u00e0 une ordonnance de Co Fentanyl, vous pouvez planifier une consultation en ligne avec un m\u00e9decin canadien par l&#8217;interm\u00e9diaire de Best Global Meds.<br \/> Sans ordonnance, puis-je acheter du Co Fentanyl\u00a0?<br \/> Pour acheter du Co Fentanyl chez nous, vous devez avoir une ordonnance valide. Si vous avez besoin d&#8217;une ordonnance, veuillez nous contacter. Vous pouvez contacter l&#8217;un de nos m\u00e9decins quand cela vous convient.<\/p>\n<p>&nbsp;<\/p>\n<p>Ce m\u00e9dicament est utilis\u00e9 pour traiter les douleurs chroniques (comme celles dues au cancer). Les analg\u00e9siques opio\u00efdes (narcotiques), dont le fentanyl fait partie, sont un type courant d&#8217;analg\u00e9sique. Il modifie la fa\u00e7on dont votre corps per\u00e7oit et r\u00e9agit \u00e0 la douleur en agissant sur le cerveau.<\/p>\n<p>La forme patch de fentanyl ne doit pas \u00eatre utilis\u00e9e pour traiter une douleur l\u00e9g\u00e8re ou de courte dur\u00e9e. &#8220;comme&#8221; n&#8217;est pas un terme appropri\u00e9 pour ce m\u00e9dicament.<\/p>\n<\/p><\/div><\/div>\n","protected":false},"excerpt":{"rendered":"<p>Au Royaume-Uni, il est possible d&#8217;acheter des patchs de fentanyl en ligne, ainsi que du fentanyl en g\u00e9n\u00e9ral, ainsi que des patchs de fentanyl en vente sur place.<\/p>\n<p>Les patchs de fentanyl sont utilis\u00e9s pour traiter la douleur chronique&amp;#8230 ;. Lors de la collecte des ordonnances ou de l&#8217;obtention de m\u00e9dicaments suppl\u00e9mentaires, mentionnez le patch que vous portez \u00e0 votre pharmacien.<\/p>\n","protected":false},"featured_media":5199,"comment_status":"open","ping_status":"closed","template":"","meta":[],"product_brand":[],"product_cat":[1117],"product_tag":[1247,1248,1251,1253,1258,1252,1256,1282,1281,1283,1284,1285,1286,1287,1273,1269,1272,1255,1277,1267,1250,1289,1257,1262,1263,1264,1265,1270,1271,1274,1280,1288,1254,1276,1296,1295,1249,1266,1275,1292,1268,1294,1279,1290,1259,1260,1261,1291,1278,1293],"class_list":{"0":"post-5182","1":"product","2":"type-product","3":"status-publish","4":"has-post-thumbnail","6":"product_cat-acheter-douleur-sommeil-sexe-pilules","7":"product_tag-patch-de-100-mg-de-fentanyl","8":"product_tag-100-mg-fentanyl-patch-prix-de-la-rue","9":"product_tag-50-mg-fentanyl-patch","10":"product_tag-best-place-to-put-fentanyl-patch","11":"product_tag-patch-de-fentanyl","12":"product_tag-patch-de-75-mg-de-fentanyl","13":"product_tag-fentanyl-gel-patch","14":"product_tag-combien-de-temps-faut-il-pour-quun-patch-de-fentanyl-entre-en-vigueur","15":"product_tag-combien-de-temps-un-patch-de-fentanyl-reste-dans-votre-organisme","16":"product_tag-comment-appliquer-le-patch-de-fentanyl","17":"product_tag-comment-dgrader-le-patch-de-fentanyl","18":"product_tag-comment-fumer-un-patch-de-fentanyl","19":"product_tag-comment-diminuer-le-patch-de-fentanyl-sans-retrait","20":"product_tag-comment-utiliser-le-patch-de-fentanyl","21":"product_tag-fentanyl-patch-doses-12-mcg","22":"product_tag-fentanyl-patch-dosage-12-mcg","23":"product_tag-fentanyl-patch-doses","24":"product_tag-eating-fentanyl-patch","25":"product_tag-patch-fentanyl-effets-secondaires","26":"product_tag-fentanyl-patch-elimination","27":"product_tag-25-mcg-fentanyl-patch-quivalent","28":"product_tag-mallinckrodt-fentanyl-patch-extraction","29":"product_tag-fentanyl-pain-patch","30":"product_tag-fentanyl-patch-50-mcg","31":"product_tag-fentanyl-patch-75-mcg","32":"product_tag-fentanyl-patch-application","33":"product_tag-fentanyl-patch-brands","34":"product_tag-fentanyl-patch-dosage-chart","35":"product_tag-fentanyl-patch-dosages","36":"product_tag-fentanyl-patch-dosing","37":"product_tag-fentanyl-transdermal-patch","38":"product_tag-injecter-fentanyl-patch","39":"product_tag-meilleur-moyen-de-se-dfoncer-avec-le-patch-de-fentanyl","40":"product_tag-fentanyl-patch-paquet-insert","41":"product_tag-o-mettre-le-patch-de-fentanyl","42":"product_tag-o-placer-le-patch-de-fentanyl","43":"product_tag-patch-de-12-microgrammes-de-fentanyl","44":"product_tag-patch-fentanyl-mcher","45":"product_tag-patch-fentanyl-en-vente","46":"product_tag-fumeur-fentanyl-patch","47":"product_tag-fentanyl-patch-dosage","48":"product_tag-quest-ce-que-le-fentanyl-patch","49":"product_tag-fentanyl-patch-retraits","50":"product_tag-patch-sandoz-fentanyl","51":"product_tag-patch-fentanyl-100-mcg","52":"product_tag-fentanyl-patch-100mcg","53":"product_tag-fentanyl-patch-25-mcg-street-value","54":"product_tag-shoot-fentanyl-patch","55":"product_tag-usages-des-patchs-de-fentanyl","56":"product_tag-valeur-de-rue-du-patch-de-fentanyl","58":"first","59":"instock","60":"shipping-taxable","61":"purchasable","62":"product-type-variable","63":"has-default-attributes"},"yoast_head":"<!-- This site is optimized with the Yoast SEO plugin v27.3 - https:\/\/yoast.com\/product\/yoast-seo-wordpress\/ -->\n<title>Acheter le patch du syst\u00e8me transdermique de fentanyl - Best Best Global Meds<\/title>\n<meta name=\"description\" content=\"Acheter un patch de fentanyl en ligne au Royaume-Uni, du fentanyl en ligne au Royaume-Uni, le co\u00fbt des patchs de fentanyl au Royaume-Uni, acheter des patchs de fentanyl au Royaume-Uni, le prix de la rue de fentanyl au Royaume-Uni, un patch de fentanyl \u00e0 vendre au Royaume-Uni\" \/>\n<meta name=\"robots\" content=\"index, follow, max-snippet:-1, max-image-preview:large, max-video-preview:-1\" \/>\n<link rel=\"canonical\" href=\"https:\/\/medicinasinc.com\/fr\/product\/acheter-fentanyl-systeme-transdermique-patch\/\" \/>\n<meta property=\"og:locale\" content=\"en_US\" \/>\n<meta property=\"og:type\" content=\"article\" \/>\n<meta property=\"og:title\" content=\"Acheter le patch du syst\u00e8me transdermique de fentanyl - Best Best Global Meds\" \/>\n<meta property=\"og:description\" content=\"Acheter un patch de fentanyl en ligne au Royaume-Uni, du fentanyl en ligne au Royaume-Uni, le co\u00fbt des patchs de fentanyl au Royaume-Uni, acheter des patchs de fentanyl au Royaume-Uni, le prix de la rue de fentanyl au Royaume-Uni, un patch de fentanyl \u00e0 vendre au Royaume-Uni\" \/>\n<meta property=\"og:url\" content=\"https:\/\/medicinasinc.com\/fr\/product\/acheter-fentanyl-systeme-transdermique-patch\/\" \/>\n<meta property=\"og:site_name\" content=\"Medicinas Inc\" \/>\n<meta property=\"article:modified_time\" content=\"2022-03-17T12:09:35+00:00\" \/>\n<meta property=\"og:image\" content=\"https:\/\/medicinasinc.com\/fr\/wp-content\/uploads\/sites\/5\/2022\/02\/buy-fentanyl-transdermal-system-patch.jpg\" \/>\n\t<meta property=\"og:image:width\" content=\"600\" \/>\n\t<meta property=\"og:image:height\" content=\"600\" \/>\n\t<meta property=\"og:image:type\" content=\"image\/jpeg\" \/>\n<meta name=\"twitter:card\" content=\"summary_large_image\" \/>\n<meta name=\"twitter:label1\" content=\"Est. reading time\" \/>\n\t<meta name=\"twitter:data1\" content=\"4 minutes\" \/>\n<script type=\"application\/ld+json\" class=\"yoast-schema-graph\">{\"@context\":\"https:\\\/\\\/schema.org\",\"@graph\":[{\"@type\":\"WebPage\",\"@id\":\"https:\\\/\\\/medicinasinc.com\\\/fr\\\/product\\\/acheter-fentanyl-systeme-transdermique-patch\\\/\",\"url\":\"https:\\\/\\\/medicinasinc.com\\\/fr\\\/product\\\/acheter-fentanyl-systeme-transdermique-patch\\\/\",\"name\":\"Acheter le patch du syst\u00e8me transdermique de fentanyl - Best Best Global Meds\",\"isPartOf\":{\"@id\":\"https:\\\/\\\/medicinasinc.com\\\/fr\\\/#website\"},\"primaryImageOfPage\":{\"@id\":\"https:\\\/\\\/medicinasinc.com\\\/fr\\\/product\\\/acheter-fentanyl-systeme-transdermique-patch\\\/#primaryimage\"},\"image\":{\"@id\":\"https:\\\/\\\/medicinasinc.com\\\/fr\\\/product\\\/acheter-fentanyl-systeme-transdermique-patch\\\/#primaryimage\"},\"thumbnailUrl\":\"https:\\\/\\\/medicinasinc.com\\\/fr\\\/wp-content\\\/uploads\\\/sites\\\/5\\\/2022\\\/02\\\/buy-fentanyl-transdermal-system-patch.jpg\",\"datePublished\":\"2022-02-20T21:32:53+00:00\",\"dateModified\":\"2022-03-17T12:09:35+00:00\",\"description\":\"Acheter un patch de fentanyl en ligne au Royaume-Uni, du fentanyl en ligne au Royaume-Uni, le co\u00fbt des patchs de fentanyl au Royaume-Uni, acheter des patchs de fentanyl au Royaume-Uni, le prix de la rue de fentanyl au Royaume-Uni, un patch de fentanyl \u00e0 vendre au Royaume-Uni\",\"breadcrumb\":{\"@id\":\"https:\\\/\\\/medicinasinc.com\\\/fr\\\/product\\\/acheter-fentanyl-systeme-transdermique-patch\\\/#breadcrumb\"},\"inLanguage\":\"en-US\",\"potentialAction\":[{\"@type\":\"ReadAction\",\"target\":[\"https:\\\/\\\/medicinasinc.com\\\/fr\\\/product\\\/acheter-fentanyl-systeme-transdermique-patch\\\/\"]}]},{\"@type\":\"ImageObject\",\"inLanguage\":\"en-US\",\"@id\":\"https:\\\/\\\/medicinasinc.com\\\/fr\\\/product\\\/acheter-fentanyl-systeme-transdermique-patch\\\/#primaryimage\",\"url\":\"https:\\\/\\\/medicinasinc.com\\\/fr\\\/wp-content\\\/uploads\\\/sites\\\/5\\\/2022\\\/02\\\/buy-fentanyl-transdermal-system-patch.jpg\",\"contentUrl\":\"https:\\\/\\\/medicinasinc.com\\\/fr\\\/wp-content\\\/uploads\\\/sites\\\/5\\\/2022\\\/02\\\/buy-fentanyl-transdermal-system-patch.jpg\",\"width\":600,\"height\":600},{\"@type\":\"BreadcrumbList\",\"@id\":\"https:\\\/\\\/medicinasinc.com\\\/fr\\\/product\\\/acheter-fentanyl-systeme-transdermique-patch\\\/#breadcrumb\",\"itemListElement\":[{\"@type\":\"ListItem\",\"position\":1,\"name\":\"Boutique\",\"item\":\"https:\\\/\\\/medicinasinc.com\\\/fr\\\/boutique\\\/\"},{\"@type\":\"ListItem\",\"position\":2,\"name\":\"Acheter le patch pour syst\u00e8me transdermique de fentanyl\"}]},{\"@type\":\"WebSite\",\"@id\":\"https:\\\/\\\/medicinasinc.com\\\/fr\\\/#website\",\"url\":\"https:\\\/\\\/medicinasinc.com\\\/fr\\\/\",\"name\":\"Medicinas Inc\",\"description\":\"Health Medical Clinic\",\"potentialAction\":[{\"@type\":\"SearchAction\",\"target\":{\"@type\":\"EntryPoint\",\"urlTemplate\":\"https:\\\/\\\/medicinasinc.com\\\/fr\\\/?s={search_term_string}\"},\"query-input\":{\"@type\":\"PropertyValueSpecification\",\"valueRequired\":true,\"valueName\":\"search_term_string\"}}],\"inLanguage\":\"en-US\"}]}<\/script>\n<!-- \/ Yoast SEO plugin. -->","yoast_head_json":{"title":"Acheter le patch du syst\u00e8me transdermique de fentanyl - Best Best Global Meds","description":"Acheter un patch de fentanyl en ligne au Royaume-Uni, du fentanyl en ligne au Royaume-Uni, le co\u00fbt des patchs de fentanyl au Royaume-Uni, acheter des patchs de fentanyl au Royaume-Uni, le prix de la rue de fentanyl au Royaume-Uni, un patch de fentanyl \u00e0 vendre au Royaume-Uni","robots":{"index":"index","follow":"follow","max-snippet":"max-snippet:-1","max-image-preview":"max-image-preview:large","max-video-preview":"max-video-preview:-1"},"canonical":"https:\/\/medicinasinc.com\/fr\/product\/acheter-fentanyl-systeme-transdermique-patch\/","og_locale":"en_US","og_type":"article","og_title":"Acheter le patch du syst\u00e8me transdermique de fentanyl - Best Best Global Meds","og_description":"Acheter un patch de fentanyl en ligne au Royaume-Uni, du fentanyl en ligne au Royaume-Uni, le co\u00fbt des patchs de fentanyl au Royaume-Uni, acheter des patchs de fentanyl au Royaume-Uni, le prix de la rue de fentanyl au Royaume-Uni, un patch de fentanyl \u00e0 vendre au Royaume-Uni","og_url":"https:\/\/medicinasinc.com\/fr\/product\/acheter-fentanyl-systeme-transdermique-patch\/","og_site_name":"Medicinas Inc","article_modified_time":"2022-03-17T12:09:35+00:00","og_image":[{"width":600,"height":600,"url":"https:\/\/medicinasinc.com\/fr\/wp-content\/uploads\/sites\/5\/2022\/02\/buy-fentanyl-transdermal-system-patch.jpg","type":"image\/jpeg"}],"twitter_card":"summary_large_image","twitter_misc":{"Est. reading time":"4 minutes"},"schema":{"@context":"https:\/\/schema.org","@graph":[{"@type":"WebPage","@id":"https:\/\/medicinasinc.com\/fr\/product\/acheter-fentanyl-systeme-transdermique-patch\/","url":"https:\/\/medicinasinc.com\/fr\/product\/acheter-fentanyl-systeme-transdermique-patch\/","name":"Acheter le patch du syst\u00e8me transdermique de fentanyl - Best Best Global Meds","isPartOf":{"@id":"https:\/\/medicinasinc.com\/fr\/#website"},"primaryImageOfPage":{"@id":"https:\/\/medicinasinc.com\/fr\/product\/acheter-fentanyl-systeme-transdermique-patch\/#primaryimage"},"image":{"@id":"https:\/\/medicinasinc.com\/fr\/product\/acheter-fentanyl-systeme-transdermique-patch\/#primaryimage"},"thumbnailUrl":"https:\/\/medicinasinc.com\/fr\/wp-content\/uploads\/sites\/5\/2022\/02\/buy-fentanyl-transdermal-system-patch.jpg","datePublished":"2022-02-20T21:32:53+00:00","dateModified":"2022-03-17T12:09:35+00:00","description":"Acheter un patch de fentanyl en ligne au Royaume-Uni, du fentanyl en ligne au Royaume-Uni, le co\u00fbt des patchs de fentanyl au Royaume-Uni, acheter des patchs de fentanyl au Royaume-Uni, le prix de la rue de fentanyl au Royaume-Uni, un patch de fentanyl \u00e0 vendre au Royaume-Uni","breadcrumb":{"@id":"https:\/\/medicinasinc.com\/fr\/product\/acheter-fentanyl-systeme-transdermique-patch\/#breadcrumb"},"inLanguage":"en-US","potentialAction":[{"@type":"ReadAction","target":["https:\/\/medicinasinc.com\/fr\/product\/acheter-fentanyl-systeme-transdermique-patch\/"]}]},{"@type":"ImageObject","inLanguage":"en-US","@id":"https:\/\/medicinasinc.com\/fr\/product\/acheter-fentanyl-systeme-transdermique-patch\/#primaryimage","url":"https:\/\/medicinasinc.com\/fr\/wp-content\/uploads\/sites\/5\/2022\/02\/buy-fentanyl-transdermal-system-patch.jpg","contentUrl":"https:\/\/medicinasinc.com\/fr\/wp-content\/uploads\/sites\/5\/2022\/02\/buy-fentanyl-transdermal-system-patch.jpg","width":600,"height":600},{"@type":"BreadcrumbList","@id":"https:\/\/medicinasinc.com\/fr\/product\/acheter-fentanyl-systeme-transdermique-patch\/#breadcrumb","itemListElement":[{"@type":"ListItem","position":1,"name":"Boutique","item":"https:\/\/medicinasinc.com\/fr\/boutique\/"},{"@type":"ListItem","position":2,"name":"Acheter le patch pour syst\u00e8me transdermique de fentanyl"}]},{"@type":"WebSite","@id":"https:\/\/medicinasinc.com\/fr\/#website","url":"https:\/\/medicinasinc.com\/fr\/","name":"Medicinas Inc","description":"Health Medical Clinic","potentialAction":[{"@type":"SearchAction","target":{"@type":"EntryPoint","urlTemplate":"https:\/\/medicinasinc.com\/fr\/?s={search_term_string}"},"query-input":{"@type":"PropertyValueSpecification","valueRequired":true,"valueName":"search_term_string"}}],"inLanguage":"en-US"}]}},"_links":{"self":[{"href":"https:\/\/medicinasinc.com\/fr\/wp-json\/wp\/v2\/product\/5182","targetHints":{"allow":["GET"]}}],"collection":[{"href":"https:\/\/medicinasinc.com\/fr\/wp-json\/wp\/v2\/product"}],"about":[{"href":"https:\/\/medicinasinc.com\/fr\/wp-json\/wp\/v2\/types\/product"}],"replies":[{"embeddable":true,"href":"https:\/\/medicinasinc.com\/fr\/wp-json\/wp\/v2\/comments?post=5182"}],"wp:featuredmedia":[{"embeddable":true,"href":"https:\/\/medicinasinc.com\/fr\/wp-json\/wp\/v2\/media\/5199"}],"wp:attachment":[{"href":"https:\/\/medicinasinc.com\/fr\/wp-json\/wp\/v2\/media?parent=5182"}],"wp:term":[{"taxonomy":"product_brand","embeddable":true,"href":"https:\/\/medicinasinc.com\/fr\/wp-json\/wp\/v2\/product_brand?post=5182"},{"taxonomy":"product_cat","embeddable":true,"href":"https:\/\/medicinasinc.com\/fr\/wp-json\/wp\/v2\/product_cat?post=5182"},{"taxonomy":"product_tag","embeddable":true,"href":"https:\/\/medicinasinc.com\/fr\/wp-json\/wp\/v2\/product_tag?post=5182"}],"curies":[{"name":"wp","href":"https:\/\/api.w.org\/{rel}","templated":true}]}}