{"id":5151,"date":"2022-02-20T21:07:35","date_gmt":"2022-02-20T21:07:35","guid":{"rendered":"https:\/\/medicinasinc.com\/fr\/?post_type=product&#038;p=5151"},"modified":"2022-08-05T10:34:16","modified_gmt":"2022-08-05T10:34:16","slug":"acheter-diazepam-10-mg","status":"publish","type":"product","link":"https:\/\/medicinasinc.com\/fr\/product\/acheter-diazepam-10-mg\/","title":{"rendered":"Acheter Diaz\u00e9pam 10 mg"},"content":{"rendered":"<p>Acheter 10mg Dextripam en ligne (Diaz\u00e9pam)<\/p>\n<p>Diaz\u00e9pam 10 mg \u00e0 vendre en ligne au Royaume-Uni, en Europe au meilleur prix est disponible ici. Les m\u00e9dicaments l\u00e9gaux sont disponibles sur bestglobalmeds.com, une pharmacie en ligne de confiance. Vous pouvez gagner du temps et de l&#8217;argent en passant votre commande en ligne.<\/p>\n<p>Les comprim\u00e9s de dextripam 10 mg peuvent \u00eatre achet\u00e9s en ligne. Le diaz\u00e9pam est un m\u00e9dicament utilis\u00e9 pour traiter l&#8217;anxi\u00e9t\u00e9, les sympt\u00f4mes de sevrage alcoolique ou les crampes musculaires.<\/p>\n<p>Une dose de 10 mg de diaz\u00e9pam peut \u00eatre achet\u00e9e au Royaume-Uni. Le diaz\u00e9pam (Valium 10 mg) peut \u00eatre achet\u00e9 sur bestsleepingtablets.com. Nous avons un bon stock de pilules de diaz\u00e9pam\u00a0!<\/p>\n<p>Le diaz\u00e9pam (valium g\u00e9n\u00e9rique) et d&#8217;autres&#8230; peuvent \u00eatre compar\u00e9s, des coupons imprim\u00e9s peuvent \u00eatre obtenus et des strat\u00e9gies d&#8217;\u00e9conomie d&#8217;argent peuvent \u00eatre trouv\u00e9es. Vous pouvez passer une commande en ligne et la faire livrer \u00e0 votre porte.<\/p>\n<div class=\"product-next-previous\">\n<div class=\"product-prev\"><\/div>\n<\/div>\n","protected":false},"excerpt":{"rendered":"<p>Acheter Diaz\u00e9pam 10 mg en vente en ligne au Royaume-Uni, en Europe au meilleur prix est disponible ici. Les m\u00e9dicaments l\u00e9gaux sont disponibles sur medicinasinc.com, une pharmacie en ligne de confiance. Vous pouvez gagner du temps et de l&#8217;argent en passant votre commande en ligne.<\/p>\n<p>Les comprim\u00e9s de dextripam 10 mg peuvent \u00eatre achet\u00e9s en ligne. Le diaz\u00e9pam est un m\u00e9dicament utilis\u00e9 pour traiter l&#8217;anxi\u00e9t\u00e9, les sympt\u00f4mes de sevrage alcoolique ou les crampes musculaires.<\/p>\n<p>Une dose de 10 mg de diaz\u00e9pam peut \u00eatre achet\u00e9e au Royaume-Uni. Le diaz\u00e9pam (Valium 10 mg) peut \u00eatre achet\u00e9 sur medicinasinc.com. Nous avons un bon stock de pilules de diaz\u00e9pam en stock !<\/p>\n<p>Diaz\u00e9pam (Generic Valium) et autres\u2026 peuvent \u00eatre compar\u00e9s, des coupons imprim\u00e9s peuvent \u00eatre obtenus et des strat\u00e9gies d&#8217;\u00e9conomie d&#8217;argent peuvent \u00eatre trouv\u00e9es. Vous pouvez passer une commande en ligne et la faire livrer \u00e0 votre porte.<\/p>\n","protected":false},"featured_media":5170,"comment_status":"open","ping_status":"closed","template":"","meta":[],"product_brand":[],"product_cat":[1117],"product_tag":[],"class_list":{"0":"post-5151","1":"product","2":"type-product","3":"status-publish","4":"has-post-thumbnail","6":"product_cat-acheter-douleur-sommeil-sexe-pilules","8":"first","9":"instock","10":"shipping-taxable","11":"purchasable","12":"product-type-variable","13":"has-default-attributes"},"yoast_head":"<!-- This site is optimized with the Yoast SEO plugin v27.3 - https:\/\/yoast.com\/product\/yoast-seo-wordpress\/ -->\n<title>Acheter du diaz\u00e9pam 10 mg - Meilleurs meilleurs m\u00e9dicaments mondiaux<\/title>\n<meta name=\"description\" content=\"Acheter Diaz\u00e9pam 10 mg \u00e0 vendre au Royaume-Uni, en Europe en ligne au meilleur prix. medicinasinc.com est une pharmacie en ligne de confiance proposant des m\u00e9dicaments l\u00e9gaux. Commandez en ligne et s\u00e9curisez votre temps et votre argent.\" \/>\n<meta name=\"robots\" content=\"index, follow, max-snippet:-1, max-image-preview:large, max-video-preview:-1\" \/>\n<link rel=\"canonical\" href=\"https:\/\/medicinasinc.com\/fr\/product\/acheter-diazepam-10-mg\/\" \/>\n<meta property=\"og:locale\" content=\"en_US\" \/>\n<meta property=\"og:type\" content=\"article\" \/>\n<meta property=\"og:title\" content=\"Acheter du diaz\u00e9pam 10 mg - Meilleurs meilleurs m\u00e9dicaments mondiaux\" \/>\n<meta property=\"og:description\" content=\"Acheter Diaz\u00e9pam 10 mg \u00e0 vendre au Royaume-Uni, en Europe en ligne au meilleur prix. medicinasinc.com est une pharmacie en ligne de confiance proposant des m\u00e9dicaments l\u00e9gaux. Commandez en ligne et s\u00e9curisez votre temps et votre argent.\" \/>\n<meta property=\"og:url\" content=\"https:\/\/medicinasinc.com\/fr\/product\/acheter-diazepam-10-mg\/\" \/>\n<meta property=\"og:site_name\" content=\"Medicinas Inc\" \/>\n<meta property=\"article:modified_time\" content=\"2022-08-05T10:34:16+00:00\" \/>\n<meta property=\"og:image\" content=\"https:\/\/medicinasinc.com\/fr\/wp-content\/uploads\/sites\/5\/2022\/02\/Buy-Diazepam-10-mg.jpg\" \/>\n\t<meta property=\"og:image:width\" content=\"400\" \/>\n\t<meta property=\"og:image:height\" content=\"400\" \/>\n\t<meta property=\"og:image:type\" content=\"image\/jpeg\" \/>\n<meta name=\"twitter:card\" content=\"summary_large_image\" \/>\n<meta name=\"twitter:label1\" content=\"Est. reading time\" \/>\n\t<meta name=\"twitter:data1\" content=\"1 minute\" \/>\n<script type=\"application\/ld+json\" class=\"yoast-schema-graph\">{\"@context\":\"https:\\\/\\\/schema.org\",\"@graph\":[{\"@type\":\"WebPage\",\"@id\":\"https:\\\/\\\/medicinasinc.com\\\/fr\\\/product\\\/acheter-diazepam-10-mg\\\/\",\"url\":\"https:\\\/\\\/medicinasinc.com\\\/fr\\\/product\\\/acheter-diazepam-10-mg\\\/\",\"name\":\"Acheter du diaz\u00e9pam 10 mg - Meilleurs meilleurs m\u00e9dicaments mondiaux\",\"isPartOf\":{\"@id\":\"https:\\\/\\\/medicinasinc.com\\\/fr\\\/#website\"},\"primaryImageOfPage\":{\"@id\":\"https:\\\/\\\/medicinasinc.com\\\/fr\\\/product\\\/acheter-diazepam-10-mg\\\/#primaryimage\"},\"image\":{\"@id\":\"https:\\\/\\\/medicinasinc.com\\\/fr\\\/product\\\/acheter-diazepam-10-mg\\\/#primaryimage\"},\"thumbnailUrl\":\"https:\\\/\\\/medicinasinc.com\\\/fr\\\/wp-content\\\/uploads\\\/sites\\\/5\\\/2022\\\/02\\\/Buy-Diazepam-10-mg.jpg\",\"datePublished\":\"2022-02-20T21:07:35+00:00\",\"dateModified\":\"2022-08-05T10:34:16+00:00\",\"description\":\"Acheter Diaz\u00e9pam 10 mg \u00e0 vendre au Royaume-Uni, en Europe en ligne au meilleur prix. medicinasinc.com est une pharmacie en ligne de confiance proposant des m\u00e9dicaments l\u00e9gaux. Commandez en ligne et s\u00e9curisez votre temps et votre argent.\",\"breadcrumb\":{\"@id\":\"https:\\\/\\\/medicinasinc.com\\\/fr\\\/product\\\/acheter-diazepam-10-mg\\\/#breadcrumb\"},\"inLanguage\":\"en-US\",\"potentialAction\":[{\"@type\":\"ReadAction\",\"target\":[\"https:\\\/\\\/medicinasinc.com\\\/fr\\\/product\\\/acheter-diazepam-10-mg\\\/\"]}]},{\"@type\":\"ImageObject\",\"inLanguage\":\"en-US\",\"@id\":\"https:\\\/\\\/medicinasinc.com\\\/fr\\\/product\\\/acheter-diazepam-10-mg\\\/#primaryimage\",\"url\":\"https:\\\/\\\/medicinasinc.com\\\/fr\\\/wp-content\\\/uploads\\\/sites\\\/5\\\/2022\\\/02\\\/Buy-Diazepam-10-mg.jpg\",\"contentUrl\":\"https:\\\/\\\/medicinasinc.com\\\/fr\\\/wp-content\\\/uploads\\\/sites\\\/5\\\/2022\\\/02\\\/Buy-Diazepam-10-mg.jpg\",\"width\":400,\"height\":400},{\"@type\":\"BreadcrumbList\",\"@id\":\"https:\\\/\\\/medicinasinc.com\\\/fr\\\/product\\\/acheter-diazepam-10-mg\\\/#breadcrumb\",\"itemListElement\":[{\"@type\":\"ListItem\",\"position\":1,\"name\":\"Boutique\",\"item\":\"https:\\\/\\\/medicinasinc.com\\\/fr\\\/boutique\\\/\"},{\"@type\":\"ListItem\",\"position\":2,\"name\":\"Acheter Diaz\u00e9pam 10 mg\"}]},{\"@type\":\"WebSite\",\"@id\":\"https:\\\/\\\/medicinasinc.com\\\/fr\\\/#website\",\"url\":\"https:\\\/\\\/medicinasinc.com\\\/fr\\\/\",\"name\":\"Medicinas Inc\",\"description\":\"Health Medical Clinic\",\"potentialAction\":[{\"@type\":\"SearchAction\",\"target\":{\"@type\":\"EntryPoint\",\"urlTemplate\":\"https:\\\/\\\/medicinasinc.com\\\/fr\\\/?s={search_term_string}\"},\"query-input\":{\"@type\":\"PropertyValueSpecification\",\"valueRequired\":true,\"valueName\":\"search_term_string\"}}],\"inLanguage\":\"en-US\"}]}<\/script>\n<!-- \/ Yoast SEO plugin. -->","yoast_head_json":{"title":"Acheter du diaz\u00e9pam 10 mg - Meilleurs meilleurs m\u00e9dicaments mondiaux","description":"Acheter Diaz\u00e9pam 10 mg \u00e0 vendre au Royaume-Uni, en Europe en ligne au meilleur prix. medicinasinc.com est une pharmacie en ligne de confiance proposant des m\u00e9dicaments l\u00e9gaux. Commandez en ligne et s\u00e9curisez votre temps et votre argent.","robots":{"index":"index","follow":"follow","max-snippet":"max-snippet:-1","max-image-preview":"max-image-preview:large","max-video-preview":"max-video-preview:-1"},"canonical":"https:\/\/medicinasinc.com\/fr\/product\/acheter-diazepam-10-mg\/","og_locale":"en_US","og_type":"article","og_title":"Acheter du diaz\u00e9pam 10 mg - Meilleurs meilleurs m\u00e9dicaments mondiaux","og_description":"Acheter Diaz\u00e9pam 10 mg \u00e0 vendre au Royaume-Uni, en Europe en ligne au meilleur prix. medicinasinc.com est une pharmacie en ligne de confiance proposant des m\u00e9dicaments l\u00e9gaux. Commandez en ligne et s\u00e9curisez votre temps et votre argent.","og_url":"https:\/\/medicinasinc.com\/fr\/product\/acheter-diazepam-10-mg\/","og_site_name":"Medicinas Inc","article_modified_time":"2022-08-05T10:34:16+00:00","og_image":[{"width":400,"height":400,"url":"https:\/\/medicinasinc.com\/fr\/wp-content\/uploads\/sites\/5\/2022\/02\/Buy-Diazepam-10-mg.jpg","type":"image\/jpeg"}],"twitter_card":"summary_large_image","twitter_misc":{"Est. reading time":"1 minute"},"schema":{"@context":"https:\/\/schema.org","@graph":[{"@type":"WebPage","@id":"https:\/\/medicinasinc.com\/fr\/product\/acheter-diazepam-10-mg\/","url":"https:\/\/medicinasinc.com\/fr\/product\/acheter-diazepam-10-mg\/","name":"Acheter du diaz\u00e9pam 10 mg - Meilleurs meilleurs m\u00e9dicaments mondiaux","isPartOf":{"@id":"https:\/\/medicinasinc.com\/fr\/#website"},"primaryImageOfPage":{"@id":"https:\/\/medicinasinc.com\/fr\/product\/acheter-diazepam-10-mg\/#primaryimage"},"image":{"@id":"https:\/\/medicinasinc.com\/fr\/product\/acheter-diazepam-10-mg\/#primaryimage"},"thumbnailUrl":"https:\/\/medicinasinc.com\/fr\/wp-content\/uploads\/sites\/5\/2022\/02\/Buy-Diazepam-10-mg.jpg","datePublished":"2022-02-20T21:07:35+00:00","dateModified":"2022-08-05T10:34:16+00:00","description":"Acheter Diaz\u00e9pam 10 mg \u00e0 vendre au Royaume-Uni, en Europe en ligne au meilleur prix. medicinasinc.com est une pharmacie en ligne de confiance proposant des m\u00e9dicaments l\u00e9gaux. Commandez en ligne et s\u00e9curisez votre temps et votre argent.","breadcrumb":{"@id":"https:\/\/medicinasinc.com\/fr\/product\/acheter-diazepam-10-mg\/#breadcrumb"},"inLanguage":"en-US","potentialAction":[{"@type":"ReadAction","target":["https:\/\/medicinasinc.com\/fr\/product\/acheter-diazepam-10-mg\/"]}]},{"@type":"ImageObject","inLanguage":"en-US","@id":"https:\/\/medicinasinc.com\/fr\/product\/acheter-diazepam-10-mg\/#primaryimage","url":"https:\/\/medicinasinc.com\/fr\/wp-content\/uploads\/sites\/5\/2022\/02\/Buy-Diazepam-10-mg.jpg","contentUrl":"https:\/\/medicinasinc.com\/fr\/wp-content\/uploads\/sites\/5\/2022\/02\/Buy-Diazepam-10-mg.jpg","width":400,"height":400},{"@type":"BreadcrumbList","@id":"https:\/\/medicinasinc.com\/fr\/product\/acheter-diazepam-10-mg\/#breadcrumb","itemListElement":[{"@type":"ListItem","position":1,"name":"Boutique","item":"https:\/\/medicinasinc.com\/fr\/boutique\/"},{"@type":"ListItem","position":2,"name":"Acheter Diaz\u00e9pam 10 mg"}]},{"@type":"WebSite","@id":"https:\/\/medicinasinc.com\/fr\/#website","url":"https:\/\/medicinasinc.com\/fr\/","name":"Medicinas Inc","description":"Health Medical Clinic","potentialAction":[{"@type":"SearchAction","target":{"@type":"EntryPoint","urlTemplate":"https:\/\/medicinasinc.com\/fr\/?s={search_term_string}"},"query-input":{"@type":"PropertyValueSpecification","valueRequired":true,"valueName":"search_term_string"}}],"inLanguage":"en-US"}]}},"_links":{"self":[{"href":"https:\/\/medicinasinc.com\/fr\/wp-json\/wp\/v2\/product\/5151","targetHints":{"allow":["GET"]}}],"collection":[{"href":"https:\/\/medicinasinc.com\/fr\/wp-json\/wp\/v2\/product"}],"about":[{"href":"https:\/\/medicinasinc.com\/fr\/wp-json\/wp\/v2\/types\/product"}],"replies":[{"embeddable":true,"href":"https:\/\/medicinasinc.com\/fr\/wp-json\/wp\/v2\/comments?post=5151"}],"wp:featuredmedia":[{"embeddable":true,"href":"https:\/\/medicinasinc.com\/fr\/wp-json\/wp\/v2\/media\/5170"}],"wp:attachment":[{"href":"https:\/\/medicinasinc.com\/fr\/wp-json\/wp\/v2\/media?parent=5151"}],"wp:term":[{"taxonomy":"product_brand","embeddable":true,"href":"https:\/\/medicinasinc.com\/fr\/wp-json\/wp\/v2\/product_brand?post=5151"},{"taxonomy":"product_cat","embeddable":true,"href":"https:\/\/medicinasinc.com\/fr\/wp-json\/wp\/v2\/product_cat?post=5151"},{"taxonomy":"product_tag","embeddable":true,"href":"https:\/\/medicinasinc.com\/fr\/wp-json\/wp\/v2\/product_tag?post=5151"}],"curies":[{"name":"wp","href":"https:\/\/api.w.org\/{rel}","templated":true}]}}