{"id":5149,"date":"2022-02-20T21:05:49","date_gmt":"2022-02-20T21:05:49","guid":{"rendered":"https:\/\/medicinasinc.com\/fr\/?post_type=product&#038;p=5149"},"modified":"2022-03-17T12:10:15","modified_gmt":"2022-03-17T12:10:15","slug":"acheter-codeine-sulfate-30-mg","status":"publish","type":"product","link":"https:\/\/medicinasinc.com\/fr\/product\/acheter-codeine-sulfate-30-mg\/","title":{"rendered":"Acheter sulfate de cod\u00e9ine 30 mg"},"content":{"rendered":"<p>achat en ligne de 30\u00a0mg de phosphate de cod\u00e9ine<\/p>\n<p>Comprim\u00e9s\/comprim\u00e9s\u00a0de 30\u00a0mg de cod\u00e9ine\u00a0(phosphate)\u00a0:<\/p>\n<p>la cod\u00e9ine\u00a0(phosphate) gu\u00e9rit la douleur ou la toux. Un analg\u00e9sique contre la toux et la douleur en un, ce m\u00e9dicament est un analg\u00e9sique narcotique.<\/p>\n<p>Vous pouvez acheter du phosphate de cod\u00e9ine 30\u00a0mg sur Internet et le faire livrer le lendemain \u00e0 votre porte via FedEx, sans avoir besoin d&#8217;une ordonnance, car tant que vous \u00eates aux \u00c9tats-Unis.<\/p>\n<p>Codeine Phosphate 30 mg est disponible \u00e0 l&#8217;achat en ligne, avec une livraison rapide, s\u00e9curis\u00e9e et tra\u00e7able pour tous les achats. Il est maintenant temps d&#8217;acheter du phosphate de cod\u00e9ine en ligne.<\/p>\n<p>Comprim\u00e9s de phosphate de cod\u00e9ine (30 mg). La cod\u00e9ine est un analg\u00e9sique puissant qui ne peut \u00eatre obtenu que sur ordonnance d&#8217;un m\u00e9decin. Un puissant opiac\u00e9 et narcotique qui fonctionne bien. Commande\u00a0..<\/p>\n<p>s\u00e9datifs vendus sans ordonnance Actuellement sur le march\u00e9. La cod\u00e9ine est un analg\u00e9sique qui peut \u00eatre utilis\u00e9 pour traiter ou pr\u00e9venir un inconfort mod\u00e9r\u00e9 \u00e0 s\u00e9v\u00e8re. Il peut \u00e9galement \u00eatre utilis\u00e9 pour traiter une vari\u00e9t\u00e9 de maux. La cod\u00e9ine est disponible sans ordonnance \u00e0 un prix tr\u00e8s raisonnable en ligne.<\/p>\n","protected":false},"excerpt":{"rendered":"<p>Cod\u00e9ine\u00a0(Phosphate)\u00a0Comprim\u00e9s\/comprim\u00e9s\u00a0de 30\u00a0mg\u00a0: la cod\u00e9ine (phosphate) est utilis\u00e9e pour soulager la toux et la douleur. Un analg\u00e9sique contre la toux et la douleur en un, ce m\u00e9dicament est un analg\u00e9sique narcotique.<\/p>\n<p>Vous pouvez acheter du phosphate de cod\u00e9ine\u00a030\u00a0mg sur Internet et le faire livrer le lendemain \u00e0 votre porte via FedEx, sans avoir besoin d&#8217;une ordonnance, car tant que vous \u00eates aux \u00c9tats-Unis.<\/p>\n<p>Codeine Phosphate 30 mg est disponible \u00e0 l&#8217;achat en ligne, avec une livraison rapide, s\u00e9curis\u00e9e et tra\u00e7able pour tous les achats. Il est maintenant temps d&#8217;acheter du phosphate de cod\u00e9ine en ligne.<\/p>\n<p>Comprim\u00e9s de phosphate de cod\u00e9ine (30 mg). La cod\u00e9ine est un analg\u00e9sique puissant qui ne peut \u00eatre obtenu que sur ordonnance d&#8217;un m\u00e9decin. Un puissant opiac\u00e9 et narcotique qui fonctionne bien. Commande\u00a0..<\/p>\n<p>s\u00e9datifs vendus sans ordonnance Actuellement sur le march\u00e9. La cod\u00e9ine est un analg\u00e9sique qui peut \u00eatre utilis\u00e9 pour traiter ou pr\u00e9venir un inconfort mod\u00e9r\u00e9 \u00e0 s\u00e9v\u00e8re. Il peut \u00e9galement \u00eatre utilis\u00e9 pour traiter une vari\u00e9t\u00e9 de maux. La cod\u00e9ine est disponible sans ordonnance \u00e0 un prix tr\u00e8s raisonnable en ligne.<\/p>\n","protected":false},"featured_media":5166,"comment_status":"open","ping_status":"closed","template":"","meta":[],"product_brand":[],"product_cat":[1117],"product_tag":[],"class_list":{"0":"post-5149","1":"product","2":"type-product","3":"status-publish","4":"has-post-thumbnail","6":"product_cat-acheter-douleur-sommeil-sexe-pilules","8":"first","9":"instock","10":"shipping-taxable","11":"purchasable","12":"product-type-variable","13":"has-default-attributes"},"yoast_head":"<!-- This site is optimized with the Yoast SEO plugin v27.2 - https:\/\/yoast.com\/product\/yoast-seo-wordpress\/ -->\n<title>Acheter du sulfate de cod\u00e9ine 30 mg - Best Best Global Meds<\/title>\n<meta name=\"description\" content=\"Acheter du sulfate de cod\u00e9ine 30\u00a0mg en ligne, exp\u00e9dition le lendemain, m\u00e9dicaments de marque, livraison via FedEx, DPD sans ordonnance, livraison aux \u00c9tats-Unis, au Royaume-Uni et en Europe.\" \/>\n<meta name=\"robots\" content=\"index, follow, max-snippet:-1, max-image-preview:large, max-video-preview:-1\" \/>\n<link rel=\"canonical\" href=\"https:\/\/medicinasinc.com\/fr\/product\/acheter-codeine-sulfate-30-mg\/\" \/>\n<meta property=\"og:locale\" content=\"en_US\" \/>\n<meta property=\"og:type\" content=\"article\" \/>\n<meta property=\"og:title\" content=\"Acheter du sulfate de cod\u00e9ine 30 mg - Best Best Global Meds\" \/>\n<meta property=\"og:description\" content=\"Acheter du sulfate de cod\u00e9ine 30\u00a0mg en ligne, exp\u00e9dition le lendemain, m\u00e9dicaments de marque, livraison via FedEx, DPD sans ordonnance, livraison aux \u00c9tats-Unis, au Royaume-Uni et en Europe.\" \/>\n<meta property=\"og:url\" content=\"https:\/\/medicinasinc.com\/fr\/product\/acheter-codeine-sulfate-30-mg\/\" \/>\n<meta property=\"og:site_name\" content=\"Medicinas Inc\" \/>\n<meta property=\"article:modified_time\" content=\"2022-03-17T12:10:15+00:00\" \/>\n<meta property=\"og:image\" content=\"https:\/\/medicinasinc.com\/fr\/wp-content\/uploads\/sites\/5\/2022\/02\/buy-codeine-sulfate-30mg-online.jpg\" \/>\n\t<meta property=\"og:image:width\" content=\"600\" \/>\n\t<meta property=\"og:image:height\" content=\"600\" \/>\n\t<meta property=\"og:image:type\" content=\"image\/jpeg\" \/>\n<meta name=\"twitter:card\" content=\"summary_large_image\" \/>\n<meta name=\"twitter:label1\" content=\"Est. reading time\" \/>\n\t<meta name=\"twitter:data1\" content=\"1 minute\" \/>\n<script type=\"application\/ld+json\" class=\"yoast-schema-graph\">{\"@context\":\"https:\/\/schema.org\",\"@graph\":[{\"@type\":\"WebPage\",\"@id\":\"https:\/\/medicinasinc.com\/fr\/product\/acheter-codeine-sulfate-30-mg\/\",\"url\":\"https:\/\/medicinasinc.com\/fr\/product\/acheter-codeine-sulfate-30-mg\/\",\"name\":\"Acheter du sulfate de cod\u00e9ine 30 mg - Best Best Global Meds\",\"isPartOf\":{\"@id\":\"https:\/\/medicinasinc.com\/fr\/#website\"},\"primaryImageOfPage\":{\"@id\":\"https:\/\/medicinasinc.com\/fr\/product\/acheter-codeine-sulfate-30-mg\/#primaryimage\"},\"image\":{\"@id\":\"https:\/\/medicinasinc.com\/fr\/product\/acheter-codeine-sulfate-30-mg\/#primaryimage\"},\"thumbnailUrl\":\"https:\/\/medicinasinc.com\/fr\/wp-content\/uploads\/sites\/5\/2022\/02\/buy-codeine-sulfate-30mg-online.jpg\",\"datePublished\":\"2022-02-20T21:05:49+00:00\",\"dateModified\":\"2022-03-17T12:10:15+00:00\",\"description\":\"Acheter du sulfate de cod\u00e9ine 30\u00a0mg en ligne, exp\u00e9dition le lendemain, m\u00e9dicaments de marque, livraison via FedEx, DPD sans ordonnance, livraison aux \u00c9tats-Unis, au Royaume-Uni et en Europe.\",\"breadcrumb\":{\"@id\":\"https:\/\/medicinasinc.com\/fr\/product\/acheter-codeine-sulfate-30-mg\/#breadcrumb\"},\"inLanguage\":\"en-US\",\"potentialAction\":[{\"@type\":\"ReadAction\",\"target\":[\"https:\/\/medicinasinc.com\/fr\/product\/acheter-codeine-sulfate-30-mg\/\"]}]},{\"@type\":\"ImageObject\",\"inLanguage\":\"en-US\",\"@id\":\"https:\/\/medicinasinc.com\/fr\/product\/acheter-codeine-sulfate-30-mg\/#primaryimage\",\"url\":\"https:\/\/medicinasinc.com\/fr\/wp-content\/uploads\/sites\/5\/2022\/02\/buy-codeine-sulfate-30mg-online.jpg\",\"contentUrl\":\"https:\/\/medicinasinc.com\/fr\/wp-content\/uploads\/sites\/5\/2022\/02\/buy-codeine-sulfate-30mg-online.jpg\",\"width\":600,\"height\":600},{\"@type\":\"BreadcrumbList\",\"@id\":\"https:\/\/medicinasinc.com\/fr\/product\/acheter-codeine-sulfate-30-mg\/#breadcrumb\",\"itemListElement\":[{\"@type\":\"ListItem\",\"position\":1,\"name\":\"Boutique\",\"item\":\"https:\/\/medicinasinc.com\/fr\/boutique\/\"},{\"@type\":\"ListItem\",\"position\":2,\"name\":\"Acheter sulfate de cod\u00e9ine 30 mg\"}]},{\"@type\":\"WebSite\",\"@id\":\"https:\/\/medicinasinc.com\/fr\/#website\",\"url\":\"https:\/\/medicinasinc.com\/fr\/\",\"name\":\"Medicinas Inc\",\"description\":\"Health Medical Clinic\",\"potentialAction\":[{\"@type\":\"SearchAction\",\"target\":{\"@type\":\"EntryPoint\",\"urlTemplate\":\"https:\/\/medicinasinc.com\/fr\/?s={search_term_string}\"},\"query-input\":{\"@type\":\"PropertyValueSpecification\",\"valueRequired\":true,\"valueName\":\"search_term_string\"}}],\"inLanguage\":\"en-US\"}]}<\/script>\n<!-- \/ Yoast SEO plugin. -->","yoast_head_json":{"title":"Acheter du sulfate de cod\u00e9ine 30 mg - Best Best Global Meds","description":"Acheter du sulfate de cod\u00e9ine 30\u00a0mg en ligne, exp\u00e9dition le lendemain, m\u00e9dicaments de marque, livraison via FedEx, DPD sans ordonnance, livraison aux \u00c9tats-Unis, au Royaume-Uni et en Europe.","robots":{"index":"index","follow":"follow","max-snippet":"max-snippet:-1","max-image-preview":"max-image-preview:large","max-video-preview":"max-video-preview:-1"},"canonical":"https:\/\/medicinasinc.com\/fr\/product\/acheter-codeine-sulfate-30-mg\/","og_locale":"en_US","og_type":"article","og_title":"Acheter du sulfate de cod\u00e9ine 30 mg - Best Best Global Meds","og_description":"Acheter du sulfate de cod\u00e9ine 30\u00a0mg en ligne, exp\u00e9dition le lendemain, m\u00e9dicaments de marque, livraison via FedEx, DPD sans ordonnance, livraison aux \u00c9tats-Unis, au Royaume-Uni et en Europe.","og_url":"https:\/\/medicinasinc.com\/fr\/product\/acheter-codeine-sulfate-30-mg\/","og_site_name":"Medicinas Inc","article_modified_time":"2022-03-17T12:10:15+00:00","og_image":[{"width":600,"height":600,"url":"https:\/\/medicinasinc.com\/fr\/wp-content\/uploads\/sites\/5\/2022\/02\/buy-codeine-sulfate-30mg-online.jpg","type":"image\/jpeg"}],"twitter_card":"summary_large_image","twitter_misc":{"Est. reading time":"1 minute"},"schema":{"@context":"https:\/\/schema.org","@graph":[{"@type":"WebPage","@id":"https:\/\/medicinasinc.com\/fr\/product\/acheter-codeine-sulfate-30-mg\/","url":"https:\/\/medicinasinc.com\/fr\/product\/acheter-codeine-sulfate-30-mg\/","name":"Acheter du sulfate de cod\u00e9ine 30 mg - Best Best Global Meds","isPartOf":{"@id":"https:\/\/medicinasinc.com\/fr\/#website"},"primaryImageOfPage":{"@id":"https:\/\/medicinasinc.com\/fr\/product\/acheter-codeine-sulfate-30-mg\/#primaryimage"},"image":{"@id":"https:\/\/medicinasinc.com\/fr\/product\/acheter-codeine-sulfate-30-mg\/#primaryimage"},"thumbnailUrl":"https:\/\/medicinasinc.com\/fr\/wp-content\/uploads\/sites\/5\/2022\/02\/buy-codeine-sulfate-30mg-online.jpg","datePublished":"2022-02-20T21:05:49+00:00","dateModified":"2022-03-17T12:10:15+00:00","description":"Acheter du sulfate de cod\u00e9ine 30\u00a0mg en ligne, exp\u00e9dition le lendemain, m\u00e9dicaments de marque, livraison via FedEx, DPD sans ordonnance, livraison aux \u00c9tats-Unis, au Royaume-Uni et en Europe.","breadcrumb":{"@id":"https:\/\/medicinasinc.com\/fr\/product\/acheter-codeine-sulfate-30-mg\/#breadcrumb"},"inLanguage":"en-US","potentialAction":[{"@type":"ReadAction","target":["https:\/\/medicinasinc.com\/fr\/product\/acheter-codeine-sulfate-30-mg\/"]}]},{"@type":"ImageObject","inLanguage":"en-US","@id":"https:\/\/medicinasinc.com\/fr\/product\/acheter-codeine-sulfate-30-mg\/#primaryimage","url":"https:\/\/medicinasinc.com\/fr\/wp-content\/uploads\/sites\/5\/2022\/02\/buy-codeine-sulfate-30mg-online.jpg","contentUrl":"https:\/\/medicinasinc.com\/fr\/wp-content\/uploads\/sites\/5\/2022\/02\/buy-codeine-sulfate-30mg-online.jpg","width":600,"height":600},{"@type":"BreadcrumbList","@id":"https:\/\/medicinasinc.com\/fr\/product\/acheter-codeine-sulfate-30-mg\/#breadcrumb","itemListElement":[{"@type":"ListItem","position":1,"name":"Boutique","item":"https:\/\/medicinasinc.com\/fr\/boutique\/"},{"@type":"ListItem","position":2,"name":"Acheter sulfate de cod\u00e9ine 30 mg"}]},{"@type":"WebSite","@id":"https:\/\/medicinasinc.com\/fr\/#website","url":"https:\/\/medicinasinc.com\/fr\/","name":"Medicinas Inc","description":"Health Medical Clinic","potentialAction":[{"@type":"SearchAction","target":{"@type":"EntryPoint","urlTemplate":"https:\/\/medicinasinc.com\/fr\/?s={search_term_string}"},"query-input":{"@type":"PropertyValueSpecification","valueRequired":true,"valueName":"search_term_string"}}],"inLanguage":"en-US"}]}},"_links":{"self":[{"href":"https:\/\/medicinasinc.com\/fr\/wp-json\/wp\/v2\/product\/5149","targetHints":{"allow":["GET"]}}],"collection":[{"href":"https:\/\/medicinasinc.com\/fr\/wp-json\/wp\/v2\/product"}],"about":[{"href":"https:\/\/medicinasinc.com\/fr\/wp-json\/wp\/v2\/types\/product"}],"replies":[{"embeddable":true,"href":"https:\/\/medicinasinc.com\/fr\/wp-json\/wp\/v2\/comments?post=5149"}],"wp:featuredmedia":[{"embeddable":true,"href":"https:\/\/medicinasinc.com\/fr\/wp-json\/wp\/v2\/media\/5166"}],"wp:attachment":[{"href":"https:\/\/medicinasinc.com\/fr\/wp-json\/wp\/v2\/media?parent=5149"}],"wp:term":[{"taxonomy":"product_brand","embeddable":true,"href":"https:\/\/medicinasinc.com\/fr\/wp-json\/wp\/v2\/product_brand?post=5149"},{"taxonomy":"product_cat","embeddable":true,"href":"https:\/\/medicinasinc.com\/fr\/wp-json\/wp\/v2\/product_cat?post=5149"},{"taxonomy":"product_tag","embeddable":true,"href":"https:\/\/medicinasinc.com\/fr\/wp-json\/wp\/v2\/product_tag?post=5149"}],"curies":[{"name":"wp","href":"https:\/\/api.w.org\/{rel}","templated":true}]}}