{"id":5148,"date":"2022-02-20T21:04:44","date_gmt":"2022-02-20T21:04:44","guid":{"rendered":"https:\/\/medicinasinc.com\/fr\/?post_type=product&#038;p=5148"},"modified":"2022-08-05T10:17:11","modified_gmt":"2022-08-05T10:17:11","slug":"acheter-bunex-0-2mg-buprenorphine","status":"publish","type":"product","link":"https:\/\/medicinasinc.com\/fr\/product\/acheter-bunex-0-2mg-buprenorphine\/","title":{"rendered":"Acheter Bunex 0.2mg (Bupr\u00e9norphine)"},"content":{"rendered":"<p>Les pilules de bupr\u00e9norphine Bunex peuvent \u00eatre achet\u00e9es sur Internet.<\/p>\n<p>O\u00f9 puis-je obtenir de la bupr\u00e9norphine\u00a0? O\u00f9 puis-je obtenir de la bupr\u00e9norphine en vente libre\u00a0?<\/p>\n<p>Il s&#8217;agit d&#8217;un analg\u00e9sique semi-synth\u00e9tique d\u00e9velopp\u00e9 \u00e0 partir des compos\u00e9s chimiques naturels du pavot \u00e0 opium. Le pavot \u00e0 opium est la source de la th\u00e9ba\u00efne chimique, qui est utilis\u00e9e pour fabriquer la bupr\u00e9norphine. Parce que la bupr\u00e9norphine est semi-synth\u00e9tique, c&#8217;est un opio\u00efde synth\u00e9tique. Toutes les drogues provenant du pavot \u00e0 opium sont appel\u00e9es opio\u00efdes dans la communaut\u00e9 m\u00e9dicale. Les opio\u00efdes sont parmi les analg\u00e9siques les plus efficaces disponibles, avec des effets bien sup\u00e9rieurs \u00e0 ceux de la plupart des autres m\u00e9dicaments.<\/p>\n<p>Dans quel sens le m\u00e9dicament bupr\u00e9norphine agit-il\u00a0? O\u00f9 acheter de la bupr\u00e9norphine<\/p>\n<p>Apr\u00e8s avoir \u00e9t\u00e9 absorb\u00e9e dans la circulation sanguine, la bupr\u00e9norphine a un effet sur le syst\u00e8me nerveux. Cela se produit lorsque la bupr\u00e9norphine p\u00e9n\u00e8tre dans le cerveau, o\u00f9 elle bloque les terminaisons nerveuses qui transmettent la douleur. La bupr\u00e9norphine ne traite pas la cause sous-jacente de l&#8217;inconfort du patient\u00a0; au contraire, cela en r\u00e9duit la perception, ce qui leur permet de se d\u00e9tendre.<\/p>\n<p>Les gens se font r\u00e9guli\u00e8rement prescrire de la bupr\u00e9norphine. La douleur caus\u00e9e par les spasmes musculaires est la raison la plus courante pour laquelle les gens prennent de la bupr\u00e9norphine. Si jamais vous ressentez un spasme, envisagez d&#8217;acheter de la bupr\u00e9norphine pour voir si cela peut vous aider \u00e0 faire face \u00e0 l&#8217;inconfort.<br \/>\nLes m\u00e9decins prescrivent g\u00e9n\u00e9ralement de la bupr\u00e9norphine aux patients qui ont subi une intervention chirurgicale ou qui font face \u00e0 des fractures. La bupr\u00e9norphine aide ces personnes \u00e0 g\u00e9rer leurs douleurs jusqu&#8217;\u00e0 ce qu&#8217;elles soient gu\u00e9ries de la source sous-jacente de leurs malaises.<\/p>\n<p>Dans quel sens le m\u00e9dicament bupr\u00e9norphine agit-il\u00a0? O\u00f9 acheter de la bupr\u00e9norphine<\/p>\n<p>Le niveau d&#8217;inconfort et la force mentale d&#8217;une personne influencent grandement la posologie de la bupr\u00e9norphine. En r\u00e8gle g\u00e9n\u00e9rale, une faible dose de 8 mg doit \u00eatre essay\u00e9e en premier, et si cela ne fonctionne pas, une dose plus \u00e9lev\u00e9e de 16 mg doit \u00eatre essay\u00e9e. La bupr\u00e9norphine peut \u00eatre augment\u00e9e \u00e0 24 mg m\u00eame si 16 mg sont inefficaces. En g\u00e9n\u00e9ral, si vous envisagez d&#8217;acheter de la bupr\u00e9norphine en ligne sans ordonnance, n&#8217;allez pas au-del\u00e0 de cette posologie recommand\u00e9e.<\/p>\n<p>Dans quel sens le m\u00e9dicament bupr\u00e9norphine agit-il\u00a0? O\u00f9 acheter de la bupr\u00e9norphine<\/p>\n<p>Pour les femmes enceintes, la bupr\u00e9norphine n&#8217;est pas un traitement appropri\u00e9 car elle a un impact significatif sur le syst\u00e8me reproducteur des femmes. La bupr\u00e9norphine peut \u00eatre dangereuse pour certaines personnes sensibles aux opio\u00efdes. En raison des dangers de l&#8217;utilisation de la bupr\u00e9norphine pour les patients atteints de cancer, ils doivent consulter un m\u00e9decin avant d&#8217;acheter de la bupr\u00e9norphine en ligne.<\/p>\n<p>En plus de la somnolence, de la paresse, des \u00e9tourdissements, des maux de t\u00eate et des naus\u00e9es, la bupr\u00e9norphine peut provoquer une vari\u00e9t\u00e9 d&#8217;autres effets ind\u00e9sirables. . En plus de cela, certaines personnes peuvent \u00e9prouver un changement dans leur sens du toucher, auquel cas elles devraient consulter un m\u00e9decin.<\/p>\n<p>L&#8217;action de la bupr\u00e9norphine<br \/>\nApplications de la bupr\u00e9norphine<br \/>\nR\u00e9actions ind\u00e9sirables \u00e0 Bupr\u00e9norphine Sympt\u00f4mes de la d\u00e9pendance \u00e0 la bupr\u00e9norphine<\/p>\n","protected":false},"excerpt":{"rendered":"<p>Acheter Bunex 0,2 mg (bupr\u00e9norphine) \u00e0 vendre au Royaume-Uni, dans l&#8217;UE en ligne de la pharmacie medicinasinc.com \u00e0 des tarifs bon march\u00e9 et abordables avec une exp\u00e9dition s\u00fbre et rapide<\/p>\n<p>Acheter Bunex 0,2 mg (bupr\u00e9norphine) en ligne -De Pharmacie en ligne Bestglobalmeds.com.com \u00e0 des tarifs bon march\u00e9 et abordables avec une exp\u00e9dition s\u00fbre et rapide. Prix \u200b\u200bmg (bupr\u00e9norphine) en ligne<\/p>\n<p>Prix de Bunex 0,2 mg (bupr\u00e9norphine)<\/p>\n<p>&nbsp;<\/p>\n<p>acheter Bunex 0,2 mg (bupr\u00e9norphine)<\/p>\n","protected":false},"featured_media":5164,"comment_status":"open","ping_status":"closed","template":"","meta":[],"product_brand":[],"product_cat":[1117],"product_tag":[4171,4173,4174,4170,1245,4172,1237,1240,1241,1242,1243,1246],"class_list":{"0":"post-5148","1":"product","2":"type-product","3":"status-publish","4":"has-post-thumbnail","6":"product_cat-acheter-douleur-sommeil-sexe-pilules","7":"product_tag-20-mg","8":"product_tag-20-mg-en-ligne","9":"product_tag-20-mg-et-steroides","10":"product_tag-acheter-de-la-buprenorphine-bunex-0","11":"product_tag-cbt-pharmaceuticals-shop-antalgiques-bunex-buprenorphine-20-mg","12":"product_tag-bunex-buprenorphine-0","13":"product_tag-bunex-buprenorphine-0-20mg","14":"product_tag-bunex-buprenorphine-0-2mg-par-safe-pharma","15":"product_tag-bunex-buprnorphine-8mg","16":"product_tag-bunex-buprenorphine-en-ligne","17":"product_tag-bunex-buprnorphine","18":"product_tag-tramapartramadol-hcl-paracetamol-prix-3-achat-en-ligne-bunexbuprenorphine","20":"first","21":"instock","22":"shipping-taxable","23":"purchasable","24":"product-type-variable","25":"has-default-attributes"},"yoast_head":"<!-- This site is optimized with the Yoast SEO plugin v27.3 - https:\/\/yoast.com\/product\/yoast-seo-wordpress\/ -->\n<title>Acheter Bunex 0.2mg (Bupr\u00e9norphine) - Researchem<\/title>\n<meta name=\"description\" content=\"Acheter Bunex 0,2 mg (bupr\u00e9norphine) \u00e0 vendre au Royaume-Uni, dans l&#039;UE en ligne de la pharmacie medicinasinc.com \u00e0 des tarifs bon march\u00e9 et abordables avec une exp\u00e9dition s\u00fbre et rapide\" \/>\n<meta name=\"robots\" content=\"index, follow, max-snippet:-1, max-image-preview:large, max-video-preview:-1\" \/>\n<link rel=\"canonical\" href=\"https:\/\/medicinasinc.com\/fr\/product\/acheter-bunex-0-2mg-buprenorphine\/\" \/>\n<meta property=\"og:locale\" content=\"en_US\" \/>\n<meta property=\"og:type\" content=\"article\" \/>\n<meta property=\"og:title\" content=\"Acheter Bunex 0.2mg (Bupr\u00e9norphine) - Researchem\" \/>\n<meta property=\"og:description\" content=\"Acheter Bunex 0,2 mg (bupr\u00e9norphine) \u00e0 vendre au Royaume-Uni, dans l&#039;UE en ligne de la pharmacie medicinasinc.com \u00e0 des tarifs bon march\u00e9 et abordables avec une exp\u00e9dition s\u00fbre et rapide\" \/>\n<meta property=\"og:url\" content=\"https:\/\/medicinasinc.com\/fr\/product\/acheter-bunex-0-2mg-buprenorphine\/\" \/>\n<meta property=\"og:site_name\" content=\"Medicinas Inc\" \/>\n<meta property=\"article:modified_time\" content=\"2022-08-05T10:17:11+00:00\" \/>\n<meta property=\"og:image\" content=\"https:\/\/medicinasinc.com\/fr\/wp-content\/uploads\/sites\/5\/2022\/02\/Buy-Bunex-0.2mg.jpg\" \/>\n\t<meta property=\"og:image:width\" content=\"600\" \/>\n\t<meta property=\"og:image:height\" content=\"600\" \/>\n\t<meta property=\"og:image:type\" content=\"image\/jpeg\" \/>\n<meta name=\"twitter:card\" content=\"summary_large_image\" \/>\n<meta name=\"twitter:label1\" content=\"Est. reading time\" \/>\n\t<meta name=\"twitter:data1\" content=\"3 minutes\" \/>\n<script type=\"application\/ld+json\" class=\"yoast-schema-graph\">{\"@context\":\"https:\\\/\\\/schema.org\",\"@graph\":[{\"@type\":\"WebPage\",\"@id\":\"https:\\\/\\\/medicinasinc.com\\\/fr\\\/product\\\/acheter-bunex-0-2mg-buprenorphine\\\/\",\"url\":\"https:\\\/\\\/medicinasinc.com\\\/fr\\\/product\\\/acheter-bunex-0-2mg-buprenorphine\\\/\",\"name\":\"Acheter Bunex 0.2mg (Bupr\u00e9norphine) - Researchem\",\"isPartOf\":{\"@id\":\"https:\\\/\\\/medicinasinc.com\\\/fr\\\/#website\"},\"primaryImageOfPage\":{\"@id\":\"https:\\\/\\\/medicinasinc.com\\\/fr\\\/product\\\/acheter-bunex-0-2mg-buprenorphine\\\/#primaryimage\"},\"image\":{\"@id\":\"https:\\\/\\\/medicinasinc.com\\\/fr\\\/product\\\/acheter-bunex-0-2mg-buprenorphine\\\/#primaryimage\"},\"thumbnailUrl\":\"https:\\\/\\\/medicinasinc.com\\\/fr\\\/wp-content\\\/uploads\\\/sites\\\/5\\\/2022\\\/02\\\/Buy-Bunex-0.2mg.jpg\",\"datePublished\":\"2022-02-20T21:04:44+00:00\",\"dateModified\":\"2022-08-05T10:17:11+00:00\",\"description\":\"Acheter Bunex 0,2 mg (bupr\u00e9norphine) \u00e0 vendre au Royaume-Uni, dans l'UE en ligne de la pharmacie medicinasinc.com \u00e0 des tarifs bon march\u00e9 et abordables avec une exp\u00e9dition s\u00fbre et rapide\",\"breadcrumb\":{\"@id\":\"https:\\\/\\\/medicinasinc.com\\\/fr\\\/product\\\/acheter-bunex-0-2mg-buprenorphine\\\/#breadcrumb\"},\"inLanguage\":\"en-US\",\"potentialAction\":[{\"@type\":\"ReadAction\",\"target\":[\"https:\\\/\\\/medicinasinc.com\\\/fr\\\/product\\\/acheter-bunex-0-2mg-buprenorphine\\\/\"]}]},{\"@type\":\"ImageObject\",\"inLanguage\":\"en-US\",\"@id\":\"https:\\\/\\\/medicinasinc.com\\\/fr\\\/product\\\/acheter-bunex-0-2mg-buprenorphine\\\/#primaryimage\",\"url\":\"https:\\\/\\\/medicinasinc.com\\\/fr\\\/wp-content\\\/uploads\\\/sites\\\/5\\\/2022\\\/02\\\/Buy-Bunex-0.2mg.jpg\",\"contentUrl\":\"https:\\\/\\\/medicinasinc.com\\\/fr\\\/wp-content\\\/uploads\\\/sites\\\/5\\\/2022\\\/02\\\/Buy-Bunex-0.2mg.jpg\",\"width\":600,\"height\":600},{\"@type\":\"BreadcrumbList\",\"@id\":\"https:\\\/\\\/medicinasinc.com\\\/fr\\\/product\\\/acheter-bunex-0-2mg-buprenorphine\\\/#breadcrumb\",\"itemListElement\":[{\"@type\":\"ListItem\",\"position\":1,\"name\":\"Boutique\",\"item\":\"https:\\\/\\\/medicinasinc.com\\\/fr\\\/boutique\\\/\"},{\"@type\":\"ListItem\",\"position\":2,\"name\":\"Acheter Bunex 0.2mg (Bupr\u00e9norphine)\"}]},{\"@type\":\"WebSite\",\"@id\":\"https:\\\/\\\/medicinasinc.com\\\/fr\\\/#website\",\"url\":\"https:\\\/\\\/medicinasinc.com\\\/fr\\\/\",\"name\":\"Medicinas Inc\",\"description\":\"Health Medical Clinic\",\"potentialAction\":[{\"@type\":\"SearchAction\",\"target\":{\"@type\":\"EntryPoint\",\"urlTemplate\":\"https:\\\/\\\/medicinasinc.com\\\/fr\\\/?s={search_term_string}\"},\"query-input\":{\"@type\":\"PropertyValueSpecification\",\"valueRequired\":true,\"valueName\":\"search_term_string\"}}],\"inLanguage\":\"en-US\"}]}<\/script>\n<!-- \/ Yoast SEO plugin. -->","yoast_head_json":{"title":"Acheter Bunex 0.2mg (Bupr\u00e9norphine) - Researchem","description":"Acheter Bunex 0,2 mg (bupr\u00e9norphine) \u00e0 vendre au Royaume-Uni, dans l'UE en ligne de la pharmacie medicinasinc.com \u00e0 des tarifs bon march\u00e9 et abordables avec une exp\u00e9dition s\u00fbre et rapide","robots":{"index":"index","follow":"follow","max-snippet":"max-snippet:-1","max-image-preview":"max-image-preview:large","max-video-preview":"max-video-preview:-1"},"canonical":"https:\/\/medicinasinc.com\/fr\/product\/acheter-bunex-0-2mg-buprenorphine\/","og_locale":"en_US","og_type":"article","og_title":"Acheter Bunex 0.2mg (Bupr\u00e9norphine) - Researchem","og_description":"Acheter Bunex 0,2 mg (bupr\u00e9norphine) \u00e0 vendre au Royaume-Uni, dans l'UE en ligne de la pharmacie medicinasinc.com \u00e0 des tarifs bon march\u00e9 et abordables avec une exp\u00e9dition s\u00fbre et rapide","og_url":"https:\/\/medicinasinc.com\/fr\/product\/acheter-bunex-0-2mg-buprenorphine\/","og_site_name":"Medicinas Inc","article_modified_time":"2022-08-05T10:17:11+00:00","og_image":[{"width":600,"height":600,"url":"https:\/\/medicinasinc.com\/fr\/wp-content\/uploads\/sites\/5\/2022\/02\/Buy-Bunex-0.2mg.jpg","type":"image\/jpeg"}],"twitter_card":"summary_large_image","twitter_misc":{"Est. reading time":"3 minutes"},"schema":{"@context":"https:\/\/schema.org","@graph":[{"@type":"WebPage","@id":"https:\/\/medicinasinc.com\/fr\/product\/acheter-bunex-0-2mg-buprenorphine\/","url":"https:\/\/medicinasinc.com\/fr\/product\/acheter-bunex-0-2mg-buprenorphine\/","name":"Acheter Bunex 0.2mg (Bupr\u00e9norphine) - Researchem","isPartOf":{"@id":"https:\/\/medicinasinc.com\/fr\/#website"},"primaryImageOfPage":{"@id":"https:\/\/medicinasinc.com\/fr\/product\/acheter-bunex-0-2mg-buprenorphine\/#primaryimage"},"image":{"@id":"https:\/\/medicinasinc.com\/fr\/product\/acheter-bunex-0-2mg-buprenorphine\/#primaryimage"},"thumbnailUrl":"https:\/\/medicinasinc.com\/fr\/wp-content\/uploads\/sites\/5\/2022\/02\/Buy-Bunex-0.2mg.jpg","datePublished":"2022-02-20T21:04:44+00:00","dateModified":"2022-08-05T10:17:11+00:00","description":"Acheter Bunex 0,2 mg (bupr\u00e9norphine) \u00e0 vendre au Royaume-Uni, dans l'UE en ligne de la pharmacie medicinasinc.com \u00e0 des tarifs bon march\u00e9 et abordables avec une exp\u00e9dition s\u00fbre et rapide","breadcrumb":{"@id":"https:\/\/medicinasinc.com\/fr\/product\/acheter-bunex-0-2mg-buprenorphine\/#breadcrumb"},"inLanguage":"en-US","potentialAction":[{"@type":"ReadAction","target":["https:\/\/medicinasinc.com\/fr\/product\/acheter-bunex-0-2mg-buprenorphine\/"]}]},{"@type":"ImageObject","inLanguage":"en-US","@id":"https:\/\/medicinasinc.com\/fr\/product\/acheter-bunex-0-2mg-buprenorphine\/#primaryimage","url":"https:\/\/medicinasinc.com\/fr\/wp-content\/uploads\/sites\/5\/2022\/02\/Buy-Bunex-0.2mg.jpg","contentUrl":"https:\/\/medicinasinc.com\/fr\/wp-content\/uploads\/sites\/5\/2022\/02\/Buy-Bunex-0.2mg.jpg","width":600,"height":600},{"@type":"BreadcrumbList","@id":"https:\/\/medicinasinc.com\/fr\/product\/acheter-bunex-0-2mg-buprenorphine\/#breadcrumb","itemListElement":[{"@type":"ListItem","position":1,"name":"Boutique","item":"https:\/\/medicinasinc.com\/fr\/boutique\/"},{"@type":"ListItem","position":2,"name":"Acheter Bunex 0.2mg (Bupr\u00e9norphine)"}]},{"@type":"WebSite","@id":"https:\/\/medicinasinc.com\/fr\/#website","url":"https:\/\/medicinasinc.com\/fr\/","name":"Medicinas Inc","description":"Health Medical Clinic","potentialAction":[{"@type":"SearchAction","target":{"@type":"EntryPoint","urlTemplate":"https:\/\/medicinasinc.com\/fr\/?s={search_term_string}"},"query-input":{"@type":"PropertyValueSpecification","valueRequired":true,"valueName":"search_term_string"}}],"inLanguage":"en-US"}]}},"_links":{"self":[{"href":"https:\/\/medicinasinc.com\/fr\/wp-json\/wp\/v2\/product\/5148","targetHints":{"allow":["GET"]}}],"collection":[{"href":"https:\/\/medicinasinc.com\/fr\/wp-json\/wp\/v2\/product"}],"about":[{"href":"https:\/\/medicinasinc.com\/fr\/wp-json\/wp\/v2\/types\/product"}],"replies":[{"embeddable":true,"href":"https:\/\/medicinasinc.com\/fr\/wp-json\/wp\/v2\/comments?post=5148"}],"wp:featuredmedia":[{"embeddable":true,"href":"https:\/\/medicinasinc.com\/fr\/wp-json\/wp\/v2\/media\/5164"}],"wp:attachment":[{"href":"https:\/\/medicinasinc.com\/fr\/wp-json\/wp\/v2\/media?parent=5148"}],"wp:term":[{"taxonomy":"product_brand","embeddable":true,"href":"https:\/\/medicinasinc.com\/fr\/wp-json\/wp\/v2\/product_brand?post=5148"},{"taxonomy":"product_cat","embeddable":true,"href":"https:\/\/medicinasinc.com\/fr\/wp-json\/wp\/v2\/product_cat?post=5148"},{"taxonomy":"product_tag","embeddable":true,"href":"https:\/\/medicinasinc.com\/fr\/wp-json\/wp\/v2\/product_tag?post=5148"}],"curies":[{"name":"wp","href":"https:\/\/api.w.org\/{rel}","templated":true}]}}