{"id":5125,"date":"2022-02-20T20:43:45","date_gmt":"2022-02-20T20:43:45","guid":{"rendered":"https:\/\/medicinasinc.com\/fr\/?post_type=product&#038;p=5125"},"modified":"2022-03-17T12:10:41","modified_gmt":"2022-03-17T12:10:41","slug":"acheter-ativan-0-5mg-1mg-2mg","status":"publish","type":"product","link":"https:\/\/medicinasinc.com\/fr\/product\/acheter-ativan-0-5mg-1mg-2mg\/","title":{"rendered":"Acheter Ativan 0.5mg, 1mg, 2mg"},"content":{"rendered":"<p>Le meilleur endroit pour acheter Ativan est sur Internet Qu&#8217;est-ce que le Loraz\u00e9pam exactement et comment \u00e7a marche\u00a0?<br \/> Pour acheter Ativan en ligne, cliquez ici. Les benzodiaz\u00e9pines, dont le loraz\u00e9pam fait partie, sont une classe de m\u00e9dicaments. En augmentant l&#8217;activit\u00e9 de certains neurotransmetteurs c\u00e9r\u00e9braux, le loraz\u00e9pam est consid\u00e9r\u00e9 comme efficace.<\/p>\n<p>Afin de soulager l&#8217;anxi\u00e9t\u00e9 et les convulsions, le loraz\u00e9pam est prescrit.<\/p>\n<p>L&#8217;achat de loraz\u00e9pam sur Internet ou aupr\u00e8s d&#8217;un source en dehors des \u00c9tats-Unis est sem\u00e9 d&#8217;emb\u00fbches. Les m\u00e9dicaments vendus et distribu\u00e9s dans des pays autres que les \u00c9tats-Unis ne r\u00e9pondent pas aux exigences de la FDA en mati\u00e8re d&#8217;utilisation s\u00fbre (FDA). Il est possible que ces pilules ne proviennent pas d&#8217;une pharmacie l\u00e9gitime ou qu&#8217;elles contiennent des substances nocives.<\/p>\n<p>Veuillez lire ceci attentivement.<br \/> Si vous souffrez de myasth\u00e9nie grave, de glaucome \u00e0 angle ferm\u00e9, d&#8217;insuffisance respiratoire s\u00e9v\u00e8re ou une allergie au Valium ou \u00e0 un m\u00e9dicament comparable, vous devez \u00e9viter de prendre du loraz\u00e9pam.<\/p>\n<p>Le m\u00e9dicament loraz\u00e9pam ne doit pas \u00eatre pris par les femmes enceintes. Lorsqu&#8217;il est administr\u00e9 \u00e0 un b\u00e9b\u00e9, ce m\u00e9dicament peut provoquer de graves anomalies cong\u00e9nitales ou des sympt\u00f4mes de sevrage potentiellement mortels.<\/p>\n<p>Seules les personnes recevant du Loraz\u00e9pam doivent le prendre, car il peut cr\u00e9er une accoutumance. L&#8217;abus de drogues peut entra\u00eener une d\u00e9pendance, une surdose ou la mort si le m\u00e9dicament est mal utilis\u00e9 de quelque mani\u00e8re que ce soit. Toute personne ayant des ant\u00e9c\u00e9dents de toxicomanie ou de toxicomanie ne devrait jamais recevoir ce m\u00e9dicament. Assurez-vous que le m\u00e9dicament est conserv\u00e9 dans un endroit s\u00fbr o\u00f9 il ne sera pas accessible aux autres.<\/p>\n<p>Si vous utilisez du loraz\u00e9pam avec de l&#8217;alcool, des opio\u00efdes ou d&#8217;autres m\u00e9dicaments qui vous rendent somnolent ou ralentissent votre respiration, vous pouvez subir des effets ind\u00e9sirables.<\/p>\n<p>Avant d&#8217;utiliser tout m\u00e9dicament, veuillez consulter votre fournisseur de soins de sant\u00e9.<br \/> les conditions suivantes n\u00e9cessitent l&#8217;arr\u00eat imm\u00e9diat du traitement par le loraz\u00e9pam<\/p>\n<p>glaucome \u00e0 angle ferm\u00e9\u00a0; ou<\/p>\n<p>Une histoire d&#8217;allergies aux benzodiaz\u00e9pines (diaz\u00e9pam, alprazolam, Ativan, Klonopin, Restoril, Tranxene, Valium, Versed, Xanax et autres).<\/p>\n<p>Si vous avez l&#8217;un des \u00e9l\u00e9ments suivants conditions, vous ne devez pas prendre de loraz\u00e9pam\u00a0:<\/p>\n<p>la MPOC (maladie pulmonaire obstructive chronique) ou l&#8217;apn\u00e9e du sommeil (respiration qui s&#8217;interrompt pendant le sommeil) sont des exemples de probl\u00e8mes respiratoires.<\/p>\n<p>d\u00e9pendance aux drogues ou \u00e0 l&#8217;alcool <\/p>\n<p>sympt\u00f4mes de tristesse, de mauvaise humeur ou d&#8217;id\u00e9es ou d&#8217;actions suicidaires<\/p>\n<p>maladie des reins ou du foie<\/p>\n<p>convulsions involontaires<\/p>\n<p>glaucome. <\/p>\n<p>L&#8217;utilisation de loraz\u00e9pam pendant la grossesse augmente le risque que votre enfant devienne d\u00e9pendant du m\u00e9dicament. Apr\u00e8s la naissance, le nouveau-n\u00e9 peut ressentir des sympt\u00f4mes de sevrage potentiellement mortels. Des soins m\u00e9dicaux peuvent \u00eatre n\u00e9cessaires pendant plusieurs semaines pour les b\u00e9b\u00e9s n\u00e9s toxicomanes.<\/p>\n<p>Dois-je prendre du loraz\u00e9pam d&#8217;une mani\u00e8re sp\u00e9cifique\u00a0?<br \/> Le loraz\u00e9pam doit \u00eatre utilis\u00e9 exactement comme prescrit. Lisez toutes les recommandations de m\u00e9dicaments et les instructions sur l&#8217;\u00e9tiquette de prescription. Suivez toujours les instructions de votre m\u00e9decin lorsque vous prenez du loraz\u00e9pam. Plus vous utilisez ce m\u00e9dicament, plus il est probable que vous deviez en informer votre m\u00e9decin.<\/p>\n<p>Le loraz\u00e9pam peut cr\u00e9er une d\u00e9pendance. Une mauvaise utilisation peut entra\u00eener une d\u00e9pendance, une surdose ou m\u00eame la mort. Jetez le m\u00e9dicament dans un endroit hors de port\u00e9e des autres. C&#8217;est un crime de distribuer ou de vendre ce m\u00e9dicament.<\/p>\n<p>Mesurez le m\u00e9dicament liquide avec pr\u00e9caution. Procurez-vous un instrument de mesure de la dose ou utilisez la seringue fournie (pas une cuill\u00e8re de cuisine).<\/p>\n<p>Sauf indication contraire de votre m\u00e9decin, ne prenez pas de loraz\u00e9pam pendant plus de quatre mois d&#8217;affil\u00e9e. Si vos sympt\u00f4mes ne s&#8217;am\u00e9liorent pas ou s&#8217;aggravent, contactez votre m\u00e9decin.<\/p>\n<p>Lorsque vous prenez ce m\u00e9dicament au long cours, vous pourriez avoir besoin d&#8217;examens m\u00e9dicaux r\u00e9guliers.<\/p>\n<p>Si vous arr\u00eatez brusquement en prenant ce m\u00e9dicament, vous courez le risque de ressentir des effets secondaires d\u00e9sagr\u00e9ables. Prenez rendez-vous avec votre m\u00e9decin pour savoir comment arr\u00eater de prendre ce m\u00e9dicament.<\/p>\n<p>Ne pas exposer \u00e0 l&#8217;humidit\u00e9 ou \u00e0 des temp\u00e9ratures \u00e9lev\u00e9es\u00a0; conserver \u00e0 temp\u00e9rature ambiante.<\/p>\n<p>R\u00e9frig\u00e9rer le liquide de loraz\u00e9pam pour un stockage \u00e0 long terme. Ne garde pas les liquides qui n&#8217;ont pas \u00e9t\u00e9 utilis\u00e9s dans les 90\u00a0jours.<\/p>\n<p>Tenez un registre de vos m\u00e9dicaments. Vous devez garder un \u0153il sur quiconque en abuse ou en abuse.<\/p>\n","protected":false},"excerpt":{"rendered":"<p>Loraz\u00e9pam 0,5 mg, 1 mg, 2 mg prix en ligne, acheter ativan 2mg en ligne, acheter des comprim\u00e9s de loraz\u00e9pam en ligne.<\/p>\n<p>Tramadol 50mg prix en ligne \u00e9lev\u00e9 du loraz\u00e9pam (Ativan) 2mg comprim\u00e9. Il est \u00e9galement utilis\u00e9 dans le traitement de l&#8217;anxi\u00e9t\u00e9.<\/p>\n<p>pilules\/comprim\u00e9s de Lorazepam (Ativan) 2mg<\/p>\n<p>L&#8217;anxi\u00e9t\u00e9, la tristesse et l&#8217;insomnie sont tous des effets secondaires courants du m\u00e9dicament contre l&#8217;anxi\u00e9t\u00e9 Ativan ( Loraz\u00e9pam) (troubles du sommeil). C&#8217;est une sorte de benzodiaz\u00e9pine.<\/p>\n<p>Sans ordonnance, vous pouvez acheter des comprim\u00e9s de Lorazepam 2mg en ligne (No RX).<\/p>\n","protected":false},"featured_media":5144,"comment_status":"open","ping_status":"closed","template":"","meta":[],"product_brand":[],"product_cat":[1117],"product_tag":[1234,1233,1224,1219,1195,1197,1196,1198,1200,1207,1206,1203,1204,1205,1221,1213,1210,1211,1212,1216,1217,1222,1223,1225,1226,1215,1228,1199,1227,1230,1231,1201,1229,1209,1208,1220,1202,1214,1218,1232,1235,1236],"class_list":{"0":"post-5125","1":"product","2":"type-product","3":"status-publish","4":"has-post-thumbnail","6":"product_cat-acheter-douleur-sommeil-sexe-pilules","7":"product_tag--quoi-ressemblent-les-tablettes-ativan","8":"product_tag--quoi-servent-les-comprims-ativan","9":"product_tag-acheter-ativan-en-ligne","10":"product_tag-ativan-tablettes-acheter","11":"product_tag-ativan-1-mg-comprims-sublinguaux","12":"product_tag-ativan-1-tab","13":"product_tag-ativan-1-mg-comprims","14":"product_tag-ativan-1mg-tablet-dose","15":"product_tag-ativan-2-mg-comprims","16":"product_tag-ativan-comprim-2mg-commande-en-ligne-amazon","17":"product_tag-ativan-2mg-comprim-en-hindi","18":"product_tag-ativan-2mg-pill","19":"product_tag-ativan-2mg-side-effects","20":"product_tag-ativan-2mg-tablet","21":"product_tag-ativan-comprims-sublingual","22":"product_tag-ativan-tab-1mg-precio","23":"product_tag-ativan-tab-0-5-mg","24":"product_tag-ativan-tab-1mg","25":"product_tag-ativan-tab-1mg-50","26":"product_tag-ativan-tablets-1mg","27":"product_tag-ativan-tablets-2-5-mg","28":"product_tag-ativan-tablets-uk","29":"product_tag-ativan-tablets-uses","30":"product_tag-can-ativan-tablets-be-crushed","31":"product_tag-can-ativan-tablets-be-injected","32":"product_tag-ativan-comprim-0-5mg","33":"product_tag-lorazpam-comprims-ativan-2mg","34":"product_tag-ativan-1mg-comprim-effets-secondaires","35":"product_tag-lorazpam-2-mg-comprim-livraison-en-ligne","36":"product_tag-onglet-ativan-1","37":"product_tag-tab-ativan-1mg-utilise-en-hindi","38":"product_tag-ativan-2-tab","39":"product_tag-comprim-pfizer-2mg","40":"product_tag-ativan-pharmacie","41":"product_tag-ativan-dosage-2mg","42":"product_tag-ativan-comprims-posologie","43":"product_tag-ativan-2-5-mg-prix","44":"product_tag-ativan-tablette","45":"product_tag-tablettes-ativan-australie","46":"product_tag-tivan-2mg-comprim","47":"product_tag-what-does-ativan-tablets-look-like","48":"product_tag-what-is-ativan-tablets-used-for","50":"first","51":"instock","52":"shipping-taxable","53":"purchasable","54":"product-type-variable"},"yoast_head":"<!-- This site is optimized with the Yoast SEO plugin v27.3 - https:\/\/yoast.com\/product\/yoast-seo-wordpress\/ -->\n<title>Acheter Ativan 2 mg - Acheter Ativan 1 mg - Acheter Ativan 0,5 mg - Meilleurs m\u00e9dicaments mondiaux<\/title>\n<meta name=\"description\" content=\"Acheter Lorazepam Tablets Online, acheter Lorazepam en ligne, acheter Ativan en ligne, Lorazepam 0.5 mg, 1 mg, 2 mg prix en ligne,\u00a0acheter ativan 2mg\u00a0en ligne Royaume-Uni, Europe\" \/>\n<meta name=\"robots\" content=\"index, follow, max-snippet:-1, max-image-preview:large, max-video-preview:-1\" \/>\n<link rel=\"canonical\" href=\"https:\/\/medicinasinc.com\/fr\/product\/acheter-ativan-0-5mg-1mg-2mg\/\" \/>\n<meta property=\"og:locale\" content=\"en_US\" \/>\n<meta property=\"og:type\" content=\"article\" \/>\n<meta property=\"og:title\" content=\"Acheter Ativan 2 mg - Acheter Ativan 1 mg - Acheter Ativan 0,5 mg - Meilleurs m\u00e9dicaments mondiaux\" \/>\n<meta property=\"og:description\" content=\"Acheter Lorazepam Tablets Online, acheter Lorazepam en ligne, acheter Ativan en ligne, Lorazepam 0.5 mg, 1 mg, 2 mg prix en ligne,\u00a0acheter ativan 2mg\u00a0en ligne Royaume-Uni, Europe\" \/>\n<meta property=\"og:url\" content=\"https:\/\/medicinasinc.com\/fr\/product\/acheter-ativan-0-5mg-1mg-2mg\/\" \/>\n<meta property=\"og:site_name\" content=\"Medicinas Inc\" \/>\n<meta property=\"article:modified_time\" content=\"2022-03-17T12:10:41+00:00\" \/>\n<meta property=\"og:image\" content=\"https:\/\/medicinasinc.com\/fr\/wp-content\/uploads\/sites\/5\/2022\/02\/Buy-Ativan-Online-1.jpg\" \/>\n\t<meta property=\"og:image:width\" content=\"300\" \/>\n\t<meta property=\"og:image:height\" content=\"300\" \/>\n\t<meta property=\"og:image:type\" content=\"image\/jpeg\" \/>\n<meta name=\"twitter:card\" content=\"summary_large_image\" \/>\n<meta name=\"twitter:label1\" content=\"Est. reading time\" \/>\n\t<meta name=\"twitter:data1\" content=\"3 minutes\" \/>\n<script type=\"application\/ld+json\" class=\"yoast-schema-graph\">{\"@context\":\"https:\\\/\\\/schema.org\",\"@graph\":[{\"@type\":\"WebPage\",\"@id\":\"https:\\\/\\\/medicinasinc.com\\\/fr\\\/product\\\/acheter-ativan-0-5mg-1mg-2mg\\\/\",\"url\":\"https:\\\/\\\/medicinasinc.com\\\/fr\\\/product\\\/acheter-ativan-0-5mg-1mg-2mg\\\/\",\"name\":\"Acheter Ativan 2 mg - Acheter Ativan 1 mg - Acheter Ativan 0,5 mg - Meilleurs m\u00e9dicaments mondiaux\",\"isPartOf\":{\"@id\":\"https:\\\/\\\/medicinasinc.com\\\/fr\\\/#website\"},\"primaryImageOfPage\":{\"@id\":\"https:\\\/\\\/medicinasinc.com\\\/fr\\\/product\\\/acheter-ativan-0-5mg-1mg-2mg\\\/#primaryimage\"},\"image\":{\"@id\":\"https:\\\/\\\/medicinasinc.com\\\/fr\\\/product\\\/acheter-ativan-0-5mg-1mg-2mg\\\/#primaryimage\"},\"thumbnailUrl\":\"https:\\\/\\\/medicinasinc.com\\\/fr\\\/wp-content\\\/uploads\\\/sites\\\/5\\\/2022\\\/02\\\/Buy-Ativan-Online-1.jpg\",\"datePublished\":\"2022-02-20T20:43:45+00:00\",\"dateModified\":\"2022-03-17T12:10:41+00:00\",\"description\":\"Acheter Lorazepam Tablets Online, acheter Lorazepam en ligne, acheter Ativan en ligne, Lorazepam 0.5 mg, 1 mg, 2 mg prix en ligne,\u00a0acheter ativan 2mg\u00a0en ligne Royaume-Uni, Europe\",\"breadcrumb\":{\"@id\":\"https:\\\/\\\/medicinasinc.com\\\/fr\\\/product\\\/acheter-ativan-0-5mg-1mg-2mg\\\/#breadcrumb\"},\"inLanguage\":\"en-US\",\"potentialAction\":[{\"@type\":\"ReadAction\",\"target\":[\"https:\\\/\\\/medicinasinc.com\\\/fr\\\/product\\\/acheter-ativan-0-5mg-1mg-2mg\\\/\"]}]},{\"@type\":\"ImageObject\",\"inLanguage\":\"en-US\",\"@id\":\"https:\\\/\\\/medicinasinc.com\\\/fr\\\/product\\\/acheter-ativan-0-5mg-1mg-2mg\\\/#primaryimage\",\"url\":\"https:\\\/\\\/medicinasinc.com\\\/fr\\\/wp-content\\\/uploads\\\/sites\\\/5\\\/2022\\\/02\\\/Buy-Ativan-Online-1.jpg\",\"contentUrl\":\"https:\\\/\\\/medicinasinc.com\\\/fr\\\/wp-content\\\/uploads\\\/sites\\\/5\\\/2022\\\/02\\\/Buy-Ativan-Online-1.jpg\",\"width\":300,\"height\":300},{\"@type\":\"BreadcrumbList\",\"@id\":\"https:\\\/\\\/medicinasinc.com\\\/fr\\\/product\\\/acheter-ativan-0-5mg-1mg-2mg\\\/#breadcrumb\",\"itemListElement\":[{\"@type\":\"ListItem\",\"position\":1,\"name\":\"Boutique\",\"item\":\"https:\\\/\\\/medicinasinc.com\\\/fr\\\/boutique\\\/\"},{\"@type\":\"ListItem\",\"position\":2,\"name\":\"Acheter Ativan 0.5mg, 1mg, 2mg\"}]},{\"@type\":\"WebSite\",\"@id\":\"https:\\\/\\\/medicinasinc.com\\\/fr\\\/#website\",\"url\":\"https:\\\/\\\/medicinasinc.com\\\/fr\\\/\",\"name\":\"Medicinas Inc\",\"description\":\"Health Medical Clinic\",\"potentialAction\":[{\"@type\":\"SearchAction\",\"target\":{\"@type\":\"EntryPoint\",\"urlTemplate\":\"https:\\\/\\\/medicinasinc.com\\\/fr\\\/?s={search_term_string}\"},\"query-input\":{\"@type\":\"PropertyValueSpecification\",\"valueRequired\":true,\"valueName\":\"search_term_string\"}}],\"inLanguage\":\"en-US\"}]}<\/script>\n<!-- \/ Yoast SEO plugin. -->","yoast_head_json":{"title":"Acheter Ativan 2 mg - Acheter Ativan 1 mg - Acheter Ativan 0,5 mg - Meilleurs m\u00e9dicaments mondiaux","description":"Acheter Lorazepam Tablets Online, acheter Lorazepam en ligne, acheter Ativan en ligne, Lorazepam 0.5 mg, 1 mg, 2 mg prix en ligne,\u00a0acheter ativan 2mg\u00a0en ligne Royaume-Uni, Europe","robots":{"index":"index","follow":"follow","max-snippet":"max-snippet:-1","max-image-preview":"max-image-preview:large","max-video-preview":"max-video-preview:-1"},"canonical":"https:\/\/medicinasinc.com\/fr\/product\/acheter-ativan-0-5mg-1mg-2mg\/","og_locale":"en_US","og_type":"article","og_title":"Acheter Ativan 2 mg - Acheter Ativan 1 mg - Acheter Ativan 0,5 mg - Meilleurs m\u00e9dicaments mondiaux","og_description":"Acheter Lorazepam Tablets Online, acheter Lorazepam en ligne, acheter Ativan en ligne, Lorazepam 0.5 mg, 1 mg, 2 mg prix en ligne,\u00a0acheter ativan 2mg\u00a0en ligne Royaume-Uni, Europe","og_url":"https:\/\/medicinasinc.com\/fr\/product\/acheter-ativan-0-5mg-1mg-2mg\/","og_site_name":"Medicinas Inc","article_modified_time":"2022-03-17T12:10:41+00:00","og_image":[{"width":300,"height":300,"url":"https:\/\/medicinasinc.com\/fr\/wp-content\/uploads\/sites\/5\/2022\/02\/Buy-Ativan-Online-1.jpg","type":"image\/jpeg"}],"twitter_card":"summary_large_image","twitter_misc":{"Est. reading time":"3 minutes"},"schema":{"@context":"https:\/\/schema.org","@graph":[{"@type":"WebPage","@id":"https:\/\/medicinasinc.com\/fr\/product\/acheter-ativan-0-5mg-1mg-2mg\/","url":"https:\/\/medicinasinc.com\/fr\/product\/acheter-ativan-0-5mg-1mg-2mg\/","name":"Acheter Ativan 2 mg - Acheter Ativan 1 mg - Acheter Ativan 0,5 mg - Meilleurs m\u00e9dicaments mondiaux","isPartOf":{"@id":"https:\/\/medicinasinc.com\/fr\/#website"},"primaryImageOfPage":{"@id":"https:\/\/medicinasinc.com\/fr\/product\/acheter-ativan-0-5mg-1mg-2mg\/#primaryimage"},"image":{"@id":"https:\/\/medicinasinc.com\/fr\/product\/acheter-ativan-0-5mg-1mg-2mg\/#primaryimage"},"thumbnailUrl":"https:\/\/medicinasinc.com\/fr\/wp-content\/uploads\/sites\/5\/2022\/02\/Buy-Ativan-Online-1.jpg","datePublished":"2022-02-20T20:43:45+00:00","dateModified":"2022-03-17T12:10:41+00:00","description":"Acheter Lorazepam Tablets Online, acheter Lorazepam en ligne, acheter Ativan en ligne, Lorazepam 0.5 mg, 1 mg, 2 mg prix en ligne,\u00a0acheter ativan 2mg\u00a0en ligne Royaume-Uni, Europe","breadcrumb":{"@id":"https:\/\/medicinasinc.com\/fr\/product\/acheter-ativan-0-5mg-1mg-2mg\/#breadcrumb"},"inLanguage":"en-US","potentialAction":[{"@type":"ReadAction","target":["https:\/\/medicinasinc.com\/fr\/product\/acheter-ativan-0-5mg-1mg-2mg\/"]}]},{"@type":"ImageObject","inLanguage":"en-US","@id":"https:\/\/medicinasinc.com\/fr\/product\/acheter-ativan-0-5mg-1mg-2mg\/#primaryimage","url":"https:\/\/medicinasinc.com\/fr\/wp-content\/uploads\/sites\/5\/2022\/02\/Buy-Ativan-Online-1.jpg","contentUrl":"https:\/\/medicinasinc.com\/fr\/wp-content\/uploads\/sites\/5\/2022\/02\/Buy-Ativan-Online-1.jpg","width":300,"height":300},{"@type":"BreadcrumbList","@id":"https:\/\/medicinasinc.com\/fr\/product\/acheter-ativan-0-5mg-1mg-2mg\/#breadcrumb","itemListElement":[{"@type":"ListItem","position":1,"name":"Boutique","item":"https:\/\/medicinasinc.com\/fr\/boutique\/"},{"@type":"ListItem","position":2,"name":"Acheter Ativan 0.5mg, 1mg, 2mg"}]},{"@type":"WebSite","@id":"https:\/\/medicinasinc.com\/fr\/#website","url":"https:\/\/medicinasinc.com\/fr\/","name":"Medicinas Inc","description":"Health Medical Clinic","potentialAction":[{"@type":"SearchAction","target":{"@type":"EntryPoint","urlTemplate":"https:\/\/medicinasinc.com\/fr\/?s={search_term_string}"},"query-input":{"@type":"PropertyValueSpecification","valueRequired":true,"valueName":"search_term_string"}}],"inLanguage":"en-US"}]}},"_links":{"self":[{"href":"https:\/\/medicinasinc.com\/fr\/wp-json\/wp\/v2\/product\/5125","targetHints":{"allow":["GET"]}}],"collection":[{"href":"https:\/\/medicinasinc.com\/fr\/wp-json\/wp\/v2\/product"}],"about":[{"href":"https:\/\/medicinasinc.com\/fr\/wp-json\/wp\/v2\/types\/product"}],"replies":[{"embeddable":true,"href":"https:\/\/medicinasinc.com\/fr\/wp-json\/wp\/v2\/comments?post=5125"}],"wp:featuredmedia":[{"embeddable":true,"href":"https:\/\/medicinasinc.com\/fr\/wp-json\/wp\/v2\/media\/5144"}],"wp:attachment":[{"href":"https:\/\/medicinasinc.com\/fr\/wp-json\/wp\/v2\/media?parent=5125"}],"wp:term":[{"taxonomy":"product_brand","embeddable":true,"href":"https:\/\/medicinasinc.com\/fr\/wp-json\/wp\/v2\/product_brand?post=5125"},{"taxonomy":"product_cat","embeddable":true,"href":"https:\/\/medicinasinc.com\/fr\/wp-json\/wp\/v2\/product_cat?post=5125"},{"taxonomy":"product_tag","embeddable":true,"href":"https:\/\/medicinasinc.com\/fr\/wp-json\/wp\/v2\/product_tag?post=5125"}],"curies":[{"name":"wp","href":"https:\/\/api.w.org\/{rel}","templated":true}]}}