{"id":5124,"date":"2022-02-20T20:42:48","date_gmt":"2022-02-20T20:42:48","guid":{"rendered":"https:\/\/medicinasinc.com\/fr\/?post_type=product&#038;p=5124"},"modified":"2022-03-17T12:10:51","modified_gmt":"2022-03-17T12:10:51","slug":"acheter-ambien-10-mg","status":"publish","type":"product","link":"https:\/\/medicinasinc.com\/fr\/product\/acheter-ambien-10-mg\/","title":{"rendered":"Acheter Ambien 10 mg"},"content":{"rendered":"<div class=\"ty-tabs cm-j-tabs clearfix\">\n<p>acheter Ambien 10mg en ligne<\/p>\n<h2><a href=\"https:\/\/www.bestglobalmeds.com\/category\/blog\/\" target=\"_blank\" rel=\"noopener\">Acheter Ambien 10\u00a0mg Livraison le lendemain<\/a><\/h2>\n<h2>Acheter Ambien 10\u00a0mg en ligne<\/h2>\n<p>Le prix le plus bas aux \u00c9tats-Unis pour\u00a0<em>Ambien<\/em>\u00a0(<em>Zolpidem<\/em>\u00a05mg &amp;\u00a0<em>10mg<\/em>) Pilules et le premier service m\u00e9dical en ligne l\u00e9gal enregistr\u00e9 aux \u00c9tats-Unis \u00e0 l&#8217;offrir. Livraison gratuite avec suivi au Royaume-Uni. Ambien, Zolpidem, ambien\u00a0<em>10mg<\/em>, Zolpidem Tartrate, acheter des somnif\u00e8res en ligne, acheter des anti-anxi\u00e9t\u00e9 en ligne, antid\u00e9presseurs,\u00a0<em>acheter ambien<\/em>\u00a0sans ordonnance.<\/p>\n<ul class=\"ty-tabs__list\">\n<li id=\"description\" class=\"ty-tabs__item cm-js active\"><a class=\"ty-tabs__a\">Description<\/a><\/li>\n<li id=\"product_tab_9\" class=\"ty-tabs__item cm-js\"><a class=\"ty-tabs__a\">Informations patient<\/a><\/li>\n<\/ul><\/div>\n<div id=\"tabs_content \" class=\"cm-tabs-content ty-tabs__content clearfix\">\n<div id=\"content_description\" class=\"ty-wysiwyg-content content-description active\">\n<div>\n<div class=\"product-description\">\n<h4>Dormir avec Zolpidem et Ambien<\/h4>\n<table>\n<thead>\n<tr>\n<th>Zolpidem<\/th>\n<th>Montant<\/th>\n<th>Type<\/th>\n<th>Stock<\/th>\n<p> th&gt; <\/tr>\n<\/thead>\n<tbody>\n<tr>\n<th>Ambien<\/th>\n<th>5mg<\/th>\n<th>Comprim\u00e9s<\/th>\n<th>Achetez US\u2713<\/th>\n<\/tr>\n<tr>\n<td>Comprim\u00e9s de Zolpidem<\/td>\n<td>5mg<\/td>\n<td>Pilules<\/td>\n<td>En ligne US \u2713<\/td>\n<\/tr>\n<tr>\n<td>Ambien Comprim\u00e9s<\/td>\n<td>10mg<\/td>\n<td>M\u00e9dicament e<\/td>\n<td>FR \u2713<\/td>\n<\/tr>\n<\/tbody>\n<\/table>\n<h4>Pr\u00e9cautions avant de prendre Zolpidem<\/h4>\n<p>Il y a des pr\u00e9cautions qui doivent \u00eatre prises avant de d\u00e9cider de prends-le. Dans certaines circonstances, il se peut que ce ne soit pas le choix de m\u00e9dicament le plus appropri\u00e9. Demandez \u00e0 un m\u00e9decin si votre \u00e9tat de sant\u00e9 vous permet de le prendre comme traitement de l&#8217;insomnie. Si vous avez l&#8217;une des circonstances suivantes, consultez un m\u00e9decin\u00a0:<\/p>\n<ul>\n<li>Ant\u00e9c\u00e9dents d&#8217;alcoolisme ou de toxicomanie<\/li>\n<li>Enceinte ou projet de grossesse<\/li>\n<li>A une affection respiratoire (bronchite, asthme ou emphys\u00e8me)<\/li>\n<li>Ant\u00e9c\u00e9dents de maladie h\u00e9patique ou r\u00e9nale<\/li>\n<li>Souffre de myasth\u00e9nie grave (trouble nerveux r\u00e9sultant d&#8217;un affaiblissement des muscles)<\/li>\n<li>Allergies \u00e0 l&#8217;un des ingr\u00e9dients<\/li>\n<li>Souffre d&#8217;un trouble de la personnalit\u00e9 ou d&#8217;une d\u00e9pression r\u00e9currente<\/li>\n<li>Souffre d&#8217;apn\u00e9e du sommeil<\/li>\n<li>Personne \u00e2g\u00e9e<\/li>\n<\/ul>\n<p>Dans de tr\u00e8s rares cas Dans certains cas, la prise d&#8217;Ambien peut entra\u00eener des effets ind\u00e9sirables, notamment un gonflement des l\u00e8vres, du visage, de la gorge et de la langue ou des difficult\u00e9s respiratoires. Il est \u00e9galement conseill\u00e9 de ne pas l&#8217;utiliser en continu pendant plus de 4 semaines car cela peut entra\u00eener des sympt\u00f4mes de sevrage tels que vomissements, naus\u00e9es, anxi\u00e9t\u00e9 et crampes d&#8217;estomac. Connu sous le nom de <a href=\"https:\/\/globalhomemed.com\/\">traitement \u00e0 court terme de l&#8217;insomnie<\/a>, il est possible d&#8217;avoir des probl\u00e8mes de sommeil une fois que vous arr\u00eatez de l&#8217;utiliser. C&#8217;est ce qu&#8217;on appelle une \u00ab\u00a0insomnie de rebond\u00a0\u00bb qui finit par dispara\u00eetre apr\u00e8s un \u00e0 deux jours. Consultez toujours votre m\u00e9decin concernant l&#8217;utilisation de ce somnif\u00e8re.<\/p>\n<h2>acheter Ambien 10mg en ligne<\/h2>\n<\/p><\/div><\/div><\/div><\/div>\n","protected":false},"excerpt":{"rendered":"<p>Achetez des pilules Ambien 10mg en ligne. Ambien est utilis\u00e9 pour traiter un trouble du sommeil. Le comprim\u00e9 \u00e0 d\u00e9charge rapide est utilis\u00e9 pour vous aider \u00e0 vous endormir lorsque vous vous couchez pour la premi\u00e8re fois.<\/p>\n<p>Ambien, Zolpidem, ambien\u00a0<em>10mg<\/em>, Zolpidem Tartrate, acheter des somnif\u00e8res en ligne, acheter des anti anxi\u00e9t\u00e9 en ligne, antid\u00e9presseurs,\u00a0<em>acheter de l&#8217;ambien<\/em>\u00a0sans ordonnance.<\/p>\n","protected":false},"featured_media":5142,"comment_status":"open","ping_status":"closed","template":"","meta":[],"product_brand":[],"product_cat":[1117],"product_tag":[],"class_list":{"0":"post-5124","1":"product","2":"type-product","3":"status-publish","4":"has-post-thumbnail","6":"product_cat-acheter-douleur-sommeil-sexe-pilules","8":"first","9":"instock","10":"shipping-taxable","11":"purchasable","12":"product-type-variable","13":"has-default-attributes"},"yoast_head":"<!-- This site is optimized with the Yoast SEO plugin v27.3 - https:\/\/yoast.com\/product\/yoast-seo-wordpress\/ -->\n<title>Acheter Ambien 10 mg - Ambien 10 mg - Best Global Meds<\/title>\n<meta name=\"description\" content=\"Acheter Ambien 10 mg, Ambien, Zolpidem, Ambien\u00a010mg, Tartrate de Zolpidem, acheter des somnif\u00e8res en ligne, acheter des anti-anxi\u00e9t\u00e9 en ligne, des antid\u00e9presseurs,\u00a0acheter Ambien\u00a0sans ordonnance.\" \/>\n<meta name=\"robots\" content=\"index, follow, max-snippet:-1, max-image-preview:large, max-video-preview:-1\" \/>\n<link rel=\"canonical\" href=\"https:\/\/medicinasinc.com\/fr\/product\/acheter-ambien-10-mg\/\" \/>\n<meta property=\"og:locale\" content=\"en_US\" \/>\n<meta property=\"og:type\" content=\"article\" \/>\n<meta property=\"og:title\" content=\"Acheter Ambien 10 mg - Ambien 10 mg - Best Global Meds\" \/>\n<meta property=\"og:description\" content=\"Acheter Ambien 10 mg, Ambien, Zolpidem, Ambien\u00a010mg, Tartrate de Zolpidem, acheter des somnif\u00e8res en ligne, acheter des anti-anxi\u00e9t\u00e9 en ligne, des antid\u00e9presseurs,\u00a0acheter Ambien\u00a0sans ordonnance.\" \/>\n<meta property=\"og:url\" content=\"https:\/\/medicinasinc.com\/fr\/product\/acheter-ambien-10-mg\/\" \/>\n<meta property=\"og:site_name\" content=\"Medicinas Inc\" \/>\n<meta property=\"article:modified_time\" content=\"2022-03-17T12:10:51+00:00\" \/>\n<meta property=\"og:image\" content=\"https:\/\/medicinasinc.com\/fr\/wp-content\/uploads\/sites\/5\/2022\/02\/Buy-Ambien-10mg.jpg\" \/>\n\t<meta property=\"og:image:width\" content=\"225\" \/>\n\t<meta property=\"og:image:height\" content=\"225\" \/>\n\t<meta property=\"og:image:type\" content=\"image\/jpeg\" \/>\n<meta name=\"twitter:card\" content=\"summary_large_image\" \/>\n<meta name=\"twitter:label1\" content=\"Est. reading time\" \/>\n\t<meta name=\"twitter:data1\" content=\"2 minutes\" \/>\n<script type=\"application\/ld+json\" class=\"yoast-schema-graph\">{\"@context\":\"https:\\\/\\\/schema.org\",\"@graph\":[{\"@type\":\"WebPage\",\"@id\":\"https:\\\/\\\/medicinasinc.com\\\/fr\\\/product\\\/acheter-ambien-10-mg\\\/\",\"url\":\"https:\\\/\\\/medicinasinc.com\\\/fr\\\/product\\\/acheter-ambien-10-mg\\\/\",\"name\":\"Acheter Ambien 10 mg - Ambien 10 mg - Best Global Meds\",\"isPartOf\":{\"@id\":\"https:\\\/\\\/medicinasinc.com\\\/fr\\\/#website\"},\"primaryImageOfPage\":{\"@id\":\"https:\\\/\\\/medicinasinc.com\\\/fr\\\/product\\\/acheter-ambien-10-mg\\\/#primaryimage\"},\"image\":{\"@id\":\"https:\\\/\\\/medicinasinc.com\\\/fr\\\/product\\\/acheter-ambien-10-mg\\\/#primaryimage\"},\"thumbnailUrl\":\"https:\\\/\\\/medicinasinc.com\\\/fr\\\/wp-content\\\/uploads\\\/sites\\\/5\\\/2022\\\/02\\\/Buy-Ambien-10mg.jpg\",\"datePublished\":\"2022-02-20T20:42:48+00:00\",\"dateModified\":\"2022-03-17T12:10:51+00:00\",\"description\":\"Acheter Ambien 10 mg, Ambien, Zolpidem, Ambien\u00a010mg, Tartrate de Zolpidem, acheter des somnif\u00e8res en ligne, acheter des anti-anxi\u00e9t\u00e9 en ligne, des antid\u00e9presseurs,\u00a0acheter Ambien\u00a0sans ordonnance.\",\"breadcrumb\":{\"@id\":\"https:\\\/\\\/medicinasinc.com\\\/fr\\\/product\\\/acheter-ambien-10-mg\\\/#breadcrumb\"},\"inLanguage\":\"en-US\",\"potentialAction\":[{\"@type\":\"ReadAction\",\"target\":[\"https:\\\/\\\/medicinasinc.com\\\/fr\\\/product\\\/acheter-ambien-10-mg\\\/\"]}]},{\"@type\":\"ImageObject\",\"inLanguage\":\"en-US\",\"@id\":\"https:\\\/\\\/medicinasinc.com\\\/fr\\\/product\\\/acheter-ambien-10-mg\\\/#primaryimage\",\"url\":\"https:\\\/\\\/medicinasinc.com\\\/fr\\\/wp-content\\\/uploads\\\/sites\\\/5\\\/2022\\\/02\\\/Buy-Ambien-10mg.jpg\",\"contentUrl\":\"https:\\\/\\\/medicinasinc.com\\\/fr\\\/wp-content\\\/uploads\\\/sites\\\/5\\\/2022\\\/02\\\/Buy-Ambien-10mg.jpg\",\"width\":225,\"height\":225},{\"@type\":\"BreadcrumbList\",\"@id\":\"https:\\\/\\\/medicinasinc.com\\\/fr\\\/product\\\/acheter-ambien-10-mg\\\/#breadcrumb\",\"itemListElement\":[{\"@type\":\"ListItem\",\"position\":1,\"name\":\"Boutique\",\"item\":\"https:\\\/\\\/medicinasinc.com\\\/fr\\\/boutique\\\/\"},{\"@type\":\"ListItem\",\"position\":2,\"name\":\"Acheter Ambien 10 mg\"}]},{\"@type\":\"WebSite\",\"@id\":\"https:\\\/\\\/medicinasinc.com\\\/fr\\\/#website\",\"url\":\"https:\\\/\\\/medicinasinc.com\\\/fr\\\/\",\"name\":\"Medicinas Inc\",\"description\":\"Health Medical Clinic\",\"potentialAction\":[{\"@type\":\"SearchAction\",\"target\":{\"@type\":\"EntryPoint\",\"urlTemplate\":\"https:\\\/\\\/medicinasinc.com\\\/fr\\\/?s={search_term_string}\"},\"query-input\":{\"@type\":\"PropertyValueSpecification\",\"valueRequired\":true,\"valueName\":\"search_term_string\"}}],\"inLanguage\":\"en-US\"}]}<\/script>\n<!-- \/ Yoast SEO plugin. -->","yoast_head_json":{"title":"Acheter Ambien 10 mg - Ambien 10 mg - Best Global Meds","description":"Acheter Ambien 10 mg, Ambien, Zolpidem, Ambien\u00a010mg, Tartrate de Zolpidem, acheter des somnif\u00e8res en ligne, acheter des anti-anxi\u00e9t\u00e9 en ligne, des antid\u00e9presseurs,\u00a0acheter Ambien\u00a0sans ordonnance.","robots":{"index":"index","follow":"follow","max-snippet":"max-snippet:-1","max-image-preview":"max-image-preview:large","max-video-preview":"max-video-preview:-1"},"canonical":"https:\/\/medicinasinc.com\/fr\/product\/acheter-ambien-10-mg\/","og_locale":"en_US","og_type":"article","og_title":"Acheter Ambien 10 mg - Ambien 10 mg - Best Global Meds","og_description":"Acheter Ambien 10 mg, Ambien, Zolpidem, Ambien\u00a010mg, Tartrate de Zolpidem, acheter des somnif\u00e8res en ligne, acheter des anti-anxi\u00e9t\u00e9 en ligne, des antid\u00e9presseurs,\u00a0acheter Ambien\u00a0sans ordonnance.","og_url":"https:\/\/medicinasinc.com\/fr\/product\/acheter-ambien-10-mg\/","og_site_name":"Medicinas Inc","article_modified_time":"2022-03-17T12:10:51+00:00","og_image":[{"width":225,"height":225,"url":"https:\/\/medicinasinc.com\/fr\/wp-content\/uploads\/sites\/5\/2022\/02\/Buy-Ambien-10mg.jpg","type":"image\/jpeg"}],"twitter_card":"summary_large_image","twitter_misc":{"Est. reading time":"2 minutes"},"schema":{"@context":"https:\/\/schema.org","@graph":[{"@type":"WebPage","@id":"https:\/\/medicinasinc.com\/fr\/product\/acheter-ambien-10-mg\/","url":"https:\/\/medicinasinc.com\/fr\/product\/acheter-ambien-10-mg\/","name":"Acheter Ambien 10 mg - Ambien 10 mg - Best Global Meds","isPartOf":{"@id":"https:\/\/medicinasinc.com\/fr\/#website"},"primaryImageOfPage":{"@id":"https:\/\/medicinasinc.com\/fr\/product\/acheter-ambien-10-mg\/#primaryimage"},"image":{"@id":"https:\/\/medicinasinc.com\/fr\/product\/acheter-ambien-10-mg\/#primaryimage"},"thumbnailUrl":"https:\/\/medicinasinc.com\/fr\/wp-content\/uploads\/sites\/5\/2022\/02\/Buy-Ambien-10mg.jpg","datePublished":"2022-02-20T20:42:48+00:00","dateModified":"2022-03-17T12:10:51+00:00","description":"Acheter Ambien 10 mg, Ambien, Zolpidem, Ambien\u00a010mg, Tartrate de Zolpidem, acheter des somnif\u00e8res en ligne, acheter des anti-anxi\u00e9t\u00e9 en ligne, des antid\u00e9presseurs,\u00a0acheter Ambien\u00a0sans ordonnance.","breadcrumb":{"@id":"https:\/\/medicinasinc.com\/fr\/product\/acheter-ambien-10-mg\/#breadcrumb"},"inLanguage":"en-US","potentialAction":[{"@type":"ReadAction","target":["https:\/\/medicinasinc.com\/fr\/product\/acheter-ambien-10-mg\/"]}]},{"@type":"ImageObject","inLanguage":"en-US","@id":"https:\/\/medicinasinc.com\/fr\/product\/acheter-ambien-10-mg\/#primaryimage","url":"https:\/\/medicinasinc.com\/fr\/wp-content\/uploads\/sites\/5\/2022\/02\/Buy-Ambien-10mg.jpg","contentUrl":"https:\/\/medicinasinc.com\/fr\/wp-content\/uploads\/sites\/5\/2022\/02\/Buy-Ambien-10mg.jpg","width":225,"height":225},{"@type":"BreadcrumbList","@id":"https:\/\/medicinasinc.com\/fr\/product\/acheter-ambien-10-mg\/#breadcrumb","itemListElement":[{"@type":"ListItem","position":1,"name":"Boutique","item":"https:\/\/medicinasinc.com\/fr\/boutique\/"},{"@type":"ListItem","position":2,"name":"Acheter Ambien 10 mg"}]},{"@type":"WebSite","@id":"https:\/\/medicinasinc.com\/fr\/#website","url":"https:\/\/medicinasinc.com\/fr\/","name":"Medicinas Inc","description":"Health Medical Clinic","potentialAction":[{"@type":"SearchAction","target":{"@type":"EntryPoint","urlTemplate":"https:\/\/medicinasinc.com\/fr\/?s={search_term_string}"},"query-input":{"@type":"PropertyValueSpecification","valueRequired":true,"valueName":"search_term_string"}}],"inLanguage":"en-US"}]}},"_links":{"self":[{"href":"https:\/\/medicinasinc.com\/fr\/wp-json\/wp\/v2\/product\/5124","targetHints":{"allow":["GET"]}}],"collection":[{"href":"https:\/\/medicinasinc.com\/fr\/wp-json\/wp\/v2\/product"}],"about":[{"href":"https:\/\/medicinasinc.com\/fr\/wp-json\/wp\/v2\/types\/product"}],"replies":[{"embeddable":true,"href":"https:\/\/medicinasinc.com\/fr\/wp-json\/wp\/v2\/comments?post=5124"}],"wp:featuredmedia":[{"embeddable":true,"href":"https:\/\/medicinasinc.com\/fr\/wp-json\/wp\/v2\/media\/5142"}],"wp:attachment":[{"href":"https:\/\/medicinasinc.com\/fr\/wp-json\/wp\/v2\/media?parent=5124"}],"wp:term":[{"taxonomy":"product_brand","embeddable":true,"href":"https:\/\/medicinasinc.com\/fr\/wp-json\/wp\/v2\/product_brand?post=5124"},{"taxonomy":"product_cat","embeddable":true,"href":"https:\/\/medicinasinc.com\/fr\/wp-json\/wp\/v2\/product_cat?post=5124"},{"taxonomy":"product_tag","embeddable":true,"href":"https:\/\/medicinasinc.com\/fr\/wp-json\/wp\/v2\/product_tag?post=5124"}],"curies":[{"name":"wp","href":"https:\/\/api.w.org\/{rel}","templated":true}]}}