{"id":5123,"date":"2022-02-20T20:39:42","date_gmt":"2022-02-20T20:39:42","guid":{"rendered":"https:\/\/medicinasinc.com\/fr\/?post_type=product&#038;p=5123"},"modified":"2022-03-17T12:11:09","modified_gmt":"2022-03-17T12:11:09","slug":"acheter-alprox-2mg-xanax","status":"publish","type":"product","link":"https:\/\/medicinasinc.com\/fr\/product\/acheter-alprox-2mg-xanax\/","title":{"rendered":"Acheter Alprox 2mg (Xanax)"},"content":{"rendered":"<p>Vous cherchez XANAX 2mg \u00e0 vendre \u00e0 un prix raisonnable\u00a0? Profitez des tarifs bas de Best Global Meds et de la livraison rapide de XANAX 2mg \u00e0 votre porte\u00a0!<\/p>\n<p>Au Royaume-Uni, vous pouvez acheter de l&#8217;Alprazolam en ligne. La marque britannique\/europ\u00e9enne d&#8217;Alprazolam (Xanax) 2 mg&#8230; Les comprim\u00e9s anxiolytiques \u00e0 2 mg sont plus puissants au Royaume-Uni.<\/p>\n<p>O\u00f9 puis-je acheter Xanax en ligne\u00a0? O\u00f9 puis-je acheter Xanax 2MG en ligne ? O\u00f9 puis-je acheter Xanax 1MG en ligne\u00a0?<\/p>\n<p>Les effets s\u00e9datifs et s\u00e9datifs sont possibles avec Xanax.<\/p>\n<p>Xanax 2Mg Acheter en ligne au Royaume-Uni Il est convulsif de voir Commander Xanax pendant la nuit morphologiquement. Waxier Wilburn d\u00e9fie l&#8217;achat de Xanax en ligne Reddit en subtilisant l&#8217;offre de mani\u00e8re plus complexe.<\/p>\n<p>Xanax sans ordonnance peut \u00eatre achet\u00e9 en ligne \u00e0 moindre co\u00fbt. O\u00f9 puis-je acheter de la phentermine en gros au prix le plus bas ? Images des g\u00e9n\u00e9riques de xanax 2mg<\/p>\n<p>Ce m\u00e9dicament est utilis\u00e9 pour traiter les troubles paniques et les troubles anxieux tels que la peur et la tension intenses inattendues caus\u00e9es par le stress. Alprazolam est 0,5 MG, 1 MG, 2 MG Comprim\u00e9. Il est pr\u00e9f\u00e9rable de commencer avec une faible dose et d&#8217;augmenter progressivement. Pour \u00e9viter les sympt\u00f4mes de sevrage tels que convulsions, comportement agressif, vision floue, etc. si vous arr\u00eatez brutalement de prendre ce m\u00e9dicament.<\/p>\n<p>Alprazolam 0,5 MG Comprim\u00e9 peut \u00eatre pris avec ou sans nourriture, selon votre pr\u00e9f\u00e9rence. Ne pas d\u00e9passer la dose recommand\u00e9e. Si vous remarquez des effets secondaires, prenez imm\u00e9diatement rendez-vous avec votre m\u00e9decin. Pour \u00e9viter tout sympt\u00f4me de sevrage, n&#8217;arr\u00eatez pas de prendre le m\u00e9dicament sans d&#8217;abord consulter votre m\u00e9decin\u00a0!<\/p>\n<p>Ce qui est impliqu\u00e9 dans le processus<br \/> L&#8217;hyperpolarisation et la stabilit\u00e9 de la membrane neuronale sont toutes deux obtenues gr\u00e2ce \u00e0 l&#8217;interaction de ce m\u00e9dicament avec le chlorure canaux, ce qui emp\u00eache une excitation cellulaire suppl\u00e9mentaire.<\/p>\n","protected":false},"excerpt":{"rendered":"<p>Les pilules Alprox 2mg peuvent \u00eatre achet\u00e9es en ligne (Xanax). Qu&#8217;est-ce qu&#8217;Alprox 2mg ? Est-il possible de l&#8217;acheter en ligne ? Alprox 2mg est-il disponible en vente libre\u00a0?<\/p>\n<p>Achetez le comprim\u00e9 Alprazolam Xanax 2 mg au Royaume-Uni et en Europe dans notre pharmacie en ligne Best Global Medications avec une livraison mondiale rapide\u00a0! Vous d\u00e9couvrirez les meilleurs prix du comprim\u00e9 d&#8217;Alprazolam 2 MG juste ici\u00a0!<\/p>\n<p>Le comprim\u00e9 de Xanax 2 mg est utilis\u00e9 pour traiter les troubles paniques et l&#8217;anxi\u00e9t\u00e9, tels que la peur et la tension intenses et inattendues caus\u00e9es par le stress. Acheter Xanax 2 mg comprim\u00e9. Il est pr\u00e9f\u00e9rable de commencer avec une faible dose et d&#8217;augmenter progressivement jusqu&#8217;\u00e0 une dose plus importante. Des sympt\u00f4mes de sevrage, notamment des convulsions, un comportement agressif, une vision floue, etc., peuvent survenir si vous arr\u00eatez soudainement de prendre ce m\u00e9dicament.<\/p>\n","protected":false},"featured_media":5140,"comment_status":"open","ping_status":"closed","template":"","meta":[],"product_brand":[],"product_cat":[703],"product_tag":[1193,1168,1169,1167,1125,1126,1127,1128,1129,1151,1143,1133,1134,1163,1135,1145,1149,1131,1176,1140,1141,1142,1147,1148,1150,1144,1153,1157,1158,1159,1160,1162,1164,1165,1130,1132,1136,1171,1181,1188,1182,1172,1173,1174,1138,1137,1139,1177,1179,1180,1178,1146,1166,1183,1170,1192,1184,1185,1186,1175,1187,1194,1152,1154,1155,1156,1189,1191,1190,1161],"class_list":{"0":"post-5123","1":"product","2":"type-product","3":"status-publish","4":"has-post-thumbnail","6":"product_cat-acheter-des-medicaments-psychedeliques","7":"product_tag-quest-ce-que-l-alprazolam-utilise-pour-partager","8":"product_tag-acheter-alprazolam-en-ligne","9":"product_tag-achat-alprazolam","10":"product_tag-acheter-alprazolam","11":"product_tag-alprazolam-25","12":"product_tag-alprazolam-25-pour-chats","13":"product_tag-alprazolam-0-25-mg","14":"product_tag-alprazolam-0-5-mg-price","15":"product_tag-alprazolam-1mg-bleu","16":"product_tag-alprazolam-dans-quoi-est-il-utilis","17":"product_tag-alprazolam--vendre","18":"product_tag-alprazolam-blue-pill","19":"product_tag-alprazolam-bottle","20":"product_tag-alprazolam-vs-lorazpam","21":"product_tag-alprazolam-cost","22":"product_tag-alprazolam-du-mexique","23":"product_tag-alprazolam-en-ligne","24":"product_tag-alprazolam-et-alcool","25":"product_tag-farmapram-alprazolam","26":"product_tag-alprazolam-for-dogs","27":"product_tag-alprazolam-for-dogs-online","28":"product_tag-alprazolam-for-dogs-side-effects","29":"product_tag-alprazolam-interactions","30":"product_tag-alprazolam-muscle-relaxant-dose","31":"product_tag-alprazolam-para-dormir","32":"product_tag-alprazolam-pour-sommeil","33":"product_tag-alprazolam-powder-for-sale","34":"product_tag-alprazolam-refill-rules","35":"product_tag-alprazolam-reviews","36":"product_tag-alprazolam-synthesis","37":"product_tag-alprazolam-urine-detection-time","38":"product_tag-alprazolam-vs-clonazpam","39":"product_tag-alprazolam-xanax","40":"product_tag-alprazolam-xr","41":"product_tag-alprazolam-2mg-barres","42":"product_tag-alprazolam-bleu","43":"product_tag-alprazolam-chiens","44":"product_tag-clonazepam-vs-alprazolam","45":"product_tag-combien-de-temps-dure-lalprazolam-dans-lurine-reddit","46":"product_tag-commander-alprazolam-en-ligne","47":"product_tag-comment-acheter-alprazolam-en-ligne","48":"product_tag-diazpam-vs-alprazolam","49":"product_tag-diffrence-entre-alprazolam-et-lorazpam","50":"product_tag-diffrence-entre-lorazepam-et-alprazolam","51":"product_tag-alprazolam-dose-pour-sommeil-profond","52":"product_tag-alprazolam-dose-pour-chiens","53":"product_tag-effets-secondaires-de-lalprazolam","54":"product_tag-farmapram-alprazolam-2mg","55":"product_tag-flualprazolam-vs-alprazolam","56":"product_tag-greenstone-alprazolam","57":"product_tag-grippe-alprazolam","58":"product_tag-alprazolam-intensol","59":"product_tag-alprazolam-jaune","60":"product_tag-est-alprazolam-une-substance-contrle","61":"product_tag-can-alprazolam-get-you-high","62":"product_tag-le-meilleur-endroit-pour-acheter-de-l-alprazolam-en-ligne","63":"product_tag-liquid-alprazolam","64":"product_tag-lorazpam-vs-alprazolam","65":"product_tag-lorazpam-vs-alprazolam-reddit","66":"product_tag-medecins-qui-prescrivent-de-l-alprazolam-pres-de-moi","67":"product_tag-mexican-alprazolam-2mg","68":"product_tag-o-acheter-alprazolam-en-ligne","69":"product_tag-poudre-dalprazolam","70":"product_tag-prix-de-lalprazolam","71":"product_tag-prononceur-dalprazolam","72":"product_tag-alprazolam-psychonaute","73":"product_tag-purchase-alprazolam-online","74":"product_tag-renifler-alprazolam","75":"product_tag-sandoz-alprazolam","76":"product_tag-utilisation-dalprazolam","78":"first","79":"instock","80":"shipping-taxable","81":"purchasable","82":"product-type-variable"},"yoast_head":"<!-- This site is optimized with the Yoast SEO plugin v27.3 - https:\/\/yoast.com\/product\/yoast-seo-wordpress\/ -->\n<title>Acheter Alprox 2 mg (Xanax) - Commander Xanax - Meilleurs meilleurs m\u00e9dicaments mondiaux<\/title>\n<meta name=\"description\" content=\"Achetez des pilules Alprox 2 mg en ligne (Xanax). acheter Alprox en ligne, Alprox en ligne, acheter en ligne alprox, acheter xanax, Acheter Alprazolam Xanax 2 mg Tablet UK, Europe\" \/>\n<meta name=\"robots\" content=\"index, follow, max-snippet:-1, max-image-preview:large, max-video-preview:-1\" \/>\n<link rel=\"canonical\" href=\"https:\/\/medicinasinc.com\/fr\/product\/acheter-alprox-2mg-xanax\/\" \/>\n<meta property=\"og:locale\" content=\"en_US\" \/>\n<meta property=\"og:type\" content=\"article\" \/>\n<meta property=\"og:title\" content=\"Acheter Alprox 2 mg (Xanax) - Commander Xanax - Meilleurs meilleurs m\u00e9dicaments mondiaux\" \/>\n<meta property=\"og:description\" content=\"Achetez des pilules Alprox 2 mg en ligne (Xanax). acheter Alprox en ligne, Alprox en ligne, acheter en ligne alprox, acheter xanax, Acheter Alprazolam Xanax 2 mg Tablet UK, Europe\" \/>\n<meta property=\"og:url\" content=\"https:\/\/medicinasinc.com\/fr\/product\/acheter-alprox-2mg-xanax\/\" \/>\n<meta property=\"og:site_name\" content=\"Medicinas Inc\" \/>\n<meta property=\"article:modified_time\" content=\"2022-03-17T12:11:09+00:00\" \/>\n<meta property=\"og:image\" content=\"https:\/\/medicinasinc.com\/fr\/wp-content\/uploads\/sites\/5\/2022\/02\/Buy-Alprox-2mg.jpg\" \/>\n\t<meta property=\"og:image:width\" content=\"600\" \/>\n\t<meta property=\"og:image:height\" content=\"600\" \/>\n\t<meta property=\"og:image:type\" content=\"image\/jpeg\" \/>\n<meta name=\"twitter:card\" content=\"summary_large_image\" \/>\n<meta name=\"twitter:label1\" content=\"Est. reading time\" \/>\n\t<meta name=\"twitter:data1\" content=\"2 minutes\" \/>\n<script type=\"application\/ld+json\" class=\"yoast-schema-graph\">{\"@context\":\"https:\\\/\\\/schema.org\",\"@graph\":[{\"@type\":\"WebPage\",\"@id\":\"https:\\\/\\\/medicinasinc.com\\\/fr\\\/product\\\/acheter-alprox-2mg-xanax\\\/\",\"url\":\"https:\\\/\\\/medicinasinc.com\\\/fr\\\/product\\\/acheter-alprox-2mg-xanax\\\/\",\"name\":\"Acheter Alprox 2 mg (Xanax) - Commander Xanax - Meilleurs meilleurs m\u00e9dicaments mondiaux\",\"isPartOf\":{\"@id\":\"https:\\\/\\\/medicinasinc.com\\\/fr\\\/#website\"},\"primaryImageOfPage\":{\"@id\":\"https:\\\/\\\/medicinasinc.com\\\/fr\\\/product\\\/acheter-alprox-2mg-xanax\\\/#primaryimage\"},\"image\":{\"@id\":\"https:\\\/\\\/medicinasinc.com\\\/fr\\\/product\\\/acheter-alprox-2mg-xanax\\\/#primaryimage\"},\"thumbnailUrl\":\"https:\\\/\\\/medicinasinc.com\\\/fr\\\/wp-content\\\/uploads\\\/sites\\\/5\\\/2022\\\/02\\\/Buy-Alprox-2mg.jpg\",\"datePublished\":\"2022-02-20T20:39:42+00:00\",\"dateModified\":\"2022-03-17T12:11:09+00:00\",\"description\":\"Achetez des pilules Alprox 2 mg en ligne (Xanax). acheter Alprox en ligne, Alprox en ligne, acheter en ligne alprox, acheter xanax, Acheter Alprazolam Xanax 2 mg Tablet UK, Europe\",\"breadcrumb\":{\"@id\":\"https:\\\/\\\/medicinasinc.com\\\/fr\\\/product\\\/acheter-alprox-2mg-xanax\\\/#breadcrumb\"},\"inLanguage\":\"en-US\",\"potentialAction\":[{\"@type\":\"ReadAction\",\"target\":[\"https:\\\/\\\/medicinasinc.com\\\/fr\\\/product\\\/acheter-alprox-2mg-xanax\\\/\"]}]},{\"@type\":\"ImageObject\",\"inLanguage\":\"en-US\",\"@id\":\"https:\\\/\\\/medicinasinc.com\\\/fr\\\/product\\\/acheter-alprox-2mg-xanax\\\/#primaryimage\",\"url\":\"https:\\\/\\\/medicinasinc.com\\\/fr\\\/wp-content\\\/uploads\\\/sites\\\/5\\\/2022\\\/02\\\/Buy-Alprox-2mg.jpg\",\"contentUrl\":\"https:\\\/\\\/medicinasinc.com\\\/fr\\\/wp-content\\\/uploads\\\/sites\\\/5\\\/2022\\\/02\\\/Buy-Alprox-2mg.jpg\",\"width\":600,\"height\":600},{\"@type\":\"BreadcrumbList\",\"@id\":\"https:\\\/\\\/medicinasinc.com\\\/fr\\\/product\\\/acheter-alprox-2mg-xanax\\\/#breadcrumb\",\"itemListElement\":[{\"@type\":\"ListItem\",\"position\":1,\"name\":\"Boutique\",\"item\":\"https:\\\/\\\/medicinasinc.com\\\/fr\\\/boutique\\\/\"},{\"@type\":\"ListItem\",\"position\":2,\"name\":\"Acheter Alprox 2mg (Xanax)\"}]},{\"@type\":\"WebSite\",\"@id\":\"https:\\\/\\\/medicinasinc.com\\\/fr\\\/#website\",\"url\":\"https:\\\/\\\/medicinasinc.com\\\/fr\\\/\",\"name\":\"Medicinas Inc\",\"description\":\"Health Medical Clinic\",\"potentialAction\":[{\"@type\":\"SearchAction\",\"target\":{\"@type\":\"EntryPoint\",\"urlTemplate\":\"https:\\\/\\\/medicinasinc.com\\\/fr\\\/?s={search_term_string}\"},\"query-input\":{\"@type\":\"PropertyValueSpecification\",\"valueRequired\":true,\"valueName\":\"search_term_string\"}}],\"inLanguage\":\"en-US\"}]}<\/script>\n<!-- \/ Yoast SEO plugin. -->","yoast_head_json":{"title":"Acheter Alprox 2 mg (Xanax) - Commander Xanax - Meilleurs meilleurs m\u00e9dicaments mondiaux","description":"Achetez des pilules Alprox 2 mg en ligne (Xanax). acheter Alprox en ligne, Alprox en ligne, acheter en ligne alprox, acheter xanax, Acheter Alprazolam Xanax 2 mg Tablet UK, Europe","robots":{"index":"index","follow":"follow","max-snippet":"max-snippet:-1","max-image-preview":"max-image-preview:large","max-video-preview":"max-video-preview:-1"},"canonical":"https:\/\/medicinasinc.com\/fr\/product\/acheter-alprox-2mg-xanax\/","og_locale":"en_US","og_type":"article","og_title":"Acheter Alprox 2 mg (Xanax) - Commander Xanax - Meilleurs meilleurs m\u00e9dicaments mondiaux","og_description":"Achetez des pilules Alprox 2 mg en ligne (Xanax). acheter Alprox en ligne, Alprox en ligne, acheter en ligne alprox, acheter xanax, Acheter Alprazolam Xanax 2 mg Tablet UK, Europe","og_url":"https:\/\/medicinasinc.com\/fr\/product\/acheter-alprox-2mg-xanax\/","og_site_name":"Medicinas Inc","article_modified_time":"2022-03-17T12:11:09+00:00","og_image":[{"width":600,"height":600,"url":"https:\/\/medicinasinc.com\/fr\/wp-content\/uploads\/sites\/5\/2022\/02\/Buy-Alprox-2mg.jpg","type":"image\/jpeg"}],"twitter_card":"summary_large_image","twitter_misc":{"Est. reading time":"2 minutes"},"schema":{"@context":"https:\/\/schema.org","@graph":[{"@type":"WebPage","@id":"https:\/\/medicinasinc.com\/fr\/product\/acheter-alprox-2mg-xanax\/","url":"https:\/\/medicinasinc.com\/fr\/product\/acheter-alprox-2mg-xanax\/","name":"Acheter Alprox 2 mg (Xanax) - Commander Xanax - Meilleurs meilleurs m\u00e9dicaments mondiaux","isPartOf":{"@id":"https:\/\/medicinasinc.com\/fr\/#website"},"primaryImageOfPage":{"@id":"https:\/\/medicinasinc.com\/fr\/product\/acheter-alprox-2mg-xanax\/#primaryimage"},"image":{"@id":"https:\/\/medicinasinc.com\/fr\/product\/acheter-alprox-2mg-xanax\/#primaryimage"},"thumbnailUrl":"https:\/\/medicinasinc.com\/fr\/wp-content\/uploads\/sites\/5\/2022\/02\/Buy-Alprox-2mg.jpg","datePublished":"2022-02-20T20:39:42+00:00","dateModified":"2022-03-17T12:11:09+00:00","description":"Achetez des pilules Alprox 2 mg en ligne (Xanax). acheter Alprox en ligne, Alprox en ligne, acheter en ligne alprox, acheter xanax, Acheter Alprazolam Xanax 2 mg Tablet UK, Europe","breadcrumb":{"@id":"https:\/\/medicinasinc.com\/fr\/product\/acheter-alprox-2mg-xanax\/#breadcrumb"},"inLanguage":"en-US","potentialAction":[{"@type":"ReadAction","target":["https:\/\/medicinasinc.com\/fr\/product\/acheter-alprox-2mg-xanax\/"]}]},{"@type":"ImageObject","inLanguage":"en-US","@id":"https:\/\/medicinasinc.com\/fr\/product\/acheter-alprox-2mg-xanax\/#primaryimage","url":"https:\/\/medicinasinc.com\/fr\/wp-content\/uploads\/sites\/5\/2022\/02\/Buy-Alprox-2mg.jpg","contentUrl":"https:\/\/medicinasinc.com\/fr\/wp-content\/uploads\/sites\/5\/2022\/02\/Buy-Alprox-2mg.jpg","width":600,"height":600},{"@type":"BreadcrumbList","@id":"https:\/\/medicinasinc.com\/fr\/product\/acheter-alprox-2mg-xanax\/#breadcrumb","itemListElement":[{"@type":"ListItem","position":1,"name":"Boutique","item":"https:\/\/medicinasinc.com\/fr\/boutique\/"},{"@type":"ListItem","position":2,"name":"Acheter Alprox 2mg (Xanax)"}]},{"@type":"WebSite","@id":"https:\/\/medicinasinc.com\/fr\/#website","url":"https:\/\/medicinasinc.com\/fr\/","name":"Medicinas Inc","description":"Health Medical Clinic","potentialAction":[{"@type":"SearchAction","target":{"@type":"EntryPoint","urlTemplate":"https:\/\/medicinasinc.com\/fr\/?s={search_term_string}"},"query-input":{"@type":"PropertyValueSpecification","valueRequired":true,"valueName":"search_term_string"}}],"inLanguage":"en-US"}]}},"_links":{"self":[{"href":"https:\/\/medicinasinc.com\/fr\/wp-json\/wp\/v2\/product\/5123","targetHints":{"allow":["GET"]}}],"collection":[{"href":"https:\/\/medicinasinc.com\/fr\/wp-json\/wp\/v2\/product"}],"about":[{"href":"https:\/\/medicinasinc.com\/fr\/wp-json\/wp\/v2\/types\/product"}],"replies":[{"embeddable":true,"href":"https:\/\/medicinasinc.com\/fr\/wp-json\/wp\/v2\/comments?post=5123"}],"wp:featuredmedia":[{"embeddable":true,"href":"https:\/\/medicinasinc.com\/fr\/wp-json\/wp\/v2\/media\/5140"}],"wp:attachment":[{"href":"https:\/\/medicinasinc.com\/fr\/wp-json\/wp\/v2\/media?parent=5123"}],"wp:term":[{"taxonomy":"product_brand","embeddable":true,"href":"https:\/\/medicinasinc.com\/fr\/wp-json\/wp\/v2\/product_brand?post=5123"},{"taxonomy":"product_cat","embeddable":true,"href":"https:\/\/medicinasinc.com\/fr\/wp-json\/wp\/v2\/product_cat?post=5123"},{"taxonomy":"product_tag","embeddable":true,"href":"https:\/\/medicinasinc.com\/fr\/wp-json\/wp\/v2\/product_tag?post=5123"}],"curies":[{"name":"wp","href":"https:\/\/api.w.org\/{rel}","templated":true}]}}