{"id":5122,"date":"2022-02-20T20:38:15","date_gmt":"2022-02-20T20:38:15","guid":{"rendered":"https:\/\/medicinasinc.com\/fr\/?post_type=product&#038;p=5122"},"modified":"2022-03-17T12:11:20","modified_gmt":"2022-03-17T12:11:20","slug":"acheter-adderall-30-mg","status":"publish","type":"product","link":"https:\/\/medicinasinc.com\/fr\/product\/acheter-adderall-30-mg\/","title":{"rendered":"Acheter Adderall 30 mg"},"content":{"rendered":"<p>Achetez des pilules orales Adderall 30mg en ligne en utilisant Bitcoin. De plus, il est utilis\u00e9 pour traiter le trouble d\u00e9ficitaire de l&#8217;attention avec hyperactivit\u00e9 (TDAH) et la narcolepsie.<\/p>\n<p>Achetez Adderall 30 mg en ligne avec une livraison mondiale rapide depuis notre pharmacie en ligne Global Med\u00a0! Vous trouverez le meilleur Adderall 30 mg \u00e0 acheter ici !<\/p>\n<p>Adderall 30 MG est un m\u00e9dicament sur ordonnance qui est cr\u00e9\u00e9 en m\u00e9langeant et de la dextroamph\u00e9tamine. Ces deux composants agissent comme les principaux stimulants du syst\u00e8me nerveux. De plus, ces stimulants ont un effet sur les substances chimiques du cerveau et les neurones qui r\u00e9gulent les impulsions et l&#8217;hyperactivit\u00e9. Le m\u00e9dicament est principalement utilis\u00e9 pour traiter la narcolepsie et le trouble d\u00e9ficitaire de l&#8217;attention avec hyperactivit\u00e9 (TDAH). La consommation est autoris\u00e9e dans un nombre limit\u00e9 de pays, \u00e0 savoir le Canada et les \u00c9tats-Unis.<\/p>\n<p>Le probl\u00e8me le plus s\u00e9rieux avec Acheter Adderall 30Mg en ligne est ce mot qui commence par W<\/p>\n<p>Chaque fille ou gar\u00e7on est n\u00e9 avec une assez bonne m\u00e9moire.<\/p>\n<p>Acheter Adderall 30mg. Il n&#8217;y a aucune exigence d&#8217;ordonnance. L&#8217;exp\u00e9dition est enti\u00e8rement s\u00e9curis\u00e9e et discr\u00e8te. La livraison est disponible du jour au lendemain. Argent garanti rembours\u00e9.<\/p>\n<p>Vous pouvez acheter des pilules Adderall sans ordonnance en ligne, adderall sur pc ouvert, et puis-je acheter Adderall en ligne.<\/p>\n<p>Pr\u00e9cautions de dosage\u00a0:<\/p>\n<p> Bien qu&#8217;une personne puisse avoir besoin d&#8217;Adderall XR, elle doit consulter un m\u00e9decin avant la premi\u00e8re dose si elle a une thyro\u00efde hyperactive, une hypertension art\u00e9rielle mod\u00e9r\u00e9e \u00e0 s\u00e9v\u00e8re, un glaucome, une maladie cardiaque ou si elle \u00e9tait autrefois toxicomane ou alcoolique. De plus, les individus sont pri\u00e9s de ne pas abuser de la posologie du m\u00e9dicament, car cela pourrait entra\u00eener des effets n\u00e9gatifs majeurs sur le c\u0153ur ou, dans le pire des cas, la mort.<\/p>\n<p>R\u00e9sultat positif\u00a0:<\/p>\n<p>Comme pour toute substance, sa consommation a une gamme d&#8217;effets, \u00e0 la fois positifs et n\u00e9gatifs. De plus, Adderall 30 MG a. Il a \u00e9t\u00e9 remarqu\u00e9 que son utilisation pendant une p\u00e9riode plus courte, comme conseill\u00e9 par un m\u00e9decin, a un effet b\u00e9n\u00e9fique sur la sant\u00e9 d&#8217;une personne en pr\u00e9venant les sympt\u00f4mes du TDAH. Cela se produit pour les raisons suivantes\u00a0:<\/p>\n<p>Il augmente les niveaux de neurotransmetteurs tels que la dopamine et la noradr\u00e9naline dans notre cerveau. De plus, ces compos\u00e9s sp\u00e9cifiques dans le cerveau servent \u00e0 am\u00e9liorer les niveaux d&#8217;\u00e9nergie, la vigilance et la concentration.<br \/> Le m\u00e9dicament peut acc\u00e9l\u00e9rer le rythme cardiaque et maintenir l&#8217;apport sanguin aux muscles.<br \/> Une utilisation r\u00e9guli\u00e8re telle que prescrite par les m\u00e9decins peut entra\u00eener une augmentation de l&#8217;\u00e9nergie et de la vigueur, ce qui est consid\u00e9r\u00e9 comme comparable \u00e0 la consommation de coca\u00efne.<br \/> R\u00e9sultat n\u00e9gatif\u00a0:<\/p>\n<p>En raison du fait qu&#8217;Adderall 30\u00a0MG est un m\u00e9dicament tr\u00e8s sensible, le consommer sans l&#8217;avis d&#8217;un m\u00e9decin la prescription peut avoir un effet n\u00e9faste sur votre sant\u00e9.<\/p>\n<p>Irritabilit\u00e9<br \/> Perte de poids malsaine en raison de la suppression de l&#8217;app\u00e9tit<br \/> Insomnie et troubles du sommeil<br \/> Complications cardiaques graves<\/p>\n<p>&nbsp;<\/p>\n<p>&nbsp;<\/p>\n<p>&nbsp;<\/p>\n<p>En cas d&#8217;abus\u00a0:<\/p>\n<p>Les m\u00e9decins ont toujours conseill\u00e9 les patients \u00e0 utiliser les m\u00e9dicaments avec prudence, et si l&#8217;Adderall 30 MG \u00e9tait abus\u00e9, cela entra\u00eenait une augmentation des niveaux d&#8217;\u00e9nergie et une forte revigoration. De plus, la surconsommation de cette derni\u00e8re substance peut entra\u00eener des sympt\u00f4mes d\u00e9sagr\u00e9ables tels que\u00a0:<\/p>\n<p>Attention r\u00e9duite sur des t\u00e2ches sp\u00e9cifiques<br \/> D\u00e9pression et lenteur<br \/> Gardez ces points de fatigue \u00e0 l&#8217;esprit\u00a0:<\/p>\n<p>De plus, il y a quelques \u00e9l\u00e9ments \u00e0 consid\u00e9rer avant d&#8217;utiliser Adderall 30 MG.<\/p>\n<p>Les chercheurs ont conseill\u00e9 aux personnes de ne pas l&#8217;ing\u00e9rer si elles avaient pris des inhibiteurs de la MAO tels que le lin\u00e9zolide, l&#8217;injection de bleu de m\u00e9thyl\u00e8ne, l&#8217;isocarboxazide ou la rasagiline au cours des 14 jours pr\u00e9c\u00e9dents, car cela pourrait entra\u00eener une interaction pharmacologique grave, ce qui est certainement malsain.<\/p>\n<p>De plus, une personne allergique aux m\u00e9dicaments stimulants devrait l&#8217;\u00e9viter, ou si elle fait d\u00e9j\u00e0 face \u00e0 la suivants\u00a0:<\/p>\n<p>Toute maladie coronarienne ou cardiaque grave<br \/> Hypertension (normale \u00e0 \u00e9lev\u00e9e)<br \/> Anxi\u00e9t\u00e9 et stress \u00e0 un niveau record<br \/> D\u00e9pendance \u00e0 la drogue ou \u00e0 l&#8217;alcool<br \/> Que se passe-t-il si quelqu&#8217;un est d\u00e9pendant d&#8217;Adderall\u00a0XR\u00a0?<\/p>\n<p>La d\u00e9pendance \u00e0 une telle substance peut se manifester de deux mani\u00e8res\u00a0: psychologiquement et physiquement.<\/p>\n<p>Si une personne en prend quotidiennement et qu&#8217;elle s&#8217;enracine dans sa vie, elle d\u00e9veloppera une d\u00e9pendance psychologique ou d\u00e9pendance \u00e0 celui-ci. De plus, en restreindre l&#8217;acc\u00e8s pour quelque raison que ce soit pourrait \u00eatre p\u00e9nible, et les personnes souffrant de d\u00e9pendance mentale souffriraient de stress ou de maux de t\u00eate r\u00e9guliers.<\/p>\n<p>De plus, pour les personnes mentalement d\u00e9pendantes, la consommation atteint fr\u00e9quemment des niveaux dangereux et elles sont oblig\u00e9es de continuer \u00e0 en boire m\u00eame au p\u00e9ril de leur vie. Cependant, un rem\u00e8de est disponible dans ce cas. Ce mod\u00e8le de comportement peut \u00eatre modifi\u00e9 par un traitement psychiatrique. Selon les sp\u00e9cialistes, une th\u00e9rapie appel\u00e9e th\u00e9rapie cognitivo-comportementale peut \u00eatre b\u00e9n\u00e9fique.<\/p>\n<p>Deuxi\u00e8mement, lorsqu&#8217;une personne est habitu\u00e9e \u00e0 avoir un niveau plus \u00e9lev\u00e9 de dopamine disponible dans son cerveau, la r\u00e9duction d&#8217;Adderall XR peut entra\u00eener une diminution de la dopamine niveaux, entra\u00eenant ce qui suit\u00a0:<\/p>\n<p>&nbsp;<\/p>\n<p>D\u00e9pression ou \u00e9puisement<br \/> Dormir anormalement ou rester \u00e9veill\u00e9 pendant des p\u00e9riodes anormalement longues<\/p>\n<p>Il est n\u00e9cessaire de souligner ici que la d\u00e9pendance physique peut susciter une envie de consommer plus de la substance afin de maintenir la satisfaction, ce qui peut entra\u00eener une vari\u00e9t\u00e9 d&#8217;effets ind\u00e9sirables et de surdosage.<\/p>\n<p>Cependant, les ing\u00e9rer uniquement sur les conseils d&#8217;un expert ou avec la plus grande prudence peut prot\u00e9ger les gens des cons\u00e9quences n\u00e9gatives.<\/p>\n","protected":false},"excerpt":{"rendered":"<p>Achetez Adderall 30 mg au Royaume-Uni et en Europe dans notre pharmacie en ligne Best Global Meds avec une livraison internationale rapide\u00a0! Vous trouverez le meilleur Adderall 30 mg \u00e0 acheter ici !<\/p>\n<p>Achetez Adderall 30mg en ligne. Achetez Adderall 30 mg en ligne aupr\u00e8s de l&#8217;un des plus grands marchands en ligne au meilleur prix. Adderall est \u00e9galement connu sous le nom d&#8217;amph\u00e9tamine et de dextroamph\u00e9tamine et est utilis\u00e9 pour traiter le trouble d\u00e9ficitaire de l&#8217;attention avec hyperactivit\u00e9 (TDAH) (trouble d\u00e9ficitaire de l&#8217;attention avec hyperactivit\u00e9).<\/p>\n<p>Adderall 30\u00a0MG est un m\u00e9dicament sur ordonnance cr\u00e9\u00e9 en m\u00e9langeant et de la dextroamph\u00e9tamine. Ces deux composants agissent comme les principaux stimulants du syst\u00e8me nerveux. De plus, ces stimulants ont un effet sur les substances chimiques du cerveau et les neurones qui r\u00e9gulent les impulsions et l&#8217;hyperactivit\u00e9.<\/p>\n","protected":false},"featured_media":5138,"comment_status":"open","ping_status":"closed","template":"","meta":[],"product_brand":[],"product_cat":[1117],"product_tag":[1119,1118,1121,1120,1123,1124,1122],"class_list":{"0":"post-5122","1":"product","2":"type-product","3":"status-publish","4":"has-post-thumbnail","6":"product_cat-acheter-douleur-sommeil-sexe-pilules","7":"product_tag-acheter-adderall-30-mg-en-ligne","8":"product_tag-adderall-30-mg-en-vente","9":"product_tag-commander-adderall-30-mg-en-ligne","10":"product_tag-comment-acheter-adderall-30-mg-en-ligne","11":"product_tag-le-meilleur-endroit-pour-acheter-adderall-30-mg-en-ligne","12":"product_tag-o-acheter-adderall-30-mg-en-ligne","13":"product_tag-purchase-adderall-30-mg-online","15":"first","16":"instock","17":"shipping-taxable","18":"purchasable","19":"product-type-variable","20":"has-default-attributes"},"yoast_head":"<!-- This site is optimized with the Yoast SEO plugin v27.3 - https:\/\/yoast.com\/product\/yoast-seo-wordpress\/ -->\n<title>Acheter Adderall 30 mg - Adderall 30 mg - Meilleurs m\u00e9dicaments mondiaux<\/title>\n<meta name=\"description\" content=\"Acheter des pilules Adderall 30mg en ligne. Acheter Adderall en ligne 30 mg de l&#039;un des meilleurs d\u00e9taillants en ligne au meilleur prix. Adderall est \u00e9galement connu sous le nom d&#039;amph\u00e9tamine et de dextroamph\u00e9tamine utilis\u00e9 pour le traitement du TDAH (trouble d\u00e9ficitaire de l&#039;attention avec hyperactivit\u00e9).\" \/>\n<meta name=\"robots\" content=\"index, follow, max-snippet:-1, max-image-preview:large, max-video-preview:-1\" \/>\n<link rel=\"canonical\" href=\"https:\/\/medicinasinc.com\/fr\/product\/acheter-adderall-30-mg\/\" \/>\n<meta property=\"og:locale\" content=\"en_US\" \/>\n<meta property=\"og:type\" content=\"article\" \/>\n<meta property=\"og:title\" content=\"Acheter Adderall 30 mg - Adderall 30 mg - Meilleurs m\u00e9dicaments mondiaux\" \/>\n<meta property=\"og:description\" content=\"Acheter des pilules Adderall 30mg en ligne. Acheter Adderall en ligne 30 mg de l&#039;un des meilleurs d\u00e9taillants en ligne au meilleur prix. Adderall est \u00e9galement connu sous le nom d&#039;amph\u00e9tamine et de dextroamph\u00e9tamine utilis\u00e9 pour le traitement du TDAH (trouble d\u00e9ficitaire de l&#039;attention avec hyperactivit\u00e9).\" \/>\n<meta property=\"og:url\" content=\"https:\/\/medicinasinc.com\/fr\/product\/acheter-adderall-30-mg\/\" \/>\n<meta property=\"og:site_name\" content=\"Medicinas Inc\" \/>\n<meta property=\"article:modified_time\" content=\"2022-03-17T12:11:20+00:00\" \/>\n<meta property=\"og:image\" content=\"https:\/\/medicinasinc.com\/fr\/wp-content\/uploads\/sites\/5\/2022\/02\/Buy-Adderall-30-MG.jpg\" \/>\n\t<meta property=\"og:image:width\" content=\"392\" \/>\n\t<meta property=\"og:image:height\" content=\"300\" \/>\n\t<meta property=\"og:image:type\" content=\"image\/jpeg\" \/>\n<meta name=\"twitter:card\" content=\"summary_large_image\" \/>\n<meta name=\"twitter:label1\" content=\"Est. reading time\" \/>\n\t<meta name=\"twitter:data1\" content=\"4 minutes\" \/>\n<script type=\"application\/ld+json\" class=\"yoast-schema-graph\">{\"@context\":\"https:\\\/\\\/schema.org\",\"@graph\":[{\"@type\":\"WebPage\",\"@id\":\"https:\\\/\\\/medicinasinc.com\\\/fr\\\/product\\\/acheter-adderall-30-mg\\\/\",\"url\":\"https:\\\/\\\/medicinasinc.com\\\/fr\\\/product\\\/acheter-adderall-30-mg\\\/\",\"name\":\"Acheter Adderall 30 mg - Adderall 30 mg - Meilleurs m\u00e9dicaments mondiaux\",\"isPartOf\":{\"@id\":\"https:\\\/\\\/medicinasinc.com\\\/fr\\\/#website\"},\"primaryImageOfPage\":{\"@id\":\"https:\\\/\\\/medicinasinc.com\\\/fr\\\/product\\\/acheter-adderall-30-mg\\\/#primaryimage\"},\"image\":{\"@id\":\"https:\\\/\\\/medicinasinc.com\\\/fr\\\/product\\\/acheter-adderall-30-mg\\\/#primaryimage\"},\"thumbnailUrl\":\"https:\\\/\\\/medicinasinc.com\\\/fr\\\/wp-content\\\/uploads\\\/sites\\\/5\\\/2022\\\/02\\\/Buy-Adderall-30-MG.jpg\",\"datePublished\":\"2022-02-20T20:38:15+00:00\",\"dateModified\":\"2022-03-17T12:11:20+00:00\",\"description\":\"Acheter des pilules Adderall 30mg en ligne. Acheter Adderall en ligne 30 mg de l'un des meilleurs d\u00e9taillants en ligne au meilleur prix. Adderall est \u00e9galement connu sous le nom d'amph\u00e9tamine et de dextroamph\u00e9tamine utilis\u00e9 pour le traitement du TDAH (trouble d\u00e9ficitaire de l'attention avec hyperactivit\u00e9).\",\"breadcrumb\":{\"@id\":\"https:\\\/\\\/medicinasinc.com\\\/fr\\\/product\\\/acheter-adderall-30-mg\\\/#breadcrumb\"},\"inLanguage\":\"en-US\",\"potentialAction\":[{\"@type\":\"ReadAction\",\"target\":[\"https:\\\/\\\/medicinasinc.com\\\/fr\\\/product\\\/acheter-adderall-30-mg\\\/\"]}]},{\"@type\":\"ImageObject\",\"inLanguage\":\"en-US\",\"@id\":\"https:\\\/\\\/medicinasinc.com\\\/fr\\\/product\\\/acheter-adderall-30-mg\\\/#primaryimage\",\"url\":\"https:\\\/\\\/medicinasinc.com\\\/fr\\\/wp-content\\\/uploads\\\/sites\\\/5\\\/2022\\\/02\\\/Buy-Adderall-30-MG.jpg\",\"contentUrl\":\"https:\\\/\\\/medicinasinc.com\\\/fr\\\/wp-content\\\/uploads\\\/sites\\\/5\\\/2022\\\/02\\\/Buy-Adderall-30-MG.jpg\",\"width\":392,\"height\":300},{\"@type\":\"BreadcrumbList\",\"@id\":\"https:\\\/\\\/medicinasinc.com\\\/fr\\\/product\\\/acheter-adderall-30-mg\\\/#breadcrumb\",\"itemListElement\":[{\"@type\":\"ListItem\",\"position\":1,\"name\":\"Boutique\",\"item\":\"https:\\\/\\\/medicinasinc.com\\\/fr\\\/boutique\\\/\"},{\"@type\":\"ListItem\",\"position\":2,\"name\":\"Acheter Adderall 30 mg\"}]},{\"@type\":\"WebSite\",\"@id\":\"https:\\\/\\\/medicinasinc.com\\\/fr\\\/#website\",\"url\":\"https:\\\/\\\/medicinasinc.com\\\/fr\\\/\",\"name\":\"Medicinas Inc\",\"description\":\"Health Medical Clinic\",\"potentialAction\":[{\"@type\":\"SearchAction\",\"target\":{\"@type\":\"EntryPoint\",\"urlTemplate\":\"https:\\\/\\\/medicinasinc.com\\\/fr\\\/?s={search_term_string}\"},\"query-input\":{\"@type\":\"PropertyValueSpecification\",\"valueRequired\":true,\"valueName\":\"search_term_string\"}}],\"inLanguage\":\"en-US\"}]}<\/script>\n<!-- \/ Yoast SEO plugin. -->","yoast_head_json":{"title":"Acheter Adderall 30 mg - Adderall 30 mg - Meilleurs m\u00e9dicaments mondiaux","description":"Acheter des pilules Adderall 30mg en ligne. Acheter Adderall en ligne 30 mg de l'un des meilleurs d\u00e9taillants en ligne au meilleur prix. Adderall est \u00e9galement connu sous le nom d'amph\u00e9tamine et de dextroamph\u00e9tamine utilis\u00e9 pour le traitement du TDAH (trouble d\u00e9ficitaire de l'attention avec hyperactivit\u00e9).","robots":{"index":"index","follow":"follow","max-snippet":"max-snippet:-1","max-image-preview":"max-image-preview:large","max-video-preview":"max-video-preview:-1"},"canonical":"https:\/\/medicinasinc.com\/fr\/product\/acheter-adderall-30-mg\/","og_locale":"en_US","og_type":"article","og_title":"Acheter Adderall 30 mg - Adderall 30 mg - Meilleurs m\u00e9dicaments mondiaux","og_description":"Acheter des pilules Adderall 30mg en ligne. Acheter Adderall en ligne 30 mg de l'un des meilleurs d\u00e9taillants en ligne au meilleur prix. Adderall est \u00e9galement connu sous le nom d'amph\u00e9tamine et de dextroamph\u00e9tamine utilis\u00e9 pour le traitement du TDAH (trouble d\u00e9ficitaire de l'attention avec hyperactivit\u00e9).","og_url":"https:\/\/medicinasinc.com\/fr\/product\/acheter-adderall-30-mg\/","og_site_name":"Medicinas Inc","article_modified_time":"2022-03-17T12:11:20+00:00","og_image":[{"width":392,"height":300,"url":"https:\/\/medicinasinc.com\/fr\/wp-content\/uploads\/sites\/5\/2022\/02\/Buy-Adderall-30-MG.jpg","type":"image\/jpeg"}],"twitter_card":"summary_large_image","twitter_misc":{"Est. reading time":"4 minutes"},"schema":{"@context":"https:\/\/schema.org","@graph":[{"@type":"WebPage","@id":"https:\/\/medicinasinc.com\/fr\/product\/acheter-adderall-30-mg\/","url":"https:\/\/medicinasinc.com\/fr\/product\/acheter-adderall-30-mg\/","name":"Acheter Adderall 30 mg - Adderall 30 mg - Meilleurs m\u00e9dicaments mondiaux","isPartOf":{"@id":"https:\/\/medicinasinc.com\/fr\/#website"},"primaryImageOfPage":{"@id":"https:\/\/medicinasinc.com\/fr\/product\/acheter-adderall-30-mg\/#primaryimage"},"image":{"@id":"https:\/\/medicinasinc.com\/fr\/product\/acheter-adderall-30-mg\/#primaryimage"},"thumbnailUrl":"https:\/\/medicinasinc.com\/fr\/wp-content\/uploads\/sites\/5\/2022\/02\/Buy-Adderall-30-MG.jpg","datePublished":"2022-02-20T20:38:15+00:00","dateModified":"2022-03-17T12:11:20+00:00","description":"Acheter des pilules Adderall 30mg en ligne. Acheter Adderall en ligne 30 mg de l'un des meilleurs d\u00e9taillants en ligne au meilleur prix. Adderall est \u00e9galement connu sous le nom d'amph\u00e9tamine et de dextroamph\u00e9tamine utilis\u00e9 pour le traitement du TDAH (trouble d\u00e9ficitaire de l'attention avec hyperactivit\u00e9).","breadcrumb":{"@id":"https:\/\/medicinasinc.com\/fr\/product\/acheter-adderall-30-mg\/#breadcrumb"},"inLanguage":"en-US","potentialAction":[{"@type":"ReadAction","target":["https:\/\/medicinasinc.com\/fr\/product\/acheter-adderall-30-mg\/"]}]},{"@type":"ImageObject","inLanguage":"en-US","@id":"https:\/\/medicinasinc.com\/fr\/product\/acheter-adderall-30-mg\/#primaryimage","url":"https:\/\/medicinasinc.com\/fr\/wp-content\/uploads\/sites\/5\/2022\/02\/Buy-Adderall-30-MG.jpg","contentUrl":"https:\/\/medicinasinc.com\/fr\/wp-content\/uploads\/sites\/5\/2022\/02\/Buy-Adderall-30-MG.jpg","width":392,"height":300},{"@type":"BreadcrumbList","@id":"https:\/\/medicinasinc.com\/fr\/product\/acheter-adderall-30-mg\/#breadcrumb","itemListElement":[{"@type":"ListItem","position":1,"name":"Boutique","item":"https:\/\/medicinasinc.com\/fr\/boutique\/"},{"@type":"ListItem","position":2,"name":"Acheter Adderall 30 mg"}]},{"@type":"WebSite","@id":"https:\/\/medicinasinc.com\/fr\/#website","url":"https:\/\/medicinasinc.com\/fr\/","name":"Medicinas Inc","description":"Health Medical Clinic","potentialAction":[{"@type":"SearchAction","target":{"@type":"EntryPoint","urlTemplate":"https:\/\/medicinasinc.com\/fr\/?s={search_term_string}"},"query-input":{"@type":"PropertyValueSpecification","valueRequired":true,"valueName":"search_term_string"}}],"inLanguage":"en-US"}]}},"_links":{"self":[{"href":"https:\/\/medicinasinc.com\/fr\/wp-json\/wp\/v2\/product\/5122","targetHints":{"allow":["GET"]}}],"collection":[{"href":"https:\/\/medicinasinc.com\/fr\/wp-json\/wp\/v2\/product"}],"about":[{"href":"https:\/\/medicinasinc.com\/fr\/wp-json\/wp\/v2\/types\/product"}],"replies":[{"embeddable":true,"href":"https:\/\/medicinasinc.com\/fr\/wp-json\/wp\/v2\/comments?post=5122"}],"wp:featuredmedia":[{"embeddable":true,"href":"https:\/\/medicinasinc.com\/fr\/wp-json\/wp\/v2\/media\/5138"}],"wp:attachment":[{"href":"https:\/\/medicinasinc.com\/fr\/wp-json\/wp\/v2\/media?parent=5122"}],"wp:term":[{"taxonomy":"product_brand","embeddable":true,"href":"https:\/\/medicinasinc.com\/fr\/wp-json\/wp\/v2\/product_brand?post=5122"},{"taxonomy":"product_cat","embeddable":true,"href":"https:\/\/medicinasinc.com\/fr\/wp-json\/wp\/v2\/product_cat?post=5122"},{"taxonomy":"product_tag","embeddable":true,"href":"https:\/\/medicinasinc.com\/fr\/wp-json\/wp\/v2\/product_tag?post=5122"}],"curies":[{"name":"wp","href":"https:\/\/api.w.org\/{rel}","templated":true}]}}