{"id":5095,"date":"2022-02-20T20:14:14","date_gmt":"2022-02-20T20:14:14","guid":{"rendered":"https:\/\/medicinasinc.com\/fr\/?post_type=product&#038;p=5095"},"modified":"2022-03-17T12:11:42","modified_gmt":"2022-03-17T12:11:42","slug":"thon-kush","status":"publish","type":"product","link":"https:\/\/medicinasinc.com\/fr\/product\/thon-kush\/","title":{"rendered":"Thon Kush"},"content":{"rendered":"<p><strong>Taille des t\u00eates\u00a0: moyenne<\/strong><br \/> <strong>Texture\u00a0: L\u00e9g\u00e8rement collante \/ L\u00e9g\u00e8rement gluante<br \/> Saveurs\u00a0: Terreuse \/ Bois\u00e9e \/ Piquante<\/strong><\/p>\n<div class=\"product-next-previous\">\n<div class=\"product-prev\">Tuna Kush est un ph\u00e9nom\u00e8ne de la Colombie-Britannique qui fait son retour sur les march\u00e9s nord-am\u00e9ricains du cannabis m\u00e9dical. Cette race a \u00e9t\u00e9 surnomm\u00e9e l&#8217;une des plus puissantes du march\u00e9, g\u00e9n\u00e9rant des p\u00e9pites compactes et \u00e9paisses qui sont dens\u00e9ment recouvertes de r\u00e9sine. Bien que Tuna Kush ne soit pas connue pour avoir des rendements \u00e9lev\u00e9s, ce qui \u00e9mergera de ces tiges plus fines sera puissant et savoureux. Cela \u00e9tant dit, si cette vari\u00e9t\u00e9 fait son chemin dans votre culture, vous voudrez peut-\u00eatre am\u00e9liorer vos filtres \u00e0 charbon, car cette t\u00eate pue ! Attendez-vous \u00e0 une combinaison de mouffette piquante, de carburant et d&#8217;une douceur d\u00e9licate.<\/div><\/div>\n","protected":false},"excerpt":{"rendered":"<p>Acheter Tuna Kush est l&#8217;une des vari\u00e9t\u00e9s de cannabis indica les plus puissantes disponibles \u00e0 la vente. Une bouff\u00e9e induira un profond sentiment d&#8217;euphorie et de relaxation.<\/p>\n<p>Bluefin Tuna Kush est une vari\u00e9t\u00e9 hybride \u00e0 dominante Indica qui combine le meilleur de la Blueberry et de la c\u00e9l\u00e8bre Tuna Kush de la Colombie-Britannique.<\/p>\n","protected":false},"featured_media":5113,"comment_status":"open","ping_status":"closed","template":"","meta":[],"product_brand":[],"product_cat":[778],"product_tag":[],"class_list":{"0":"post-5095","1":"product","2":"type-product","3":"status-publish","4":"has-post-thumbnail","6":"product_cat-mauvaises-herbes-a-vendre","8":"first","9":"instock","10":"shipping-taxable","11":"purchasable","12":"product-type-variable","13":"has-default-attributes"},"yoast_head":"<!-- This site is optimized with the Yoast SEO plugin v27.3 - https:\/\/yoast.com\/product\/yoast-seo-wordpress\/ -->\n<title>Acheter Tuna Kush - Tuna Kush - Meilleurs m\u00e9dicaments mondiaux<\/title>\n<meta name=\"description\" content=\"Acheter de l&#039;herbe Tuna Kush \u00e0 vendre est l&#039;une des vari\u00e9t\u00e9s de cannabis indica les plus puissantes disponibles. Une bouff\u00e9e vous plongera dans un profond \u00e9tat d&#039;euphorie et de relaxation.\" \/>\n<meta name=\"robots\" content=\"index, follow, max-snippet:-1, max-image-preview:large, max-video-preview:-1\" \/>\n<link rel=\"canonical\" href=\"https:\/\/medicinasinc.com\/fr\/product\/thon-kush\/\" \/>\n<meta property=\"og:locale\" content=\"en_US\" \/>\n<meta property=\"og:type\" content=\"article\" \/>\n<meta property=\"og:title\" content=\"Acheter Tuna Kush - Tuna Kush - Meilleurs m\u00e9dicaments mondiaux\" \/>\n<meta property=\"og:description\" content=\"Acheter de l&#039;herbe Tuna Kush \u00e0 vendre est l&#039;une des vari\u00e9t\u00e9s de cannabis indica les plus puissantes disponibles. Une bouff\u00e9e vous plongera dans un profond \u00e9tat d&#039;euphorie et de relaxation.\" \/>\n<meta property=\"og:url\" content=\"https:\/\/medicinasinc.com\/fr\/product\/thon-kush\/\" \/>\n<meta property=\"og:site_name\" content=\"Medicinas Inc\" \/>\n<meta property=\"article:modified_time\" content=\"2022-03-17T12:11:42+00:00\" \/>\n<meta property=\"og:image\" content=\"https:\/\/medicinasinc.com\/fr\/wp-content\/uploads\/sites\/5\/2022\/02\/Buy-Tuna-Kush.jpg\" \/>\n\t<meta property=\"og:image:width\" content=\"1024\" \/>\n\t<meta property=\"og:image:height\" content=\"768\" \/>\n\t<meta property=\"og:image:type\" content=\"image\/jpeg\" \/>\n<meta name=\"twitter:card\" content=\"summary_large_image\" \/>\n<meta name=\"twitter:label1\" content=\"Est. reading time\" \/>\n\t<meta name=\"twitter:data1\" content=\"1 minute\" \/>\n<script type=\"application\/ld+json\" class=\"yoast-schema-graph\">{\"@context\":\"https:\\\/\\\/schema.org\",\"@graph\":[{\"@type\":\"WebPage\",\"@id\":\"https:\\\/\\\/medicinasinc.com\\\/fr\\\/product\\\/thon-kush\\\/\",\"url\":\"https:\\\/\\\/medicinasinc.com\\\/fr\\\/product\\\/thon-kush\\\/\",\"name\":\"Acheter Tuna Kush - Tuna Kush - Meilleurs m\u00e9dicaments mondiaux\",\"isPartOf\":{\"@id\":\"https:\\\/\\\/medicinasinc.com\\\/fr\\\/#website\"},\"primaryImageOfPage\":{\"@id\":\"https:\\\/\\\/medicinasinc.com\\\/fr\\\/product\\\/thon-kush\\\/#primaryimage\"},\"image\":{\"@id\":\"https:\\\/\\\/medicinasinc.com\\\/fr\\\/product\\\/thon-kush\\\/#primaryimage\"},\"thumbnailUrl\":\"https:\\\/\\\/medicinasinc.com\\\/fr\\\/wp-content\\\/uploads\\\/sites\\\/5\\\/2022\\\/02\\\/Buy-Tuna-Kush.jpg\",\"datePublished\":\"2022-02-20T20:14:14+00:00\",\"dateModified\":\"2022-03-17T12:11:42+00:00\",\"description\":\"Acheter de l'herbe Tuna Kush \u00e0 vendre est l'une des vari\u00e9t\u00e9s de cannabis indica les plus puissantes disponibles. Une bouff\u00e9e vous plongera dans un profond \u00e9tat d'euphorie et de relaxation.\",\"breadcrumb\":{\"@id\":\"https:\\\/\\\/medicinasinc.com\\\/fr\\\/product\\\/thon-kush\\\/#breadcrumb\"},\"inLanguage\":\"en-US\",\"potentialAction\":[{\"@type\":\"ReadAction\",\"target\":[\"https:\\\/\\\/medicinasinc.com\\\/fr\\\/product\\\/thon-kush\\\/\"]}]},{\"@type\":\"ImageObject\",\"inLanguage\":\"en-US\",\"@id\":\"https:\\\/\\\/medicinasinc.com\\\/fr\\\/product\\\/thon-kush\\\/#primaryimage\",\"url\":\"https:\\\/\\\/medicinasinc.com\\\/fr\\\/wp-content\\\/uploads\\\/sites\\\/5\\\/2022\\\/02\\\/Buy-Tuna-Kush.jpg\",\"contentUrl\":\"https:\\\/\\\/medicinasinc.com\\\/fr\\\/wp-content\\\/uploads\\\/sites\\\/5\\\/2022\\\/02\\\/Buy-Tuna-Kush.jpg\",\"width\":1024,\"height\":768},{\"@type\":\"BreadcrumbList\",\"@id\":\"https:\\\/\\\/medicinasinc.com\\\/fr\\\/product\\\/thon-kush\\\/#breadcrumb\",\"itemListElement\":[{\"@type\":\"ListItem\",\"position\":1,\"name\":\"Boutique\",\"item\":\"https:\\\/\\\/medicinasinc.com\\\/fr\\\/boutique\\\/\"},{\"@type\":\"ListItem\",\"position\":2,\"name\":\"Thon Kush\"}]},{\"@type\":\"WebSite\",\"@id\":\"https:\\\/\\\/medicinasinc.com\\\/fr\\\/#website\",\"url\":\"https:\\\/\\\/medicinasinc.com\\\/fr\\\/\",\"name\":\"Medicinas Inc\",\"description\":\"Health Medical Clinic\",\"potentialAction\":[{\"@type\":\"SearchAction\",\"target\":{\"@type\":\"EntryPoint\",\"urlTemplate\":\"https:\\\/\\\/medicinasinc.com\\\/fr\\\/?s={search_term_string}\"},\"query-input\":{\"@type\":\"PropertyValueSpecification\",\"valueRequired\":true,\"valueName\":\"search_term_string\"}}],\"inLanguage\":\"en-US\"}]}<\/script>\n<!-- \/ Yoast SEO plugin. -->","yoast_head_json":{"title":"Acheter Tuna Kush - Tuna Kush - Meilleurs m\u00e9dicaments mondiaux","description":"Acheter de l'herbe Tuna Kush \u00e0 vendre est l'une des vari\u00e9t\u00e9s de cannabis indica les plus puissantes disponibles. Une bouff\u00e9e vous plongera dans un profond \u00e9tat d'euphorie et de relaxation.","robots":{"index":"index","follow":"follow","max-snippet":"max-snippet:-1","max-image-preview":"max-image-preview:large","max-video-preview":"max-video-preview:-1"},"canonical":"https:\/\/medicinasinc.com\/fr\/product\/thon-kush\/","og_locale":"en_US","og_type":"article","og_title":"Acheter Tuna Kush - Tuna Kush - Meilleurs m\u00e9dicaments mondiaux","og_description":"Acheter de l'herbe Tuna Kush \u00e0 vendre est l'une des vari\u00e9t\u00e9s de cannabis indica les plus puissantes disponibles. Une bouff\u00e9e vous plongera dans un profond \u00e9tat d'euphorie et de relaxation.","og_url":"https:\/\/medicinasinc.com\/fr\/product\/thon-kush\/","og_site_name":"Medicinas Inc","article_modified_time":"2022-03-17T12:11:42+00:00","og_image":[{"width":1024,"height":768,"url":"https:\/\/medicinasinc.com\/fr\/wp-content\/uploads\/sites\/5\/2022\/02\/Buy-Tuna-Kush.jpg","type":"image\/jpeg"}],"twitter_card":"summary_large_image","twitter_misc":{"Est. reading time":"1 minute"},"schema":{"@context":"https:\/\/schema.org","@graph":[{"@type":"WebPage","@id":"https:\/\/medicinasinc.com\/fr\/product\/thon-kush\/","url":"https:\/\/medicinasinc.com\/fr\/product\/thon-kush\/","name":"Acheter Tuna Kush - Tuna Kush - Meilleurs m\u00e9dicaments mondiaux","isPartOf":{"@id":"https:\/\/medicinasinc.com\/fr\/#website"},"primaryImageOfPage":{"@id":"https:\/\/medicinasinc.com\/fr\/product\/thon-kush\/#primaryimage"},"image":{"@id":"https:\/\/medicinasinc.com\/fr\/product\/thon-kush\/#primaryimage"},"thumbnailUrl":"https:\/\/medicinasinc.com\/fr\/wp-content\/uploads\/sites\/5\/2022\/02\/Buy-Tuna-Kush.jpg","datePublished":"2022-02-20T20:14:14+00:00","dateModified":"2022-03-17T12:11:42+00:00","description":"Acheter de l'herbe Tuna Kush \u00e0 vendre est l'une des vari\u00e9t\u00e9s de cannabis indica les plus puissantes disponibles. Une bouff\u00e9e vous plongera dans un profond \u00e9tat d'euphorie et de relaxation.","breadcrumb":{"@id":"https:\/\/medicinasinc.com\/fr\/product\/thon-kush\/#breadcrumb"},"inLanguage":"en-US","potentialAction":[{"@type":"ReadAction","target":["https:\/\/medicinasinc.com\/fr\/product\/thon-kush\/"]}]},{"@type":"ImageObject","inLanguage":"en-US","@id":"https:\/\/medicinasinc.com\/fr\/product\/thon-kush\/#primaryimage","url":"https:\/\/medicinasinc.com\/fr\/wp-content\/uploads\/sites\/5\/2022\/02\/Buy-Tuna-Kush.jpg","contentUrl":"https:\/\/medicinasinc.com\/fr\/wp-content\/uploads\/sites\/5\/2022\/02\/Buy-Tuna-Kush.jpg","width":1024,"height":768},{"@type":"BreadcrumbList","@id":"https:\/\/medicinasinc.com\/fr\/product\/thon-kush\/#breadcrumb","itemListElement":[{"@type":"ListItem","position":1,"name":"Boutique","item":"https:\/\/medicinasinc.com\/fr\/boutique\/"},{"@type":"ListItem","position":2,"name":"Thon Kush"}]},{"@type":"WebSite","@id":"https:\/\/medicinasinc.com\/fr\/#website","url":"https:\/\/medicinasinc.com\/fr\/","name":"Medicinas Inc","description":"Health Medical Clinic","potentialAction":[{"@type":"SearchAction","target":{"@type":"EntryPoint","urlTemplate":"https:\/\/medicinasinc.com\/fr\/?s={search_term_string}"},"query-input":{"@type":"PropertyValueSpecification","valueRequired":true,"valueName":"search_term_string"}}],"inLanguage":"en-US"}]}},"_links":{"self":[{"href":"https:\/\/medicinasinc.com\/fr\/wp-json\/wp\/v2\/product\/5095","targetHints":{"allow":["GET"]}}],"collection":[{"href":"https:\/\/medicinasinc.com\/fr\/wp-json\/wp\/v2\/product"}],"about":[{"href":"https:\/\/medicinasinc.com\/fr\/wp-json\/wp\/v2\/types\/product"}],"replies":[{"embeddable":true,"href":"https:\/\/medicinasinc.com\/fr\/wp-json\/wp\/v2\/comments?post=5095"}],"wp:featuredmedia":[{"embeddable":true,"href":"https:\/\/medicinasinc.com\/fr\/wp-json\/wp\/v2\/media\/5113"}],"wp:attachment":[{"href":"https:\/\/medicinasinc.com\/fr\/wp-json\/wp\/v2\/media?parent=5095"}],"wp:term":[{"taxonomy":"product_brand","embeddable":true,"href":"https:\/\/medicinasinc.com\/fr\/wp-json\/wp\/v2\/product_brand?post=5095"},{"taxonomy":"product_cat","embeddable":true,"href":"https:\/\/medicinasinc.com\/fr\/wp-json\/wp\/v2\/product_cat?post=5095"},{"taxonomy":"product_tag","embeddable":true,"href":"https:\/\/medicinasinc.com\/fr\/wp-json\/wp\/v2\/product_tag?post=5095"}],"curies":[{"name":"wp","href":"https:\/\/api.w.org\/{rel}","templated":true}]}}