{"id":5094,"date":"2022-02-20T20:12:57","date_gmt":"2022-02-20T20:12:57","guid":{"rendered":"https:\/\/medicinasinc.com\/fr\/?post_type=product&#038;p=5094"},"modified":"2022-03-17T12:11:57","modified_gmt":"2022-03-17T12:11:57","slug":"acheter-pink-kush","status":"publish","type":"product","link":"https:\/\/medicinasinc.com\/fr\/product\/acheter-pink-kush\/","title":{"rendered":"Acheter Pink Kush"},"content":{"rendered":"<p><strong>Achat en ligne de Pink Kush<\/strong><\/p>\n<p>Pink Kush, comme son fr\u00e8re OG Kush, est un hybride \u00e0 dominance indica tr\u00e8s recherch\u00e9 avec de puissants effets corporels. Des poils roses \u00e9mergent de bourgeons vert vif qui sont \u00e0 peine visibles sous une couche de trichomes ressemblant \u00e0 du sucre, conf\u00e9rant un doux parfum de vanille et de bonbon. L&#8217;efficacit\u00e9 de cette souche est consid\u00e9r\u00e9e comme \u00e9crasante, et m\u00eame de petites doses ont \u00e9t\u00e9 trouv\u00e9es pour soulager la douleur, l&#8217;insomnie et la perte d&#8217;app\u00e9tit. La floraison de Pink Kush prend 10 \u00e0 11 semaines, mais les \u00e9normes rendements de t\u00eates haut de gamme valent la peine d&#8217;attendre.<\/p>\n<div class=\"product-next-previous\">\n<div class=\"product-prev\"><\/div><\/div>\n","protected":false},"excerpt":{"rendered":"<p>Achetez du cannabis Pink Kush et d&#8217;autres vari\u00e9t\u00e9s de mauvaises herbes AAA+ dans le dispensaire en ligne pr\u00e9f\u00e9r\u00e9 d&#8217;Europe. Passez votre commande aujourd&#8217;hui et profitez de la livraison gratuite sur toutes les commandes de plus de 150\u00a0$\u00a0!<\/p>\n<p>Pink Kush, comme son fr\u00e8re OG Kush, est un hybride \u00e0 dominance indica tr\u00e8s recherch\u00e9 avec de puissants effets corporels.<\/p>\n<div>\n<p class=\"percentage\"><span class=\"heading\">THC\u00a0:\u00a0<\/span>25\u00a0%<\/p>\n<\/p><\/div>\n<div class=\"panel-heading\">Peut soulager <i class=\"fa fa-info-circle\" title=\"Avertissement\u00a0: toutes les informations sur les vari\u00e9t\u00e9s de cannabis affich\u00e9es sur ce site Web sont bas\u00e9es sur les avis des utilisateurs. Les donn\u00e9es sur les vari\u00e9t\u00e9s affich\u00e9es doivent \u00eatre trait\u00e9es comme un outil informatif et non comme une recommandation m\u00e9dicale. Veuillez consulter votre m\u00e9decin avant d'utiliser du cannabis \u00e0 des fins m\u00e9dicales.\" data-toggle=\"tooltip\" data-placement=\"right\"><\/i><\/div>\n<div class=\"panel-body well tags-list\">Perte d&#8217;app\u00e9tit,\u00a0douleur chronique,\u00a0d\u00e9pression,\u00a0insomnie,\u00a0naus\u00e9es<\/div>\n<ul>\n<li>AAAAA repr\u00e9sente le meilleur des meilleurs\u00a0!<\/li>\n<li>Contactez-nous pour les commandes en gros<\/li>\n<li>Exp\u00e9dition dans le monde entier.<\/li>\n<\/ul>\n","protected":false},"featured_media":5111,"comment_status":"open","ping_status":"closed","template":"","meta":[],"product_brand":[],"product_cat":[778],"product_tag":[634,1050,1049,1051,1058,1052,1059,1054,1056,1057,1053,1055],"class_list":{"0":"post-5094","1":"product","2":"type-product","3":"status-publish","4":"has-post-thumbnail","6":"product_cat-mauvaises-herbes-a-vendre","7":"product_tag-acheter-marijuana-en-ligne-royaume-uni","8":"product_tag-acheter-de-la-marijuana-medicale-en-ligne-royaume-uni","9":"product_tag-acheter-du-cannabis-en-ligne-royaume-uni","10":"product_tag-acheter-nembutal","11":"product_tag-dispensaire-de-marijuana-rcratif","12":"product_tag-hybrid-weed-strains","13":"product_tag-weed-a-vendre-en-italie","14":"product_tag-online-marijuana-sales","15":"product_tag-oxycontin-80-mg","16":"product_tag-pain-tablets-for-sale","17":"product_tag-souches-de-marijuana-en-ligne","18":"product_tag-vente-en-ligne-de-marijuana-medicale","20":"first","21":"instock","22":"shipping-taxable","23":"purchasable","24":"product-type-variable","25":"has-default-attributes"},"yoast_head":"<!-- This site is optimized with the Yoast SEO plugin v27.3 - https:\/\/yoast.com\/product\/yoast-seo-wordpress\/ -->\n<title>Acheter Pink Kush en ligne - Meilleurs meilleurs m\u00e9dicaments mondiaux<\/title>\n<meta name=\"description\" content=\"Achetez la souche de cannabis Pink Kush et plus de cannabis AAA+ du dispensaire en ligne pr\u00e9f\u00e9r\u00e9 d&#039;Europe. Commandez aujourd&#039;hui et profitez de la livraison gratuite sur toutes les commandes de plus de 150\u00a0$\u00a0!\" \/>\n<meta name=\"robots\" content=\"index, follow, max-snippet:-1, max-image-preview:large, max-video-preview:-1\" \/>\n<link rel=\"canonical\" href=\"https:\/\/medicinasinc.com\/fr\/product\/acheter-pink-kush\/\" \/>\n<meta property=\"og:locale\" content=\"en_US\" \/>\n<meta property=\"og:type\" content=\"article\" \/>\n<meta property=\"og:title\" content=\"Acheter Pink Kush en ligne - Meilleurs meilleurs m\u00e9dicaments mondiaux\" \/>\n<meta property=\"og:description\" content=\"Achetez la souche de cannabis Pink Kush et plus de cannabis AAA+ du dispensaire en ligne pr\u00e9f\u00e9r\u00e9 d&#039;Europe. Commandez aujourd&#039;hui et profitez de la livraison gratuite sur toutes les commandes de plus de 150\u00a0$\u00a0!\" \/>\n<meta property=\"og:url\" content=\"https:\/\/medicinasinc.com\/fr\/product\/acheter-pink-kush\/\" \/>\n<meta property=\"og:site_name\" content=\"Medicinas Inc\" \/>\n<meta property=\"article:modified_time\" content=\"2022-03-17T12:11:57+00:00\" \/>\n<meta property=\"og:image\" content=\"https:\/\/medicinasinc.com\/fr\/wp-content\/uploads\/sites\/5\/2022\/02\/Buy-Pink-Kush.jpg\" \/>\n\t<meta property=\"og:image:width\" content=\"450\" \/>\n\t<meta property=\"og:image:height\" content=\"450\" \/>\n\t<meta property=\"og:image:type\" content=\"image\/jpeg\" \/>\n<meta name=\"twitter:card\" content=\"summary_large_image\" \/>\n<meta name=\"twitter:label1\" content=\"Est. reading time\" \/>\n\t<meta name=\"twitter:data1\" content=\"1 minute\" \/>\n<script type=\"application\/ld+json\" class=\"yoast-schema-graph\">{\"@context\":\"https:\\\/\\\/schema.org\",\"@graph\":[{\"@type\":\"WebPage\",\"@id\":\"https:\\\/\\\/medicinasinc.com\\\/fr\\\/product\\\/acheter-pink-kush\\\/\",\"url\":\"https:\\\/\\\/medicinasinc.com\\\/fr\\\/product\\\/acheter-pink-kush\\\/\",\"name\":\"Acheter Pink Kush en ligne - Meilleurs meilleurs m\u00e9dicaments mondiaux\",\"isPartOf\":{\"@id\":\"https:\\\/\\\/medicinasinc.com\\\/fr\\\/#website\"},\"primaryImageOfPage\":{\"@id\":\"https:\\\/\\\/medicinasinc.com\\\/fr\\\/product\\\/acheter-pink-kush\\\/#primaryimage\"},\"image\":{\"@id\":\"https:\\\/\\\/medicinasinc.com\\\/fr\\\/product\\\/acheter-pink-kush\\\/#primaryimage\"},\"thumbnailUrl\":\"https:\\\/\\\/medicinasinc.com\\\/fr\\\/wp-content\\\/uploads\\\/sites\\\/5\\\/2022\\\/02\\\/Buy-Pink-Kush.jpg\",\"datePublished\":\"2022-02-20T20:12:57+00:00\",\"dateModified\":\"2022-03-17T12:11:57+00:00\",\"description\":\"Achetez la souche de cannabis Pink Kush et plus de cannabis AAA+ du dispensaire en ligne pr\u00e9f\u00e9r\u00e9 d'Europe. Commandez aujourd'hui et profitez de la livraison gratuite sur toutes les commandes de plus de 150\u00a0$\u00a0!\",\"breadcrumb\":{\"@id\":\"https:\\\/\\\/medicinasinc.com\\\/fr\\\/product\\\/acheter-pink-kush\\\/#breadcrumb\"},\"inLanguage\":\"en-US\",\"potentialAction\":[{\"@type\":\"ReadAction\",\"target\":[\"https:\\\/\\\/medicinasinc.com\\\/fr\\\/product\\\/acheter-pink-kush\\\/\"]}]},{\"@type\":\"ImageObject\",\"inLanguage\":\"en-US\",\"@id\":\"https:\\\/\\\/medicinasinc.com\\\/fr\\\/product\\\/acheter-pink-kush\\\/#primaryimage\",\"url\":\"https:\\\/\\\/medicinasinc.com\\\/fr\\\/wp-content\\\/uploads\\\/sites\\\/5\\\/2022\\\/02\\\/Buy-Pink-Kush.jpg\",\"contentUrl\":\"https:\\\/\\\/medicinasinc.com\\\/fr\\\/wp-content\\\/uploads\\\/sites\\\/5\\\/2022\\\/02\\\/Buy-Pink-Kush.jpg\",\"width\":450,\"height\":450},{\"@type\":\"BreadcrumbList\",\"@id\":\"https:\\\/\\\/medicinasinc.com\\\/fr\\\/product\\\/acheter-pink-kush\\\/#breadcrumb\",\"itemListElement\":[{\"@type\":\"ListItem\",\"position\":1,\"name\":\"Boutique\",\"item\":\"https:\\\/\\\/medicinasinc.com\\\/fr\\\/boutique\\\/\"},{\"@type\":\"ListItem\",\"position\":2,\"name\":\"Acheter Pink Kush\"}]},{\"@type\":\"WebSite\",\"@id\":\"https:\\\/\\\/medicinasinc.com\\\/fr\\\/#website\",\"url\":\"https:\\\/\\\/medicinasinc.com\\\/fr\\\/\",\"name\":\"Medicinas Inc\",\"description\":\"Health Medical Clinic\",\"potentialAction\":[{\"@type\":\"SearchAction\",\"target\":{\"@type\":\"EntryPoint\",\"urlTemplate\":\"https:\\\/\\\/medicinasinc.com\\\/fr\\\/?s={search_term_string}\"},\"query-input\":{\"@type\":\"PropertyValueSpecification\",\"valueRequired\":true,\"valueName\":\"search_term_string\"}}],\"inLanguage\":\"en-US\"}]}<\/script>\n<!-- \/ Yoast SEO plugin. -->","yoast_head_json":{"title":"Acheter Pink Kush en ligne - Meilleurs meilleurs m\u00e9dicaments mondiaux","description":"Achetez la souche de cannabis Pink Kush et plus de cannabis AAA+ du dispensaire en ligne pr\u00e9f\u00e9r\u00e9 d'Europe. Commandez aujourd'hui et profitez de la livraison gratuite sur toutes les commandes de plus de 150\u00a0$\u00a0!","robots":{"index":"index","follow":"follow","max-snippet":"max-snippet:-1","max-image-preview":"max-image-preview:large","max-video-preview":"max-video-preview:-1"},"canonical":"https:\/\/medicinasinc.com\/fr\/product\/acheter-pink-kush\/","og_locale":"en_US","og_type":"article","og_title":"Acheter Pink Kush en ligne - Meilleurs meilleurs m\u00e9dicaments mondiaux","og_description":"Achetez la souche de cannabis Pink Kush et plus de cannabis AAA+ du dispensaire en ligne pr\u00e9f\u00e9r\u00e9 d'Europe. Commandez aujourd'hui et profitez de la livraison gratuite sur toutes les commandes de plus de 150\u00a0$\u00a0!","og_url":"https:\/\/medicinasinc.com\/fr\/product\/acheter-pink-kush\/","og_site_name":"Medicinas Inc","article_modified_time":"2022-03-17T12:11:57+00:00","og_image":[{"width":450,"height":450,"url":"https:\/\/medicinasinc.com\/fr\/wp-content\/uploads\/sites\/5\/2022\/02\/Buy-Pink-Kush.jpg","type":"image\/jpeg"}],"twitter_card":"summary_large_image","twitter_misc":{"Est. reading time":"1 minute"},"schema":{"@context":"https:\/\/schema.org","@graph":[{"@type":"WebPage","@id":"https:\/\/medicinasinc.com\/fr\/product\/acheter-pink-kush\/","url":"https:\/\/medicinasinc.com\/fr\/product\/acheter-pink-kush\/","name":"Acheter Pink Kush en ligne - Meilleurs meilleurs m\u00e9dicaments mondiaux","isPartOf":{"@id":"https:\/\/medicinasinc.com\/fr\/#website"},"primaryImageOfPage":{"@id":"https:\/\/medicinasinc.com\/fr\/product\/acheter-pink-kush\/#primaryimage"},"image":{"@id":"https:\/\/medicinasinc.com\/fr\/product\/acheter-pink-kush\/#primaryimage"},"thumbnailUrl":"https:\/\/medicinasinc.com\/fr\/wp-content\/uploads\/sites\/5\/2022\/02\/Buy-Pink-Kush.jpg","datePublished":"2022-02-20T20:12:57+00:00","dateModified":"2022-03-17T12:11:57+00:00","description":"Achetez la souche de cannabis Pink Kush et plus de cannabis AAA+ du dispensaire en ligne pr\u00e9f\u00e9r\u00e9 d'Europe. Commandez aujourd'hui et profitez de la livraison gratuite sur toutes les commandes de plus de 150\u00a0$\u00a0!","breadcrumb":{"@id":"https:\/\/medicinasinc.com\/fr\/product\/acheter-pink-kush\/#breadcrumb"},"inLanguage":"en-US","potentialAction":[{"@type":"ReadAction","target":["https:\/\/medicinasinc.com\/fr\/product\/acheter-pink-kush\/"]}]},{"@type":"ImageObject","inLanguage":"en-US","@id":"https:\/\/medicinasinc.com\/fr\/product\/acheter-pink-kush\/#primaryimage","url":"https:\/\/medicinasinc.com\/fr\/wp-content\/uploads\/sites\/5\/2022\/02\/Buy-Pink-Kush.jpg","contentUrl":"https:\/\/medicinasinc.com\/fr\/wp-content\/uploads\/sites\/5\/2022\/02\/Buy-Pink-Kush.jpg","width":450,"height":450},{"@type":"BreadcrumbList","@id":"https:\/\/medicinasinc.com\/fr\/product\/acheter-pink-kush\/#breadcrumb","itemListElement":[{"@type":"ListItem","position":1,"name":"Boutique","item":"https:\/\/medicinasinc.com\/fr\/boutique\/"},{"@type":"ListItem","position":2,"name":"Acheter Pink Kush"}]},{"@type":"WebSite","@id":"https:\/\/medicinasinc.com\/fr\/#website","url":"https:\/\/medicinasinc.com\/fr\/","name":"Medicinas Inc","description":"Health Medical Clinic","potentialAction":[{"@type":"SearchAction","target":{"@type":"EntryPoint","urlTemplate":"https:\/\/medicinasinc.com\/fr\/?s={search_term_string}"},"query-input":{"@type":"PropertyValueSpecification","valueRequired":true,"valueName":"search_term_string"}}],"inLanguage":"en-US"}]}},"_links":{"self":[{"href":"https:\/\/medicinasinc.com\/fr\/wp-json\/wp\/v2\/product\/5094","targetHints":{"allow":["GET"]}}],"collection":[{"href":"https:\/\/medicinasinc.com\/fr\/wp-json\/wp\/v2\/product"}],"about":[{"href":"https:\/\/medicinasinc.com\/fr\/wp-json\/wp\/v2\/types\/product"}],"replies":[{"embeddable":true,"href":"https:\/\/medicinasinc.com\/fr\/wp-json\/wp\/v2\/comments?post=5094"}],"wp:featuredmedia":[{"embeddable":true,"href":"https:\/\/medicinasinc.com\/fr\/wp-json\/wp\/v2\/media\/5111"}],"wp:attachment":[{"href":"https:\/\/medicinasinc.com\/fr\/wp-json\/wp\/v2\/media?parent=5094"}],"wp:term":[{"taxonomy":"product_brand","embeddable":true,"href":"https:\/\/medicinasinc.com\/fr\/wp-json\/wp\/v2\/product_brand?post=5094"},{"taxonomy":"product_cat","embeddable":true,"href":"https:\/\/medicinasinc.com\/fr\/wp-json\/wp\/v2\/product_cat?post=5094"},{"taxonomy":"product_tag","embeddable":true,"href":"https:\/\/medicinasinc.com\/fr\/wp-json\/wp\/v2\/product_tag?post=5094"}],"curies":[{"name":"wp","href":"https:\/\/api.w.org\/{rel}","templated":true}]}}