{"id":5093,"date":"2022-02-20T20:12:04","date_gmt":"2022-02-20T20:12:04","guid":{"rendered":"https:\/\/medicinasinc.com\/fr\/?post_type=product&#038;p=5093"},"modified":"2022-03-17T12:12:09","modified_gmt":"2022-03-17T12:12:09","slug":"acheter-cherry-gorilla-glue","status":"publish","type":"product","link":"https:\/\/medicinasinc.com\/fr\/product\/acheter-cherry-gorilla-glue\/","title":{"rendered":"Acheter Cherry Gorilla Glue"},"content":{"rendered":"<p><strong>Achetez en ligne de la marijuana Cherry Gorilla.<\/strong><\/p>\n<p>La marijuana Cherry Gorilla peut \u00eatre achet\u00e9e en ligne. Achetez la vari\u00e9t\u00e9 de cannabis Cherry Gorilla. Un hybride contenant 50\u00a0% Sativa et 50\u00a0% Indica THC\u00a0: 17\u201318\u00a0%<\/p>\n<p>Effets<br \/> Effet corporel, c\u00e9r\u00e9bral, joyeux, relaxant, \u00e9difiant<br \/> Peut soulager<br \/> la d\u00e9pression, Fatigue, Insomnie, Naus\u00e9es, Stress<br \/> Saveurs<br \/> Cerise, Caf\u00e9, Diesel, Sucr\u00e9<\/p>\n","protected":false},"excerpt":{"rendered":"<div class=\"woocommerce-product-details__short-description\">\n<p>Achetez de la marijuana alias Cherry Gorilla Glue sur le march\u00e9 noir au meilleur prix. Tous nos produits sont cr\u00e9\u00e9s \u00e0 partir de composants enti\u00e8rement naturels et sans THC. Passez votre commande en ligne d\u00e8s aujourd&#8217;hui\u00a0!<\/p>\n<p>Cherry Gorilla Marijuana peut \u00eatre achet\u00e9 en ligne. Livraison et suivi garantis \u00e0 100\u00a0%, ainsi qu&#8217;une large s\u00e9lection de produits comestibles, concentr\u00e9s, Sativa, Indica et hybrides.<\/p>\n<p>Cherry Gorilla, parfois appel\u00e9 &amp;#8220 ;Cherry Gorilla Glue,&#8221; est une vari\u00e9t\u00e9 hybride rare et \u00e9quilibr\u00e9e (50 indica\/50 sativa) issue de croisements.<\/p>\n<\/p><\/div>\n","protected":false},"featured_media":5109,"comment_status":"open","ping_status":"closed","template":"","meta":[],"product_brand":[],"product_cat":[778],"product_tag":[1042,1043,1044,1045,1041,1047,1048,1046],"class_list":{"0":"post-5093","1":"product","2":"type-product","3":"status-publish","4":"has-post-thumbnail","6":"product_cat-mauvaises-herbes-a-vendre","7":"product_tag-cherry-gorilla-f2","8":"product_tag-cherry-gorilla-seeds","9":"product_tag-cherry-gorilla-strain-effects","10":"product_tag-cherry-gorilla-strain-leafly","11":"product_tag-cerise-colle-souche-feuille","12":"product_tag-examen-des-souches-de-gorille-de-cerise","13":"product_tag-gorilla-cherry-fruit","14":"product_tag-cerise-gorille-souche-reddit","16":"first","17":"instock","18":"shipping-taxable","19":"purchasable","20":"product-type-variable","21":"has-default-attributes"},"yoast_head":"<!-- This site is optimized with the Yoast SEO plugin v27.2 - https:\/\/yoast.com\/product\/yoast-seo-wordpress\/ -->\n<title>Acheter Cherry Gorilla Glue - alias Cherry Gorilla Glue - Best Global Meds<\/title>\n<meta name=\"description\" content=\"Achetez de la marijuana alias Cherry Gorilla Glue en ligne au meilleur prix du march\u00e9. Tous nos produits sont fabriqu\u00e9s avec des ingr\u00e9dients naturels purs sans THC. Commandez en ligne maintenant!\" \/>\n<meta name=\"robots\" content=\"index, follow, max-snippet:-1, max-image-preview:large, max-video-preview:-1\" \/>\n<link rel=\"canonical\" href=\"https:\/\/medicinasinc.com\/fr\/product\/acheter-cherry-gorilla-glue\/\" \/>\n<meta property=\"og:locale\" content=\"en_US\" \/>\n<meta property=\"og:type\" content=\"article\" \/>\n<meta property=\"og:title\" content=\"Acheter Cherry Gorilla Glue - alias Cherry Gorilla Glue - Best Global Meds\" \/>\n<meta property=\"og:description\" content=\"Achetez de la marijuana alias Cherry Gorilla Glue en ligne au meilleur prix du march\u00e9. Tous nos produits sont fabriqu\u00e9s avec des ingr\u00e9dients naturels purs sans THC. Commandez en ligne maintenant!\" \/>\n<meta property=\"og:url\" content=\"https:\/\/medicinasinc.com\/fr\/product\/acheter-cherry-gorilla-glue\/\" \/>\n<meta property=\"og:site_name\" content=\"Medicinas Inc\" \/>\n<meta property=\"article:modified_time\" content=\"2022-03-17T12:12:09+00:00\" \/>\n<meta property=\"og:image\" content=\"https:\/\/medicinasinc.com\/fr\/wp-content\/uploads\/sites\/5\/2022\/02\/Buy-Cherry-Gorilla-Marijuana.jpg\" \/>\n\t<meta property=\"og:image:width\" content=\"1080\" \/>\n\t<meta property=\"og:image:height\" content=\"1080\" \/>\n\t<meta property=\"og:image:type\" content=\"image\/jpeg\" \/>\n<meta name=\"twitter:card\" content=\"summary_large_image\" \/>\n<meta name=\"twitter:label1\" content=\"Est. reading time\" \/>\n\t<meta name=\"twitter:data1\" content=\"1 minute\" \/>\n<script type=\"application\/ld+json\" class=\"yoast-schema-graph\">{\"@context\":\"https:\/\/schema.org\",\"@graph\":[{\"@type\":\"WebPage\",\"@id\":\"https:\/\/medicinasinc.com\/fr\/product\/acheter-cherry-gorilla-glue\/\",\"url\":\"https:\/\/medicinasinc.com\/fr\/product\/acheter-cherry-gorilla-glue\/\",\"name\":\"Acheter Cherry Gorilla Glue - alias Cherry Gorilla Glue - Best Global Meds\",\"isPartOf\":{\"@id\":\"https:\/\/medicinasinc.com\/fr\/#website\"},\"primaryImageOfPage\":{\"@id\":\"https:\/\/medicinasinc.com\/fr\/product\/acheter-cherry-gorilla-glue\/#primaryimage\"},\"image\":{\"@id\":\"https:\/\/medicinasinc.com\/fr\/product\/acheter-cherry-gorilla-glue\/#primaryimage\"},\"thumbnailUrl\":\"https:\/\/medicinasinc.com\/fr\/wp-content\/uploads\/sites\/5\/2022\/02\/Buy-Cherry-Gorilla-Marijuana.jpg\",\"datePublished\":\"2022-02-20T20:12:04+00:00\",\"dateModified\":\"2022-03-17T12:12:09+00:00\",\"description\":\"Achetez de la marijuana alias Cherry Gorilla Glue en ligne au meilleur prix du march\u00e9. Tous nos produits sont fabriqu\u00e9s avec des ingr\u00e9dients naturels purs sans THC. Commandez en ligne maintenant!\",\"breadcrumb\":{\"@id\":\"https:\/\/medicinasinc.com\/fr\/product\/acheter-cherry-gorilla-glue\/#breadcrumb\"},\"inLanguage\":\"en-US\",\"potentialAction\":[{\"@type\":\"ReadAction\",\"target\":[\"https:\/\/medicinasinc.com\/fr\/product\/acheter-cherry-gorilla-glue\/\"]}]},{\"@type\":\"ImageObject\",\"inLanguage\":\"en-US\",\"@id\":\"https:\/\/medicinasinc.com\/fr\/product\/acheter-cherry-gorilla-glue\/#primaryimage\",\"url\":\"https:\/\/medicinasinc.com\/fr\/wp-content\/uploads\/sites\/5\/2022\/02\/Buy-Cherry-Gorilla-Marijuana.jpg\",\"contentUrl\":\"https:\/\/medicinasinc.com\/fr\/wp-content\/uploads\/sites\/5\/2022\/02\/Buy-Cherry-Gorilla-Marijuana.jpg\",\"width\":1080,\"height\":1080},{\"@type\":\"BreadcrumbList\",\"@id\":\"https:\/\/medicinasinc.com\/fr\/product\/acheter-cherry-gorilla-glue\/#breadcrumb\",\"itemListElement\":[{\"@type\":\"ListItem\",\"position\":1,\"name\":\"Boutique\",\"item\":\"https:\/\/medicinasinc.com\/fr\/boutique\/\"},{\"@type\":\"ListItem\",\"position\":2,\"name\":\"Acheter Cherry Gorilla Glue\"}]},{\"@type\":\"WebSite\",\"@id\":\"https:\/\/medicinasinc.com\/fr\/#website\",\"url\":\"https:\/\/medicinasinc.com\/fr\/\",\"name\":\"Medicinas Inc\",\"description\":\"Health Medical Clinic\",\"potentialAction\":[{\"@type\":\"SearchAction\",\"target\":{\"@type\":\"EntryPoint\",\"urlTemplate\":\"https:\/\/medicinasinc.com\/fr\/?s={search_term_string}\"},\"query-input\":{\"@type\":\"PropertyValueSpecification\",\"valueRequired\":true,\"valueName\":\"search_term_string\"}}],\"inLanguage\":\"en-US\"}]}<\/script>\n<!-- \/ Yoast SEO plugin. -->","yoast_head_json":{"title":"Acheter Cherry Gorilla Glue - alias Cherry Gorilla Glue - Best Global Meds","description":"Achetez de la marijuana alias Cherry Gorilla Glue en ligne au meilleur prix du march\u00e9. Tous nos produits sont fabriqu\u00e9s avec des ingr\u00e9dients naturels purs sans THC. Commandez en ligne maintenant!","robots":{"index":"index","follow":"follow","max-snippet":"max-snippet:-1","max-image-preview":"max-image-preview:large","max-video-preview":"max-video-preview:-1"},"canonical":"https:\/\/medicinasinc.com\/fr\/product\/acheter-cherry-gorilla-glue\/","og_locale":"en_US","og_type":"article","og_title":"Acheter Cherry Gorilla Glue - alias Cherry Gorilla Glue - Best Global Meds","og_description":"Achetez de la marijuana alias Cherry Gorilla Glue en ligne au meilleur prix du march\u00e9. Tous nos produits sont fabriqu\u00e9s avec des ingr\u00e9dients naturels purs sans THC. Commandez en ligne maintenant!","og_url":"https:\/\/medicinasinc.com\/fr\/product\/acheter-cherry-gorilla-glue\/","og_site_name":"Medicinas Inc","article_modified_time":"2022-03-17T12:12:09+00:00","og_image":[{"width":1080,"height":1080,"url":"https:\/\/medicinasinc.com\/fr\/wp-content\/uploads\/sites\/5\/2022\/02\/Buy-Cherry-Gorilla-Marijuana.jpg","type":"image\/jpeg"}],"twitter_card":"summary_large_image","twitter_misc":{"Est. reading time":"1 minute"},"schema":{"@context":"https:\/\/schema.org","@graph":[{"@type":"WebPage","@id":"https:\/\/medicinasinc.com\/fr\/product\/acheter-cherry-gorilla-glue\/","url":"https:\/\/medicinasinc.com\/fr\/product\/acheter-cherry-gorilla-glue\/","name":"Acheter Cherry Gorilla Glue - alias Cherry Gorilla Glue - Best Global Meds","isPartOf":{"@id":"https:\/\/medicinasinc.com\/fr\/#website"},"primaryImageOfPage":{"@id":"https:\/\/medicinasinc.com\/fr\/product\/acheter-cherry-gorilla-glue\/#primaryimage"},"image":{"@id":"https:\/\/medicinasinc.com\/fr\/product\/acheter-cherry-gorilla-glue\/#primaryimage"},"thumbnailUrl":"https:\/\/medicinasinc.com\/fr\/wp-content\/uploads\/sites\/5\/2022\/02\/Buy-Cherry-Gorilla-Marijuana.jpg","datePublished":"2022-02-20T20:12:04+00:00","dateModified":"2022-03-17T12:12:09+00:00","description":"Achetez de la marijuana alias Cherry Gorilla Glue en ligne au meilleur prix du march\u00e9. Tous nos produits sont fabriqu\u00e9s avec des ingr\u00e9dients naturels purs sans THC. Commandez en ligne maintenant!","breadcrumb":{"@id":"https:\/\/medicinasinc.com\/fr\/product\/acheter-cherry-gorilla-glue\/#breadcrumb"},"inLanguage":"en-US","potentialAction":[{"@type":"ReadAction","target":["https:\/\/medicinasinc.com\/fr\/product\/acheter-cherry-gorilla-glue\/"]}]},{"@type":"ImageObject","inLanguage":"en-US","@id":"https:\/\/medicinasinc.com\/fr\/product\/acheter-cherry-gorilla-glue\/#primaryimage","url":"https:\/\/medicinasinc.com\/fr\/wp-content\/uploads\/sites\/5\/2022\/02\/Buy-Cherry-Gorilla-Marijuana.jpg","contentUrl":"https:\/\/medicinasinc.com\/fr\/wp-content\/uploads\/sites\/5\/2022\/02\/Buy-Cherry-Gorilla-Marijuana.jpg","width":1080,"height":1080},{"@type":"BreadcrumbList","@id":"https:\/\/medicinasinc.com\/fr\/product\/acheter-cherry-gorilla-glue\/#breadcrumb","itemListElement":[{"@type":"ListItem","position":1,"name":"Boutique","item":"https:\/\/medicinasinc.com\/fr\/boutique\/"},{"@type":"ListItem","position":2,"name":"Acheter Cherry Gorilla Glue"}]},{"@type":"WebSite","@id":"https:\/\/medicinasinc.com\/fr\/#website","url":"https:\/\/medicinasinc.com\/fr\/","name":"Medicinas Inc","description":"Health Medical Clinic","potentialAction":[{"@type":"SearchAction","target":{"@type":"EntryPoint","urlTemplate":"https:\/\/medicinasinc.com\/fr\/?s={search_term_string}"},"query-input":{"@type":"PropertyValueSpecification","valueRequired":true,"valueName":"search_term_string"}}],"inLanguage":"en-US"}]}},"_links":{"self":[{"href":"https:\/\/medicinasinc.com\/fr\/wp-json\/wp\/v2\/product\/5093","targetHints":{"allow":["GET"]}}],"collection":[{"href":"https:\/\/medicinasinc.com\/fr\/wp-json\/wp\/v2\/product"}],"about":[{"href":"https:\/\/medicinasinc.com\/fr\/wp-json\/wp\/v2\/types\/product"}],"replies":[{"embeddable":true,"href":"https:\/\/medicinasinc.com\/fr\/wp-json\/wp\/v2\/comments?post=5093"}],"wp:featuredmedia":[{"embeddable":true,"href":"https:\/\/medicinasinc.com\/fr\/wp-json\/wp\/v2\/media\/5109"}],"wp:attachment":[{"href":"https:\/\/medicinasinc.com\/fr\/wp-json\/wp\/v2\/media?parent=5093"}],"wp:term":[{"taxonomy":"product_brand","embeddable":true,"href":"https:\/\/medicinasinc.com\/fr\/wp-json\/wp\/v2\/product_brand?post=5093"},{"taxonomy":"product_cat","embeddable":true,"href":"https:\/\/medicinasinc.com\/fr\/wp-json\/wp\/v2\/product_cat?post=5093"},{"taxonomy":"product_tag","embeddable":true,"href":"https:\/\/medicinasinc.com\/fr\/wp-json\/wp\/v2\/product_tag?post=5093"}],"curies":[{"name":"wp","href":"https:\/\/api.w.org\/{rel}","templated":true}]}}