{"id":5068,"date":"2022-02-20T19:50:54","date_gmt":"2022-02-20T19:50:54","guid":{"rendered":"https:\/\/medicinasinc.com\/fr\/?post_type=product&#038;p=5068"},"modified":"2022-03-17T12:12:51","modified_gmt":"2022-03-17T12:12:51","slug":"acheter-super-lemon-haze","status":"publish","type":"product","link":"https:\/\/medicinasinc.com\/fr\/product\/acheter-super-lemon-haze\/","title":{"rendered":"Acheter Super Lemon Haze"},"content":{"rendered":"<p>Achat en ligne de Super Lamon Haze<\/p>\n<p>Cette d\u00e9licieuse vari\u00e9t\u00e9 de citron est une vari\u00e9t\u00e9 \u00e0 bon rendement qui convient \u00e0 tout groupe de v\u00e9t\u00e9rans. Super Lemon Haze est l&#8217;une des vari\u00e9t\u00e9s les plus populaires, en particulier parmi les amateurs indiens, et les a converties avec succ\u00e8s en sativa. Sans aucun doute, Super Lemon Haze est unique. Cette gagnante de la Cannabis Cup est un croisement entre Lemon Skunk et Super Silver Haze, ce qui en fait une vari\u00e9t\u00e9 de race et l&#8217;une des meilleures sativas disponibles aujourd&#8217;hui. Vous pouvez acheter Super Lamon Haze en ligne et le trouver en vente en ligne. Cet hybride \u00e0 dominance sativa porte bien son nom, avec un puissant ar\u00f4me limonique \u00e0 l&#8217;odeur incroyable. Super Lemon Haze commence lentement mais r\u00e9guli\u00e8rement, atteignant un \u00e9norme high euphorique qui vous donne envie de sauter de votre chaise avec excitation. Cette vari\u00e9t\u00e9 est \u00e9galement une version m\u00e9dicale populaire, car elle peut \u00eatre utilis\u00e9e pour traiter une grande vari\u00e9t\u00e9 de maux.<\/p>\n<p>Effets<\/p>\n<p>Tous ces effets super-sativa sont bas\u00e9s sur l&#8217;\u00e9nergie. Cependant, la principale caract\u00e9ristique est qu&#8217;il s&#8217;agit d&#8217;une formidable tentative quotidienne en raison de sa capacit\u00e9 \u00e0 le rendre efficace et parfois innovant. La Super Lemon Haze est capable de vous calmer suffisamment pour que vous vous sentiez bien. Super Lemon Haze est le compagnon insouciant id\u00e9al. Si vous avez une longue journ\u00e9e devant vous et que vous avez besoin de faire les choses \u00e0 fond, cette sativa est la voie \u00e0 suivre.<br \/> Vous aurez une livre de ce bourgeon d\u00e9lectable pour tenir tout le monde dans le hall, et une autre pour te tirer vers le haut. Super Lemon Haze n&#8217;impose aucun impact aux start-up. Son effet peut produire un high c\u00e9r\u00e9bral agr\u00e9able, qui vous permet de penser plus clairement et de vous rappeler des informations que vous pourriez autrement oublier. De plus, cette pression est cens\u00e9e vous faire sentir un peu vif, ce qui est id\u00e9al pour une nuit romantique. Le parfum : Un bourgeon parfum\u00e9 doit \u00e9voquer des images d&#8217;agrumes. Super Lemon Haze a une saveur de citron sucr\u00e9 avec une pointe d&#8217;\u00e9pice et un ar\u00f4me extr\u00eamement acide. La douce saveur de citron est \u00e9quilibr\u00e9e par une touche terreuse et \u00e9pic\u00e9e, cr\u00e9ant une exp\u00e9rience merveilleuse. Super Lemon Haze a une odeur extr\u00eamement agr\u00e9able. Cette sativa a un ar\u00f4me agr\u00e9able et rafra\u00eechissant, et le fond citronn\u00e9 devrait persister sur votre langue. C&#8217;est comme si vous inhaliez un bonbon avec une nuance v\u00e9g\u00e9tale distincte.<\/p>\n<p>Avantages m\u00e9dicaux<\/p>\n<p>Super Lemon Haze est sugg\u00e9r\u00e9 pour une vari\u00e9t\u00e9 de maux et de sympt\u00f4mes. La fatigue chronique est facilement combattue avec cette souche puissante en raison de sa capacit\u00e9 \u00e0 instiller un \u00e9tat d&#8217;esprit stable et \u00e9lev\u00e9 qui vous stimule m\u00eame \u00e0 faire des choses. De plus, cette vari\u00e9t\u00e9 est bonne pour combattre le stress et la tristesse. Super Lemon Haze a la capacit\u00e9 de traiter une vari\u00e9t\u00e9 de d\u00e9tresses associ\u00e9es \u00e0 un style de vie tr\u00e8s stressant, et elle peut facilement se lib\u00e9rer de douleurs mineures telles que les migraines, les maux de t\u00eate, les articulations et les spasmes musculaires. Super Lemon Haze est un analg\u00e9sique polyvalent et fiable qui d\u00e9tend et picote le corps, masquant tout autre probl\u00e8me physique pouvant survenir. Le go\u00fbt et l&#8217;ar\u00f4me \u00e9difiants contribuent \u00e0 son attrait, le rendant agr\u00e9able m\u00eame pour les personnes peu susceptibles d&#8217;utiliser du cannabis pour traiter leur maladie.<\/p>\n","protected":false},"excerpt":{"rendered":"<div class=\"woocommerce-product-details__short-description\">\n<p>Achetez la vari\u00e9t\u00e9 de marijuana Super Lemon Haze au Royaume-Uni et en Europe. C&#8217;est un hybride puissant \u00e0 dominance d&#8217;agrumes et de douce Sativa. Cette fleur est le r\u00e9sultat d&#8217;un croisement entre la skunk citronn\u00e9e et la brume argent\u00e9e.<\/p>\n<p>Achat en ligne de la vari\u00e9t\u00e9 de marijuana Super Lemon Haze.<\/p>\n<p>Super Lemon Haze est un hybride \u00e0 dominance Sativa &#8211; 80% Sativa \/ 20% Indica. La teneur en THC Indica est de 25\u00a0%, la teneur en CBD est de 1\u00a0% et la teneur en CBN est de 2\u00a0%.<\/p>\n<\/p><\/div>\n","protected":false},"featured_media":5085,"comment_status":"open","ping_status":"closed","template":"","meta":[],"product_brand":[],"product_cat":[778],"product_tag":[1019,1022,487,1020,1024,486,1023,1021],"class_list":{"0":"post-5068","1":"product","2":"type-product","3":"status-publish","4":"has-post-thumbnail","6":"product_cat-mauvaises-herbes-a-vendre","7":"product_tag-est-super-lemon-haze-psychdlique","8":"product_tag-graines-de-super-lemon-haze-autofloraison","9":"product_tag-graines-de-super-lemon-haze","10":"product_tag-graines-de-lemon-haze-a-vendre","11":"product_tag-super-lemon-haze-graines-usa","12":"product_tag-super-lemon-haze-prix","13":"product_tag-super-lemon-haze-effets","14":"product_tag-super-lemon-haze-autofloraison","16":"first","17":"instock","18":"shipping-taxable","19":"purchasable","20":"product-type-variable","21":"has-default-attributes"},"yoast_head":"<!-- This site is optimized with the Yoast SEO plugin v27.2 - https:\/\/yoast.com\/product\/yoast-seo-wordpress\/ -->\n<title>Acheter Super Lemon Haze - Meilleurs meilleurs m\u00e9dicaments mondiaux<\/title>\n<meta name=\"description\" content=\"Achetez la vari\u00e9t\u00e9 de marijuana Super Lemon Haze au Royaume-Uni, en Europe, des agrumes piquants et un hybride doux \u00e0 dominante Sativa. Cette fleur est une croix de citron skunk &amp; brume argent\u00e9e.\" \/>\n<meta name=\"robots\" content=\"index, follow, max-snippet:-1, max-image-preview:large, max-video-preview:-1\" \/>\n<link rel=\"canonical\" href=\"https:\/\/medicinasinc.com\/fr\/product\/acheter-super-lemon-haze\/\" \/>\n<meta property=\"og:locale\" content=\"en_US\" \/>\n<meta property=\"og:type\" content=\"article\" \/>\n<meta property=\"og:title\" content=\"Acheter Super Lemon Haze - Meilleurs meilleurs m\u00e9dicaments mondiaux\" \/>\n<meta property=\"og:description\" content=\"Achetez la vari\u00e9t\u00e9 de marijuana Super Lemon Haze au Royaume-Uni, en Europe, des agrumes piquants et un hybride doux \u00e0 dominante Sativa. Cette fleur est une croix de citron skunk &amp; brume argent\u00e9e.\" \/>\n<meta property=\"og:url\" content=\"https:\/\/medicinasinc.com\/fr\/product\/acheter-super-lemon-haze\/\" \/>\n<meta property=\"og:site_name\" content=\"Medicinas Inc\" \/>\n<meta property=\"article:modified_time\" content=\"2022-03-17T12:12:51+00:00\" \/>\n<meta property=\"og:image\" content=\"https:\/\/medicinasinc.com\/fr\/wp-content\/uploads\/sites\/5\/2022\/02\/Buy-Super-Lemon-Haze.jpg\" \/>\n\t<meta property=\"og:image:width\" content=\"1080\" \/>\n\t<meta property=\"og:image:height\" content=\"1080\" \/>\n\t<meta property=\"og:image:type\" content=\"image\/jpeg\" \/>\n<meta name=\"twitter:card\" content=\"summary_large_image\" \/>\n<meta name=\"twitter:label1\" content=\"Est. reading time\" \/>\n\t<meta name=\"twitter:data1\" content=\"3 minutes\" \/>\n<script type=\"application\/ld+json\" class=\"yoast-schema-graph\">{\"@context\":\"https:\/\/schema.org\",\"@graph\":[{\"@type\":\"WebPage\",\"@id\":\"https:\/\/medicinasinc.com\/fr\/product\/acheter-super-lemon-haze\/\",\"url\":\"https:\/\/medicinasinc.com\/fr\/product\/acheter-super-lemon-haze\/\",\"name\":\"Acheter Super Lemon Haze - Meilleurs meilleurs m\u00e9dicaments mondiaux\",\"isPartOf\":{\"@id\":\"https:\/\/medicinasinc.com\/fr\/#website\"},\"primaryImageOfPage\":{\"@id\":\"https:\/\/medicinasinc.com\/fr\/product\/acheter-super-lemon-haze\/#primaryimage\"},\"image\":{\"@id\":\"https:\/\/medicinasinc.com\/fr\/product\/acheter-super-lemon-haze\/#primaryimage\"},\"thumbnailUrl\":\"https:\/\/medicinasinc.com\/fr\/wp-content\/uploads\/sites\/5\/2022\/02\/Buy-Super-Lemon-Haze.jpg\",\"datePublished\":\"2022-02-20T19:50:54+00:00\",\"dateModified\":\"2022-03-17T12:12:51+00:00\",\"description\":\"Achetez la vari\u00e9t\u00e9 de marijuana Super Lemon Haze au Royaume-Uni, en Europe, des agrumes piquants et un hybride doux \u00e0 dominante Sativa. Cette fleur est une croix de citron skunk &amp; brume argent\u00e9e.\",\"breadcrumb\":{\"@id\":\"https:\/\/medicinasinc.com\/fr\/product\/acheter-super-lemon-haze\/#breadcrumb\"},\"inLanguage\":\"en-US\",\"potentialAction\":[{\"@type\":\"ReadAction\",\"target\":[\"https:\/\/medicinasinc.com\/fr\/product\/acheter-super-lemon-haze\/\"]}]},{\"@type\":\"ImageObject\",\"inLanguage\":\"en-US\",\"@id\":\"https:\/\/medicinasinc.com\/fr\/product\/acheter-super-lemon-haze\/#primaryimage\",\"url\":\"https:\/\/medicinasinc.com\/fr\/wp-content\/uploads\/sites\/5\/2022\/02\/Buy-Super-Lemon-Haze.jpg\",\"contentUrl\":\"https:\/\/medicinasinc.com\/fr\/wp-content\/uploads\/sites\/5\/2022\/02\/Buy-Super-Lemon-Haze.jpg\",\"width\":1080,\"height\":1080},{\"@type\":\"BreadcrumbList\",\"@id\":\"https:\/\/medicinasinc.com\/fr\/product\/acheter-super-lemon-haze\/#breadcrumb\",\"itemListElement\":[{\"@type\":\"ListItem\",\"position\":1,\"name\":\"Boutique\",\"item\":\"https:\/\/medicinasinc.com\/fr\/boutique\/\"},{\"@type\":\"ListItem\",\"position\":2,\"name\":\"Acheter Super Lemon Haze\"}]},{\"@type\":\"WebSite\",\"@id\":\"https:\/\/medicinasinc.com\/fr\/#website\",\"url\":\"https:\/\/medicinasinc.com\/fr\/\",\"name\":\"Medicinas Inc\",\"description\":\"Health Medical Clinic\",\"potentialAction\":[{\"@type\":\"SearchAction\",\"target\":{\"@type\":\"EntryPoint\",\"urlTemplate\":\"https:\/\/medicinasinc.com\/fr\/?s={search_term_string}\"},\"query-input\":{\"@type\":\"PropertyValueSpecification\",\"valueRequired\":true,\"valueName\":\"search_term_string\"}}],\"inLanguage\":\"en-US\"}]}<\/script>\n<!-- \/ Yoast SEO plugin. -->","yoast_head_json":{"title":"Acheter Super Lemon Haze - Meilleurs meilleurs m\u00e9dicaments mondiaux","description":"Achetez la vari\u00e9t\u00e9 de marijuana Super Lemon Haze au Royaume-Uni, en Europe, des agrumes piquants et un hybride doux \u00e0 dominante Sativa. Cette fleur est une croix de citron skunk &amp; brume argent\u00e9e.","robots":{"index":"index","follow":"follow","max-snippet":"max-snippet:-1","max-image-preview":"max-image-preview:large","max-video-preview":"max-video-preview:-1"},"canonical":"https:\/\/medicinasinc.com\/fr\/product\/acheter-super-lemon-haze\/","og_locale":"en_US","og_type":"article","og_title":"Acheter Super Lemon Haze - Meilleurs meilleurs m\u00e9dicaments mondiaux","og_description":"Achetez la vari\u00e9t\u00e9 de marijuana Super Lemon Haze au Royaume-Uni, en Europe, des agrumes piquants et un hybride doux \u00e0 dominante Sativa. Cette fleur est une croix de citron skunk &amp; brume argent\u00e9e.","og_url":"https:\/\/medicinasinc.com\/fr\/product\/acheter-super-lemon-haze\/","og_site_name":"Medicinas Inc","article_modified_time":"2022-03-17T12:12:51+00:00","og_image":[{"width":1080,"height":1080,"url":"https:\/\/medicinasinc.com\/fr\/wp-content\/uploads\/sites\/5\/2022\/02\/Buy-Super-Lemon-Haze.jpg","type":"image\/jpeg"}],"twitter_card":"summary_large_image","twitter_misc":{"Est. reading time":"3 minutes"},"schema":{"@context":"https:\/\/schema.org","@graph":[{"@type":"WebPage","@id":"https:\/\/medicinasinc.com\/fr\/product\/acheter-super-lemon-haze\/","url":"https:\/\/medicinasinc.com\/fr\/product\/acheter-super-lemon-haze\/","name":"Acheter Super Lemon Haze - Meilleurs meilleurs m\u00e9dicaments mondiaux","isPartOf":{"@id":"https:\/\/medicinasinc.com\/fr\/#website"},"primaryImageOfPage":{"@id":"https:\/\/medicinasinc.com\/fr\/product\/acheter-super-lemon-haze\/#primaryimage"},"image":{"@id":"https:\/\/medicinasinc.com\/fr\/product\/acheter-super-lemon-haze\/#primaryimage"},"thumbnailUrl":"https:\/\/medicinasinc.com\/fr\/wp-content\/uploads\/sites\/5\/2022\/02\/Buy-Super-Lemon-Haze.jpg","datePublished":"2022-02-20T19:50:54+00:00","dateModified":"2022-03-17T12:12:51+00:00","description":"Achetez la vari\u00e9t\u00e9 de marijuana Super Lemon Haze au Royaume-Uni, en Europe, des agrumes piquants et un hybride doux \u00e0 dominante Sativa. Cette fleur est une croix de citron skunk &amp; brume argent\u00e9e.","breadcrumb":{"@id":"https:\/\/medicinasinc.com\/fr\/product\/acheter-super-lemon-haze\/#breadcrumb"},"inLanguage":"en-US","potentialAction":[{"@type":"ReadAction","target":["https:\/\/medicinasinc.com\/fr\/product\/acheter-super-lemon-haze\/"]}]},{"@type":"ImageObject","inLanguage":"en-US","@id":"https:\/\/medicinasinc.com\/fr\/product\/acheter-super-lemon-haze\/#primaryimage","url":"https:\/\/medicinasinc.com\/fr\/wp-content\/uploads\/sites\/5\/2022\/02\/Buy-Super-Lemon-Haze.jpg","contentUrl":"https:\/\/medicinasinc.com\/fr\/wp-content\/uploads\/sites\/5\/2022\/02\/Buy-Super-Lemon-Haze.jpg","width":1080,"height":1080},{"@type":"BreadcrumbList","@id":"https:\/\/medicinasinc.com\/fr\/product\/acheter-super-lemon-haze\/#breadcrumb","itemListElement":[{"@type":"ListItem","position":1,"name":"Boutique","item":"https:\/\/medicinasinc.com\/fr\/boutique\/"},{"@type":"ListItem","position":2,"name":"Acheter Super Lemon Haze"}]},{"@type":"WebSite","@id":"https:\/\/medicinasinc.com\/fr\/#website","url":"https:\/\/medicinasinc.com\/fr\/","name":"Medicinas Inc","description":"Health Medical Clinic","potentialAction":[{"@type":"SearchAction","target":{"@type":"EntryPoint","urlTemplate":"https:\/\/medicinasinc.com\/fr\/?s={search_term_string}"},"query-input":{"@type":"PropertyValueSpecification","valueRequired":true,"valueName":"search_term_string"}}],"inLanguage":"en-US"}]}},"_links":{"self":[{"href":"https:\/\/medicinasinc.com\/fr\/wp-json\/wp\/v2\/product\/5068","targetHints":{"allow":["GET"]}}],"collection":[{"href":"https:\/\/medicinasinc.com\/fr\/wp-json\/wp\/v2\/product"}],"about":[{"href":"https:\/\/medicinasinc.com\/fr\/wp-json\/wp\/v2\/types\/product"}],"replies":[{"embeddable":true,"href":"https:\/\/medicinasinc.com\/fr\/wp-json\/wp\/v2\/comments?post=5068"}],"wp:featuredmedia":[{"embeddable":true,"href":"https:\/\/medicinasinc.com\/fr\/wp-json\/wp\/v2\/media\/5085"}],"wp:attachment":[{"href":"https:\/\/medicinasinc.com\/fr\/wp-json\/wp\/v2\/media?parent=5068"}],"wp:term":[{"taxonomy":"product_brand","embeddable":true,"href":"https:\/\/medicinasinc.com\/fr\/wp-json\/wp\/v2\/product_brand?post=5068"},{"taxonomy":"product_cat","embeddable":true,"href":"https:\/\/medicinasinc.com\/fr\/wp-json\/wp\/v2\/product_cat?post=5068"},{"taxonomy":"product_tag","embeddable":true,"href":"https:\/\/medicinasinc.com\/fr\/wp-json\/wp\/v2\/product_tag?post=5068"}],"curies":[{"name":"wp","href":"https:\/\/api.w.org\/{rel}","templated":true}]}}