{"id":5066,"date":"2022-02-20T19:49:25","date_gmt":"2022-02-20T19:49:25","guid":{"rendered":"https:\/\/medicinasinc.com\/fr\/?post_type=product&#038;p=5066"},"modified":"2022-03-17T12:13:04","modified_gmt":"2022-03-17T12:13:04","slug":"acheter-snoops-dream-marijuana","status":"publish","type":"product","link":"https:\/\/medicinasinc.com\/fr\/product\/acheter-snoops-dream-marijuana\/","title":{"rendered":"Acheter de la marijuana R\u00eave de Snoop"},"content":{"rendered":"<p><strong>La vari\u00e9t\u00e9 de marijuana Snoops Dream peut \u00eatre achet\u00e9e en ligne.<\/strong><\/p>\n<p>La vari\u00e9t\u00e9 de marijuana Snoops Dream peut \u00eatre achet\u00e9e en ligne.<\/p>\n<p>Effets<br \/> Cr\u00e9atif, \u00e9nergisant , Euphorie, Giggly, Heureux, Relaxant, \u00c9difiant<br \/> Peut soulager<br \/> Trouble bipolaire, Douleur chronique, D\u00e9pression, Fatigue, Maux de t\u00eate, Insomnie, SPM, ESPT, Stress<br \/> Saveurs<br \/> Baie, Myrtille, Beurre, Pin, Sucr\u00e9, Sucr\u00e9, Vanille<\/p>\n","protected":false},"excerpt":{"rendered":"<p>Acheter Snoops Dream Marijuana Strain peut \u00eatre achet\u00e9 en ligne. Snoop&#8217;s Dream est une vari\u00e9t\u00e9 de marijuana d\u00e9velopp\u00e9e par Snoop Dogg. Hybride &#8211; 50\u00a0% Sativa, 50\u00a0% Indica THC\u00a0: 26\u00a0%<\/p>\n<p>Snoop&#8217;s Dream est une vari\u00e9t\u00e9 de cannabis nomm\u00e9e d&#8217;apr\u00e8s l&#8217;artiste hip-hop Snoop Dog. Il a montr\u00e9 un int\u00e9r\u00eat consid\u00e9rable pour le secteur de la marijuana.<\/p>\n<p>Snoop&#8217;s Dream est une vari\u00e9t\u00e9 de marijuana d\u00e9velopp\u00e9e par Snoop Dogg. Hybride &#8211; 50 % Sativa, 50 % Indica Teneur en THC : 26 %. Nous offrons la possibilit\u00e9 d&#8217;acheter de la marijuana m\u00e9dicale en ligne, de la wax&amp;shatter et de l&#8217;herbe.<\/p>\n","protected":false},"featured_media":5083,"comment_status":"open","ping_status":"closed","template":"","meta":[],"product_brand":[],"product_cat":[778],"product_tag":[1014,1013,1015,1011,1016,1012,1017,1018],"class_list":{"0":"post-5066","1":"product","2":"type-product","3":"status-publish","4":"has-post-thumbnail","6":"product_cat-mauvaises-herbes-a-vendre","7":"product_tag-feuilles-par-souches-snoop","8":"product_tag-grandir-snoops-rve","9":"product_tag-master-kush-prix","10":"product_tag-prix-de-rve-bleu","11":"product_tag-snoop-dawg-souche-redbud-roots","12":"product_tag-rve-chien-souche","13":"product_tag-snoop-souches","14":"product_tag-snoops-dream-wikileaf","16":"first","17":"instock","18":"shipping-taxable","19":"purchasable","20":"product-type-variable","21":"has-default-attributes"},"yoast_head":"<!-- This site is optimized with the Yoast SEO plugin v27.3 - https:\/\/yoast.com\/product\/yoast-seo-wordpress\/ -->\n<title>Acheter Snoops Dream Marijuana - Meilleurs meilleurs m\u00e9dicaments mondiaux<\/title>\n<meta name=\"description\" content=\"Traverser le Blue Dream avec Master Kush, deux vari\u00e9t\u00e9s vibrantes et puissantes dites \u00eatre ... C&#039;est la meilleure plate-forme pour acheter de la marijuana Snoop&#039;s Dream \u00e0 vendre.\" \/>\n<meta name=\"robots\" content=\"index, follow, max-snippet:-1, max-image-preview:large, max-video-preview:-1\" \/>\n<link rel=\"canonical\" href=\"https:\/\/medicinasinc.com\/fr\/product\/acheter-snoops-dream-marijuana\/\" \/>\n<meta property=\"og:locale\" content=\"en_US\" \/>\n<meta property=\"og:type\" content=\"article\" \/>\n<meta property=\"og:title\" content=\"Acheter Snoops Dream Marijuana - Meilleurs meilleurs m\u00e9dicaments mondiaux\" \/>\n<meta property=\"og:description\" content=\"Traverser le Blue Dream avec Master Kush, deux vari\u00e9t\u00e9s vibrantes et puissantes dites \u00eatre ... C&#039;est la meilleure plate-forme pour acheter de la marijuana Snoop&#039;s Dream \u00e0 vendre.\" \/>\n<meta property=\"og:url\" content=\"https:\/\/medicinasinc.com\/fr\/product\/acheter-snoops-dream-marijuana\/\" \/>\n<meta property=\"og:site_name\" content=\"Medicinas Inc\" \/>\n<meta property=\"article:modified_time\" content=\"2022-03-17T12:13:04+00:00\" \/>\n<meta property=\"og:image\" content=\"https:\/\/medicinasinc.com\/fr\/wp-content\/uploads\/sites\/5\/2022\/02\/Buy-Snoops-Dream-Marijuana.jpg\" \/>\n\t<meta property=\"og:image:width\" content=\"2000\" \/>\n\t<meta property=\"og:image:height\" content=\"1333\" \/>\n\t<meta property=\"og:image:type\" content=\"image\/jpeg\" \/>\n<meta name=\"twitter:card\" content=\"summary_large_image\" \/>\n<meta name=\"twitter:label1\" content=\"Est. reading time\" \/>\n\t<meta name=\"twitter:data1\" content=\"1 minute\" \/>\n<script type=\"application\/ld+json\" class=\"yoast-schema-graph\">{\"@context\":\"https:\\\/\\\/schema.org\",\"@graph\":[{\"@type\":\"WebPage\",\"@id\":\"https:\\\/\\\/medicinasinc.com\\\/fr\\\/product\\\/acheter-snoops-dream-marijuana\\\/\",\"url\":\"https:\\\/\\\/medicinasinc.com\\\/fr\\\/product\\\/acheter-snoops-dream-marijuana\\\/\",\"name\":\"Acheter Snoops Dream Marijuana - Meilleurs meilleurs m\u00e9dicaments mondiaux\",\"isPartOf\":{\"@id\":\"https:\\\/\\\/medicinasinc.com\\\/fr\\\/#website\"},\"primaryImageOfPage\":{\"@id\":\"https:\\\/\\\/medicinasinc.com\\\/fr\\\/product\\\/acheter-snoops-dream-marijuana\\\/#primaryimage\"},\"image\":{\"@id\":\"https:\\\/\\\/medicinasinc.com\\\/fr\\\/product\\\/acheter-snoops-dream-marijuana\\\/#primaryimage\"},\"thumbnailUrl\":\"https:\\\/\\\/medicinasinc.com\\\/fr\\\/wp-content\\\/uploads\\\/sites\\\/5\\\/2022\\\/02\\\/Buy-Snoops-Dream-Marijuana.jpg\",\"datePublished\":\"2022-02-20T19:49:25+00:00\",\"dateModified\":\"2022-03-17T12:13:04+00:00\",\"description\":\"Traverser le Blue Dream avec Master Kush, deux vari\u00e9t\u00e9s vibrantes et puissantes dites \u00eatre ... C'est la meilleure plate-forme pour acheter de la marijuana Snoop's Dream \u00e0 vendre.\",\"breadcrumb\":{\"@id\":\"https:\\\/\\\/medicinasinc.com\\\/fr\\\/product\\\/acheter-snoops-dream-marijuana\\\/#breadcrumb\"},\"inLanguage\":\"en-US\",\"potentialAction\":[{\"@type\":\"ReadAction\",\"target\":[\"https:\\\/\\\/medicinasinc.com\\\/fr\\\/product\\\/acheter-snoops-dream-marijuana\\\/\"]}]},{\"@type\":\"ImageObject\",\"inLanguage\":\"en-US\",\"@id\":\"https:\\\/\\\/medicinasinc.com\\\/fr\\\/product\\\/acheter-snoops-dream-marijuana\\\/#primaryimage\",\"url\":\"https:\\\/\\\/medicinasinc.com\\\/fr\\\/wp-content\\\/uploads\\\/sites\\\/5\\\/2022\\\/02\\\/Buy-Snoops-Dream-Marijuana.jpg\",\"contentUrl\":\"https:\\\/\\\/medicinasinc.com\\\/fr\\\/wp-content\\\/uploads\\\/sites\\\/5\\\/2022\\\/02\\\/Buy-Snoops-Dream-Marijuana.jpg\",\"width\":2000,\"height\":1333},{\"@type\":\"BreadcrumbList\",\"@id\":\"https:\\\/\\\/medicinasinc.com\\\/fr\\\/product\\\/acheter-snoops-dream-marijuana\\\/#breadcrumb\",\"itemListElement\":[{\"@type\":\"ListItem\",\"position\":1,\"name\":\"Boutique\",\"item\":\"https:\\\/\\\/medicinasinc.com\\\/fr\\\/boutique\\\/\"},{\"@type\":\"ListItem\",\"position\":2,\"name\":\"Acheter de la marijuana R\u00eave de Snoop\"}]},{\"@type\":\"WebSite\",\"@id\":\"https:\\\/\\\/medicinasinc.com\\\/fr\\\/#website\",\"url\":\"https:\\\/\\\/medicinasinc.com\\\/fr\\\/\",\"name\":\"Medicinas Inc\",\"description\":\"Health Medical Clinic\",\"potentialAction\":[{\"@type\":\"SearchAction\",\"target\":{\"@type\":\"EntryPoint\",\"urlTemplate\":\"https:\\\/\\\/medicinasinc.com\\\/fr\\\/?s={search_term_string}\"},\"query-input\":{\"@type\":\"PropertyValueSpecification\",\"valueRequired\":true,\"valueName\":\"search_term_string\"}}],\"inLanguage\":\"en-US\"}]}<\/script>\n<!-- \/ Yoast SEO plugin. -->","yoast_head_json":{"title":"Acheter Snoops Dream Marijuana - Meilleurs meilleurs m\u00e9dicaments mondiaux","description":"Traverser le Blue Dream avec Master Kush, deux vari\u00e9t\u00e9s vibrantes et puissantes dites \u00eatre ... C'est la meilleure plate-forme pour acheter de la marijuana Snoop's Dream \u00e0 vendre.","robots":{"index":"index","follow":"follow","max-snippet":"max-snippet:-1","max-image-preview":"max-image-preview:large","max-video-preview":"max-video-preview:-1"},"canonical":"https:\/\/medicinasinc.com\/fr\/product\/acheter-snoops-dream-marijuana\/","og_locale":"en_US","og_type":"article","og_title":"Acheter Snoops Dream Marijuana - Meilleurs meilleurs m\u00e9dicaments mondiaux","og_description":"Traverser le Blue Dream avec Master Kush, deux vari\u00e9t\u00e9s vibrantes et puissantes dites \u00eatre ... C'est la meilleure plate-forme pour acheter de la marijuana Snoop's Dream \u00e0 vendre.","og_url":"https:\/\/medicinasinc.com\/fr\/product\/acheter-snoops-dream-marijuana\/","og_site_name":"Medicinas Inc","article_modified_time":"2022-03-17T12:13:04+00:00","og_image":[{"width":2000,"height":1333,"url":"https:\/\/medicinasinc.com\/fr\/wp-content\/uploads\/sites\/5\/2022\/02\/Buy-Snoops-Dream-Marijuana.jpg","type":"image\/jpeg"}],"twitter_card":"summary_large_image","twitter_misc":{"Est. reading time":"1 minute"},"schema":{"@context":"https:\/\/schema.org","@graph":[{"@type":"WebPage","@id":"https:\/\/medicinasinc.com\/fr\/product\/acheter-snoops-dream-marijuana\/","url":"https:\/\/medicinasinc.com\/fr\/product\/acheter-snoops-dream-marijuana\/","name":"Acheter Snoops Dream Marijuana - Meilleurs meilleurs m\u00e9dicaments mondiaux","isPartOf":{"@id":"https:\/\/medicinasinc.com\/fr\/#website"},"primaryImageOfPage":{"@id":"https:\/\/medicinasinc.com\/fr\/product\/acheter-snoops-dream-marijuana\/#primaryimage"},"image":{"@id":"https:\/\/medicinasinc.com\/fr\/product\/acheter-snoops-dream-marijuana\/#primaryimage"},"thumbnailUrl":"https:\/\/medicinasinc.com\/fr\/wp-content\/uploads\/sites\/5\/2022\/02\/Buy-Snoops-Dream-Marijuana.jpg","datePublished":"2022-02-20T19:49:25+00:00","dateModified":"2022-03-17T12:13:04+00:00","description":"Traverser le Blue Dream avec Master Kush, deux vari\u00e9t\u00e9s vibrantes et puissantes dites \u00eatre ... C'est la meilleure plate-forme pour acheter de la marijuana Snoop's Dream \u00e0 vendre.","breadcrumb":{"@id":"https:\/\/medicinasinc.com\/fr\/product\/acheter-snoops-dream-marijuana\/#breadcrumb"},"inLanguage":"en-US","potentialAction":[{"@type":"ReadAction","target":["https:\/\/medicinasinc.com\/fr\/product\/acheter-snoops-dream-marijuana\/"]}]},{"@type":"ImageObject","inLanguage":"en-US","@id":"https:\/\/medicinasinc.com\/fr\/product\/acheter-snoops-dream-marijuana\/#primaryimage","url":"https:\/\/medicinasinc.com\/fr\/wp-content\/uploads\/sites\/5\/2022\/02\/Buy-Snoops-Dream-Marijuana.jpg","contentUrl":"https:\/\/medicinasinc.com\/fr\/wp-content\/uploads\/sites\/5\/2022\/02\/Buy-Snoops-Dream-Marijuana.jpg","width":2000,"height":1333},{"@type":"BreadcrumbList","@id":"https:\/\/medicinasinc.com\/fr\/product\/acheter-snoops-dream-marijuana\/#breadcrumb","itemListElement":[{"@type":"ListItem","position":1,"name":"Boutique","item":"https:\/\/medicinasinc.com\/fr\/boutique\/"},{"@type":"ListItem","position":2,"name":"Acheter de la marijuana R\u00eave de Snoop"}]},{"@type":"WebSite","@id":"https:\/\/medicinasinc.com\/fr\/#website","url":"https:\/\/medicinasinc.com\/fr\/","name":"Medicinas Inc","description":"Health Medical Clinic","potentialAction":[{"@type":"SearchAction","target":{"@type":"EntryPoint","urlTemplate":"https:\/\/medicinasinc.com\/fr\/?s={search_term_string}"},"query-input":{"@type":"PropertyValueSpecification","valueRequired":true,"valueName":"search_term_string"}}],"inLanguage":"en-US"}]}},"_links":{"self":[{"href":"https:\/\/medicinasinc.com\/fr\/wp-json\/wp\/v2\/product\/5066","targetHints":{"allow":["GET"]}}],"collection":[{"href":"https:\/\/medicinasinc.com\/fr\/wp-json\/wp\/v2\/product"}],"about":[{"href":"https:\/\/medicinasinc.com\/fr\/wp-json\/wp\/v2\/types\/product"}],"replies":[{"embeddable":true,"href":"https:\/\/medicinasinc.com\/fr\/wp-json\/wp\/v2\/comments?post=5066"}],"wp:featuredmedia":[{"embeddable":true,"href":"https:\/\/medicinasinc.com\/fr\/wp-json\/wp\/v2\/media\/5083"}],"wp:attachment":[{"href":"https:\/\/medicinasinc.com\/fr\/wp-json\/wp\/v2\/media?parent=5066"}],"wp:term":[{"taxonomy":"product_brand","embeddable":true,"href":"https:\/\/medicinasinc.com\/fr\/wp-json\/wp\/v2\/product_brand?post=5066"},{"taxonomy":"product_cat","embeddable":true,"href":"https:\/\/medicinasinc.com\/fr\/wp-json\/wp\/v2\/product_cat?post=5066"},{"taxonomy":"product_tag","embeddable":true,"href":"https:\/\/medicinasinc.com\/fr\/wp-json\/wp\/v2\/product_tag?post=5066"}],"curies":[{"name":"wp","href":"https:\/\/api.w.org\/{rel}","templated":true}]}}