{"id":5047,"date":"2022-02-20T19:35:13","date_gmt":"2022-02-20T19:35:13","guid":{"rendered":"https:\/\/medicinasinc.com\/fr\/?post_type=product&#038;p=5047"},"modified":"2022-03-17T12:13:15","modified_gmt":"2022-03-17T12:13:15","slug":"acheter-purple-dragon-marijuana-aaaaa","status":"publish","type":"product","link":"https:\/\/medicinasinc.com\/fr\/product\/acheter-purple-dragon-marijuana-aaaaa\/","title":{"rendered":"Acheter de la marijuana Purple Dragon (AAAAA)"},"content":{"rendered":"<p>Cannabis Purple Dragon (AAAAA) &#8211; 30\u00a0% Sativa \/ 60\u00a0% Indica<\/p>\n<p>Purple Dragon est une vari\u00e9t\u00e9 hybride \u00e0 dominance indica cr\u00e9\u00e9e en croisant la puissante Purple Urkle avec la Blue Dragon. Purple Dragon donne un high \u00e9quilibr\u00e9 qui apaise et d\u00e9tend l&#8217;esprit et le corps. Cette vari\u00e9t\u00e9 g\u00e9n\u00e8re un ar\u00f4me assez inhabituel, combinant la sauge musqu\u00e9e avec une saveur florale distinctive qui persiste en bouche. Apr\u00e8s avoir inhal\u00e9 cette souche, l&#8217;esprit devient \u00e9nergis\u00e9 et une forte euphorie dissipe rapidement l&#8217;inqui\u00e9tude et la d\u00e9pression. Purple Dragon offre d&#8217;abord aux utilisateurs une clart\u00e9 mentale exaltante et stimulante; cependant, ces avantages s&#8217;estompent progressivement pour laisser aux utilisateurs des heures de soulagement de la douleur et de s\u00e9dation. Les douleurs corporelles g\u00e9n\u00e9rales s&#8217;att\u00e9nueront \u00e0 mesure que le corps de l&#8217;utilisateur entrera progressivement dans un \u00e9tat de relaxation ressenti \u00e0 la fois physiquement et mentalement. Purple Dragon est une option de traitement utile pour une vari\u00e9t\u00e9 de maladies, y compris l&#8217;anxi\u00e9t\u00e9, la d\u00e9pression, les troubles de l&#8217;humeur, l&#8217;\u00e9puisement physique, les migraines\/maux de t\u00eate, la douleur chronique et la perte d&#8217;app\u00e9tit.<\/p>\n<div class=\"product-next-previous\">\n<div class=\"product-prev\"><\/div><\/div>\n","protected":false},"excerpt":{"rendered":"<p>Purple Dragon Crassula (Crassula multicava) est une succulente \u00e9tonnante et color\u00e9e qui a de gros &amp; #8230; Achetez trois articles ou plus et recevez-les pour 10,80\u00a0$ chacun.<\/p>\n<ul>\n<li>AAAAA repr\u00e9sente le meilleur des meilleurs\u00a0!<\/li>\n<li>Contactez-nous pour les commandes en gros<\/li>\n<li>Dans le monde entier exp\u00e9dition.<\/li>\n<\/ul>\n","protected":false},"featured_media":5067,"comment_status":"open","ping_status":"closed","template":"","meta":[],"product_brand":[],"product_cat":[778],"product_tag":[1008,1007,1006,1010,1009],"class_list":{"0":"post-5047","1":"product","2":"type-product","3":"status-publish","4":"has-post-thumbnail","6":"product_cat-mauvaises-herbes-a-vendre","7":"product_tag-avis-cisailles-dragon-violet","8":"product_tag-dessin-anim-dragon-violet-et-vert","9":"product_tag-green-and-purple-dragon-names","10":"product_tag-purple-dragon-stuffed-animal-big","11":"product_tag-site-web-du-dragon-cisailles-violet","13":"first","14":"instock","15":"shipping-taxable","16":"purchasable","17":"product-type-variable","18":"has-default-attributes"},"yoast_head":"<!-- This site is optimized with the Yoast SEO plugin v27.3 - https:\/\/yoast.com\/product\/yoast-seo-wordpress\/ -->\n<title>Acheter Purple Dragon (AAAAA) - Meilleurs meilleurs m\u00e9dicaments mondiaux<\/title>\n<meta name=\"description\" content=\"Achetez la vari\u00e9t\u00e9 de marijuana Purple Dragon. \u00c9th\u00e9r\u00e9 et surr\u00e9aliste, le dragon violet est le gardien des cristaux surnaturels. Peint num\u00e9riquement par Tobias Vyseri.\" \/>\n<meta name=\"robots\" content=\"index, follow, max-snippet:-1, max-image-preview:large, max-video-preview:-1\" \/>\n<link rel=\"canonical\" href=\"https:\/\/medicinasinc.com\/fr\/product\/acheter-purple-dragon-marijuana-aaaaa\/\" \/>\n<meta property=\"og:locale\" content=\"en_US\" \/>\n<meta property=\"og:type\" content=\"article\" \/>\n<meta property=\"og:title\" content=\"Acheter Purple Dragon (AAAAA) - Meilleurs meilleurs m\u00e9dicaments mondiaux\" \/>\n<meta property=\"og:description\" content=\"Achetez la vari\u00e9t\u00e9 de marijuana Purple Dragon. \u00c9th\u00e9r\u00e9 et surr\u00e9aliste, le dragon violet est le gardien des cristaux surnaturels. Peint num\u00e9riquement par Tobias Vyseri.\" \/>\n<meta property=\"og:url\" content=\"https:\/\/medicinasinc.com\/fr\/product\/acheter-purple-dragon-marijuana-aaaaa\/\" \/>\n<meta property=\"og:site_name\" content=\"Medicinas Inc\" \/>\n<meta property=\"article:modified_time\" content=\"2022-03-17T12:13:15+00:00\" \/>\n<meta property=\"og:image\" content=\"https:\/\/medicinasinc.com\/fr\/wp-content\/uploads\/sites\/5\/2022\/02\/Buy-Purple-Dragon.jpg\" \/>\n\t<meta property=\"og:image:width\" content=\"541\" \/>\n\t<meta property=\"og:image:height\" content=\"459\" \/>\n\t<meta property=\"og:image:type\" content=\"image\/jpeg\" \/>\n<meta name=\"twitter:card\" content=\"summary_large_image\" \/>\n<meta name=\"twitter:label1\" content=\"Est. reading time\" \/>\n\t<meta name=\"twitter:data1\" content=\"1 minute\" \/>\n<script type=\"application\/ld+json\" class=\"yoast-schema-graph\">{\"@context\":\"https:\\\/\\\/schema.org\",\"@graph\":[{\"@type\":\"WebPage\",\"@id\":\"https:\\\/\\\/medicinasinc.com\\\/fr\\\/product\\\/acheter-purple-dragon-marijuana-aaaaa\\\/\",\"url\":\"https:\\\/\\\/medicinasinc.com\\\/fr\\\/product\\\/acheter-purple-dragon-marijuana-aaaaa\\\/\",\"name\":\"Acheter Purple Dragon (AAAAA) - Meilleurs meilleurs m\u00e9dicaments mondiaux\",\"isPartOf\":{\"@id\":\"https:\\\/\\\/medicinasinc.com\\\/fr\\\/#website\"},\"primaryImageOfPage\":{\"@id\":\"https:\\\/\\\/medicinasinc.com\\\/fr\\\/product\\\/acheter-purple-dragon-marijuana-aaaaa\\\/#primaryimage\"},\"image\":{\"@id\":\"https:\\\/\\\/medicinasinc.com\\\/fr\\\/product\\\/acheter-purple-dragon-marijuana-aaaaa\\\/#primaryimage\"},\"thumbnailUrl\":\"https:\\\/\\\/medicinasinc.com\\\/fr\\\/wp-content\\\/uploads\\\/sites\\\/5\\\/2022\\\/02\\\/Buy-Purple-Dragon.jpg\",\"datePublished\":\"2022-02-20T19:35:13+00:00\",\"dateModified\":\"2022-03-17T12:13:15+00:00\",\"description\":\"Achetez la vari\u00e9t\u00e9 de marijuana Purple Dragon. \u00c9th\u00e9r\u00e9 et surr\u00e9aliste, le dragon violet est le gardien des cristaux surnaturels. Peint num\u00e9riquement par Tobias Vyseri.\",\"breadcrumb\":{\"@id\":\"https:\\\/\\\/medicinasinc.com\\\/fr\\\/product\\\/acheter-purple-dragon-marijuana-aaaaa\\\/#breadcrumb\"},\"inLanguage\":\"en-US\",\"potentialAction\":[{\"@type\":\"ReadAction\",\"target\":[\"https:\\\/\\\/medicinasinc.com\\\/fr\\\/product\\\/acheter-purple-dragon-marijuana-aaaaa\\\/\"]}]},{\"@type\":\"ImageObject\",\"inLanguage\":\"en-US\",\"@id\":\"https:\\\/\\\/medicinasinc.com\\\/fr\\\/product\\\/acheter-purple-dragon-marijuana-aaaaa\\\/#primaryimage\",\"url\":\"https:\\\/\\\/medicinasinc.com\\\/fr\\\/wp-content\\\/uploads\\\/sites\\\/5\\\/2022\\\/02\\\/Buy-Purple-Dragon.jpg\",\"contentUrl\":\"https:\\\/\\\/medicinasinc.com\\\/fr\\\/wp-content\\\/uploads\\\/sites\\\/5\\\/2022\\\/02\\\/Buy-Purple-Dragon.jpg\",\"width\":541,\"height\":459},{\"@type\":\"BreadcrumbList\",\"@id\":\"https:\\\/\\\/medicinasinc.com\\\/fr\\\/product\\\/acheter-purple-dragon-marijuana-aaaaa\\\/#breadcrumb\",\"itemListElement\":[{\"@type\":\"ListItem\",\"position\":1,\"name\":\"Boutique\",\"item\":\"https:\\\/\\\/medicinasinc.com\\\/fr\\\/boutique\\\/\"},{\"@type\":\"ListItem\",\"position\":2,\"name\":\"Acheter de la marijuana Purple Dragon (AAAAA)\"}]},{\"@type\":\"WebSite\",\"@id\":\"https:\\\/\\\/medicinasinc.com\\\/fr\\\/#website\",\"url\":\"https:\\\/\\\/medicinasinc.com\\\/fr\\\/\",\"name\":\"Medicinas Inc\",\"description\":\"Health Medical Clinic\",\"potentialAction\":[{\"@type\":\"SearchAction\",\"target\":{\"@type\":\"EntryPoint\",\"urlTemplate\":\"https:\\\/\\\/medicinasinc.com\\\/fr\\\/?s={search_term_string}\"},\"query-input\":{\"@type\":\"PropertyValueSpecification\",\"valueRequired\":true,\"valueName\":\"search_term_string\"}}],\"inLanguage\":\"en-US\"}]}<\/script>\n<!-- \/ Yoast SEO plugin. -->","yoast_head_json":{"title":"Acheter Purple Dragon (AAAAA) - Meilleurs meilleurs m\u00e9dicaments mondiaux","description":"Achetez la vari\u00e9t\u00e9 de marijuana Purple Dragon. \u00c9th\u00e9r\u00e9 et surr\u00e9aliste, le dragon violet est le gardien des cristaux surnaturels. Peint num\u00e9riquement par Tobias Vyseri.","robots":{"index":"index","follow":"follow","max-snippet":"max-snippet:-1","max-image-preview":"max-image-preview:large","max-video-preview":"max-video-preview:-1"},"canonical":"https:\/\/medicinasinc.com\/fr\/product\/acheter-purple-dragon-marijuana-aaaaa\/","og_locale":"en_US","og_type":"article","og_title":"Acheter Purple Dragon (AAAAA) - Meilleurs meilleurs m\u00e9dicaments mondiaux","og_description":"Achetez la vari\u00e9t\u00e9 de marijuana Purple Dragon. \u00c9th\u00e9r\u00e9 et surr\u00e9aliste, le dragon violet est le gardien des cristaux surnaturels. Peint num\u00e9riquement par Tobias Vyseri.","og_url":"https:\/\/medicinasinc.com\/fr\/product\/acheter-purple-dragon-marijuana-aaaaa\/","og_site_name":"Medicinas Inc","article_modified_time":"2022-03-17T12:13:15+00:00","og_image":[{"width":541,"height":459,"url":"https:\/\/medicinasinc.com\/fr\/wp-content\/uploads\/sites\/5\/2022\/02\/Buy-Purple-Dragon.jpg","type":"image\/jpeg"}],"twitter_card":"summary_large_image","twitter_misc":{"Est. reading time":"1 minute"},"schema":{"@context":"https:\/\/schema.org","@graph":[{"@type":"WebPage","@id":"https:\/\/medicinasinc.com\/fr\/product\/acheter-purple-dragon-marijuana-aaaaa\/","url":"https:\/\/medicinasinc.com\/fr\/product\/acheter-purple-dragon-marijuana-aaaaa\/","name":"Acheter Purple Dragon (AAAAA) - Meilleurs meilleurs m\u00e9dicaments mondiaux","isPartOf":{"@id":"https:\/\/medicinasinc.com\/fr\/#website"},"primaryImageOfPage":{"@id":"https:\/\/medicinasinc.com\/fr\/product\/acheter-purple-dragon-marijuana-aaaaa\/#primaryimage"},"image":{"@id":"https:\/\/medicinasinc.com\/fr\/product\/acheter-purple-dragon-marijuana-aaaaa\/#primaryimage"},"thumbnailUrl":"https:\/\/medicinasinc.com\/fr\/wp-content\/uploads\/sites\/5\/2022\/02\/Buy-Purple-Dragon.jpg","datePublished":"2022-02-20T19:35:13+00:00","dateModified":"2022-03-17T12:13:15+00:00","description":"Achetez la vari\u00e9t\u00e9 de marijuana Purple Dragon. \u00c9th\u00e9r\u00e9 et surr\u00e9aliste, le dragon violet est le gardien des cristaux surnaturels. Peint num\u00e9riquement par Tobias Vyseri.","breadcrumb":{"@id":"https:\/\/medicinasinc.com\/fr\/product\/acheter-purple-dragon-marijuana-aaaaa\/#breadcrumb"},"inLanguage":"en-US","potentialAction":[{"@type":"ReadAction","target":["https:\/\/medicinasinc.com\/fr\/product\/acheter-purple-dragon-marijuana-aaaaa\/"]}]},{"@type":"ImageObject","inLanguage":"en-US","@id":"https:\/\/medicinasinc.com\/fr\/product\/acheter-purple-dragon-marijuana-aaaaa\/#primaryimage","url":"https:\/\/medicinasinc.com\/fr\/wp-content\/uploads\/sites\/5\/2022\/02\/Buy-Purple-Dragon.jpg","contentUrl":"https:\/\/medicinasinc.com\/fr\/wp-content\/uploads\/sites\/5\/2022\/02\/Buy-Purple-Dragon.jpg","width":541,"height":459},{"@type":"BreadcrumbList","@id":"https:\/\/medicinasinc.com\/fr\/product\/acheter-purple-dragon-marijuana-aaaaa\/#breadcrumb","itemListElement":[{"@type":"ListItem","position":1,"name":"Boutique","item":"https:\/\/medicinasinc.com\/fr\/boutique\/"},{"@type":"ListItem","position":2,"name":"Acheter de la marijuana Purple Dragon (AAAAA)"}]},{"@type":"WebSite","@id":"https:\/\/medicinasinc.com\/fr\/#website","url":"https:\/\/medicinasinc.com\/fr\/","name":"Medicinas Inc","description":"Health Medical Clinic","potentialAction":[{"@type":"SearchAction","target":{"@type":"EntryPoint","urlTemplate":"https:\/\/medicinasinc.com\/fr\/?s={search_term_string}"},"query-input":{"@type":"PropertyValueSpecification","valueRequired":true,"valueName":"search_term_string"}}],"inLanguage":"en-US"}]}},"_links":{"self":[{"href":"https:\/\/medicinasinc.com\/fr\/wp-json\/wp\/v2\/product\/5047","targetHints":{"allow":["GET"]}}],"collection":[{"href":"https:\/\/medicinasinc.com\/fr\/wp-json\/wp\/v2\/product"}],"about":[{"href":"https:\/\/medicinasinc.com\/fr\/wp-json\/wp\/v2\/types\/product"}],"replies":[{"embeddable":true,"href":"https:\/\/medicinasinc.com\/fr\/wp-json\/wp\/v2\/comments?post=5047"}],"wp:featuredmedia":[{"embeddable":true,"href":"https:\/\/medicinasinc.com\/fr\/wp-json\/wp\/v2\/media\/5067"}],"wp:attachment":[{"href":"https:\/\/medicinasinc.com\/fr\/wp-json\/wp\/v2\/media?parent=5047"}],"wp:term":[{"taxonomy":"product_brand","embeddable":true,"href":"https:\/\/medicinasinc.com\/fr\/wp-json\/wp\/v2\/product_brand?post=5047"},{"taxonomy":"product_cat","embeddable":true,"href":"https:\/\/medicinasinc.com\/fr\/wp-json\/wp\/v2\/product_cat?post=5047"},{"taxonomy":"product_tag","embeddable":true,"href":"https:\/\/medicinasinc.com\/fr\/wp-json\/wp\/v2\/product_tag?post=5047"}],"curies":[{"name":"wp","href":"https:\/\/api.w.org\/{rel}","templated":true}]}}