{"id":5046,"date":"2022-02-20T19:34:10","date_gmt":"2022-02-20T19:34:10","guid":{"rendered":"https:\/\/medicinasinc.com\/fr\/?post_type=product&#038;p=5046"},"modified":"2022-03-17T12:13:26","modified_gmt":"2022-03-17T12:13:26","slug":"achat-fondue-chocolat-souche","status":"publish","type":"product","link":"https:\/\/medicinasinc.com\/fr\/product\/achat-fondue-chocolat-souche\/","title":{"rendered":"Acheter une souche de fondue au chocolat"},"content":{"rendered":"<p>Informations sur la vari\u00e9t\u00e9 Chocolate Fondue<\/p>\n<p>Chocolate Fondue est un croisement \u00e0 dominance Sativa d\u00e9velopp\u00e9 par DNA Genetics qui combine les pouvoirs \u00e9l\u00e9vateurs de Chocolope avec les effets calmants et les saveurs uniques d&#8217;Exodus Cheese.<\/p>\n<p>Les effets de Fondue au chocolat apaisent le corps et apaisent l&#8217;esprit, vous ber\u00e7ant dans un \u00e9tat de conscience agr\u00e9able. Cette vari\u00e9t\u00e9 de cannabis est excellente de jour comme de nuit en raison de son parfum vari\u00e9 et de ses saveurs sucr\u00e9es.<\/p>\n<p>Propri\u00e9t\u00e9s m\u00e9dicinales de la vari\u00e9t\u00e9 Chocolate Fondue<\/p>\n<p>Il existe de nombreuses raisons d&#8217;utiliser des vari\u00e9t\u00e9s de cannabis. Voici les six principales raisons d&#8217;envisager de les employer. Naturellement, plus la puissance est \u00e9lev\u00e9e, plus le high est fort\u00a0!<\/p>\n<p>1 \u2013 Soulage la douleur chronique<\/p>\n<p>Le cannabis contient une composition chimique qui aide \u00e0 r\u00e9duire la douleur. G\u00e9n\u00e9ralement, la couleur du cannabis indique \u00e9galement sa puissance. De nombreuses personnes ont d\u00e9couvert que cela \u00e9tait vrai.<\/p>\n<p>2 &#8211; Augmentation de la capacit\u00e9 des poumons<\/p>\n<p>\u00cates-vous au courant\u00a0? Fumer du cannabis est de loin sup\u00e9rieur \u00e0 fumer des cigarettes. De plus, cela vous aidera \u00e0 augmenter votre capacit\u00e9 pulmonaire.<\/p>\n<p>3 \u2013 Ob\u00e9sit\u00e9<\/p>\n<p>La grande majorit\u00e9 des consommateurs de marijuana ne sont pas ob\u00e8ses. En effet, l&#8217;utilisation r\u00e9guli\u00e8re de cette fleur de marijuana vous aidera \u00e0 contr\u00f4ler votre consommation de calories.<\/p>\n<p>4 &#8211; Pr\u00e9vention du diab\u00e8te<\/p>\n<p>Une fois diagnostiqu\u00e9 avec le diab\u00e8te, vous l&#8217;aurez pour le reste de votre la vie. Vous pouvez simplement g\u00e9rer votre glyc\u00e9mie afin qu&#8217;elle ne continue pas \u00e0 augmenter.<\/p>\n<p>Le cannabis peut aider \u00e0 stabiliser la glyc\u00e9mie et \u00e0 r\u00e9duire la tension art\u00e9rielle\u00a0!<\/p>\n<p>5 &#8211; Aide les personnes d\u00e9prim\u00e9es<\/p>\n<p> p&gt; <\/p>\n<p>Certaines personnes sont d\u00e9prim\u00e9es sans s&#8217;en rendre compte. Le cannabis peut aider \u00e0 calmer votre humeur en cas de d\u00e9pression.<\/p>\n<p>O\u00f9 acheter une souche de fondue au chocolat au Canada<\/p>\n<p>Bien qu&#8217;il existe d&#8217;autres dispensaires au Canada o\u00f9 vous pouvez obtenir de la fondue au chocolat souche de mauvaises herbes, notre dispensaire de Mail Order Marijuana propose certains des produits de la plus haute qualit\u00e9 disponibles.<\/p>\n<p>Nous vous garantissons que vous recevrez des produits de haute qualit\u00e9 ou nous vous rembourserons votre argent\u00a0!<\/p>\n<p>De plus , les commandes de plus de 100\u00a0$ b\u00e9n\u00e9ficient de la livraison gratuite\u00a0!<\/p>\n","protected":false},"excerpt":{"rendered":"<div class=\"woocommerce-product-details__short-description\">\n<p>Achetez une souche de fondue au chocolat de qualit\u00e9 en ligne. Chocolate Fondue Strain est un hybride \u00e0 dominance sativa &#8211; 80\u00a0% Sativa \/ 20\u00a0% Indica THC\u00a0: 17\u00a0%<\/p>\n<\/p><\/div>\n","protected":false},"featured_media":5065,"comment_status":"open","ping_status":"closed","template":"","meta":[],"product_brand":[],"product_cat":[778],"product_tag":[1004,1005],"class_list":{"0":"post-5046","1":"product","2":"type-product","3":"status-publish","4":"has-post-thumbnail","6":"product_cat-mauvaises-herbes-a-vendre","7":"product_tag-souche-fondue-au-fromage","8":"product_tag-chocolat-fudge-souche","10":"first","11":"instock","12":"shipping-taxable","13":"purchasable","14":"product-type-variable","15":"has-default-attributes"},"yoast_head":"<!-- This site is optimized with the Yoast SEO plugin v27.3 - https:\/\/yoast.com\/product\/yoast-seo-wordpress\/ -->\n<title>Acheter une souche de fondue au chocolat de qualit\u00e9 en ligne - Best Global Meds<\/title>\n<meta name=\"description\" content=\"Acheter une souche de fondue au chocolat de qualit\u00e9 en ligne. Chocolate Fondue Strain est un hybride \u00e0 dominance sativa \u2013 80 % Sativa \/ 20 % Indica THC : 17 %\" \/>\n<meta name=\"robots\" content=\"index, follow, max-snippet:-1, max-image-preview:large, max-video-preview:-1\" \/>\n<link rel=\"canonical\" href=\"https:\/\/medicinasinc.com\/fr\/product\/achat-fondue-chocolat-souche\/\" \/>\n<meta property=\"og:locale\" content=\"en_US\" \/>\n<meta property=\"og:type\" content=\"article\" \/>\n<meta property=\"og:title\" content=\"Acheter une souche de fondue au chocolat de qualit\u00e9 en ligne - Best Global Meds\" \/>\n<meta property=\"og:description\" content=\"Acheter une souche de fondue au chocolat de qualit\u00e9 en ligne. Chocolate Fondue Strain est un hybride \u00e0 dominance sativa \u2013 80 % Sativa \/ 20 % Indica THC : 17 %\" \/>\n<meta property=\"og:url\" content=\"https:\/\/medicinasinc.com\/fr\/product\/achat-fondue-chocolat-souche\/\" \/>\n<meta property=\"og:site_name\" content=\"Medicinas Inc\" \/>\n<meta property=\"article:modified_time\" content=\"2022-03-17T12:13:26+00:00\" \/>\n<meta property=\"og:image\" content=\"https:\/\/medicinasinc.com\/fr\/wp-content\/uploads\/sites\/5\/2022\/02\/Buy-Quality-Chocolate-Fondue.jpg\" \/>\n\t<meta property=\"og:image:width\" content=\"667\" \/>\n\t<meta property=\"og:image:height\" content=\"1000\" \/>\n\t<meta property=\"og:image:type\" content=\"image\/jpeg\" \/>\n<meta name=\"twitter:card\" content=\"summary_large_image\" \/>\n<meta name=\"twitter:label1\" content=\"Est. reading time\" \/>\n\t<meta name=\"twitter:data1\" content=\"2 minutes\" \/>\n<script type=\"application\/ld+json\" class=\"yoast-schema-graph\">{\"@context\":\"https:\\\/\\\/schema.org\",\"@graph\":[{\"@type\":\"WebPage\",\"@id\":\"https:\\\/\\\/medicinasinc.com\\\/fr\\\/product\\\/achat-fondue-chocolat-souche\\\/\",\"url\":\"https:\\\/\\\/medicinasinc.com\\\/fr\\\/product\\\/achat-fondue-chocolat-souche\\\/\",\"name\":\"Acheter une souche de fondue au chocolat de qualit\u00e9 en ligne - Best Global Meds\",\"isPartOf\":{\"@id\":\"https:\\\/\\\/medicinasinc.com\\\/fr\\\/#website\"},\"primaryImageOfPage\":{\"@id\":\"https:\\\/\\\/medicinasinc.com\\\/fr\\\/product\\\/achat-fondue-chocolat-souche\\\/#primaryimage\"},\"image\":{\"@id\":\"https:\\\/\\\/medicinasinc.com\\\/fr\\\/product\\\/achat-fondue-chocolat-souche\\\/#primaryimage\"},\"thumbnailUrl\":\"https:\\\/\\\/medicinasinc.com\\\/fr\\\/wp-content\\\/uploads\\\/sites\\\/5\\\/2022\\\/02\\\/Buy-Quality-Chocolate-Fondue.jpg\",\"datePublished\":\"2022-02-20T19:34:10+00:00\",\"dateModified\":\"2022-03-17T12:13:26+00:00\",\"description\":\"Acheter une souche de fondue au chocolat de qualit\u00e9 en ligne. Chocolate Fondue Strain est un hybride \u00e0 dominance sativa \u2013 80 % Sativa \\\/ 20 % Indica THC : 17 %\",\"breadcrumb\":{\"@id\":\"https:\\\/\\\/medicinasinc.com\\\/fr\\\/product\\\/achat-fondue-chocolat-souche\\\/#breadcrumb\"},\"inLanguage\":\"en-US\",\"potentialAction\":[{\"@type\":\"ReadAction\",\"target\":[\"https:\\\/\\\/medicinasinc.com\\\/fr\\\/product\\\/achat-fondue-chocolat-souche\\\/\"]}]},{\"@type\":\"ImageObject\",\"inLanguage\":\"en-US\",\"@id\":\"https:\\\/\\\/medicinasinc.com\\\/fr\\\/product\\\/achat-fondue-chocolat-souche\\\/#primaryimage\",\"url\":\"https:\\\/\\\/medicinasinc.com\\\/fr\\\/wp-content\\\/uploads\\\/sites\\\/5\\\/2022\\\/02\\\/Buy-Quality-Chocolate-Fondue.jpg\",\"contentUrl\":\"https:\\\/\\\/medicinasinc.com\\\/fr\\\/wp-content\\\/uploads\\\/sites\\\/5\\\/2022\\\/02\\\/Buy-Quality-Chocolate-Fondue.jpg\",\"width\":667,\"height\":1000},{\"@type\":\"BreadcrumbList\",\"@id\":\"https:\\\/\\\/medicinasinc.com\\\/fr\\\/product\\\/achat-fondue-chocolat-souche\\\/#breadcrumb\",\"itemListElement\":[{\"@type\":\"ListItem\",\"position\":1,\"name\":\"Boutique\",\"item\":\"https:\\\/\\\/medicinasinc.com\\\/fr\\\/boutique\\\/\"},{\"@type\":\"ListItem\",\"position\":2,\"name\":\"Acheter une souche de fondue au chocolat\"}]},{\"@type\":\"WebSite\",\"@id\":\"https:\\\/\\\/medicinasinc.com\\\/fr\\\/#website\",\"url\":\"https:\\\/\\\/medicinasinc.com\\\/fr\\\/\",\"name\":\"Medicinas Inc\",\"description\":\"Health Medical Clinic\",\"potentialAction\":[{\"@type\":\"SearchAction\",\"target\":{\"@type\":\"EntryPoint\",\"urlTemplate\":\"https:\\\/\\\/medicinasinc.com\\\/fr\\\/?s={search_term_string}\"},\"query-input\":{\"@type\":\"PropertyValueSpecification\",\"valueRequired\":true,\"valueName\":\"search_term_string\"}}],\"inLanguage\":\"en-US\"}]}<\/script>\n<!-- \/ Yoast SEO plugin. -->","yoast_head_json":{"title":"Acheter une souche de fondue au chocolat de qualit\u00e9 en ligne - Best Global Meds","description":"Acheter une souche de fondue au chocolat de qualit\u00e9 en ligne. Chocolate Fondue Strain est un hybride \u00e0 dominance sativa \u2013 80 % Sativa \/ 20 % Indica THC : 17 %","robots":{"index":"index","follow":"follow","max-snippet":"max-snippet:-1","max-image-preview":"max-image-preview:large","max-video-preview":"max-video-preview:-1"},"canonical":"https:\/\/medicinasinc.com\/fr\/product\/achat-fondue-chocolat-souche\/","og_locale":"en_US","og_type":"article","og_title":"Acheter une souche de fondue au chocolat de qualit\u00e9 en ligne - Best Global Meds","og_description":"Acheter une souche de fondue au chocolat de qualit\u00e9 en ligne. Chocolate Fondue Strain est un hybride \u00e0 dominance sativa \u2013 80 % Sativa \/ 20 % Indica THC : 17 %","og_url":"https:\/\/medicinasinc.com\/fr\/product\/achat-fondue-chocolat-souche\/","og_site_name":"Medicinas Inc","article_modified_time":"2022-03-17T12:13:26+00:00","og_image":[{"width":667,"height":1000,"url":"https:\/\/medicinasinc.com\/fr\/wp-content\/uploads\/sites\/5\/2022\/02\/Buy-Quality-Chocolate-Fondue.jpg","type":"image\/jpeg"}],"twitter_card":"summary_large_image","twitter_misc":{"Est. reading time":"2 minutes"},"schema":{"@context":"https:\/\/schema.org","@graph":[{"@type":"WebPage","@id":"https:\/\/medicinasinc.com\/fr\/product\/achat-fondue-chocolat-souche\/","url":"https:\/\/medicinasinc.com\/fr\/product\/achat-fondue-chocolat-souche\/","name":"Acheter une souche de fondue au chocolat de qualit\u00e9 en ligne - Best Global Meds","isPartOf":{"@id":"https:\/\/medicinasinc.com\/fr\/#website"},"primaryImageOfPage":{"@id":"https:\/\/medicinasinc.com\/fr\/product\/achat-fondue-chocolat-souche\/#primaryimage"},"image":{"@id":"https:\/\/medicinasinc.com\/fr\/product\/achat-fondue-chocolat-souche\/#primaryimage"},"thumbnailUrl":"https:\/\/medicinasinc.com\/fr\/wp-content\/uploads\/sites\/5\/2022\/02\/Buy-Quality-Chocolate-Fondue.jpg","datePublished":"2022-02-20T19:34:10+00:00","dateModified":"2022-03-17T12:13:26+00:00","description":"Acheter une souche de fondue au chocolat de qualit\u00e9 en ligne. Chocolate Fondue Strain est un hybride \u00e0 dominance sativa \u2013 80 % Sativa \/ 20 % Indica THC : 17 %","breadcrumb":{"@id":"https:\/\/medicinasinc.com\/fr\/product\/achat-fondue-chocolat-souche\/#breadcrumb"},"inLanguage":"en-US","potentialAction":[{"@type":"ReadAction","target":["https:\/\/medicinasinc.com\/fr\/product\/achat-fondue-chocolat-souche\/"]}]},{"@type":"ImageObject","inLanguage":"en-US","@id":"https:\/\/medicinasinc.com\/fr\/product\/achat-fondue-chocolat-souche\/#primaryimage","url":"https:\/\/medicinasinc.com\/fr\/wp-content\/uploads\/sites\/5\/2022\/02\/Buy-Quality-Chocolate-Fondue.jpg","contentUrl":"https:\/\/medicinasinc.com\/fr\/wp-content\/uploads\/sites\/5\/2022\/02\/Buy-Quality-Chocolate-Fondue.jpg","width":667,"height":1000},{"@type":"BreadcrumbList","@id":"https:\/\/medicinasinc.com\/fr\/product\/achat-fondue-chocolat-souche\/#breadcrumb","itemListElement":[{"@type":"ListItem","position":1,"name":"Boutique","item":"https:\/\/medicinasinc.com\/fr\/boutique\/"},{"@type":"ListItem","position":2,"name":"Acheter une souche de fondue au chocolat"}]},{"@type":"WebSite","@id":"https:\/\/medicinasinc.com\/fr\/#website","url":"https:\/\/medicinasinc.com\/fr\/","name":"Medicinas Inc","description":"Health Medical Clinic","potentialAction":[{"@type":"SearchAction","target":{"@type":"EntryPoint","urlTemplate":"https:\/\/medicinasinc.com\/fr\/?s={search_term_string}"},"query-input":{"@type":"PropertyValueSpecification","valueRequired":true,"valueName":"search_term_string"}}],"inLanguage":"en-US"}]}},"_links":{"self":[{"href":"https:\/\/medicinasinc.com\/fr\/wp-json\/wp\/v2\/product\/5046","targetHints":{"allow":["GET"]}}],"collection":[{"href":"https:\/\/medicinasinc.com\/fr\/wp-json\/wp\/v2\/product"}],"about":[{"href":"https:\/\/medicinasinc.com\/fr\/wp-json\/wp\/v2\/types\/product"}],"replies":[{"embeddable":true,"href":"https:\/\/medicinasinc.com\/fr\/wp-json\/wp\/v2\/comments?post=5046"}],"wp:featuredmedia":[{"embeddable":true,"href":"https:\/\/medicinasinc.com\/fr\/wp-json\/wp\/v2\/media\/5065"}],"wp:attachment":[{"href":"https:\/\/medicinasinc.com\/fr\/wp-json\/wp\/v2\/media?parent=5046"}],"wp:term":[{"taxonomy":"product_brand","embeddable":true,"href":"https:\/\/medicinasinc.com\/fr\/wp-json\/wp\/v2\/product_brand?post=5046"},{"taxonomy":"product_cat","embeddable":true,"href":"https:\/\/medicinasinc.com\/fr\/wp-json\/wp\/v2\/product_cat?post=5046"},{"taxonomy":"product_tag","embeddable":true,"href":"https:\/\/medicinasinc.com\/fr\/wp-json\/wp\/v2\/product_tag?post=5046"}],"curies":[{"name":"wp","href":"https:\/\/api.w.org\/{rel}","templated":true}]}}