{"id":5045,"date":"2022-02-20T19:32:59","date_gmt":"2022-02-20T19:32:59","guid":{"rendered":"https:\/\/medicinasinc.com\/fr\/?post_type=product&#038;p=5045"},"modified":"2022-03-17T12:13:39","modified_gmt":"2022-03-17T12:13:39","slug":"acheter-rocky-mountain-myrtille","status":"publish","type":"product","link":"https:\/\/medicinasinc.com\/fr\/product\/acheter-rocky-mountain-myrtille\/","title":{"rendered":"Acheter des bleuets des montagnes Rocheuses"},"content":{"rendered":"<h1><a href=\"https:\/\/www.bestglobalmeds.com\/product\/marijuana\/rocky-mountain\/\">Acheter la vari\u00e9t\u00e9 Rocky Mountain Blueberry<\/a><\/h1>\n<p>Rocky Mountain Blueberry est \u00e0 dominante Indica Hybride &#8211; 70\u00a0% Indica \/ 30\u00a0% Sativa THC\u00a0: 15\u00a0% &#8211; 18\u00a0%<\/p>\n<p>Effets<br \/> \u00c9veill\u00e9, Cr\u00e9atif, \u00c9nergisant, Heureux, Motivant, Relaxant<br \/> Peut soulager<br \/> La d\u00e9pression , Fatigue, Glaucome, Maux de t\u00eate, Stress<br \/> Saveurs<br \/> Baie, Bonbon, Fruit\u00e9, Doux<br \/> Ar\u00f4mes<br \/> Baie, Myrtille, Terreux, Herbal, Doux<\/p>\n<p>Rocheux Mountain Blueberry est une vari\u00e9t\u00e9 hybride \u00e0 dominante indica issue des vari\u00e9t\u00e9s incroyablement savoureuses Shishkaberry et Blueberry. Cette vari\u00e9t\u00e9 est bien connue pour sa saveur s\u00e9duisante &#8211; semblable \u00e0 de succulentes myrtilles fra\u00eechement cueillies ou \u00e0 un bonbon juteux \u00e0 saveur de myrtille ! L&#8217;ar\u00f4me est tout aussi d\u00e9licieux, avec des notes de myrtilles terreuses, de pin frais et une pinc\u00e9e de citron. L&#8217;effet Rocky Mountain Blueberry est aussi doux que savoureux, avec des effets stimulants et revigorants qui sont id\u00e9aux pour se pr\u00e9parer \u00e0 une aventure en plein air. Vous vous sentirez \u00e0 l&#8217;aise tout en \u00e9tant pr\u00eat \u00e0 faire une randonn\u00e9e, nager, courir ou quoi que ce soit d&#8217;autre qui vous vient \u00e0 l&#8217;esprit pendant que vous \u00eates \u00e0 l&#8217;ext\u00e9rieur. Cette humeur peut parfois \u00eatre l\u00e9g\u00e8rement picotante, ce qui vous rend un peu anxieux et l\u00e9g\u00e8rement excit\u00e9. Rocky Mountain Blueberry serait id\u00e9al pour traiter des affections telles que l&#8217;\u00e9puisement, la d\u00e9pression, les maux de t\u00eate ou les migraines, le glaucome ou l&#8217;hypertension oculaire en raison de ces effets et de sa teneur moyenne significative en THC de 15 \u00e0 18 %. Des p\u00e9pites vert olive fonc\u00e9 avec des nuances bleues et un rev\u00eatement de trichomes de couleur lavande vive caract\u00e9risent ce bourgeon.<\/p>\n","protected":false},"excerpt":{"rendered":"<div class=\"woocommerce-product-details__short-description\">\n<p>Achat en ligne de Rocky Mountain Blueberry Strain. Rocky Mountain Blueberry est un hybride Indica dominant &#8211; 70% Indica \/ 30% Sativa. Teneur en THC de la sativa\u00a0: 15\u00a0% \u00e0 18\u00a0%<\/p>\n<p>Rocky Mountain Blueberry est une vari\u00e9t\u00e9 hybride \u00e0 dominance indica issue des parents incroyablement savoureux Shishkaberry X Blueberry.<\/p>\n<\/p><\/div>\n","protected":false},"featured_media":5063,"comment_status":"open","ping_status":"closed","template":"","meta":[],"product_brand":[],"product_cat":[778],"product_tag":[996,997,999,1001,1003,1000,998,1002],"class_list":{"0":"post-5045","1":"product","2":"type-product","3":"status-publish","4":"has-post-thumbnail","6":"product_cat-mauvaises-herbes-a-vendre","7":"product_tag-blueberry-strain-allbud","8":"product_tag-mikado-souche-feuille","9":"product_tag-montagne-et","10":"product_tag-rocky-mountain-high-strain","11":"product_tag-souche-de-baies-suisses","12":"product_tag-rocky-mountain-feu-souche","13":"product_tag-montagne-berry-kush-souche","14":"product_tag-shazam-souche-feuille","16":"first","17":"instock","18":"shipping-taxable","19":"purchasable","20":"product-type-variable","21":"has-default-attributes"},"yoast_head":"<!-- This site is optimized with the Yoast SEO plugin v27.3 - https:\/\/yoast.com\/product\/yoast-seo-wordpress\/ -->\n<title>Acheter la souche Rocky Mountain Blueberry - Meilleurs m\u00e9dicaments mondiaux<\/title>\n<meta name=\"description\" content=\"Acheter la vari\u00e9t\u00e9 Rocky Mountain Blueberry Rocky Mountain Blueberry est un hybride \u00e0 dominante Indica - 70 % Indica \/ 30 % Sativa THC : 15 % - 18 % Effets excit\u00e9s, cr\u00e9atifs.\" \/>\n<meta name=\"robots\" content=\"index, follow, max-snippet:-1, max-image-preview:large, max-video-preview:-1\" \/>\n<link rel=\"canonical\" href=\"https:\/\/medicinasinc.com\/fr\/product\/acheter-rocky-mountain-myrtille\/\" \/>\n<meta property=\"og:locale\" content=\"en_US\" \/>\n<meta property=\"og:type\" content=\"article\" \/>\n<meta property=\"og:title\" content=\"Acheter la souche Rocky Mountain Blueberry - Meilleurs m\u00e9dicaments mondiaux\" \/>\n<meta property=\"og:description\" content=\"Acheter la vari\u00e9t\u00e9 Rocky Mountain Blueberry Rocky Mountain Blueberry est un hybride \u00e0 dominante Indica - 70 % Indica \/ 30 % Sativa THC : 15 % - 18 % Effets excit\u00e9s, cr\u00e9atifs.\" \/>\n<meta property=\"og:url\" content=\"https:\/\/medicinasinc.com\/fr\/product\/acheter-rocky-mountain-myrtille\/\" \/>\n<meta property=\"og:site_name\" content=\"Medicinas Inc\" \/>\n<meta property=\"article:modified_time\" content=\"2022-03-17T12:13:39+00:00\" \/>\n<meta property=\"og:image\" content=\"https:\/\/medicinasinc.com\/fr\/wp-content\/uploads\/sites\/5\/2022\/02\/Buy-Rocky-Mountain-Blueberry.jpg\" \/>\n\t<meta property=\"og:image:width\" content=\"1200\" \/>\n\t<meta property=\"og:image:height\" content=\"630\" \/>\n\t<meta property=\"og:image:type\" content=\"image\/jpeg\" \/>\n<meta name=\"twitter:card\" content=\"summary_large_image\" \/>\n<meta name=\"twitter:label1\" content=\"Est. reading time\" \/>\n\t<meta name=\"twitter:data1\" content=\"1 minute\" \/>\n<script type=\"application\/ld+json\" class=\"yoast-schema-graph\">{\"@context\":\"https:\\\/\\\/schema.org\",\"@graph\":[{\"@type\":\"WebPage\",\"@id\":\"https:\\\/\\\/medicinasinc.com\\\/fr\\\/product\\\/acheter-rocky-mountain-myrtille\\\/\",\"url\":\"https:\\\/\\\/medicinasinc.com\\\/fr\\\/product\\\/acheter-rocky-mountain-myrtille\\\/\",\"name\":\"Acheter la souche Rocky Mountain Blueberry - Meilleurs m\u00e9dicaments mondiaux\",\"isPartOf\":{\"@id\":\"https:\\\/\\\/medicinasinc.com\\\/fr\\\/#website\"},\"primaryImageOfPage\":{\"@id\":\"https:\\\/\\\/medicinasinc.com\\\/fr\\\/product\\\/acheter-rocky-mountain-myrtille\\\/#primaryimage\"},\"image\":{\"@id\":\"https:\\\/\\\/medicinasinc.com\\\/fr\\\/product\\\/acheter-rocky-mountain-myrtille\\\/#primaryimage\"},\"thumbnailUrl\":\"https:\\\/\\\/medicinasinc.com\\\/fr\\\/wp-content\\\/uploads\\\/sites\\\/5\\\/2022\\\/02\\\/Buy-Rocky-Mountain-Blueberry.jpg\",\"datePublished\":\"2022-02-20T19:32:59+00:00\",\"dateModified\":\"2022-03-17T12:13:39+00:00\",\"description\":\"Acheter la vari\u00e9t\u00e9 Rocky Mountain Blueberry Rocky Mountain Blueberry est un hybride \u00e0 dominante Indica - 70 % Indica \\\/ 30 % Sativa THC : 15 % - 18 % Effets excit\u00e9s, cr\u00e9atifs.\",\"breadcrumb\":{\"@id\":\"https:\\\/\\\/medicinasinc.com\\\/fr\\\/product\\\/acheter-rocky-mountain-myrtille\\\/#breadcrumb\"},\"inLanguage\":\"en-US\",\"potentialAction\":[{\"@type\":\"ReadAction\",\"target\":[\"https:\\\/\\\/medicinasinc.com\\\/fr\\\/product\\\/acheter-rocky-mountain-myrtille\\\/\"]}]},{\"@type\":\"ImageObject\",\"inLanguage\":\"en-US\",\"@id\":\"https:\\\/\\\/medicinasinc.com\\\/fr\\\/product\\\/acheter-rocky-mountain-myrtille\\\/#primaryimage\",\"url\":\"https:\\\/\\\/medicinasinc.com\\\/fr\\\/wp-content\\\/uploads\\\/sites\\\/5\\\/2022\\\/02\\\/Buy-Rocky-Mountain-Blueberry.jpg\",\"contentUrl\":\"https:\\\/\\\/medicinasinc.com\\\/fr\\\/wp-content\\\/uploads\\\/sites\\\/5\\\/2022\\\/02\\\/Buy-Rocky-Mountain-Blueberry.jpg\",\"width\":1200,\"height\":630},{\"@type\":\"BreadcrumbList\",\"@id\":\"https:\\\/\\\/medicinasinc.com\\\/fr\\\/product\\\/acheter-rocky-mountain-myrtille\\\/#breadcrumb\",\"itemListElement\":[{\"@type\":\"ListItem\",\"position\":1,\"name\":\"Boutique\",\"item\":\"https:\\\/\\\/medicinasinc.com\\\/fr\\\/boutique\\\/\"},{\"@type\":\"ListItem\",\"position\":2,\"name\":\"Acheter des bleuets des montagnes Rocheuses\"}]},{\"@type\":\"WebSite\",\"@id\":\"https:\\\/\\\/medicinasinc.com\\\/fr\\\/#website\",\"url\":\"https:\\\/\\\/medicinasinc.com\\\/fr\\\/\",\"name\":\"Medicinas Inc\",\"description\":\"Health Medical Clinic\",\"potentialAction\":[{\"@type\":\"SearchAction\",\"target\":{\"@type\":\"EntryPoint\",\"urlTemplate\":\"https:\\\/\\\/medicinasinc.com\\\/fr\\\/?s={search_term_string}\"},\"query-input\":{\"@type\":\"PropertyValueSpecification\",\"valueRequired\":true,\"valueName\":\"search_term_string\"}}],\"inLanguage\":\"en-US\"}]}<\/script>\n<!-- \/ Yoast SEO plugin. -->","yoast_head_json":{"title":"Acheter la souche Rocky Mountain Blueberry - Meilleurs m\u00e9dicaments mondiaux","description":"Acheter la vari\u00e9t\u00e9 Rocky Mountain Blueberry Rocky Mountain Blueberry est un hybride \u00e0 dominante Indica - 70 % Indica \/ 30 % Sativa THC : 15 % - 18 % Effets excit\u00e9s, cr\u00e9atifs.","robots":{"index":"index","follow":"follow","max-snippet":"max-snippet:-1","max-image-preview":"max-image-preview:large","max-video-preview":"max-video-preview:-1"},"canonical":"https:\/\/medicinasinc.com\/fr\/product\/acheter-rocky-mountain-myrtille\/","og_locale":"en_US","og_type":"article","og_title":"Acheter la souche Rocky Mountain Blueberry - Meilleurs m\u00e9dicaments mondiaux","og_description":"Acheter la vari\u00e9t\u00e9 Rocky Mountain Blueberry Rocky Mountain Blueberry est un hybride \u00e0 dominante Indica - 70 % Indica \/ 30 % Sativa THC : 15 % - 18 % Effets excit\u00e9s, cr\u00e9atifs.","og_url":"https:\/\/medicinasinc.com\/fr\/product\/acheter-rocky-mountain-myrtille\/","og_site_name":"Medicinas Inc","article_modified_time":"2022-03-17T12:13:39+00:00","og_image":[{"width":1200,"height":630,"url":"https:\/\/medicinasinc.com\/fr\/wp-content\/uploads\/sites\/5\/2022\/02\/Buy-Rocky-Mountain-Blueberry.jpg","type":"image\/jpeg"}],"twitter_card":"summary_large_image","twitter_misc":{"Est. reading time":"1 minute"},"schema":{"@context":"https:\/\/schema.org","@graph":[{"@type":"WebPage","@id":"https:\/\/medicinasinc.com\/fr\/product\/acheter-rocky-mountain-myrtille\/","url":"https:\/\/medicinasinc.com\/fr\/product\/acheter-rocky-mountain-myrtille\/","name":"Acheter la souche Rocky Mountain Blueberry - Meilleurs m\u00e9dicaments mondiaux","isPartOf":{"@id":"https:\/\/medicinasinc.com\/fr\/#website"},"primaryImageOfPage":{"@id":"https:\/\/medicinasinc.com\/fr\/product\/acheter-rocky-mountain-myrtille\/#primaryimage"},"image":{"@id":"https:\/\/medicinasinc.com\/fr\/product\/acheter-rocky-mountain-myrtille\/#primaryimage"},"thumbnailUrl":"https:\/\/medicinasinc.com\/fr\/wp-content\/uploads\/sites\/5\/2022\/02\/Buy-Rocky-Mountain-Blueberry.jpg","datePublished":"2022-02-20T19:32:59+00:00","dateModified":"2022-03-17T12:13:39+00:00","description":"Acheter la vari\u00e9t\u00e9 Rocky Mountain Blueberry Rocky Mountain Blueberry est un hybride \u00e0 dominante Indica - 70 % Indica \/ 30 % Sativa THC : 15 % - 18 % Effets excit\u00e9s, cr\u00e9atifs.","breadcrumb":{"@id":"https:\/\/medicinasinc.com\/fr\/product\/acheter-rocky-mountain-myrtille\/#breadcrumb"},"inLanguage":"en-US","potentialAction":[{"@type":"ReadAction","target":["https:\/\/medicinasinc.com\/fr\/product\/acheter-rocky-mountain-myrtille\/"]}]},{"@type":"ImageObject","inLanguage":"en-US","@id":"https:\/\/medicinasinc.com\/fr\/product\/acheter-rocky-mountain-myrtille\/#primaryimage","url":"https:\/\/medicinasinc.com\/fr\/wp-content\/uploads\/sites\/5\/2022\/02\/Buy-Rocky-Mountain-Blueberry.jpg","contentUrl":"https:\/\/medicinasinc.com\/fr\/wp-content\/uploads\/sites\/5\/2022\/02\/Buy-Rocky-Mountain-Blueberry.jpg","width":1200,"height":630},{"@type":"BreadcrumbList","@id":"https:\/\/medicinasinc.com\/fr\/product\/acheter-rocky-mountain-myrtille\/#breadcrumb","itemListElement":[{"@type":"ListItem","position":1,"name":"Boutique","item":"https:\/\/medicinasinc.com\/fr\/boutique\/"},{"@type":"ListItem","position":2,"name":"Acheter des bleuets des montagnes Rocheuses"}]},{"@type":"WebSite","@id":"https:\/\/medicinasinc.com\/fr\/#website","url":"https:\/\/medicinasinc.com\/fr\/","name":"Medicinas Inc","description":"Health Medical Clinic","potentialAction":[{"@type":"SearchAction","target":{"@type":"EntryPoint","urlTemplate":"https:\/\/medicinasinc.com\/fr\/?s={search_term_string}"},"query-input":{"@type":"PropertyValueSpecification","valueRequired":true,"valueName":"search_term_string"}}],"inLanguage":"en-US"}]}},"_links":{"self":[{"href":"https:\/\/medicinasinc.com\/fr\/wp-json\/wp\/v2\/product\/5045","targetHints":{"allow":["GET"]}}],"collection":[{"href":"https:\/\/medicinasinc.com\/fr\/wp-json\/wp\/v2\/product"}],"about":[{"href":"https:\/\/medicinasinc.com\/fr\/wp-json\/wp\/v2\/types\/product"}],"replies":[{"embeddable":true,"href":"https:\/\/medicinasinc.com\/fr\/wp-json\/wp\/v2\/comments?post=5045"}],"wp:featuredmedia":[{"embeddable":true,"href":"https:\/\/medicinasinc.com\/fr\/wp-json\/wp\/v2\/media\/5063"}],"wp:attachment":[{"href":"https:\/\/medicinasinc.com\/fr\/wp-json\/wp\/v2\/media?parent=5045"}],"wp:term":[{"taxonomy":"product_brand","embeddable":true,"href":"https:\/\/medicinasinc.com\/fr\/wp-json\/wp\/v2\/product_brand?post=5045"},{"taxonomy":"product_cat","embeddable":true,"href":"https:\/\/medicinasinc.com\/fr\/wp-json\/wp\/v2\/product_cat?post=5045"},{"taxonomy":"product_tag","embeddable":true,"href":"https:\/\/medicinasinc.com\/fr\/wp-json\/wp\/v2\/product_tag?post=5045"}],"curies":[{"name":"wp","href":"https:\/\/api.w.org\/{rel}","templated":true}]}}