{"id":5044,"date":"2022-02-20T19:31:39","date_gmt":"2022-02-20T19:31:39","guid":{"rendered":"https:\/\/medicinasinc.com\/fr\/?post_type=product&#038;p=5044"},"modified":"2022-03-17T12:13:49","modified_gmt":"2022-03-17T12:13:49","slug":"acheter-purple-wreck-marijuana","status":"publish","type":"product","link":"https:\/\/medicinasinc.com\/fr\/product\/acheter-purple-wreck-marijuana\/","title":{"rendered":"Acheter de la marijuana Purple Wreck"},"content":{"rendered":"<div class=\"et_pb_column et_pb_column_3_8 et_pb_column_inner et_pb_column_inner_4 \">\n<div class=\"et_pb_module et_pb_text et_pb_text_6 et_pb_bg_layout_light et_pb_text_align_left\">\n<div class=\"et_pb_text_inner\">\n<p>Purple Wreck Marijuana pour<\/p>\n<p> souche hybride \u00e0 dominance indica qui a la capacit\u00e9 d&#8217;impressionner m\u00eame le consommateur de cannabis le plus chevronn\u00e9. Purple Wreck est un m\u00e9lange entre la tr\u00e8s populaire sativa Trainwreck et la Purple Urkle color\u00e9e et aromatique. Elle a \u00e9t\u00e9 cr\u00e9\u00e9e par DNA Genetics, les c\u00e9l\u00e8bres s\u00e9lectionneurs derri\u00e8re Chocolope et LA Confidential. Purple Wreck est un excellent choix pour une consommation de fin de journ\u00e9e en raison de son high corporel fort et apaisant et de sa saveur audacieuse. Analytical 360, une installation de test de cannabis, a d\u00e9couvert que des \u00e9chantillons de la souche contenaient des niveaux de THC allant de 10\u00a0% \u00e0 31\u00a0%.<\/p>\n<p>Purple Wreck se distingue par ses \u00e9normes fleurs parfaitement form\u00e9es. Ces bourgeons ont l&#8217;apparence d&#8217;arbres de No\u00ebl miniatures, s&#8217;effilant d&#8217;une large base \u00e0 une pointe pointue. Leur structure semble \u00eatre un croisement entre indica et sativa \u2013 bien que compactes et denses \u00e0 l&#8217;int\u00e9rieur, les feuilles s&#8217;enroulent vers l&#8217;ext\u00e9rieur avec une texture duveteuse \u00e0 l&#8217;ext\u00e9rieur. La v\u00e9ritable star de la vari\u00e9t\u00e9 sont ces feuilles, qui \u00e9blouissent les consommateurs avec une combinaison marbr\u00e9e de vert olive, violet et violet. Ces teintes violettes sont caus\u00e9es par un temps plus froid que la moyenne activant les pigments anthocyanes dans l&#8217;ADN de la vari\u00e9t\u00e9. Enfin, des trichomes blancs collants recouvrent toute la surface de ces \u00e9normes p\u00e9pites, leur donnant un aspect ros\u00e9 et givr\u00e9.<\/p>\n<p>Les hybrides de cannabis sont un croisement entre des vari\u00e9t\u00e9s indica et sativa. Alors que les conversations concernant les vari\u00e9t\u00e9s de cannabis ont tendance \u00e0 se concentrer sur les distinctions entre sativa et indica, ce n&#8217;est qu&#8217;un aspect de l&#8217;image. En effet, la majorit\u00e9 des cultivars de marijuana disponibles actuellement ne sont pas pure sativa. Typiquement, ce seront des hybrides \u00e0 dominance indica ou sativa, ou une combinaison 50\/50 des deux. Purple Wreck Achat en ligne<\/p>\n<p>Purple Wreck Achat en ligne<\/p>\n<\/p><\/div><\/div><\/div>\n<div class=\"product-next-previous\">\n<div class=\"product- prev\"><\/div><\/div>\n","protected":false},"excerpt":{"rendered":"<p>\u00c9pave violette &amp;#8211\u00a0; Achetez Purple Wreck en ligne &#8211; Purple Wreck est un hybride \u00e0 dominance indica qui a la capacit\u00e9 d&#8217;impressionner m\u00eame les consommateurs de cannabis les plus exp\u00e9riment\u00e9s.<\/p>\n<p>La vari\u00e9t\u00e9 de marijuana Purple Wreck peut \u00eatre achet\u00e9e en ligne.<\/p>\n<p>Purple Wreck Marijuana est une Indica souche de marijuana. Hybride dominant &#8211; 60\u00a0% Indica \/ 40\u00a0% Sativa Teneur en THC de sativa\u00a0: 18\u201325\u00a0%<\/p>\n<p>1 oz. minimum de commande<\/p>\n<p>&nbsp;<\/p>\n","protected":false},"featured_media":5061,"comment_status":"open","ping_status":"closed","template":"","meta":[],"product_brand":[],"product_cat":[778],"product_tag":[989,991,992,990,988,995,994,993],"class_list":{"0":"post-5044","1":"product","2":"type-product","3":"status-publish","4":"has-post-thumbnail","6":"product_cat-mauvaises-herbes-a-vendre","7":"product_tag-violet-trainwreck-souche-effets","8":"product_tag-feuille-dpave-pourpre","9":"product_tag-violet-pave-sativa-ou-indica","10":"product_tag-examen-de-la-souche-pourpre-trainwreck","11":"product_tag-prix-pave-violet","12":"product_tag-trainwreck-souche-prix","13":"product_tag-purple-wreck-strain-reserva-privada","14":"product_tag-violet-pave-souche-allbud","16":"first","17":"instock","18":"shipping-taxable","19":"purchasable","20":"product-type-simple"},"yoast_head":"<!-- This site is optimized with the Yoast SEO plugin v27.3 - https:\/\/yoast.com\/product\/yoast-seo-wordpress\/ -->\n<title>Acheter de la marijuana Purple Wreck - Meilleurs meilleurs m\u00e9dicaments mondiaux<\/title>\n<meta name=\"description\" content=\"Acheter de la marijuana Purple Wreck en ligne - Purple Wreck est un hybride \u00e0 dominance indica avec le pouvoir d&#039;impressionner m\u00eame les consommateurs de cannabis exp\u00e9riment\u00e9s.\" \/>\n<meta name=\"robots\" content=\"index, follow, max-snippet:-1, max-image-preview:large, max-video-preview:-1\" \/>\n<link rel=\"canonical\" href=\"https:\/\/medicinasinc.com\/fr\/product\/acheter-purple-wreck-marijuana\/\" \/>\n<meta property=\"og:locale\" content=\"en_US\" \/>\n<meta property=\"og:type\" content=\"article\" \/>\n<meta property=\"og:title\" content=\"Acheter de la marijuana Purple Wreck - Meilleurs meilleurs m\u00e9dicaments mondiaux\" \/>\n<meta property=\"og:description\" content=\"Acheter de la marijuana Purple Wreck en ligne - Purple Wreck est un hybride \u00e0 dominance indica avec le pouvoir d&#039;impressionner m\u00eame les consommateurs de cannabis exp\u00e9riment\u00e9s.\" \/>\n<meta property=\"og:url\" content=\"https:\/\/medicinasinc.com\/fr\/product\/acheter-purple-wreck-marijuana\/\" \/>\n<meta property=\"og:site_name\" content=\"Medicinas Inc\" \/>\n<meta property=\"article:modified_time\" content=\"2022-03-17T12:13:49+00:00\" \/>\n<meta property=\"og:image\" content=\"https:\/\/medicinasinc.com\/fr\/wp-content\/uploads\/sites\/5\/2022\/02\/Buy-Purple-Wreck-Marijuana-1.jpg\" \/>\n\t<meta property=\"og:image:width\" content=\"1245\" \/>\n\t<meta property=\"og:image:height\" content=\"1024\" \/>\n\t<meta property=\"og:image:type\" content=\"image\/jpeg\" \/>\n<meta name=\"twitter:card\" content=\"summary_large_image\" \/>\n<meta name=\"twitter:label1\" content=\"Est. reading time\" \/>\n\t<meta name=\"twitter:data1\" content=\"2 minutes\" \/>\n<script type=\"application\/ld+json\" class=\"yoast-schema-graph\">{\"@context\":\"https:\\\/\\\/schema.org\",\"@graph\":[{\"@type\":\"WebPage\",\"@id\":\"https:\\\/\\\/medicinasinc.com\\\/fr\\\/product\\\/acheter-purple-wreck-marijuana\\\/\",\"url\":\"https:\\\/\\\/medicinasinc.com\\\/fr\\\/product\\\/acheter-purple-wreck-marijuana\\\/\",\"name\":\"Acheter de la marijuana Purple Wreck - Meilleurs meilleurs m\u00e9dicaments mondiaux\",\"isPartOf\":{\"@id\":\"https:\\\/\\\/medicinasinc.com\\\/fr\\\/#website\"},\"primaryImageOfPage\":{\"@id\":\"https:\\\/\\\/medicinasinc.com\\\/fr\\\/product\\\/acheter-purple-wreck-marijuana\\\/#primaryimage\"},\"image\":{\"@id\":\"https:\\\/\\\/medicinasinc.com\\\/fr\\\/product\\\/acheter-purple-wreck-marijuana\\\/#primaryimage\"},\"thumbnailUrl\":\"https:\\\/\\\/medicinasinc.com\\\/fr\\\/wp-content\\\/uploads\\\/sites\\\/5\\\/2022\\\/02\\\/Buy-Purple-Wreck-Marijuana-1.jpg\",\"datePublished\":\"2022-02-20T19:31:39+00:00\",\"dateModified\":\"2022-03-17T12:13:49+00:00\",\"description\":\"Acheter de la marijuana Purple Wreck en ligne - Purple Wreck est un hybride \u00e0 dominance indica avec le pouvoir d'impressionner m\u00eame les consommateurs de cannabis exp\u00e9riment\u00e9s.\",\"breadcrumb\":{\"@id\":\"https:\\\/\\\/medicinasinc.com\\\/fr\\\/product\\\/acheter-purple-wreck-marijuana\\\/#breadcrumb\"},\"inLanguage\":\"en-US\",\"potentialAction\":[{\"@type\":\"ReadAction\",\"target\":[\"https:\\\/\\\/medicinasinc.com\\\/fr\\\/product\\\/acheter-purple-wreck-marijuana\\\/\"]}]},{\"@type\":\"ImageObject\",\"inLanguage\":\"en-US\",\"@id\":\"https:\\\/\\\/medicinasinc.com\\\/fr\\\/product\\\/acheter-purple-wreck-marijuana\\\/#primaryimage\",\"url\":\"https:\\\/\\\/medicinasinc.com\\\/fr\\\/wp-content\\\/uploads\\\/sites\\\/5\\\/2022\\\/02\\\/Buy-Purple-Wreck-Marijuana-1.jpg\",\"contentUrl\":\"https:\\\/\\\/medicinasinc.com\\\/fr\\\/wp-content\\\/uploads\\\/sites\\\/5\\\/2022\\\/02\\\/Buy-Purple-Wreck-Marijuana-1.jpg\",\"width\":1245,\"height\":1024},{\"@type\":\"BreadcrumbList\",\"@id\":\"https:\\\/\\\/medicinasinc.com\\\/fr\\\/product\\\/acheter-purple-wreck-marijuana\\\/#breadcrumb\",\"itemListElement\":[{\"@type\":\"ListItem\",\"position\":1,\"name\":\"Boutique\",\"item\":\"https:\\\/\\\/medicinasinc.com\\\/fr\\\/boutique\\\/\"},{\"@type\":\"ListItem\",\"position\":2,\"name\":\"Acheter de la marijuana Purple Wreck\"}]},{\"@type\":\"WebSite\",\"@id\":\"https:\\\/\\\/medicinasinc.com\\\/fr\\\/#website\",\"url\":\"https:\\\/\\\/medicinasinc.com\\\/fr\\\/\",\"name\":\"Medicinas Inc\",\"description\":\"Health Medical Clinic\",\"potentialAction\":[{\"@type\":\"SearchAction\",\"target\":{\"@type\":\"EntryPoint\",\"urlTemplate\":\"https:\\\/\\\/medicinasinc.com\\\/fr\\\/?s={search_term_string}\"},\"query-input\":{\"@type\":\"PropertyValueSpecification\",\"valueRequired\":true,\"valueName\":\"search_term_string\"}}],\"inLanguage\":\"en-US\"}]}<\/script>\n<!-- \/ Yoast SEO plugin. -->","yoast_head_json":{"title":"Acheter de la marijuana Purple Wreck - Meilleurs meilleurs m\u00e9dicaments mondiaux","description":"Acheter de la marijuana Purple Wreck en ligne - Purple Wreck est un hybride \u00e0 dominance indica avec le pouvoir d'impressionner m\u00eame les consommateurs de cannabis exp\u00e9riment\u00e9s.","robots":{"index":"index","follow":"follow","max-snippet":"max-snippet:-1","max-image-preview":"max-image-preview:large","max-video-preview":"max-video-preview:-1"},"canonical":"https:\/\/medicinasinc.com\/fr\/product\/acheter-purple-wreck-marijuana\/","og_locale":"en_US","og_type":"article","og_title":"Acheter de la marijuana Purple Wreck - Meilleurs meilleurs m\u00e9dicaments mondiaux","og_description":"Acheter de la marijuana Purple Wreck en ligne - Purple Wreck est un hybride \u00e0 dominance indica avec le pouvoir d'impressionner m\u00eame les consommateurs de cannabis exp\u00e9riment\u00e9s.","og_url":"https:\/\/medicinasinc.com\/fr\/product\/acheter-purple-wreck-marijuana\/","og_site_name":"Medicinas Inc","article_modified_time":"2022-03-17T12:13:49+00:00","og_image":[{"width":1245,"height":1024,"url":"https:\/\/medicinasinc.com\/fr\/wp-content\/uploads\/sites\/5\/2022\/02\/Buy-Purple-Wreck-Marijuana-1.jpg","type":"image\/jpeg"}],"twitter_card":"summary_large_image","twitter_misc":{"Est. reading time":"2 minutes"},"schema":{"@context":"https:\/\/schema.org","@graph":[{"@type":"WebPage","@id":"https:\/\/medicinasinc.com\/fr\/product\/acheter-purple-wreck-marijuana\/","url":"https:\/\/medicinasinc.com\/fr\/product\/acheter-purple-wreck-marijuana\/","name":"Acheter de la marijuana Purple Wreck - Meilleurs meilleurs m\u00e9dicaments mondiaux","isPartOf":{"@id":"https:\/\/medicinasinc.com\/fr\/#website"},"primaryImageOfPage":{"@id":"https:\/\/medicinasinc.com\/fr\/product\/acheter-purple-wreck-marijuana\/#primaryimage"},"image":{"@id":"https:\/\/medicinasinc.com\/fr\/product\/acheter-purple-wreck-marijuana\/#primaryimage"},"thumbnailUrl":"https:\/\/medicinasinc.com\/fr\/wp-content\/uploads\/sites\/5\/2022\/02\/Buy-Purple-Wreck-Marijuana-1.jpg","datePublished":"2022-02-20T19:31:39+00:00","dateModified":"2022-03-17T12:13:49+00:00","description":"Acheter de la marijuana Purple Wreck en ligne - Purple Wreck est un hybride \u00e0 dominance indica avec le pouvoir d'impressionner m\u00eame les consommateurs de cannabis exp\u00e9riment\u00e9s.","breadcrumb":{"@id":"https:\/\/medicinasinc.com\/fr\/product\/acheter-purple-wreck-marijuana\/#breadcrumb"},"inLanguage":"en-US","potentialAction":[{"@type":"ReadAction","target":["https:\/\/medicinasinc.com\/fr\/product\/acheter-purple-wreck-marijuana\/"]}]},{"@type":"ImageObject","inLanguage":"en-US","@id":"https:\/\/medicinasinc.com\/fr\/product\/acheter-purple-wreck-marijuana\/#primaryimage","url":"https:\/\/medicinasinc.com\/fr\/wp-content\/uploads\/sites\/5\/2022\/02\/Buy-Purple-Wreck-Marijuana-1.jpg","contentUrl":"https:\/\/medicinasinc.com\/fr\/wp-content\/uploads\/sites\/5\/2022\/02\/Buy-Purple-Wreck-Marijuana-1.jpg","width":1245,"height":1024},{"@type":"BreadcrumbList","@id":"https:\/\/medicinasinc.com\/fr\/product\/acheter-purple-wreck-marijuana\/#breadcrumb","itemListElement":[{"@type":"ListItem","position":1,"name":"Boutique","item":"https:\/\/medicinasinc.com\/fr\/boutique\/"},{"@type":"ListItem","position":2,"name":"Acheter de la marijuana Purple Wreck"}]},{"@type":"WebSite","@id":"https:\/\/medicinasinc.com\/fr\/#website","url":"https:\/\/medicinasinc.com\/fr\/","name":"Medicinas Inc","description":"Health Medical Clinic","potentialAction":[{"@type":"SearchAction","target":{"@type":"EntryPoint","urlTemplate":"https:\/\/medicinasinc.com\/fr\/?s={search_term_string}"},"query-input":{"@type":"PropertyValueSpecification","valueRequired":true,"valueName":"search_term_string"}}],"inLanguage":"en-US"}]}},"_links":{"self":[{"href":"https:\/\/medicinasinc.com\/fr\/wp-json\/wp\/v2\/product\/5044","targetHints":{"allow":["GET"]}}],"collection":[{"href":"https:\/\/medicinasinc.com\/fr\/wp-json\/wp\/v2\/product"}],"about":[{"href":"https:\/\/medicinasinc.com\/fr\/wp-json\/wp\/v2\/types\/product"}],"replies":[{"embeddable":true,"href":"https:\/\/medicinasinc.com\/fr\/wp-json\/wp\/v2\/comments?post=5044"}],"wp:featuredmedia":[{"embeddable":true,"href":"https:\/\/medicinasinc.com\/fr\/wp-json\/wp\/v2\/media\/5061"}],"wp:attachment":[{"href":"https:\/\/medicinasinc.com\/fr\/wp-json\/wp\/v2\/media?parent=5044"}],"wp:term":[{"taxonomy":"product_brand","embeddable":true,"href":"https:\/\/medicinasinc.com\/fr\/wp-json\/wp\/v2\/product_brand?post=5044"},{"taxonomy":"product_cat","embeddable":true,"href":"https:\/\/medicinasinc.com\/fr\/wp-json\/wp\/v2\/product_cat?post=5044"},{"taxonomy":"product_tag","embeddable":true,"href":"https:\/\/medicinasinc.com\/fr\/wp-json\/wp\/v2\/product_tag?post=5044"}],"curies":[{"name":"wp","href":"https:\/\/api.w.org\/{rel}","templated":true}]}}