{"id":5037,"date":"2022-02-20T19:24:52","date_gmt":"2022-02-20T19:24:52","guid":{"rendered":"https:\/\/medicinasinc.com\/fr\/?post_type=product&#038;p=5037"},"modified":"2022-03-17T12:14:00","modified_gmt":"2022-03-17T12:14:00","slug":"acheter-nirvana-special-cannabis","status":"publish","type":"product","link":"https:\/\/medicinasinc.com\/fr\/product\/acheter-nirvana-special-cannabis\/","title":{"rendered":"Acheter Nirvana Special Cannabis"},"content":{"rendered":"<p>Nirvana Special est une vari\u00e9t\u00e9 hybride unique \u00e0 dominante sativa (75\u00a0% sativa\/25\u00a0% indica) produite en m\u00e9langeant les vari\u00e9t\u00e9s embl\u00e9matiques Jock Horror et Oaxacan Sativa. Ce bourgeon tranquille a remport\u00e9 la HighLife Cup 2008 \u00e0 Amsterdam, remportant la m\u00e9daille d&#8217;or du meilleur bio au classement g\u00e9n\u00e9ral. Avec sa puissante teneur en THC fonctionnelle mais cr\u00e9ative et son \u00e9tonnante teneur moyenne en THC de 26 \u00e0 27 %, il n&#8217;est pas \u00e9tonnant que la Nirvana Special soit une vari\u00e9t\u00e9 si populaire ! L&#8217;effet Nirvana Special commence par une pouss\u00e9e d&#8217;\u00e9nergie \u00e9lev\u00e9e qui vous rend joyeux et motiv\u00e9. Vous vous sentirez revigor\u00e9 et extr\u00eamement cr\u00e9atif, ce qui le rend excellent pour toutes les t\u00e2ches mentales \u00e0 port\u00e9e de main ou simplement pour sortir. Ces effets, associ\u00e9s \u00e0 la teneur \u00e9lev\u00e9e en THC, font de Nirvana Special un produit id\u00e9al pour traiter la fatigue chronique, la d\u00e9pression, le stress chronique, l&#8217;insomnie et la perte d&#8217;app\u00e9tit. Ce bourgeon a une saveur douce et fruit\u00e9e de skunk avec une expiration assez aigre. L&#8217;ar\u00f4me est quelque peu skunk et aromatique, avec une forte connotation fruit\u00e9e aigre-douce. Les bourgeons Nirvana Special sont des p\u00e9pites vertes menthol\u00e9es en forme de pop-corn recouvertes de trichomes cristallins de sable p\u00e2le.<\/p>\n<p>Hybride Sativa Dominant &#8211; 75\u00a0% Sativa \/ 25\u00a0% Indica<\/p>\n<p>THC\u00a0: 26-27\u00a0% <\/p>\n<p>Utilisation courante\u00a0: D\u00e9pression, Fatigue, Insomnie, Perte d&#8217;app\u00e9tit, Stress<\/p>\n<p>Effets\u00a0: Cr\u00e9atif, \u00c9nergisant, Heureux, Motivant, \u00c9difiant<\/p>\n","protected":false},"excerpt":{"rendered":"<p>Souche de cannabis sp\u00e9ciale Nirvana USA. Il s&#8217;agit d&#8217;une rare vari\u00e9t\u00e9 hybride dominante (75\u00a0% sativa\/25\u00a0% indica).<em>Achetez la souche Nirvana Special Cannabis<\/em>.<\/p>\n","protected":false},"featured_media":5054,"comment_status":"open","ping_status":"closed","template":"","meta":[],"product_brand":[],"product_cat":[778],"product_tag":[],"class_list":{"0":"post-5037","1":"product","2":"type-product","3":"status-publish","4":"has-post-thumbnail","6":"product_cat-mauvaises-herbes-a-vendre","8":"first","9":"instock","10":"shipping-taxable","11":"purchasable","12":"product-type-variable","13":"has-default-attributes"},"yoast_head":"<!-- This site is optimized with the Yoast SEO plugin v27.2 - https:\/\/yoast.com\/product\/yoast-seo-wordpress\/ -->\n<title>Acheter Nirvana Special Cannabis - Meilleurs meilleurs m\u00e9dicaments mondiaux<\/title>\n<meta name=\"description\" content=\"Nirvana Special Cannabis Strain \u00c9tats-Unis. Il s&#039;agit d&#039;une souche hybride dominante rare (75 % sativa\/25 % indica). Achetez Nirvana Special Cannabis Strain.\" \/>\n<meta name=\"robots\" content=\"index, follow, max-snippet:-1, max-image-preview:large, max-video-preview:-1\" \/>\n<link rel=\"canonical\" href=\"https:\/\/medicinasinc.com\/fr\/product\/acheter-nirvana-special-cannabis\/\" \/>\n<meta property=\"og:locale\" content=\"en_US\" \/>\n<meta property=\"og:type\" content=\"article\" \/>\n<meta property=\"og:title\" content=\"Acheter Nirvana Special Cannabis - Meilleurs meilleurs m\u00e9dicaments mondiaux\" \/>\n<meta property=\"og:description\" content=\"Nirvana Special Cannabis Strain \u00c9tats-Unis. Il s&#039;agit d&#039;une souche hybride dominante rare (75 % sativa\/25 % indica). Achetez Nirvana Special Cannabis Strain.\" \/>\n<meta property=\"og:url\" content=\"https:\/\/medicinasinc.com\/fr\/product\/acheter-nirvana-special-cannabis\/\" \/>\n<meta property=\"og:site_name\" content=\"Medicinas Inc\" \/>\n<meta property=\"article:modified_time\" content=\"2022-03-17T12:14:00+00:00\" \/>\n<meta property=\"og:image\" content=\"https:\/\/medicinasinc.com\/fr\/wp-content\/uploads\/sites\/5\/2022\/02\/Buy-Nirvana-Special-Cannabis.jpg\" \/>\n\t<meta property=\"og:image:width\" content=\"1920\" \/>\n\t<meta property=\"og:image:height\" content=\"1920\" \/>\n\t<meta property=\"og:image:type\" content=\"image\/jpeg\" \/>\n<meta name=\"twitter:card\" content=\"summary_large_image\" \/>\n<meta name=\"twitter:label1\" content=\"Est. reading time\" \/>\n\t<meta name=\"twitter:data1\" content=\"1 minute\" \/>\n<script type=\"application\/ld+json\" class=\"yoast-schema-graph\">{\"@context\":\"https:\/\/schema.org\",\"@graph\":[{\"@type\":\"WebPage\",\"@id\":\"https:\/\/medicinasinc.com\/fr\/product\/acheter-nirvana-special-cannabis\/\",\"url\":\"https:\/\/medicinasinc.com\/fr\/product\/acheter-nirvana-special-cannabis\/\",\"name\":\"Acheter Nirvana Special Cannabis - Meilleurs meilleurs m\u00e9dicaments mondiaux\",\"isPartOf\":{\"@id\":\"https:\/\/medicinasinc.com\/fr\/#website\"},\"primaryImageOfPage\":{\"@id\":\"https:\/\/medicinasinc.com\/fr\/product\/acheter-nirvana-special-cannabis\/#primaryimage\"},\"image\":{\"@id\":\"https:\/\/medicinasinc.com\/fr\/product\/acheter-nirvana-special-cannabis\/#primaryimage\"},\"thumbnailUrl\":\"https:\/\/medicinasinc.com\/fr\/wp-content\/uploads\/sites\/5\/2022\/02\/Buy-Nirvana-Special-Cannabis.jpg\",\"datePublished\":\"2022-02-20T19:24:52+00:00\",\"dateModified\":\"2022-03-17T12:14:00+00:00\",\"description\":\"Nirvana Special Cannabis Strain \u00c9tats-Unis. Il s'agit d'une souche hybride dominante rare (75 % sativa\/25 % indica). Achetez Nirvana Special Cannabis Strain.\",\"breadcrumb\":{\"@id\":\"https:\/\/medicinasinc.com\/fr\/product\/acheter-nirvana-special-cannabis\/#breadcrumb\"},\"inLanguage\":\"en-US\",\"potentialAction\":[{\"@type\":\"ReadAction\",\"target\":[\"https:\/\/medicinasinc.com\/fr\/product\/acheter-nirvana-special-cannabis\/\"]}]},{\"@type\":\"ImageObject\",\"inLanguage\":\"en-US\",\"@id\":\"https:\/\/medicinasinc.com\/fr\/product\/acheter-nirvana-special-cannabis\/#primaryimage\",\"url\":\"https:\/\/medicinasinc.com\/fr\/wp-content\/uploads\/sites\/5\/2022\/02\/Buy-Nirvana-Special-Cannabis.jpg\",\"contentUrl\":\"https:\/\/medicinasinc.com\/fr\/wp-content\/uploads\/sites\/5\/2022\/02\/Buy-Nirvana-Special-Cannabis.jpg\",\"width\":1920,\"height\":1920},{\"@type\":\"BreadcrumbList\",\"@id\":\"https:\/\/medicinasinc.com\/fr\/product\/acheter-nirvana-special-cannabis\/#breadcrumb\",\"itemListElement\":[{\"@type\":\"ListItem\",\"position\":1,\"name\":\"Boutique\",\"item\":\"https:\/\/medicinasinc.com\/fr\/boutique\/\"},{\"@type\":\"ListItem\",\"position\":2,\"name\":\"Acheter Nirvana Special Cannabis\"}]},{\"@type\":\"WebSite\",\"@id\":\"https:\/\/medicinasinc.com\/fr\/#website\",\"url\":\"https:\/\/medicinasinc.com\/fr\/\",\"name\":\"Medicinas Inc\",\"description\":\"Health Medical Clinic\",\"potentialAction\":[{\"@type\":\"SearchAction\",\"target\":{\"@type\":\"EntryPoint\",\"urlTemplate\":\"https:\/\/medicinasinc.com\/fr\/?s={search_term_string}\"},\"query-input\":{\"@type\":\"PropertyValueSpecification\",\"valueRequired\":true,\"valueName\":\"search_term_string\"}}],\"inLanguage\":\"en-US\"}]}<\/script>\n<!-- \/ Yoast SEO plugin. -->","yoast_head_json":{"title":"Acheter Nirvana Special Cannabis - Meilleurs meilleurs m\u00e9dicaments mondiaux","description":"Nirvana Special Cannabis Strain \u00c9tats-Unis. Il s'agit d'une souche hybride dominante rare (75 % sativa\/25 % indica). Achetez Nirvana Special Cannabis Strain.","robots":{"index":"index","follow":"follow","max-snippet":"max-snippet:-1","max-image-preview":"max-image-preview:large","max-video-preview":"max-video-preview:-1"},"canonical":"https:\/\/medicinasinc.com\/fr\/product\/acheter-nirvana-special-cannabis\/","og_locale":"en_US","og_type":"article","og_title":"Acheter Nirvana Special Cannabis - Meilleurs meilleurs m\u00e9dicaments mondiaux","og_description":"Nirvana Special Cannabis Strain \u00c9tats-Unis. Il s'agit d'une souche hybride dominante rare (75 % sativa\/25 % indica). Achetez Nirvana Special Cannabis Strain.","og_url":"https:\/\/medicinasinc.com\/fr\/product\/acheter-nirvana-special-cannabis\/","og_site_name":"Medicinas Inc","article_modified_time":"2022-03-17T12:14:00+00:00","og_image":[{"width":1920,"height":1920,"url":"https:\/\/medicinasinc.com\/fr\/wp-content\/uploads\/sites\/5\/2022\/02\/Buy-Nirvana-Special-Cannabis.jpg","type":"image\/jpeg"}],"twitter_card":"summary_large_image","twitter_misc":{"Est. reading time":"1 minute"},"schema":{"@context":"https:\/\/schema.org","@graph":[{"@type":"WebPage","@id":"https:\/\/medicinasinc.com\/fr\/product\/acheter-nirvana-special-cannabis\/","url":"https:\/\/medicinasinc.com\/fr\/product\/acheter-nirvana-special-cannabis\/","name":"Acheter Nirvana Special Cannabis - Meilleurs meilleurs m\u00e9dicaments mondiaux","isPartOf":{"@id":"https:\/\/medicinasinc.com\/fr\/#website"},"primaryImageOfPage":{"@id":"https:\/\/medicinasinc.com\/fr\/product\/acheter-nirvana-special-cannabis\/#primaryimage"},"image":{"@id":"https:\/\/medicinasinc.com\/fr\/product\/acheter-nirvana-special-cannabis\/#primaryimage"},"thumbnailUrl":"https:\/\/medicinasinc.com\/fr\/wp-content\/uploads\/sites\/5\/2022\/02\/Buy-Nirvana-Special-Cannabis.jpg","datePublished":"2022-02-20T19:24:52+00:00","dateModified":"2022-03-17T12:14:00+00:00","description":"Nirvana Special Cannabis Strain \u00c9tats-Unis. Il s'agit d'une souche hybride dominante rare (75 % sativa\/25 % indica). Achetez Nirvana Special Cannabis Strain.","breadcrumb":{"@id":"https:\/\/medicinasinc.com\/fr\/product\/acheter-nirvana-special-cannabis\/#breadcrumb"},"inLanguage":"en-US","potentialAction":[{"@type":"ReadAction","target":["https:\/\/medicinasinc.com\/fr\/product\/acheter-nirvana-special-cannabis\/"]}]},{"@type":"ImageObject","inLanguage":"en-US","@id":"https:\/\/medicinasinc.com\/fr\/product\/acheter-nirvana-special-cannabis\/#primaryimage","url":"https:\/\/medicinasinc.com\/fr\/wp-content\/uploads\/sites\/5\/2022\/02\/Buy-Nirvana-Special-Cannabis.jpg","contentUrl":"https:\/\/medicinasinc.com\/fr\/wp-content\/uploads\/sites\/5\/2022\/02\/Buy-Nirvana-Special-Cannabis.jpg","width":1920,"height":1920},{"@type":"BreadcrumbList","@id":"https:\/\/medicinasinc.com\/fr\/product\/acheter-nirvana-special-cannabis\/#breadcrumb","itemListElement":[{"@type":"ListItem","position":1,"name":"Boutique","item":"https:\/\/medicinasinc.com\/fr\/boutique\/"},{"@type":"ListItem","position":2,"name":"Acheter Nirvana Special Cannabis"}]},{"@type":"WebSite","@id":"https:\/\/medicinasinc.com\/fr\/#website","url":"https:\/\/medicinasinc.com\/fr\/","name":"Medicinas Inc","description":"Health Medical Clinic","potentialAction":[{"@type":"SearchAction","target":{"@type":"EntryPoint","urlTemplate":"https:\/\/medicinasinc.com\/fr\/?s={search_term_string}"},"query-input":{"@type":"PropertyValueSpecification","valueRequired":true,"valueName":"search_term_string"}}],"inLanguage":"en-US"}]}},"_links":{"self":[{"href":"https:\/\/medicinasinc.com\/fr\/wp-json\/wp\/v2\/product\/5037","targetHints":{"allow":["GET"]}}],"collection":[{"href":"https:\/\/medicinasinc.com\/fr\/wp-json\/wp\/v2\/product"}],"about":[{"href":"https:\/\/medicinasinc.com\/fr\/wp-json\/wp\/v2\/types\/product"}],"replies":[{"embeddable":true,"href":"https:\/\/medicinasinc.com\/fr\/wp-json\/wp\/v2\/comments?post=5037"}],"wp:featuredmedia":[{"embeddable":true,"href":"https:\/\/medicinasinc.com\/fr\/wp-json\/wp\/v2\/media\/5054"}],"wp:attachment":[{"href":"https:\/\/medicinasinc.com\/fr\/wp-json\/wp\/v2\/media?parent=5037"}],"wp:term":[{"taxonomy":"product_brand","embeddable":true,"href":"https:\/\/medicinasinc.com\/fr\/wp-json\/wp\/v2\/product_brand?post=5037"},{"taxonomy":"product_cat","embeddable":true,"href":"https:\/\/medicinasinc.com\/fr\/wp-json\/wp\/v2\/product_cat?post=5037"},{"taxonomy":"product_tag","embeddable":true,"href":"https:\/\/medicinasinc.com\/fr\/wp-json\/wp\/v2\/product_tag?post=5037"}],"curies":[{"name":"wp","href":"https:\/\/api.w.org\/{rel}","templated":true}]}}