{"id":5020,"date":"2022-02-20T19:11:16","date_gmt":"2022-02-20T19:11:16","guid":{"rendered":"https:\/\/medicinasinc.com\/fr\/?post_type=product&#038;p=5020"},"modified":"2022-03-17T12:14:13","modified_gmt":"2022-03-17T12:14:13","slug":"acheter-la-mere-des-dragons-marijuana","status":"publish","type":"product","link":"https:\/\/medicinasinc.com\/fr\/product\/acheter-la-mere-des-dragons-marijuana\/","title":{"rendered":"Acheter de la marijuana Mother of Dragons"},"content":{"rendered":"<p>Marijuana Mother of Dragons Purchase<\/p>\n<p>Mother of Dragons est une vari\u00e9t\u00e9 hybride tr\u00e8s rare et \u00e9quilibr\u00e9e (50\u00a0% Indica\/50\u00a0% Sativa) avec une filiation inconnue en raison du secret du s\u00e9lectionneur et d&#8217;un manque g\u00e9n\u00e9ral de connaissances sur son origines. Nomm\u00e9e d&#8217;apr\u00e8s le c\u00e9l\u00e8bre Daenerys Targaryen de Game of Thrones, cette vari\u00e9t\u00e9 rare a une saveur ardente qui enflammera vos papilles gustatives. L&#8217;ar\u00f4me est un mariage paradisiaque, avec une connotation kushy skunky lourde et piquante et un impact herbac\u00e9 tr\u00e8s \u00e9pic\u00e9 lib\u00e9r\u00e9 lorsque les p\u00e9pites br\u00fblent. Apr\u00e8s seulement quelques bouff\u00e9es, le high de Mother of Dragons vous laissera lev\u00e9 et vos pens\u00e9es s&#8217;envoleront pendant des heures. Cela commence par une influence c\u00e9r\u00e9brale qui transporte votre esprit dans un \u00e9tat d&#8217;extase parfaite et votre esprit dans un \u00e9tat de pur contentement. Pendant que votre esprit et votre esprit volent au-dessus du ciel, votre corps conna\u00eetra un l\u00e9ger niveau de relaxation, ce qui peut laisser certains se sentir quelque peu somnolents. Cette humeur est connue pour causer de l&#8217;anxi\u00e9t\u00e9 chez certaines personnes, alors \u00e9vitez-la si vous y \u00eates sujet. Mother of Dragons est une alternative id\u00e9ale pour les personnes souffrant de stress chronique, de tristesse, de sautes d&#8217;humeur et de douleur chronique en raison de ces effets et de sa teneur moyenne \u00e9lev\u00e9e en THC de 23 \u00e0 28 %. Ce bourgeon est compos\u00e9 de p\u00e9pites vert for\u00eat en forme de raisin recouvertes de poils ambr\u00e9s poilus et de trichomes de cristaux ambr\u00e9s \u00e9blouissants.<\/p>\n<p>Achetez de la marijuana Mother of Dragons maintenant au dispensaire de cannabis en ligne de Tegridy Farms<\/p>\n","protected":false},"excerpt":{"rendered":"<div class=\"woocommerce-product-details__short-description\">\n<p>Achetez de la marijuana Mother of Dragons pas cher en ligne. La marijuana Mother of Dragons est hybride &#8211; 50\u00a0% Sativa \/ 50\u00a0% Indica THC\u00a0: 23\u00a0% &#8211; 28\u00a0%<\/p>\n<div class=\"woocommerce-product-details__short-description\">\n<p><strong>Taille des t\u00eates<\/strong>\u00a0: Petit &#8211; Moyen<br \/> <strong>Type de souche<\/strong>\u00a0: 40\u00a0% Indica 60\u00a0% Sativa<br \/> <strong>Texture<\/strong>\u00a0: Normale &#8211; Collante<br \/> <strong>Saveur<\/strong> : \u00c0 base de plantes | Sweet<br \/> <strong>Usage M\u00e9dical<\/strong>\u00a0: Anxi\u00e9t\u00e9 | Douleur chronique | D\u00e9pression | Stress<br \/> <strong>Teneur en THC<\/strong>\u00a0: 26\u00a0% Test le plus \u00e9lev\u00e9\u00a0<strong>CBD<\/strong>\u00a0:\u00a0&gt;1\u00a0%<\/p>\n<\/p><\/div>\n<p class=\"stock out-of- stock\"> <\/div>\n","protected":false},"featured_media":5038,"comment_status":"open","ping_status":"closed","template":"","meta":[],"product_brand":[],"product_cat":[778],"product_tag":[615,964,965,966,963,461,973,974,972,967,969,968,455,962,961,971,970,960,975,976,977,983,978,982,979,980,981,987,480,985,986,984],"class_list":{"0":"post-5020","1":"product","2":"type-product","3":"status-publish","4":"has-post-thumbnail","6":"product_cat-mauvaises-herbes-a-vendre","7":"product_tag-acheter-huile-de-cannabis-en-ligne","8":"product_tag-acheter-lean-codine-en-ligne","9":"product_tag-acheter-marijuana","10":"product_tag-acheter-marijuana-en-ligne-canada","11":"product_tag-acheter-de-la-marijuana-illegale-en-ligne","12":"product_tag-acheter-de-la-marijuana-medicale-en-ligne","13":"product_tag-acheter-de-la-marijuana-medicale-sre-en-ligne","14":"product_tag-acheter-de-la-marijuana-synthetique-en-ligne","15":"product_tag-acheter-de-la-vraie-marijuana-en-ligne","16":"product_tag-acheter-des-graines-de-marijuana-en-ligne","17":"product_tag-acheter-des-graines-de-marijuana-en-ligne-etats-unis","18":"product_tag-acheter-des-graines-de-marijuana-en-ligne-canada","19":"product_tag-acheter-de-la-marijuana-en-ligne","20":"product_tag-acheter-sirop-contre-la-toux-avec-codeine","21":"product_tag-acheter-actavis-sirop","22":"product_tag-acheter-en-ligne-actavis-sirop-contre-la-toux","23":"product_tag-acheter-nirvana-special-marijuana-souche-en-ligne","24":"product_tag-best-place-to-buy-marijuana-seeds-online","25":"product_tag-can-you-buy","26":"product_tag-can-you-buy-marijuana-online","27":"product_tag-can-you-buy-marijuana-seeds-online","28":"product_tag-commander-codine-toux-sirop-en-ligne","29":"product_tag-comment-acheter-de-la-marijuana-en-ligne","30":"product_tag-en-ligne-lgalement","31":"product_tag-huiles-de-marijuana-pour-vapoter-pour-vendre","32":"product_tag-marijuana-acheter-du-cannabis-en-ligne","33":"product_tag-marijuana-mdicale-en-ligne","34":"product_tag-o-acheter-huile-cbd-pres-de-moi","35":"product_tag-o-acheter-de-la-marijuana-en-ligne","36":"product_tag-o-puis-je-acheter-de-la-marijuana-en-ligne","37":"product_tag-o-puis-je-acheter-des-graines-de-marijuana-en-ligne","38":"product_tag-promthazine-codine-sirop-en-vente","40":"first","41":"instock","42":"shipping-taxable","43":"purchasable","44":"product-type-variable","45":"has-default-attributes"},"yoast_head":"<!-- This site is optimized with the Yoast SEO plugin v27.3 - https:\/\/yoast.com\/product\/yoast-seo-wordpress\/ -->\n<title>Acheter de la marijuana Mother of Dragons - Best Global Meds<\/title>\n<meta name=\"description\" content=\"Achetez de la marijuana Mother of Dragons pas cher en ligne. La marijuana m\u00e8re des dragons est hybride - 50% Sativa \/ 50% Indica THC\u00a0: 23% - 28%\" \/>\n<meta name=\"robots\" content=\"index, follow, max-snippet:-1, max-image-preview:large, max-video-preview:-1\" \/>\n<link rel=\"canonical\" href=\"https:\/\/medicinasinc.com\/fr\/product\/acheter-la-mere-des-dragons-marijuana\/\" \/>\n<meta property=\"og:locale\" content=\"en_US\" \/>\n<meta property=\"og:type\" content=\"article\" \/>\n<meta property=\"og:title\" content=\"Acheter de la marijuana Mother of Dragons - Best Global Meds\" \/>\n<meta property=\"og:description\" content=\"Achetez de la marijuana Mother of Dragons pas cher en ligne. La marijuana m\u00e8re des dragons est hybride - 50% Sativa \/ 50% Indica THC\u00a0: 23% - 28%\" \/>\n<meta property=\"og:url\" content=\"https:\/\/medicinasinc.com\/fr\/product\/acheter-la-mere-des-dragons-marijuana\/\" \/>\n<meta property=\"og:site_name\" content=\"Medicinas Inc\" \/>\n<meta property=\"article:modified_time\" content=\"2022-03-17T12:14:13+00:00\" \/>\n<meta property=\"og:image\" content=\"https:\/\/medicinasinc.com\/fr\/wp-content\/uploads\/sites\/5\/2022\/02\/Buy-Mother-of-Dragons-Marijuana.jpg\" \/>\n\t<meta property=\"og:image:width\" content=\"1000\" \/>\n\t<meta property=\"og:image:height\" content=\"1000\" \/>\n\t<meta property=\"og:image:type\" content=\"image\/jpeg\" \/>\n<meta name=\"twitter:card\" content=\"summary_large_image\" \/>\n<meta name=\"twitter:label1\" content=\"Est. reading time\" \/>\n\t<meta name=\"twitter:data1\" content=\"2 minutes\" \/>\n<script type=\"application\/ld+json\" class=\"yoast-schema-graph\">{\"@context\":\"https:\\\/\\\/schema.org\",\"@graph\":[{\"@type\":\"WebPage\",\"@id\":\"https:\\\/\\\/medicinasinc.com\\\/fr\\\/product\\\/acheter-la-mere-des-dragons-marijuana\\\/\",\"url\":\"https:\\\/\\\/medicinasinc.com\\\/fr\\\/product\\\/acheter-la-mere-des-dragons-marijuana\\\/\",\"name\":\"Acheter de la marijuana Mother of Dragons - Best Global Meds\",\"isPartOf\":{\"@id\":\"https:\\\/\\\/medicinasinc.com\\\/fr\\\/#website\"},\"primaryImageOfPage\":{\"@id\":\"https:\\\/\\\/medicinasinc.com\\\/fr\\\/product\\\/acheter-la-mere-des-dragons-marijuana\\\/#primaryimage\"},\"image\":{\"@id\":\"https:\\\/\\\/medicinasinc.com\\\/fr\\\/product\\\/acheter-la-mere-des-dragons-marijuana\\\/#primaryimage\"},\"thumbnailUrl\":\"https:\\\/\\\/medicinasinc.com\\\/fr\\\/wp-content\\\/uploads\\\/sites\\\/5\\\/2022\\\/02\\\/Buy-Mother-of-Dragons-Marijuana.jpg\",\"datePublished\":\"2022-02-20T19:11:16+00:00\",\"dateModified\":\"2022-03-17T12:14:13+00:00\",\"description\":\"Achetez de la marijuana Mother of Dragons pas cher en ligne. La marijuana m\u00e8re des dragons est hybride - 50% Sativa \\\/ 50% Indica THC\u00a0: 23% - 28%\",\"breadcrumb\":{\"@id\":\"https:\\\/\\\/medicinasinc.com\\\/fr\\\/product\\\/acheter-la-mere-des-dragons-marijuana\\\/#breadcrumb\"},\"inLanguage\":\"en-US\",\"potentialAction\":[{\"@type\":\"ReadAction\",\"target\":[\"https:\\\/\\\/medicinasinc.com\\\/fr\\\/product\\\/acheter-la-mere-des-dragons-marijuana\\\/\"]}]},{\"@type\":\"ImageObject\",\"inLanguage\":\"en-US\",\"@id\":\"https:\\\/\\\/medicinasinc.com\\\/fr\\\/product\\\/acheter-la-mere-des-dragons-marijuana\\\/#primaryimage\",\"url\":\"https:\\\/\\\/medicinasinc.com\\\/fr\\\/wp-content\\\/uploads\\\/sites\\\/5\\\/2022\\\/02\\\/Buy-Mother-of-Dragons-Marijuana.jpg\",\"contentUrl\":\"https:\\\/\\\/medicinasinc.com\\\/fr\\\/wp-content\\\/uploads\\\/sites\\\/5\\\/2022\\\/02\\\/Buy-Mother-of-Dragons-Marijuana.jpg\",\"width\":1000,\"height\":1000},{\"@type\":\"BreadcrumbList\",\"@id\":\"https:\\\/\\\/medicinasinc.com\\\/fr\\\/product\\\/acheter-la-mere-des-dragons-marijuana\\\/#breadcrumb\",\"itemListElement\":[{\"@type\":\"ListItem\",\"position\":1,\"name\":\"Boutique\",\"item\":\"https:\\\/\\\/medicinasinc.com\\\/fr\\\/boutique\\\/\"},{\"@type\":\"ListItem\",\"position\":2,\"name\":\"Acheter de la marijuana Mother of Dragons\"}]},{\"@type\":\"WebSite\",\"@id\":\"https:\\\/\\\/medicinasinc.com\\\/fr\\\/#website\",\"url\":\"https:\\\/\\\/medicinasinc.com\\\/fr\\\/\",\"name\":\"Medicinas Inc\",\"description\":\"Health Medical Clinic\",\"potentialAction\":[{\"@type\":\"SearchAction\",\"target\":{\"@type\":\"EntryPoint\",\"urlTemplate\":\"https:\\\/\\\/medicinasinc.com\\\/fr\\\/?s={search_term_string}\"},\"query-input\":{\"@type\":\"PropertyValueSpecification\",\"valueRequired\":true,\"valueName\":\"search_term_string\"}}],\"inLanguage\":\"en-US\"}]}<\/script>\n<!-- \/ Yoast SEO plugin. -->","yoast_head_json":{"title":"Acheter de la marijuana Mother of Dragons - Best Global Meds","description":"Achetez de la marijuana Mother of Dragons pas cher en ligne. La marijuana m\u00e8re des dragons est hybride - 50% Sativa \/ 50% Indica THC\u00a0: 23% - 28%","robots":{"index":"index","follow":"follow","max-snippet":"max-snippet:-1","max-image-preview":"max-image-preview:large","max-video-preview":"max-video-preview:-1"},"canonical":"https:\/\/medicinasinc.com\/fr\/product\/acheter-la-mere-des-dragons-marijuana\/","og_locale":"en_US","og_type":"article","og_title":"Acheter de la marijuana Mother of Dragons - Best Global Meds","og_description":"Achetez de la marijuana Mother of Dragons pas cher en ligne. La marijuana m\u00e8re des dragons est hybride - 50% Sativa \/ 50% Indica THC\u00a0: 23% - 28%","og_url":"https:\/\/medicinasinc.com\/fr\/product\/acheter-la-mere-des-dragons-marijuana\/","og_site_name":"Medicinas Inc","article_modified_time":"2022-03-17T12:14:13+00:00","og_image":[{"width":1000,"height":1000,"url":"https:\/\/medicinasinc.com\/fr\/wp-content\/uploads\/sites\/5\/2022\/02\/Buy-Mother-of-Dragons-Marijuana.jpg","type":"image\/jpeg"}],"twitter_card":"summary_large_image","twitter_misc":{"Est. reading time":"2 minutes"},"schema":{"@context":"https:\/\/schema.org","@graph":[{"@type":"WebPage","@id":"https:\/\/medicinasinc.com\/fr\/product\/acheter-la-mere-des-dragons-marijuana\/","url":"https:\/\/medicinasinc.com\/fr\/product\/acheter-la-mere-des-dragons-marijuana\/","name":"Acheter de la marijuana Mother of Dragons - Best Global Meds","isPartOf":{"@id":"https:\/\/medicinasinc.com\/fr\/#website"},"primaryImageOfPage":{"@id":"https:\/\/medicinasinc.com\/fr\/product\/acheter-la-mere-des-dragons-marijuana\/#primaryimage"},"image":{"@id":"https:\/\/medicinasinc.com\/fr\/product\/acheter-la-mere-des-dragons-marijuana\/#primaryimage"},"thumbnailUrl":"https:\/\/medicinasinc.com\/fr\/wp-content\/uploads\/sites\/5\/2022\/02\/Buy-Mother-of-Dragons-Marijuana.jpg","datePublished":"2022-02-20T19:11:16+00:00","dateModified":"2022-03-17T12:14:13+00:00","description":"Achetez de la marijuana Mother of Dragons pas cher en ligne. La marijuana m\u00e8re des dragons est hybride - 50% Sativa \/ 50% Indica THC\u00a0: 23% - 28%","breadcrumb":{"@id":"https:\/\/medicinasinc.com\/fr\/product\/acheter-la-mere-des-dragons-marijuana\/#breadcrumb"},"inLanguage":"en-US","potentialAction":[{"@type":"ReadAction","target":["https:\/\/medicinasinc.com\/fr\/product\/acheter-la-mere-des-dragons-marijuana\/"]}]},{"@type":"ImageObject","inLanguage":"en-US","@id":"https:\/\/medicinasinc.com\/fr\/product\/acheter-la-mere-des-dragons-marijuana\/#primaryimage","url":"https:\/\/medicinasinc.com\/fr\/wp-content\/uploads\/sites\/5\/2022\/02\/Buy-Mother-of-Dragons-Marijuana.jpg","contentUrl":"https:\/\/medicinasinc.com\/fr\/wp-content\/uploads\/sites\/5\/2022\/02\/Buy-Mother-of-Dragons-Marijuana.jpg","width":1000,"height":1000},{"@type":"BreadcrumbList","@id":"https:\/\/medicinasinc.com\/fr\/product\/acheter-la-mere-des-dragons-marijuana\/#breadcrumb","itemListElement":[{"@type":"ListItem","position":1,"name":"Boutique","item":"https:\/\/medicinasinc.com\/fr\/boutique\/"},{"@type":"ListItem","position":2,"name":"Acheter de la marijuana Mother of Dragons"}]},{"@type":"WebSite","@id":"https:\/\/medicinasinc.com\/fr\/#website","url":"https:\/\/medicinasinc.com\/fr\/","name":"Medicinas Inc","description":"Health Medical Clinic","potentialAction":[{"@type":"SearchAction","target":{"@type":"EntryPoint","urlTemplate":"https:\/\/medicinasinc.com\/fr\/?s={search_term_string}"},"query-input":{"@type":"PropertyValueSpecification","valueRequired":true,"valueName":"search_term_string"}}],"inLanguage":"en-US"}]}},"_links":{"self":[{"href":"https:\/\/medicinasinc.com\/fr\/wp-json\/wp\/v2\/product\/5020","targetHints":{"allow":["GET"]}}],"collection":[{"href":"https:\/\/medicinasinc.com\/fr\/wp-json\/wp\/v2\/product"}],"about":[{"href":"https:\/\/medicinasinc.com\/fr\/wp-json\/wp\/v2\/types\/product"}],"replies":[{"embeddable":true,"href":"https:\/\/medicinasinc.com\/fr\/wp-json\/wp\/v2\/comments?post=5020"}],"wp:featuredmedia":[{"embeddable":true,"href":"https:\/\/medicinasinc.com\/fr\/wp-json\/wp\/v2\/media\/5038"}],"wp:attachment":[{"href":"https:\/\/medicinasinc.com\/fr\/wp-json\/wp\/v2\/media?parent=5020"}],"wp:term":[{"taxonomy":"product_brand","embeddable":true,"href":"https:\/\/medicinasinc.com\/fr\/wp-json\/wp\/v2\/product_brand?post=5020"},{"taxonomy":"product_cat","embeddable":true,"href":"https:\/\/medicinasinc.com\/fr\/wp-json\/wp\/v2\/product_cat?post=5020"},{"taxonomy":"product_tag","embeddable":true,"href":"https:\/\/medicinasinc.com\/fr\/wp-json\/wp\/v2\/product_tag?post=5020"}],"curies":[{"name":"wp","href":"https:\/\/api.w.org\/{rel}","templated":true}]}}