{"id":5019,"date":"2022-02-20T19:10:26","date_gmt":"2022-02-20T19:10:26","guid":{"rendered":"https:\/\/medicinasinc.com\/fr\/?post_type=product&#038;p=5019"},"modified":"2022-03-17T12:14:26","modified_gmt":"2022-03-17T12:14:26","slug":"brume-damnesie","status":"publish","type":"product","link":"https:\/\/medicinasinc.com\/fr\/product\/brume-damnesie\/","title":{"rendered":"Brume d&#8217;amn\u00e9sie"},"content":{"rendered":"<p>Amnesia Haze Strain Achat en ligne<\/p>\n<p>Amnesia Haze Strain Online est un hybride \u00e0 dominance Sativa cr\u00e9\u00e9 en croisant Haze avec plusieurs vari\u00e9t\u00e9s terrestres distinctes, dont Thai, Hawaiian et Afghani. Le rapport sativa \u00e0 indica est d&#8217;environ 80:20. Le THC est assez \u00e9lev\u00e9, d\u00e9passant 22 % dans certains tests, mais le CBD est nettement moins puissant, atteignant un peu moins de 1 %. Le high est euphorique et cr\u00e9atif, avec un boost d&#8217;humeur psychoactif et un fou rire. Amnesia Haze a une saveur fruit\u00e9e et hasch et un ar\u00f4me doux et terreux avec des traces de poivre ardent. Les p\u00e9pites sont vert p\u00e2le avec des filaments bruns plus fonc\u00e9s et une surface recouverte de trichomes. C&#8217;est une excellente alternative pour soulager l&#8217;anxi\u00e9t\u00e9 et la d\u00e9pression, ainsi que la fatigue, les sympt\u00f4mes du TDAH, les migraines, les sautes d&#8217;humeur et la douleur physique.<\/p>\n<p>Achetez en ligne chez Best Global Meds \u00e0 un prix avantageux\u00a0!<\/p>\n<p>Chez Best Global Meds, nous proposons des fleurs de marijuana Amnesia Haze \u00e0 un prix raisonnable. Amnesia haze est un hybride \u00e0 dominance Sativa compos\u00e9 des deux principales souches de cannabis, Sativa et Indica. Il est utilis\u00e9 pour une vari\u00e9t\u00e9 d&#8217;applications th\u00e9rapeutiques et r\u00e9cr\u00e9atives. Amnesia Haze est une excellente alternative pour se concentrer sur le travail dans un endroit \u00e9loign\u00e9. Avec des notes terreuses de citron et d&#8217;agrumes, Amnesia Haze est la vari\u00e9t\u00e9 id\u00e9ale pour commencer votre journ\u00e9e avec le sourire.<\/p>\n<div class=\"product-next-previous\">\n<div class=\"product-prev\"><\/div><\/div>\n","protected":false},"excerpt":{"rendered":"<p>Amnesia Haze en vente en ligne au Royaume-Uni et en Europe, Amnesia Haze est un favori europ\u00e9en. Cette Sativa tr\u00e8s psych\u00e9d\u00e9lique est mieux r\u00e9serv\u00e9e aux consommateurs exp\u00e9riment\u00e9s.<\/p>\n<p>Amnesia Haze est peut-\u00eatre la vari\u00e9t\u00e9 la plus populaire au monde.<\/p>\n<p>Amnesia Haze est une vari\u00e9t\u00e9 hybride extr\u00eamement enivrante et psych\u00e9d\u00e9lique. <\/p>\n","protected":false},"featured_media":5036,"comment_status":"open","ping_status":"closed","template":"","meta":[],"product_brand":[],"product_cat":[778],"product_tag":[957,956,958,959],"class_list":{"0":"post-5019","1":"product","2":"type-product","3":"status-publish","4":"has-post-thumbnail","6":"product_cat-mauvaises-herbes-a-vendre","7":"product_tag-acheter-amnesia-haze-en-ligne","8":"product_tag-amnesia","9":"product_tag-marijuana","10":"product_tag-o-acheter-amnesia-haze-souche-en-ligne","12":"first","13":"instock","14":"shipping-taxable","15":"purchasable","16":"product-type-variable","17":"has-default-attributes"},"yoast_head":"<!-- This site is optimized with the Yoast SEO plugin v27.3 - https:\/\/yoast.com\/product\/yoast-seo-wordpress\/ -->\n<title>Amnesia Haze - Souches de mauvaises herbes Amnesia Haze - Meilleurs meilleurs m\u00e9dicaments mondiaux<\/title>\n<meta name=\"description\" content=\"Acheter Amnesia Haze Pour la vente en ligne au Royaume-Uni et en Europe, Amnesia Haze est un favori europ\u00e9en. Cette vari\u00e9t\u00e9 intens\u00e9ment psych\u00e9d\u00e9lique est une Sativa qu&#039;il vaut mieux laisser aux consommateurs exp\u00e9riment\u00e9s.\" \/>\n<meta name=\"robots\" content=\"index, follow, max-snippet:-1, max-image-preview:large, max-video-preview:-1\" \/>\n<link rel=\"canonical\" href=\"https:\/\/medicinasinc.com\/fr\/product\/brume-damnesie\/\" \/>\n<meta property=\"og:locale\" content=\"en_US\" \/>\n<meta property=\"og:type\" content=\"article\" \/>\n<meta property=\"og:title\" content=\"Amnesia Haze - Souches de mauvaises herbes Amnesia Haze - Meilleurs meilleurs m\u00e9dicaments mondiaux\" \/>\n<meta property=\"og:description\" content=\"Acheter Amnesia Haze Pour la vente en ligne au Royaume-Uni et en Europe, Amnesia Haze est un favori europ\u00e9en. Cette vari\u00e9t\u00e9 intens\u00e9ment psych\u00e9d\u00e9lique est une Sativa qu&#039;il vaut mieux laisser aux consommateurs exp\u00e9riment\u00e9s.\" \/>\n<meta property=\"og:url\" content=\"https:\/\/medicinasinc.com\/fr\/product\/brume-damnesie\/\" \/>\n<meta property=\"og:site_name\" content=\"Medicinas Inc\" \/>\n<meta property=\"article:modified_time\" content=\"2022-03-17T12:14:26+00:00\" \/>\n<meta property=\"og:image\" content=\"https:\/\/medicinasinc.com\/fr\/wp-content\/uploads\/sites\/5\/2022\/02\/Buy-Amnesia-Haze.jpg\" \/>\n\t<meta property=\"og:image:width\" content=\"1159\" \/>\n\t<meta property=\"og:image:height\" content=\"1043\" \/>\n\t<meta property=\"og:image:type\" content=\"image\/jpeg\" \/>\n<meta name=\"twitter:card\" content=\"summary_large_image\" \/>\n<meta name=\"twitter:label1\" content=\"Est. reading time\" \/>\n\t<meta name=\"twitter:data1\" content=\"1 minute\" \/>\n<script type=\"application\/ld+json\" class=\"yoast-schema-graph\">{\"@context\":\"https:\\\/\\\/schema.org\",\"@graph\":[{\"@type\":\"WebPage\",\"@id\":\"https:\\\/\\\/medicinasinc.com\\\/fr\\\/product\\\/brume-damnesie\\\/\",\"url\":\"https:\\\/\\\/medicinasinc.com\\\/fr\\\/product\\\/brume-damnesie\\\/\",\"name\":\"Amnesia Haze - Souches de mauvaises herbes Amnesia Haze - Meilleurs meilleurs m\u00e9dicaments mondiaux\",\"isPartOf\":{\"@id\":\"https:\\\/\\\/medicinasinc.com\\\/fr\\\/#website\"},\"primaryImageOfPage\":{\"@id\":\"https:\\\/\\\/medicinasinc.com\\\/fr\\\/product\\\/brume-damnesie\\\/#primaryimage\"},\"image\":{\"@id\":\"https:\\\/\\\/medicinasinc.com\\\/fr\\\/product\\\/brume-damnesie\\\/#primaryimage\"},\"thumbnailUrl\":\"https:\\\/\\\/medicinasinc.com\\\/fr\\\/wp-content\\\/uploads\\\/sites\\\/5\\\/2022\\\/02\\\/Buy-Amnesia-Haze.jpg\",\"datePublished\":\"2022-02-20T19:10:26+00:00\",\"dateModified\":\"2022-03-17T12:14:26+00:00\",\"description\":\"Acheter Amnesia Haze Pour la vente en ligne au Royaume-Uni et en Europe, Amnesia Haze est un favori europ\u00e9en. Cette vari\u00e9t\u00e9 intens\u00e9ment psych\u00e9d\u00e9lique est une Sativa qu'il vaut mieux laisser aux consommateurs exp\u00e9riment\u00e9s.\",\"breadcrumb\":{\"@id\":\"https:\\\/\\\/medicinasinc.com\\\/fr\\\/product\\\/brume-damnesie\\\/#breadcrumb\"},\"inLanguage\":\"en-US\",\"potentialAction\":[{\"@type\":\"ReadAction\",\"target\":[\"https:\\\/\\\/medicinasinc.com\\\/fr\\\/product\\\/brume-damnesie\\\/\"]}]},{\"@type\":\"ImageObject\",\"inLanguage\":\"en-US\",\"@id\":\"https:\\\/\\\/medicinasinc.com\\\/fr\\\/product\\\/brume-damnesie\\\/#primaryimage\",\"url\":\"https:\\\/\\\/medicinasinc.com\\\/fr\\\/wp-content\\\/uploads\\\/sites\\\/5\\\/2022\\\/02\\\/Buy-Amnesia-Haze.jpg\",\"contentUrl\":\"https:\\\/\\\/medicinasinc.com\\\/fr\\\/wp-content\\\/uploads\\\/sites\\\/5\\\/2022\\\/02\\\/Buy-Amnesia-Haze.jpg\",\"width\":1159,\"height\":1043},{\"@type\":\"BreadcrumbList\",\"@id\":\"https:\\\/\\\/medicinasinc.com\\\/fr\\\/product\\\/brume-damnesie\\\/#breadcrumb\",\"itemListElement\":[{\"@type\":\"ListItem\",\"position\":1,\"name\":\"Boutique\",\"item\":\"https:\\\/\\\/medicinasinc.com\\\/fr\\\/boutique\\\/\"},{\"@type\":\"ListItem\",\"position\":2,\"name\":\"Brume d&#8217;amn\u00e9sie\"}]},{\"@type\":\"WebSite\",\"@id\":\"https:\\\/\\\/medicinasinc.com\\\/fr\\\/#website\",\"url\":\"https:\\\/\\\/medicinasinc.com\\\/fr\\\/\",\"name\":\"Medicinas Inc\",\"description\":\"Health Medical Clinic\",\"potentialAction\":[{\"@type\":\"SearchAction\",\"target\":{\"@type\":\"EntryPoint\",\"urlTemplate\":\"https:\\\/\\\/medicinasinc.com\\\/fr\\\/?s={search_term_string}\"},\"query-input\":{\"@type\":\"PropertyValueSpecification\",\"valueRequired\":true,\"valueName\":\"search_term_string\"}}],\"inLanguage\":\"en-US\"}]}<\/script>\n<!-- \/ Yoast SEO plugin. -->","yoast_head_json":{"title":"Amnesia Haze - Souches de mauvaises herbes Amnesia Haze - Meilleurs meilleurs m\u00e9dicaments mondiaux","description":"Acheter Amnesia Haze Pour la vente en ligne au Royaume-Uni et en Europe, Amnesia Haze est un favori europ\u00e9en. Cette vari\u00e9t\u00e9 intens\u00e9ment psych\u00e9d\u00e9lique est une Sativa qu'il vaut mieux laisser aux consommateurs exp\u00e9riment\u00e9s.","robots":{"index":"index","follow":"follow","max-snippet":"max-snippet:-1","max-image-preview":"max-image-preview:large","max-video-preview":"max-video-preview:-1"},"canonical":"https:\/\/medicinasinc.com\/fr\/product\/brume-damnesie\/","og_locale":"en_US","og_type":"article","og_title":"Amnesia Haze - Souches de mauvaises herbes Amnesia Haze - Meilleurs meilleurs m\u00e9dicaments mondiaux","og_description":"Acheter Amnesia Haze Pour la vente en ligne au Royaume-Uni et en Europe, Amnesia Haze est un favori europ\u00e9en. Cette vari\u00e9t\u00e9 intens\u00e9ment psych\u00e9d\u00e9lique est une Sativa qu'il vaut mieux laisser aux consommateurs exp\u00e9riment\u00e9s.","og_url":"https:\/\/medicinasinc.com\/fr\/product\/brume-damnesie\/","og_site_name":"Medicinas Inc","article_modified_time":"2022-03-17T12:14:26+00:00","og_image":[{"width":1159,"height":1043,"url":"https:\/\/medicinasinc.com\/fr\/wp-content\/uploads\/sites\/5\/2022\/02\/Buy-Amnesia-Haze.jpg","type":"image\/jpeg"}],"twitter_card":"summary_large_image","twitter_misc":{"Est. reading time":"1 minute"},"schema":{"@context":"https:\/\/schema.org","@graph":[{"@type":"WebPage","@id":"https:\/\/medicinasinc.com\/fr\/product\/brume-damnesie\/","url":"https:\/\/medicinasinc.com\/fr\/product\/brume-damnesie\/","name":"Amnesia Haze - Souches de mauvaises herbes Amnesia Haze - Meilleurs meilleurs m\u00e9dicaments mondiaux","isPartOf":{"@id":"https:\/\/medicinasinc.com\/fr\/#website"},"primaryImageOfPage":{"@id":"https:\/\/medicinasinc.com\/fr\/product\/brume-damnesie\/#primaryimage"},"image":{"@id":"https:\/\/medicinasinc.com\/fr\/product\/brume-damnesie\/#primaryimage"},"thumbnailUrl":"https:\/\/medicinasinc.com\/fr\/wp-content\/uploads\/sites\/5\/2022\/02\/Buy-Amnesia-Haze.jpg","datePublished":"2022-02-20T19:10:26+00:00","dateModified":"2022-03-17T12:14:26+00:00","description":"Acheter Amnesia Haze Pour la vente en ligne au Royaume-Uni et en Europe, Amnesia Haze est un favori europ\u00e9en. Cette vari\u00e9t\u00e9 intens\u00e9ment psych\u00e9d\u00e9lique est une Sativa qu'il vaut mieux laisser aux consommateurs exp\u00e9riment\u00e9s.","breadcrumb":{"@id":"https:\/\/medicinasinc.com\/fr\/product\/brume-damnesie\/#breadcrumb"},"inLanguage":"en-US","potentialAction":[{"@type":"ReadAction","target":["https:\/\/medicinasinc.com\/fr\/product\/brume-damnesie\/"]}]},{"@type":"ImageObject","inLanguage":"en-US","@id":"https:\/\/medicinasinc.com\/fr\/product\/brume-damnesie\/#primaryimage","url":"https:\/\/medicinasinc.com\/fr\/wp-content\/uploads\/sites\/5\/2022\/02\/Buy-Amnesia-Haze.jpg","contentUrl":"https:\/\/medicinasinc.com\/fr\/wp-content\/uploads\/sites\/5\/2022\/02\/Buy-Amnesia-Haze.jpg","width":1159,"height":1043},{"@type":"BreadcrumbList","@id":"https:\/\/medicinasinc.com\/fr\/product\/brume-damnesie\/#breadcrumb","itemListElement":[{"@type":"ListItem","position":1,"name":"Boutique","item":"https:\/\/medicinasinc.com\/fr\/boutique\/"},{"@type":"ListItem","position":2,"name":"Brume d&#8217;amn\u00e9sie"}]},{"@type":"WebSite","@id":"https:\/\/medicinasinc.com\/fr\/#website","url":"https:\/\/medicinasinc.com\/fr\/","name":"Medicinas Inc","description":"Health Medical Clinic","potentialAction":[{"@type":"SearchAction","target":{"@type":"EntryPoint","urlTemplate":"https:\/\/medicinasinc.com\/fr\/?s={search_term_string}"},"query-input":{"@type":"PropertyValueSpecification","valueRequired":true,"valueName":"search_term_string"}}],"inLanguage":"en-US"}]}},"_links":{"self":[{"href":"https:\/\/medicinasinc.com\/fr\/wp-json\/wp\/v2\/product\/5019","targetHints":{"allow":["GET"]}}],"collection":[{"href":"https:\/\/medicinasinc.com\/fr\/wp-json\/wp\/v2\/product"}],"about":[{"href":"https:\/\/medicinasinc.com\/fr\/wp-json\/wp\/v2\/types\/product"}],"replies":[{"embeddable":true,"href":"https:\/\/medicinasinc.com\/fr\/wp-json\/wp\/v2\/comments?post=5019"}],"wp:featuredmedia":[{"embeddable":true,"href":"https:\/\/medicinasinc.com\/fr\/wp-json\/wp\/v2\/media\/5036"}],"wp:attachment":[{"href":"https:\/\/medicinasinc.com\/fr\/wp-json\/wp\/v2\/media?parent=5019"}],"wp:term":[{"taxonomy":"product_brand","embeddable":true,"href":"https:\/\/medicinasinc.com\/fr\/wp-json\/wp\/v2\/product_brand?post=5019"},{"taxonomy":"product_cat","embeddable":true,"href":"https:\/\/medicinasinc.com\/fr\/wp-json\/wp\/v2\/product_cat?post=5019"},{"taxonomy":"product_tag","embeddable":true,"href":"https:\/\/medicinasinc.com\/fr\/wp-json\/wp\/v2\/product_tag?post=5019"}],"curies":[{"name":"wp","href":"https:\/\/api.w.org\/{rel}","templated":true}]}}