{"id":5018,"date":"2022-02-20T19:09:20","date_gmt":"2022-02-20T19:09:20","guid":{"rendered":"https:\/\/medicinasinc.com\/fr\/?post_type=product&#038;p=5018"},"modified":"2022-03-17T12:14:37","modified_gmt":"2022-03-17T12:14:37","slug":"acheter-pineapple-express-marijuana","status":"publish","type":"product","link":"https:\/\/medicinasinc.com\/fr\/product\/acheter-pineapple-express-marijuana\/","title":{"rendered":"Acheter de la marijuana Pineapple Express"},"content":{"rendered":"<h1>Achetez la vari\u00e9t\u00e9 de cannabis Pineapple Express en ligne.<\/h1>\n<p>Achetez la vari\u00e9t\u00e9 de cannabis Pineapple Express en ligne.<\/p>\n<p>Effets<br \/> \u00c9nergisant, Euphorie, Concentration<br \/> Peut soulager<br \/> Douleurs chroniques, d\u00e9pression, fatigue, perte d&#8217;app\u00e9tit, migraines, naus\u00e9es, cauchemars<br \/> Saveurs<br \/> Agrumes, pin, ananas, doux, ar\u00f4mes tropicaux<br \/> Ar\u00f4mes terreux, pin, ananas, Doux<\/p>\n<p>Cependant, vous devez garder \u00e0 l&#8217;esprit que la tension n&#8217;est pas aussi grande que le film le d\u00e9crit. Cependant, Pineapple Express fournit un effet d&#8217;engourdissement corporel l\u00e9ger et agr\u00e9able, ce qui est quelque chose \u00e0 esp\u00e9rer.<\/p>\n<p>La vari\u00e9t\u00e9 est disponible sous la forme de p\u00e9pites pes\u00e9es avec pr\u00e9cision ressemblant \u00e0 du pop-corn en polystyr\u00e8ne. Il n&#8217;a pas de saveur sucr\u00e9e, mais il a un ar\u00f4me \u00e9trange en raison des accents d&#8217;agrumes. La saveur est assez unique, avec un soup\u00e7on d&#8217;ananas \u00e0 l&#8217;inspiration. Pineapple Express est pr\u00e9f\u00e9r\u00e9 pour le traitement d&#8217;une vari\u00e9t\u00e9 de conditions m\u00e9dicales, y compris l&#8217;anxi\u00e9t\u00e9 et le stress. Cependant, il r\u00e9ussit consid\u00e9rablement mieux \u00e0 traiter simultan\u00e9ment les sympt\u00f4mes de la d\u00e9pression chronique. Si vous ressentez des douleurs et des douleurs l\u00e9g\u00e8res, vous \u00eates au bon endroit. Apr\u00e8s une bouff\u00e9e, vous remarquerez que Pineapple Express est \u00e0 la fois paisible et revigorant.<\/p>\n","protected":false},"excerpt":{"rendered":"<div class=\"woocommerce-product-details__short-description\">\n<p>Achetez une vari\u00e9t\u00e9 de marijuana Pineapple Express en vente en ligne. Achetez la vari\u00e9t\u00e9 de cannabis Pineapple Express. Un hybride \u00e0 dominance sativa \u2013 60\u00a0% Sativa \/ 40\u00a0% Indica THC\u00a0: 25\u00a0%, CBN\u00a0: 1\u00a0%<\/p>\n<\/p><\/div>\n","protected":false},"featured_media":5034,"comment_status":"open","ping_status":"closed","template":"","meta":[],"product_brand":[],"product_cat":[778],"product_tag":[948,950,954,955,951,953,949,952],"class_list":{"0":"post-5018","1":"product","2":"type-product","3":"status-publish","4":"has-post-thumbnail","6":"product_cat-mauvaises-herbes-a-vendre","7":"product_tag-ananas-express-afghanistan","8":"product_tag-ananas-express-souche-allbud","9":"product_tag-pineapple-express-souche-sativa-ou-indica","10":"product_tag-cartouche-de-vape-ananas-express","11":"product_tag-ananas-express-effets-de-souche","12":"product_tag-revue-de-souche-ananas-express","13":"product_tag-graines-ananas-express","14":"product_tag-pineapple-express-strain-info","16":"first","17":"instock","18":"shipping-taxable","19":"purchasable","20":"product-type-variable","21":"has-default-attributes"},"yoast_head":"<!-- This site is optimized with the Yoast SEO plugin v27.3 - https:\/\/yoast.com\/product\/yoast-seo-wordpress\/ -->\n<title>Acheter Pineapple Express Marijuana - Meilleurs meilleurs m\u00e9dicaments mondiaux<\/title>\n<meta name=\"description\" content=\"Achetez la souche de marijuana Pineapple Express en vente en ligne. Achetez la vari\u00e9t\u00e9 de cannabis Pineapple Express. Un hybride \u00e0 dominance sativa \u2013 60 % Sativa \/ 40 % Indica THC : 25 %, CBN : 1 %\" \/>\n<meta name=\"robots\" content=\"index, follow, max-snippet:-1, max-image-preview:large, max-video-preview:-1\" \/>\n<link rel=\"canonical\" href=\"https:\/\/medicinasinc.com\/fr\/product\/acheter-pineapple-express-marijuana\/\" \/>\n<meta property=\"og:locale\" content=\"en_US\" \/>\n<meta property=\"og:type\" content=\"article\" \/>\n<meta property=\"og:title\" content=\"Acheter Pineapple Express Marijuana - Meilleurs meilleurs m\u00e9dicaments mondiaux\" \/>\n<meta property=\"og:description\" content=\"Achetez la souche de marijuana Pineapple Express en vente en ligne. Achetez la vari\u00e9t\u00e9 de cannabis Pineapple Express. Un hybride \u00e0 dominance sativa \u2013 60 % Sativa \/ 40 % Indica THC : 25 %, CBN : 1 %\" \/>\n<meta property=\"og:url\" content=\"https:\/\/medicinasinc.com\/fr\/product\/acheter-pineapple-express-marijuana\/\" \/>\n<meta property=\"og:site_name\" content=\"Medicinas Inc\" \/>\n<meta property=\"article:modified_time\" content=\"2022-03-17T12:14:37+00:00\" \/>\n<meta property=\"og:image\" content=\"https:\/\/medicinasinc.com\/fr\/wp-content\/uploads\/sites\/5\/2022\/02\/Buy-Pineapple-Express-Marijuana.jpeg\" \/>\n\t<meta property=\"og:image:width\" content=\"600\" \/>\n\t<meta property=\"og:image:height\" content=\"600\" \/>\n\t<meta property=\"og:image:type\" content=\"image\/jpeg\" \/>\n<meta name=\"twitter:card\" content=\"summary_large_image\" \/>\n<meta name=\"twitter:label1\" content=\"Est. reading time\" \/>\n\t<meta name=\"twitter:data1\" content=\"1 minute\" \/>\n<script type=\"application\/ld+json\" class=\"yoast-schema-graph\">{\"@context\":\"https:\\\/\\\/schema.org\",\"@graph\":[{\"@type\":\"WebPage\",\"@id\":\"https:\\\/\\\/medicinasinc.com\\\/fr\\\/product\\\/acheter-pineapple-express-marijuana\\\/\",\"url\":\"https:\\\/\\\/medicinasinc.com\\\/fr\\\/product\\\/acheter-pineapple-express-marijuana\\\/\",\"name\":\"Acheter Pineapple Express Marijuana - Meilleurs meilleurs m\u00e9dicaments mondiaux\",\"isPartOf\":{\"@id\":\"https:\\\/\\\/medicinasinc.com\\\/fr\\\/#website\"},\"primaryImageOfPage\":{\"@id\":\"https:\\\/\\\/medicinasinc.com\\\/fr\\\/product\\\/acheter-pineapple-express-marijuana\\\/#primaryimage\"},\"image\":{\"@id\":\"https:\\\/\\\/medicinasinc.com\\\/fr\\\/product\\\/acheter-pineapple-express-marijuana\\\/#primaryimage\"},\"thumbnailUrl\":\"https:\\\/\\\/medicinasinc.com\\\/fr\\\/wp-content\\\/uploads\\\/sites\\\/5\\\/2022\\\/02\\\/Buy-Pineapple-Express-Marijuana.jpeg\",\"datePublished\":\"2022-02-20T19:09:20+00:00\",\"dateModified\":\"2022-03-17T12:14:37+00:00\",\"description\":\"Achetez la souche de marijuana Pineapple Express en vente en ligne. Achetez la vari\u00e9t\u00e9 de cannabis Pineapple Express. Un hybride \u00e0 dominance sativa \u2013 60 % Sativa \\\/ 40 % Indica THC : 25 %, CBN : 1 %\",\"breadcrumb\":{\"@id\":\"https:\\\/\\\/medicinasinc.com\\\/fr\\\/product\\\/acheter-pineapple-express-marijuana\\\/#breadcrumb\"},\"inLanguage\":\"en-US\",\"potentialAction\":[{\"@type\":\"ReadAction\",\"target\":[\"https:\\\/\\\/medicinasinc.com\\\/fr\\\/product\\\/acheter-pineapple-express-marijuana\\\/\"]}]},{\"@type\":\"ImageObject\",\"inLanguage\":\"en-US\",\"@id\":\"https:\\\/\\\/medicinasinc.com\\\/fr\\\/product\\\/acheter-pineapple-express-marijuana\\\/#primaryimage\",\"url\":\"https:\\\/\\\/medicinasinc.com\\\/fr\\\/wp-content\\\/uploads\\\/sites\\\/5\\\/2022\\\/02\\\/Buy-Pineapple-Express-Marijuana.jpeg\",\"contentUrl\":\"https:\\\/\\\/medicinasinc.com\\\/fr\\\/wp-content\\\/uploads\\\/sites\\\/5\\\/2022\\\/02\\\/Buy-Pineapple-Express-Marijuana.jpeg\",\"width\":600,\"height\":600},{\"@type\":\"BreadcrumbList\",\"@id\":\"https:\\\/\\\/medicinasinc.com\\\/fr\\\/product\\\/acheter-pineapple-express-marijuana\\\/#breadcrumb\",\"itemListElement\":[{\"@type\":\"ListItem\",\"position\":1,\"name\":\"Boutique\",\"item\":\"https:\\\/\\\/medicinasinc.com\\\/fr\\\/boutique\\\/\"},{\"@type\":\"ListItem\",\"position\":2,\"name\":\"Acheter de la marijuana Pineapple Express\"}]},{\"@type\":\"WebSite\",\"@id\":\"https:\\\/\\\/medicinasinc.com\\\/fr\\\/#website\",\"url\":\"https:\\\/\\\/medicinasinc.com\\\/fr\\\/\",\"name\":\"Medicinas Inc\",\"description\":\"Health Medical Clinic\",\"potentialAction\":[{\"@type\":\"SearchAction\",\"target\":{\"@type\":\"EntryPoint\",\"urlTemplate\":\"https:\\\/\\\/medicinasinc.com\\\/fr\\\/?s={search_term_string}\"},\"query-input\":{\"@type\":\"PropertyValueSpecification\",\"valueRequired\":true,\"valueName\":\"search_term_string\"}}],\"inLanguage\":\"en-US\"}]}<\/script>\n<!-- \/ Yoast SEO plugin. -->","yoast_head_json":{"title":"Acheter Pineapple Express Marijuana - Meilleurs meilleurs m\u00e9dicaments mondiaux","description":"Achetez la souche de marijuana Pineapple Express en vente en ligne. Achetez la vari\u00e9t\u00e9 de cannabis Pineapple Express. Un hybride \u00e0 dominance sativa \u2013 60 % Sativa \/ 40 % Indica THC : 25 %, CBN : 1 %","robots":{"index":"index","follow":"follow","max-snippet":"max-snippet:-1","max-image-preview":"max-image-preview:large","max-video-preview":"max-video-preview:-1"},"canonical":"https:\/\/medicinasinc.com\/fr\/product\/acheter-pineapple-express-marijuana\/","og_locale":"en_US","og_type":"article","og_title":"Acheter Pineapple Express Marijuana - Meilleurs meilleurs m\u00e9dicaments mondiaux","og_description":"Achetez la souche de marijuana Pineapple Express en vente en ligne. Achetez la vari\u00e9t\u00e9 de cannabis Pineapple Express. Un hybride \u00e0 dominance sativa \u2013 60 % Sativa \/ 40 % Indica THC : 25 %, CBN : 1 %","og_url":"https:\/\/medicinasinc.com\/fr\/product\/acheter-pineapple-express-marijuana\/","og_site_name":"Medicinas Inc","article_modified_time":"2022-03-17T12:14:37+00:00","og_image":[{"width":600,"height":600,"url":"https:\/\/medicinasinc.com\/fr\/wp-content\/uploads\/sites\/5\/2022\/02\/Buy-Pineapple-Express-Marijuana.jpeg","type":"image\/jpeg"}],"twitter_card":"summary_large_image","twitter_misc":{"Est. reading time":"1 minute"},"schema":{"@context":"https:\/\/schema.org","@graph":[{"@type":"WebPage","@id":"https:\/\/medicinasinc.com\/fr\/product\/acheter-pineapple-express-marijuana\/","url":"https:\/\/medicinasinc.com\/fr\/product\/acheter-pineapple-express-marijuana\/","name":"Acheter Pineapple Express Marijuana - Meilleurs meilleurs m\u00e9dicaments mondiaux","isPartOf":{"@id":"https:\/\/medicinasinc.com\/fr\/#website"},"primaryImageOfPage":{"@id":"https:\/\/medicinasinc.com\/fr\/product\/acheter-pineapple-express-marijuana\/#primaryimage"},"image":{"@id":"https:\/\/medicinasinc.com\/fr\/product\/acheter-pineapple-express-marijuana\/#primaryimage"},"thumbnailUrl":"https:\/\/medicinasinc.com\/fr\/wp-content\/uploads\/sites\/5\/2022\/02\/Buy-Pineapple-Express-Marijuana.jpeg","datePublished":"2022-02-20T19:09:20+00:00","dateModified":"2022-03-17T12:14:37+00:00","description":"Achetez la souche de marijuana Pineapple Express en vente en ligne. Achetez la vari\u00e9t\u00e9 de cannabis Pineapple Express. Un hybride \u00e0 dominance sativa \u2013 60 % Sativa \/ 40 % Indica THC : 25 %, CBN : 1 %","breadcrumb":{"@id":"https:\/\/medicinasinc.com\/fr\/product\/acheter-pineapple-express-marijuana\/#breadcrumb"},"inLanguage":"en-US","potentialAction":[{"@type":"ReadAction","target":["https:\/\/medicinasinc.com\/fr\/product\/acheter-pineapple-express-marijuana\/"]}]},{"@type":"ImageObject","inLanguage":"en-US","@id":"https:\/\/medicinasinc.com\/fr\/product\/acheter-pineapple-express-marijuana\/#primaryimage","url":"https:\/\/medicinasinc.com\/fr\/wp-content\/uploads\/sites\/5\/2022\/02\/Buy-Pineapple-Express-Marijuana.jpeg","contentUrl":"https:\/\/medicinasinc.com\/fr\/wp-content\/uploads\/sites\/5\/2022\/02\/Buy-Pineapple-Express-Marijuana.jpeg","width":600,"height":600},{"@type":"BreadcrumbList","@id":"https:\/\/medicinasinc.com\/fr\/product\/acheter-pineapple-express-marijuana\/#breadcrumb","itemListElement":[{"@type":"ListItem","position":1,"name":"Boutique","item":"https:\/\/medicinasinc.com\/fr\/boutique\/"},{"@type":"ListItem","position":2,"name":"Acheter de la marijuana Pineapple Express"}]},{"@type":"WebSite","@id":"https:\/\/medicinasinc.com\/fr\/#website","url":"https:\/\/medicinasinc.com\/fr\/","name":"Medicinas Inc","description":"Health Medical Clinic","potentialAction":[{"@type":"SearchAction","target":{"@type":"EntryPoint","urlTemplate":"https:\/\/medicinasinc.com\/fr\/?s={search_term_string}"},"query-input":{"@type":"PropertyValueSpecification","valueRequired":true,"valueName":"search_term_string"}}],"inLanguage":"en-US"}]}},"_links":{"self":[{"href":"https:\/\/medicinasinc.com\/fr\/wp-json\/wp\/v2\/product\/5018","targetHints":{"allow":["GET"]}}],"collection":[{"href":"https:\/\/medicinasinc.com\/fr\/wp-json\/wp\/v2\/product"}],"about":[{"href":"https:\/\/medicinasinc.com\/fr\/wp-json\/wp\/v2\/types\/product"}],"replies":[{"embeddable":true,"href":"https:\/\/medicinasinc.com\/fr\/wp-json\/wp\/v2\/comments?post=5018"}],"wp:featuredmedia":[{"embeddable":true,"href":"https:\/\/medicinasinc.com\/fr\/wp-json\/wp\/v2\/media\/5034"}],"wp:attachment":[{"href":"https:\/\/medicinasinc.com\/fr\/wp-json\/wp\/v2\/media?parent=5018"}],"wp:term":[{"taxonomy":"product_brand","embeddable":true,"href":"https:\/\/medicinasinc.com\/fr\/wp-json\/wp\/v2\/product_brand?post=5018"},{"taxonomy":"product_cat","embeddable":true,"href":"https:\/\/medicinasinc.com\/fr\/wp-json\/wp\/v2\/product_cat?post=5018"},{"taxonomy":"product_tag","embeddable":true,"href":"https:\/\/medicinasinc.com\/fr\/wp-json\/wp\/v2\/product_tag?post=5018"}],"curies":[{"name":"wp","href":"https:\/\/api.w.org\/{rel}","templated":true}]}}