{"id":4998,"date":"2022-02-20T18:55:26","date_gmt":"2022-02-20T18:55:26","guid":{"rendered":"https:\/\/medicinasinc.com\/fr\/?post_type=product&#038;p=4998"},"modified":"2022-03-17T12:14:48","modified_gmt":"2022-03-17T12:14:48","slug":"acheter-mickey-kush","status":"publish","type":"product","link":"https:\/\/medicinasinc.com\/fr\/product\/acheter-mickey-kush\/","title":{"rendered":"Acheter Mickey Kush"},"content":{"rendered":"<p>Achat en ligne de la vari\u00e9t\u00e9 de marijuana Mickey Kush<\/p>\n<p>Ces t\u00eates hautement concentr\u00e9es ont une saveur terreuse de kush avec des nuances de citron et procurent des effets \u00e9nergiques et cibl\u00e9s. Mickey Kush est bien connue pour sa forte teneur en cannabino\u00efdes en THC et CBG, ce qui en fait un excellent choix pour le traitement des tumeurs, le soulagement des naus\u00e9es et le soulagement de la d\u00e9pression. Ces plantes d&#8217;int\u00e9rieur ou d&#8217;ext\u00e9rieur atteignent une taille moyenne et fournissent un rendement mod\u00e9r\u00e9 \u00e0 \u00e9lev\u00e9 sur une p\u00e9riode de floraison de 7 \u00e0 8 semaines.<\/p>\n","protected":false},"excerpt":{"rendered":"<div class=\"woocommerce-product-details__short-description\">\n<p>Achetez la souche de marijuana Mickey Kush en ligne. Les clients demandent souvent Pouvez-vous\u00a0<em>acheter<\/em>\u00a0de l&#8217;herbe\u00a0<em>en ligne<\/em> et vous faire livrer sans que les flics ne la retrouvent\u00a0? OUI\u00a0!<\/p>\n<\/p><\/div>\n","protected":false},"featured_media":5017,"comment_status":"open","ping_status":"closed","template":"","meta":[],"product_brand":[],"product_cat":[778],"product_tag":[],"class_list":{"0":"post-4998","1":"product","2":"type-product","3":"status-publish","4":"has-post-thumbnail","6":"product_cat-mauvaises-herbes-a-vendre","8":"first","9":"instock","10":"shipping-taxable","11":"purchasable","12":"product-type-variable","13":"has-default-attributes"},"yoast_head":"<!-- This site is optimized with the Yoast SEO plugin v27.3 - https:\/\/yoast.com\/product\/yoast-seo-wordpress\/ -->\n<title>Acheter Mickey Kush - Mickey Kush cannabis - Best Global Meds<\/title>\n<meta name=\"description\" content=\"Achetez la souche de marijuana Mickey Kush en ligne. Les clients demandent souvent Pouvez-vous acheter de l&#039;herbe en ligne et la faire livrer sans que les flics ne la tracent ? OUI!\" \/>\n<meta name=\"robots\" content=\"index, follow, max-snippet:-1, max-image-preview:large, max-video-preview:-1\" \/>\n<link rel=\"canonical\" href=\"https:\/\/medicinasinc.com\/fr\/product\/acheter-mickey-kush\/\" \/>\n<meta property=\"og:locale\" content=\"en_US\" \/>\n<meta property=\"og:type\" content=\"article\" \/>\n<meta property=\"og:title\" content=\"Acheter Mickey Kush - Mickey Kush cannabis - Best Global Meds\" \/>\n<meta property=\"og:description\" content=\"Achetez la souche de marijuana Mickey Kush en ligne. Les clients demandent souvent Pouvez-vous acheter de l&#039;herbe en ligne et la faire livrer sans que les flics ne la tracent ? OUI!\" \/>\n<meta property=\"og:url\" content=\"https:\/\/medicinasinc.com\/fr\/product\/acheter-mickey-kush\/\" \/>\n<meta property=\"og:site_name\" content=\"Medicinas Inc\" \/>\n<meta property=\"article:modified_time\" content=\"2022-03-17T12:14:48+00:00\" \/>\n<meta property=\"og:image\" content=\"https:\/\/medicinasinc.com\/fr\/wp-content\/uploads\/sites\/5\/2022\/02\/Buy-Mickey-Kush-Marijuana.jpg\" \/>\n\t<meta property=\"og:image:width\" content=\"1200\" \/>\n\t<meta property=\"og:image:height\" content=\"630\" \/>\n\t<meta property=\"og:image:type\" content=\"image\/jpeg\" \/>\n<meta name=\"twitter:card\" content=\"summary_large_image\" \/>\n<meta name=\"twitter:label1\" content=\"Est. reading time\" \/>\n\t<meta name=\"twitter:data1\" content=\"1 minute\" \/>\n<script type=\"application\/ld+json\" class=\"yoast-schema-graph\">{\"@context\":\"https:\\\/\\\/schema.org\",\"@graph\":[{\"@type\":\"WebPage\",\"@id\":\"https:\\\/\\\/medicinasinc.com\\\/fr\\\/product\\\/acheter-mickey-kush\\\/\",\"url\":\"https:\\\/\\\/medicinasinc.com\\\/fr\\\/product\\\/acheter-mickey-kush\\\/\",\"name\":\"Acheter Mickey Kush - Mickey Kush cannabis - Best Global Meds\",\"isPartOf\":{\"@id\":\"https:\\\/\\\/medicinasinc.com\\\/fr\\\/#website\"},\"primaryImageOfPage\":{\"@id\":\"https:\\\/\\\/medicinasinc.com\\\/fr\\\/product\\\/acheter-mickey-kush\\\/#primaryimage\"},\"image\":{\"@id\":\"https:\\\/\\\/medicinasinc.com\\\/fr\\\/product\\\/acheter-mickey-kush\\\/#primaryimage\"},\"thumbnailUrl\":\"https:\\\/\\\/medicinasinc.com\\\/fr\\\/wp-content\\\/uploads\\\/sites\\\/5\\\/2022\\\/02\\\/Buy-Mickey-Kush-Marijuana.jpg\",\"datePublished\":\"2022-02-20T18:55:26+00:00\",\"dateModified\":\"2022-03-17T12:14:48+00:00\",\"description\":\"Achetez la souche de marijuana Mickey Kush en ligne. Les clients demandent souvent Pouvez-vous acheter de l'herbe en ligne et la faire livrer sans que les flics ne la tracent ? OUI!\",\"breadcrumb\":{\"@id\":\"https:\\\/\\\/medicinasinc.com\\\/fr\\\/product\\\/acheter-mickey-kush\\\/#breadcrumb\"},\"inLanguage\":\"en-US\",\"potentialAction\":[{\"@type\":\"ReadAction\",\"target\":[\"https:\\\/\\\/medicinasinc.com\\\/fr\\\/product\\\/acheter-mickey-kush\\\/\"]}]},{\"@type\":\"ImageObject\",\"inLanguage\":\"en-US\",\"@id\":\"https:\\\/\\\/medicinasinc.com\\\/fr\\\/product\\\/acheter-mickey-kush\\\/#primaryimage\",\"url\":\"https:\\\/\\\/medicinasinc.com\\\/fr\\\/wp-content\\\/uploads\\\/sites\\\/5\\\/2022\\\/02\\\/Buy-Mickey-Kush-Marijuana.jpg\",\"contentUrl\":\"https:\\\/\\\/medicinasinc.com\\\/fr\\\/wp-content\\\/uploads\\\/sites\\\/5\\\/2022\\\/02\\\/Buy-Mickey-Kush-Marijuana.jpg\",\"width\":1200,\"height\":630},{\"@type\":\"BreadcrumbList\",\"@id\":\"https:\\\/\\\/medicinasinc.com\\\/fr\\\/product\\\/acheter-mickey-kush\\\/#breadcrumb\",\"itemListElement\":[{\"@type\":\"ListItem\",\"position\":1,\"name\":\"Boutique\",\"item\":\"https:\\\/\\\/medicinasinc.com\\\/fr\\\/boutique\\\/\"},{\"@type\":\"ListItem\",\"position\":2,\"name\":\"Acheter Mickey Kush\"}]},{\"@type\":\"WebSite\",\"@id\":\"https:\\\/\\\/medicinasinc.com\\\/fr\\\/#website\",\"url\":\"https:\\\/\\\/medicinasinc.com\\\/fr\\\/\",\"name\":\"Medicinas Inc\",\"description\":\"Health Medical Clinic\",\"potentialAction\":[{\"@type\":\"SearchAction\",\"target\":{\"@type\":\"EntryPoint\",\"urlTemplate\":\"https:\\\/\\\/medicinasinc.com\\\/fr\\\/?s={search_term_string}\"},\"query-input\":{\"@type\":\"PropertyValueSpecification\",\"valueRequired\":true,\"valueName\":\"search_term_string\"}}],\"inLanguage\":\"en-US\"}]}<\/script>\n<!-- \/ Yoast SEO plugin. -->","yoast_head_json":{"title":"Acheter Mickey Kush - Mickey Kush cannabis - Best Global Meds","description":"Achetez la souche de marijuana Mickey Kush en ligne. Les clients demandent souvent Pouvez-vous acheter de l'herbe en ligne et la faire livrer sans que les flics ne la tracent ? OUI!","robots":{"index":"index","follow":"follow","max-snippet":"max-snippet:-1","max-image-preview":"max-image-preview:large","max-video-preview":"max-video-preview:-1"},"canonical":"https:\/\/medicinasinc.com\/fr\/product\/acheter-mickey-kush\/","og_locale":"en_US","og_type":"article","og_title":"Acheter Mickey Kush - Mickey Kush cannabis - Best Global Meds","og_description":"Achetez la souche de marijuana Mickey Kush en ligne. Les clients demandent souvent Pouvez-vous acheter de l'herbe en ligne et la faire livrer sans que les flics ne la tracent ? OUI!","og_url":"https:\/\/medicinasinc.com\/fr\/product\/acheter-mickey-kush\/","og_site_name":"Medicinas Inc","article_modified_time":"2022-03-17T12:14:48+00:00","og_image":[{"width":1200,"height":630,"url":"https:\/\/medicinasinc.com\/fr\/wp-content\/uploads\/sites\/5\/2022\/02\/Buy-Mickey-Kush-Marijuana.jpg","type":"image\/jpeg"}],"twitter_card":"summary_large_image","twitter_misc":{"Est. reading time":"1 minute"},"schema":{"@context":"https:\/\/schema.org","@graph":[{"@type":"WebPage","@id":"https:\/\/medicinasinc.com\/fr\/product\/acheter-mickey-kush\/","url":"https:\/\/medicinasinc.com\/fr\/product\/acheter-mickey-kush\/","name":"Acheter Mickey Kush - Mickey Kush cannabis - Best Global Meds","isPartOf":{"@id":"https:\/\/medicinasinc.com\/fr\/#website"},"primaryImageOfPage":{"@id":"https:\/\/medicinasinc.com\/fr\/product\/acheter-mickey-kush\/#primaryimage"},"image":{"@id":"https:\/\/medicinasinc.com\/fr\/product\/acheter-mickey-kush\/#primaryimage"},"thumbnailUrl":"https:\/\/medicinasinc.com\/fr\/wp-content\/uploads\/sites\/5\/2022\/02\/Buy-Mickey-Kush-Marijuana.jpg","datePublished":"2022-02-20T18:55:26+00:00","dateModified":"2022-03-17T12:14:48+00:00","description":"Achetez la souche de marijuana Mickey Kush en ligne. Les clients demandent souvent Pouvez-vous acheter de l'herbe en ligne et la faire livrer sans que les flics ne la tracent ? OUI!","breadcrumb":{"@id":"https:\/\/medicinasinc.com\/fr\/product\/acheter-mickey-kush\/#breadcrumb"},"inLanguage":"en-US","potentialAction":[{"@type":"ReadAction","target":["https:\/\/medicinasinc.com\/fr\/product\/acheter-mickey-kush\/"]}]},{"@type":"ImageObject","inLanguage":"en-US","@id":"https:\/\/medicinasinc.com\/fr\/product\/acheter-mickey-kush\/#primaryimage","url":"https:\/\/medicinasinc.com\/fr\/wp-content\/uploads\/sites\/5\/2022\/02\/Buy-Mickey-Kush-Marijuana.jpg","contentUrl":"https:\/\/medicinasinc.com\/fr\/wp-content\/uploads\/sites\/5\/2022\/02\/Buy-Mickey-Kush-Marijuana.jpg","width":1200,"height":630},{"@type":"BreadcrumbList","@id":"https:\/\/medicinasinc.com\/fr\/product\/acheter-mickey-kush\/#breadcrumb","itemListElement":[{"@type":"ListItem","position":1,"name":"Boutique","item":"https:\/\/medicinasinc.com\/fr\/boutique\/"},{"@type":"ListItem","position":2,"name":"Acheter Mickey Kush"}]},{"@type":"WebSite","@id":"https:\/\/medicinasinc.com\/fr\/#website","url":"https:\/\/medicinasinc.com\/fr\/","name":"Medicinas Inc","description":"Health Medical Clinic","potentialAction":[{"@type":"SearchAction","target":{"@type":"EntryPoint","urlTemplate":"https:\/\/medicinasinc.com\/fr\/?s={search_term_string}"},"query-input":{"@type":"PropertyValueSpecification","valueRequired":true,"valueName":"search_term_string"}}],"inLanguage":"en-US"}]}},"_links":{"self":[{"href":"https:\/\/medicinasinc.com\/fr\/wp-json\/wp\/v2\/product\/4998","targetHints":{"allow":["GET"]}}],"collection":[{"href":"https:\/\/medicinasinc.com\/fr\/wp-json\/wp\/v2\/product"}],"about":[{"href":"https:\/\/medicinasinc.com\/fr\/wp-json\/wp\/v2\/types\/product"}],"replies":[{"embeddable":true,"href":"https:\/\/medicinasinc.com\/fr\/wp-json\/wp\/v2\/comments?post=4998"}],"wp:featuredmedia":[{"embeddable":true,"href":"https:\/\/medicinasinc.com\/fr\/wp-json\/wp\/v2\/media\/5017"}],"wp:attachment":[{"href":"https:\/\/medicinasinc.com\/fr\/wp-json\/wp\/v2\/media?parent=4998"}],"wp:term":[{"taxonomy":"product_brand","embeddable":true,"href":"https:\/\/medicinasinc.com\/fr\/wp-json\/wp\/v2\/product_brand?post=4998"},{"taxonomy":"product_cat","embeddable":true,"href":"https:\/\/medicinasinc.com\/fr\/wp-json\/wp\/v2\/product_cat?post=4998"},{"taxonomy":"product_tag","embeddable":true,"href":"https:\/\/medicinasinc.com\/fr\/wp-json\/wp\/v2\/product_tag?post=4998"}],"curies":[{"name":"wp","href":"https:\/\/api.w.org\/{rel}","templated":true}]}}