{"id":4997,"date":"2022-02-20T18:54:15","date_gmt":"2022-02-20T18:54:15","guid":{"rendered":"https:\/\/medicinasinc.com\/fr\/?post_type=product&#038;p=4997"},"modified":"2022-03-17T12:15:00","modified_gmt":"2022-03-17T12:15:00","slug":"monstre-de-l-espace-marijuana","status":"publish","type":"product","link":"https:\/\/medicinasinc.com\/fr\/product\/monstre-de-l-espace-marijuana\/","title":{"rendered":"Marijuana Monstre de l&#8217;Espace"},"content":{"rendered":"<p>Space Monster Marijuana en vente en ligne.<\/p>\n<p>Space Monster Marijuana en vente en ligne.<\/p>\n<p>Achetez de la marijuana Space Monster. La marijuana Space Monster est un hybride dominant contenant 75% Indica et 25% Sativa. La teneur en THC est de 20\u00a0%.<\/p>\n<p>Effets<br \/> Physique \u00e9lev\u00e9, euphorie, bonheur, relaxation, somnolence et effets \u00e9difiants Peut soulager la douleur chronique, l&#8217;inflammation, l&#8217;insomnie, les spasmes musculaires et les tremblements Saveurs Baies, produits chimiques , Raisin, Doux<\/p>\n","protected":false},"excerpt":{"rendered":"<p>Achetez Marijuana Space Monster en ligne. Acheter de l&#8217;herbe en ligne l Acheter de la marijuana en ligne | Achetez du cannabis en ligne | Acheter des produits comestibles | Achetez de l&#8217;huile de cannabis<\/p>\n<p>Ayer, dans le Massachusetts, dispose d\u00e9sormais d&#8217;un dispensaire de cannabis r\u00e9cr\u00e9atif. Passez votre commande en ligne et r\u00e9cup\u00e9rez-la dans notre dispensaire de marijuana \u00e0 Ayer, Massachusetts.<\/p>\n","protected":false},"featured_media":5015,"comment_status":"open","ping_status":"closed","template":"","meta":[],"product_brand":[],"product_cat":[778],"product_tag":[940,941,943,944,945,942,946,947],"class_list":{"0":"post-4997","1":"product","2":"type-product","3":"status-publish","4":"has-post-thumbnail","6":"product_cat-mauvaises-herbes-a-vendre","7":"product_tag-a-train-strain","8":"product_tag-gas-leak-strain","9":"product_tag-perfect-triangle-5-strain","10":"product_tag-souche-bombe-spatiale","11":"product_tag-space-monkey-souche-wikileaf","12":"product_tag-lvtk-souche","13":"product_tag-tk-bx1-souche","14":"product_tag-triangle-kush","16":"first","17":"instock","18":"shipping-taxable","19":"purchasable","20":"product-type-variable","21":"has-default-attributes"},"yoast_head":"<!-- This site is optimized with the Yoast SEO plugin v27.3 - https:\/\/yoast.com\/product\/yoast-seo-wordpress\/ -->\n<title>Acheter Space Monster Marijuana - Meilleurs meilleurs m\u00e9dicaments mondiaux<\/title>\n<meta name=\"description\" content=\"Achetez de la marijuana Space Monster en vente en ligne. Acheter de l&#039;herbe en ligne l Acheter de la marijuana en ligne | Acheter du cannabis en ligne | comestibles | Vente d&#039;huile de cannabis.\" \/>\n<meta name=\"robots\" content=\"index, follow, max-snippet:-1, max-image-preview:large, max-video-preview:-1\" \/>\n<link rel=\"canonical\" href=\"https:\/\/medicinasinc.com\/fr\/product\/monstre-de-l-espace-marijuana\/\" \/>\n<meta property=\"og:locale\" content=\"en_US\" \/>\n<meta property=\"og:type\" content=\"article\" \/>\n<meta property=\"og:title\" content=\"Acheter Space Monster Marijuana - Meilleurs meilleurs m\u00e9dicaments mondiaux\" \/>\n<meta property=\"og:description\" content=\"Achetez de la marijuana Space Monster en vente en ligne. Acheter de l&#039;herbe en ligne l Acheter de la marijuana en ligne | Acheter du cannabis en ligne | comestibles | Vente d&#039;huile de cannabis.\" \/>\n<meta property=\"og:url\" content=\"https:\/\/medicinasinc.com\/fr\/product\/monstre-de-l-espace-marijuana\/\" \/>\n<meta property=\"og:site_name\" content=\"Medicinas Inc\" \/>\n<meta property=\"article:modified_time\" content=\"2022-03-17T12:15:00+00:00\" \/>\n<meta property=\"og:image\" content=\"https:\/\/medicinasinc.com\/fr\/wp-content\/uploads\/sites\/5\/2022\/02\/Space-Monster-Marijuana.jpg\" \/>\n\t<meta property=\"og:image:width\" content=\"600\" \/>\n\t<meta property=\"og:image:height\" content=\"600\" \/>\n\t<meta property=\"og:image:type\" content=\"image\/jpeg\" \/>\n<meta name=\"twitter:card\" content=\"summary_large_image\" \/>\n<meta name=\"twitter:label1\" content=\"Est. reading time\" \/>\n\t<meta name=\"twitter:data1\" content=\"1 minute\" \/>\n<script type=\"application\/ld+json\" class=\"yoast-schema-graph\">{\"@context\":\"https:\\\/\\\/schema.org\",\"@graph\":[{\"@type\":\"WebPage\",\"@id\":\"https:\\\/\\\/medicinasinc.com\\\/fr\\\/product\\\/monstre-de-l-espace-marijuana\\\/\",\"url\":\"https:\\\/\\\/medicinasinc.com\\\/fr\\\/product\\\/monstre-de-l-espace-marijuana\\\/\",\"name\":\"Acheter Space Monster Marijuana - Meilleurs meilleurs m\u00e9dicaments mondiaux\",\"isPartOf\":{\"@id\":\"https:\\\/\\\/medicinasinc.com\\\/fr\\\/#website\"},\"primaryImageOfPage\":{\"@id\":\"https:\\\/\\\/medicinasinc.com\\\/fr\\\/product\\\/monstre-de-l-espace-marijuana\\\/#primaryimage\"},\"image\":{\"@id\":\"https:\\\/\\\/medicinasinc.com\\\/fr\\\/product\\\/monstre-de-l-espace-marijuana\\\/#primaryimage\"},\"thumbnailUrl\":\"https:\\\/\\\/medicinasinc.com\\\/fr\\\/wp-content\\\/uploads\\\/sites\\\/5\\\/2022\\\/02\\\/Space-Monster-Marijuana.jpg\",\"datePublished\":\"2022-02-20T18:54:15+00:00\",\"dateModified\":\"2022-03-17T12:15:00+00:00\",\"description\":\"Achetez de la marijuana Space Monster en vente en ligne. Acheter de l'herbe en ligne l Acheter de la marijuana en ligne | Acheter du cannabis en ligne | comestibles | Vente d'huile de cannabis.\",\"breadcrumb\":{\"@id\":\"https:\\\/\\\/medicinasinc.com\\\/fr\\\/product\\\/monstre-de-l-espace-marijuana\\\/#breadcrumb\"},\"inLanguage\":\"en-US\",\"potentialAction\":[{\"@type\":\"ReadAction\",\"target\":[\"https:\\\/\\\/medicinasinc.com\\\/fr\\\/product\\\/monstre-de-l-espace-marijuana\\\/\"]}]},{\"@type\":\"ImageObject\",\"inLanguage\":\"en-US\",\"@id\":\"https:\\\/\\\/medicinasinc.com\\\/fr\\\/product\\\/monstre-de-l-espace-marijuana\\\/#primaryimage\",\"url\":\"https:\\\/\\\/medicinasinc.com\\\/fr\\\/wp-content\\\/uploads\\\/sites\\\/5\\\/2022\\\/02\\\/Space-Monster-Marijuana.jpg\",\"contentUrl\":\"https:\\\/\\\/medicinasinc.com\\\/fr\\\/wp-content\\\/uploads\\\/sites\\\/5\\\/2022\\\/02\\\/Space-Monster-Marijuana.jpg\",\"width\":600,\"height\":600},{\"@type\":\"BreadcrumbList\",\"@id\":\"https:\\\/\\\/medicinasinc.com\\\/fr\\\/product\\\/monstre-de-l-espace-marijuana\\\/#breadcrumb\",\"itemListElement\":[{\"@type\":\"ListItem\",\"position\":1,\"name\":\"Boutique\",\"item\":\"https:\\\/\\\/medicinasinc.com\\\/fr\\\/boutique\\\/\"},{\"@type\":\"ListItem\",\"position\":2,\"name\":\"Marijuana Monstre de l&#8217;Espace\"}]},{\"@type\":\"WebSite\",\"@id\":\"https:\\\/\\\/medicinasinc.com\\\/fr\\\/#website\",\"url\":\"https:\\\/\\\/medicinasinc.com\\\/fr\\\/\",\"name\":\"Medicinas Inc\",\"description\":\"Health Medical Clinic\",\"potentialAction\":[{\"@type\":\"SearchAction\",\"target\":{\"@type\":\"EntryPoint\",\"urlTemplate\":\"https:\\\/\\\/medicinasinc.com\\\/fr\\\/?s={search_term_string}\"},\"query-input\":{\"@type\":\"PropertyValueSpecification\",\"valueRequired\":true,\"valueName\":\"search_term_string\"}}],\"inLanguage\":\"en-US\"}]}<\/script>\n<!-- \/ Yoast SEO plugin. -->","yoast_head_json":{"title":"Acheter Space Monster Marijuana - Meilleurs meilleurs m\u00e9dicaments mondiaux","description":"Achetez de la marijuana Space Monster en vente en ligne. Acheter de l'herbe en ligne l Acheter de la marijuana en ligne | Acheter du cannabis en ligne | comestibles | Vente d'huile de cannabis.","robots":{"index":"index","follow":"follow","max-snippet":"max-snippet:-1","max-image-preview":"max-image-preview:large","max-video-preview":"max-video-preview:-1"},"canonical":"https:\/\/medicinasinc.com\/fr\/product\/monstre-de-l-espace-marijuana\/","og_locale":"en_US","og_type":"article","og_title":"Acheter Space Monster Marijuana - Meilleurs meilleurs m\u00e9dicaments mondiaux","og_description":"Achetez de la marijuana Space Monster en vente en ligne. Acheter de l'herbe en ligne l Acheter de la marijuana en ligne | Acheter du cannabis en ligne | comestibles | Vente d'huile de cannabis.","og_url":"https:\/\/medicinasinc.com\/fr\/product\/monstre-de-l-espace-marijuana\/","og_site_name":"Medicinas Inc","article_modified_time":"2022-03-17T12:15:00+00:00","og_image":[{"width":600,"height":600,"url":"https:\/\/medicinasinc.com\/fr\/wp-content\/uploads\/sites\/5\/2022\/02\/Space-Monster-Marijuana.jpg","type":"image\/jpeg"}],"twitter_card":"summary_large_image","twitter_misc":{"Est. reading time":"1 minute"},"schema":{"@context":"https:\/\/schema.org","@graph":[{"@type":"WebPage","@id":"https:\/\/medicinasinc.com\/fr\/product\/monstre-de-l-espace-marijuana\/","url":"https:\/\/medicinasinc.com\/fr\/product\/monstre-de-l-espace-marijuana\/","name":"Acheter Space Monster Marijuana - Meilleurs meilleurs m\u00e9dicaments mondiaux","isPartOf":{"@id":"https:\/\/medicinasinc.com\/fr\/#website"},"primaryImageOfPage":{"@id":"https:\/\/medicinasinc.com\/fr\/product\/monstre-de-l-espace-marijuana\/#primaryimage"},"image":{"@id":"https:\/\/medicinasinc.com\/fr\/product\/monstre-de-l-espace-marijuana\/#primaryimage"},"thumbnailUrl":"https:\/\/medicinasinc.com\/fr\/wp-content\/uploads\/sites\/5\/2022\/02\/Space-Monster-Marijuana.jpg","datePublished":"2022-02-20T18:54:15+00:00","dateModified":"2022-03-17T12:15:00+00:00","description":"Achetez de la marijuana Space Monster en vente en ligne. Acheter de l'herbe en ligne l Acheter de la marijuana en ligne | Acheter du cannabis en ligne | comestibles | Vente d'huile de cannabis.","breadcrumb":{"@id":"https:\/\/medicinasinc.com\/fr\/product\/monstre-de-l-espace-marijuana\/#breadcrumb"},"inLanguage":"en-US","potentialAction":[{"@type":"ReadAction","target":["https:\/\/medicinasinc.com\/fr\/product\/monstre-de-l-espace-marijuana\/"]}]},{"@type":"ImageObject","inLanguage":"en-US","@id":"https:\/\/medicinasinc.com\/fr\/product\/monstre-de-l-espace-marijuana\/#primaryimage","url":"https:\/\/medicinasinc.com\/fr\/wp-content\/uploads\/sites\/5\/2022\/02\/Space-Monster-Marijuana.jpg","contentUrl":"https:\/\/medicinasinc.com\/fr\/wp-content\/uploads\/sites\/5\/2022\/02\/Space-Monster-Marijuana.jpg","width":600,"height":600},{"@type":"BreadcrumbList","@id":"https:\/\/medicinasinc.com\/fr\/product\/monstre-de-l-espace-marijuana\/#breadcrumb","itemListElement":[{"@type":"ListItem","position":1,"name":"Boutique","item":"https:\/\/medicinasinc.com\/fr\/boutique\/"},{"@type":"ListItem","position":2,"name":"Marijuana Monstre de l&#8217;Espace"}]},{"@type":"WebSite","@id":"https:\/\/medicinasinc.com\/fr\/#website","url":"https:\/\/medicinasinc.com\/fr\/","name":"Medicinas Inc","description":"Health Medical Clinic","potentialAction":[{"@type":"SearchAction","target":{"@type":"EntryPoint","urlTemplate":"https:\/\/medicinasinc.com\/fr\/?s={search_term_string}"},"query-input":{"@type":"PropertyValueSpecification","valueRequired":true,"valueName":"search_term_string"}}],"inLanguage":"en-US"}]}},"_links":{"self":[{"href":"https:\/\/medicinasinc.com\/fr\/wp-json\/wp\/v2\/product\/4997","targetHints":{"allow":["GET"]}}],"collection":[{"href":"https:\/\/medicinasinc.com\/fr\/wp-json\/wp\/v2\/product"}],"about":[{"href":"https:\/\/medicinasinc.com\/fr\/wp-json\/wp\/v2\/types\/product"}],"replies":[{"embeddable":true,"href":"https:\/\/medicinasinc.com\/fr\/wp-json\/wp\/v2\/comments?post=4997"}],"wp:featuredmedia":[{"embeddable":true,"href":"https:\/\/medicinasinc.com\/fr\/wp-json\/wp\/v2\/media\/5015"}],"wp:attachment":[{"href":"https:\/\/medicinasinc.com\/fr\/wp-json\/wp\/v2\/media?parent=4997"}],"wp:term":[{"taxonomy":"product_brand","embeddable":true,"href":"https:\/\/medicinasinc.com\/fr\/wp-json\/wp\/v2\/product_brand?post=4997"},{"taxonomy":"product_cat","embeddable":true,"href":"https:\/\/medicinasinc.com\/fr\/wp-json\/wp\/v2\/product_cat?post=4997"},{"taxonomy":"product_tag","embeddable":true,"href":"https:\/\/medicinasinc.com\/fr\/wp-json\/wp\/v2\/product_tag?post=4997"}],"curies":[{"name":"wp","href":"https:\/\/api.w.org\/{rel}","templated":true}]}}