{"id":4996,"date":"2022-02-20T18:53:00","date_gmt":"2022-02-20T18:53:00","guid":{"rendered":"https:\/\/medicinasinc.com\/fr\/?post_type=product&#038;p=4996"},"modified":"2022-08-05T10:21:31","modified_gmt":"2022-08-05T10:21:31","slug":"acheter-lemon-skunk","status":"publish","type":"product","link":"https:\/\/medicinasinc.com\/fr\/product\/acheter-lemon-skunk\/","title":{"rendered":"Acheter de la mouffette citronn\u00e9e"},"content":{"rendered":"<p>Lemon Skunk est disponible au dispensaire de marijuana en ligne de Chronic Post.<\/p>\n<p>ChronicPost Lemon Skunk est un hybride Sativa prim\u00e9 \u00e0 plusieurs reprises avec une saveur de citron et une teneur en THC allant jusqu&#8217;\u00e0 22 %. En 2009, elle a \u00e9t\u00e9 incluse dans le classement des dix meilleures vari\u00e9t\u00e9s du High Times.<\/p>\n<p>La teneur en THC de Lemon Skunk varie entre 14 et 15\u00a0% en moyenne et a \u00e9t\u00e9 test\u00e9e jusqu&#8217;\u00e0 22\u00a0% de THC. Son high est connu pour stimuler la fonction c\u00e9r\u00e9brale, ce qui entra\u00eene une plus grande cr\u00e9ativit\u00e9 et enveloppe l&#8217;utilisateur dans un buzz joyeux et \u00e9nergisant. De nombreux critiques ont caract\u00e9ris\u00e9 leur Lemon Skunk high comme introspectif, suscitant des pens\u00e9es et am\u00e9liorant l&#8217;inventivit\u00e9. Apr\u00e8s une \u00e0 deux heures, les composants indica de la vari\u00e9t\u00e9 commencent \u00e0 faire leur effet, laissant l&#8217;utilisateur l\u00e9g\u00e8rement fatigu\u00e9 \u00e0 mesure que les effets c\u00e9r\u00e9braux se dissipent.<\/p>\n<p>Lemon Skunk est une plante un peu grande et productive qui est exactement ce que son nom l&#8217;indique &#8211; une variante de Skunk fortement teint\u00e9e d&#8217;agrumes avec un effet puissant et apaisant. Elle poss\u00e8de les bourgeons vert citron caract\u00e9ristiques et les pistils orange vif de la Skunk, ce qui donne des t\u00eates givr\u00e9es, denses et en forme de lance.<\/p>\n","protected":false},"excerpt":{"rendered":"<div class=\"woocommerce-product-details__short-description\">\n<p>Lemon Skunk contient une quantit\u00e9 mod\u00e9r\u00e9e de THC et tr\u00e8s peu de CBD. D\u00e9couvrez plus sur DNA Genetics Lemon Skunk et placez votre achat avec Tokyo Smoke aujourd&#8217;hui.<\/p>\n<p>Lemon Skunk Weed \u00e0 vendre en ligne. Lemon Kush est un m\u00e9lange entre Master Kush et Lemon Joy et produit un rendement faible \u00e0 mod\u00e9r\u00e9. Recommand\u00e9 pour les patients atteints du VIH\/SIDA, du glaucome, de la maladie de Parkinson, de l&#8217;anxi\u00e9t\u00e9 et de la douleur chronique<\/p>\n<p><strong>Taille des t\u00eates\u00a0:\u00a0<\/strong>Petites<br \/>\n<strong>Texture\u00a0:\u00a0<\/strong>Sec<br \/>\n<strong>Saveurs\u00a0:\u00a0<\/strong>Citron \/ Agrumes \/ Frais<br \/>\n<strong>Utilisation courante\u00a0:<\/strong>\u00a0Douleur \/ App\u00e9tit \/ D\u00e9pression<br \/>\n<strong>THC\u00a0:<\/strong>\u00a022\u00a0%\u00a0 \u00a0<strong>CBD\u00a0: &lt;<\/strong>1\u00a0%<\/p>\n<\/div>\n","protected":false},"featured_media":5013,"comment_status":"open","ping_status":"closed","template":"","meta":[],"product_brand":[],"product_cat":[778],"product_tag":[932,934,935,933,937,936,939,938],"class_list":{"0":"post-4996","1":"product","2":"type-product","3":"status-publish","4":"has-post-thumbnail","6":"product_cat-mauvaises-herbes-a-vendre","7":"product_tag-best-lemon-skunk-seeds","8":"product_tag-cartouche-mouffette-citron","9":"product_tag-citron-skunk-cbd","10":"product_tag-citron-skunk-auto","11":"product_tag-citron-skunk-indica-ou-sativa","12":"product_tag-examen-des-graines-de-citron-skunk--effet-de-serre","13":"product_tag-lemon-skunk-taste","14":"product_tag-prix-mouffette-citron","16":"first","17":"instock","18":"shipping-taxable","19":"purchasable","20":"product-type-variable","21":"has-default-attributes"},"yoast_head":"<!-- This site is optimized with the Yoast SEO plugin v27.3 - https:\/\/yoast.com\/product\/yoast-seo-wordpress\/ -->\n<title>Acheter Lemon Skunk - Meilleurs meilleurs m\u00e9dicaments mondiaux<\/title>\n<meta name=\"description\" content=\"Acheter de l&#039;herbe \u00e0 la citronnelle en ligne. Lemon Kush est un croisement entre Master Kush et Lemon Joy, il a un rendement faible \u00e0 moyen. Recommand\u00e9 pour les patients atteints du VIH\/SIDA, glaucome, maladie de Parkinson, anxi\u00e9t\u00e9, douleur chronique\u2026\" \/>\n<meta name=\"robots\" content=\"index, follow, max-snippet:-1, max-image-preview:large, max-video-preview:-1\" \/>\n<link rel=\"canonical\" href=\"https:\/\/medicinasinc.com\/fr\/product\/acheter-lemon-skunk\/\" \/>\n<meta property=\"og:locale\" content=\"en_US\" \/>\n<meta property=\"og:type\" content=\"article\" \/>\n<meta property=\"og:title\" content=\"Acheter Lemon Skunk - Meilleurs meilleurs m\u00e9dicaments mondiaux\" \/>\n<meta property=\"og:description\" content=\"Acheter de l&#039;herbe \u00e0 la citronnelle en ligne. Lemon Kush est un croisement entre Master Kush et Lemon Joy, il a un rendement faible \u00e0 moyen. Recommand\u00e9 pour les patients atteints du VIH\/SIDA, glaucome, maladie de Parkinson, anxi\u00e9t\u00e9, douleur chronique\u2026\" \/>\n<meta property=\"og:url\" content=\"https:\/\/medicinasinc.com\/fr\/product\/acheter-lemon-skunk\/\" \/>\n<meta property=\"og:site_name\" content=\"Medicinas Inc\" \/>\n<meta property=\"article:modified_time\" content=\"2022-08-05T10:21:31+00:00\" \/>\n<meta property=\"og:image\" content=\"https:\/\/medicinasinc.com\/fr\/wp-content\/uploads\/sites\/5\/2022\/02\/Buy-Lemon-Skunk.jpg\" \/>\n\t<meta property=\"og:image:width\" content=\"2403\" \/>\n\t<meta property=\"og:image:height\" content=\"2403\" \/>\n\t<meta property=\"og:image:type\" content=\"image\/jpeg\" \/>\n<meta name=\"twitter:card\" content=\"summary_large_image\" \/>\n<meta name=\"twitter:label1\" content=\"Est. reading time\" \/>\n\t<meta name=\"twitter:data1\" content=\"1 minute\" \/>\n<script type=\"application\/ld+json\" class=\"yoast-schema-graph\">{\"@context\":\"https:\\\/\\\/schema.org\",\"@graph\":[{\"@type\":\"WebPage\",\"@id\":\"https:\\\/\\\/medicinasinc.com\\\/fr\\\/product\\\/acheter-lemon-skunk\\\/\",\"url\":\"https:\\\/\\\/medicinasinc.com\\\/fr\\\/product\\\/acheter-lemon-skunk\\\/\",\"name\":\"Acheter Lemon Skunk - Meilleurs meilleurs m\u00e9dicaments mondiaux\",\"isPartOf\":{\"@id\":\"https:\\\/\\\/medicinasinc.com\\\/fr\\\/#website\"},\"primaryImageOfPage\":{\"@id\":\"https:\\\/\\\/medicinasinc.com\\\/fr\\\/product\\\/acheter-lemon-skunk\\\/#primaryimage\"},\"image\":{\"@id\":\"https:\\\/\\\/medicinasinc.com\\\/fr\\\/product\\\/acheter-lemon-skunk\\\/#primaryimage\"},\"thumbnailUrl\":\"https:\\\/\\\/medicinasinc.com\\\/fr\\\/wp-content\\\/uploads\\\/sites\\\/5\\\/2022\\\/02\\\/Buy-Lemon-Skunk.jpg\",\"datePublished\":\"2022-02-20T18:53:00+00:00\",\"dateModified\":\"2022-08-05T10:21:31+00:00\",\"description\":\"Acheter de l'herbe \u00e0 la citronnelle en ligne. Lemon Kush est un croisement entre Master Kush et Lemon Joy, il a un rendement faible \u00e0 moyen. Recommand\u00e9 pour les patients atteints du VIH\\\/SIDA, glaucome, maladie de Parkinson, anxi\u00e9t\u00e9, douleur chronique\u2026\",\"breadcrumb\":{\"@id\":\"https:\\\/\\\/medicinasinc.com\\\/fr\\\/product\\\/acheter-lemon-skunk\\\/#breadcrumb\"},\"inLanguage\":\"en-US\",\"potentialAction\":[{\"@type\":\"ReadAction\",\"target\":[\"https:\\\/\\\/medicinasinc.com\\\/fr\\\/product\\\/acheter-lemon-skunk\\\/\"]}]},{\"@type\":\"ImageObject\",\"inLanguage\":\"en-US\",\"@id\":\"https:\\\/\\\/medicinasinc.com\\\/fr\\\/product\\\/acheter-lemon-skunk\\\/#primaryimage\",\"url\":\"https:\\\/\\\/medicinasinc.com\\\/fr\\\/wp-content\\\/uploads\\\/sites\\\/5\\\/2022\\\/02\\\/Buy-Lemon-Skunk.jpg\",\"contentUrl\":\"https:\\\/\\\/medicinasinc.com\\\/fr\\\/wp-content\\\/uploads\\\/sites\\\/5\\\/2022\\\/02\\\/Buy-Lemon-Skunk.jpg\",\"width\":2403,\"height\":2403},{\"@type\":\"BreadcrumbList\",\"@id\":\"https:\\\/\\\/medicinasinc.com\\\/fr\\\/product\\\/acheter-lemon-skunk\\\/#breadcrumb\",\"itemListElement\":[{\"@type\":\"ListItem\",\"position\":1,\"name\":\"Boutique\",\"item\":\"https:\\\/\\\/medicinasinc.com\\\/fr\\\/boutique\\\/\"},{\"@type\":\"ListItem\",\"position\":2,\"name\":\"Acheter de la mouffette citronn\u00e9e\"}]},{\"@type\":\"WebSite\",\"@id\":\"https:\\\/\\\/medicinasinc.com\\\/fr\\\/#website\",\"url\":\"https:\\\/\\\/medicinasinc.com\\\/fr\\\/\",\"name\":\"Medicinas Inc\",\"description\":\"Health Medical Clinic\",\"potentialAction\":[{\"@type\":\"SearchAction\",\"target\":{\"@type\":\"EntryPoint\",\"urlTemplate\":\"https:\\\/\\\/medicinasinc.com\\\/fr\\\/?s={search_term_string}\"},\"query-input\":{\"@type\":\"PropertyValueSpecification\",\"valueRequired\":true,\"valueName\":\"search_term_string\"}}],\"inLanguage\":\"en-US\"}]}<\/script>\n<!-- \/ Yoast SEO plugin. -->","yoast_head_json":{"title":"Acheter Lemon Skunk - Meilleurs meilleurs m\u00e9dicaments mondiaux","description":"Acheter de l'herbe \u00e0 la citronnelle en ligne. Lemon Kush est un croisement entre Master Kush et Lemon Joy, il a un rendement faible \u00e0 moyen. Recommand\u00e9 pour les patients atteints du VIH\/SIDA, glaucome, maladie de Parkinson, anxi\u00e9t\u00e9, douleur chronique\u2026","robots":{"index":"index","follow":"follow","max-snippet":"max-snippet:-1","max-image-preview":"max-image-preview:large","max-video-preview":"max-video-preview:-1"},"canonical":"https:\/\/medicinasinc.com\/fr\/product\/acheter-lemon-skunk\/","og_locale":"en_US","og_type":"article","og_title":"Acheter Lemon Skunk - Meilleurs meilleurs m\u00e9dicaments mondiaux","og_description":"Acheter de l'herbe \u00e0 la citronnelle en ligne. Lemon Kush est un croisement entre Master Kush et Lemon Joy, il a un rendement faible \u00e0 moyen. Recommand\u00e9 pour les patients atteints du VIH\/SIDA, glaucome, maladie de Parkinson, anxi\u00e9t\u00e9, douleur chronique\u2026","og_url":"https:\/\/medicinasinc.com\/fr\/product\/acheter-lemon-skunk\/","og_site_name":"Medicinas Inc","article_modified_time":"2022-08-05T10:21:31+00:00","og_image":[{"width":2403,"height":2403,"url":"https:\/\/medicinasinc.com\/fr\/wp-content\/uploads\/sites\/5\/2022\/02\/Buy-Lemon-Skunk.jpg","type":"image\/jpeg"}],"twitter_card":"summary_large_image","twitter_misc":{"Est. reading time":"1 minute"},"schema":{"@context":"https:\/\/schema.org","@graph":[{"@type":"WebPage","@id":"https:\/\/medicinasinc.com\/fr\/product\/acheter-lemon-skunk\/","url":"https:\/\/medicinasinc.com\/fr\/product\/acheter-lemon-skunk\/","name":"Acheter Lemon Skunk - Meilleurs meilleurs m\u00e9dicaments mondiaux","isPartOf":{"@id":"https:\/\/medicinasinc.com\/fr\/#website"},"primaryImageOfPage":{"@id":"https:\/\/medicinasinc.com\/fr\/product\/acheter-lemon-skunk\/#primaryimage"},"image":{"@id":"https:\/\/medicinasinc.com\/fr\/product\/acheter-lemon-skunk\/#primaryimage"},"thumbnailUrl":"https:\/\/medicinasinc.com\/fr\/wp-content\/uploads\/sites\/5\/2022\/02\/Buy-Lemon-Skunk.jpg","datePublished":"2022-02-20T18:53:00+00:00","dateModified":"2022-08-05T10:21:31+00:00","description":"Acheter de l'herbe \u00e0 la citronnelle en ligne. Lemon Kush est un croisement entre Master Kush et Lemon Joy, il a un rendement faible \u00e0 moyen. Recommand\u00e9 pour les patients atteints du VIH\/SIDA, glaucome, maladie de Parkinson, anxi\u00e9t\u00e9, douleur chronique\u2026","breadcrumb":{"@id":"https:\/\/medicinasinc.com\/fr\/product\/acheter-lemon-skunk\/#breadcrumb"},"inLanguage":"en-US","potentialAction":[{"@type":"ReadAction","target":["https:\/\/medicinasinc.com\/fr\/product\/acheter-lemon-skunk\/"]}]},{"@type":"ImageObject","inLanguage":"en-US","@id":"https:\/\/medicinasinc.com\/fr\/product\/acheter-lemon-skunk\/#primaryimage","url":"https:\/\/medicinasinc.com\/fr\/wp-content\/uploads\/sites\/5\/2022\/02\/Buy-Lemon-Skunk.jpg","contentUrl":"https:\/\/medicinasinc.com\/fr\/wp-content\/uploads\/sites\/5\/2022\/02\/Buy-Lemon-Skunk.jpg","width":2403,"height":2403},{"@type":"BreadcrumbList","@id":"https:\/\/medicinasinc.com\/fr\/product\/acheter-lemon-skunk\/#breadcrumb","itemListElement":[{"@type":"ListItem","position":1,"name":"Boutique","item":"https:\/\/medicinasinc.com\/fr\/boutique\/"},{"@type":"ListItem","position":2,"name":"Acheter de la mouffette citronn\u00e9e"}]},{"@type":"WebSite","@id":"https:\/\/medicinasinc.com\/fr\/#website","url":"https:\/\/medicinasinc.com\/fr\/","name":"Medicinas Inc","description":"Health Medical Clinic","potentialAction":[{"@type":"SearchAction","target":{"@type":"EntryPoint","urlTemplate":"https:\/\/medicinasinc.com\/fr\/?s={search_term_string}"},"query-input":{"@type":"PropertyValueSpecification","valueRequired":true,"valueName":"search_term_string"}}],"inLanguage":"en-US"}]}},"_links":{"self":[{"href":"https:\/\/medicinasinc.com\/fr\/wp-json\/wp\/v2\/product\/4996","targetHints":{"allow":["GET"]}}],"collection":[{"href":"https:\/\/medicinasinc.com\/fr\/wp-json\/wp\/v2\/product"}],"about":[{"href":"https:\/\/medicinasinc.com\/fr\/wp-json\/wp\/v2\/types\/product"}],"replies":[{"embeddable":true,"href":"https:\/\/medicinasinc.com\/fr\/wp-json\/wp\/v2\/comments?post=4996"}],"wp:featuredmedia":[{"embeddable":true,"href":"https:\/\/medicinasinc.com\/fr\/wp-json\/wp\/v2\/media\/5013"}],"wp:attachment":[{"href":"https:\/\/medicinasinc.com\/fr\/wp-json\/wp\/v2\/media?parent=4996"}],"wp:term":[{"taxonomy":"product_brand","embeddable":true,"href":"https:\/\/medicinasinc.com\/fr\/wp-json\/wp\/v2\/product_brand?post=4996"},{"taxonomy":"product_cat","embeddable":true,"href":"https:\/\/medicinasinc.com\/fr\/wp-json\/wp\/v2\/product_cat?post=4996"},{"taxonomy":"product_tag","embeddable":true,"href":"https:\/\/medicinasinc.com\/fr\/wp-json\/wp\/v2\/product_tag?post=4996"}],"curies":[{"name":"wp","href":"https:\/\/api.w.org\/{rel}","templated":true}]}}