{"id":4971,"date":"2022-02-20T18:31:57","date_gmt":"2022-02-20T18:31:57","guid":{"rendered":"https:\/\/medicinasinc.com\/fr\/?post_type=product&#038;p=4971"},"modified":"2022-03-17T12:15:40","modified_gmt":"2022-03-17T12:15:40","slug":"acheter-khalifa-kush","status":"publish","type":"product","link":"https:\/\/medicinasinc.com\/fr\/product\/acheter-khalifa-kush\/","title":{"rendered":"Acheter Khalifa Kush"},"content":{"rendered":"<p>Achat en ligne de marijuana Khalifa Kush.<\/p>\n<p>Achat en ligne de marijuana Khalifa Kush.<\/p>\n<p>Effets c\u00e9r\u00e9braux, cr\u00e9atifs, euphoriques et relaxants<br \/> Peut aider \u00e0 soulager Arthrite, douleur chronique, d\u00e9pression, fatigue, maux de t\u00eate, perte d&#8217;app\u00e9tit, migraines, naus\u00e9es, stress post-traumatique et saveurs de stress<br \/> Citron, agrumes, pin et sucr\u00e9<\/p>\n","protected":false},"excerpt":{"rendered":"<p>Achat en ligne de Khalifa Kush Khalifa Kush \u00e0 vendre en ligne Top Medical Khalifa Cannabis \u00e0 vendre dans mon quartier Achat de marijuana m\u00e9dicale en ligne Achat de marijuana m\u00e9dicale en ligne.<\/p>\n<p>Que devez-vous savoir avant d&#8217;acheter Wiz Khalifa OG\u00a0? Wiz Khalifa OG, souvent connue sous le nom de Khalifa Kush, est une vari\u00e9t\u00e9 de cannabis hybride. Achetez\u00a0en ligne\u00a0!<\/p>\n<p>La saveur et l&#8217;ar\u00f4me de khalifa kush sont les agrumes et le pin. Lorsqu&#8217;il est utilis\u00e9 \u00e0 des fins m\u00e9dicales, le khalifa kush peut \u00eatre efficace contre la fatigue, la tension, l&#8217;anxi\u00e9t\u00e9 et la d\u00e9pression, tandis que la teneur \u00e9lev\u00e9e en CBD est excellente pour les troubles plus graves. La concentration en THC de khalifa kush varie entre 15\u00a0% et 29\u00a0%.<\/p>\n<p>OG Hybrid Genetics Lemon x Earthy x Pine Kush Happiness \u00d7 Euphoria x Relaxation x Creativity x Uplifting<\/p>\n<p>Achat en ligne de Khalifa Kush Marijuana.<\/p>\n<p>Un Hybride Dominant &#8211; 80\u00a0% Indica \/ 20\u00a0% Sativa THC\u00a0: 24\u201326\u00a0%<\/p>\n","protected":false},"featured_media":4985,"comment_status":"open","ping_status":"closed","template":"","meta":[],"product_brand":[],"product_cat":[778],"product_tag":[],"class_list":{"0":"post-4971","1":"product","2":"type-product","3":"status-publish","4":"has-post-thumbnail","6":"product_cat-mauvaises-herbes-a-vendre","8":"first","9":"instock","10":"shipping-taxable","11":"purchasable","12":"product-type-variable","13":"has-default-attributes"},"yoast_head":"<!-- This site is optimized with the Yoast SEO plugin v27.3 - https:\/\/yoast.com\/product\/yoast-seo-wordpress\/ -->\n<title>Acheter de la marijuana Khalifa Kush en ligne - Meilleurs meilleurs m\u00e9dicaments mondiaux<\/title>\n<meta name=\"description\" content=\"Acheter Khalifa Kush en ligne Khalifa Kush \u00e0 vendre en ligne Top Medical Khalifa Cannabis \u00e0 vendre pr\u00e8s de chez moi Acheter du cannabis m\u00e9dical en ligne Acheter de la marijuana m\u00e9dicale en ligne.\" \/>\n<meta name=\"robots\" content=\"index, follow, max-snippet:-1, max-image-preview:large, max-video-preview:-1\" \/>\n<link rel=\"canonical\" href=\"https:\/\/medicinasinc.com\/fr\/product\/acheter-khalifa-kush\/\" \/>\n<meta property=\"og:locale\" content=\"en_US\" \/>\n<meta property=\"og:type\" content=\"article\" \/>\n<meta property=\"og:title\" content=\"Acheter de la marijuana Khalifa Kush en ligne - Meilleurs meilleurs m\u00e9dicaments mondiaux\" \/>\n<meta property=\"og:description\" content=\"Acheter Khalifa Kush en ligne Khalifa Kush \u00e0 vendre en ligne Top Medical Khalifa Cannabis \u00e0 vendre pr\u00e8s de chez moi Acheter du cannabis m\u00e9dical en ligne Acheter de la marijuana m\u00e9dicale en ligne.\" \/>\n<meta property=\"og:url\" content=\"https:\/\/medicinasinc.com\/fr\/product\/acheter-khalifa-kush\/\" \/>\n<meta property=\"og:site_name\" content=\"Medicinas Inc\" \/>\n<meta property=\"article:modified_time\" content=\"2022-03-17T12:15:40+00:00\" \/>\n<meta property=\"og:image\" content=\"https:\/\/medicinasinc.com\/fr\/wp-content\/uploads\/sites\/5\/2022\/02\/Buy-Khalifa-Kush.jpeg\" \/>\n\t<meta property=\"og:image:width\" content=\"1141\" \/>\n\t<meta property=\"og:image:height\" content=\"1064\" \/>\n\t<meta property=\"og:image:type\" content=\"image\/jpeg\" \/>\n<meta name=\"twitter:card\" content=\"summary_large_image\" \/>\n<meta name=\"twitter:label1\" content=\"Est. reading time\" \/>\n\t<meta name=\"twitter:data1\" content=\"1 minute\" \/>\n<script type=\"application\/ld+json\" class=\"yoast-schema-graph\">{\"@context\":\"https:\\\/\\\/schema.org\",\"@graph\":[{\"@type\":\"WebPage\",\"@id\":\"https:\\\/\\\/medicinasinc.com\\\/fr\\\/product\\\/acheter-khalifa-kush\\\/\",\"url\":\"https:\\\/\\\/medicinasinc.com\\\/fr\\\/product\\\/acheter-khalifa-kush\\\/\",\"name\":\"Acheter de la marijuana Khalifa Kush en ligne - Meilleurs meilleurs m\u00e9dicaments mondiaux\",\"isPartOf\":{\"@id\":\"https:\\\/\\\/medicinasinc.com\\\/fr\\\/#website\"},\"primaryImageOfPage\":{\"@id\":\"https:\\\/\\\/medicinasinc.com\\\/fr\\\/product\\\/acheter-khalifa-kush\\\/#primaryimage\"},\"image\":{\"@id\":\"https:\\\/\\\/medicinasinc.com\\\/fr\\\/product\\\/acheter-khalifa-kush\\\/#primaryimage\"},\"thumbnailUrl\":\"https:\\\/\\\/medicinasinc.com\\\/fr\\\/wp-content\\\/uploads\\\/sites\\\/5\\\/2022\\\/02\\\/Buy-Khalifa-Kush.jpeg\",\"datePublished\":\"2022-02-20T18:31:57+00:00\",\"dateModified\":\"2022-03-17T12:15:40+00:00\",\"description\":\"Acheter Khalifa Kush en ligne Khalifa Kush \u00e0 vendre en ligne Top Medical Khalifa Cannabis \u00e0 vendre pr\u00e8s de chez moi Acheter du cannabis m\u00e9dical en ligne Acheter de la marijuana m\u00e9dicale en ligne.\",\"breadcrumb\":{\"@id\":\"https:\\\/\\\/medicinasinc.com\\\/fr\\\/product\\\/acheter-khalifa-kush\\\/#breadcrumb\"},\"inLanguage\":\"en-US\",\"potentialAction\":[{\"@type\":\"ReadAction\",\"target\":[\"https:\\\/\\\/medicinasinc.com\\\/fr\\\/product\\\/acheter-khalifa-kush\\\/\"]}]},{\"@type\":\"ImageObject\",\"inLanguage\":\"en-US\",\"@id\":\"https:\\\/\\\/medicinasinc.com\\\/fr\\\/product\\\/acheter-khalifa-kush\\\/#primaryimage\",\"url\":\"https:\\\/\\\/medicinasinc.com\\\/fr\\\/wp-content\\\/uploads\\\/sites\\\/5\\\/2022\\\/02\\\/Buy-Khalifa-Kush.jpeg\",\"contentUrl\":\"https:\\\/\\\/medicinasinc.com\\\/fr\\\/wp-content\\\/uploads\\\/sites\\\/5\\\/2022\\\/02\\\/Buy-Khalifa-Kush.jpeg\",\"width\":1141,\"height\":1064},{\"@type\":\"BreadcrumbList\",\"@id\":\"https:\\\/\\\/medicinasinc.com\\\/fr\\\/product\\\/acheter-khalifa-kush\\\/#breadcrumb\",\"itemListElement\":[{\"@type\":\"ListItem\",\"position\":1,\"name\":\"Boutique\",\"item\":\"https:\\\/\\\/medicinasinc.com\\\/fr\\\/boutique\\\/\"},{\"@type\":\"ListItem\",\"position\":2,\"name\":\"Acheter Khalifa Kush\"}]},{\"@type\":\"WebSite\",\"@id\":\"https:\\\/\\\/medicinasinc.com\\\/fr\\\/#website\",\"url\":\"https:\\\/\\\/medicinasinc.com\\\/fr\\\/\",\"name\":\"Medicinas Inc\",\"description\":\"Health Medical Clinic\",\"potentialAction\":[{\"@type\":\"SearchAction\",\"target\":{\"@type\":\"EntryPoint\",\"urlTemplate\":\"https:\\\/\\\/medicinasinc.com\\\/fr\\\/?s={search_term_string}\"},\"query-input\":{\"@type\":\"PropertyValueSpecification\",\"valueRequired\":true,\"valueName\":\"search_term_string\"}}],\"inLanguage\":\"en-US\"}]}<\/script>\n<!-- \/ Yoast SEO plugin. -->","yoast_head_json":{"title":"Acheter de la marijuana Khalifa Kush en ligne - Meilleurs meilleurs m\u00e9dicaments mondiaux","description":"Acheter Khalifa Kush en ligne Khalifa Kush \u00e0 vendre en ligne Top Medical Khalifa Cannabis \u00e0 vendre pr\u00e8s de chez moi Acheter du cannabis m\u00e9dical en ligne Acheter de la marijuana m\u00e9dicale en ligne.","robots":{"index":"index","follow":"follow","max-snippet":"max-snippet:-1","max-image-preview":"max-image-preview:large","max-video-preview":"max-video-preview:-1"},"canonical":"https:\/\/medicinasinc.com\/fr\/product\/acheter-khalifa-kush\/","og_locale":"en_US","og_type":"article","og_title":"Acheter de la marijuana Khalifa Kush en ligne - Meilleurs meilleurs m\u00e9dicaments mondiaux","og_description":"Acheter Khalifa Kush en ligne Khalifa Kush \u00e0 vendre en ligne Top Medical Khalifa Cannabis \u00e0 vendre pr\u00e8s de chez moi Acheter du cannabis m\u00e9dical en ligne Acheter de la marijuana m\u00e9dicale en ligne.","og_url":"https:\/\/medicinasinc.com\/fr\/product\/acheter-khalifa-kush\/","og_site_name":"Medicinas Inc","article_modified_time":"2022-03-17T12:15:40+00:00","og_image":[{"width":1141,"height":1064,"url":"https:\/\/medicinasinc.com\/fr\/wp-content\/uploads\/sites\/5\/2022\/02\/Buy-Khalifa-Kush.jpeg","type":"image\/jpeg"}],"twitter_card":"summary_large_image","twitter_misc":{"Est. reading time":"1 minute"},"schema":{"@context":"https:\/\/schema.org","@graph":[{"@type":"WebPage","@id":"https:\/\/medicinasinc.com\/fr\/product\/acheter-khalifa-kush\/","url":"https:\/\/medicinasinc.com\/fr\/product\/acheter-khalifa-kush\/","name":"Acheter de la marijuana Khalifa Kush en ligne - Meilleurs meilleurs m\u00e9dicaments mondiaux","isPartOf":{"@id":"https:\/\/medicinasinc.com\/fr\/#website"},"primaryImageOfPage":{"@id":"https:\/\/medicinasinc.com\/fr\/product\/acheter-khalifa-kush\/#primaryimage"},"image":{"@id":"https:\/\/medicinasinc.com\/fr\/product\/acheter-khalifa-kush\/#primaryimage"},"thumbnailUrl":"https:\/\/medicinasinc.com\/fr\/wp-content\/uploads\/sites\/5\/2022\/02\/Buy-Khalifa-Kush.jpeg","datePublished":"2022-02-20T18:31:57+00:00","dateModified":"2022-03-17T12:15:40+00:00","description":"Acheter Khalifa Kush en ligne Khalifa Kush \u00e0 vendre en ligne Top Medical Khalifa Cannabis \u00e0 vendre pr\u00e8s de chez moi Acheter du cannabis m\u00e9dical en ligne Acheter de la marijuana m\u00e9dicale en ligne.","breadcrumb":{"@id":"https:\/\/medicinasinc.com\/fr\/product\/acheter-khalifa-kush\/#breadcrumb"},"inLanguage":"en-US","potentialAction":[{"@type":"ReadAction","target":["https:\/\/medicinasinc.com\/fr\/product\/acheter-khalifa-kush\/"]}]},{"@type":"ImageObject","inLanguage":"en-US","@id":"https:\/\/medicinasinc.com\/fr\/product\/acheter-khalifa-kush\/#primaryimage","url":"https:\/\/medicinasinc.com\/fr\/wp-content\/uploads\/sites\/5\/2022\/02\/Buy-Khalifa-Kush.jpeg","contentUrl":"https:\/\/medicinasinc.com\/fr\/wp-content\/uploads\/sites\/5\/2022\/02\/Buy-Khalifa-Kush.jpeg","width":1141,"height":1064},{"@type":"BreadcrumbList","@id":"https:\/\/medicinasinc.com\/fr\/product\/acheter-khalifa-kush\/#breadcrumb","itemListElement":[{"@type":"ListItem","position":1,"name":"Boutique","item":"https:\/\/medicinasinc.com\/fr\/boutique\/"},{"@type":"ListItem","position":2,"name":"Acheter Khalifa Kush"}]},{"@type":"WebSite","@id":"https:\/\/medicinasinc.com\/fr\/#website","url":"https:\/\/medicinasinc.com\/fr\/","name":"Medicinas Inc","description":"Health Medical Clinic","potentialAction":[{"@type":"SearchAction","target":{"@type":"EntryPoint","urlTemplate":"https:\/\/medicinasinc.com\/fr\/?s={search_term_string}"},"query-input":{"@type":"PropertyValueSpecification","valueRequired":true,"valueName":"search_term_string"}}],"inLanguage":"en-US"}]}},"_links":{"self":[{"href":"https:\/\/medicinasinc.com\/fr\/wp-json\/wp\/v2\/product\/4971","targetHints":{"allow":["GET"]}}],"collection":[{"href":"https:\/\/medicinasinc.com\/fr\/wp-json\/wp\/v2\/product"}],"about":[{"href":"https:\/\/medicinasinc.com\/fr\/wp-json\/wp\/v2\/types\/product"}],"replies":[{"embeddable":true,"href":"https:\/\/medicinasinc.com\/fr\/wp-json\/wp\/v2\/comments?post=4971"}],"wp:featuredmedia":[{"embeddable":true,"href":"https:\/\/medicinasinc.com\/fr\/wp-json\/wp\/v2\/media\/4985"}],"wp:attachment":[{"href":"https:\/\/medicinasinc.com\/fr\/wp-json\/wp\/v2\/media?parent=4971"}],"wp:term":[{"taxonomy":"product_brand","embeddable":true,"href":"https:\/\/medicinasinc.com\/fr\/wp-json\/wp\/v2\/product_brand?post=4971"},{"taxonomy":"product_cat","embeddable":true,"href":"https:\/\/medicinasinc.com\/fr\/wp-json\/wp\/v2\/product_cat?post=4971"},{"taxonomy":"product_tag","embeddable":true,"href":"https:\/\/medicinasinc.com\/fr\/wp-json\/wp\/v2\/product_tag?post=4971"}],"curies":[{"name":"wp","href":"https:\/\/api.w.org\/{rel}","templated":true}]}}