{"id":4953,"date":"2022-02-20T18:14:51","date_gmt":"2022-02-20T18:14:51","guid":{"rendered":"https:\/\/medicinasinc.com\/fr\/?post_type=product&#038;p=4953"},"modified":"2022-03-17T12:16:29","modified_gmt":"2022-03-17T12:16:29","slug":"acheter-grand-papa-violet-souche","status":"publish","type":"product","link":"https:\/\/medicinasinc.com\/fr\/product\/acheter-grand-papa-violet-souche\/","title":{"rendered":"Acheter la souche violette Granddaddy"},"content":{"rendered":"<p>Achetez de la marijuana Granddaddy Purple en ligne.<\/p>\n<p>Achetez de la marijuana Granddaddy Purple en ligne.<\/p>\n<p>La vari\u00e9t\u00e9 de marijuana Granddaddy Purple est un hybride &#8211; La vari\u00e9t\u00e9 de marijuana Granddaddy Purple est un hybride &#8211; 50\u00a0% Sativa \/ 50 % Indica THC\u00a0: 20\u00a0% \u00e0 27\u00a0%, CBD\u00a0: 1\u00a0%<\/p>\n<p>Effets c\u00e9r\u00e9braux, euphoriques, joyeux, affam\u00e9s, relaxants<br \/> Peut aider \u00e0 soulager l&#8217;arthrite, la douleur chronique, la d\u00e9pression, l&#8217;insomnie, Perte d&#8217;app\u00e9tit, migraines, spasmes musculaires, stress post-traumatique et saveurs de stress<br \/> Fruit\u00e9, raisin, pin et sucr\u00e9<\/p>\n","protected":false},"excerpt":{"rendered":"<p>Que devez-vous savoir avant d&#8217;acheter Granddaddy Purple\u00a0? \u00c9galement connue sous le nom de GDP, cette vari\u00e9t\u00e9 est un croisement Indica bien connu de Purple Urkle et Big Bud.<\/p>\n<p>Achetez de la marijuana Granddaddy Purple en ligne.<\/p>\n<p>La meilleure WEED par correspondance au Canada ! \u00cates-vous int\u00e9ress\u00e9 \u00e0 acheter de la marijuana m\u00e9dicale en ligne au Canada\u00a0?<\/p>\n<p>&nbsp;<\/p>\n<p>&nbsp;<\/p>\n","protected":false},"featured_media":4967,"comment_status":"open","ping_status":"closed","template":"","meta":[],"product_brand":[],"product_cat":[778],"product_tag":[835,838,839,837,840,841,842,836],"class_list":{"0":"post-4953","1":"product","2":"type-product","3":"status-publish","4":"has-post-thumbnail","6":"product_cat-mauvaises-herbes-a-vendre","7":"product_tag-grand-papa-purp-cart","8":"product_tag-grand-daddy-purple-strain-indica-or-sativa","9":"product_tag-granddaddy-purple-near-me","10":"product_tag-grand-papa-violet-huile","11":"product_tag-grand-pre-violet-souche-photos","12":"product_tag-violet-kush","13":"product_tag-violet-urkle","14":"product_tag-grand-papa-purp-prix","16":"first","17":"instock","18":"shipping-taxable","19":"purchasable","20":"product-type-simple"},"yoast_head":"<!-- This site is optimized with the Yoast SEO plugin v27.2 - https:\/\/yoast.com\/product\/yoast-seo-wordpress\/ -->\n<title>Acheter la souche Granddaddy Purple - Best Global Meds<\/title>\n<meta name=\"description\" content=\"Que savoir avant d&#039;acheter la vari\u00e9t\u00e9 Granddaddy Purple ? \u00c9galement appel\u00e9e GDP, cette vari\u00e9t\u00e9 est un c\u00e9l\u00e8bre croisement Indica entre Purple Urkle et Big Bud.\" \/>\n<meta name=\"robots\" content=\"index, follow, max-snippet:-1, max-image-preview:large, max-video-preview:-1\" \/>\n<link rel=\"canonical\" href=\"https:\/\/medicinasinc.com\/fr\/product\/acheter-grand-papa-violet-souche\/\" \/>\n<meta property=\"og:locale\" content=\"en_US\" \/>\n<meta property=\"og:type\" content=\"article\" \/>\n<meta property=\"og:title\" content=\"Acheter la souche Granddaddy Purple - Best Global Meds\" \/>\n<meta property=\"og:description\" content=\"Que savoir avant d&#039;acheter la vari\u00e9t\u00e9 Granddaddy Purple ? \u00c9galement appel\u00e9e GDP, cette vari\u00e9t\u00e9 est un c\u00e9l\u00e8bre croisement Indica entre Purple Urkle et Big Bud.\" \/>\n<meta property=\"og:url\" content=\"https:\/\/medicinasinc.com\/fr\/product\/acheter-grand-papa-violet-souche\/\" \/>\n<meta property=\"og:site_name\" content=\"Medicinas Inc\" \/>\n<meta property=\"article:modified_time\" content=\"2022-03-17T12:16:29+00:00\" \/>\n<meta property=\"og:image\" content=\"https:\/\/medicinasinc.com\/fr\/wp-content\/uploads\/sites\/5\/2022\/02\/Buy-Granddaddy-Purple-Strain.jpg\" \/>\n\t<meta property=\"og:image:width\" content=\"1822\" \/>\n\t<meta property=\"og:image:height\" content=\"2429\" \/>\n\t<meta property=\"og:image:type\" content=\"image\/jpeg\" \/>\n<meta name=\"twitter:card\" content=\"summary_large_image\" \/>\n<meta name=\"twitter:label1\" content=\"Est. reading time\" \/>\n\t<meta name=\"twitter:data1\" content=\"1 minute\" \/>\n<script type=\"application\/ld+json\" class=\"yoast-schema-graph\">{\"@context\":\"https:\/\/schema.org\",\"@graph\":[{\"@type\":\"WebPage\",\"@id\":\"https:\/\/medicinasinc.com\/fr\/product\/acheter-grand-papa-violet-souche\/\",\"url\":\"https:\/\/medicinasinc.com\/fr\/product\/acheter-grand-papa-violet-souche\/\",\"name\":\"Acheter la souche Granddaddy Purple - Best Global Meds\",\"isPartOf\":{\"@id\":\"https:\/\/medicinasinc.com\/fr\/#website\"},\"primaryImageOfPage\":{\"@id\":\"https:\/\/medicinasinc.com\/fr\/product\/acheter-grand-papa-violet-souche\/#primaryimage\"},\"image\":{\"@id\":\"https:\/\/medicinasinc.com\/fr\/product\/acheter-grand-papa-violet-souche\/#primaryimage\"},\"thumbnailUrl\":\"https:\/\/medicinasinc.com\/fr\/wp-content\/uploads\/sites\/5\/2022\/02\/Buy-Granddaddy-Purple-Strain.jpg\",\"datePublished\":\"2022-02-20T18:14:51+00:00\",\"dateModified\":\"2022-03-17T12:16:29+00:00\",\"description\":\"Que savoir avant d'acheter la vari\u00e9t\u00e9 Granddaddy Purple ? \u00c9galement appel\u00e9e GDP, cette vari\u00e9t\u00e9 est un c\u00e9l\u00e8bre croisement Indica entre Purple Urkle et Big Bud.\",\"breadcrumb\":{\"@id\":\"https:\/\/medicinasinc.com\/fr\/product\/acheter-grand-papa-violet-souche\/#breadcrumb\"},\"inLanguage\":\"en-US\",\"potentialAction\":[{\"@type\":\"ReadAction\",\"target\":[\"https:\/\/medicinasinc.com\/fr\/product\/acheter-grand-papa-violet-souche\/\"]}]},{\"@type\":\"ImageObject\",\"inLanguage\":\"en-US\",\"@id\":\"https:\/\/medicinasinc.com\/fr\/product\/acheter-grand-papa-violet-souche\/#primaryimage\",\"url\":\"https:\/\/medicinasinc.com\/fr\/wp-content\/uploads\/sites\/5\/2022\/02\/Buy-Granddaddy-Purple-Strain.jpg\",\"contentUrl\":\"https:\/\/medicinasinc.com\/fr\/wp-content\/uploads\/sites\/5\/2022\/02\/Buy-Granddaddy-Purple-Strain.jpg\",\"width\":1822,\"height\":2429},{\"@type\":\"BreadcrumbList\",\"@id\":\"https:\/\/medicinasinc.com\/fr\/product\/acheter-grand-papa-violet-souche\/#breadcrumb\",\"itemListElement\":[{\"@type\":\"ListItem\",\"position\":1,\"name\":\"Boutique\",\"item\":\"https:\/\/medicinasinc.com\/fr\/boutique\/\"},{\"@type\":\"ListItem\",\"position\":2,\"name\":\"Acheter la souche violette Granddaddy\"}]},{\"@type\":\"WebSite\",\"@id\":\"https:\/\/medicinasinc.com\/fr\/#website\",\"url\":\"https:\/\/medicinasinc.com\/fr\/\",\"name\":\"Medicinas Inc\",\"description\":\"Health Medical Clinic\",\"potentialAction\":[{\"@type\":\"SearchAction\",\"target\":{\"@type\":\"EntryPoint\",\"urlTemplate\":\"https:\/\/medicinasinc.com\/fr\/?s={search_term_string}\"},\"query-input\":{\"@type\":\"PropertyValueSpecification\",\"valueRequired\":true,\"valueName\":\"search_term_string\"}}],\"inLanguage\":\"en-US\"}]}<\/script>\n<!-- \/ Yoast SEO plugin. -->","yoast_head_json":{"title":"Acheter la souche Granddaddy Purple - Best Global Meds","description":"Que savoir avant d'acheter la vari\u00e9t\u00e9 Granddaddy Purple ? \u00c9galement appel\u00e9e GDP, cette vari\u00e9t\u00e9 est un c\u00e9l\u00e8bre croisement Indica entre Purple Urkle et Big Bud.","robots":{"index":"index","follow":"follow","max-snippet":"max-snippet:-1","max-image-preview":"max-image-preview:large","max-video-preview":"max-video-preview:-1"},"canonical":"https:\/\/medicinasinc.com\/fr\/product\/acheter-grand-papa-violet-souche\/","og_locale":"en_US","og_type":"article","og_title":"Acheter la souche Granddaddy Purple - Best Global Meds","og_description":"Que savoir avant d'acheter la vari\u00e9t\u00e9 Granddaddy Purple ? \u00c9galement appel\u00e9e GDP, cette vari\u00e9t\u00e9 est un c\u00e9l\u00e8bre croisement Indica entre Purple Urkle et Big Bud.","og_url":"https:\/\/medicinasinc.com\/fr\/product\/acheter-grand-papa-violet-souche\/","og_site_name":"Medicinas Inc","article_modified_time":"2022-03-17T12:16:29+00:00","og_image":[{"width":1822,"height":2429,"url":"https:\/\/medicinasinc.com\/fr\/wp-content\/uploads\/sites\/5\/2022\/02\/Buy-Granddaddy-Purple-Strain.jpg","type":"image\/jpeg"}],"twitter_card":"summary_large_image","twitter_misc":{"Est. reading time":"1 minute"},"schema":{"@context":"https:\/\/schema.org","@graph":[{"@type":"WebPage","@id":"https:\/\/medicinasinc.com\/fr\/product\/acheter-grand-papa-violet-souche\/","url":"https:\/\/medicinasinc.com\/fr\/product\/acheter-grand-papa-violet-souche\/","name":"Acheter la souche Granddaddy Purple - Best Global Meds","isPartOf":{"@id":"https:\/\/medicinasinc.com\/fr\/#website"},"primaryImageOfPage":{"@id":"https:\/\/medicinasinc.com\/fr\/product\/acheter-grand-papa-violet-souche\/#primaryimage"},"image":{"@id":"https:\/\/medicinasinc.com\/fr\/product\/acheter-grand-papa-violet-souche\/#primaryimage"},"thumbnailUrl":"https:\/\/medicinasinc.com\/fr\/wp-content\/uploads\/sites\/5\/2022\/02\/Buy-Granddaddy-Purple-Strain.jpg","datePublished":"2022-02-20T18:14:51+00:00","dateModified":"2022-03-17T12:16:29+00:00","description":"Que savoir avant d'acheter la vari\u00e9t\u00e9 Granddaddy Purple ? \u00c9galement appel\u00e9e GDP, cette vari\u00e9t\u00e9 est un c\u00e9l\u00e8bre croisement Indica entre Purple Urkle et Big Bud.","breadcrumb":{"@id":"https:\/\/medicinasinc.com\/fr\/product\/acheter-grand-papa-violet-souche\/#breadcrumb"},"inLanguage":"en-US","potentialAction":[{"@type":"ReadAction","target":["https:\/\/medicinasinc.com\/fr\/product\/acheter-grand-papa-violet-souche\/"]}]},{"@type":"ImageObject","inLanguage":"en-US","@id":"https:\/\/medicinasinc.com\/fr\/product\/acheter-grand-papa-violet-souche\/#primaryimage","url":"https:\/\/medicinasinc.com\/fr\/wp-content\/uploads\/sites\/5\/2022\/02\/Buy-Granddaddy-Purple-Strain.jpg","contentUrl":"https:\/\/medicinasinc.com\/fr\/wp-content\/uploads\/sites\/5\/2022\/02\/Buy-Granddaddy-Purple-Strain.jpg","width":1822,"height":2429},{"@type":"BreadcrumbList","@id":"https:\/\/medicinasinc.com\/fr\/product\/acheter-grand-papa-violet-souche\/#breadcrumb","itemListElement":[{"@type":"ListItem","position":1,"name":"Boutique","item":"https:\/\/medicinasinc.com\/fr\/boutique\/"},{"@type":"ListItem","position":2,"name":"Acheter la souche violette Granddaddy"}]},{"@type":"WebSite","@id":"https:\/\/medicinasinc.com\/fr\/#website","url":"https:\/\/medicinasinc.com\/fr\/","name":"Medicinas Inc","description":"Health Medical Clinic","potentialAction":[{"@type":"SearchAction","target":{"@type":"EntryPoint","urlTemplate":"https:\/\/medicinasinc.com\/fr\/?s={search_term_string}"},"query-input":{"@type":"PropertyValueSpecification","valueRequired":true,"valueName":"search_term_string"}}],"inLanguage":"en-US"}]}},"_links":{"self":[{"href":"https:\/\/medicinasinc.com\/fr\/wp-json\/wp\/v2\/product\/4953","targetHints":{"allow":["GET"]}}],"collection":[{"href":"https:\/\/medicinasinc.com\/fr\/wp-json\/wp\/v2\/product"}],"about":[{"href":"https:\/\/medicinasinc.com\/fr\/wp-json\/wp\/v2\/types\/product"}],"replies":[{"embeddable":true,"href":"https:\/\/medicinasinc.com\/fr\/wp-json\/wp\/v2\/comments?post=4953"}],"wp:featuredmedia":[{"embeddable":true,"href":"https:\/\/medicinasinc.com\/fr\/wp-json\/wp\/v2\/media\/4967"}],"wp:attachment":[{"href":"https:\/\/medicinasinc.com\/fr\/wp-json\/wp\/v2\/media?parent=4953"}],"wp:term":[{"taxonomy":"product_brand","embeddable":true,"href":"https:\/\/medicinasinc.com\/fr\/wp-json\/wp\/v2\/product_brand?post=4953"},{"taxonomy":"product_cat","embeddable":true,"href":"https:\/\/medicinasinc.com\/fr\/wp-json\/wp\/v2\/product_cat?post=4953"},{"taxonomy":"product_tag","embeddable":true,"href":"https:\/\/medicinasinc.com\/fr\/wp-json\/wp\/v2\/product_tag?post=4953"}],"curies":[{"name":"wp","href":"https:\/\/api.w.org\/{rel}","templated":true}]}}