{"id":4946,"date":"2022-02-20T18:08:57","date_gmt":"2022-02-20T18:08:57","guid":{"rendered":"https:\/\/medicinasinc.com\/fr\/?post_type=product&#038;p=4946"},"modified":"2022-03-17T12:16:40","modified_gmt":"2022-03-17T12:16:40","slug":"acheter-gorilla-biscuit-marijuana","status":"publish","type":"product","link":"https:\/\/medicinasinc.com\/fr\/product\/acheter-gorilla-biscuit-marijuana\/","title":{"rendered":"Acheter de la marijuana Gorilla Biscuit"},"content":{"rendered":"<h1><\/h1>\n<p>Achat en ligne de souche de marijuana Gorilla Biscuit.<\/p>\n<p>Achat en ligne de souche de marijuana Gorilla Biscuit.<\/p>\n<p>La marijuana de gorilla biscuits est Indica. Hybride dominant &#8211; 60\u00a0% Indica \/ 40\u00a0% Sativa Teneur en THC de sativa\u00a0: 15\u00a0% \u00e0 20\u00a0%<\/p>\n<p>\u00c9veil, euphorie, faim, relaxation et somnolence<br \/> Peut aider au traitement de l&#8217;anorexie, des crampes , D\u00e9pression, Insomnie et Stress<br \/> Ar\u00f4mes de caf\u00e9, de citron et de pin<br \/> Terreux, piquant et \u00e9pic\u00e9<\/p>\n<p>Gorilla Biscuit de Seeds of Compassion est une coupe \u00e0 dominante indienne d\u00e9riv\u00e9e de la jonction des ph\u00e9notypes T\u00e9r\u00e9benthine et Stardawg IX de Sensi Star. Ce m\u00e9lange insolite et assez old-school tire son nom de la m\u00e9thaqualone, souvent connue sous le nom de quaaludes, une drogue \u00e0 l&#8217;effet calmant et exotique sur le corps. Ses possessions continuent d&#8217;une mani\u00e8re tout aussi apaisante, laissant les appendices lourds et l\u00e2ches. Gorilla Biscuit a un fort profil terp\u00e9nique, avec un fort ar\u00f4me de sol de pin et de grains de caf\u00e9.<\/p>\n<p>Gorilla Biscuits Strain\u00a0: V\u00e9ritable souche de stoner, le high de Gorilla OG se d\u00e9veloppe progressivement et se transforme en un \u00e9tat de ravissement qui dure pendant une p\u00e9riode de temps prolong\u00e9e. Une fois que ses affaires s&#8217;emparent totalement de vos pens\u00e9es et de votre corps, vos r\u00e9flexions peuvent ne pas \u00eatre aussi claires qu&#8217;elles l&#8217;\u00e9taient il y a quelques heures. L&#8217;aspect le plus visible de votre exp\u00e9rience sera l&#8217;impression ferme du verrou de la causeuse, ce qui rendra difficile la satisfaction des fringales sournoises. Notre proposition est d&#8217;avancer au-del\u00e0 du temps avec un balayage, un tampon et une grande quantit\u00e9 de nourriture contenue dans le p\u00e9rim\u00e8tre du bras. Ce m\u00e9lange insolite et assez old-school tire son nom de la m\u00e9thaqualone, souvent connue sous le nom de quaaludes, une drogue \u00e0 l&#8217;effet calmant et exotique sur le corps. Ses possessions continuent d&#8217;une mani\u00e8re tout aussi apaisante, laissant les appendices lourds et l\u00e2ches. Gorilla Biscuit a un profil terp\u00e9nique robuste, avec un fort ar\u00f4me de sol de pin et de bourbon de caf\u00e9.<\/p>\n","protected":false},"excerpt":{"rendered":"<p>Achetez une vari\u00e9t\u00e9 de cannabis Gorilla Biscuit en ligne. Avec plus de 15 ans d&#8217;exp\u00e9rience dans le secteur de la marijuana \u00e0 des fins m\u00e9dicales, nous sommes le chef de file canadien des commandes postales de cannabis.<\/p>\n","protected":false},"featured_media":4960,"comment_status":"open","ping_status":"closed","template":"","meta":[],"product_brand":[],"product_cat":[778],"product_tag":[827,828,831,830,832,829,833,834],"class_list":{"0":"post-4946","1":"product","2":"type-product","3":"status-publish","4":"has-post-thumbnail","6":"product_cat-mauvaises-herbes-a-vendre","7":"product_tag-biscuit-strain","8":"product_tag-bizkitz-strain","9":"product_tag-gorille-biscuits-drogue","10":"product_tag-ecto-cooler-strain","11":"product_tag-gorilla-biscuits-merch","12":"product_tag-california-orange-souche","13":"product_tag-raisin-cooler-souche","14":"product_tag-sugar-biscuits-strain","16":"first","17":"instock","18":"shipping-taxable","19":"purchasable","20":"product-type-variable","21":"has-default-attributes"},"yoast_head":"<!-- This site is optimized with the Yoast SEO plugin v27.3 - https:\/\/yoast.com\/product\/yoast-seo-wordpress\/ -->\n<title>Acheter Gorilla Biscuit Marijuana - Meilleurs meilleurs m\u00e9dicaments mondiaux<\/title>\n<meta name=\"description\" content=\"Acheter une souche de marijuana Gorilla Biscuit \u00e0 vendre en ligne. Le chef de file de la vente par correspondance de cannabis au Canada avec plus de 15 ans d&#039;exp\u00e9rience dans l&#039;industrie de la marijuana m\u00e9dicale.\" \/>\n<meta name=\"robots\" content=\"index, follow, max-snippet:-1, max-image-preview:large, max-video-preview:-1\" \/>\n<link rel=\"canonical\" href=\"https:\/\/medicinasinc.com\/fr\/product\/acheter-gorilla-biscuit-marijuana\/\" \/>\n<meta property=\"og:locale\" content=\"en_US\" \/>\n<meta property=\"og:type\" content=\"article\" \/>\n<meta property=\"og:title\" content=\"Acheter Gorilla Biscuit Marijuana - Meilleurs meilleurs m\u00e9dicaments mondiaux\" \/>\n<meta property=\"og:description\" content=\"Acheter une souche de marijuana Gorilla Biscuit \u00e0 vendre en ligne. Le chef de file de la vente par correspondance de cannabis au Canada avec plus de 15 ans d&#039;exp\u00e9rience dans l&#039;industrie de la marijuana m\u00e9dicale.\" \/>\n<meta property=\"og:url\" content=\"https:\/\/medicinasinc.com\/fr\/product\/acheter-gorilla-biscuit-marijuana\/\" \/>\n<meta property=\"og:site_name\" content=\"Medicinas Inc\" \/>\n<meta property=\"article:modified_time\" content=\"2022-03-17T12:16:40+00:00\" \/>\n<meta property=\"og:image\" content=\"https:\/\/medicinasinc.com\/fr\/wp-content\/uploads\/sites\/5\/2022\/02\/Buy-Gorilla-Biscuit-Marijuana.jpg\" \/>\n\t<meta property=\"og:image:width\" content=\"420\" \/>\n\t<meta property=\"og:image:height\" content=\"630\" \/>\n\t<meta property=\"og:image:type\" content=\"image\/jpeg\" \/>\n<meta name=\"twitter:card\" content=\"summary_large_image\" \/>\n<meta name=\"twitter:label1\" content=\"Est. reading time\" \/>\n\t<meta name=\"twitter:data1\" content=\"2 minutes\" \/>\n<script type=\"application\/ld+json\" class=\"yoast-schema-graph\">{\"@context\":\"https:\\\/\\\/schema.org\",\"@graph\":[{\"@type\":\"WebPage\",\"@id\":\"https:\\\/\\\/medicinasinc.com\\\/fr\\\/product\\\/acheter-gorilla-biscuit-marijuana\\\/\",\"url\":\"https:\\\/\\\/medicinasinc.com\\\/fr\\\/product\\\/acheter-gorilla-biscuit-marijuana\\\/\",\"name\":\"Acheter Gorilla Biscuit Marijuana - Meilleurs meilleurs m\u00e9dicaments mondiaux\",\"isPartOf\":{\"@id\":\"https:\\\/\\\/medicinasinc.com\\\/fr\\\/#website\"},\"primaryImageOfPage\":{\"@id\":\"https:\\\/\\\/medicinasinc.com\\\/fr\\\/product\\\/acheter-gorilla-biscuit-marijuana\\\/#primaryimage\"},\"image\":{\"@id\":\"https:\\\/\\\/medicinasinc.com\\\/fr\\\/product\\\/acheter-gorilla-biscuit-marijuana\\\/#primaryimage\"},\"thumbnailUrl\":\"https:\\\/\\\/medicinasinc.com\\\/fr\\\/wp-content\\\/uploads\\\/sites\\\/5\\\/2022\\\/02\\\/Buy-Gorilla-Biscuit-Marijuana.jpg\",\"datePublished\":\"2022-02-20T18:08:57+00:00\",\"dateModified\":\"2022-03-17T12:16:40+00:00\",\"description\":\"Acheter une souche de marijuana Gorilla Biscuit \u00e0 vendre en ligne. Le chef de file de la vente par correspondance de cannabis au Canada avec plus de 15 ans d'exp\u00e9rience dans l'industrie de la marijuana m\u00e9dicale.\",\"breadcrumb\":{\"@id\":\"https:\\\/\\\/medicinasinc.com\\\/fr\\\/product\\\/acheter-gorilla-biscuit-marijuana\\\/#breadcrumb\"},\"inLanguage\":\"en-US\",\"potentialAction\":[{\"@type\":\"ReadAction\",\"target\":[\"https:\\\/\\\/medicinasinc.com\\\/fr\\\/product\\\/acheter-gorilla-biscuit-marijuana\\\/\"]}]},{\"@type\":\"ImageObject\",\"inLanguage\":\"en-US\",\"@id\":\"https:\\\/\\\/medicinasinc.com\\\/fr\\\/product\\\/acheter-gorilla-biscuit-marijuana\\\/#primaryimage\",\"url\":\"https:\\\/\\\/medicinasinc.com\\\/fr\\\/wp-content\\\/uploads\\\/sites\\\/5\\\/2022\\\/02\\\/Buy-Gorilla-Biscuit-Marijuana.jpg\",\"contentUrl\":\"https:\\\/\\\/medicinasinc.com\\\/fr\\\/wp-content\\\/uploads\\\/sites\\\/5\\\/2022\\\/02\\\/Buy-Gorilla-Biscuit-Marijuana.jpg\",\"width\":420,\"height\":630},{\"@type\":\"BreadcrumbList\",\"@id\":\"https:\\\/\\\/medicinasinc.com\\\/fr\\\/product\\\/acheter-gorilla-biscuit-marijuana\\\/#breadcrumb\",\"itemListElement\":[{\"@type\":\"ListItem\",\"position\":1,\"name\":\"Boutique\",\"item\":\"https:\\\/\\\/medicinasinc.com\\\/fr\\\/boutique\\\/\"},{\"@type\":\"ListItem\",\"position\":2,\"name\":\"Acheter de la marijuana Gorilla Biscuit\"}]},{\"@type\":\"WebSite\",\"@id\":\"https:\\\/\\\/medicinasinc.com\\\/fr\\\/#website\",\"url\":\"https:\\\/\\\/medicinasinc.com\\\/fr\\\/\",\"name\":\"Medicinas Inc\",\"description\":\"Health Medical Clinic\",\"potentialAction\":[{\"@type\":\"SearchAction\",\"target\":{\"@type\":\"EntryPoint\",\"urlTemplate\":\"https:\\\/\\\/medicinasinc.com\\\/fr\\\/?s={search_term_string}\"},\"query-input\":{\"@type\":\"PropertyValueSpecification\",\"valueRequired\":true,\"valueName\":\"search_term_string\"}}],\"inLanguage\":\"en-US\"}]}<\/script>\n<!-- \/ Yoast SEO plugin. -->","yoast_head_json":{"title":"Acheter Gorilla Biscuit Marijuana - Meilleurs meilleurs m\u00e9dicaments mondiaux","description":"Acheter une souche de marijuana Gorilla Biscuit \u00e0 vendre en ligne. Le chef de file de la vente par correspondance de cannabis au Canada avec plus de 15 ans d'exp\u00e9rience dans l'industrie de la marijuana m\u00e9dicale.","robots":{"index":"index","follow":"follow","max-snippet":"max-snippet:-1","max-image-preview":"max-image-preview:large","max-video-preview":"max-video-preview:-1"},"canonical":"https:\/\/medicinasinc.com\/fr\/product\/acheter-gorilla-biscuit-marijuana\/","og_locale":"en_US","og_type":"article","og_title":"Acheter Gorilla Biscuit Marijuana - Meilleurs meilleurs m\u00e9dicaments mondiaux","og_description":"Acheter une souche de marijuana Gorilla Biscuit \u00e0 vendre en ligne. Le chef de file de la vente par correspondance de cannabis au Canada avec plus de 15 ans d'exp\u00e9rience dans l'industrie de la marijuana m\u00e9dicale.","og_url":"https:\/\/medicinasinc.com\/fr\/product\/acheter-gorilla-biscuit-marijuana\/","og_site_name":"Medicinas Inc","article_modified_time":"2022-03-17T12:16:40+00:00","og_image":[{"width":420,"height":630,"url":"https:\/\/medicinasinc.com\/fr\/wp-content\/uploads\/sites\/5\/2022\/02\/Buy-Gorilla-Biscuit-Marijuana.jpg","type":"image\/jpeg"}],"twitter_card":"summary_large_image","twitter_misc":{"Est. reading time":"2 minutes"},"schema":{"@context":"https:\/\/schema.org","@graph":[{"@type":"WebPage","@id":"https:\/\/medicinasinc.com\/fr\/product\/acheter-gorilla-biscuit-marijuana\/","url":"https:\/\/medicinasinc.com\/fr\/product\/acheter-gorilla-biscuit-marijuana\/","name":"Acheter Gorilla Biscuit Marijuana - Meilleurs meilleurs m\u00e9dicaments mondiaux","isPartOf":{"@id":"https:\/\/medicinasinc.com\/fr\/#website"},"primaryImageOfPage":{"@id":"https:\/\/medicinasinc.com\/fr\/product\/acheter-gorilla-biscuit-marijuana\/#primaryimage"},"image":{"@id":"https:\/\/medicinasinc.com\/fr\/product\/acheter-gorilla-biscuit-marijuana\/#primaryimage"},"thumbnailUrl":"https:\/\/medicinasinc.com\/fr\/wp-content\/uploads\/sites\/5\/2022\/02\/Buy-Gorilla-Biscuit-Marijuana.jpg","datePublished":"2022-02-20T18:08:57+00:00","dateModified":"2022-03-17T12:16:40+00:00","description":"Acheter une souche de marijuana Gorilla Biscuit \u00e0 vendre en ligne. Le chef de file de la vente par correspondance de cannabis au Canada avec plus de 15 ans d'exp\u00e9rience dans l'industrie de la marijuana m\u00e9dicale.","breadcrumb":{"@id":"https:\/\/medicinasinc.com\/fr\/product\/acheter-gorilla-biscuit-marijuana\/#breadcrumb"},"inLanguage":"en-US","potentialAction":[{"@type":"ReadAction","target":["https:\/\/medicinasinc.com\/fr\/product\/acheter-gorilla-biscuit-marijuana\/"]}]},{"@type":"ImageObject","inLanguage":"en-US","@id":"https:\/\/medicinasinc.com\/fr\/product\/acheter-gorilla-biscuit-marijuana\/#primaryimage","url":"https:\/\/medicinasinc.com\/fr\/wp-content\/uploads\/sites\/5\/2022\/02\/Buy-Gorilla-Biscuit-Marijuana.jpg","contentUrl":"https:\/\/medicinasinc.com\/fr\/wp-content\/uploads\/sites\/5\/2022\/02\/Buy-Gorilla-Biscuit-Marijuana.jpg","width":420,"height":630},{"@type":"BreadcrumbList","@id":"https:\/\/medicinasinc.com\/fr\/product\/acheter-gorilla-biscuit-marijuana\/#breadcrumb","itemListElement":[{"@type":"ListItem","position":1,"name":"Boutique","item":"https:\/\/medicinasinc.com\/fr\/boutique\/"},{"@type":"ListItem","position":2,"name":"Acheter de la marijuana Gorilla Biscuit"}]},{"@type":"WebSite","@id":"https:\/\/medicinasinc.com\/fr\/#website","url":"https:\/\/medicinasinc.com\/fr\/","name":"Medicinas Inc","description":"Health Medical Clinic","potentialAction":[{"@type":"SearchAction","target":{"@type":"EntryPoint","urlTemplate":"https:\/\/medicinasinc.com\/fr\/?s={search_term_string}"},"query-input":{"@type":"PropertyValueSpecification","valueRequired":true,"valueName":"search_term_string"}}],"inLanguage":"en-US"}]}},"_links":{"self":[{"href":"https:\/\/medicinasinc.com\/fr\/wp-json\/wp\/v2\/product\/4946","targetHints":{"allow":["GET"]}}],"collection":[{"href":"https:\/\/medicinasinc.com\/fr\/wp-json\/wp\/v2\/product"}],"about":[{"href":"https:\/\/medicinasinc.com\/fr\/wp-json\/wp\/v2\/types\/product"}],"replies":[{"embeddable":true,"href":"https:\/\/medicinasinc.com\/fr\/wp-json\/wp\/v2\/comments?post=4946"}],"wp:featuredmedia":[{"embeddable":true,"href":"https:\/\/medicinasinc.com\/fr\/wp-json\/wp\/v2\/media\/4960"}],"wp:attachment":[{"href":"https:\/\/medicinasinc.com\/fr\/wp-json\/wp\/v2\/media?parent=4946"}],"wp:term":[{"taxonomy":"product_brand","embeddable":true,"href":"https:\/\/medicinasinc.com\/fr\/wp-json\/wp\/v2\/product_brand?post=4946"},{"taxonomy":"product_cat","embeddable":true,"href":"https:\/\/medicinasinc.com\/fr\/wp-json\/wp\/v2\/product_cat?post=4946"},{"taxonomy":"product_tag","embeddable":true,"href":"https:\/\/medicinasinc.com\/fr\/wp-json\/wp\/v2\/product_tag?post=4946"}],"curies":[{"name":"wp","href":"https:\/\/api.w.org\/{rel}","templated":true}]}}