{"id":4938,"date":"2022-02-20T18:02:35","date_gmt":"2022-02-20T18:02:35","guid":{"rendered":"https:\/\/medicinasinc.com\/fr\/?post_type=product&#038;p=4938"},"modified":"2022-03-17T12:17:09","modified_gmt":"2022-03-17T12:17:09","slug":"acheter-cherry-pie-souche-de-marijuana","status":"publish","type":"product","link":"https:\/\/medicinasinc.com\/fr\/product\/acheter-cherry-pie-souche-de-marijuana\/","title":{"rendered":"Acheter une vari\u00e9t\u00e9 de marijuana Cherry Pie"},"content":{"rendered":"<p>Achat en ligne de la vari\u00e9t\u00e9 de marijuana Cherry Pie.<\/p>\n<p>Achat en ligne de la vari\u00e9t\u00e9 de marijuana Cherry Pie.<\/p>\n<p>La vari\u00e9t\u00e9 de marijuana Cherry Pie peut \u00eatre achet\u00e9e en ligne. Hybride &#8211; 80\u00a0% Indica \/ 20\u00a0% Sativa THC\u00a0: 16\u201324\u00a0%, CBD\u00a0: 1\u00a0%<\/p>\n<p>Effets<br \/> Cr\u00e9atif, euphorie, contentement et relaxation<br \/> Peut-\u00eatre soulager<br \/> Trouble d\u00e9ficitaire de l&#8217;attention\/hyperactivit\u00e9, anxi\u00e9t\u00e9, trouble bipolaire, douleur chronique, d\u00e9pression, hyperactivit\u00e9 et insomnie<br \/> Saveurs<br \/> Baies, cerises et ar\u00f4mes sucr\u00e9s<br \/> Cerise, myrtille, terreux, et doux<\/p>\n","protected":false},"excerpt":{"rendered":"<p>Achetez une vari\u00e9t\u00e9 de marijuana Cherry Pie en ligne. La souche de marijuana Cherry Pie peut \u00eatre achet\u00e9e en ligne. Hybride &#8211; 80\u00a0% Indica \/ 20\u00a0% Sativa THC\u00a0: 16\u201324\u00a0%, CBD\u00a0: 1\u00a0%<\/p>\n","protected":false},"featured_media":4952,"comment_status":"open","ping_status":"closed","template":"","meta":[],"product_brand":[],"product_cat":[778],"product_tag":[813,814,815,816,812,818,817,811],"class_list":{"0":"post-4938","1":"product","2":"type-product","3":"status-publish","4":"has-post-thumbnail","6":"product_cat-mauvaises-herbes-a-vendre","7":"product_tag-cherry-pie-seeds","8":"product_tag-cherry-pie-strain-allbud","9":"product_tag-cherry-pie-strain-effects","10":"product_tag-cherry-pie-strain-price","11":"product_tag-recette-de-tarte-aux-cerises","12":"product_tag-cherry-pie-souche-rendement","13":"product_tag-cherry-pie-souche-sativa-ou-indica","14":"product_tag-cerise-tarte-et-souche","16":"first","17":"instock","18":"shipping-taxable","19":"purchasable","20":"product-type-variable","21":"has-default-attributes"},"yoast_head":"<!-- This site is optimized with the Yoast SEO plugin v27.3 - https:\/\/yoast.com\/product\/yoast-seo-wordpress\/ -->\n<title>Acheter la souche de marijuana Cherry Pie - Meilleurs meilleurs m\u00e9dicaments mondiaux<\/title>\n<meta name=\"description\" content=\"Achetez la souche de marijuana Cherry Pie \u00e0 vendre en ligne. Achetez la vari\u00e9t\u00e9 de marijuana Cherry Pie en ligne. Hybride \u2013 80 % Indica \/ 20 % Sativa THC : 16 % \u2013 24 %, CBD : 1 %\" \/>\n<meta name=\"robots\" content=\"index, follow, max-snippet:-1, max-image-preview:large, max-video-preview:-1\" \/>\n<link rel=\"canonical\" href=\"https:\/\/medicinasinc.com\/fr\/product\/acheter-cherry-pie-souche-de-marijuana\/\" \/>\n<meta property=\"og:locale\" content=\"en_US\" \/>\n<meta property=\"og:type\" content=\"article\" \/>\n<meta property=\"og:title\" content=\"Acheter la souche de marijuana Cherry Pie - Meilleurs meilleurs m\u00e9dicaments mondiaux\" \/>\n<meta property=\"og:description\" content=\"Achetez la souche de marijuana Cherry Pie \u00e0 vendre en ligne. Achetez la vari\u00e9t\u00e9 de marijuana Cherry Pie en ligne. Hybride \u2013 80 % Indica \/ 20 % Sativa THC : 16 % \u2013 24 %, CBD : 1 %\" \/>\n<meta property=\"og:url\" content=\"https:\/\/medicinasinc.com\/fr\/product\/acheter-cherry-pie-souche-de-marijuana\/\" \/>\n<meta property=\"og:site_name\" content=\"Medicinas Inc\" \/>\n<meta property=\"article:modified_time\" content=\"2022-03-17T12:17:09+00:00\" \/>\n<meta property=\"og:image\" content=\"https:\/\/medicinasinc.com\/fr\/wp-content\/uploads\/sites\/5\/2022\/02\/Buy-Cherry-Pie-Marijuana.jpg\" \/>\n\t<meta property=\"og:image:width\" content=\"1080\" \/>\n\t<meta property=\"og:image:height\" content=\"1080\" \/>\n\t<meta property=\"og:image:type\" content=\"image\/jpeg\" \/>\n<meta name=\"twitter:card\" content=\"summary_large_image\" \/>\n<meta name=\"twitter:label1\" content=\"Est. reading time\" \/>\n\t<meta name=\"twitter:data1\" content=\"1 minute\" \/>\n<script type=\"application\/ld+json\" class=\"yoast-schema-graph\">{\"@context\":\"https:\\\/\\\/schema.org\",\"@graph\":[{\"@type\":\"WebPage\",\"@id\":\"https:\\\/\\\/medicinasinc.com\\\/fr\\\/product\\\/acheter-cherry-pie-souche-de-marijuana\\\/\",\"url\":\"https:\\\/\\\/medicinasinc.com\\\/fr\\\/product\\\/acheter-cherry-pie-souche-de-marijuana\\\/\",\"name\":\"Acheter la souche de marijuana Cherry Pie - Meilleurs meilleurs m\u00e9dicaments mondiaux\",\"isPartOf\":{\"@id\":\"https:\\\/\\\/medicinasinc.com\\\/fr\\\/#website\"},\"primaryImageOfPage\":{\"@id\":\"https:\\\/\\\/medicinasinc.com\\\/fr\\\/product\\\/acheter-cherry-pie-souche-de-marijuana\\\/#primaryimage\"},\"image\":{\"@id\":\"https:\\\/\\\/medicinasinc.com\\\/fr\\\/product\\\/acheter-cherry-pie-souche-de-marijuana\\\/#primaryimage\"},\"thumbnailUrl\":\"https:\\\/\\\/medicinasinc.com\\\/fr\\\/wp-content\\\/uploads\\\/sites\\\/5\\\/2022\\\/02\\\/Buy-Cherry-Pie-Marijuana.jpg\",\"datePublished\":\"2022-02-20T18:02:35+00:00\",\"dateModified\":\"2022-03-17T12:17:09+00:00\",\"description\":\"Achetez la souche de marijuana Cherry Pie \u00e0 vendre en ligne. Achetez la vari\u00e9t\u00e9 de marijuana Cherry Pie en ligne. Hybride \u2013 80 % Indica \\\/ 20 % Sativa THC : 16 % \u2013 24 %, CBD : 1 %\",\"breadcrumb\":{\"@id\":\"https:\\\/\\\/medicinasinc.com\\\/fr\\\/product\\\/acheter-cherry-pie-souche-de-marijuana\\\/#breadcrumb\"},\"inLanguage\":\"en-US\",\"potentialAction\":[{\"@type\":\"ReadAction\",\"target\":[\"https:\\\/\\\/medicinasinc.com\\\/fr\\\/product\\\/acheter-cherry-pie-souche-de-marijuana\\\/\"]}]},{\"@type\":\"ImageObject\",\"inLanguage\":\"en-US\",\"@id\":\"https:\\\/\\\/medicinasinc.com\\\/fr\\\/product\\\/acheter-cherry-pie-souche-de-marijuana\\\/#primaryimage\",\"url\":\"https:\\\/\\\/medicinasinc.com\\\/fr\\\/wp-content\\\/uploads\\\/sites\\\/5\\\/2022\\\/02\\\/Buy-Cherry-Pie-Marijuana.jpg\",\"contentUrl\":\"https:\\\/\\\/medicinasinc.com\\\/fr\\\/wp-content\\\/uploads\\\/sites\\\/5\\\/2022\\\/02\\\/Buy-Cherry-Pie-Marijuana.jpg\",\"width\":1080,\"height\":1080},{\"@type\":\"BreadcrumbList\",\"@id\":\"https:\\\/\\\/medicinasinc.com\\\/fr\\\/product\\\/acheter-cherry-pie-souche-de-marijuana\\\/#breadcrumb\",\"itemListElement\":[{\"@type\":\"ListItem\",\"position\":1,\"name\":\"Boutique\",\"item\":\"https:\\\/\\\/medicinasinc.com\\\/fr\\\/boutique\\\/\"},{\"@type\":\"ListItem\",\"position\":2,\"name\":\"Acheter une vari\u00e9t\u00e9 de marijuana Cherry Pie\"}]},{\"@type\":\"WebSite\",\"@id\":\"https:\\\/\\\/medicinasinc.com\\\/fr\\\/#website\",\"url\":\"https:\\\/\\\/medicinasinc.com\\\/fr\\\/\",\"name\":\"Medicinas Inc\",\"description\":\"Health Medical Clinic\",\"potentialAction\":[{\"@type\":\"SearchAction\",\"target\":{\"@type\":\"EntryPoint\",\"urlTemplate\":\"https:\\\/\\\/medicinasinc.com\\\/fr\\\/?s={search_term_string}\"},\"query-input\":{\"@type\":\"PropertyValueSpecification\",\"valueRequired\":true,\"valueName\":\"search_term_string\"}}],\"inLanguage\":\"en-US\"}]}<\/script>\n<!-- \/ Yoast SEO plugin. -->","yoast_head_json":{"title":"Acheter la souche de marijuana Cherry Pie - Meilleurs meilleurs m\u00e9dicaments mondiaux","description":"Achetez la souche de marijuana Cherry Pie \u00e0 vendre en ligne. Achetez la vari\u00e9t\u00e9 de marijuana Cherry Pie en ligne. Hybride \u2013 80 % Indica \/ 20 % Sativa THC : 16 % \u2013 24 %, CBD : 1 %","robots":{"index":"index","follow":"follow","max-snippet":"max-snippet:-1","max-image-preview":"max-image-preview:large","max-video-preview":"max-video-preview:-1"},"canonical":"https:\/\/medicinasinc.com\/fr\/product\/acheter-cherry-pie-souche-de-marijuana\/","og_locale":"en_US","og_type":"article","og_title":"Acheter la souche de marijuana Cherry Pie - Meilleurs meilleurs m\u00e9dicaments mondiaux","og_description":"Achetez la souche de marijuana Cherry Pie \u00e0 vendre en ligne. Achetez la vari\u00e9t\u00e9 de marijuana Cherry Pie en ligne. Hybride \u2013 80 % Indica \/ 20 % Sativa THC : 16 % \u2013 24 %, CBD : 1 %","og_url":"https:\/\/medicinasinc.com\/fr\/product\/acheter-cherry-pie-souche-de-marijuana\/","og_site_name":"Medicinas Inc","article_modified_time":"2022-03-17T12:17:09+00:00","og_image":[{"width":1080,"height":1080,"url":"https:\/\/medicinasinc.com\/fr\/wp-content\/uploads\/sites\/5\/2022\/02\/Buy-Cherry-Pie-Marijuana.jpg","type":"image\/jpeg"}],"twitter_card":"summary_large_image","twitter_misc":{"Est. reading time":"1 minute"},"schema":{"@context":"https:\/\/schema.org","@graph":[{"@type":"WebPage","@id":"https:\/\/medicinasinc.com\/fr\/product\/acheter-cherry-pie-souche-de-marijuana\/","url":"https:\/\/medicinasinc.com\/fr\/product\/acheter-cherry-pie-souche-de-marijuana\/","name":"Acheter la souche de marijuana Cherry Pie - Meilleurs meilleurs m\u00e9dicaments mondiaux","isPartOf":{"@id":"https:\/\/medicinasinc.com\/fr\/#website"},"primaryImageOfPage":{"@id":"https:\/\/medicinasinc.com\/fr\/product\/acheter-cherry-pie-souche-de-marijuana\/#primaryimage"},"image":{"@id":"https:\/\/medicinasinc.com\/fr\/product\/acheter-cherry-pie-souche-de-marijuana\/#primaryimage"},"thumbnailUrl":"https:\/\/medicinasinc.com\/fr\/wp-content\/uploads\/sites\/5\/2022\/02\/Buy-Cherry-Pie-Marijuana.jpg","datePublished":"2022-02-20T18:02:35+00:00","dateModified":"2022-03-17T12:17:09+00:00","description":"Achetez la souche de marijuana Cherry Pie \u00e0 vendre en ligne. Achetez la vari\u00e9t\u00e9 de marijuana Cherry Pie en ligne. Hybride \u2013 80 % Indica \/ 20 % Sativa THC : 16 % \u2013 24 %, CBD : 1 %","breadcrumb":{"@id":"https:\/\/medicinasinc.com\/fr\/product\/acheter-cherry-pie-souche-de-marijuana\/#breadcrumb"},"inLanguage":"en-US","potentialAction":[{"@type":"ReadAction","target":["https:\/\/medicinasinc.com\/fr\/product\/acheter-cherry-pie-souche-de-marijuana\/"]}]},{"@type":"ImageObject","inLanguage":"en-US","@id":"https:\/\/medicinasinc.com\/fr\/product\/acheter-cherry-pie-souche-de-marijuana\/#primaryimage","url":"https:\/\/medicinasinc.com\/fr\/wp-content\/uploads\/sites\/5\/2022\/02\/Buy-Cherry-Pie-Marijuana.jpg","contentUrl":"https:\/\/medicinasinc.com\/fr\/wp-content\/uploads\/sites\/5\/2022\/02\/Buy-Cherry-Pie-Marijuana.jpg","width":1080,"height":1080},{"@type":"BreadcrumbList","@id":"https:\/\/medicinasinc.com\/fr\/product\/acheter-cherry-pie-souche-de-marijuana\/#breadcrumb","itemListElement":[{"@type":"ListItem","position":1,"name":"Boutique","item":"https:\/\/medicinasinc.com\/fr\/boutique\/"},{"@type":"ListItem","position":2,"name":"Acheter une vari\u00e9t\u00e9 de marijuana Cherry Pie"}]},{"@type":"WebSite","@id":"https:\/\/medicinasinc.com\/fr\/#website","url":"https:\/\/medicinasinc.com\/fr\/","name":"Medicinas Inc","description":"Health Medical Clinic","potentialAction":[{"@type":"SearchAction","target":{"@type":"EntryPoint","urlTemplate":"https:\/\/medicinasinc.com\/fr\/?s={search_term_string}"},"query-input":{"@type":"PropertyValueSpecification","valueRequired":true,"valueName":"search_term_string"}}],"inLanguage":"en-US"}]}},"_links":{"self":[{"href":"https:\/\/medicinasinc.com\/fr\/wp-json\/wp\/v2\/product\/4938","targetHints":{"allow":["GET"]}}],"collection":[{"href":"https:\/\/medicinasinc.com\/fr\/wp-json\/wp\/v2\/product"}],"about":[{"href":"https:\/\/medicinasinc.com\/fr\/wp-json\/wp\/v2\/types\/product"}],"replies":[{"embeddable":true,"href":"https:\/\/medicinasinc.com\/fr\/wp-json\/wp\/v2\/comments?post=4938"}],"wp:featuredmedia":[{"embeddable":true,"href":"https:\/\/medicinasinc.com\/fr\/wp-json\/wp\/v2\/media\/4952"}],"wp:attachment":[{"href":"https:\/\/medicinasinc.com\/fr\/wp-json\/wp\/v2\/media?parent=4938"}],"wp:term":[{"taxonomy":"product_brand","embeddable":true,"href":"https:\/\/medicinasinc.com\/fr\/wp-json\/wp\/v2\/product_brand?post=4938"},{"taxonomy":"product_cat","embeddable":true,"href":"https:\/\/medicinasinc.com\/fr\/wp-json\/wp\/v2\/product_cat?post=4938"},{"taxonomy":"product_tag","embeddable":true,"href":"https:\/\/medicinasinc.com\/fr\/wp-json\/wp\/v2\/product_tag?post=4938"}],"curies":[{"name":"wp","href":"https:\/\/api.w.org\/{rel}","templated":true}]}}