{"id":4928,"date":"2022-02-20T17:53:26","date_gmt":"2022-02-20T17:53:26","guid":{"rendered":"https:\/\/medicinasinc.com\/fr\/?post_type=product&#038;p=4928"},"modified":"2022-03-17T12:17:22","modified_gmt":"2022-03-17T12:17:22","slug":"acheter-cookies-gelato","status":"publish","type":"product","link":"https:\/\/medicinasinc.com\/fr\/product\/acheter-cookies-gelato\/","title":{"rendered":"Acheter Biscuits Gelato"},"content":{"rendered":"<p>Cookies Gelato est la prog\u00e9niture de deux illustres vari\u00e9t\u00e9s de marijuana. Elle a h\u00e9rit\u00e9 d&#8217;une puissance folle, d&#8217;un go\u00fbt sucr\u00e9 et d&#8217;une productivit\u00e9 incroyable. Et Cali Bliss a optimis\u00e9 chacun de ces \u00e9l\u00e9ments. C&#8217;est maintenant le num\u00e9ro 2, et il a \u00e9t\u00e9 consid\u00e9rablement am\u00e9lior\u00e9. De plus, 25\u00a0% de THC sont utilis\u00e9s au lieu de 23\u00a0% de THC.<\/p>\n<p>Pour commencer, nous aimerions fournir un contexte aux cultivateurs de cette jolie vari\u00e9t\u00e9 Cookies Gelato. Cali Bliss est une \u00e9quipe de producteurs relativement nouvelle. Ce sont des poids lourds, et il nous a fallu environ un an et demi pour stocker certaines de leurs vari\u00e9t\u00e9s. Nous avons eu la chance d&#8217;en acqu\u00e9rir trois \u00e0 ce jour. Ils sont consacr\u00e9s \u00e0 la g\u00e9n\u00e9tique californienne authentique, mais avec une touche. Certaines vari\u00e9t\u00e9s mettent des ann\u00e9es \u00e0 se d\u00e9velopper jusqu&#8217;au point o\u00f9 ces gars-l\u00e0 sont satisfaits.<\/p>\n<p>&#8220;Plus vous consommez de cannabis, plus votre tol\u00e9rance augmente. Pour les d\u00e9butants, il ne faut pas grand-chose pour \u00eatre d\u00e9fonc\u00e9. Quelques bouff\u00e9es de une souche faible suffira.Apr\u00e8s plusieurs ann\u00e9es, cependant, les fumeurs chevronn\u00e9s ont besoin de marijuana plus forte pour obtenir les m\u00eames effets.L&#8217;une de ces souches est Cookies Gelato.Elle d\u00e9livre une dose monstrueuse de THC qui transporte instantan\u00e9ment l&#8217;esprit vers un \u00e9tat de conscience alt\u00e9r\u00e9 et maintient pendant des heures.&#8221;<\/p>\n<p>Les puissants effets de Cookies Gelato sont le r\u00e9sultat de ses puissantes vari\u00e9t\u00e9s parentes Girl Scout Cookies et Gelato. Ce duo dynamique, cependant, est r\u00e9put\u00e9 pour plus que sa force brute. Comme leur nom l&#8217;indique, ils ont tous deux des profils de terp\u00e8nes sucr\u00e9s et sucr\u00e9s. Cookies Gelato incarne les meilleures caract\u00e9ristiques de ces deux vari\u00e9t\u00e9s l\u00e9gendaires.<\/p>\n<p>Les bourgeons de ce type sont clairsem\u00e9s et plut\u00f4t petits (c&#8217;est g\u00e9n\u00e9tiquement d\u00e9termin\u00e9 &#8211; il n&#8217;y a pas moyen de contourner cela). Duvet et douceur suppl\u00e9mentaires. Autrement dit, le bourgeon lui-m\u00eame a plus d&#8217;espace a\u00e9rien. Cela peut entra\u00eener une br\u00fblure plus rapide et une sensation plus dure si elle n&#8217;est pas prise en compte. Par cons\u00e9quent, assurez-vous simplement qu&#8217;il est bien emball\u00e9 pour \u00e9liminer tout espace d&#8217;air. Lorsque vous roulez un joint ou que vous fumez un bol, tassez-le bien. C&#8217;est la nature de la vari\u00e9t\u00e9.<\/p>\n<p>QUE SIGNIFIE LE CHIFFRE DEUX\u00a0?<\/p>\n<p>\u2013 Effets \u00e9tendus (plus raffin\u00e9s)<\/p>\n<p>\u2013 Saveur am\u00e9lior\u00e9e (profil de terp plus raffin\u00e9) <\/p>\n<p>\u2013 Augmentation de la teneur en THC (auparavant de 23\u00a0%, elle est maintenant de 25\u00a0%)<\/p>\n<p>\u2013 De plus, meilleure cure et coupe<\/p>\n<p>EFFETS\u00a0:<\/p>\n<p>Cr\u00e9atif, joyeux et euphorique<\/p>\n<p>M\u00c9DICAL\u00a0:<\/p>\n<p>Anxi\u00e9t\u00e9, stress et douleur chronique<\/p>\n<p>THC\u00a0:<\/p>\n<p>25\u00a0% <\/p>\n<div class=\"product-next-previous\">\n<div class=\"product-prev\"><\/div><\/div>\n","protected":false},"excerpt":{"rendered":"<p>Achetez des biscuits au cannabis Gelato en vente en ligne. Chem Willie est un hybride \u00e0 dominance Sativa \u2013 70 % Sativa et 30 % Indica. THC Indica\u00a0: 15\u00a0%<\/p>\n","protected":false},"featured_media":4941,"comment_status":"open","ping_status":"closed","template":"","meta":[],"product_brand":[],"product_cat":[778],"product_tag":[809,806,805,807,810,803,804,808],"class_list":{"0":"post-4928","1":"product","2":"type-product","3":"status-publish","4":"has-post-thumbnail","6":"product_cat-mauvaises-herbes-a-vendre","7":"product_tag-gelato-cookies-souche-allbud","8":"product_tag-cookies-gelato-grow-diary","9":"product_tag-cookies-gelato-temps-de-floraison","10":"product_tag-cookies-gelato-rendement","11":"product_tag-gelato-cookies-souche-wikileaf","12":"product_tag-cookies-gelato-42","13":"product_tag-cookies-gelato-41","14":"product_tag-gelato-cookies-and-cream","16":"first","17":"instock","18":"shipping-taxable","19":"purchasable","20":"product-type-variable","21":"has-default-attributes"},"yoast_head":"<!-- This site is optimized with the Yoast SEO plugin v27.3 - https:\/\/yoast.com\/product\/yoast-seo-wordpress\/ -->\n<title>Acheter Cookies Gelato - Cookies Gelato \u00e0 vendre - Best Best Global Meds<\/title>\n<meta name=\"description\" content=\"Acheter Cookies Gelato Marijuana \u00e0 vendre en ligne. Chem willie est un hybride \u00e0 dominance Sativa \u2013 70 % Sativa \/ 30 % Indica THC : 15 %\" \/>\n<meta name=\"robots\" content=\"index, follow, max-snippet:-1, max-image-preview:large, max-video-preview:-1\" \/>\n<link rel=\"canonical\" href=\"https:\/\/medicinasinc.com\/fr\/product\/acheter-cookies-gelato\/\" \/>\n<meta property=\"og:locale\" content=\"en_US\" \/>\n<meta property=\"og:type\" content=\"article\" \/>\n<meta property=\"og:title\" content=\"Acheter Cookies Gelato - Cookies Gelato \u00e0 vendre - Best Best Global Meds\" \/>\n<meta property=\"og:description\" content=\"Acheter Cookies Gelato Marijuana \u00e0 vendre en ligne. Chem willie est un hybride \u00e0 dominance Sativa \u2013 70 % Sativa \/ 30 % Indica THC : 15 %\" \/>\n<meta property=\"og:url\" content=\"https:\/\/medicinasinc.com\/fr\/product\/acheter-cookies-gelato\/\" \/>\n<meta property=\"og:site_name\" content=\"Medicinas Inc\" \/>\n<meta property=\"article:modified_time\" content=\"2022-03-17T12:17:22+00:00\" \/>\n<meta property=\"og:image\" content=\"https:\/\/medicinasinc.com\/fr\/wp-content\/uploads\/sites\/5\/2022\/02\/Buy-Cookies-Gelato.jpg\" \/>\n\t<meta property=\"og:image:width\" content=\"420\" \/>\n\t<meta property=\"og:image:height\" content=\"630\" \/>\n\t<meta property=\"og:image:type\" content=\"image\/jpeg\" \/>\n<meta name=\"twitter:card\" content=\"summary_large_image\" \/>\n<meta name=\"twitter:label1\" content=\"Est. reading time\" \/>\n\t<meta name=\"twitter:data1\" content=\"2 minutes\" \/>\n<script type=\"application\/ld+json\" class=\"yoast-schema-graph\">{\"@context\":\"https:\\\/\\\/schema.org\",\"@graph\":[{\"@type\":\"WebPage\",\"@id\":\"https:\\\/\\\/medicinasinc.com\\\/fr\\\/product\\\/acheter-cookies-gelato\\\/\",\"url\":\"https:\\\/\\\/medicinasinc.com\\\/fr\\\/product\\\/acheter-cookies-gelato\\\/\",\"name\":\"Acheter Cookies Gelato - Cookies Gelato \u00e0 vendre - Best Best Global Meds\",\"isPartOf\":{\"@id\":\"https:\\\/\\\/medicinasinc.com\\\/fr\\\/#website\"},\"primaryImageOfPage\":{\"@id\":\"https:\\\/\\\/medicinasinc.com\\\/fr\\\/product\\\/acheter-cookies-gelato\\\/#primaryimage\"},\"image\":{\"@id\":\"https:\\\/\\\/medicinasinc.com\\\/fr\\\/product\\\/acheter-cookies-gelato\\\/#primaryimage\"},\"thumbnailUrl\":\"https:\\\/\\\/medicinasinc.com\\\/fr\\\/wp-content\\\/uploads\\\/sites\\\/5\\\/2022\\\/02\\\/Buy-Cookies-Gelato.jpg\",\"datePublished\":\"2022-02-20T17:53:26+00:00\",\"dateModified\":\"2022-03-17T12:17:22+00:00\",\"description\":\"Acheter Cookies Gelato Marijuana \u00e0 vendre en ligne. Chem willie est un hybride \u00e0 dominance Sativa \u2013 70 % Sativa \\\/ 30 % Indica THC : 15 %\",\"breadcrumb\":{\"@id\":\"https:\\\/\\\/medicinasinc.com\\\/fr\\\/product\\\/acheter-cookies-gelato\\\/#breadcrumb\"},\"inLanguage\":\"en-US\",\"potentialAction\":[{\"@type\":\"ReadAction\",\"target\":[\"https:\\\/\\\/medicinasinc.com\\\/fr\\\/product\\\/acheter-cookies-gelato\\\/\"]}]},{\"@type\":\"ImageObject\",\"inLanguage\":\"en-US\",\"@id\":\"https:\\\/\\\/medicinasinc.com\\\/fr\\\/product\\\/acheter-cookies-gelato\\\/#primaryimage\",\"url\":\"https:\\\/\\\/medicinasinc.com\\\/fr\\\/wp-content\\\/uploads\\\/sites\\\/5\\\/2022\\\/02\\\/Buy-Cookies-Gelato.jpg\",\"contentUrl\":\"https:\\\/\\\/medicinasinc.com\\\/fr\\\/wp-content\\\/uploads\\\/sites\\\/5\\\/2022\\\/02\\\/Buy-Cookies-Gelato.jpg\",\"width\":420,\"height\":630},{\"@type\":\"BreadcrumbList\",\"@id\":\"https:\\\/\\\/medicinasinc.com\\\/fr\\\/product\\\/acheter-cookies-gelato\\\/#breadcrumb\",\"itemListElement\":[{\"@type\":\"ListItem\",\"position\":1,\"name\":\"Boutique\",\"item\":\"https:\\\/\\\/medicinasinc.com\\\/fr\\\/boutique\\\/\"},{\"@type\":\"ListItem\",\"position\":2,\"name\":\"Acheter Biscuits Gelato\"}]},{\"@type\":\"WebSite\",\"@id\":\"https:\\\/\\\/medicinasinc.com\\\/fr\\\/#website\",\"url\":\"https:\\\/\\\/medicinasinc.com\\\/fr\\\/\",\"name\":\"Medicinas Inc\",\"description\":\"Health Medical Clinic\",\"potentialAction\":[{\"@type\":\"SearchAction\",\"target\":{\"@type\":\"EntryPoint\",\"urlTemplate\":\"https:\\\/\\\/medicinasinc.com\\\/fr\\\/?s={search_term_string}\"},\"query-input\":{\"@type\":\"PropertyValueSpecification\",\"valueRequired\":true,\"valueName\":\"search_term_string\"}}],\"inLanguage\":\"en-US\"}]}<\/script>\n<!-- \/ Yoast SEO plugin. -->","yoast_head_json":{"title":"Acheter Cookies Gelato - Cookies Gelato \u00e0 vendre - Best Best Global Meds","description":"Acheter Cookies Gelato Marijuana \u00e0 vendre en ligne. Chem willie est un hybride \u00e0 dominance Sativa \u2013 70 % Sativa \/ 30 % Indica THC : 15 %","robots":{"index":"index","follow":"follow","max-snippet":"max-snippet:-1","max-image-preview":"max-image-preview:large","max-video-preview":"max-video-preview:-1"},"canonical":"https:\/\/medicinasinc.com\/fr\/product\/acheter-cookies-gelato\/","og_locale":"en_US","og_type":"article","og_title":"Acheter Cookies Gelato - Cookies Gelato \u00e0 vendre - Best Best Global Meds","og_description":"Acheter Cookies Gelato Marijuana \u00e0 vendre en ligne. Chem willie est un hybride \u00e0 dominance Sativa \u2013 70 % Sativa \/ 30 % Indica THC : 15 %","og_url":"https:\/\/medicinasinc.com\/fr\/product\/acheter-cookies-gelato\/","og_site_name":"Medicinas Inc","article_modified_time":"2022-03-17T12:17:22+00:00","og_image":[{"width":420,"height":630,"url":"https:\/\/medicinasinc.com\/fr\/wp-content\/uploads\/sites\/5\/2022\/02\/Buy-Cookies-Gelato.jpg","type":"image\/jpeg"}],"twitter_card":"summary_large_image","twitter_misc":{"Est. reading time":"2 minutes"},"schema":{"@context":"https:\/\/schema.org","@graph":[{"@type":"WebPage","@id":"https:\/\/medicinasinc.com\/fr\/product\/acheter-cookies-gelato\/","url":"https:\/\/medicinasinc.com\/fr\/product\/acheter-cookies-gelato\/","name":"Acheter Cookies Gelato - Cookies Gelato \u00e0 vendre - Best Best Global Meds","isPartOf":{"@id":"https:\/\/medicinasinc.com\/fr\/#website"},"primaryImageOfPage":{"@id":"https:\/\/medicinasinc.com\/fr\/product\/acheter-cookies-gelato\/#primaryimage"},"image":{"@id":"https:\/\/medicinasinc.com\/fr\/product\/acheter-cookies-gelato\/#primaryimage"},"thumbnailUrl":"https:\/\/medicinasinc.com\/fr\/wp-content\/uploads\/sites\/5\/2022\/02\/Buy-Cookies-Gelato.jpg","datePublished":"2022-02-20T17:53:26+00:00","dateModified":"2022-03-17T12:17:22+00:00","description":"Acheter Cookies Gelato Marijuana \u00e0 vendre en ligne. Chem willie est un hybride \u00e0 dominance Sativa \u2013 70 % Sativa \/ 30 % Indica THC : 15 %","breadcrumb":{"@id":"https:\/\/medicinasinc.com\/fr\/product\/acheter-cookies-gelato\/#breadcrumb"},"inLanguage":"en-US","potentialAction":[{"@type":"ReadAction","target":["https:\/\/medicinasinc.com\/fr\/product\/acheter-cookies-gelato\/"]}]},{"@type":"ImageObject","inLanguage":"en-US","@id":"https:\/\/medicinasinc.com\/fr\/product\/acheter-cookies-gelato\/#primaryimage","url":"https:\/\/medicinasinc.com\/fr\/wp-content\/uploads\/sites\/5\/2022\/02\/Buy-Cookies-Gelato.jpg","contentUrl":"https:\/\/medicinasinc.com\/fr\/wp-content\/uploads\/sites\/5\/2022\/02\/Buy-Cookies-Gelato.jpg","width":420,"height":630},{"@type":"BreadcrumbList","@id":"https:\/\/medicinasinc.com\/fr\/product\/acheter-cookies-gelato\/#breadcrumb","itemListElement":[{"@type":"ListItem","position":1,"name":"Boutique","item":"https:\/\/medicinasinc.com\/fr\/boutique\/"},{"@type":"ListItem","position":2,"name":"Acheter Biscuits Gelato"}]},{"@type":"WebSite","@id":"https:\/\/medicinasinc.com\/fr\/#website","url":"https:\/\/medicinasinc.com\/fr\/","name":"Medicinas Inc","description":"Health Medical Clinic","potentialAction":[{"@type":"SearchAction","target":{"@type":"EntryPoint","urlTemplate":"https:\/\/medicinasinc.com\/fr\/?s={search_term_string}"},"query-input":{"@type":"PropertyValueSpecification","valueRequired":true,"valueName":"search_term_string"}}],"inLanguage":"en-US"}]}},"_links":{"self":[{"href":"https:\/\/medicinasinc.com\/fr\/wp-json\/wp\/v2\/product\/4928","targetHints":{"allow":["GET"]}}],"collection":[{"href":"https:\/\/medicinasinc.com\/fr\/wp-json\/wp\/v2\/product"}],"about":[{"href":"https:\/\/medicinasinc.com\/fr\/wp-json\/wp\/v2\/types\/product"}],"replies":[{"embeddable":true,"href":"https:\/\/medicinasinc.com\/fr\/wp-json\/wp\/v2\/comments?post=4928"}],"wp:featuredmedia":[{"embeddable":true,"href":"https:\/\/medicinasinc.com\/fr\/wp-json\/wp\/v2\/media\/4941"}],"wp:attachment":[{"href":"https:\/\/medicinasinc.com\/fr\/wp-json\/wp\/v2\/media?parent=4928"}],"wp:term":[{"taxonomy":"product_brand","embeddable":true,"href":"https:\/\/medicinasinc.com\/fr\/wp-json\/wp\/v2\/product_brand?post=4928"},{"taxonomy":"product_cat","embeddable":true,"href":"https:\/\/medicinasinc.com\/fr\/wp-json\/wp\/v2\/product_cat?post=4928"},{"taxonomy":"product_tag","embeddable":true,"href":"https:\/\/medicinasinc.com\/fr\/wp-json\/wp\/v2\/product_tag?post=4928"}],"curies":[{"name":"wp","href":"https:\/\/api.w.org\/{rel}","templated":true}]}}