{"id":4927,"date":"2022-02-20T17:52:26","date_gmt":"2022-02-20T17:52:26","guid":{"rendered":"https:\/\/medicinasinc.com\/fr\/?post_type=product&#038;p=4927"},"modified":"2022-03-17T12:17:34","modified_gmt":"2022-03-17T12:17:34","slug":"acheter-hulkberry-marijuana","status":"publish","type":"product","link":"https:\/\/medicinasinc.com\/fr\/product\/acheter-hulkberry-marijuana\/","title":{"rendered":"Acheter de la marijuana HulkBerry"},"content":{"rendered":"<p>Achat en ligne de HulkBerry 27% THC Weed<\/p>\n<p>HulkBerry est une vari\u00e9t\u00e9 \u00e0 dominance Sativa \u00e0 65% d\u00e9riv\u00e9e d&#8217;un croisement entre Strawberry Diesel et OG Kush. Avec une \u00e9norme teneur en THC de 27 %, cette vari\u00e9t\u00e9 est fortement recommand\u00e9e pour les fumeurs exp\u00e9riment\u00e9s ; les novices peuvent se perdre dans leur esprit. La dominance Sativa maintient l&#8217;effet enti\u00e8rement concentr\u00e9 sur le cerveau, vous laissant une sensation de clart\u00e9 et d&#8217;\u00e9nergie, tandis que les p\u00e9pites enrob\u00e9es de r\u00e9sine et les ar\u00f4mes fruit\u00e9s gardent votre nez et vos papilles gustatives occup\u00e9s.<\/p>\n<p>Malgr\u00e9 la force de la vari\u00e9t\u00e9, un standard Un cycle de lumi\u00e8re de 12 \u00e0 12 donnera d&#8217;excellentes t\u00eates en 9 \u00e0 10 semaines. HulkBerry est un passionn\u00e9 de SOG ou ScrOG.<\/p>\n<div class=\"product-next-previous\">\n<div class=\"product-prev\"><\/div><\/div>\n","protected":false},"excerpt":{"rendered":"<p>Achetez de la marijuana HulkBerry Kush en ligne. HulkBerry Kush est une vari\u00e9t\u00e9 \u00e0 dominante sativa. Hybride dominant &#8211; 70\u00a0% Sativa \/ 30\u00a0% Indica Teneur en THC indica\u00a0: 21\u00a0% &#8211; 25\u00a0%<\/p>\n","protected":false},"featured_media":4939,"comment_status":"open","ping_status":"closed","template":"","meta":[],"product_brand":[],"product_cat":[778],"product_tag":[800,802,797,795,798,799,796,801],"class_list":{"0":"post-4927","1":"product","2":"type-product","3":"status-publish","4":"has-post-thumbnail","6":"product_cat-mauvaises-herbes-a-vendre","7":"product_tag-effets-de-hulkberry-strain","8":"product_tag-hulkberry-souche-examen","9":"product_tag-hulkberry-feuilles","10":"product_tag-hulkberry-automatique","11":"product_tag-hulkberry-culture-en-plein-air","12":"product_tag-hulkberry-review","13":"product_tag-hulkberry-croissance-journal","14":"product_tag-souche-hulkberry-prs-de-moi","16":"first","17":"instock","18":"shipping-taxable","19":"purchasable","20":"product-type-variable","21":"has-default-attributes"},"yoast_head":"<!-- This site is optimized with the Yoast SEO plugin v27.3 - https:\/\/yoast.com\/product\/yoast-seo-wordpress\/ -->\n<title>Acheter HulkBerry Kush Marijuana - Meilleurs meilleurs m\u00e9dicaments mondiaux<\/title>\n<meta name=\"description\" content=\"Achetez de la marijuana HulkBerry Kush \u00e0 vendre en ligne. HulkBerry Kush est un hybride \u00e0 dominance sativa \u2013 70 % Sativa \/ 30 % Indica THC : 21 % \u2013 25 %\" \/>\n<meta name=\"robots\" content=\"index, follow, max-snippet:-1, max-image-preview:large, max-video-preview:-1\" \/>\n<link rel=\"canonical\" href=\"https:\/\/medicinasinc.com\/fr\/product\/acheter-hulkberry-marijuana\/\" \/>\n<meta property=\"og:locale\" content=\"en_US\" \/>\n<meta property=\"og:type\" content=\"article\" \/>\n<meta property=\"og:title\" content=\"Acheter HulkBerry Kush Marijuana - Meilleurs meilleurs m\u00e9dicaments mondiaux\" \/>\n<meta property=\"og:description\" content=\"Achetez de la marijuana HulkBerry Kush \u00e0 vendre en ligne. HulkBerry Kush est un hybride \u00e0 dominance sativa \u2013 70 % Sativa \/ 30 % Indica THC : 21 % \u2013 25 %\" \/>\n<meta property=\"og:url\" content=\"https:\/\/medicinasinc.com\/fr\/product\/acheter-hulkberry-marijuana\/\" \/>\n<meta property=\"og:site_name\" content=\"Medicinas Inc\" \/>\n<meta property=\"article:modified_time\" content=\"2022-03-17T12:17:34+00:00\" \/>\n<meta property=\"og:image\" content=\"https:\/\/medicinasinc.com\/fr\/wp-content\/uploads\/sites\/5\/2022\/02\/Buy-HulkBerry-Marijuana.jpg\" \/>\n\t<meta property=\"og:image:width\" content=\"2560\" \/>\n\t<meta property=\"og:image:height\" content=\"1920\" \/>\n\t<meta property=\"og:image:type\" content=\"image\/jpeg\" \/>\n<meta name=\"twitter:card\" content=\"summary_large_image\" \/>\n<meta name=\"twitter:label1\" content=\"Est. reading time\" \/>\n\t<meta name=\"twitter:data1\" content=\"1 minute\" \/>\n<script type=\"application\/ld+json\" class=\"yoast-schema-graph\">{\"@context\":\"https:\\\/\\\/schema.org\",\"@graph\":[{\"@type\":\"WebPage\",\"@id\":\"https:\\\/\\\/medicinasinc.com\\\/fr\\\/product\\\/acheter-hulkberry-marijuana\\\/\",\"url\":\"https:\\\/\\\/medicinasinc.com\\\/fr\\\/product\\\/acheter-hulkberry-marijuana\\\/\",\"name\":\"Acheter HulkBerry Kush Marijuana - Meilleurs meilleurs m\u00e9dicaments mondiaux\",\"isPartOf\":{\"@id\":\"https:\\\/\\\/medicinasinc.com\\\/fr\\\/#website\"},\"primaryImageOfPage\":{\"@id\":\"https:\\\/\\\/medicinasinc.com\\\/fr\\\/product\\\/acheter-hulkberry-marijuana\\\/#primaryimage\"},\"image\":{\"@id\":\"https:\\\/\\\/medicinasinc.com\\\/fr\\\/product\\\/acheter-hulkberry-marijuana\\\/#primaryimage\"},\"thumbnailUrl\":\"https:\\\/\\\/medicinasinc.com\\\/fr\\\/wp-content\\\/uploads\\\/sites\\\/5\\\/2022\\\/02\\\/Buy-HulkBerry-Marijuana.jpg\",\"datePublished\":\"2022-02-20T17:52:26+00:00\",\"dateModified\":\"2022-03-17T12:17:34+00:00\",\"description\":\"Achetez de la marijuana HulkBerry Kush \u00e0 vendre en ligne. HulkBerry Kush est un hybride \u00e0 dominance sativa \u2013 70 % Sativa \\\/ 30 % Indica THC : 21 % \u2013 25 %\",\"breadcrumb\":{\"@id\":\"https:\\\/\\\/medicinasinc.com\\\/fr\\\/product\\\/acheter-hulkberry-marijuana\\\/#breadcrumb\"},\"inLanguage\":\"en-US\",\"potentialAction\":[{\"@type\":\"ReadAction\",\"target\":[\"https:\\\/\\\/medicinasinc.com\\\/fr\\\/product\\\/acheter-hulkberry-marijuana\\\/\"]}]},{\"@type\":\"ImageObject\",\"inLanguage\":\"en-US\",\"@id\":\"https:\\\/\\\/medicinasinc.com\\\/fr\\\/product\\\/acheter-hulkberry-marijuana\\\/#primaryimage\",\"url\":\"https:\\\/\\\/medicinasinc.com\\\/fr\\\/wp-content\\\/uploads\\\/sites\\\/5\\\/2022\\\/02\\\/Buy-HulkBerry-Marijuana.jpg\",\"contentUrl\":\"https:\\\/\\\/medicinasinc.com\\\/fr\\\/wp-content\\\/uploads\\\/sites\\\/5\\\/2022\\\/02\\\/Buy-HulkBerry-Marijuana.jpg\",\"width\":2560,\"height\":1920},{\"@type\":\"BreadcrumbList\",\"@id\":\"https:\\\/\\\/medicinasinc.com\\\/fr\\\/product\\\/acheter-hulkberry-marijuana\\\/#breadcrumb\",\"itemListElement\":[{\"@type\":\"ListItem\",\"position\":1,\"name\":\"Boutique\",\"item\":\"https:\\\/\\\/medicinasinc.com\\\/fr\\\/boutique\\\/\"},{\"@type\":\"ListItem\",\"position\":2,\"name\":\"Acheter de la marijuana HulkBerry\"}]},{\"@type\":\"WebSite\",\"@id\":\"https:\\\/\\\/medicinasinc.com\\\/fr\\\/#website\",\"url\":\"https:\\\/\\\/medicinasinc.com\\\/fr\\\/\",\"name\":\"Medicinas Inc\",\"description\":\"Health Medical Clinic\",\"potentialAction\":[{\"@type\":\"SearchAction\",\"target\":{\"@type\":\"EntryPoint\",\"urlTemplate\":\"https:\\\/\\\/medicinasinc.com\\\/fr\\\/?s={search_term_string}\"},\"query-input\":{\"@type\":\"PropertyValueSpecification\",\"valueRequired\":true,\"valueName\":\"search_term_string\"}}],\"inLanguage\":\"en-US\"}]}<\/script>\n<!-- \/ Yoast SEO plugin. -->","yoast_head_json":{"title":"Acheter HulkBerry Kush Marijuana - Meilleurs meilleurs m\u00e9dicaments mondiaux","description":"Achetez de la marijuana HulkBerry Kush \u00e0 vendre en ligne. HulkBerry Kush est un hybride \u00e0 dominance sativa \u2013 70 % Sativa \/ 30 % Indica THC : 21 % \u2013 25 %","robots":{"index":"index","follow":"follow","max-snippet":"max-snippet:-1","max-image-preview":"max-image-preview:large","max-video-preview":"max-video-preview:-1"},"canonical":"https:\/\/medicinasinc.com\/fr\/product\/acheter-hulkberry-marijuana\/","og_locale":"en_US","og_type":"article","og_title":"Acheter HulkBerry Kush Marijuana - Meilleurs meilleurs m\u00e9dicaments mondiaux","og_description":"Achetez de la marijuana HulkBerry Kush \u00e0 vendre en ligne. HulkBerry Kush est un hybride \u00e0 dominance sativa \u2013 70 % Sativa \/ 30 % Indica THC : 21 % \u2013 25 %","og_url":"https:\/\/medicinasinc.com\/fr\/product\/acheter-hulkberry-marijuana\/","og_site_name":"Medicinas Inc","article_modified_time":"2022-03-17T12:17:34+00:00","og_image":[{"width":2560,"height":1920,"url":"https:\/\/medicinasinc.com\/fr\/wp-content\/uploads\/sites\/5\/2022\/02\/Buy-HulkBerry-Marijuana.jpg","type":"image\/jpeg"}],"twitter_card":"summary_large_image","twitter_misc":{"Est. reading time":"1 minute"},"schema":{"@context":"https:\/\/schema.org","@graph":[{"@type":"WebPage","@id":"https:\/\/medicinasinc.com\/fr\/product\/acheter-hulkberry-marijuana\/","url":"https:\/\/medicinasinc.com\/fr\/product\/acheter-hulkberry-marijuana\/","name":"Acheter HulkBerry Kush Marijuana - Meilleurs meilleurs m\u00e9dicaments mondiaux","isPartOf":{"@id":"https:\/\/medicinasinc.com\/fr\/#website"},"primaryImageOfPage":{"@id":"https:\/\/medicinasinc.com\/fr\/product\/acheter-hulkberry-marijuana\/#primaryimage"},"image":{"@id":"https:\/\/medicinasinc.com\/fr\/product\/acheter-hulkberry-marijuana\/#primaryimage"},"thumbnailUrl":"https:\/\/medicinasinc.com\/fr\/wp-content\/uploads\/sites\/5\/2022\/02\/Buy-HulkBerry-Marijuana.jpg","datePublished":"2022-02-20T17:52:26+00:00","dateModified":"2022-03-17T12:17:34+00:00","description":"Achetez de la marijuana HulkBerry Kush \u00e0 vendre en ligne. HulkBerry Kush est un hybride \u00e0 dominance sativa \u2013 70 % Sativa \/ 30 % Indica THC : 21 % \u2013 25 %","breadcrumb":{"@id":"https:\/\/medicinasinc.com\/fr\/product\/acheter-hulkberry-marijuana\/#breadcrumb"},"inLanguage":"en-US","potentialAction":[{"@type":"ReadAction","target":["https:\/\/medicinasinc.com\/fr\/product\/acheter-hulkberry-marijuana\/"]}]},{"@type":"ImageObject","inLanguage":"en-US","@id":"https:\/\/medicinasinc.com\/fr\/product\/acheter-hulkberry-marijuana\/#primaryimage","url":"https:\/\/medicinasinc.com\/fr\/wp-content\/uploads\/sites\/5\/2022\/02\/Buy-HulkBerry-Marijuana.jpg","contentUrl":"https:\/\/medicinasinc.com\/fr\/wp-content\/uploads\/sites\/5\/2022\/02\/Buy-HulkBerry-Marijuana.jpg","width":2560,"height":1920},{"@type":"BreadcrumbList","@id":"https:\/\/medicinasinc.com\/fr\/product\/acheter-hulkberry-marijuana\/#breadcrumb","itemListElement":[{"@type":"ListItem","position":1,"name":"Boutique","item":"https:\/\/medicinasinc.com\/fr\/boutique\/"},{"@type":"ListItem","position":2,"name":"Acheter de la marijuana HulkBerry"}]},{"@type":"WebSite","@id":"https:\/\/medicinasinc.com\/fr\/#website","url":"https:\/\/medicinasinc.com\/fr\/","name":"Medicinas Inc","description":"Health Medical Clinic","potentialAction":[{"@type":"SearchAction","target":{"@type":"EntryPoint","urlTemplate":"https:\/\/medicinasinc.com\/fr\/?s={search_term_string}"},"query-input":{"@type":"PropertyValueSpecification","valueRequired":true,"valueName":"search_term_string"}}],"inLanguage":"en-US"}]}},"_links":{"self":[{"href":"https:\/\/medicinasinc.com\/fr\/wp-json\/wp\/v2\/product\/4927","targetHints":{"allow":["GET"]}}],"collection":[{"href":"https:\/\/medicinasinc.com\/fr\/wp-json\/wp\/v2\/product"}],"about":[{"href":"https:\/\/medicinasinc.com\/fr\/wp-json\/wp\/v2\/types\/product"}],"replies":[{"embeddable":true,"href":"https:\/\/medicinasinc.com\/fr\/wp-json\/wp\/v2\/comments?post=4927"}],"wp:featuredmedia":[{"embeddable":true,"href":"https:\/\/medicinasinc.com\/fr\/wp-json\/wp\/v2\/media\/4939"}],"wp:attachment":[{"href":"https:\/\/medicinasinc.com\/fr\/wp-json\/wp\/v2\/media?parent=4927"}],"wp:term":[{"taxonomy":"product_brand","embeddable":true,"href":"https:\/\/medicinasinc.com\/fr\/wp-json\/wp\/v2\/product_brand?post=4927"},{"taxonomy":"product_cat","embeddable":true,"href":"https:\/\/medicinasinc.com\/fr\/wp-json\/wp\/v2\/product_cat?post=4927"},{"taxonomy":"product_tag","embeddable":true,"href":"https:\/\/medicinasinc.com\/fr\/wp-json\/wp\/v2\/product_tag?post=4927"}],"curies":[{"name":"wp","href":"https:\/\/api.w.org\/{rel}","templated":true}]}}