{"id":4912,"date":"2022-02-20T17:40:16","date_gmt":"2022-02-20T17:40:16","guid":{"rendered":"https:\/\/medicinasinc.com\/fr\/?post_type=product&#038;p=4912"},"modified":"2022-03-17T12:17:47","modified_gmt":"2022-03-17T12:17:47","slug":"acheter-blue-dream-souche","status":"publish","type":"product","link":"https:\/\/medicinasinc.com\/fr\/product\/acheter-blue-dream-souche\/","title":{"rendered":"Acheter la vari\u00e9t\u00e9 Blue Dream"},"content":{"rendered":"<p>La vari\u00e9t\u00e9 Blue Dream Sativa peut \u00eatre achet\u00e9e en ligne.<\/p>\n<p>La vari\u00e9t\u00e9 Blue Dream Sativa peut \u00eatre achet\u00e9e en ligne.<\/p>\n<p>60\u00a0% Sativa Dominant Hybrid Sativa \/ 40\u00a0% Indica<br \/> THC le contenu varie entre 17\u00a0% et 24\u00a0%, le contenu en CBD est de 2\u00a0% et le contenu en CBN est de 1\u00a0%.<\/p>\n<p>Les effets cr\u00e9atifs, \u00e9nergisants, euphoriques et joyeux peuvent att\u00e9nuer les sympt\u00f4mes du TDA\/TDAH, de l&#8217;anxi\u00e9t\u00e9 et du trouble bipolaire , douleurs chroniques, d\u00e9pression, fatigue, maux de t\u00eate et hyperactivit\u00e9.<br \/> Saveurs<br \/> Fruit\u00e9, baie, myrtille, herbes, sucr\u00e9, vanille<br \/> Ar\u00f4mes<br \/> Terreux, fruit\u00e9, sucr\u00e9 et vanille -saveur<\/p>\n","protected":false},"excerpt":{"rendered":"<p>Achetez Blue Dream Sativa AA avec la livraison gratuite vers n&#8217;importe quel endroit en Europe. BudStars est le magasin de marijuana en ligne le plus cot\u00e9 au monde. Recevez des rabais substantiels sur votre achat initial.<\/p>\n<p>La vari\u00e9t\u00e9 Blue Dream Sativa peut \u00eatre achet\u00e9e en ligne.<\/p>\n<p>Vous pouvez acheter de la marijuana en ligne avec ou sans carte de marijuana m\u00e9dicale. Marijuana par correspondance.<\/p>\n","protected":false},"featured_media":4926,"comment_status":"open","ping_status":"closed","template":"","meta":[],"product_brand":[],"product_cat":[778],"product_tag":[],"class_list":{"0":"post-4912","1":"product","2":"type-product","3":"status-publish","4":"has-post-thumbnail","6":"product_cat-mauvaises-herbes-a-vendre","8":"first","9":"instock","10":"shipping-taxable","11":"purchasable","12":"product-type-variable","13":"has-default-attributes"},"yoast_head":"<!-- This site is optimized with the Yoast SEO plugin v27.3 - https:\/\/yoast.com\/product\/yoast-seo-wordpress\/ -->\n<title>Acheter Blue Dream Strain - Meilleurs meilleurs m\u00e9dicaments mondiaux<\/title>\n<meta name=\"description\" content=\"Achetez la vari\u00e9t\u00e9 Blue Dream Sativa en vente en ligne. acheter de l&#039;herbe en ligne avec ou sans carte de marijuana m\u00e9dicale. Vente de marijuana par correspondance.\" \/>\n<meta name=\"robots\" content=\"index, follow, max-snippet:-1, max-image-preview:large, max-video-preview:-1\" \/>\n<link rel=\"canonical\" href=\"https:\/\/medicinasinc.com\/fr\/product\/acheter-blue-dream-souche\/\" \/>\n<meta property=\"og:locale\" content=\"en_US\" \/>\n<meta property=\"og:type\" content=\"article\" \/>\n<meta property=\"og:title\" content=\"Acheter Blue Dream Strain - Meilleurs meilleurs m\u00e9dicaments mondiaux\" \/>\n<meta property=\"og:description\" content=\"Achetez la vari\u00e9t\u00e9 Blue Dream Sativa en vente en ligne. acheter de l&#039;herbe en ligne avec ou sans carte de marijuana m\u00e9dicale. Vente de marijuana par correspondance.\" \/>\n<meta property=\"og:url\" content=\"https:\/\/medicinasinc.com\/fr\/product\/acheter-blue-dream-souche\/\" \/>\n<meta property=\"og:site_name\" content=\"Medicinas Inc\" \/>\n<meta property=\"article:modified_time\" content=\"2022-03-17T12:17:47+00:00\" \/>\n<meta property=\"og:image\" content=\"https:\/\/medicinasinc.com\/fr\/wp-content\/uploads\/sites\/5\/2022\/02\/Buy-Blue-Dream-Strain.jpg\" \/>\n\t<meta property=\"og:image:width\" content=\"225\" \/>\n\t<meta property=\"og:image:height\" content=\"225\" \/>\n\t<meta property=\"og:image:type\" content=\"image\/jpeg\" \/>\n<meta name=\"twitter:card\" content=\"summary_large_image\" \/>\n<meta name=\"twitter:label1\" content=\"Est. reading time\" \/>\n\t<meta name=\"twitter:data1\" content=\"1 minute\" \/>\n<script type=\"application\/ld+json\" class=\"yoast-schema-graph\">{\"@context\":\"https:\\\/\\\/schema.org\",\"@graph\":[{\"@type\":\"WebPage\",\"@id\":\"https:\\\/\\\/medicinasinc.com\\\/fr\\\/product\\\/acheter-blue-dream-souche\\\/\",\"url\":\"https:\\\/\\\/medicinasinc.com\\\/fr\\\/product\\\/acheter-blue-dream-souche\\\/\",\"name\":\"Acheter Blue Dream Strain - Meilleurs meilleurs m\u00e9dicaments mondiaux\",\"isPartOf\":{\"@id\":\"https:\\\/\\\/medicinasinc.com\\\/fr\\\/#website\"},\"primaryImageOfPage\":{\"@id\":\"https:\\\/\\\/medicinasinc.com\\\/fr\\\/product\\\/acheter-blue-dream-souche\\\/#primaryimage\"},\"image\":{\"@id\":\"https:\\\/\\\/medicinasinc.com\\\/fr\\\/product\\\/acheter-blue-dream-souche\\\/#primaryimage\"},\"thumbnailUrl\":\"https:\\\/\\\/medicinasinc.com\\\/fr\\\/wp-content\\\/uploads\\\/sites\\\/5\\\/2022\\\/02\\\/Buy-Blue-Dream-Strain.jpg\",\"datePublished\":\"2022-02-20T17:40:16+00:00\",\"dateModified\":\"2022-03-17T12:17:47+00:00\",\"description\":\"Achetez la vari\u00e9t\u00e9 Blue Dream Sativa en vente en ligne. acheter de l'herbe en ligne avec ou sans carte de marijuana m\u00e9dicale. Vente de marijuana par correspondance.\",\"breadcrumb\":{\"@id\":\"https:\\\/\\\/medicinasinc.com\\\/fr\\\/product\\\/acheter-blue-dream-souche\\\/#breadcrumb\"},\"inLanguage\":\"en-US\",\"potentialAction\":[{\"@type\":\"ReadAction\",\"target\":[\"https:\\\/\\\/medicinasinc.com\\\/fr\\\/product\\\/acheter-blue-dream-souche\\\/\"]}]},{\"@type\":\"ImageObject\",\"inLanguage\":\"en-US\",\"@id\":\"https:\\\/\\\/medicinasinc.com\\\/fr\\\/product\\\/acheter-blue-dream-souche\\\/#primaryimage\",\"url\":\"https:\\\/\\\/medicinasinc.com\\\/fr\\\/wp-content\\\/uploads\\\/sites\\\/5\\\/2022\\\/02\\\/Buy-Blue-Dream-Strain.jpg\",\"contentUrl\":\"https:\\\/\\\/medicinasinc.com\\\/fr\\\/wp-content\\\/uploads\\\/sites\\\/5\\\/2022\\\/02\\\/Buy-Blue-Dream-Strain.jpg\",\"width\":225,\"height\":225},{\"@type\":\"BreadcrumbList\",\"@id\":\"https:\\\/\\\/medicinasinc.com\\\/fr\\\/product\\\/acheter-blue-dream-souche\\\/#breadcrumb\",\"itemListElement\":[{\"@type\":\"ListItem\",\"position\":1,\"name\":\"Boutique\",\"item\":\"https:\\\/\\\/medicinasinc.com\\\/fr\\\/boutique\\\/\"},{\"@type\":\"ListItem\",\"position\":2,\"name\":\"Acheter la vari\u00e9t\u00e9 Blue Dream\"}]},{\"@type\":\"WebSite\",\"@id\":\"https:\\\/\\\/medicinasinc.com\\\/fr\\\/#website\",\"url\":\"https:\\\/\\\/medicinasinc.com\\\/fr\\\/\",\"name\":\"Medicinas Inc\",\"description\":\"Health Medical Clinic\",\"potentialAction\":[{\"@type\":\"SearchAction\",\"target\":{\"@type\":\"EntryPoint\",\"urlTemplate\":\"https:\\\/\\\/medicinasinc.com\\\/fr\\\/?s={search_term_string}\"},\"query-input\":{\"@type\":\"PropertyValueSpecification\",\"valueRequired\":true,\"valueName\":\"search_term_string\"}}],\"inLanguage\":\"en-US\"}]}<\/script>\n<!-- \/ Yoast SEO plugin. -->","yoast_head_json":{"title":"Acheter Blue Dream Strain - Meilleurs meilleurs m\u00e9dicaments mondiaux","description":"Achetez la vari\u00e9t\u00e9 Blue Dream Sativa en vente en ligne. acheter de l'herbe en ligne avec ou sans carte de marijuana m\u00e9dicale. Vente de marijuana par correspondance.","robots":{"index":"index","follow":"follow","max-snippet":"max-snippet:-1","max-image-preview":"max-image-preview:large","max-video-preview":"max-video-preview:-1"},"canonical":"https:\/\/medicinasinc.com\/fr\/product\/acheter-blue-dream-souche\/","og_locale":"en_US","og_type":"article","og_title":"Acheter Blue Dream Strain - Meilleurs meilleurs m\u00e9dicaments mondiaux","og_description":"Achetez la vari\u00e9t\u00e9 Blue Dream Sativa en vente en ligne. acheter de l'herbe en ligne avec ou sans carte de marijuana m\u00e9dicale. Vente de marijuana par correspondance.","og_url":"https:\/\/medicinasinc.com\/fr\/product\/acheter-blue-dream-souche\/","og_site_name":"Medicinas Inc","article_modified_time":"2022-03-17T12:17:47+00:00","og_image":[{"width":225,"height":225,"url":"https:\/\/medicinasinc.com\/fr\/wp-content\/uploads\/sites\/5\/2022\/02\/Buy-Blue-Dream-Strain.jpg","type":"image\/jpeg"}],"twitter_card":"summary_large_image","twitter_misc":{"Est. reading time":"1 minute"},"schema":{"@context":"https:\/\/schema.org","@graph":[{"@type":"WebPage","@id":"https:\/\/medicinasinc.com\/fr\/product\/acheter-blue-dream-souche\/","url":"https:\/\/medicinasinc.com\/fr\/product\/acheter-blue-dream-souche\/","name":"Acheter Blue Dream Strain - Meilleurs meilleurs m\u00e9dicaments mondiaux","isPartOf":{"@id":"https:\/\/medicinasinc.com\/fr\/#website"},"primaryImageOfPage":{"@id":"https:\/\/medicinasinc.com\/fr\/product\/acheter-blue-dream-souche\/#primaryimage"},"image":{"@id":"https:\/\/medicinasinc.com\/fr\/product\/acheter-blue-dream-souche\/#primaryimage"},"thumbnailUrl":"https:\/\/medicinasinc.com\/fr\/wp-content\/uploads\/sites\/5\/2022\/02\/Buy-Blue-Dream-Strain.jpg","datePublished":"2022-02-20T17:40:16+00:00","dateModified":"2022-03-17T12:17:47+00:00","description":"Achetez la vari\u00e9t\u00e9 Blue Dream Sativa en vente en ligne. acheter de l'herbe en ligne avec ou sans carte de marijuana m\u00e9dicale. Vente de marijuana par correspondance.","breadcrumb":{"@id":"https:\/\/medicinasinc.com\/fr\/product\/acheter-blue-dream-souche\/#breadcrumb"},"inLanguage":"en-US","potentialAction":[{"@type":"ReadAction","target":["https:\/\/medicinasinc.com\/fr\/product\/acheter-blue-dream-souche\/"]}]},{"@type":"ImageObject","inLanguage":"en-US","@id":"https:\/\/medicinasinc.com\/fr\/product\/acheter-blue-dream-souche\/#primaryimage","url":"https:\/\/medicinasinc.com\/fr\/wp-content\/uploads\/sites\/5\/2022\/02\/Buy-Blue-Dream-Strain.jpg","contentUrl":"https:\/\/medicinasinc.com\/fr\/wp-content\/uploads\/sites\/5\/2022\/02\/Buy-Blue-Dream-Strain.jpg","width":225,"height":225},{"@type":"BreadcrumbList","@id":"https:\/\/medicinasinc.com\/fr\/product\/acheter-blue-dream-souche\/#breadcrumb","itemListElement":[{"@type":"ListItem","position":1,"name":"Boutique","item":"https:\/\/medicinasinc.com\/fr\/boutique\/"},{"@type":"ListItem","position":2,"name":"Acheter la vari\u00e9t\u00e9 Blue Dream"}]},{"@type":"WebSite","@id":"https:\/\/medicinasinc.com\/fr\/#website","url":"https:\/\/medicinasinc.com\/fr\/","name":"Medicinas Inc","description":"Health Medical Clinic","potentialAction":[{"@type":"SearchAction","target":{"@type":"EntryPoint","urlTemplate":"https:\/\/medicinasinc.com\/fr\/?s={search_term_string}"},"query-input":{"@type":"PropertyValueSpecification","valueRequired":true,"valueName":"search_term_string"}}],"inLanguage":"en-US"}]}},"_links":{"self":[{"href":"https:\/\/medicinasinc.com\/fr\/wp-json\/wp\/v2\/product\/4912","targetHints":{"allow":["GET"]}}],"collection":[{"href":"https:\/\/medicinasinc.com\/fr\/wp-json\/wp\/v2\/product"}],"about":[{"href":"https:\/\/medicinasinc.com\/fr\/wp-json\/wp\/v2\/types\/product"}],"replies":[{"embeddable":true,"href":"https:\/\/medicinasinc.com\/fr\/wp-json\/wp\/v2\/comments?post=4912"}],"wp:featuredmedia":[{"embeddable":true,"href":"https:\/\/medicinasinc.com\/fr\/wp-json\/wp\/v2\/media\/4926"}],"wp:attachment":[{"href":"https:\/\/medicinasinc.com\/fr\/wp-json\/wp\/v2\/media?parent=4912"}],"wp:term":[{"taxonomy":"product_brand","embeddable":true,"href":"https:\/\/medicinasinc.com\/fr\/wp-json\/wp\/v2\/product_brand?post=4912"},{"taxonomy":"product_cat","embeddable":true,"href":"https:\/\/medicinasinc.com\/fr\/wp-json\/wp\/v2\/product_cat?post=4912"},{"taxonomy":"product_tag","embeddable":true,"href":"https:\/\/medicinasinc.com\/fr\/wp-json\/wp\/v2\/product_tag?post=4912"}],"curies":[{"name":"wp","href":"https:\/\/api.w.org\/{rel}","templated":true}]}}