{"id":4908,"date":"2022-02-20T17:37:57","date_gmt":"2022-02-20T17:37:57","guid":{"rendered":"https:\/\/medicinasinc.com\/fr\/?post_type=product&#038;p=4908"},"modified":"2022-03-17T12:18:06","modified_gmt":"2022-03-17T12:18:06","slug":"acheter-triple-souche-g","status":"publish","type":"product","link":"https:\/\/medicinasinc.com\/fr\/product\/acheter-triple-souche-g\/","title":{"rendered":"Acheter la souche Triple G"},"content":{"rendered":"<p>Concernant cette vari\u00e9t\u00e9 hybride<\/p>\n<p>Triple G, \u00e9galement connue sous le nom de Ghost OG, produit des bourgeons parfum\u00e9s, tropicaux, mais l\u00e9g\u00e8rement skunky, avec des nuances fra\u00eeches et terreuses. En raison de sa dominance indica, certaines t\u00eates peuvent pr\u00e9senter des teintes violettes profondes et attrayantes. Lorsqu&#8217;elle est fum\u00e9e ou vaporis\u00e9e, la saveur penche vers une saveur douce mais semblable \u00e0 celle du citron vert.<\/p>\n<p>Les niveaux de THC se situent g\u00e9n\u00e9ralement entre le bas et le milieu de la vingtaine, et de nombreux critiques s&#8217;extasient sur le potentiel de cette vari\u00e9t\u00e9 pour la douleur terne associ\u00e9e \u00e0 une vari\u00e9t\u00e9 des conditions et des sympt\u00f4mes, y compris l&#8217;inconfort de la colonne vert\u00e9brale.<\/p>\n<p>De plus, les fans de Triple G ont d\u00e9clar\u00e9 que c&#8217;est une excellente vari\u00e9t\u00e9 pour calmer les nerfs, soulager le stress psychologique et permettre \u00e0 l&#8217;esprit de se reposer de l&#8217;assaut des pens\u00e9es qui gardez-nous \u00e9veill\u00e9s la nuit.<\/p>\n<p>Cette vari\u00e9t\u00e9 \u00e0 dominance indica peut induire la faim ou la s\u00e9dation, alors gardez des collations saines \u00e0 port\u00e9e de main et un endroit confortable pour vous d\u00e9tendre ou dormir \u00e0 proximit\u00e9.<\/p>\n<p>Achetez Blue Dream Sativa AA avec livraison gratuite vers n&#8217;importe quel endroit en Europe. BudStars est le magasin de cannabis en ligne class\u00e9 n\u00b01 au monde. Recevez des rabais substantiels sur votre achat initial.<\/p>\n<p>La vari\u00e9t\u00e9 Blue Dream Sativa peut \u00eatre achet\u00e9e en ligne.<\/p>\n<p>Vous pouvez acheter de la marijuana en ligne avec ou sans carte de marijuana m\u00e9dicale. Marijuana par correspondance.<\/p>\n","protected":false},"excerpt":{"rendered":"<p>Acheter la souche Triple G \u00e0 vendre est un hybride et un croisement entre deux souches l\u00e9gendaires dans la communaut\u00e9 du cannabis\u00a0: Gorilla Glue et Gelato.<\/p>\n<table>\n<caption>Donn\u00e9es de laboratoire sur les cannabino\u00efdes<\/caption>\n<thead>\n<tr>\n<th>Cannabino\u00efde<\/th>\n<th>Quantit\u00e9<\/th>\n<\/tr>\n<\/thead>\n<tbody>\n<tr>\n<td>THC\u00a0:<\/td>\n<td>21,69\u00a0%<\/td>\n<\/tr>\n<tr>\n<td>\u03949-THC\u00a0:<\/td>\n<td>1,04\u00a0%<\/td>\n<\/tr>\n<tr>\n<td>THC-A\u00a0:<\/td>\n<td>23,54\u00a0% <\/td>\n<\/tr>\n<\/tbody>\n<\/table>\n<p>&nbsp;<\/p>\n<table>\n<caption>Donn\u00e9es de laboratoire sur les terp\u00e8nes<\/caption>\n<thead>\n<tr>\n<th>Terp\u00e8ne<\/th>\n<th>Quantit\u00e9<\/th>\n<\/tr>\n<\/thead>\n<tbody>\n<tr>\n<td>Limon\u00e8ne\u00a0:<\/td>\n<td>0,68\u00a0%<\/td>\n<\/tr>\n<tr>\n<td>B\u00eata Caryophyll\u00e8ne\u00a0:<\/td>\n<td>0,27\u00a0%<\/td>\n<\/tr>\n<tr>\n<td>B\u00eata Myrc\u00e8ne\u00a0:<\/td>\n<td>0,22\u00a0%<\/td>\n<\/tr>\n<\/tbody>\n<\/table>\n","protected":false},"featured_media":4922,"comment_status":"open","ping_status":"closed","template":"","meta":[],"product_brand":[],"product_cat":[778],"product_tag":[787,789,792,788,793,794,790,791],"class_list":{"0":"post-4908","1":"product","2":"type-product","3":"status-publish","4":"has-post-thumbnail","6":"product_cat-mauvaises-herbes-a-vendre","7":"product_tag-ggg-souche","8":"product_tag-la-patron-souche-feuille","9":"product_tag-priode-de-floraison-de-la-souche-triple-g","10":"product_tag-hulkberry-souche","11":"product_tag-triple-g-souche-feuille","12":"product_tag-triple-g-souche-prs-de-moi","13":"product_tag-triple-g-grow-diary","14":"product_tag-triple-g-souche-allbud","16":"first","17":"instock","18":"shipping-taxable","19":"purchasable","20":"product-type-variable","21":"has-default-attributes"},"yoast_head":"<!-- This site is optimized with the Yoast SEO plugin v27.3 - https:\/\/yoast.com\/product\/yoast-seo-wordpress\/ -->\n<title>Acheter Triple G Strain - Meilleurs meilleurs m\u00e9dicaments mondiaux<\/title>\n<meta name=\"description\" content=\"Acheter la souche Triple G \u00e0 vendre est un hybride et un croisement entre deux souches puissantes qui sont devenues des noms familiers dans la communaut\u00e9 du cannabis : Gorilla Glue et Gelato.\" \/>\n<meta name=\"robots\" content=\"index, follow, max-snippet:-1, max-image-preview:large, max-video-preview:-1\" \/>\n<link rel=\"canonical\" href=\"https:\/\/medicinasinc.com\/fr\/product\/acheter-triple-souche-g\/\" \/>\n<meta property=\"og:locale\" content=\"en_US\" \/>\n<meta property=\"og:type\" content=\"article\" \/>\n<meta property=\"og:title\" content=\"Acheter Triple G Strain - Meilleurs meilleurs m\u00e9dicaments mondiaux\" \/>\n<meta property=\"og:description\" content=\"Acheter la souche Triple G \u00e0 vendre est un hybride et un croisement entre deux souches puissantes qui sont devenues des noms familiers dans la communaut\u00e9 du cannabis : Gorilla Glue et Gelato.\" \/>\n<meta property=\"og:url\" content=\"https:\/\/medicinasinc.com\/fr\/product\/acheter-triple-souche-g\/\" \/>\n<meta property=\"og:site_name\" content=\"Medicinas Inc\" \/>\n<meta property=\"article:modified_time\" content=\"2022-03-17T12:18:06+00:00\" \/>\n<meta property=\"og:image\" content=\"https:\/\/medicinasinc.com\/fr\/wp-content\/uploads\/sites\/5\/2022\/02\/Buy-Triple-G-Strain-1.jpg\" \/>\n\t<meta property=\"og:image:width\" content=\"800\" \/>\n\t<meta property=\"og:image:height\" content=\"800\" \/>\n\t<meta property=\"og:image:type\" content=\"image\/jpeg\" \/>\n<meta name=\"twitter:card\" content=\"summary_large_image\" \/>\n<meta name=\"twitter:label1\" content=\"Est. reading time\" \/>\n\t<meta name=\"twitter:data1\" content=\"1 minute\" \/>\n<script type=\"application\/ld+json\" class=\"yoast-schema-graph\">{\"@context\":\"https:\\\/\\\/schema.org\",\"@graph\":[{\"@type\":\"WebPage\",\"@id\":\"https:\\\/\\\/medicinasinc.com\\\/fr\\\/product\\\/acheter-triple-souche-g\\\/\",\"url\":\"https:\\\/\\\/medicinasinc.com\\\/fr\\\/product\\\/acheter-triple-souche-g\\\/\",\"name\":\"Acheter Triple G Strain - Meilleurs meilleurs m\u00e9dicaments mondiaux\",\"isPartOf\":{\"@id\":\"https:\\\/\\\/medicinasinc.com\\\/fr\\\/#website\"},\"primaryImageOfPage\":{\"@id\":\"https:\\\/\\\/medicinasinc.com\\\/fr\\\/product\\\/acheter-triple-souche-g\\\/#primaryimage\"},\"image\":{\"@id\":\"https:\\\/\\\/medicinasinc.com\\\/fr\\\/product\\\/acheter-triple-souche-g\\\/#primaryimage\"},\"thumbnailUrl\":\"https:\\\/\\\/medicinasinc.com\\\/fr\\\/wp-content\\\/uploads\\\/sites\\\/5\\\/2022\\\/02\\\/Buy-Triple-G-Strain-1.jpg\",\"datePublished\":\"2022-02-20T17:37:57+00:00\",\"dateModified\":\"2022-03-17T12:18:06+00:00\",\"description\":\"Acheter la souche Triple G \u00e0 vendre est un hybride et un croisement entre deux souches puissantes qui sont devenues des noms familiers dans la communaut\u00e9 du cannabis : Gorilla Glue et Gelato.\",\"breadcrumb\":{\"@id\":\"https:\\\/\\\/medicinasinc.com\\\/fr\\\/product\\\/acheter-triple-souche-g\\\/#breadcrumb\"},\"inLanguage\":\"en-US\",\"potentialAction\":[{\"@type\":\"ReadAction\",\"target\":[\"https:\\\/\\\/medicinasinc.com\\\/fr\\\/product\\\/acheter-triple-souche-g\\\/\"]}]},{\"@type\":\"ImageObject\",\"inLanguage\":\"en-US\",\"@id\":\"https:\\\/\\\/medicinasinc.com\\\/fr\\\/product\\\/acheter-triple-souche-g\\\/#primaryimage\",\"url\":\"https:\\\/\\\/medicinasinc.com\\\/fr\\\/wp-content\\\/uploads\\\/sites\\\/5\\\/2022\\\/02\\\/Buy-Triple-G-Strain-1.jpg\",\"contentUrl\":\"https:\\\/\\\/medicinasinc.com\\\/fr\\\/wp-content\\\/uploads\\\/sites\\\/5\\\/2022\\\/02\\\/Buy-Triple-G-Strain-1.jpg\",\"width\":800,\"height\":800},{\"@type\":\"BreadcrumbList\",\"@id\":\"https:\\\/\\\/medicinasinc.com\\\/fr\\\/product\\\/acheter-triple-souche-g\\\/#breadcrumb\",\"itemListElement\":[{\"@type\":\"ListItem\",\"position\":1,\"name\":\"Boutique\",\"item\":\"https:\\\/\\\/medicinasinc.com\\\/fr\\\/boutique\\\/\"},{\"@type\":\"ListItem\",\"position\":2,\"name\":\"Acheter la souche Triple G\"}]},{\"@type\":\"WebSite\",\"@id\":\"https:\\\/\\\/medicinasinc.com\\\/fr\\\/#website\",\"url\":\"https:\\\/\\\/medicinasinc.com\\\/fr\\\/\",\"name\":\"Medicinas Inc\",\"description\":\"Health Medical Clinic\",\"potentialAction\":[{\"@type\":\"SearchAction\",\"target\":{\"@type\":\"EntryPoint\",\"urlTemplate\":\"https:\\\/\\\/medicinasinc.com\\\/fr\\\/?s={search_term_string}\"},\"query-input\":{\"@type\":\"PropertyValueSpecification\",\"valueRequired\":true,\"valueName\":\"search_term_string\"}}],\"inLanguage\":\"en-US\"}]}<\/script>\n<!-- \/ Yoast SEO plugin. -->","yoast_head_json":{"title":"Acheter Triple G Strain - Meilleurs meilleurs m\u00e9dicaments mondiaux","description":"Acheter la souche Triple G \u00e0 vendre est un hybride et un croisement entre deux souches puissantes qui sont devenues des noms familiers dans la communaut\u00e9 du cannabis : Gorilla Glue et Gelato.","robots":{"index":"index","follow":"follow","max-snippet":"max-snippet:-1","max-image-preview":"max-image-preview:large","max-video-preview":"max-video-preview:-1"},"canonical":"https:\/\/medicinasinc.com\/fr\/product\/acheter-triple-souche-g\/","og_locale":"en_US","og_type":"article","og_title":"Acheter Triple G Strain - Meilleurs meilleurs m\u00e9dicaments mondiaux","og_description":"Acheter la souche Triple G \u00e0 vendre est un hybride et un croisement entre deux souches puissantes qui sont devenues des noms familiers dans la communaut\u00e9 du cannabis : Gorilla Glue et Gelato.","og_url":"https:\/\/medicinasinc.com\/fr\/product\/acheter-triple-souche-g\/","og_site_name":"Medicinas Inc","article_modified_time":"2022-03-17T12:18:06+00:00","og_image":[{"width":800,"height":800,"url":"https:\/\/medicinasinc.com\/fr\/wp-content\/uploads\/sites\/5\/2022\/02\/Buy-Triple-G-Strain-1.jpg","type":"image\/jpeg"}],"twitter_card":"summary_large_image","twitter_misc":{"Est. reading time":"1 minute"},"schema":{"@context":"https:\/\/schema.org","@graph":[{"@type":"WebPage","@id":"https:\/\/medicinasinc.com\/fr\/product\/acheter-triple-souche-g\/","url":"https:\/\/medicinasinc.com\/fr\/product\/acheter-triple-souche-g\/","name":"Acheter Triple G Strain - Meilleurs meilleurs m\u00e9dicaments mondiaux","isPartOf":{"@id":"https:\/\/medicinasinc.com\/fr\/#website"},"primaryImageOfPage":{"@id":"https:\/\/medicinasinc.com\/fr\/product\/acheter-triple-souche-g\/#primaryimage"},"image":{"@id":"https:\/\/medicinasinc.com\/fr\/product\/acheter-triple-souche-g\/#primaryimage"},"thumbnailUrl":"https:\/\/medicinasinc.com\/fr\/wp-content\/uploads\/sites\/5\/2022\/02\/Buy-Triple-G-Strain-1.jpg","datePublished":"2022-02-20T17:37:57+00:00","dateModified":"2022-03-17T12:18:06+00:00","description":"Acheter la souche Triple G \u00e0 vendre est un hybride et un croisement entre deux souches puissantes qui sont devenues des noms familiers dans la communaut\u00e9 du cannabis : Gorilla Glue et Gelato.","breadcrumb":{"@id":"https:\/\/medicinasinc.com\/fr\/product\/acheter-triple-souche-g\/#breadcrumb"},"inLanguage":"en-US","potentialAction":[{"@type":"ReadAction","target":["https:\/\/medicinasinc.com\/fr\/product\/acheter-triple-souche-g\/"]}]},{"@type":"ImageObject","inLanguage":"en-US","@id":"https:\/\/medicinasinc.com\/fr\/product\/acheter-triple-souche-g\/#primaryimage","url":"https:\/\/medicinasinc.com\/fr\/wp-content\/uploads\/sites\/5\/2022\/02\/Buy-Triple-G-Strain-1.jpg","contentUrl":"https:\/\/medicinasinc.com\/fr\/wp-content\/uploads\/sites\/5\/2022\/02\/Buy-Triple-G-Strain-1.jpg","width":800,"height":800},{"@type":"BreadcrumbList","@id":"https:\/\/medicinasinc.com\/fr\/product\/acheter-triple-souche-g\/#breadcrumb","itemListElement":[{"@type":"ListItem","position":1,"name":"Boutique","item":"https:\/\/medicinasinc.com\/fr\/boutique\/"},{"@type":"ListItem","position":2,"name":"Acheter la souche Triple G"}]},{"@type":"WebSite","@id":"https:\/\/medicinasinc.com\/fr\/#website","url":"https:\/\/medicinasinc.com\/fr\/","name":"Medicinas Inc","description":"Health Medical Clinic","potentialAction":[{"@type":"SearchAction","target":{"@type":"EntryPoint","urlTemplate":"https:\/\/medicinasinc.com\/fr\/?s={search_term_string}"},"query-input":{"@type":"PropertyValueSpecification","valueRequired":true,"valueName":"search_term_string"}}],"inLanguage":"en-US"}]}},"_links":{"self":[{"href":"https:\/\/medicinasinc.com\/fr\/wp-json\/wp\/v2\/product\/4908","targetHints":{"allow":["GET"]}}],"collection":[{"href":"https:\/\/medicinasinc.com\/fr\/wp-json\/wp\/v2\/product"}],"about":[{"href":"https:\/\/medicinasinc.com\/fr\/wp-json\/wp\/v2\/types\/product"}],"replies":[{"embeddable":true,"href":"https:\/\/medicinasinc.com\/fr\/wp-json\/wp\/v2\/comments?post=4908"}],"wp:featuredmedia":[{"embeddable":true,"href":"https:\/\/medicinasinc.com\/fr\/wp-json\/wp\/v2\/media\/4922"}],"wp:attachment":[{"href":"https:\/\/medicinasinc.com\/fr\/wp-json\/wp\/v2\/media?parent=4908"}],"wp:term":[{"taxonomy":"product_brand","embeddable":true,"href":"https:\/\/medicinasinc.com\/fr\/wp-json\/wp\/v2\/product_brand?post=4908"},{"taxonomy":"product_cat","embeddable":true,"href":"https:\/\/medicinasinc.com\/fr\/wp-json\/wp\/v2\/product_cat?post=4908"},{"taxonomy":"product_tag","embeddable":true,"href":"https:\/\/medicinasinc.com\/fr\/wp-json\/wp\/v2\/product_tag?post=4908"}],"curies":[{"name":"wp","href":"https:\/\/api.w.org\/{rel}","templated":true}]}}