{"id":4896,"date":"2022-02-20T17:28:28","date_gmt":"2022-02-20T17:28:28","guid":{"rendered":"https:\/\/medicinasinc.com\/fr\/?post_type=product&#038;p=4896"},"modified":"2022-03-17T12:18:19","modified_gmt":"2022-03-17T12:18:19","slug":"acheter-apollo-11-marijuana","status":"publish","type":"product","link":"https:\/\/medicinasinc.com\/fr\/product\/acheter-apollo-11-marijuana\/","title":{"rendered":"Acheter de la marijuana Apollo 11"},"content":{"rendered":"<div class=\"woocommerce-tabs wc-tabs-wrapper\">\n<div id=\"tab-description\" class=\"woocommerce-Tabs-panel woocommerce-Tabs-panel--description panel entry-content wc-tab\" role=\"tabpanel\" aria-labelledby=\"tab-title-description\">\n<p>ACHETER LA SOUCHE APOLLO 11 DE MARIJUANA<\/p>\n<p>Apollo 11 est une vari\u00e9t\u00e9 de cannabis hybride tr\u00e8s puissante avec de puissants effets c\u00e9r\u00e9braux qui peuvent donner l&#8217;impression que votre t\u00eate s&#8217;il est sur le point d&#8217;atterrir sur la lune. La souche de marijuana Apollo 11 a un effet calmant et une forte sensation de relaxation physique. Les bourgeons sont allong\u00e9s, vert p\u00e2le et extr\u00eamement r\u00e9sineux.<\/p>\n<p>COMMENT UTILISER LA SOUCHE MARIJUANA APOLLO 11\u00a0?<\/p>\n<p>Apollo 11 convient pour fumer dans un joint, un bang, une pipe ou un bol. <\/p>\n<p>Les cannabino\u00efdes sont absorb\u00e9s dans la circulation sanguine lorsque la fum\u00e9e p\u00e9n\u00e8tre dans les poumons. Ce d\u00e9lice de l&#8217;apr\u00e8s-midi est \u00e9nergisant et cr\u00e9atif, et il peut vous aider \u00e0 \u00e9liminer les bavardages mentaux et \u00e0 vous concentrer sur ce qui est directement devant vous.<\/p>\n<p>QUELS SONT LES EFFETS SECONDAIRES DE LA SOUCHE DE MARIJUANA APOLLO 11\u00a0?<\/p>\n<p>Apr\u00e8s avoir fum\u00e9 Apollo 11, vous pouvez rencontrer les difficult\u00e9s suivantes\u00a0:<br \/> \u2022 Vertiges \u2022 Pertes de conscience \u2022 Bouche s\u00e8che \u2022 Yeux secs \u2022 Perte d&#8217;app\u00e9tit<\/p>\n<p>QUELLES SONT LES INTERACTIONS DE LA SOUCHE DE MARIJUANA APOLLO 11\u00a0?<\/p>\n<p>Interaction avec la maladie\u00a0:<br \/> \u2022 Probl\u00e8mes cardiovasculaires<br \/> \u2022 Difficult\u00e9s sexuelles<\/p>\n<p>Les interactions aliments\/m\u00e9dicaments comprennent les \u00e9l\u00e9ments suivants\u00a0: \u2022 Alcool \u2022 St\u00e9ro\u00efdes<\/p>\n<p>QUOI EST LE MEILLEUR ENDROIT POUR ACHETER LA SOUCHE DE MARIJUANA APOLLO 11\u00a0?<\/p>\n<p>Le fournisseur de cannabis OTC est la meilleure pharmacie en ligne qui ne vend que des produits authentiques et de haute qualit\u00e9. Vous pouvez acheter du cannabis Apollo 11 en ligne. Achetez la souche Apollo 11 aux meilleurs prix disponibles ici.<\/p>\n<\/p><\/div><\/div>\n","protected":false},"excerpt":{"rendered":"<div class=\"woocommerce-product-details__short-description\">\n<p>Achetez la souche de marijuana Apollo 11. Cette fleur psychoactive est riche en THC et vous mettra dans l&#8217;ambiance de l&#8217;amour.<\/p>\n<p>Achetez 1\/2 once de souche de marijuana Apollo 11. Apollo 11 est une vari\u00e9t\u00e9 \u00e0 dominante sativa qui pr\u00e9sente de longs bourgeons vert clair couverts de longs poils p\u00e2les. Les bourgeons sont extr\u00eamement r\u00e9sineux, ce qui donne une sensation collante dans la main. Cannabis \u00e0 vendre, o\u00f9 se procurer de la marijuana de la mission Apollo 11.<\/p>\n<\/p><\/div>\n","protected":false},"featured_media":4911,"comment_status":"open","ping_status":"closed","template":"","meta":[],"product_brand":[],"product_cat":[778],"product_tag":[],"class_list":{"0":"post-4896","1":"product","2":"type-product","3":"status-publish","4":"has-post-thumbnail","6":"product_cat-mauvaises-herbes-a-vendre","8":"first","9":"instock","10":"shipping-taxable","11":"purchasable","12":"product-type-variable","13":"has-default-attributes"},"yoast_head":"<!-- This site is optimized with the Yoast SEO plugin v27.3 - https:\/\/yoast.com\/product\/yoast-seo-wordpress\/ -->\n<title>Acheter de la marijuana Apollo 11 - Meilleurs meilleurs m\u00e9dicaments mondiaux<\/title>\n<meta name=\"description\" content=\"Achetez la souche de marijuana Apollo 11 \u00e0 vendre. Riche en THC, cette fleur psychoactive vous laissera dans l&#039;ambiance de l&#039;amour\" \/>\n<meta name=\"robots\" content=\"index, follow, max-snippet:-1, max-image-preview:large, max-video-preview:-1\" \/>\n<link rel=\"canonical\" href=\"https:\/\/medicinasinc.com\/fr\/product\/acheter-apollo-11-marijuana\/\" \/>\n<meta property=\"og:locale\" content=\"en_US\" \/>\n<meta property=\"og:type\" content=\"article\" \/>\n<meta property=\"og:title\" content=\"Acheter de la marijuana Apollo 11 - Meilleurs meilleurs m\u00e9dicaments mondiaux\" \/>\n<meta property=\"og:description\" content=\"Achetez la souche de marijuana Apollo 11 \u00e0 vendre. Riche en THC, cette fleur psychoactive vous laissera dans l&#039;ambiance de l&#039;amour\" \/>\n<meta property=\"og:url\" content=\"https:\/\/medicinasinc.com\/fr\/product\/acheter-apollo-11-marijuana\/\" \/>\n<meta property=\"og:site_name\" content=\"Medicinas Inc\" \/>\n<meta property=\"article:modified_time\" content=\"2022-03-17T12:18:19+00:00\" \/>\n<meta property=\"og:image\" content=\"https:\/\/medicinasinc.com\/fr\/wp-content\/uploads\/sites\/5\/2022\/02\/Buy-Apollo-11-Marijuana-1.jpg\" \/>\n\t<meta property=\"og:image:width\" content=\"243\" \/>\n\t<meta property=\"og:image:height\" content=\"207\" \/>\n\t<meta property=\"og:image:type\" content=\"image\/jpeg\" \/>\n<meta name=\"twitter:card\" content=\"summary_large_image\" \/>\n<meta name=\"twitter:label1\" content=\"Est. reading time\" \/>\n\t<meta name=\"twitter:data1\" content=\"1 minute\" \/>\n<script type=\"application\/ld+json\" class=\"yoast-schema-graph\">{\"@context\":\"https:\\\/\\\/schema.org\",\"@graph\":[{\"@type\":\"WebPage\",\"@id\":\"https:\\\/\\\/medicinasinc.com\\\/fr\\\/product\\\/acheter-apollo-11-marijuana\\\/\",\"url\":\"https:\\\/\\\/medicinasinc.com\\\/fr\\\/product\\\/acheter-apollo-11-marijuana\\\/\",\"name\":\"Acheter de la marijuana Apollo 11 - Meilleurs meilleurs m\u00e9dicaments mondiaux\",\"isPartOf\":{\"@id\":\"https:\\\/\\\/medicinasinc.com\\\/fr\\\/#website\"},\"primaryImageOfPage\":{\"@id\":\"https:\\\/\\\/medicinasinc.com\\\/fr\\\/product\\\/acheter-apollo-11-marijuana\\\/#primaryimage\"},\"image\":{\"@id\":\"https:\\\/\\\/medicinasinc.com\\\/fr\\\/product\\\/acheter-apollo-11-marijuana\\\/#primaryimage\"},\"thumbnailUrl\":\"https:\\\/\\\/medicinasinc.com\\\/fr\\\/wp-content\\\/uploads\\\/sites\\\/5\\\/2022\\\/02\\\/Buy-Apollo-11-Marijuana-1.jpg\",\"datePublished\":\"2022-02-20T17:28:28+00:00\",\"dateModified\":\"2022-03-17T12:18:19+00:00\",\"description\":\"Achetez la souche de marijuana Apollo 11 \u00e0 vendre. Riche en THC, cette fleur psychoactive vous laissera dans l'ambiance de l'amour\",\"breadcrumb\":{\"@id\":\"https:\\\/\\\/medicinasinc.com\\\/fr\\\/product\\\/acheter-apollo-11-marijuana\\\/#breadcrumb\"},\"inLanguage\":\"en-US\",\"potentialAction\":[{\"@type\":\"ReadAction\",\"target\":[\"https:\\\/\\\/medicinasinc.com\\\/fr\\\/product\\\/acheter-apollo-11-marijuana\\\/\"]}]},{\"@type\":\"ImageObject\",\"inLanguage\":\"en-US\",\"@id\":\"https:\\\/\\\/medicinasinc.com\\\/fr\\\/product\\\/acheter-apollo-11-marijuana\\\/#primaryimage\",\"url\":\"https:\\\/\\\/medicinasinc.com\\\/fr\\\/wp-content\\\/uploads\\\/sites\\\/5\\\/2022\\\/02\\\/Buy-Apollo-11-Marijuana-1.jpg\",\"contentUrl\":\"https:\\\/\\\/medicinasinc.com\\\/fr\\\/wp-content\\\/uploads\\\/sites\\\/5\\\/2022\\\/02\\\/Buy-Apollo-11-Marijuana-1.jpg\",\"width\":243,\"height\":207},{\"@type\":\"BreadcrumbList\",\"@id\":\"https:\\\/\\\/medicinasinc.com\\\/fr\\\/product\\\/acheter-apollo-11-marijuana\\\/#breadcrumb\",\"itemListElement\":[{\"@type\":\"ListItem\",\"position\":1,\"name\":\"Boutique\",\"item\":\"https:\\\/\\\/medicinasinc.com\\\/fr\\\/boutique\\\/\"},{\"@type\":\"ListItem\",\"position\":2,\"name\":\"Acheter de la marijuana Apollo 11\"}]},{\"@type\":\"WebSite\",\"@id\":\"https:\\\/\\\/medicinasinc.com\\\/fr\\\/#website\",\"url\":\"https:\\\/\\\/medicinasinc.com\\\/fr\\\/\",\"name\":\"Medicinas Inc\",\"description\":\"Health Medical Clinic\",\"potentialAction\":[{\"@type\":\"SearchAction\",\"target\":{\"@type\":\"EntryPoint\",\"urlTemplate\":\"https:\\\/\\\/medicinasinc.com\\\/fr\\\/?s={search_term_string}\"},\"query-input\":{\"@type\":\"PropertyValueSpecification\",\"valueRequired\":true,\"valueName\":\"search_term_string\"}}],\"inLanguage\":\"en-US\"}]}<\/script>\n<!-- \/ Yoast SEO plugin. -->","yoast_head_json":{"title":"Acheter de la marijuana Apollo 11 - Meilleurs meilleurs m\u00e9dicaments mondiaux","description":"Achetez la souche de marijuana Apollo 11 \u00e0 vendre. Riche en THC, cette fleur psychoactive vous laissera dans l'ambiance de l'amour","robots":{"index":"index","follow":"follow","max-snippet":"max-snippet:-1","max-image-preview":"max-image-preview:large","max-video-preview":"max-video-preview:-1"},"canonical":"https:\/\/medicinasinc.com\/fr\/product\/acheter-apollo-11-marijuana\/","og_locale":"en_US","og_type":"article","og_title":"Acheter de la marijuana Apollo 11 - Meilleurs meilleurs m\u00e9dicaments mondiaux","og_description":"Achetez la souche de marijuana Apollo 11 \u00e0 vendre. Riche en THC, cette fleur psychoactive vous laissera dans l'ambiance de l'amour","og_url":"https:\/\/medicinasinc.com\/fr\/product\/acheter-apollo-11-marijuana\/","og_site_name":"Medicinas Inc","article_modified_time":"2022-03-17T12:18:19+00:00","og_image":[{"width":243,"height":207,"url":"https:\/\/medicinasinc.com\/fr\/wp-content\/uploads\/sites\/5\/2022\/02\/Buy-Apollo-11-Marijuana-1.jpg","type":"image\/jpeg"}],"twitter_card":"summary_large_image","twitter_misc":{"Est. reading time":"1 minute"},"schema":{"@context":"https:\/\/schema.org","@graph":[{"@type":"WebPage","@id":"https:\/\/medicinasinc.com\/fr\/product\/acheter-apollo-11-marijuana\/","url":"https:\/\/medicinasinc.com\/fr\/product\/acheter-apollo-11-marijuana\/","name":"Acheter de la marijuana Apollo 11 - Meilleurs meilleurs m\u00e9dicaments mondiaux","isPartOf":{"@id":"https:\/\/medicinasinc.com\/fr\/#website"},"primaryImageOfPage":{"@id":"https:\/\/medicinasinc.com\/fr\/product\/acheter-apollo-11-marijuana\/#primaryimage"},"image":{"@id":"https:\/\/medicinasinc.com\/fr\/product\/acheter-apollo-11-marijuana\/#primaryimage"},"thumbnailUrl":"https:\/\/medicinasinc.com\/fr\/wp-content\/uploads\/sites\/5\/2022\/02\/Buy-Apollo-11-Marijuana-1.jpg","datePublished":"2022-02-20T17:28:28+00:00","dateModified":"2022-03-17T12:18:19+00:00","description":"Achetez la souche de marijuana Apollo 11 \u00e0 vendre. Riche en THC, cette fleur psychoactive vous laissera dans l'ambiance de l'amour","breadcrumb":{"@id":"https:\/\/medicinasinc.com\/fr\/product\/acheter-apollo-11-marijuana\/#breadcrumb"},"inLanguage":"en-US","potentialAction":[{"@type":"ReadAction","target":["https:\/\/medicinasinc.com\/fr\/product\/acheter-apollo-11-marijuana\/"]}]},{"@type":"ImageObject","inLanguage":"en-US","@id":"https:\/\/medicinasinc.com\/fr\/product\/acheter-apollo-11-marijuana\/#primaryimage","url":"https:\/\/medicinasinc.com\/fr\/wp-content\/uploads\/sites\/5\/2022\/02\/Buy-Apollo-11-Marijuana-1.jpg","contentUrl":"https:\/\/medicinasinc.com\/fr\/wp-content\/uploads\/sites\/5\/2022\/02\/Buy-Apollo-11-Marijuana-1.jpg","width":243,"height":207},{"@type":"BreadcrumbList","@id":"https:\/\/medicinasinc.com\/fr\/product\/acheter-apollo-11-marijuana\/#breadcrumb","itemListElement":[{"@type":"ListItem","position":1,"name":"Boutique","item":"https:\/\/medicinasinc.com\/fr\/boutique\/"},{"@type":"ListItem","position":2,"name":"Acheter de la marijuana Apollo 11"}]},{"@type":"WebSite","@id":"https:\/\/medicinasinc.com\/fr\/#website","url":"https:\/\/medicinasinc.com\/fr\/","name":"Medicinas Inc","description":"Health Medical Clinic","potentialAction":[{"@type":"SearchAction","target":{"@type":"EntryPoint","urlTemplate":"https:\/\/medicinasinc.com\/fr\/?s={search_term_string}"},"query-input":{"@type":"PropertyValueSpecification","valueRequired":true,"valueName":"search_term_string"}}],"inLanguage":"en-US"}]}},"_links":{"self":[{"href":"https:\/\/medicinasinc.com\/fr\/wp-json\/wp\/v2\/product\/4896","targetHints":{"allow":["GET"]}}],"collection":[{"href":"https:\/\/medicinasinc.com\/fr\/wp-json\/wp\/v2\/product"}],"about":[{"href":"https:\/\/medicinasinc.com\/fr\/wp-json\/wp\/v2\/types\/product"}],"replies":[{"embeddable":true,"href":"https:\/\/medicinasinc.com\/fr\/wp-json\/wp\/v2\/comments?post=4896"}],"wp:featuredmedia":[{"embeddable":true,"href":"https:\/\/medicinasinc.com\/fr\/wp-json\/wp\/v2\/media\/4911"}],"wp:attachment":[{"href":"https:\/\/medicinasinc.com\/fr\/wp-json\/wp\/v2\/media?parent=4896"}],"wp:term":[{"taxonomy":"product_brand","embeddable":true,"href":"https:\/\/medicinasinc.com\/fr\/wp-json\/wp\/v2\/product_brand?post=4896"},{"taxonomy":"product_cat","embeddable":true,"href":"https:\/\/medicinasinc.com\/fr\/wp-json\/wp\/v2\/product_cat?post=4896"},{"taxonomy":"product_tag","embeddable":true,"href":"https:\/\/medicinasinc.com\/fr\/wp-json\/wp\/v2\/product_tag?post=4896"}],"curies":[{"name":"wp","href":"https:\/\/api.w.org\/{rel}","templated":true}]}}