{"id":4884,"date":"2022-02-20T17:19:27","date_gmt":"2022-02-20T17:19:27","guid":{"rendered":"https:\/\/medicinasinc.com\/fr\/?post_type=product&#038;p=4884"},"modified":"2022-08-05T10:56:54","modified_gmt":"2022-08-05T10:56:54","slug":"acheter-white-widow-shatter","status":"publish","type":"product","link":"https:\/\/medicinasinc.com\/fr\/product\/acheter-white-widow-shatter\/","title":{"rendered":"Acheter White Widow Shatter"},"content":{"rendered":"<p>ACHETER EN LIGNE DANS LA MEILLEURE BOUTIQUE EN LIGNE WHITE WIDOW SHATTER<\/p>\n<p>Si vous cherchez \u00e0 acheter White Widow Shatter en ligne, contactez MJ Online Bud Store. Nous offrons les meilleurs prix sur White Widow Shatter. En tant que meilleur magasin sur le march\u00e9 en ligne des \u00c9tats-Unis d&#8217;Am\u00e9rique, du Royaume-Uni, du Canada, de l&#8217;Allemagne et de l&#8217;Australie, nous ne n\u00e9gligeons aucun aspect de la satisfaction des exigences sp\u00e9cifi\u00e9es par les clients lors de la commande en ligne de White Widow Shatter.<\/p>\n<p>Pourquoi les individus devraient-ils utiliser White Widow Shatter\u00a0?<\/p>\n<p>White Widow Shatter est une vari\u00e9t\u00e9 hybride l\u00e9gendaire ador\u00e9e dans le monde entier. Cette vari\u00e9t\u00e9 est produite exclusivement en croisant une Sativa Landrace br\u00e9silienne avec une Indica du sud de l&#8217;Inde. Sa couleur est ambre fonc\u00e9. Ce concentr\u00e9 a une texture extr\u00eamement croustillante, ce qui le rend tr\u00e8s facile \u00e0 utiliser. Lorsqu&#8217;elle est fum\u00e9e, cette vari\u00e9t\u00e9 offre une exp\u00e9rience de cannabis traditionnelle. Il contient entre 75% et 80% de THC. De plus, il est bien connu pour \u00eatre un excellent tampon du matin ou de la journ\u00e9e. La saveur de cette vari\u00e9t\u00e9 est typiquement terreuse, bois\u00e9e et florale.<\/p>\n<p>C&#8217;est une vari\u00e9t\u00e9 bien connue pour ses effets euphoriques et c\u00e9r\u00e9braux.<br \/>\nElle procure une pouss\u00e9e c\u00e9r\u00e9brale instantan\u00e9e et euphorique.<br \/>\nIl induit une forte euphorie, ce qui se traduit par une cr\u00e9ativit\u00e9 accrue.<br \/>\nIl soulage la douleur et favorise la tranquillit\u00e9 ultime.<br \/>\nC&#8217;est une vari\u00e9t\u00e9 id\u00e9ale pour les douleurs l\u00e9g\u00e8res \u00e0 mod\u00e9r\u00e9es, le stress, la d\u00e9pression et la fatigue.<br \/>\nIl promeut des activit\u00e9s telles que le travail mod\u00e9r\u00e9 ou l&#8217;activit\u00e9 physique, l&#8217;interaction sociale, les loisirs et les efforts cr\u00e9atifs.<br \/>\nQuelle est la meilleure boutique en ligne pour acheter White Widow Shatter\u00a0?<\/p>\n<p>White Widow Shatter peut \u00eatre achet\u00e9 sur nul autre que MJ Online Bud Store. Vous recevrez votre commande en ligne pour White Widow Shatter dans un court laps de temps. Commandez White Widow Shatter en ligne aujourd&#8217;hui et connectez-vous avec les meilleurs vendeurs et fournisseurs sur notre dispensaire en ligne.<\/p>\n","protected":false},"excerpt":{"rendered":"<p>Si vous souhaitez acheter White Widow Shatter en ligne, contactez la boutique en ligne medicinasinc.com. Nous avons White Widow Shatter \u00e0 vendre aux meilleurs prix.<\/p>\n<p>&nbsp;<\/p>\n<ul>\n<li>Exp\u00e9dition dans le monde entier<\/li>\n<li><strong>Grade\u00a0: AAAAA<\/strong><\/li>\n<li><strong>Contactez-nous<\/strong>\u00a0pour des commandes plus importantes<\/li>\n<\/ul>\n","protected":false},"featured_media":4899,"comment_status":"open","ping_status":"closed","template":"","meta":[],"product_brand":[],"product_cat":[777],"product_tag":[],"class_list":{"0":"post-4884","1":"product","2":"type-product","3":"status-publish","4":"has-post-thumbnail","6":"product_cat-acheter-fracasser","8":"first","9":"instock","10":"shipping-taxable","11":"purchasable","12":"product-type-variable","13":"has-default-attributes"},"yoast_head":"<!-- This site is optimized with the Yoast SEO plugin v27.3 - https:\/\/yoast.com\/product\/yoast-seo-wordpress\/ -->\n<title>Acheter White Widow Shatter - Meilleurs meilleurs m\u00e9dicaments mondiaux<\/title>\n<meta name=\"description\" content=\"Si vous souhaitez acheter White Widow Shatter en ligne, contactez la boutique en ligne medicinasinc.com. Nous avons White Widow Shatter \u00e0 vendre aux meilleurs prix.\" \/>\n<meta name=\"robots\" content=\"index, follow, max-snippet:-1, max-image-preview:large, max-video-preview:-1\" \/>\n<link rel=\"canonical\" href=\"https:\/\/medicinasinc.com\/fr\/product\/acheter-white-widow-shatter\/\" \/>\n<meta property=\"og:locale\" content=\"en_US\" \/>\n<meta property=\"og:type\" content=\"article\" \/>\n<meta property=\"og:title\" content=\"Acheter White Widow Shatter - Meilleurs meilleurs m\u00e9dicaments mondiaux\" \/>\n<meta property=\"og:description\" content=\"Si vous souhaitez acheter White Widow Shatter en ligne, contactez la boutique en ligne medicinasinc.com. Nous avons White Widow Shatter \u00e0 vendre aux meilleurs prix.\" \/>\n<meta property=\"og:url\" content=\"https:\/\/medicinasinc.com\/fr\/product\/acheter-white-widow-shatter\/\" \/>\n<meta property=\"og:site_name\" content=\"Medicinas Inc\" \/>\n<meta property=\"article:modified_time\" content=\"2022-08-05T10:56:54+00:00\" \/>\n<meta property=\"og:image\" content=\"https:\/\/medicinasinc.com\/fr\/wp-content\/uploads\/sites\/5\/2022\/02\/Buy-White-Widow-Shatter.jpg\" \/>\n\t<meta property=\"og:image:width\" content=\"600\" \/>\n\t<meta property=\"og:image:height\" content=\"600\" \/>\n\t<meta property=\"og:image:type\" content=\"image\/jpeg\" \/>\n<meta name=\"twitter:card\" content=\"summary_large_image\" \/>\n<meta name=\"twitter:label1\" content=\"Est. reading time\" \/>\n\t<meta name=\"twitter:data1\" content=\"2 minutes\" \/>\n<script type=\"application\/ld+json\" class=\"yoast-schema-graph\">{\"@context\":\"https:\\\/\\\/schema.org\",\"@graph\":[{\"@type\":\"WebPage\",\"@id\":\"https:\\\/\\\/medicinasinc.com\\\/fr\\\/product\\\/acheter-white-widow-shatter\\\/\",\"url\":\"https:\\\/\\\/medicinasinc.com\\\/fr\\\/product\\\/acheter-white-widow-shatter\\\/\",\"name\":\"Acheter White Widow Shatter - Meilleurs meilleurs m\u00e9dicaments mondiaux\",\"isPartOf\":{\"@id\":\"https:\\\/\\\/medicinasinc.com\\\/fr\\\/#website\"},\"primaryImageOfPage\":{\"@id\":\"https:\\\/\\\/medicinasinc.com\\\/fr\\\/product\\\/acheter-white-widow-shatter\\\/#primaryimage\"},\"image\":{\"@id\":\"https:\\\/\\\/medicinasinc.com\\\/fr\\\/product\\\/acheter-white-widow-shatter\\\/#primaryimage\"},\"thumbnailUrl\":\"https:\\\/\\\/medicinasinc.com\\\/fr\\\/wp-content\\\/uploads\\\/sites\\\/5\\\/2022\\\/02\\\/Buy-White-Widow-Shatter.jpg\",\"datePublished\":\"2022-02-20T17:19:27+00:00\",\"dateModified\":\"2022-08-05T10:56:54+00:00\",\"description\":\"Si vous souhaitez acheter White Widow Shatter en ligne, contactez la boutique en ligne medicinasinc.com. Nous avons White Widow Shatter \u00e0 vendre aux meilleurs prix.\",\"breadcrumb\":{\"@id\":\"https:\\\/\\\/medicinasinc.com\\\/fr\\\/product\\\/acheter-white-widow-shatter\\\/#breadcrumb\"},\"inLanguage\":\"en-US\",\"potentialAction\":[{\"@type\":\"ReadAction\",\"target\":[\"https:\\\/\\\/medicinasinc.com\\\/fr\\\/product\\\/acheter-white-widow-shatter\\\/\"]}]},{\"@type\":\"ImageObject\",\"inLanguage\":\"en-US\",\"@id\":\"https:\\\/\\\/medicinasinc.com\\\/fr\\\/product\\\/acheter-white-widow-shatter\\\/#primaryimage\",\"url\":\"https:\\\/\\\/medicinasinc.com\\\/fr\\\/wp-content\\\/uploads\\\/sites\\\/5\\\/2022\\\/02\\\/Buy-White-Widow-Shatter.jpg\",\"contentUrl\":\"https:\\\/\\\/medicinasinc.com\\\/fr\\\/wp-content\\\/uploads\\\/sites\\\/5\\\/2022\\\/02\\\/Buy-White-Widow-Shatter.jpg\",\"width\":600,\"height\":600},{\"@type\":\"BreadcrumbList\",\"@id\":\"https:\\\/\\\/medicinasinc.com\\\/fr\\\/product\\\/acheter-white-widow-shatter\\\/#breadcrumb\",\"itemListElement\":[{\"@type\":\"ListItem\",\"position\":1,\"name\":\"Boutique\",\"item\":\"https:\\\/\\\/medicinasinc.com\\\/fr\\\/boutique\\\/\"},{\"@type\":\"ListItem\",\"position\":2,\"name\":\"Acheter White Widow Shatter\"}]},{\"@type\":\"WebSite\",\"@id\":\"https:\\\/\\\/medicinasinc.com\\\/fr\\\/#website\",\"url\":\"https:\\\/\\\/medicinasinc.com\\\/fr\\\/\",\"name\":\"Medicinas Inc\",\"description\":\"Health Medical Clinic\",\"potentialAction\":[{\"@type\":\"SearchAction\",\"target\":{\"@type\":\"EntryPoint\",\"urlTemplate\":\"https:\\\/\\\/medicinasinc.com\\\/fr\\\/?s={search_term_string}\"},\"query-input\":{\"@type\":\"PropertyValueSpecification\",\"valueRequired\":true,\"valueName\":\"search_term_string\"}}],\"inLanguage\":\"en-US\"}]}<\/script>\n<!-- \/ Yoast SEO plugin. -->","yoast_head_json":{"title":"Acheter White Widow Shatter - Meilleurs meilleurs m\u00e9dicaments mondiaux","description":"Si vous souhaitez acheter White Widow Shatter en ligne, contactez la boutique en ligne medicinasinc.com. Nous avons White Widow Shatter \u00e0 vendre aux meilleurs prix.","robots":{"index":"index","follow":"follow","max-snippet":"max-snippet:-1","max-image-preview":"max-image-preview:large","max-video-preview":"max-video-preview:-1"},"canonical":"https:\/\/medicinasinc.com\/fr\/product\/acheter-white-widow-shatter\/","og_locale":"en_US","og_type":"article","og_title":"Acheter White Widow Shatter - Meilleurs meilleurs m\u00e9dicaments mondiaux","og_description":"Si vous souhaitez acheter White Widow Shatter en ligne, contactez la boutique en ligne medicinasinc.com. Nous avons White Widow Shatter \u00e0 vendre aux meilleurs prix.","og_url":"https:\/\/medicinasinc.com\/fr\/product\/acheter-white-widow-shatter\/","og_site_name":"Medicinas Inc","article_modified_time":"2022-08-05T10:56:54+00:00","og_image":[{"width":600,"height":600,"url":"https:\/\/medicinasinc.com\/fr\/wp-content\/uploads\/sites\/5\/2022\/02\/Buy-White-Widow-Shatter.jpg","type":"image\/jpeg"}],"twitter_card":"summary_large_image","twitter_misc":{"Est. reading time":"2 minutes"},"schema":{"@context":"https:\/\/schema.org","@graph":[{"@type":"WebPage","@id":"https:\/\/medicinasinc.com\/fr\/product\/acheter-white-widow-shatter\/","url":"https:\/\/medicinasinc.com\/fr\/product\/acheter-white-widow-shatter\/","name":"Acheter White Widow Shatter - Meilleurs meilleurs m\u00e9dicaments mondiaux","isPartOf":{"@id":"https:\/\/medicinasinc.com\/fr\/#website"},"primaryImageOfPage":{"@id":"https:\/\/medicinasinc.com\/fr\/product\/acheter-white-widow-shatter\/#primaryimage"},"image":{"@id":"https:\/\/medicinasinc.com\/fr\/product\/acheter-white-widow-shatter\/#primaryimage"},"thumbnailUrl":"https:\/\/medicinasinc.com\/fr\/wp-content\/uploads\/sites\/5\/2022\/02\/Buy-White-Widow-Shatter.jpg","datePublished":"2022-02-20T17:19:27+00:00","dateModified":"2022-08-05T10:56:54+00:00","description":"Si vous souhaitez acheter White Widow Shatter en ligne, contactez la boutique en ligne medicinasinc.com. Nous avons White Widow Shatter \u00e0 vendre aux meilleurs prix.","breadcrumb":{"@id":"https:\/\/medicinasinc.com\/fr\/product\/acheter-white-widow-shatter\/#breadcrumb"},"inLanguage":"en-US","potentialAction":[{"@type":"ReadAction","target":["https:\/\/medicinasinc.com\/fr\/product\/acheter-white-widow-shatter\/"]}]},{"@type":"ImageObject","inLanguage":"en-US","@id":"https:\/\/medicinasinc.com\/fr\/product\/acheter-white-widow-shatter\/#primaryimage","url":"https:\/\/medicinasinc.com\/fr\/wp-content\/uploads\/sites\/5\/2022\/02\/Buy-White-Widow-Shatter.jpg","contentUrl":"https:\/\/medicinasinc.com\/fr\/wp-content\/uploads\/sites\/5\/2022\/02\/Buy-White-Widow-Shatter.jpg","width":600,"height":600},{"@type":"BreadcrumbList","@id":"https:\/\/medicinasinc.com\/fr\/product\/acheter-white-widow-shatter\/#breadcrumb","itemListElement":[{"@type":"ListItem","position":1,"name":"Boutique","item":"https:\/\/medicinasinc.com\/fr\/boutique\/"},{"@type":"ListItem","position":2,"name":"Acheter White Widow Shatter"}]},{"@type":"WebSite","@id":"https:\/\/medicinasinc.com\/fr\/#website","url":"https:\/\/medicinasinc.com\/fr\/","name":"Medicinas Inc","description":"Health Medical Clinic","potentialAction":[{"@type":"SearchAction","target":{"@type":"EntryPoint","urlTemplate":"https:\/\/medicinasinc.com\/fr\/?s={search_term_string}"},"query-input":{"@type":"PropertyValueSpecification","valueRequired":true,"valueName":"search_term_string"}}],"inLanguage":"en-US"}]}},"_links":{"self":[{"href":"https:\/\/medicinasinc.com\/fr\/wp-json\/wp\/v2\/product\/4884","targetHints":{"allow":["GET"]}}],"collection":[{"href":"https:\/\/medicinasinc.com\/fr\/wp-json\/wp\/v2\/product"}],"about":[{"href":"https:\/\/medicinasinc.com\/fr\/wp-json\/wp\/v2\/types\/product"}],"replies":[{"embeddable":true,"href":"https:\/\/medicinasinc.com\/fr\/wp-json\/wp\/v2\/comments?post=4884"}],"wp:featuredmedia":[{"embeddable":true,"href":"https:\/\/medicinasinc.com\/fr\/wp-json\/wp\/v2\/media\/4899"}],"wp:attachment":[{"href":"https:\/\/medicinasinc.com\/fr\/wp-json\/wp\/v2\/media?parent=4884"}],"wp:term":[{"taxonomy":"product_brand","embeddable":true,"href":"https:\/\/medicinasinc.com\/fr\/wp-json\/wp\/v2\/product_brand?post=4884"},{"taxonomy":"product_cat","embeddable":true,"href":"https:\/\/medicinasinc.com\/fr\/wp-json\/wp\/v2\/product_cat?post=4884"},{"taxonomy":"product_tag","embeddable":true,"href":"https:\/\/medicinasinc.com\/fr\/wp-json\/wp\/v2\/product_tag?post=4884"}],"curies":[{"name":"wp","href":"https:\/\/api.w.org\/{rel}","templated":true}]}}