{"id":4883,"date":"2022-02-20T17:18:33","date_gmt":"2022-02-20T17:18:33","guid":{"rendered":"https:\/\/medicinasinc.com\/fr\/?post_type=product&#038;p=4883"},"modified":"2022-03-17T12:18:57","modified_gmt":"2022-03-17T12:18:57","slug":"acheter-sunset-sherbert-shatter","status":"publish","type":"product","link":"https:\/\/medicinasinc.com\/fr\/product\/acheter-sunset-sherbert-shatter\/","title":{"rendered":"Acheter Sunset Sherbert Shatter"},"content":{"rendered":"<p>Achetez Sunset Sherbert Shatter &#8211; Premium Indica Dominant Hybrid &#8211; 85% Indica \/ 15% Sativa<\/p>\n<p>Sunset Sherbert, \u00e9galement appel\u00e9 Sherbet, est l&#8217;h\u00e9ritier apparent du tr\u00f4ne Girl Scout Cookie. Sunset Sherbert a h\u00e9rit\u00e9 des caract\u00e9ristiques g\u00e9n\u00e9tiques de son parent Girl Scout Cookies, qui comprenait OG Kush, Durban Poison et Cherry Pie dans sa lign\u00e9e g\u00e9n\u00e9tique. Ces g\u00e9n\u00e9tiques ont ensuite \u00e9t\u00e9 crois\u00e9es avec Pink Panties, un parent indica. Sunset Sherbert combine un fort effet corporel total avec une explosion vivifiante d&#8217;\u00e9nergie cr\u00e9ative. Apr\u00e8s avoir fum\u00e9, les utilisateurs ressentiront une pouss\u00e9e d&#8217;\u00e9nergie imm\u00e9diate &#8211; principalement dans l&#8217;esprit &#8211; qui les laissera se sentir sociaux et euphoriques en quelques minutes. Au fur et \u00e0 mesure que les effets commencent \u00e0 faire effet, une douce sensation de chaleur se r\u00e9pandra dans tout le corps, enveloppant l&#8217;utilisateur d&#8217;une relaxation compl\u00e8te et d&#8217;un bonheur b\u00e9at. Sunset Sherbert a \u00e9t\u00e9 utilis\u00e9 pour traiter la d\u00e9pression, le stress, l&#8217;anxi\u00e9t\u00e9 et la douleur l\u00e9g\u00e8re \u00e0 mod\u00e9r\u00e9e en raison de ses effets puissants.<\/p>\n<p>&nbsp;<\/p>\n<p>Veuillez noter qu&#8217;en raison de circonstances impr\u00e9vues, telles comme la chaleur estivale, l&#8217;humidit\u00e9 et m\u00eame le temps, il y a toujours une chance que le shatter que vous avez command\u00e9 se transforme en cire ou en budder avant qu&#8217;il ne vous atteigne.<\/p>\n<p>Malheureusement, le shatter se convertissant en wax budder n&#8217;est pas rare lorsqu&#8217;il est expos\u00e9 \u00e0 chauffer, mais cela ne diminue en rien la s\u00e9curit\u00e9 ou la puissance de votre shatter. En effet, si cela se produit, les terp\u00e8nes et les aromatiques seront am\u00e9lior\u00e9s, augmentant ainsi la saveur.<\/p>\n<p>Nous n&#8217;offrons pas de remboursement ou d&#8217;\u00e9change si votre shatter se transforme en budder ou en wax.<\/p>\n<div class=\"product-next-previous\">\n<div class=\"product-prev\"><\/div><\/div>\n","protected":false},"excerpt":{"rendered":"<p>Acheter Shatter &#8211; Sunset Sherbert est disponible \u00e0 l&#8217;achat en ligne en Europe et au Royaume-Uni chez \u00a0best global meds. En Europe, vous pouvez trouver le Shatter &#8211; Produits de cannabis Sunset Sherbert.<\/p>\n<p>&nbsp;<\/p>\n<ul>\n<li>Exp\u00e9dition dans le monde entier<\/li>\n<li><strong>Grade\u00a0: AAAAA<\/strong><\/li>\n<li> <strong>Contactez-nous<\/strong>\u00a0pour des commandes plus importantes<\/li>\n<\/ul>\n","protected":false},"featured_media":4897,"comment_status":"open","ping_status":"closed","template":"","meta":[],"product_brand":[],"product_cat":[777],"product_tag":[],"class_list":{"0":"post-4883","1":"product","2":"type-product","3":"status-publish","4":"has-post-thumbnail","6":"product_cat-acheter-fracasser","8":"first","9":"instock","10":"shipping-taxable","11":"purchasable","12":"product-type-variable","13":"has-default-attributes"},"yoast_head":"<!-- This site is optimized with the Yoast SEO plugin v27.3 - https:\/\/yoast.com\/product\/yoast-seo-wordpress\/ -->\n<title>Acheter Sunset Sherbert Shatter - Meilleurs meilleurs m\u00e9dicaments mondiaux<\/title>\n<meta name=\"description\" content=\"Acheter Shatter - Sunset Sherbert \u00e0 vendre en ligne Europe, Royaume-Uni chez The global medicinas. Trouvez les produits de cannabis Shatter - Sunset Sherbert de la plus haute qualit\u00e9 en Europe.\" \/>\n<meta name=\"robots\" content=\"index, follow, max-snippet:-1, max-image-preview:large, max-video-preview:-1\" \/>\n<link rel=\"canonical\" href=\"https:\/\/medicinasinc.com\/fr\/product\/acheter-sunset-sherbert-shatter\/\" \/>\n<meta property=\"og:locale\" content=\"en_US\" \/>\n<meta property=\"og:type\" content=\"article\" \/>\n<meta property=\"og:title\" content=\"Acheter Sunset Sherbert Shatter - Meilleurs meilleurs m\u00e9dicaments mondiaux\" \/>\n<meta property=\"og:description\" content=\"Acheter Shatter - Sunset Sherbert \u00e0 vendre en ligne Europe, Royaume-Uni chez The global medicinas. Trouvez les produits de cannabis Shatter - Sunset Sherbert de la plus haute qualit\u00e9 en Europe.\" \/>\n<meta property=\"og:url\" content=\"https:\/\/medicinasinc.com\/fr\/product\/acheter-sunset-sherbert-shatter\/\" \/>\n<meta property=\"og:site_name\" content=\"Medicinas Inc\" \/>\n<meta property=\"article:modified_time\" content=\"2022-03-17T12:18:57+00:00\" \/>\n<meta property=\"og:image\" content=\"https:\/\/medicinasinc.com\/fr\/wp-content\/uploads\/sites\/5\/2022\/02\/Buy-Sunset-Sherbert-Shatter.jpg\" \/>\n\t<meta property=\"og:image:width\" content=\"600\" \/>\n\t<meta property=\"og:image:height\" content=\"600\" \/>\n\t<meta property=\"og:image:type\" content=\"image\/jpeg\" \/>\n<meta name=\"twitter:card\" content=\"summary_large_image\" \/>\n<meta name=\"twitter:label1\" content=\"Est. reading time\" \/>\n\t<meta name=\"twitter:data1\" content=\"2 minutes\" \/>\n<script type=\"application\/ld+json\" class=\"yoast-schema-graph\">{\"@context\":\"https:\\\/\\\/schema.org\",\"@graph\":[{\"@type\":\"WebPage\",\"@id\":\"https:\\\/\\\/medicinasinc.com\\\/fr\\\/product\\\/acheter-sunset-sherbert-shatter\\\/\",\"url\":\"https:\\\/\\\/medicinasinc.com\\\/fr\\\/product\\\/acheter-sunset-sherbert-shatter\\\/\",\"name\":\"Acheter Sunset Sherbert Shatter - Meilleurs meilleurs m\u00e9dicaments mondiaux\",\"isPartOf\":{\"@id\":\"https:\\\/\\\/medicinasinc.com\\\/fr\\\/#website\"},\"primaryImageOfPage\":{\"@id\":\"https:\\\/\\\/medicinasinc.com\\\/fr\\\/product\\\/acheter-sunset-sherbert-shatter\\\/#primaryimage\"},\"image\":{\"@id\":\"https:\\\/\\\/medicinasinc.com\\\/fr\\\/product\\\/acheter-sunset-sherbert-shatter\\\/#primaryimage\"},\"thumbnailUrl\":\"https:\\\/\\\/medicinasinc.com\\\/fr\\\/wp-content\\\/uploads\\\/sites\\\/5\\\/2022\\\/02\\\/Buy-Sunset-Sherbert-Shatter.jpg\",\"datePublished\":\"2022-02-20T17:18:33+00:00\",\"dateModified\":\"2022-03-17T12:18:57+00:00\",\"description\":\"Acheter Shatter - Sunset Sherbert \u00e0 vendre en ligne Europe, Royaume-Uni chez The global medicinas. Trouvez les produits de cannabis Shatter - Sunset Sherbert de la plus haute qualit\u00e9 en Europe.\",\"breadcrumb\":{\"@id\":\"https:\\\/\\\/medicinasinc.com\\\/fr\\\/product\\\/acheter-sunset-sherbert-shatter\\\/#breadcrumb\"},\"inLanguage\":\"en-US\",\"potentialAction\":[{\"@type\":\"ReadAction\",\"target\":[\"https:\\\/\\\/medicinasinc.com\\\/fr\\\/product\\\/acheter-sunset-sherbert-shatter\\\/\"]}]},{\"@type\":\"ImageObject\",\"inLanguage\":\"en-US\",\"@id\":\"https:\\\/\\\/medicinasinc.com\\\/fr\\\/product\\\/acheter-sunset-sherbert-shatter\\\/#primaryimage\",\"url\":\"https:\\\/\\\/medicinasinc.com\\\/fr\\\/wp-content\\\/uploads\\\/sites\\\/5\\\/2022\\\/02\\\/Buy-Sunset-Sherbert-Shatter.jpg\",\"contentUrl\":\"https:\\\/\\\/medicinasinc.com\\\/fr\\\/wp-content\\\/uploads\\\/sites\\\/5\\\/2022\\\/02\\\/Buy-Sunset-Sherbert-Shatter.jpg\",\"width\":600,\"height\":600},{\"@type\":\"BreadcrumbList\",\"@id\":\"https:\\\/\\\/medicinasinc.com\\\/fr\\\/product\\\/acheter-sunset-sherbert-shatter\\\/#breadcrumb\",\"itemListElement\":[{\"@type\":\"ListItem\",\"position\":1,\"name\":\"Boutique\",\"item\":\"https:\\\/\\\/medicinasinc.com\\\/fr\\\/boutique\\\/\"},{\"@type\":\"ListItem\",\"position\":2,\"name\":\"Acheter Sunset Sherbert Shatter\"}]},{\"@type\":\"WebSite\",\"@id\":\"https:\\\/\\\/medicinasinc.com\\\/fr\\\/#website\",\"url\":\"https:\\\/\\\/medicinasinc.com\\\/fr\\\/\",\"name\":\"Medicinas Inc\",\"description\":\"Health Medical Clinic\",\"potentialAction\":[{\"@type\":\"SearchAction\",\"target\":{\"@type\":\"EntryPoint\",\"urlTemplate\":\"https:\\\/\\\/medicinasinc.com\\\/fr\\\/?s={search_term_string}\"},\"query-input\":{\"@type\":\"PropertyValueSpecification\",\"valueRequired\":true,\"valueName\":\"search_term_string\"}}],\"inLanguage\":\"en-US\"}]}<\/script>\n<!-- \/ Yoast SEO plugin. -->","yoast_head_json":{"title":"Acheter Sunset Sherbert Shatter - Meilleurs meilleurs m\u00e9dicaments mondiaux","description":"Acheter Shatter - Sunset Sherbert \u00e0 vendre en ligne Europe, Royaume-Uni chez The global medicinas. Trouvez les produits de cannabis Shatter - Sunset Sherbert de la plus haute qualit\u00e9 en Europe.","robots":{"index":"index","follow":"follow","max-snippet":"max-snippet:-1","max-image-preview":"max-image-preview:large","max-video-preview":"max-video-preview:-1"},"canonical":"https:\/\/medicinasinc.com\/fr\/product\/acheter-sunset-sherbert-shatter\/","og_locale":"en_US","og_type":"article","og_title":"Acheter Sunset Sherbert Shatter - Meilleurs meilleurs m\u00e9dicaments mondiaux","og_description":"Acheter Shatter - Sunset Sherbert \u00e0 vendre en ligne Europe, Royaume-Uni chez The global medicinas. Trouvez les produits de cannabis Shatter - Sunset Sherbert de la plus haute qualit\u00e9 en Europe.","og_url":"https:\/\/medicinasinc.com\/fr\/product\/acheter-sunset-sherbert-shatter\/","og_site_name":"Medicinas Inc","article_modified_time":"2022-03-17T12:18:57+00:00","og_image":[{"width":600,"height":600,"url":"https:\/\/medicinasinc.com\/fr\/wp-content\/uploads\/sites\/5\/2022\/02\/Buy-Sunset-Sherbert-Shatter.jpg","type":"image\/jpeg"}],"twitter_card":"summary_large_image","twitter_misc":{"Est. reading time":"2 minutes"},"schema":{"@context":"https:\/\/schema.org","@graph":[{"@type":"WebPage","@id":"https:\/\/medicinasinc.com\/fr\/product\/acheter-sunset-sherbert-shatter\/","url":"https:\/\/medicinasinc.com\/fr\/product\/acheter-sunset-sherbert-shatter\/","name":"Acheter Sunset Sherbert Shatter - Meilleurs meilleurs m\u00e9dicaments mondiaux","isPartOf":{"@id":"https:\/\/medicinasinc.com\/fr\/#website"},"primaryImageOfPage":{"@id":"https:\/\/medicinasinc.com\/fr\/product\/acheter-sunset-sherbert-shatter\/#primaryimage"},"image":{"@id":"https:\/\/medicinasinc.com\/fr\/product\/acheter-sunset-sherbert-shatter\/#primaryimage"},"thumbnailUrl":"https:\/\/medicinasinc.com\/fr\/wp-content\/uploads\/sites\/5\/2022\/02\/Buy-Sunset-Sherbert-Shatter.jpg","datePublished":"2022-02-20T17:18:33+00:00","dateModified":"2022-03-17T12:18:57+00:00","description":"Acheter Shatter - Sunset Sherbert \u00e0 vendre en ligne Europe, Royaume-Uni chez The global medicinas. Trouvez les produits de cannabis Shatter - Sunset Sherbert de la plus haute qualit\u00e9 en Europe.","breadcrumb":{"@id":"https:\/\/medicinasinc.com\/fr\/product\/acheter-sunset-sherbert-shatter\/#breadcrumb"},"inLanguage":"en-US","potentialAction":[{"@type":"ReadAction","target":["https:\/\/medicinasinc.com\/fr\/product\/acheter-sunset-sherbert-shatter\/"]}]},{"@type":"ImageObject","inLanguage":"en-US","@id":"https:\/\/medicinasinc.com\/fr\/product\/acheter-sunset-sherbert-shatter\/#primaryimage","url":"https:\/\/medicinasinc.com\/fr\/wp-content\/uploads\/sites\/5\/2022\/02\/Buy-Sunset-Sherbert-Shatter.jpg","contentUrl":"https:\/\/medicinasinc.com\/fr\/wp-content\/uploads\/sites\/5\/2022\/02\/Buy-Sunset-Sherbert-Shatter.jpg","width":600,"height":600},{"@type":"BreadcrumbList","@id":"https:\/\/medicinasinc.com\/fr\/product\/acheter-sunset-sherbert-shatter\/#breadcrumb","itemListElement":[{"@type":"ListItem","position":1,"name":"Boutique","item":"https:\/\/medicinasinc.com\/fr\/boutique\/"},{"@type":"ListItem","position":2,"name":"Acheter Sunset Sherbert Shatter"}]},{"@type":"WebSite","@id":"https:\/\/medicinasinc.com\/fr\/#website","url":"https:\/\/medicinasinc.com\/fr\/","name":"Medicinas Inc","description":"Health Medical Clinic","potentialAction":[{"@type":"SearchAction","target":{"@type":"EntryPoint","urlTemplate":"https:\/\/medicinasinc.com\/fr\/?s={search_term_string}"},"query-input":{"@type":"PropertyValueSpecification","valueRequired":true,"valueName":"search_term_string"}}],"inLanguage":"en-US"}]}},"_links":{"self":[{"href":"https:\/\/medicinasinc.com\/fr\/wp-json\/wp\/v2\/product\/4883","targetHints":{"allow":["GET"]}}],"collection":[{"href":"https:\/\/medicinasinc.com\/fr\/wp-json\/wp\/v2\/product"}],"about":[{"href":"https:\/\/medicinasinc.com\/fr\/wp-json\/wp\/v2\/types\/product"}],"replies":[{"embeddable":true,"href":"https:\/\/medicinasinc.com\/fr\/wp-json\/wp\/v2\/comments?post=4883"}],"wp:featuredmedia":[{"embeddable":true,"href":"https:\/\/medicinasinc.com\/fr\/wp-json\/wp\/v2\/media\/4897"}],"wp:attachment":[{"href":"https:\/\/medicinasinc.com\/fr\/wp-json\/wp\/v2\/media?parent=4883"}],"wp:term":[{"taxonomy":"product_brand","embeddable":true,"href":"https:\/\/medicinasinc.com\/fr\/wp-json\/wp\/v2\/product_brand?post=4883"},{"taxonomy":"product_cat","embeddable":true,"href":"https:\/\/medicinasinc.com\/fr\/wp-json\/wp\/v2\/product_cat?post=4883"},{"taxonomy":"product_tag","embeddable":true,"href":"https:\/\/medicinasinc.com\/fr\/wp-json\/wp\/v2\/product_tag?post=4883"}],"curies":[{"name":"wp","href":"https:\/\/api.w.org\/{rel}","templated":true}]}}