{"id":4872,"date":"2022-02-20T17:08:57","date_gmt":"2022-02-20T17:08:57","guid":{"rendered":"https:\/\/medicinasinc.com\/fr\/?post_type=product&#038;p=4872"},"modified":"2022-03-17T12:19:10","modified_gmt":"2022-03-17T12:19:10","slug":"acheter-gelato-shatter","status":"publish","type":"product","link":"https:\/\/medicinasinc.com\/fr\/product\/acheter-gelato-shatter\/","title":{"rendered":"Acheter Gelato Shatter"},"content":{"rendered":"<p>Gelato Shatter \u2013 Hybride Premium Indica Dominant \u2013 55\u00a0% Indica\/45\u00a0% Sativa<\/p>\n<p>Gelato, \u00e9galement appel\u00e9e &#8220;Larry Bird&#8221;, est une vari\u00e9t\u00e9 hybride l\u00e9g\u00e8rement \u00e0 dominante Indica cr\u00e9\u00e9e en croisant Sunset Sherbert et Biscuits scouts minces \u00e0 la menthe. Son ar\u00f4me d\u00e9licieux s\u00e9duira m\u00eame l&#8217;utilisateur le plus aguerri. Il a un ar\u00f4me sucr\u00e9, presque de g\u00e2teau, accentu\u00e9 par des notes de lavande fra\u00eeche et de myrtilles. Alors que Gelato est ador\u00e9 pour sa saveur d\u00e9licieuse, il est surtout connu pour ses propri\u00e9t\u00e9s euphoriques. La prudence est recommand\u00e9e pour les utilisateurs inexp\u00e9riment\u00e9s, car cette vari\u00e9t\u00e9 produit un high c\u00e9r\u00e9bral puissant quelques minutes apr\u00e8s avoir fum\u00e9. Ces effets c\u00e9r\u00e9braux puissants ne laisseront pas l&#8217;utilisateur somnolent ou confin\u00e9 au canap\u00e9, mais favoriseront plut\u00f4t la pens\u00e9e positive et l&#8217;\u00e9nergie concentr\u00e9e. Au fur et \u00e0 mesure que cette euphorie se construit, le corps entre dans un \u00e9tat de relaxation b\u00e9ate, laissant l&#8217;utilisateur compl\u00e8tement \u00e0 l&#8217;aise. Les effets puissants mais \u00e9quilibr\u00e9s de Gelato le rendent id\u00e9al pour traiter une vari\u00e9t\u00e9 de conditions, y compris les spasmes musculaires, les migraines, la fatigue chronique et la douleur chronique caus\u00e9e par l&#8217;inflammation.<\/p>\n","protected":false},"excerpt":{"rendered":"<p>Acheter Gelato Shatter \u00e0 vendre au Royaume-Uni, Europe &#8211; Top Shelf du plus grand dispensaire en ligne au monde, Buy My Weed Online.<\/p>\n<ul>\n<li>Exp\u00e9dition dans le monde entier<\/li>\n<li><strong>Grade\u00a0: AAAAA<\/strong><\/li>\n<li><strong>Contactez-nous<\/strong>\u00a0pour des commandes plus importantes<\/li>\n<\/ul>\n","protected":false},"featured_media":4887,"comment_status":"open","ping_status":"closed","template":"","meta":[],"product_brand":[],"product_cat":[777],"product_tag":[],"class_list":{"0":"post-4872","1":"product","2":"type-product","3":"status-publish","4":"has-post-thumbnail","6":"product_cat-acheter-fracasser","8":"first","9":"instock","10":"shipping-taxable","11":"purchasable","12":"product-type-variable","13":"has-default-attributes"},"yoast_head":"<!-- This site is optimized with the Yoast SEO plugin v27.3 - https:\/\/yoast.com\/product\/yoast-seo-wordpress\/ -->\n<title>Acheter Gelato Shatter - Meilleurs meilleurs m\u00e9dicaments mondiaux<\/title>\n<meta name=\"description\" content=\"Achetez Gelato Shatter \u00e0 vendre au Royaume-Uni, en Europe - Top Shelf en ligne en Europe aupr\u00e8s du plus grand dispensaire en ligne, Buy My Weed Online.\" \/>\n<meta name=\"robots\" content=\"index, follow, max-snippet:-1, max-image-preview:large, max-video-preview:-1\" \/>\n<link rel=\"canonical\" href=\"https:\/\/medicinasinc.com\/fr\/product\/acheter-gelato-shatter\/\" \/>\n<meta property=\"og:locale\" content=\"en_US\" \/>\n<meta property=\"og:type\" content=\"article\" \/>\n<meta property=\"og:title\" content=\"Acheter Gelato Shatter - Meilleurs meilleurs m\u00e9dicaments mondiaux\" \/>\n<meta property=\"og:description\" content=\"Achetez Gelato Shatter \u00e0 vendre au Royaume-Uni, en Europe - Top Shelf en ligne en Europe aupr\u00e8s du plus grand dispensaire en ligne, Buy My Weed Online.\" \/>\n<meta property=\"og:url\" content=\"https:\/\/medicinasinc.com\/fr\/product\/acheter-gelato-shatter\/\" \/>\n<meta property=\"og:site_name\" content=\"Medicinas Inc\" \/>\n<meta property=\"article:modified_time\" content=\"2022-03-17T12:19:10+00:00\" \/>\n<meta property=\"og:image\" content=\"https:\/\/medicinasinc.com\/fr\/wp-content\/uploads\/sites\/5\/2022\/02\/Buy-Gelato-Shatter.jpg\" \/>\n\t<meta property=\"og:image:width\" content=\"600\" \/>\n\t<meta property=\"og:image:height\" content=\"600\" \/>\n\t<meta property=\"og:image:type\" content=\"image\/jpeg\" \/>\n<meta name=\"twitter:card\" content=\"summary_large_image\" \/>\n<meta name=\"twitter:label1\" content=\"Est. reading time\" \/>\n\t<meta name=\"twitter:data1\" content=\"1 minute\" \/>\n<script type=\"application\/ld+json\" class=\"yoast-schema-graph\">{\"@context\":\"https:\\\/\\\/schema.org\",\"@graph\":[{\"@type\":\"WebPage\",\"@id\":\"https:\\\/\\\/medicinasinc.com\\\/fr\\\/product\\\/acheter-gelato-shatter\\\/\",\"url\":\"https:\\\/\\\/medicinasinc.com\\\/fr\\\/product\\\/acheter-gelato-shatter\\\/\",\"name\":\"Acheter Gelato Shatter - Meilleurs meilleurs m\u00e9dicaments mondiaux\",\"isPartOf\":{\"@id\":\"https:\\\/\\\/medicinasinc.com\\\/fr\\\/#website\"},\"primaryImageOfPage\":{\"@id\":\"https:\\\/\\\/medicinasinc.com\\\/fr\\\/product\\\/acheter-gelato-shatter\\\/#primaryimage\"},\"image\":{\"@id\":\"https:\\\/\\\/medicinasinc.com\\\/fr\\\/product\\\/acheter-gelato-shatter\\\/#primaryimage\"},\"thumbnailUrl\":\"https:\\\/\\\/medicinasinc.com\\\/fr\\\/wp-content\\\/uploads\\\/sites\\\/5\\\/2022\\\/02\\\/Buy-Gelato-Shatter.jpg\",\"datePublished\":\"2022-02-20T17:08:57+00:00\",\"dateModified\":\"2022-03-17T12:19:10+00:00\",\"description\":\"Achetez Gelato Shatter \u00e0 vendre au Royaume-Uni, en Europe - Top Shelf en ligne en Europe aupr\u00e8s du plus grand dispensaire en ligne, Buy My Weed Online.\",\"breadcrumb\":{\"@id\":\"https:\\\/\\\/medicinasinc.com\\\/fr\\\/product\\\/acheter-gelato-shatter\\\/#breadcrumb\"},\"inLanguage\":\"en-US\",\"potentialAction\":[{\"@type\":\"ReadAction\",\"target\":[\"https:\\\/\\\/medicinasinc.com\\\/fr\\\/product\\\/acheter-gelato-shatter\\\/\"]}]},{\"@type\":\"ImageObject\",\"inLanguage\":\"en-US\",\"@id\":\"https:\\\/\\\/medicinasinc.com\\\/fr\\\/product\\\/acheter-gelato-shatter\\\/#primaryimage\",\"url\":\"https:\\\/\\\/medicinasinc.com\\\/fr\\\/wp-content\\\/uploads\\\/sites\\\/5\\\/2022\\\/02\\\/Buy-Gelato-Shatter.jpg\",\"contentUrl\":\"https:\\\/\\\/medicinasinc.com\\\/fr\\\/wp-content\\\/uploads\\\/sites\\\/5\\\/2022\\\/02\\\/Buy-Gelato-Shatter.jpg\",\"width\":600,\"height\":600},{\"@type\":\"BreadcrumbList\",\"@id\":\"https:\\\/\\\/medicinasinc.com\\\/fr\\\/product\\\/acheter-gelato-shatter\\\/#breadcrumb\",\"itemListElement\":[{\"@type\":\"ListItem\",\"position\":1,\"name\":\"Boutique\",\"item\":\"https:\\\/\\\/medicinasinc.com\\\/fr\\\/boutique\\\/\"},{\"@type\":\"ListItem\",\"position\":2,\"name\":\"Acheter Gelato Shatter\"}]},{\"@type\":\"WebSite\",\"@id\":\"https:\\\/\\\/medicinasinc.com\\\/fr\\\/#website\",\"url\":\"https:\\\/\\\/medicinasinc.com\\\/fr\\\/\",\"name\":\"Medicinas Inc\",\"description\":\"Health Medical Clinic\",\"potentialAction\":[{\"@type\":\"SearchAction\",\"target\":{\"@type\":\"EntryPoint\",\"urlTemplate\":\"https:\\\/\\\/medicinasinc.com\\\/fr\\\/?s={search_term_string}\"},\"query-input\":{\"@type\":\"PropertyValueSpecification\",\"valueRequired\":true,\"valueName\":\"search_term_string\"}}],\"inLanguage\":\"en-US\"}]}<\/script>\n<!-- \/ Yoast SEO plugin. -->","yoast_head_json":{"title":"Acheter Gelato Shatter - Meilleurs meilleurs m\u00e9dicaments mondiaux","description":"Achetez Gelato Shatter \u00e0 vendre au Royaume-Uni, en Europe - Top Shelf en ligne en Europe aupr\u00e8s du plus grand dispensaire en ligne, Buy My Weed Online.","robots":{"index":"index","follow":"follow","max-snippet":"max-snippet:-1","max-image-preview":"max-image-preview:large","max-video-preview":"max-video-preview:-1"},"canonical":"https:\/\/medicinasinc.com\/fr\/product\/acheter-gelato-shatter\/","og_locale":"en_US","og_type":"article","og_title":"Acheter Gelato Shatter - Meilleurs meilleurs m\u00e9dicaments mondiaux","og_description":"Achetez Gelato Shatter \u00e0 vendre au Royaume-Uni, en Europe - Top Shelf en ligne en Europe aupr\u00e8s du plus grand dispensaire en ligne, Buy My Weed Online.","og_url":"https:\/\/medicinasinc.com\/fr\/product\/acheter-gelato-shatter\/","og_site_name":"Medicinas Inc","article_modified_time":"2022-03-17T12:19:10+00:00","og_image":[{"width":600,"height":600,"url":"https:\/\/medicinasinc.com\/fr\/wp-content\/uploads\/sites\/5\/2022\/02\/Buy-Gelato-Shatter.jpg","type":"image\/jpeg"}],"twitter_card":"summary_large_image","twitter_misc":{"Est. reading time":"1 minute"},"schema":{"@context":"https:\/\/schema.org","@graph":[{"@type":"WebPage","@id":"https:\/\/medicinasinc.com\/fr\/product\/acheter-gelato-shatter\/","url":"https:\/\/medicinasinc.com\/fr\/product\/acheter-gelato-shatter\/","name":"Acheter Gelato Shatter - Meilleurs meilleurs m\u00e9dicaments mondiaux","isPartOf":{"@id":"https:\/\/medicinasinc.com\/fr\/#website"},"primaryImageOfPage":{"@id":"https:\/\/medicinasinc.com\/fr\/product\/acheter-gelato-shatter\/#primaryimage"},"image":{"@id":"https:\/\/medicinasinc.com\/fr\/product\/acheter-gelato-shatter\/#primaryimage"},"thumbnailUrl":"https:\/\/medicinasinc.com\/fr\/wp-content\/uploads\/sites\/5\/2022\/02\/Buy-Gelato-Shatter.jpg","datePublished":"2022-02-20T17:08:57+00:00","dateModified":"2022-03-17T12:19:10+00:00","description":"Achetez Gelato Shatter \u00e0 vendre au Royaume-Uni, en Europe - Top Shelf en ligne en Europe aupr\u00e8s du plus grand dispensaire en ligne, Buy My Weed Online.","breadcrumb":{"@id":"https:\/\/medicinasinc.com\/fr\/product\/acheter-gelato-shatter\/#breadcrumb"},"inLanguage":"en-US","potentialAction":[{"@type":"ReadAction","target":["https:\/\/medicinasinc.com\/fr\/product\/acheter-gelato-shatter\/"]}]},{"@type":"ImageObject","inLanguage":"en-US","@id":"https:\/\/medicinasinc.com\/fr\/product\/acheter-gelato-shatter\/#primaryimage","url":"https:\/\/medicinasinc.com\/fr\/wp-content\/uploads\/sites\/5\/2022\/02\/Buy-Gelato-Shatter.jpg","contentUrl":"https:\/\/medicinasinc.com\/fr\/wp-content\/uploads\/sites\/5\/2022\/02\/Buy-Gelato-Shatter.jpg","width":600,"height":600},{"@type":"BreadcrumbList","@id":"https:\/\/medicinasinc.com\/fr\/product\/acheter-gelato-shatter\/#breadcrumb","itemListElement":[{"@type":"ListItem","position":1,"name":"Boutique","item":"https:\/\/medicinasinc.com\/fr\/boutique\/"},{"@type":"ListItem","position":2,"name":"Acheter Gelato Shatter"}]},{"@type":"WebSite","@id":"https:\/\/medicinasinc.com\/fr\/#website","url":"https:\/\/medicinasinc.com\/fr\/","name":"Medicinas Inc","description":"Health Medical Clinic","potentialAction":[{"@type":"SearchAction","target":{"@type":"EntryPoint","urlTemplate":"https:\/\/medicinasinc.com\/fr\/?s={search_term_string}"},"query-input":{"@type":"PropertyValueSpecification","valueRequired":true,"valueName":"search_term_string"}}],"inLanguage":"en-US"}]}},"_links":{"self":[{"href":"https:\/\/medicinasinc.com\/fr\/wp-json\/wp\/v2\/product\/4872","targetHints":{"allow":["GET"]}}],"collection":[{"href":"https:\/\/medicinasinc.com\/fr\/wp-json\/wp\/v2\/product"}],"about":[{"href":"https:\/\/medicinasinc.com\/fr\/wp-json\/wp\/v2\/types\/product"}],"replies":[{"embeddable":true,"href":"https:\/\/medicinasinc.com\/fr\/wp-json\/wp\/v2\/comments?post=4872"}],"wp:featuredmedia":[{"embeddable":true,"href":"https:\/\/medicinasinc.com\/fr\/wp-json\/wp\/v2\/media\/4887"}],"wp:attachment":[{"href":"https:\/\/medicinasinc.com\/fr\/wp-json\/wp\/v2\/media?parent=4872"}],"wp:term":[{"taxonomy":"product_brand","embeddable":true,"href":"https:\/\/medicinasinc.com\/fr\/wp-json\/wp\/v2\/product_brand?post=4872"},{"taxonomy":"product_cat","embeddable":true,"href":"https:\/\/medicinasinc.com\/fr\/wp-json\/wp\/v2\/product_cat?post=4872"},{"taxonomy":"product_tag","embeddable":true,"href":"https:\/\/medicinasinc.com\/fr\/wp-json\/wp\/v2\/product_tag?post=4872"}],"curies":[{"name":"wp","href":"https:\/\/api.w.org\/{rel}","templated":true}]}}