{"id":4871,"date":"2022-02-20T17:08:15","date_gmt":"2022-02-20T17:08:15","guid":{"rendered":"https:\/\/medicinasinc.com\/fr\/?post_type=product&#038;p=4871"},"modified":"2022-08-05T10:17:00","modified_gmt":"2022-08-05T10:17:00","slug":"acheter-blueberry-nuken-shatter-top-shelf","status":"publish","type":"product","link":"https:\/\/medicinasinc.com\/fr\/product\/acheter-blueberry-nuken-shatter-top-shelf\/","title":{"rendered":"Acheter Blueberry Nuken Shatter \u2013 Plateau sup\u00e9rieur"},"content":{"rendered":"<div class=\"descblock ff\">Nuken offre les bienfaits m\u00e9dicinaux d&#8217;une indica sans la fatigue ou la s\u00e9dation associ\u00e9e aux indicas. Nuken produit un high corporel de longue dur\u00e9e et extr\u00eamement relaxant tout en permettant \u00e0 l&#8217;utilisateur d&#8217;effectuer des t\u00e2ches et d&#8217;interagir avec des amis. Au fur et \u00e0 mesure que les effets de la souche s&#8217;installent, les utilisateurs ressentiront une l\u00e9g\u00e8re sensation de r\u00e9chauffement qui commence dans la colonne vert\u00e9brale et se propage progressivement dans tout le corps, soulageant toute douleur ou inconfort musculaire. Ces effets s&#8217;accompagnent d&#8217;une introspection intense, ce qui peut amener certains utilisateurs novices \u00e0 se sentir un peu d\u00e9sorient\u00e9s. Nuken a \u00e9t\u00e9 utilis\u00e9 pour traiter la douleur et l&#8217;inflammation chroniques, ainsi que la d\u00e9pression l\u00e9g\u00e8re, l&#8217;anxi\u00e9t\u00e9 et le stress chronique.<\/div>\n<div class=\"product-next-previous\">\n<div class=\"product-prev\"><\/div>\n<\/div>\n","protected":false},"excerpt":{"rendered":"<p>Achetez Blueberry Nuken Shatter UK, Europe Online aupr\u00e8s du dispensaire medicinasinc.com en ligne, EZ Weed Online Cannabis Dispensary.<\/p>\n<ul>\n<li>Exp\u00e9dition dans le monde entier<\/li>\n<li><strong>Grade\u00a0: AAAAA<\/strong><\/li>\n<li><strong>Contactez-nous<\/strong>\u00a0pour les commandes plus importantes<\/li>\n<li>DPD Post Xpresspost Livraison GRATUITE pour les commandes de plus de 200\u00a0$<\/li>\n<\/ul>\n","protected":false},"featured_media":4885,"comment_status":"open","ping_status":"closed","template":"","meta":[],"product_brand":[],"product_cat":[777],"product_tag":[],"class_list":{"0":"post-4871","1":"product","2":"type-product","3":"status-publish","4":"has-post-thumbnail","6":"product_cat-acheter-fracasser","8":"first","9":"instock","10":"shipping-taxable","11":"purchasable","12":"product-type-variable","13":"has-default-attributes"},"yoast_head":"<!-- This site is optimized with the Yoast SEO plugin v27.3 - https:\/\/yoast.com\/product\/yoast-seo-wordpress\/ -->\n<title>Acheter Blueberry Nuken Shatter - Top Shelf -Best Best Global Meds<\/title>\n<meta name=\"description\" content=\"Achetez Blueberry Nuken Shatter UK, Europe Online aupr\u00e8s du dispensaire canadien n \u00b0 1 en ligne, Best Global Weed Online Cannabis Dispensary.\" \/>\n<meta name=\"robots\" content=\"index, follow, max-snippet:-1, max-image-preview:large, max-video-preview:-1\" \/>\n<link rel=\"canonical\" href=\"https:\/\/medicinasinc.com\/fr\/product\/acheter-blueberry-nuken-shatter-top-shelf\/\" \/>\n<meta property=\"og:locale\" content=\"en_US\" \/>\n<meta property=\"og:type\" content=\"article\" \/>\n<meta property=\"og:title\" content=\"Acheter Blueberry Nuken Shatter - Top Shelf -Best Best Global Meds\" \/>\n<meta property=\"og:description\" content=\"Achetez Blueberry Nuken Shatter UK, Europe Online aupr\u00e8s du dispensaire canadien n \u00b0 1 en ligne, Best Global Weed Online Cannabis Dispensary.\" \/>\n<meta property=\"og:url\" content=\"https:\/\/medicinasinc.com\/fr\/product\/acheter-blueberry-nuken-shatter-top-shelf\/\" \/>\n<meta property=\"og:site_name\" content=\"Medicinas Inc\" \/>\n<meta property=\"article:modified_time\" content=\"2022-08-05T10:17:00+00:00\" \/>\n<meta property=\"og:image\" content=\"https:\/\/medicinasinc.com\/fr\/wp-content\/uploads\/sites\/5\/2022\/02\/Buy-Blueberry-Nuken-Shatter.jpg\" \/>\n\t<meta property=\"og:image:width\" content=\"600\" \/>\n\t<meta property=\"og:image:height\" content=\"600\" \/>\n\t<meta property=\"og:image:type\" content=\"image\/jpeg\" \/>\n<meta name=\"twitter:card\" content=\"summary_large_image\" \/>\n<meta name=\"twitter:label1\" content=\"Est. reading time\" \/>\n\t<meta name=\"twitter:data1\" content=\"1 minute\" \/>\n<script type=\"application\/ld+json\" class=\"yoast-schema-graph\">{\"@context\":\"https:\\\/\\\/schema.org\",\"@graph\":[{\"@type\":\"WebPage\",\"@id\":\"https:\\\/\\\/medicinasinc.com\\\/fr\\\/product\\\/acheter-blueberry-nuken-shatter-top-shelf\\\/\",\"url\":\"https:\\\/\\\/medicinasinc.com\\\/fr\\\/product\\\/acheter-blueberry-nuken-shatter-top-shelf\\\/\",\"name\":\"Acheter Blueberry Nuken Shatter - Top Shelf -Best Best Global Meds\",\"isPartOf\":{\"@id\":\"https:\\\/\\\/medicinasinc.com\\\/fr\\\/#website\"},\"primaryImageOfPage\":{\"@id\":\"https:\\\/\\\/medicinasinc.com\\\/fr\\\/product\\\/acheter-blueberry-nuken-shatter-top-shelf\\\/#primaryimage\"},\"image\":{\"@id\":\"https:\\\/\\\/medicinasinc.com\\\/fr\\\/product\\\/acheter-blueberry-nuken-shatter-top-shelf\\\/#primaryimage\"},\"thumbnailUrl\":\"https:\\\/\\\/medicinasinc.com\\\/fr\\\/wp-content\\\/uploads\\\/sites\\\/5\\\/2022\\\/02\\\/Buy-Blueberry-Nuken-Shatter.jpg\",\"datePublished\":\"2022-02-20T17:08:15+00:00\",\"dateModified\":\"2022-08-05T10:17:00+00:00\",\"description\":\"Achetez Blueberry Nuken Shatter UK, Europe Online aupr\u00e8s du dispensaire canadien n \u00b0 1 en ligne, Best Global Weed Online Cannabis Dispensary.\",\"breadcrumb\":{\"@id\":\"https:\\\/\\\/medicinasinc.com\\\/fr\\\/product\\\/acheter-blueberry-nuken-shatter-top-shelf\\\/#breadcrumb\"},\"inLanguage\":\"en-US\",\"potentialAction\":[{\"@type\":\"ReadAction\",\"target\":[\"https:\\\/\\\/medicinasinc.com\\\/fr\\\/product\\\/acheter-blueberry-nuken-shatter-top-shelf\\\/\"]}]},{\"@type\":\"ImageObject\",\"inLanguage\":\"en-US\",\"@id\":\"https:\\\/\\\/medicinasinc.com\\\/fr\\\/product\\\/acheter-blueberry-nuken-shatter-top-shelf\\\/#primaryimage\",\"url\":\"https:\\\/\\\/medicinasinc.com\\\/fr\\\/wp-content\\\/uploads\\\/sites\\\/5\\\/2022\\\/02\\\/Buy-Blueberry-Nuken-Shatter.jpg\",\"contentUrl\":\"https:\\\/\\\/medicinasinc.com\\\/fr\\\/wp-content\\\/uploads\\\/sites\\\/5\\\/2022\\\/02\\\/Buy-Blueberry-Nuken-Shatter.jpg\",\"width\":600,\"height\":600},{\"@type\":\"BreadcrumbList\",\"@id\":\"https:\\\/\\\/medicinasinc.com\\\/fr\\\/product\\\/acheter-blueberry-nuken-shatter-top-shelf\\\/#breadcrumb\",\"itemListElement\":[{\"@type\":\"ListItem\",\"position\":1,\"name\":\"Boutique\",\"item\":\"https:\\\/\\\/medicinasinc.com\\\/fr\\\/boutique\\\/\"},{\"@type\":\"ListItem\",\"position\":2,\"name\":\"Acheter Blueberry Nuken Shatter \u2013 Plateau sup\u00e9rieur\"}]},{\"@type\":\"WebSite\",\"@id\":\"https:\\\/\\\/medicinasinc.com\\\/fr\\\/#website\",\"url\":\"https:\\\/\\\/medicinasinc.com\\\/fr\\\/\",\"name\":\"Medicinas Inc\",\"description\":\"Health Medical Clinic\",\"potentialAction\":[{\"@type\":\"SearchAction\",\"target\":{\"@type\":\"EntryPoint\",\"urlTemplate\":\"https:\\\/\\\/medicinasinc.com\\\/fr\\\/?s={search_term_string}\"},\"query-input\":{\"@type\":\"PropertyValueSpecification\",\"valueRequired\":true,\"valueName\":\"search_term_string\"}}],\"inLanguage\":\"en-US\"}]}<\/script>\n<!-- \/ Yoast SEO plugin. -->","yoast_head_json":{"title":"Acheter Blueberry Nuken Shatter - Top Shelf -Best Best Global Meds","description":"Achetez Blueberry Nuken Shatter UK, Europe Online aupr\u00e8s du dispensaire canadien n \u00b0 1 en ligne, Best Global Weed Online Cannabis Dispensary.","robots":{"index":"index","follow":"follow","max-snippet":"max-snippet:-1","max-image-preview":"max-image-preview:large","max-video-preview":"max-video-preview:-1"},"canonical":"https:\/\/medicinasinc.com\/fr\/product\/acheter-blueberry-nuken-shatter-top-shelf\/","og_locale":"en_US","og_type":"article","og_title":"Acheter Blueberry Nuken Shatter - Top Shelf -Best Best Global Meds","og_description":"Achetez Blueberry Nuken Shatter UK, Europe Online aupr\u00e8s du dispensaire canadien n \u00b0 1 en ligne, Best Global Weed Online Cannabis Dispensary.","og_url":"https:\/\/medicinasinc.com\/fr\/product\/acheter-blueberry-nuken-shatter-top-shelf\/","og_site_name":"Medicinas Inc","article_modified_time":"2022-08-05T10:17:00+00:00","og_image":[{"width":600,"height":600,"url":"https:\/\/medicinasinc.com\/fr\/wp-content\/uploads\/sites\/5\/2022\/02\/Buy-Blueberry-Nuken-Shatter.jpg","type":"image\/jpeg"}],"twitter_card":"summary_large_image","twitter_misc":{"Est. reading time":"1 minute"},"schema":{"@context":"https:\/\/schema.org","@graph":[{"@type":"WebPage","@id":"https:\/\/medicinasinc.com\/fr\/product\/acheter-blueberry-nuken-shatter-top-shelf\/","url":"https:\/\/medicinasinc.com\/fr\/product\/acheter-blueberry-nuken-shatter-top-shelf\/","name":"Acheter Blueberry Nuken Shatter - Top Shelf -Best Best Global Meds","isPartOf":{"@id":"https:\/\/medicinasinc.com\/fr\/#website"},"primaryImageOfPage":{"@id":"https:\/\/medicinasinc.com\/fr\/product\/acheter-blueberry-nuken-shatter-top-shelf\/#primaryimage"},"image":{"@id":"https:\/\/medicinasinc.com\/fr\/product\/acheter-blueberry-nuken-shatter-top-shelf\/#primaryimage"},"thumbnailUrl":"https:\/\/medicinasinc.com\/fr\/wp-content\/uploads\/sites\/5\/2022\/02\/Buy-Blueberry-Nuken-Shatter.jpg","datePublished":"2022-02-20T17:08:15+00:00","dateModified":"2022-08-05T10:17:00+00:00","description":"Achetez Blueberry Nuken Shatter UK, Europe Online aupr\u00e8s du dispensaire canadien n \u00b0 1 en ligne, Best Global Weed Online Cannabis Dispensary.","breadcrumb":{"@id":"https:\/\/medicinasinc.com\/fr\/product\/acheter-blueberry-nuken-shatter-top-shelf\/#breadcrumb"},"inLanguage":"en-US","potentialAction":[{"@type":"ReadAction","target":["https:\/\/medicinasinc.com\/fr\/product\/acheter-blueberry-nuken-shatter-top-shelf\/"]}]},{"@type":"ImageObject","inLanguage":"en-US","@id":"https:\/\/medicinasinc.com\/fr\/product\/acheter-blueberry-nuken-shatter-top-shelf\/#primaryimage","url":"https:\/\/medicinasinc.com\/fr\/wp-content\/uploads\/sites\/5\/2022\/02\/Buy-Blueberry-Nuken-Shatter.jpg","contentUrl":"https:\/\/medicinasinc.com\/fr\/wp-content\/uploads\/sites\/5\/2022\/02\/Buy-Blueberry-Nuken-Shatter.jpg","width":600,"height":600},{"@type":"BreadcrumbList","@id":"https:\/\/medicinasinc.com\/fr\/product\/acheter-blueberry-nuken-shatter-top-shelf\/#breadcrumb","itemListElement":[{"@type":"ListItem","position":1,"name":"Boutique","item":"https:\/\/medicinasinc.com\/fr\/boutique\/"},{"@type":"ListItem","position":2,"name":"Acheter Blueberry Nuken Shatter \u2013 Plateau sup\u00e9rieur"}]},{"@type":"WebSite","@id":"https:\/\/medicinasinc.com\/fr\/#website","url":"https:\/\/medicinasinc.com\/fr\/","name":"Medicinas Inc","description":"Health Medical Clinic","potentialAction":[{"@type":"SearchAction","target":{"@type":"EntryPoint","urlTemplate":"https:\/\/medicinasinc.com\/fr\/?s={search_term_string}"},"query-input":{"@type":"PropertyValueSpecification","valueRequired":true,"valueName":"search_term_string"}}],"inLanguage":"en-US"}]}},"_links":{"self":[{"href":"https:\/\/medicinasinc.com\/fr\/wp-json\/wp\/v2\/product\/4871","targetHints":{"allow":["GET"]}}],"collection":[{"href":"https:\/\/medicinasinc.com\/fr\/wp-json\/wp\/v2\/product"}],"about":[{"href":"https:\/\/medicinasinc.com\/fr\/wp-json\/wp\/v2\/types\/product"}],"replies":[{"embeddable":true,"href":"https:\/\/medicinasinc.com\/fr\/wp-json\/wp\/v2\/comments?post=4871"}],"wp:featuredmedia":[{"embeddable":true,"href":"https:\/\/medicinasinc.com\/fr\/wp-json\/wp\/v2\/media\/4885"}],"wp:attachment":[{"href":"https:\/\/medicinasinc.com\/fr\/wp-json\/wp\/v2\/media?parent=4871"}],"wp:term":[{"taxonomy":"product_brand","embeddable":true,"href":"https:\/\/medicinasinc.com\/fr\/wp-json\/wp\/v2\/product_brand?post=4871"},{"taxonomy":"product_cat","embeddable":true,"href":"https:\/\/medicinasinc.com\/fr\/wp-json\/wp\/v2\/product_cat?post=4871"},{"taxonomy":"product_tag","embeddable":true,"href":"https:\/\/medicinasinc.com\/fr\/wp-json\/wp\/v2\/product_tag?post=4871"}],"curies":[{"name":"wp","href":"https:\/\/api.w.org\/{rel}","templated":true}]}}