{"id":4861,"date":"2022-02-20T17:01:48","date_gmt":"2022-02-20T17:01:48","guid":{"rendered":"https:\/\/medicinasinc.com\/fr\/?post_type=product&#038;p=4861"},"modified":"2022-03-17T12:19:35","modified_gmt":"2022-03-17T12:19:35","slug":"acheter-blotters-lsd-100mcg","status":"publish","type":"product","link":"https:\/\/medicinasinc.com\/fr\/product\/acheter-blotters-lsd-100mcg\/","title":{"rendered":"Acheter buvards LSD 100mcg"},"content":{"rendered":"<p>Les buvards LSD 100mcg peuvent \u00eatre achet\u00e9s en ligne.<\/p>\n<p>Les buvards LSD 100mcg peuvent \u00eatre achet\u00e9s en ligne. Nous vendons \u00e9galement des tablettes de LSD. Pour plus d&#8217;informations sur le LSD, veuillez visiter cette page.<\/p>\n<p>Achat en ligne de papier buvard\/sel LSD (Lysergic Acid Diethylamide)<\/p>\n<p>&nbsp;<\/p>\n<p>LSD (Lysergic Acid Diethylamide) Acid Diethylamide), abr\u00e9g\u00e9 LSD ou LSD-25, est une drogue psych\u00e9d\u00e9lique semi-synth\u00e9tique de la famille des ergolines bien connue pour ses effets psychologiques.<br \/> Vous pouvez acheter en ligne du papier buvard LSD (Lysergic Acid Diethylamide) bon march\u00e9 )<br \/> Produits chimiques &amp; Poudres pour la recherche<br \/> Marque non exclusive<br \/> Acide, sels de bain, buvard, papier buvard, produits chimiques, hits, LSD, LSD-25, acide lysergique, di\u00e9thylamide d&#8217;acide lysergique, papier, produits chimiques de recherche et papiers buvards, acide lysergique, di\u00e9thylamide d&#8217;acide lysergique, sel, feuille<\/p>\n","protected":false},"excerpt":{"rendered":"<div class=\"woocommerce-product-details__short-description\">\n<p>Les buvards LSD 100mcg peuvent \u00eatre achet\u00e9s en ligne. Acheter LSD 100mcg BUVARDS en poudre \u00e0 prix r\u00e9duit | O\u00f9 acheter de la poudre LSD 100mcg BUVARDS en ligne. Achat en ligne de BUVARDS Acide Lysergique Di\u00e9thylamide &#8211; BUVARDS LSD \u00e0 vendre<\/p>\n<p>Les d\u00e9taillants en ligne vendent du papier buvard\/sel LSD (acide lysergique di\u00e9thylamide).<br \/> Le prix du produit est le suivant\u00a0: par feuille (papier buvard)<\/p>\n<\/p><\/div>\n","protected":false},"featured_media":4876,"comment_status":"open","ping_status":"closed","template":"","meta":[],"product_brand":[],"product_cat":[703],"product_tag":[745,746,753,752,754,750,761,771,747,758,764,749,760,772,751,755,756,757,762,748,763,770,759,768,769,773,774,775,776,765,766,767],"class_list":{"0":"post-4861","1":"product","2":"type-product","3":"status-publish","4":"has-post-thumbnail","6":"product_cat-acheter-des-medicaments-psychedeliques","7":"product_tag-1p-lsd-acheter-usa","8":"product_tag-1p-lsd-blotter-100-mcg","9":"product_tag-acheter-lsd-buvards-legal-highs-en-ligne","10":"product_tag-acheter-des-feuilles-de-buvard-lsd","11":"product_tag-acheter-acide-lysergique-diethylamide-buvard-liste","12":"product_tag-buvard-acide-a-vendre","13":"product_tag-lsd-buvard-papier-acide","14":"product_tag-acide-lysergique-dithylamide-blotterazzi","15":"product_tag-are-lsd","16":"product_tag-lsd-buvard-art-a-vendre","17":"product_tag-lsd-blotter-shop","18":"product_tag-buvard","19":"product_tag-buvard-lsd-hofmann","20":"product_tag-acide-lysergique-dithylamide-buvardage","21":"product_tag-buy-1-p-lsd","22":"product_tag-comment-pouvez-vous-dire-si-votre-buvard-lsd-est-rel-ou-lun-de-la-famille-2c","23":"product_tag-comment-utilisez-vous-un-blotter-lsd-tab","24":"product_tag-lsd-andra-sa-c2-b6kte-a-c2-a4ven-efter","25":"product_tag-feuille-de-buvard-lsd","26":"product_tag-feuilles-dart-comestibles","27":"product_tag-feuilles-de-buvard-lsd","28":"product_tag-lsd-acheter","29":"product_tag-lsd-blotter-cost","30":"product_tag-lsd-blotters-dose","31":"product_tag-lsd-tabs-buy","32":"product_tag-lysergic-acid-diethylamide-for-sale","33":"product_tag-lysergic-acid-diethylamide-street-names","34":"product_tag-o-puis-je-acheter-du-papier-buvard","35":"product_tag-pourquoi-les-onglets-blotter-lsd-ont-des-conceptions-sur-eux","36":"product_tag-lsd-blotter-site","37":"product_tag-lsd-buvard-stockage","38":"product_tag-lsd-blotter-tab-size","40":"first","41":"instock","42":"shipping-taxable","43":"purchasable","44":"product-type-variable","45":"has-default-attributes"},"yoast_head":"<!-- This site is optimized with the Yoast SEO plugin v27.3 - https:\/\/yoast.com\/product\/yoast-seo-wordpress\/ -->\n<title>Acheter LSD 100mcg BUVARDS - Meilleurs meilleurs m\u00e9dicaments mondiaux<\/title>\n<meta name=\"description\" content=\"Acheter des buvards LSD 100mcg en Europe Royaume-Uni \u00e0 vendre 1-Propionyl-LSD (alias buvards 1P-LSD) \u00e0 un prix avantageux. Cliquez sur le site Web pour commander d\u00e8s aujourd&#039;hui\u00a0!\" \/>\n<meta name=\"robots\" content=\"index, follow, max-snippet:-1, max-image-preview:large, max-video-preview:-1\" \/>\n<link rel=\"canonical\" href=\"https:\/\/medicinasinc.com\/fr\/product\/acheter-blotters-lsd-100mcg\/\" \/>\n<meta property=\"og:locale\" content=\"en_US\" \/>\n<meta property=\"og:type\" content=\"article\" \/>\n<meta property=\"og:title\" content=\"Acheter LSD 100mcg BUVARDS - Meilleurs meilleurs m\u00e9dicaments mondiaux\" \/>\n<meta property=\"og:description\" content=\"Acheter des buvards LSD 100mcg en Europe Royaume-Uni \u00e0 vendre 1-Propionyl-LSD (alias buvards 1P-LSD) \u00e0 un prix avantageux. Cliquez sur le site Web pour commander d\u00e8s aujourd&#039;hui\u00a0!\" \/>\n<meta property=\"og:url\" content=\"https:\/\/medicinasinc.com\/fr\/product\/acheter-blotters-lsd-100mcg\/\" \/>\n<meta property=\"og:site_name\" content=\"Medicinas Inc\" \/>\n<meta property=\"article:modified_time\" content=\"2022-03-17T12:19:35+00:00\" \/>\n<meta property=\"og:image\" content=\"https:\/\/medicinasinc.com\/fr\/wp-content\/uploads\/sites\/5\/2022\/02\/Buy-LSD-100mcg-blotters-1.jpg\" \/>\n\t<meta property=\"og:image:width\" content=\"960\" \/>\n\t<meta property=\"og:image:height\" content=\"720\" \/>\n\t<meta property=\"og:image:type\" content=\"image\/jpeg\" \/>\n<meta name=\"twitter:card\" content=\"summary_large_image\" \/>\n<meta name=\"twitter:label1\" content=\"Est. reading time\" \/>\n\t<meta name=\"twitter:data1\" content=\"1 minute\" \/>\n<script type=\"application\/ld+json\" class=\"yoast-schema-graph\">{\"@context\":\"https:\\\/\\\/schema.org\",\"@graph\":[{\"@type\":\"WebPage\",\"@id\":\"https:\\\/\\\/medicinasinc.com\\\/fr\\\/product\\\/acheter-blotters-lsd-100mcg\\\/\",\"url\":\"https:\\\/\\\/medicinasinc.com\\\/fr\\\/product\\\/acheter-blotters-lsd-100mcg\\\/\",\"name\":\"Acheter LSD 100mcg BUVARDS - Meilleurs meilleurs m\u00e9dicaments mondiaux\",\"isPartOf\":{\"@id\":\"https:\\\/\\\/medicinasinc.com\\\/fr\\\/#website\"},\"primaryImageOfPage\":{\"@id\":\"https:\\\/\\\/medicinasinc.com\\\/fr\\\/product\\\/acheter-blotters-lsd-100mcg\\\/#primaryimage\"},\"image\":{\"@id\":\"https:\\\/\\\/medicinasinc.com\\\/fr\\\/product\\\/acheter-blotters-lsd-100mcg\\\/#primaryimage\"},\"thumbnailUrl\":\"https:\\\/\\\/medicinasinc.com\\\/fr\\\/wp-content\\\/uploads\\\/sites\\\/5\\\/2022\\\/02\\\/Buy-LSD-100mcg-blotters-1.jpg\",\"datePublished\":\"2022-02-20T17:01:48+00:00\",\"dateModified\":\"2022-03-17T12:19:35+00:00\",\"description\":\"Acheter des buvards LSD 100mcg en Europe Royaume-Uni \u00e0 vendre 1-Propionyl-LSD (alias buvards 1P-LSD) \u00e0 un prix avantageux. Cliquez sur le site Web pour commander d\u00e8s aujourd'hui\u00a0!\",\"breadcrumb\":{\"@id\":\"https:\\\/\\\/medicinasinc.com\\\/fr\\\/product\\\/acheter-blotters-lsd-100mcg\\\/#breadcrumb\"},\"inLanguage\":\"en-US\",\"potentialAction\":[{\"@type\":\"ReadAction\",\"target\":[\"https:\\\/\\\/medicinasinc.com\\\/fr\\\/product\\\/acheter-blotters-lsd-100mcg\\\/\"]}]},{\"@type\":\"ImageObject\",\"inLanguage\":\"en-US\",\"@id\":\"https:\\\/\\\/medicinasinc.com\\\/fr\\\/product\\\/acheter-blotters-lsd-100mcg\\\/#primaryimage\",\"url\":\"https:\\\/\\\/medicinasinc.com\\\/fr\\\/wp-content\\\/uploads\\\/sites\\\/5\\\/2022\\\/02\\\/Buy-LSD-100mcg-blotters-1.jpg\",\"contentUrl\":\"https:\\\/\\\/medicinasinc.com\\\/fr\\\/wp-content\\\/uploads\\\/sites\\\/5\\\/2022\\\/02\\\/Buy-LSD-100mcg-blotters-1.jpg\",\"width\":960,\"height\":720},{\"@type\":\"BreadcrumbList\",\"@id\":\"https:\\\/\\\/medicinasinc.com\\\/fr\\\/product\\\/acheter-blotters-lsd-100mcg\\\/#breadcrumb\",\"itemListElement\":[{\"@type\":\"ListItem\",\"position\":1,\"name\":\"Boutique\",\"item\":\"https:\\\/\\\/medicinasinc.com\\\/fr\\\/boutique\\\/\"},{\"@type\":\"ListItem\",\"position\":2,\"name\":\"Acheter buvards LSD 100mcg\"}]},{\"@type\":\"WebSite\",\"@id\":\"https:\\\/\\\/medicinasinc.com\\\/fr\\\/#website\",\"url\":\"https:\\\/\\\/medicinasinc.com\\\/fr\\\/\",\"name\":\"Medicinas Inc\",\"description\":\"Health Medical Clinic\",\"potentialAction\":[{\"@type\":\"SearchAction\",\"target\":{\"@type\":\"EntryPoint\",\"urlTemplate\":\"https:\\\/\\\/medicinasinc.com\\\/fr\\\/?s={search_term_string}\"},\"query-input\":{\"@type\":\"PropertyValueSpecification\",\"valueRequired\":true,\"valueName\":\"search_term_string\"}}],\"inLanguage\":\"en-US\"}]}<\/script>\n<!-- \/ Yoast SEO plugin. -->","yoast_head_json":{"title":"Acheter LSD 100mcg BUVARDS - Meilleurs meilleurs m\u00e9dicaments mondiaux","description":"Acheter des buvards LSD 100mcg en Europe Royaume-Uni \u00e0 vendre 1-Propionyl-LSD (alias buvards 1P-LSD) \u00e0 un prix avantageux. Cliquez sur le site Web pour commander d\u00e8s aujourd'hui\u00a0!","robots":{"index":"index","follow":"follow","max-snippet":"max-snippet:-1","max-image-preview":"max-image-preview:large","max-video-preview":"max-video-preview:-1"},"canonical":"https:\/\/medicinasinc.com\/fr\/product\/acheter-blotters-lsd-100mcg\/","og_locale":"en_US","og_type":"article","og_title":"Acheter LSD 100mcg BUVARDS - Meilleurs meilleurs m\u00e9dicaments mondiaux","og_description":"Acheter des buvards LSD 100mcg en Europe Royaume-Uni \u00e0 vendre 1-Propionyl-LSD (alias buvards 1P-LSD) \u00e0 un prix avantageux. Cliquez sur le site Web pour commander d\u00e8s aujourd'hui\u00a0!","og_url":"https:\/\/medicinasinc.com\/fr\/product\/acheter-blotters-lsd-100mcg\/","og_site_name":"Medicinas Inc","article_modified_time":"2022-03-17T12:19:35+00:00","og_image":[{"width":960,"height":720,"url":"https:\/\/medicinasinc.com\/fr\/wp-content\/uploads\/sites\/5\/2022\/02\/Buy-LSD-100mcg-blotters-1.jpg","type":"image\/jpeg"}],"twitter_card":"summary_large_image","twitter_misc":{"Est. reading time":"1 minute"},"schema":{"@context":"https:\/\/schema.org","@graph":[{"@type":"WebPage","@id":"https:\/\/medicinasinc.com\/fr\/product\/acheter-blotters-lsd-100mcg\/","url":"https:\/\/medicinasinc.com\/fr\/product\/acheter-blotters-lsd-100mcg\/","name":"Acheter LSD 100mcg BUVARDS - Meilleurs meilleurs m\u00e9dicaments mondiaux","isPartOf":{"@id":"https:\/\/medicinasinc.com\/fr\/#website"},"primaryImageOfPage":{"@id":"https:\/\/medicinasinc.com\/fr\/product\/acheter-blotters-lsd-100mcg\/#primaryimage"},"image":{"@id":"https:\/\/medicinasinc.com\/fr\/product\/acheter-blotters-lsd-100mcg\/#primaryimage"},"thumbnailUrl":"https:\/\/medicinasinc.com\/fr\/wp-content\/uploads\/sites\/5\/2022\/02\/Buy-LSD-100mcg-blotters-1.jpg","datePublished":"2022-02-20T17:01:48+00:00","dateModified":"2022-03-17T12:19:35+00:00","description":"Acheter des buvards LSD 100mcg en Europe Royaume-Uni \u00e0 vendre 1-Propionyl-LSD (alias buvards 1P-LSD) \u00e0 un prix avantageux. Cliquez sur le site Web pour commander d\u00e8s aujourd'hui\u00a0!","breadcrumb":{"@id":"https:\/\/medicinasinc.com\/fr\/product\/acheter-blotters-lsd-100mcg\/#breadcrumb"},"inLanguage":"en-US","potentialAction":[{"@type":"ReadAction","target":["https:\/\/medicinasinc.com\/fr\/product\/acheter-blotters-lsd-100mcg\/"]}]},{"@type":"ImageObject","inLanguage":"en-US","@id":"https:\/\/medicinasinc.com\/fr\/product\/acheter-blotters-lsd-100mcg\/#primaryimage","url":"https:\/\/medicinasinc.com\/fr\/wp-content\/uploads\/sites\/5\/2022\/02\/Buy-LSD-100mcg-blotters-1.jpg","contentUrl":"https:\/\/medicinasinc.com\/fr\/wp-content\/uploads\/sites\/5\/2022\/02\/Buy-LSD-100mcg-blotters-1.jpg","width":960,"height":720},{"@type":"BreadcrumbList","@id":"https:\/\/medicinasinc.com\/fr\/product\/acheter-blotters-lsd-100mcg\/#breadcrumb","itemListElement":[{"@type":"ListItem","position":1,"name":"Boutique","item":"https:\/\/medicinasinc.com\/fr\/boutique\/"},{"@type":"ListItem","position":2,"name":"Acheter buvards LSD 100mcg"}]},{"@type":"WebSite","@id":"https:\/\/medicinasinc.com\/fr\/#website","url":"https:\/\/medicinasinc.com\/fr\/","name":"Medicinas Inc","description":"Health Medical Clinic","potentialAction":[{"@type":"SearchAction","target":{"@type":"EntryPoint","urlTemplate":"https:\/\/medicinasinc.com\/fr\/?s={search_term_string}"},"query-input":{"@type":"PropertyValueSpecification","valueRequired":true,"valueName":"search_term_string"}}],"inLanguage":"en-US"}]}},"_links":{"self":[{"href":"https:\/\/medicinasinc.com\/fr\/wp-json\/wp\/v2\/product\/4861","targetHints":{"allow":["GET"]}}],"collection":[{"href":"https:\/\/medicinasinc.com\/fr\/wp-json\/wp\/v2\/product"}],"about":[{"href":"https:\/\/medicinasinc.com\/fr\/wp-json\/wp\/v2\/types\/product"}],"replies":[{"embeddable":true,"href":"https:\/\/medicinasinc.com\/fr\/wp-json\/wp\/v2\/comments?post=4861"}],"wp:featuredmedia":[{"embeddable":true,"href":"https:\/\/medicinasinc.com\/fr\/wp-json\/wp\/v2\/media\/4876"}],"wp:attachment":[{"href":"https:\/\/medicinasinc.com\/fr\/wp-json\/wp\/v2\/media?parent=4861"}],"wp:term":[{"taxonomy":"product_brand","embeddable":true,"href":"https:\/\/medicinasinc.com\/fr\/wp-json\/wp\/v2\/product_brand?post=4861"},{"taxonomy":"product_cat","embeddable":true,"href":"https:\/\/medicinasinc.com\/fr\/wp-json\/wp\/v2\/product_cat?post=4861"},{"taxonomy":"product_tag","embeddable":true,"href":"https:\/\/medicinasinc.com\/fr\/wp-json\/wp\/v2\/product_tag?post=4861"}],"curies":[{"name":"wp","href":"https:\/\/api.w.org\/{rel}","templated":true}]}}