{"id":4859,"date":"2022-02-20T17:00:55","date_gmt":"2022-02-20T17:00:55","guid":{"rendered":"https:\/\/medicinasinc.com\/fr\/?post_type=product&#038;p=4859"},"modified":"2022-03-17T12:19:45","modified_gmt":"2022-03-17T12:19:45","slug":"acheter-qualite-al-lad-buvards","status":"publish","type":"product","link":"https:\/\/medicinasinc.com\/fr\/product\/acheter-qualite-al-lad-buvards\/","title":{"rendered":"Acheter des buvards AL-LAD de qualit\u00e9"},"content":{"rendered":"<p>Achetez des buvards AL-LAD bon march\u00e9 en ligne. 150\u00a0mcg de buvards AL-LAD.<\/p>\n<p>Qu&#8217;est-ce que l&#8217;AL-LAD\u00a0?<\/p>\n<p>6-allyl-6-nor-<\/p>\n<p>AL-LAD, plus commun\u00e9ment appel\u00e9 comme le LSD, est une drogue psych\u00e9d\u00e9lique aux propri\u00e9t\u00e9s similaires au LSD (di\u00e9thylamide de l&#8217;acide lysergique). Il a \u00e9t\u00e9 synth\u00e9tis\u00e9 pour la premi\u00e8re fois en 1976 et est depuis devenu une drogue populaire sur le march\u00e9 des &#8220;produits chimiques de recherche&#8221; et des &#8220;nouvelles substances psychoactives&#8221;. AL-LAD produit un &#8220;trip&#8221; psychoactif tr\u00e8s similaire \u00e0 celui du LSD.<\/p>\n<p>AL-LAD a d&#8217;abord \u00e9t\u00e9 utilis\u00e9 \u00e0 des fins r\u00e9cr\u00e9atives en Irlande et au Royaume-Uni. Il a \u00e9t\u00e9 pr\u00e9sent\u00e9 dans le livre TIHKAL (Tryptamines I Have Known And Loved) d&#8217;Alexander Shulgin en 1997. En cons\u00e9quence, la popularit\u00e9 du m\u00e9dicament s&#8217;est r\u00e9pandue dans le monde entier. Aujourd&#8217;hui, des gens du monde entier, y compris aux \u00c9tats-Unis, exp\u00e9rimentent cette drogue.<\/p>\n<p>Le statut juridique d&#8217;AL-LAD est quelque peu ambigu. Il n&#8217;est pas class\u00e9 comme substance contr\u00f4l\u00e9e en vertu de la loi f\u00e9d\u00e9rale aux \u00c9tats-Unis. Cependant, il s&#8217;agit d&#8217;un analogue du LSD, ce qui signifie que la vente ou la possession dans l&#8217;intention de distribuer peut entra\u00eener des poursuites en vertu de la loi f\u00e9d\u00e9rale sur les analogues.<\/p>\n<p>Les voyages AL-LAD ressemblent aux voyages LSD dans la majorit\u00e9 des cas. Le m\u00e9dicament est pris par voie orale, souvent via des papiers buvards. En cons\u00e9quence, les effets commencent \u00e0 se manifester vingt minutes \u00e0 une heure apr\u00e8s la consommation. Les utilisateurs rencontreront les \u00e9l\u00e9ments suivants\u00a0:<\/p>\n<p>Stimulation ou augmentation de l&#8217;\u00e9nergie<br \/> Euphorie<br \/> Picotement ou engourdissement des extr\u00e9mit\u00e9s<br \/> Sensibilisation<br \/> D\u00e9sorientation visuelle<br \/> Hallucinations<\/p>\n<p>Parmi les effets ind\u00e9sirables possibles de l&#8217;utilisation d&#8217;AL-LAD figurent les suivants\u00a0:<br \/> Difficult\u00e9 \u00e0 se concentrer ou \u00e0 penser<br \/> Augmentation de la fr\u00e9quence cardiaque<br \/> Fluctuations de temp\u00e9rature dans le corps<br \/> Naus\u00e9es<br \/> D\u00e9lires<br \/> Boucles de pens\u00e9es n\u00e9gatives<br \/> Constriction des vaisseaux (resserrement des vaisseaux sanguins)<br \/> Convulsions<\/p>\n<p>Le LSD est l&#8217;une des substances psych\u00e9d\u00e9liques les plus \u00e9tudi\u00e9es. Malgr\u00e9 l&#8217;\u00e9tiquette \u00ab\u00a0m\u00e9dicament de recherche\u00a0\u00bb, tr\u00e8s peu de recherches scientifiques r\u00e9elles ont \u00e9t\u00e9 men\u00e9es sur AL-LAD. Cela signifie que la liste des cons\u00e9quences imm\u00e9diates peut ne pas \u00eatre exhaustive. De plus, il existe peu ou pas de recherches sur les effets \u00e0 long terme de la drogue.<\/p>\n<p>L&#8217;abus prolong\u00e9 d&#8217;hallucinog\u00e8nes peut avoir diverses cons\u00e9quences n\u00e9gatives. HPPD est une condition dans laquelle une personne \u00e9prouve des flashbacks spontan\u00e9s de distorsions visuelles ou d&#8217;hallucinations. Ce trouble chronique a \u00e9t\u00e9 observ\u00e9 chez des personnes ayant consomm\u00e9 diverses substances hallucinog\u00e8nes, notamment du LSD, des champignons et du DMT.<\/p>\n","protected":false},"excerpt":{"rendered":"<p>Achetez des buvards AL-LAD bon march\u00e9 \u00e0 vendre au Royaume-Uni, en Europe en ligne. Le 6-allyl-6-nor-LSD est un lysergamide psych\u00e9d\u00e9lique \u00e9galement connu sous le nom d&#8217;AL LAD (di\u00e9thylamide de l&#8217;acide lysergique). 150mcg buvards AL-LAD.<\/p>\n<p>La commande minimum est de 15 buvards.<\/p>\n","protected":false},"featured_media":4874,"comment_status":"open","ping_status":"closed","template":"","meta":[],"product_brand":[],"product_cat":[703],"product_tag":[],"class_list":{"0":"post-4859","1":"product","2":"type-product","3":"status-publish","4":"has-post-thumbnail","6":"product_cat-acheter-des-medicaments-psychedeliques","8":"first","9":"instock","10":"shipping-taxable","11":"purchasable","12":"product-type-variable","13":"has-default-attributes"},"yoast_head":"<!-- This site is optimized with the Yoast SEO plugin v27.3 - https:\/\/yoast.com\/product\/yoast-seo-wordpress\/ -->\n<title>Acheter des buvards AL-LAD de qualit\u00e9 - Best Best Global Meds<\/title>\n<meta name=\"description\" content=\"Acheter des buvards AL-LAD pas cher \u00e0 vendre au Royaume-Uni, en Europe en ligne. Le 6-allyl-6-nor-LSD est un lysergamide psych\u00e9d\u00e9lique \u00e9galement connu sous le nom d&#039;AL LAD (di\u00e9thylamide de l&#039;acide lysergique). 150 mcg de buvards AL-LAD.\" \/>\n<meta name=\"robots\" content=\"index, follow, max-snippet:-1, max-image-preview:large, max-video-preview:-1\" \/>\n<link rel=\"canonical\" href=\"https:\/\/medicinasinc.com\/fr\/product\/acheter-qualite-al-lad-buvards\/\" \/>\n<meta property=\"og:locale\" content=\"en_US\" \/>\n<meta property=\"og:type\" content=\"article\" \/>\n<meta property=\"og:title\" content=\"Acheter des buvards AL-LAD de qualit\u00e9 - Best Best Global Meds\" \/>\n<meta property=\"og:description\" content=\"Acheter des buvards AL-LAD pas cher \u00e0 vendre au Royaume-Uni, en Europe en ligne. Le 6-allyl-6-nor-LSD est un lysergamide psych\u00e9d\u00e9lique \u00e9galement connu sous le nom d&#039;AL LAD (di\u00e9thylamide de l&#039;acide lysergique). 150 mcg de buvards AL-LAD.\" \/>\n<meta property=\"og:url\" content=\"https:\/\/medicinasinc.com\/fr\/product\/acheter-qualite-al-lad-buvards\/\" \/>\n<meta property=\"og:site_name\" content=\"Medicinas Inc\" \/>\n<meta property=\"article:modified_time\" content=\"2022-03-17T12:19:45+00:00\" \/>\n<meta property=\"og:image\" content=\"https:\/\/medicinasinc.com\/fr\/wp-content\/uploads\/sites\/5\/2022\/02\/Buy-Quality-AL-LAD-blotters.jpg\" \/>\n\t<meta property=\"og:image:width\" content=\"225\" \/>\n\t<meta property=\"og:image:height\" content=\"225\" \/>\n\t<meta property=\"og:image:type\" content=\"image\/jpeg\" \/>\n<meta name=\"twitter:card\" content=\"summary_large_image\" \/>\n<meta name=\"twitter:label1\" content=\"Est. reading time\" \/>\n\t<meta name=\"twitter:data1\" content=\"2 minutes\" \/>\n<script type=\"application\/ld+json\" class=\"yoast-schema-graph\">{\"@context\":\"https:\\\/\\\/schema.org\",\"@graph\":[{\"@type\":\"WebPage\",\"@id\":\"https:\\\/\\\/medicinasinc.com\\\/fr\\\/product\\\/acheter-qualite-al-lad-buvards\\\/\",\"url\":\"https:\\\/\\\/medicinasinc.com\\\/fr\\\/product\\\/acheter-qualite-al-lad-buvards\\\/\",\"name\":\"Acheter des buvards AL-LAD de qualit\u00e9 - Best Best Global Meds\",\"isPartOf\":{\"@id\":\"https:\\\/\\\/medicinasinc.com\\\/fr\\\/#website\"},\"primaryImageOfPage\":{\"@id\":\"https:\\\/\\\/medicinasinc.com\\\/fr\\\/product\\\/acheter-qualite-al-lad-buvards\\\/#primaryimage\"},\"image\":{\"@id\":\"https:\\\/\\\/medicinasinc.com\\\/fr\\\/product\\\/acheter-qualite-al-lad-buvards\\\/#primaryimage\"},\"thumbnailUrl\":\"https:\\\/\\\/medicinasinc.com\\\/fr\\\/wp-content\\\/uploads\\\/sites\\\/5\\\/2022\\\/02\\\/Buy-Quality-AL-LAD-blotters.jpg\",\"datePublished\":\"2022-02-20T17:00:55+00:00\",\"dateModified\":\"2022-03-17T12:19:45+00:00\",\"description\":\"Acheter des buvards AL-LAD pas cher \u00e0 vendre au Royaume-Uni, en Europe en ligne. Le 6-allyl-6-nor-LSD est un lysergamide psych\u00e9d\u00e9lique \u00e9galement connu sous le nom d'AL LAD (di\u00e9thylamide de l'acide lysergique). 150 mcg de buvards AL-LAD.\",\"breadcrumb\":{\"@id\":\"https:\\\/\\\/medicinasinc.com\\\/fr\\\/product\\\/acheter-qualite-al-lad-buvards\\\/#breadcrumb\"},\"inLanguage\":\"en-US\",\"potentialAction\":[{\"@type\":\"ReadAction\",\"target\":[\"https:\\\/\\\/medicinasinc.com\\\/fr\\\/product\\\/acheter-qualite-al-lad-buvards\\\/\"]}]},{\"@type\":\"ImageObject\",\"inLanguage\":\"en-US\",\"@id\":\"https:\\\/\\\/medicinasinc.com\\\/fr\\\/product\\\/acheter-qualite-al-lad-buvards\\\/#primaryimage\",\"url\":\"https:\\\/\\\/medicinasinc.com\\\/fr\\\/wp-content\\\/uploads\\\/sites\\\/5\\\/2022\\\/02\\\/Buy-Quality-AL-LAD-blotters.jpg\",\"contentUrl\":\"https:\\\/\\\/medicinasinc.com\\\/fr\\\/wp-content\\\/uploads\\\/sites\\\/5\\\/2022\\\/02\\\/Buy-Quality-AL-LAD-blotters.jpg\",\"width\":225,\"height\":225},{\"@type\":\"BreadcrumbList\",\"@id\":\"https:\\\/\\\/medicinasinc.com\\\/fr\\\/product\\\/acheter-qualite-al-lad-buvards\\\/#breadcrumb\",\"itemListElement\":[{\"@type\":\"ListItem\",\"position\":1,\"name\":\"Boutique\",\"item\":\"https:\\\/\\\/medicinasinc.com\\\/fr\\\/boutique\\\/\"},{\"@type\":\"ListItem\",\"position\":2,\"name\":\"Acheter des buvards AL-LAD de qualit\u00e9\"}]},{\"@type\":\"WebSite\",\"@id\":\"https:\\\/\\\/medicinasinc.com\\\/fr\\\/#website\",\"url\":\"https:\\\/\\\/medicinasinc.com\\\/fr\\\/\",\"name\":\"Medicinas Inc\",\"description\":\"Health Medical Clinic\",\"potentialAction\":[{\"@type\":\"SearchAction\",\"target\":{\"@type\":\"EntryPoint\",\"urlTemplate\":\"https:\\\/\\\/medicinasinc.com\\\/fr\\\/?s={search_term_string}\"},\"query-input\":{\"@type\":\"PropertyValueSpecification\",\"valueRequired\":true,\"valueName\":\"search_term_string\"}}],\"inLanguage\":\"en-US\"}]}<\/script>\n<!-- \/ Yoast SEO plugin. -->","yoast_head_json":{"title":"Acheter des buvards AL-LAD de qualit\u00e9 - Best Best Global Meds","description":"Acheter des buvards AL-LAD pas cher \u00e0 vendre au Royaume-Uni, en Europe en ligne. Le 6-allyl-6-nor-LSD est un lysergamide psych\u00e9d\u00e9lique \u00e9galement connu sous le nom d'AL LAD (di\u00e9thylamide de l'acide lysergique). 150 mcg de buvards AL-LAD.","robots":{"index":"index","follow":"follow","max-snippet":"max-snippet:-1","max-image-preview":"max-image-preview:large","max-video-preview":"max-video-preview:-1"},"canonical":"https:\/\/medicinasinc.com\/fr\/product\/acheter-qualite-al-lad-buvards\/","og_locale":"en_US","og_type":"article","og_title":"Acheter des buvards AL-LAD de qualit\u00e9 - Best Best Global Meds","og_description":"Acheter des buvards AL-LAD pas cher \u00e0 vendre au Royaume-Uni, en Europe en ligne. Le 6-allyl-6-nor-LSD est un lysergamide psych\u00e9d\u00e9lique \u00e9galement connu sous le nom d'AL LAD (di\u00e9thylamide de l'acide lysergique). 150 mcg de buvards AL-LAD.","og_url":"https:\/\/medicinasinc.com\/fr\/product\/acheter-qualite-al-lad-buvards\/","og_site_name":"Medicinas Inc","article_modified_time":"2022-03-17T12:19:45+00:00","og_image":[{"width":225,"height":225,"url":"https:\/\/medicinasinc.com\/fr\/wp-content\/uploads\/sites\/5\/2022\/02\/Buy-Quality-AL-LAD-blotters.jpg","type":"image\/jpeg"}],"twitter_card":"summary_large_image","twitter_misc":{"Est. reading time":"2 minutes"},"schema":{"@context":"https:\/\/schema.org","@graph":[{"@type":"WebPage","@id":"https:\/\/medicinasinc.com\/fr\/product\/acheter-qualite-al-lad-buvards\/","url":"https:\/\/medicinasinc.com\/fr\/product\/acheter-qualite-al-lad-buvards\/","name":"Acheter des buvards AL-LAD de qualit\u00e9 - Best Best Global Meds","isPartOf":{"@id":"https:\/\/medicinasinc.com\/fr\/#website"},"primaryImageOfPage":{"@id":"https:\/\/medicinasinc.com\/fr\/product\/acheter-qualite-al-lad-buvards\/#primaryimage"},"image":{"@id":"https:\/\/medicinasinc.com\/fr\/product\/acheter-qualite-al-lad-buvards\/#primaryimage"},"thumbnailUrl":"https:\/\/medicinasinc.com\/fr\/wp-content\/uploads\/sites\/5\/2022\/02\/Buy-Quality-AL-LAD-blotters.jpg","datePublished":"2022-02-20T17:00:55+00:00","dateModified":"2022-03-17T12:19:45+00:00","description":"Acheter des buvards AL-LAD pas cher \u00e0 vendre au Royaume-Uni, en Europe en ligne. Le 6-allyl-6-nor-LSD est un lysergamide psych\u00e9d\u00e9lique \u00e9galement connu sous le nom d'AL LAD (di\u00e9thylamide de l'acide lysergique). 150 mcg de buvards AL-LAD.","breadcrumb":{"@id":"https:\/\/medicinasinc.com\/fr\/product\/acheter-qualite-al-lad-buvards\/#breadcrumb"},"inLanguage":"en-US","potentialAction":[{"@type":"ReadAction","target":["https:\/\/medicinasinc.com\/fr\/product\/acheter-qualite-al-lad-buvards\/"]}]},{"@type":"ImageObject","inLanguage":"en-US","@id":"https:\/\/medicinasinc.com\/fr\/product\/acheter-qualite-al-lad-buvards\/#primaryimage","url":"https:\/\/medicinasinc.com\/fr\/wp-content\/uploads\/sites\/5\/2022\/02\/Buy-Quality-AL-LAD-blotters.jpg","contentUrl":"https:\/\/medicinasinc.com\/fr\/wp-content\/uploads\/sites\/5\/2022\/02\/Buy-Quality-AL-LAD-blotters.jpg","width":225,"height":225},{"@type":"BreadcrumbList","@id":"https:\/\/medicinasinc.com\/fr\/product\/acheter-qualite-al-lad-buvards\/#breadcrumb","itemListElement":[{"@type":"ListItem","position":1,"name":"Boutique","item":"https:\/\/medicinasinc.com\/fr\/boutique\/"},{"@type":"ListItem","position":2,"name":"Acheter des buvards AL-LAD de qualit\u00e9"}]},{"@type":"WebSite","@id":"https:\/\/medicinasinc.com\/fr\/#website","url":"https:\/\/medicinasinc.com\/fr\/","name":"Medicinas Inc","description":"Health Medical Clinic","potentialAction":[{"@type":"SearchAction","target":{"@type":"EntryPoint","urlTemplate":"https:\/\/medicinasinc.com\/fr\/?s={search_term_string}"},"query-input":{"@type":"PropertyValueSpecification","valueRequired":true,"valueName":"search_term_string"}}],"inLanguage":"en-US"}]}},"_links":{"self":[{"href":"https:\/\/medicinasinc.com\/fr\/wp-json\/wp\/v2\/product\/4859","targetHints":{"allow":["GET"]}}],"collection":[{"href":"https:\/\/medicinasinc.com\/fr\/wp-json\/wp\/v2\/product"}],"about":[{"href":"https:\/\/medicinasinc.com\/fr\/wp-json\/wp\/v2\/types\/product"}],"replies":[{"embeddable":true,"href":"https:\/\/medicinasinc.com\/fr\/wp-json\/wp\/v2\/comments?post=4859"}],"wp:featuredmedia":[{"embeddable":true,"href":"https:\/\/medicinasinc.com\/fr\/wp-json\/wp\/v2\/media\/4874"}],"wp:attachment":[{"href":"https:\/\/medicinasinc.com\/fr\/wp-json\/wp\/v2\/media?parent=4859"}],"wp:term":[{"taxonomy":"product_brand","embeddable":true,"href":"https:\/\/medicinasinc.com\/fr\/wp-json\/wp\/v2\/product_brand?post=4859"},{"taxonomy":"product_cat","embeddable":true,"href":"https:\/\/medicinasinc.com\/fr\/wp-json\/wp\/v2\/product_cat?post=4859"},{"taxonomy":"product_tag","embeddable":true,"href":"https:\/\/medicinasinc.com\/fr\/wp-json\/wp\/v2\/product_tag?post=4859"}],"curies":[{"name":"wp","href":"https:\/\/api.w.org\/{rel}","templated":true}]}}