{"id":4854,"date":"2022-02-20T16:56:44","date_gmt":"2022-02-20T16:56:44","guid":{"rendered":"https:\/\/medicinasinc.com\/fr\/?post_type=product&#038;p=4854"},"modified":"2022-03-17T12:19:57","modified_gmt":"2022-03-17T12:19:57","slug":"acheter-lsd-liquide-200ug-goutte","status":"publish","type":"product","link":"https:\/\/medicinasinc.com\/fr\/product\/acheter-lsd-liquide-200ug-goutte\/","title":{"rendered":"Acheter goutte de LSD liquide 200ug"},"content":{"rendered":"<p>Acheter du LSD liquide 200ug &amp; d\u00e9poser en ligne \u00e0 un prix r\u00e9duit.<\/p>\n<p>Qu&#8217;est-ce que le LSD liquide\u00a0?<\/p>\n<p>Le LSD, ou di\u00e9thylamide de l&#8217;acide lysergique, est une substance hallucinog\u00e8ne d\u00e9riv\u00e9e d&#8217;un produit chimique pr\u00e9sent dans le champignon du seigle. Il est surtout connu pour son utilisation dans la contre-culture des ann\u00e9es 1960, et son interdiction ult\u00e9rieure lui a valu une r\u00e9putation principalement n\u00e9gative.<\/p>\n<p>Albert Hofmann, un scientifique suisse, a synth\u00e9tis\u00e9 le LSD en 1938 dans son laboratoire de Zurich. En 1943, lorsqu&#8217;une infime quantit\u00e9 est entr\u00e9e en contact avec sa peau, il a d\u00e9couvert de mani\u00e8re inattendue ses propri\u00e9t\u00e9s hallucinog\u00e8nes.<\/p>\n<p>Acheter du LSD Le LSD est un hallucinog\u00e8ne tr\u00e8s puissant avec d&#8217;\u00e9normes implications th\u00e9rapeutiques, spirituelles et culturelles.<\/p>\n<p>Achetez du LSD liquide 200ug &amp; goutte en ligne \u00e0 prix r\u00e9duit &#8211; Pharmacologie<\/p>\n<p>Lorsqu&#8217;il est ing\u00e9r\u00e9, le LSD agit comme un activateur des r\u00e9cepteurs 5-HT (s\u00e9rotonine) tout en augmentant de mani\u00e8re significative les niveaux de s\u00e9rotonine dans le cerveau en inhibant les syst\u00e8mes de r\u00e9gulation de la s\u00e9rotonine. Achetez du LSD liquide 200ug &amp; d\u00e9poser en ligne \u00e0 un prix r\u00e9duit. 200ug LSD liquide prix LSD Le LSD pr\u00e9f\u00e8re le sous-type 2A des 15 r\u00e9cepteurs de la s\u00e9rotonine trouv\u00e9s dans le cerveau (5-HT2A). Le r\u00e9cepteur 5-HT2A est impliqu\u00e9 dans les processus cognitifs du cortex pr\u00e9frontal. Ceci est essentiel, car de nombreux avantages du LSD proviennent de son implication dans le cortex pr\u00e9frontal.<\/p>\n<p>Comment le LSD est-il synth\u00e9tis\u00e9\u00a0?<\/p>\n<p>La production de LSD n\u00e9cessite une solide connaissance pratique de la chimie organique, un laboratoire enti\u00e8rement \u00e9quip\u00e9 (y compris la capacit\u00e9 de st\u00e9riliser le mat\u00e9riel et l&#8217;acc\u00e8s \u00e0 une chambre noire), et plusieurs produits chimiques qui sont soit actuellement interdits de vente, soit soumis \u00e0 une surveillance \u00e9troite par la Drug Enforcement Agency (DEA). Contrairement aux produits chimiques utilis\u00e9s pour fabriquer de la m\u00e9thamph\u00e9tamine, on ne les trouve pas dans les articles m\u00e9nagers couramment utilis\u00e9s.<\/p>\n<p>On pense que le cortex pr\u00e9frontal est impliqu\u00e9 dans la planification complexe du comportement cognitif, l&#8217;expression de la personnalit\u00e9, la prise de d\u00e9cision et la mod\u00e9ration du comportement social. . Achetez du LSD liquide 200ug &amp; d\u00e9poser en ligne \u00e0 un prix r\u00e9duit. De plus, il est essentiel pour la capacit\u00e9 d&#8217;un humain \u00e0 traiter les donn\u00e9es de tous les autres syst\u00e8mes c\u00e9r\u00e9braux et \u00e0 prendre des d\u00e9cisions cibl\u00e9es en cons\u00e9quence.<\/p>\n<p>Le di\u00e9thylamide de l&#8217;acide lysergique, plus commun\u00e9ment appel\u00e9 LSD, est une substance psychoactive qui alt\u00e8re la perception et provoque des hallucinations.<\/p>\n","protected":false},"excerpt":{"rendered":"<p>Lot de 200ug de LSD liquide \u00e0 vendre au Royaume-Uni et en Europe au meilleur prix du march\u00e9. Tous nos produits sont fabriqu\u00e9s avec des ingr\u00e9dients enti\u00e8rement naturels et sans THC. Passez votre commande en ligne maintenant !<\/p>\n<p>Achetez du lsd liquide 200ug &amp; d\u00e9poser en ligne \u00e0 un prix r\u00e9duit. Acheter du LSD est un processus simple ; il est facilement disponible en ligne aux \u00c9tats-Unis d&#8217;Am\u00e9rique.<\/p>\n<p>Co\u00fbt de 200\u00a0ug &amp;#8211\u00a0; 350<\/p>\n<p>&nbsp;<\/p>\n<p>&nbsp;<\/p>\n","protected":false},"featured_media":4868,"comment_status":"open","ping_status":"closed","template":"","meta":[],"product_brand":[],"product_cat":[703],"product_tag":[],"class_list":{"0":"post-4854","1":"product","2":"type-product","3":"status-publish","4":"has-post-thumbnail","6":"product_cat-acheter-des-medicaments-psychedeliques","8":"first","9":"instock","10":"shipping-taxable","11":"purchasable","12":"product-type-simple"},"yoast_head":"<!-- This site is optimized with the Yoast SEO plugin v27.3 - https:\/\/yoast.com\/product\/yoast-seo-wordpress\/ -->\n<title>Acheter du LSD liquide 200ug Drop - Best Best Global Meds<\/title>\n<meta name=\"description\" content=\"Achetez LSD Liquid 200ug drop au Royaume-Uni, en Europe \u00e0 vendre au meilleur prix du march\u00e9. Tous nos produits sont fabriqu\u00e9s avec des ingr\u00e9dients naturels purs sans THC. Commandez en ligne maintenant!\" \/>\n<meta name=\"robots\" content=\"index, follow, max-snippet:-1, max-image-preview:large, max-video-preview:-1\" \/>\n<link rel=\"canonical\" href=\"https:\/\/medicinasinc.com\/fr\/product\/acheter-lsd-liquide-200ug-goutte\/\" \/>\n<meta property=\"og:locale\" content=\"en_US\" \/>\n<meta property=\"og:type\" content=\"article\" \/>\n<meta property=\"og:title\" content=\"Acheter du LSD liquide 200ug Drop - Best Best Global Meds\" \/>\n<meta property=\"og:description\" content=\"Achetez LSD Liquid 200ug drop au Royaume-Uni, en Europe \u00e0 vendre au meilleur prix du march\u00e9. Tous nos produits sont fabriqu\u00e9s avec des ingr\u00e9dients naturels purs sans THC. Commandez en ligne maintenant!\" \/>\n<meta property=\"og:url\" content=\"https:\/\/medicinasinc.com\/fr\/product\/acheter-lsd-liquide-200ug-goutte\/\" \/>\n<meta property=\"og:site_name\" content=\"Medicinas Inc\" \/>\n<meta property=\"article:modified_time\" content=\"2022-03-17T12:19:57+00:00\" \/>\n<meta property=\"og:image\" content=\"https:\/\/medicinasinc.com\/fr\/wp-content\/uploads\/sites\/5\/2022\/02\/Buy-LSD-liquid-200ug-Drop.jpg\" \/>\n\t<meta property=\"og:image:width\" content=\"363\" \/>\n\t<meta property=\"og:image:height\" content=\"445\" \/>\n\t<meta property=\"og:image:type\" content=\"image\/jpeg\" \/>\n<meta name=\"twitter:card\" content=\"summary_large_image\" \/>\n<meta name=\"twitter:label1\" content=\"Est. reading time\" \/>\n\t<meta name=\"twitter:data1\" content=\"2 minutes\" \/>\n<script type=\"application\/ld+json\" class=\"yoast-schema-graph\">{\"@context\":\"https:\\\/\\\/schema.org\",\"@graph\":[{\"@type\":\"WebPage\",\"@id\":\"https:\\\/\\\/medicinasinc.com\\\/fr\\\/product\\\/acheter-lsd-liquide-200ug-goutte\\\/\",\"url\":\"https:\\\/\\\/medicinasinc.com\\\/fr\\\/product\\\/acheter-lsd-liquide-200ug-goutte\\\/\",\"name\":\"Acheter du LSD liquide 200ug Drop - Best Best Global Meds\",\"isPartOf\":{\"@id\":\"https:\\\/\\\/medicinasinc.com\\\/fr\\\/#website\"},\"primaryImageOfPage\":{\"@id\":\"https:\\\/\\\/medicinasinc.com\\\/fr\\\/product\\\/acheter-lsd-liquide-200ug-goutte\\\/#primaryimage\"},\"image\":{\"@id\":\"https:\\\/\\\/medicinasinc.com\\\/fr\\\/product\\\/acheter-lsd-liquide-200ug-goutte\\\/#primaryimage\"},\"thumbnailUrl\":\"https:\\\/\\\/medicinasinc.com\\\/fr\\\/wp-content\\\/uploads\\\/sites\\\/5\\\/2022\\\/02\\\/Buy-LSD-liquid-200ug-Drop.jpg\",\"datePublished\":\"2022-02-20T16:56:44+00:00\",\"dateModified\":\"2022-03-17T12:19:57+00:00\",\"description\":\"Achetez LSD Liquid 200ug drop au Royaume-Uni, en Europe \u00e0 vendre au meilleur prix du march\u00e9. Tous nos produits sont fabriqu\u00e9s avec des ingr\u00e9dients naturels purs sans THC. Commandez en ligne maintenant!\",\"breadcrumb\":{\"@id\":\"https:\\\/\\\/medicinasinc.com\\\/fr\\\/product\\\/acheter-lsd-liquide-200ug-goutte\\\/#breadcrumb\"},\"inLanguage\":\"en-US\",\"potentialAction\":[{\"@type\":\"ReadAction\",\"target\":[\"https:\\\/\\\/medicinasinc.com\\\/fr\\\/product\\\/acheter-lsd-liquide-200ug-goutte\\\/\"]}]},{\"@type\":\"ImageObject\",\"inLanguage\":\"en-US\",\"@id\":\"https:\\\/\\\/medicinasinc.com\\\/fr\\\/product\\\/acheter-lsd-liquide-200ug-goutte\\\/#primaryimage\",\"url\":\"https:\\\/\\\/medicinasinc.com\\\/fr\\\/wp-content\\\/uploads\\\/sites\\\/5\\\/2022\\\/02\\\/Buy-LSD-liquid-200ug-Drop.jpg\",\"contentUrl\":\"https:\\\/\\\/medicinasinc.com\\\/fr\\\/wp-content\\\/uploads\\\/sites\\\/5\\\/2022\\\/02\\\/Buy-LSD-liquid-200ug-Drop.jpg\",\"width\":363,\"height\":445},{\"@type\":\"BreadcrumbList\",\"@id\":\"https:\\\/\\\/medicinasinc.com\\\/fr\\\/product\\\/acheter-lsd-liquide-200ug-goutte\\\/#breadcrumb\",\"itemListElement\":[{\"@type\":\"ListItem\",\"position\":1,\"name\":\"Boutique\",\"item\":\"https:\\\/\\\/medicinasinc.com\\\/fr\\\/boutique\\\/\"},{\"@type\":\"ListItem\",\"position\":2,\"name\":\"Acheter goutte de LSD liquide 200ug\"}]},{\"@type\":\"WebSite\",\"@id\":\"https:\\\/\\\/medicinasinc.com\\\/fr\\\/#website\",\"url\":\"https:\\\/\\\/medicinasinc.com\\\/fr\\\/\",\"name\":\"Medicinas Inc\",\"description\":\"Health Medical Clinic\",\"potentialAction\":[{\"@type\":\"SearchAction\",\"target\":{\"@type\":\"EntryPoint\",\"urlTemplate\":\"https:\\\/\\\/medicinasinc.com\\\/fr\\\/?s={search_term_string}\"},\"query-input\":{\"@type\":\"PropertyValueSpecification\",\"valueRequired\":true,\"valueName\":\"search_term_string\"}}],\"inLanguage\":\"en-US\"}]}<\/script>\n<!-- \/ Yoast SEO plugin. -->","yoast_head_json":{"title":"Acheter du LSD liquide 200ug Drop - Best Best Global Meds","description":"Achetez LSD Liquid 200ug drop au Royaume-Uni, en Europe \u00e0 vendre au meilleur prix du march\u00e9. Tous nos produits sont fabriqu\u00e9s avec des ingr\u00e9dients naturels purs sans THC. Commandez en ligne maintenant!","robots":{"index":"index","follow":"follow","max-snippet":"max-snippet:-1","max-image-preview":"max-image-preview:large","max-video-preview":"max-video-preview:-1"},"canonical":"https:\/\/medicinasinc.com\/fr\/product\/acheter-lsd-liquide-200ug-goutte\/","og_locale":"en_US","og_type":"article","og_title":"Acheter du LSD liquide 200ug Drop - Best Best Global Meds","og_description":"Achetez LSD Liquid 200ug drop au Royaume-Uni, en Europe \u00e0 vendre au meilleur prix du march\u00e9. Tous nos produits sont fabriqu\u00e9s avec des ingr\u00e9dients naturels purs sans THC. Commandez en ligne maintenant!","og_url":"https:\/\/medicinasinc.com\/fr\/product\/acheter-lsd-liquide-200ug-goutte\/","og_site_name":"Medicinas Inc","article_modified_time":"2022-03-17T12:19:57+00:00","og_image":[{"width":363,"height":445,"url":"https:\/\/medicinasinc.com\/fr\/wp-content\/uploads\/sites\/5\/2022\/02\/Buy-LSD-liquid-200ug-Drop.jpg","type":"image\/jpeg"}],"twitter_card":"summary_large_image","twitter_misc":{"Est. reading time":"2 minutes"},"schema":{"@context":"https:\/\/schema.org","@graph":[{"@type":"WebPage","@id":"https:\/\/medicinasinc.com\/fr\/product\/acheter-lsd-liquide-200ug-goutte\/","url":"https:\/\/medicinasinc.com\/fr\/product\/acheter-lsd-liquide-200ug-goutte\/","name":"Acheter du LSD liquide 200ug Drop - Best Best Global Meds","isPartOf":{"@id":"https:\/\/medicinasinc.com\/fr\/#website"},"primaryImageOfPage":{"@id":"https:\/\/medicinasinc.com\/fr\/product\/acheter-lsd-liquide-200ug-goutte\/#primaryimage"},"image":{"@id":"https:\/\/medicinasinc.com\/fr\/product\/acheter-lsd-liquide-200ug-goutte\/#primaryimage"},"thumbnailUrl":"https:\/\/medicinasinc.com\/fr\/wp-content\/uploads\/sites\/5\/2022\/02\/Buy-LSD-liquid-200ug-Drop.jpg","datePublished":"2022-02-20T16:56:44+00:00","dateModified":"2022-03-17T12:19:57+00:00","description":"Achetez LSD Liquid 200ug drop au Royaume-Uni, en Europe \u00e0 vendre au meilleur prix du march\u00e9. Tous nos produits sont fabriqu\u00e9s avec des ingr\u00e9dients naturels purs sans THC. Commandez en ligne maintenant!","breadcrumb":{"@id":"https:\/\/medicinasinc.com\/fr\/product\/acheter-lsd-liquide-200ug-goutte\/#breadcrumb"},"inLanguage":"en-US","potentialAction":[{"@type":"ReadAction","target":["https:\/\/medicinasinc.com\/fr\/product\/acheter-lsd-liquide-200ug-goutte\/"]}]},{"@type":"ImageObject","inLanguage":"en-US","@id":"https:\/\/medicinasinc.com\/fr\/product\/acheter-lsd-liquide-200ug-goutte\/#primaryimage","url":"https:\/\/medicinasinc.com\/fr\/wp-content\/uploads\/sites\/5\/2022\/02\/Buy-LSD-liquid-200ug-Drop.jpg","contentUrl":"https:\/\/medicinasinc.com\/fr\/wp-content\/uploads\/sites\/5\/2022\/02\/Buy-LSD-liquid-200ug-Drop.jpg","width":363,"height":445},{"@type":"BreadcrumbList","@id":"https:\/\/medicinasinc.com\/fr\/product\/acheter-lsd-liquide-200ug-goutte\/#breadcrumb","itemListElement":[{"@type":"ListItem","position":1,"name":"Boutique","item":"https:\/\/medicinasinc.com\/fr\/boutique\/"},{"@type":"ListItem","position":2,"name":"Acheter goutte de LSD liquide 200ug"}]},{"@type":"WebSite","@id":"https:\/\/medicinasinc.com\/fr\/#website","url":"https:\/\/medicinasinc.com\/fr\/","name":"Medicinas Inc","description":"Health Medical Clinic","potentialAction":[{"@type":"SearchAction","target":{"@type":"EntryPoint","urlTemplate":"https:\/\/medicinasinc.com\/fr\/?s={search_term_string}"},"query-input":{"@type":"PropertyValueSpecification","valueRequired":true,"valueName":"search_term_string"}}],"inLanguage":"en-US"}]}},"_links":{"self":[{"href":"https:\/\/medicinasinc.com\/fr\/wp-json\/wp\/v2\/product\/4854","targetHints":{"allow":["GET"]}}],"collection":[{"href":"https:\/\/medicinasinc.com\/fr\/wp-json\/wp\/v2\/product"}],"about":[{"href":"https:\/\/medicinasinc.com\/fr\/wp-json\/wp\/v2\/types\/product"}],"replies":[{"embeddable":true,"href":"https:\/\/medicinasinc.com\/fr\/wp-json\/wp\/v2\/comments?post=4854"}],"wp:featuredmedia":[{"embeddable":true,"href":"https:\/\/medicinasinc.com\/fr\/wp-json\/wp\/v2\/media\/4868"}],"wp:attachment":[{"href":"https:\/\/medicinasinc.com\/fr\/wp-json\/wp\/v2\/media?parent=4854"}],"wp:term":[{"taxonomy":"product_brand","embeddable":true,"href":"https:\/\/medicinasinc.com\/fr\/wp-json\/wp\/v2\/product_brand?post=4854"},{"taxonomy":"product_cat","embeddable":true,"href":"https:\/\/medicinasinc.com\/fr\/wp-json\/wp\/v2\/product_cat?post=4854"},{"taxonomy":"product_tag","embeddable":true,"href":"https:\/\/medicinasinc.com\/fr\/wp-json\/wp\/v2\/product_tag?post=4854"}],"curies":[{"name":"wp","href":"https:\/\/api.w.org\/{rel}","templated":true}]}}