{"id":4849,"date":"2022-02-20T16:51:26","date_gmt":"2022-02-20T16:51:26","guid":{"rendered":"https:\/\/medicinasinc.com\/fr\/?post_type=product&#038;p=4849"},"modified":"2022-03-17T12:20:15","modified_gmt":"2022-03-17T12:20:15","slug":"acheter-ibogaine-poudre","status":"publish","type":"product","link":"https:\/\/medicinasinc.com\/fr\/product\/acheter-ibogaine-poudre\/","title":{"rendered":"Acheter de la poudre d&#8217;iboga\u00efne"},"content":{"rendered":"<p>Chlorhydrate d&#8217;iboga\u00efne<\/p>\n<p>L&#8217;iboga\u00efne HCL est une substance psychoactive naturelle pr\u00e9sente dans les plantes appartenant \u00e0 la famille des Apocynaceae, y compris Tabernanthe iboga, Voacanga africana et Tabernaemontana undulata.<\/p>\n<p>C&#8217;est un psych\u00e9d\u00e9lique dissociatif. Des recherches pr\u00e9liminaires indiquent qu&#8217;il peut \u00eatre b\u00e9n\u00e9fique dans le traitement de la toxicomanie. L&#8217;iboga\u00efne est disponible \u00e0 l&#8217;achat. L&#8217;iboga\u00efne HCL peut \u00eatre achet\u00e9e en ligne. Poudre de chlorhydrate d&#8217;iboga\u00efne. L&#8217;iboga\u00efne peut \u00eatre achet\u00e9e en ligne.<\/p>\n<p>De plus, depuis 2016, il existe de nombreuses formes d&#8217;iboga\u00efne disponibles, allant de la poudre de racine, qui contient des quantit\u00e9s extr\u00eamement infimes d&#8217;iboga\u00efne et a tr\u00e8s peu d&#8217;effet lorsqu&#8217;elle est utilis\u00e9e pour soulager les opio\u00efdes. sympt\u00f4mes de sevrage, \u00e0 une HCL d&#8217;iboga\u00efne pure \u00e0 99,7 % hautement purifi\u00e9e. Iboga\u00efne HCL \u00e0 vendre en ligne<\/p>\n<p>Hydrochlorure d&#8217;iboga\u00efne \u00e0 vendre<\/p>\n<p>Pour commencer, nous utilisons de l&#8217;iboga\u00efne HCL de qualit\u00e9 pharmaceutique pure \u00e0 99,7\u00a0% au centre de traitement \u00e0 l&#8217;iboga\u00efne de Meds Consulting. Nous n&#8217;utilisons pas d&#8217;iboga\u00efne semi-synth\u00e9tique bon march\u00e9 d\u00e9riv\u00e9e de Voacanga africana, ni d&#8217;extraits de TA (alcalo\u00efde total) ou de PTA (alcalo\u00efde total purifi\u00e9). L&#8217;iboga\u00efne peut \u00eatre achet\u00e9e en ligne.<\/p>\n<p>Nos mati\u00e8res premi\u00e8res proviennent du Cameroun (et non du Gabon), via une coop\u00e9rative d&#8217;agriculteurs qui cultive l&#8217;iboga TA pour notre usage depuis le milieu des ann\u00e9es 1990, en utilisant une agriculture durable et respectueuse de l&#8217;environnement. les pratiques. Nous n&#8217;utilisons pas de mat\u00e9riaux provenant des march\u00e9s noirs ou gris dont l&#8217;origine ou la puret\u00e9 sont inconnues. L&#8217;iboga\u00efne HCL peut \u00eatre achet\u00e9e en ligne.<\/p>\n<p>Notre chlorhydrate d&#8217;iboga\u00efne a \u00e9t\u00e9 fabriqu\u00e9 dans un laboratoire conforme aux cGMP qui respecte toutes les directives de l&#8217;USFDA. Meds Consulting utilise le HCL d&#8217;iboga\u00efne le plus pur disponible lors de l&#8217;utilisation de produits chimiques naturels\u00a0; nos mat\u00e9riaux sont certifi\u00e9s purs \u00e0 99,7\u00a0% via un test HPLC.<\/p>\n<p>Propri\u00e9t\u00e9s psychoactives de l&#8217;iboga\u00efne<\/p>\n<p>Pour commencer, les propri\u00e9t\u00e9s psychoactives de l&#8217;iboga\u00efne produisent une exp\u00e9rience spirituelle am\u00e9lior\u00e9e. Le patient acquiert une profonde perspicacit\u00e9, ce qui lui donne une vision claire de sa vie et le motive \u00e0 faire des changements psychologiques et \u00e0 vivre une vie sans drogue. L&#8217;iboga\u00efne est disponible \u00e0 l&#8217;achat.<\/p>\n<p>L&#8217;iboga\u00efne a un potentiel important pour traiter les d\u00e9pendances aux drogues dures telles que l&#8217;h\u00e9ro\u00efne, la m\u00e9thadone, la coca\u00efne, le crack et l&#8217;alcool, selon des \u00e9tudes. De plus, il existe des preuves qu&#8217;il est b\u00e9n\u00e9fique dans le traitement de la d\u00e9pendance au tabac. L&#8217;iboga\u00efne peut \u00eatre achet\u00e9e en ligne.<\/p>\n<p>De plus, l&#8217;iboga\u00efne offre des possibilit\u00e9s de psychoth\u00e9rapie et d&#8217;enseignant spirituel. De plus, l&#8217;iboga\u00efne peut \u00eatre utilis\u00e9e en psychoth\u00e9rapie pour traiter les effets d&#8217;un traumatisme ou d&#8217;un conditionnement. L&#8217;iboga\u00efne est disponible \u00e0 l&#8217;achat.<\/p>\n<p>La th\u00e9rapie est-elle efficace et s\u00fbre\u00a0?<\/p>\n<p>Les individus recherchent occasionnellement de l&#8217;iboga\u00efne \u00e0 vendre dans l&#8217;espoir de suivre une th\u00e9rapie \u00e0 l&#8217;iboga\u00efne pour une d\u00e9pendance aux opiac\u00e9s. Cependant, comme pour tout traitement, la th\u00e9rapie \u00e0 l&#8217;iboga\u00efne ne garantit pas le succ\u00e8s. La meilleure poudre de chlorhydrate d&#8217;iboga\u00efne<\/p>\n<p>En outre, la th\u00e9rapie \u00e0 l&#8217;iboga\u00efne HCL peut \u00eatre utilis\u00e9e pour aider un individu \u00e0 surmonter une d\u00e9pendance aux opiac\u00e9s. L&#8217;iboga\u00efne est disponible \u00e0 l&#8217;achat.<\/p>\n<p>De plus, l&#8217;iboga\u00efne aide \u00e0 r\u00e9initialiser les niveaux chimiques dans le cerveau, mais le cerveau devient physiquement d\u00e9pendant de l&#8217;iboga\u00efne assez rapidement. Ainsi, si une personne consomme une quantit\u00e9 excessive d&#8217;iboga\u00efne \u00e0 la fois, elle peut subir une surdose mortelle. L&#8217;iboga\u00efne peut \u00eatre achet\u00e9e en ligne.<\/p>\n<p>Tous les iboga\u00efnes ne sont pas cr\u00e9\u00e9s \u00e9gaux. Divers mat\u00e9riaux peuvent avoir des effets nettement diff\u00e9rents. Notre iboga\u00efne est identique \u00e0 celle utilis\u00e9e dans toutes les monographies publi\u00e9es dans des revues \u00e0 comit\u00e9 de lecture \u00e0 ce jour, d\u00e9montrant la capacit\u00e9 suppos\u00e9e de l&#8217;iboga\u00efne \u00e0 att\u00e9nuer les sympt\u00f4mes de sevrage associ\u00e9s aux troubles li\u00e9s \u00e0 l&#8217;abus de polysubstances. L&#8217;iboga\u00efne peut \u00eatre achet\u00e9e en ligne.<\/p>\n<p>Nous proposons le programme de d\u00e9sintoxication \u00e0 l&#8217;iboga\u00efne le plus s\u00fbr et le plus efficace au monde, en utilisant le chlorhydrate d&#8217;iboga\u00efne le plus pur disponible sur la plan\u00e8te. Poudre de chlorhydrate d&#8217;iboga\u00efne.<\/p>\n","protected":false},"excerpt":{"rendered":"<div class=\"woocommerce-product-details__short-description\">\n<p>Achetez de la poudre d&#8217;iboga\u00efne d&#8217;Afrique au Royaume-Uni, en Europe \u00e0 vendre sur le meilleur site Web, Iboga\u00efne \u00e0 vendre en ligne. Obtenez des \u00e9corces de racine d&#8217;iboga, du hcl d&#8217;iboga\u00efne, de l&#8217;iboga TA, une capsule d&#8217;iboga\u00efne et du voacanga chez get ibogaine.<\/p>\n<p>L&#8217;iboga\u00efne HCL (chlorhydrate) est isol\u00e9e de notre extrait d&#8217;Iboga TA et est d&#8217;environ 95 \u00e0 99\u00a0% d&#8217;iboga\u00efne HCL pure.<\/p>\n<\/p><\/div>\n","protected":false},"featured_media":4862,"comment_status":"open","ping_status":"closed","template":"","meta":[],"product_brand":[],"product_cat":[703],"product_tag":[728,730,726,731,732,727,729,725,737,742,733,738,740,734,736,739,741,735,743,744],"class_list":{"0":"post-4849","1":"product","2":"type-product","3":"status-publish","4":"has-post-thumbnail","6":"product_cat-acheter-des-medicaments-psychedeliques","7":"product_tag-acheter-corce-de-racine-iboga","8":"product_tag-acheter-corce-de-racine-iboga-en-ligne","9":"product_tag-acheter-iboga","10":"product_tag-acheter-ibogane","11":"product_tag-acheter-ibogane-en-ligne","12":"product_tag-acheter-iboga-root-back","13":"product_tag-acheter-chips-d-corce-de-racine-iboga","14":"product_tag-bois-sacre","15":"product_tag-copeaux-d-corce-de-racine-d-iboga-a-vendre","16":"product_tag-commander-iboga-en-ligne","17":"product_tag-eboka","18":"product_tag-corce-de-racine-d-iboga-a-vendre","19":"product_tag-corce-de-racine-iboga-en-vente-en-ligne","20":"product_tag-iboga--vendre","21":"product_tag-iboga-root-back-for-sale","22":"product_tag-iboga-root-bark-for-sale","23":"product_tag-ibogane--vendre","24":"product_tag-poudre-diboga","25":"product_tag-poudre-d-iboga-pur-en-vente","26":"product_tag-tabernanthe-iboga","28":"first","29":"instock","30":"shipping-taxable","31":"purchasable","32":"product-type-variable","33":"has-default-attributes"},"yoast_head":"<!-- This site is optimized with the Yoast SEO plugin v27.3 - https:\/\/yoast.com\/product\/yoast-seo-wordpress\/ -->\n<title>Acheter de la poudre d&#039;iboga\u00efne - Iboga \u00e0 vendre - Best Best Global Meds<\/title>\n<meta name=\"description\" content=\"Achetez de la poudre d&#039;iboga\u00efne d&#039;Afrique au Royaume-Uni, en Europe \u00e0 vendre sur le meilleur site Web, Iboga\u00efne \u00e0 vendre en ligne. Obtenez des \u00e9corces de racine d&#039;iboga, de l&#039;iboga\u00efne hcl, de l&#039;iboga TA, de la capsule d&#039;iboga\u00efne et du voacanga chez get ibogaine.\" \/>\n<meta name=\"robots\" content=\"index, follow, max-snippet:-1, max-image-preview:large, max-video-preview:-1\" \/>\n<link rel=\"canonical\" href=\"https:\/\/medicinasinc.com\/fr\/product\/acheter-ibogaine-poudre\/\" \/>\n<meta property=\"og:locale\" content=\"en_US\" \/>\n<meta property=\"og:type\" content=\"article\" \/>\n<meta property=\"og:title\" content=\"Acheter de la poudre d&#039;iboga\u00efne - Iboga \u00e0 vendre - Best Best Global Meds\" \/>\n<meta property=\"og:description\" content=\"Achetez de la poudre d&#039;iboga\u00efne d&#039;Afrique au Royaume-Uni, en Europe \u00e0 vendre sur le meilleur site Web, Iboga\u00efne \u00e0 vendre en ligne. Obtenez des \u00e9corces de racine d&#039;iboga, de l&#039;iboga\u00efne hcl, de l&#039;iboga TA, de la capsule d&#039;iboga\u00efne et du voacanga chez get ibogaine.\" \/>\n<meta property=\"og:url\" content=\"https:\/\/medicinasinc.com\/fr\/product\/acheter-ibogaine-poudre\/\" \/>\n<meta property=\"og:site_name\" content=\"Medicinas Inc\" \/>\n<meta property=\"article:modified_time\" content=\"2022-03-17T12:20:15+00:00\" \/>\n<meta property=\"og:image\" content=\"https:\/\/medicinasinc.com\/fr\/wp-content\/uploads\/sites\/5\/2022\/02\/Buy-Ibogaine-Powder.webp\" \/>\n\t<meta property=\"og:image:width\" content=\"400\" \/>\n\t<meta property=\"og:image:height\" content=\"533\" \/>\n\t<meta property=\"og:image:type\" content=\"image\/webp\" \/>\n<meta name=\"twitter:card\" content=\"summary_large_image\" \/>\n<meta name=\"twitter:label1\" content=\"Est. reading time\" \/>\n\t<meta name=\"twitter:data1\" content=\"3 minutes\" \/>\n<script type=\"application\/ld+json\" class=\"yoast-schema-graph\">{\"@context\":\"https:\\\/\\\/schema.org\",\"@graph\":[{\"@type\":\"WebPage\",\"@id\":\"https:\\\/\\\/medicinasinc.com\\\/fr\\\/product\\\/acheter-ibogaine-poudre\\\/\",\"url\":\"https:\\\/\\\/medicinasinc.com\\\/fr\\\/product\\\/acheter-ibogaine-poudre\\\/\",\"name\":\"Acheter de la poudre d'iboga\u00efne - Iboga \u00e0 vendre - Best Best Global Meds\",\"isPartOf\":{\"@id\":\"https:\\\/\\\/medicinasinc.com\\\/fr\\\/#website\"},\"primaryImageOfPage\":{\"@id\":\"https:\\\/\\\/medicinasinc.com\\\/fr\\\/product\\\/acheter-ibogaine-poudre\\\/#primaryimage\"},\"image\":{\"@id\":\"https:\\\/\\\/medicinasinc.com\\\/fr\\\/product\\\/acheter-ibogaine-poudre\\\/#primaryimage\"},\"thumbnailUrl\":\"https:\\\/\\\/medicinasinc.com\\\/fr\\\/wp-content\\\/uploads\\\/sites\\\/5\\\/2022\\\/02\\\/Buy-Ibogaine-Powder.webp\",\"datePublished\":\"2022-02-20T16:51:26+00:00\",\"dateModified\":\"2022-03-17T12:20:15+00:00\",\"description\":\"Achetez de la poudre d'iboga\u00efne d'Afrique au Royaume-Uni, en Europe \u00e0 vendre sur le meilleur site Web, Iboga\u00efne \u00e0 vendre en ligne. Obtenez des \u00e9corces de racine d'iboga, de l'iboga\u00efne hcl, de l'iboga TA, de la capsule d'iboga\u00efne et du voacanga chez get ibogaine.\",\"breadcrumb\":{\"@id\":\"https:\\\/\\\/medicinasinc.com\\\/fr\\\/product\\\/acheter-ibogaine-poudre\\\/#breadcrumb\"},\"inLanguage\":\"en-US\",\"potentialAction\":[{\"@type\":\"ReadAction\",\"target\":[\"https:\\\/\\\/medicinasinc.com\\\/fr\\\/product\\\/acheter-ibogaine-poudre\\\/\"]}]},{\"@type\":\"ImageObject\",\"inLanguage\":\"en-US\",\"@id\":\"https:\\\/\\\/medicinasinc.com\\\/fr\\\/product\\\/acheter-ibogaine-poudre\\\/#primaryimage\",\"url\":\"https:\\\/\\\/medicinasinc.com\\\/fr\\\/wp-content\\\/uploads\\\/sites\\\/5\\\/2022\\\/02\\\/Buy-Ibogaine-Powder.webp\",\"contentUrl\":\"https:\\\/\\\/medicinasinc.com\\\/fr\\\/wp-content\\\/uploads\\\/sites\\\/5\\\/2022\\\/02\\\/Buy-Ibogaine-Powder.webp\",\"width\":400,\"height\":533},{\"@type\":\"BreadcrumbList\",\"@id\":\"https:\\\/\\\/medicinasinc.com\\\/fr\\\/product\\\/acheter-ibogaine-poudre\\\/#breadcrumb\",\"itemListElement\":[{\"@type\":\"ListItem\",\"position\":1,\"name\":\"Boutique\",\"item\":\"https:\\\/\\\/medicinasinc.com\\\/fr\\\/boutique\\\/\"},{\"@type\":\"ListItem\",\"position\":2,\"name\":\"Acheter de la poudre d&#8217;iboga\u00efne\"}]},{\"@type\":\"WebSite\",\"@id\":\"https:\\\/\\\/medicinasinc.com\\\/fr\\\/#website\",\"url\":\"https:\\\/\\\/medicinasinc.com\\\/fr\\\/\",\"name\":\"Medicinas Inc\",\"description\":\"Health Medical Clinic\",\"potentialAction\":[{\"@type\":\"SearchAction\",\"target\":{\"@type\":\"EntryPoint\",\"urlTemplate\":\"https:\\\/\\\/medicinasinc.com\\\/fr\\\/?s={search_term_string}\"},\"query-input\":{\"@type\":\"PropertyValueSpecification\",\"valueRequired\":true,\"valueName\":\"search_term_string\"}}],\"inLanguage\":\"en-US\"}]}<\/script>\n<!-- \/ Yoast SEO plugin. -->","yoast_head_json":{"title":"Acheter de la poudre d'iboga\u00efne - Iboga \u00e0 vendre - Best Best Global Meds","description":"Achetez de la poudre d'iboga\u00efne d'Afrique au Royaume-Uni, en Europe \u00e0 vendre sur le meilleur site Web, Iboga\u00efne \u00e0 vendre en ligne. Obtenez des \u00e9corces de racine d'iboga, de l'iboga\u00efne hcl, de l'iboga TA, de la capsule d'iboga\u00efne et du voacanga chez get ibogaine.","robots":{"index":"index","follow":"follow","max-snippet":"max-snippet:-1","max-image-preview":"max-image-preview:large","max-video-preview":"max-video-preview:-1"},"canonical":"https:\/\/medicinasinc.com\/fr\/product\/acheter-ibogaine-poudre\/","og_locale":"en_US","og_type":"article","og_title":"Acheter de la poudre d'iboga\u00efne - Iboga \u00e0 vendre - Best Best Global Meds","og_description":"Achetez de la poudre d'iboga\u00efne d'Afrique au Royaume-Uni, en Europe \u00e0 vendre sur le meilleur site Web, Iboga\u00efne \u00e0 vendre en ligne. Obtenez des \u00e9corces de racine d'iboga, de l'iboga\u00efne hcl, de l'iboga TA, de la capsule d'iboga\u00efne et du voacanga chez get ibogaine.","og_url":"https:\/\/medicinasinc.com\/fr\/product\/acheter-ibogaine-poudre\/","og_site_name":"Medicinas Inc","article_modified_time":"2022-03-17T12:20:15+00:00","og_image":[{"width":400,"height":533,"url":"https:\/\/medicinasinc.com\/fr\/wp-content\/uploads\/sites\/5\/2022\/02\/Buy-Ibogaine-Powder.webp","type":"image\/webp"}],"twitter_card":"summary_large_image","twitter_misc":{"Est. reading time":"3 minutes"},"schema":{"@context":"https:\/\/schema.org","@graph":[{"@type":"WebPage","@id":"https:\/\/medicinasinc.com\/fr\/product\/acheter-ibogaine-poudre\/","url":"https:\/\/medicinasinc.com\/fr\/product\/acheter-ibogaine-poudre\/","name":"Acheter de la poudre d'iboga\u00efne - Iboga \u00e0 vendre - Best Best Global Meds","isPartOf":{"@id":"https:\/\/medicinasinc.com\/fr\/#website"},"primaryImageOfPage":{"@id":"https:\/\/medicinasinc.com\/fr\/product\/acheter-ibogaine-poudre\/#primaryimage"},"image":{"@id":"https:\/\/medicinasinc.com\/fr\/product\/acheter-ibogaine-poudre\/#primaryimage"},"thumbnailUrl":"https:\/\/medicinasinc.com\/fr\/wp-content\/uploads\/sites\/5\/2022\/02\/Buy-Ibogaine-Powder.webp","datePublished":"2022-02-20T16:51:26+00:00","dateModified":"2022-03-17T12:20:15+00:00","description":"Achetez de la poudre d'iboga\u00efne d'Afrique au Royaume-Uni, en Europe \u00e0 vendre sur le meilleur site Web, Iboga\u00efne \u00e0 vendre en ligne. Obtenez des \u00e9corces de racine d'iboga, de l'iboga\u00efne hcl, de l'iboga TA, de la capsule d'iboga\u00efne et du voacanga chez get ibogaine.","breadcrumb":{"@id":"https:\/\/medicinasinc.com\/fr\/product\/acheter-ibogaine-poudre\/#breadcrumb"},"inLanguage":"en-US","potentialAction":[{"@type":"ReadAction","target":["https:\/\/medicinasinc.com\/fr\/product\/acheter-ibogaine-poudre\/"]}]},{"@type":"ImageObject","inLanguage":"en-US","@id":"https:\/\/medicinasinc.com\/fr\/product\/acheter-ibogaine-poudre\/#primaryimage","url":"https:\/\/medicinasinc.com\/fr\/wp-content\/uploads\/sites\/5\/2022\/02\/Buy-Ibogaine-Powder.webp","contentUrl":"https:\/\/medicinasinc.com\/fr\/wp-content\/uploads\/sites\/5\/2022\/02\/Buy-Ibogaine-Powder.webp","width":400,"height":533},{"@type":"BreadcrumbList","@id":"https:\/\/medicinasinc.com\/fr\/product\/acheter-ibogaine-poudre\/#breadcrumb","itemListElement":[{"@type":"ListItem","position":1,"name":"Boutique","item":"https:\/\/medicinasinc.com\/fr\/boutique\/"},{"@type":"ListItem","position":2,"name":"Acheter de la poudre d&#8217;iboga\u00efne"}]},{"@type":"WebSite","@id":"https:\/\/medicinasinc.com\/fr\/#website","url":"https:\/\/medicinasinc.com\/fr\/","name":"Medicinas Inc","description":"Health Medical Clinic","potentialAction":[{"@type":"SearchAction","target":{"@type":"EntryPoint","urlTemplate":"https:\/\/medicinasinc.com\/fr\/?s={search_term_string}"},"query-input":{"@type":"PropertyValueSpecification","valueRequired":true,"valueName":"search_term_string"}}],"inLanguage":"en-US"}]}},"_links":{"self":[{"href":"https:\/\/medicinasinc.com\/fr\/wp-json\/wp\/v2\/product\/4849","targetHints":{"allow":["GET"]}}],"collection":[{"href":"https:\/\/medicinasinc.com\/fr\/wp-json\/wp\/v2\/product"}],"about":[{"href":"https:\/\/medicinasinc.com\/fr\/wp-json\/wp\/v2\/types\/product"}],"replies":[{"embeddable":true,"href":"https:\/\/medicinasinc.com\/fr\/wp-json\/wp\/v2\/comments?post=4849"}],"wp:featuredmedia":[{"embeddable":true,"href":"https:\/\/medicinasinc.com\/fr\/wp-json\/wp\/v2\/media\/4862"}],"wp:attachment":[{"href":"https:\/\/medicinasinc.com\/fr\/wp-json\/wp\/v2\/media?parent=4849"}],"wp:term":[{"taxonomy":"product_brand","embeddable":true,"href":"https:\/\/medicinasinc.com\/fr\/wp-json\/wp\/v2\/product_brand?post=4849"},{"taxonomy":"product_cat","embeddable":true,"href":"https:\/\/medicinasinc.com\/fr\/wp-json\/wp\/v2\/product_cat?post=4849"},{"taxonomy":"product_tag","embeddable":true,"href":"https:\/\/medicinasinc.com\/fr\/wp-json\/wp\/v2\/product_tag?post=4849"}],"curies":[{"name":"wp","href":"https:\/\/api.w.org\/{rel}","templated":true}]}}